{"id":336795,"date":"2023-07-15T17:26:38","date_gmt":"2023-07-16T07:37:27","guid":{"rendered":"https:\/\/hurghadalovers.com\/shop\/be-kategorijos\/privatus-greitaeigis-kateris-i-delfinu-namus-is-hurgados\/"},"modified":"2026-02-09T16:58:41","modified_gmt":"2026-02-09T16:58:41","slug":"privatus-greitaeigis-kateris-i-delfinu-nama-is-hurgados","status":"publish","type":"product","link":"https:\/\/hurghadalovers.com\/lt\/tours\/privatus-greitaeigis-kateris-i-delfinu-nama-is-hurgados\/","title":{"rendered":"Privatus greitaeigis kateris \u012f delfin\u0173 namus i\u0161 Hurgados"},"content":{"rendered":"<p><strong>Privatus greitaeigis kateris \u012f delfin\u0173 namus i\u0161 Hurgados<\/strong><\/p>\n<p>U\u017esakymas 4 val. delfin\u0173 steb\u0117jimo ir plaukimo su delfinais + 2 nardymo vietos.<\/p>\n<h4><strong>Svarbiausi \u012fvykiai:<\/strong><\/h4>\n<ul>\n<li>Greitaeigis kateris.<\/li>\n<li>Privatus perve\u017eimas.<\/li>\n<li>Nardymo \u012franga.<\/li>\n<li>Vanduo, gaivieji g\u0117rimai.<\/li>\n<li>Vietos Nardymas Nardymas Nam\u0173 rifas.<\/li>\n<li>Delfin\u0173 namai ir plaukiojimas su delfinais.<\/li>\n<\/ul>\n<h4><strong>I\u0161sami informacija:<\/strong><\/h4>\n<ul>\n<li>Prieinamumas: Kiekvien\u0105 dien\u0105.<\/li>\n<li>Galimyb\u0117 naudotis ne\u012fgali\u0173j\u0173 ve\u017eim\u0117liais.<\/li>\n<li>Trukm\u0117: 04 val.<\/li>\n<li>Pasi\u0117mimo laikas i\u0161 Hurgados vie\u0161bu\u010di\u0173: nuo 07:30 ryto arba kaip jums patinka.<\/li>\n<li>I\u0161vykimo \u012f Hurgados vie\u0161but\u012f laikas: 18:00 arba kaip jums patinka.<\/li>\n<\/ul>\n<h3><strong>Rezervuokite dabar ir mok\u0117kite v\u0117liau:<\/strong><\/h3>\n<p>Pinigus grynaisiais sumok\u0117kite vietoje ponui Tameriui&#8221; arba galite susitarti d\u0117l susitikimo laiko vie\u0161butyje&#8221;.<\/p>\n<p>Mok\u0117jimas Egipto svarais, doleriais, eurais arba svarais sterling\u0173.<\/p>\n<p>&nbsp;<\/p>\n<h3><strong>At\u0161aukimo politika:<\/strong><\/h3>\n<p>At\u0161aukti iki 24 valand\u0173.<\/p>\n<p>&nbsp;<\/p>\n<h4><strong>\u012etraukos &#8211; Kas \u012fskai\u010diuota \u012f priva\u010di\u0105 greitaeig\u0119 valt\u012f \u012f delfin\u0173 nam\u0105?<\/strong><\/h4>\n<ol>\n<li>Privatus perve\u017eimas i\u0161 Hurgados vie\u0161bu\u010di\u0173 &#8222;Pasitikimas ir i\u0161vykimas i\u0161 vie\u0161bu\u010dio&#8221;.<\/li>\n<li>Nardymo vadovas.<\/li>\n<li>Visi mokes\u010diai, \u012fva\u017eiavimo mokes\u010diai ir tvarkymo mokes\u010diai.<\/li>\n<li>Mineralinis vanduo + kola + pienas + kava \/ arbata.<\/li>\n<li>  2 -3 nardymo vietos.<\/li>\n<li>Nardymo \u012franga &#8222;Kauk\u0117s, gelb\u0117jimosi liemen\u0117s ir plaukimo pelekai&#8221;.<\/li>\n<\/ol>\n<h4><strong>I\u0161imtys &#8211; Greitaeigi\u0173 val\u010di\u0173 nuoma i\u0161 Hurgados \u012fskai\u010diuota?<\/strong><\/h4>\n<ul>\n<li>Arbatpinigiai &#8222;gido arbatpinigiai&#8221;.<\/li>\n<li>G\u0117rimai &#8222;Paradise Island&#8221; restorane &#8222;Island&#8221;.<\/li>\n<li>Maistas ir piet\u016bs &#8221; galite prid\u0117ti papildomai, jei norite&#8221;<\/li>\n<li>Kelion\u0117s fotografija arba gali at\u0161aukti Fotografijos \u017emogus su kelione.<\/li>\n<li>Si\u016blome i\u0161sinuomoti maudymosi kostiumus ir maudymosi kostium\u0117lius moterims, vyrams, vaikams vis\u0173 dyd\u017ei\u0173&#8221; 5$ u\u017e vien\u0105&#8221;.<\/li>\n<\/ul>\n<h3><strong>Priva\u010diu greitaeigiu kateriu \u012f delfin\u0173 namus i\u0161 Hurgados Kainos:<\/strong><\/h3>\n<p><strong>4 val. = 200$<\/strong><\/p>\n<p>&nbsp;<\/p>\n","protected":false},"excerpt":{"rendered":"<p>Privatus greitaeigis kateris \u012f delfin\u0173 namus i\u0161 Hurgados | U\u017esakymas 4 val. delfin\u0173 steb\u0117jimo ir plaukimo su delfinais + 2 nardymo vietos su perve\u017eimu&#8230;<\/p>\n","protected":false},"featured_media":995802,"template":"","meta":{"_joinchat":[]},"product_brand":[],"product_cat":[36662],"product_tag":[],"class_list":{"0":"post-336795","1":"product","2":"type-product","3":"status-publish","4":"has-post-thumbnail","6":"product_cat-ekskursijos","7":"tour_category-hurgados-nardymo-keliones","8":"tour_category-ekskursijos-i-hurgada","10":"first","11":"instock","12":"sale","13":"shipping-taxable","14":"purchasable","15":"product-type-tour"},"yoast_head":"<!-- This site is optimized with the Yoast SEO Premium plugin v26.9 (Yoast SEO v27.2) - https:\/\/yoast.com\/product\/yoast-seo-premium-wordpress\/ -->\n<title>Privatus greitaeigis kateris \u012f delfin\u0173 namus i\u0161 Hurgados<\/title>\n<meta name=\"description\" content=\"Privatus greitaeigis kateris \u012f delfin\u0173 namus i\u0161 Hurgados | U\u017esakymas 4 val. delfin\u0173 steb\u0117jimo ir plaukimo su delfinais + 2 nardymo vietos su perve\u017eimu...\" \/>\n<meta name=\"robots\" content=\"index, follow, max-snippet:-1, max-image-preview:large, max-video-preview:-1\" \/>\n<link rel=\"canonical\" href=\"https:\/\/hurghadalovers.com\/lt\/tours\/privatus-greitaeigis-kateris-i-delfinu-nama-is-hurgados\/\" \/>\n<meta property=\"og:locale\" content=\"lt_LT\" \/>\n<meta property=\"og:type\" content=\"article\" \/>\n<meta property=\"og:title\" content=\"Privatus greitaeigis kateris \u012f delfin\u0173 namus i\u0161 Hurgados\" \/>\n<meta property=\"og:description\" content=\"Privatus greitaeigis kateris \u012f delfin\u0173 namus i\u0161 Hurgados | U\u017esakymas 4 val. delfin\u0173 steb\u0117jimo ir plaukimo su delfinais + 2 nardymo vietos su perve\u017eimu...\" \/>\n<meta property=\"og:url\" content=\"https:\/\/hurghadalovers.com\/lt\/tours\/privatus-greitaeigis-kateris-i-delfinu-nama-is-hurgados\/\" \/>\n<meta property=\"og:site_name\" content=\"Hurghada Excursions &amp; Day Trips | Booking Best Prices Tours\" \/>\n<meta property=\"article:publisher\" content=\"https:\/\/www.facebook.com\/Hurghadaloversegypt\" \/>\n<meta property=\"article:modified_time\" content=\"2026-02-09T16:58:41+00:00\" \/>\n<meta property=\"og:image\" content=\"https:\/\/hurghadalovers.com\/wp-content\/uploads\/2023\/07\/Green-Turtles-Abu-Dabbab-Marsa-aLam.jpg\" \/>\n\t<meta property=\"og:image:width\" content=\"1111\" \/>\n\t<meta property=\"og:image:height\" content=\"940\" \/>\n\t<meta property=\"og:image:type\" content=\"image\/jpeg\" \/>\n<meta name=\"twitter:card\" content=\"summary_large_image\" \/>\n<meta name=\"twitter:label1\" content=\"Price\" \/>\n\t<meta name=\"twitter:data1\" content=\"&euro;&nbsp;80\" \/>\n\t<meta name=\"twitter:label2\" content=\"Availability\" \/>\n\t<meta name=\"twitter:data2\" content=\"In stock\" \/>\n<script type=\"application\/ld+json\" class=\"yoast-schema-graph\">{\"@context\":\"https:\/\/schema.org\",\"@graph\":[{\"@type\":[\"WebPage\",\"ItemPage\"],\"@id\":\"https:\/\/hurghadalovers.com\/lt\/tours\/privatus-greitaeigis-kateris-i-delfinu-nama-is-hurgados\/\",\"url\":\"https:\/\/hurghadalovers.com\/lt\/tours\/privatus-greitaeigis-kateris-i-delfinu-nama-is-hurgados\/\",\"name\":\"Privatus greitaeigis kateris \u012f delfin\u0173 namus i\u0161 Hurgados\",\"isPartOf\":{\"@id\":\"https:\/\/hurghadalovers.com\/lt\/#website\"},\"primaryImageOfPage\":{\"@id\":\"https:\/\/hurghadalovers.com\/lt\/tours\/privatus-greitaeigis-kateris-i-delfinu-nama-is-hurgados\/#primaryimage\"},\"image\":{\"@id\":\"https:\/\/hurghadalovers.com\/lt\/tours\/privatus-greitaeigis-kateris-i-delfinu-nama-is-hurgados\/#primaryimage\"},\"thumbnailUrl\":\"https:\/\/hurghadalovers.com\/wp-content\/uploads\/2023\/07\/Green-Turtles-Abu-Dabbab-Marsa-aLam.jpg\",\"datePublished\":\"2023-07-16T07:37:27+00:00\",\"dateModified\":\"2026-02-09T16:58:41+00:00\",\"description\":\"Privatus greitaeigis kateris \u012f delfin\u0173 namus i\u0161 Hurgados | U\u017esakymas 4 val. delfin\u0173 steb\u0117jimo ir plaukimo su delfinais + 2 nardymo vietos su perve\u017eimu...\",\"breadcrumb\":{\"@id\":\"https:\/\/hurghadalovers.com\/lt\/tours\/privatus-greitaeigis-kateris-i-delfinu-nama-is-hurgados\/#breadcrumb\"},\"inLanguage\":\"lt-LT\",\"potentialAction\":[{\"@type\":\"ReadAction\",\"target\":[\"https:\/\/hurghadalovers.com\/lt\/tours\/privatus-greitaeigis-kateris-i-delfinu-nama-is-hurgados\/\"]}]},{\"@type\":\"ImageObject\",\"inLanguage\":\"lt-LT\",\"@id\":\"https:\/\/hurghadalovers.com\/lt\/tours\/privatus-greitaeigis-kateris-i-delfinu-nama-is-hurgados\/#primaryimage\",\"url\":\"https:\/\/hurghadalovers.com\/wp-content\/uploads\/2023\/07\/Green-Turtles-Abu-Dabbab-Marsa-aLam.jpg\",\"contentUrl\":\"https:\/\/hurghadalovers.com\/wp-content\/uploads\/2023\/07\/Green-Turtles-Abu-Dabbab-Marsa-aLam.jpg\",\"width\":1111,\"height\":940,\"caption\":\"Green Turtles Abu Dabbab Marsa aLam\"},{\"@type\":\"BreadcrumbList\",\"@id\":\"https:\/\/hurghadalovers.com\/lt\/tours\/privatus-greitaeigis-kateris-i-delfinu-nama-is-hurgados\/#breadcrumb\",\"itemListElement\":[{\"@type\":\"ListItem\",\"position\":1,\"name\":\"Home\",\"item\":\"https:\/\/hurghadalovers.com\/lt\/\"},{\"@type\":\"ListItem\",\"position\":2,\"name\":\"Shop\",\"item\":\"https:\/\/hurghadalovers.com\/shop\/\"},{\"@type\":\"ListItem\",\"position\":3,\"name\":\"Privatus greitaeigis kateris \u012f delfin\u0173 namus i\u0161 Hurgados\"}]},{\"@type\":\"WebSite\",\"@id\":\"https:\/\/hurghadalovers.com\/lt\/#website\",\"url\":\"https:\/\/hurghadalovers.com\/lt\/\",\"name\":\"Hurghada Excursions & Day Trips | Booking Best Prices Tours\",\"description\":\"Hurghada Lovers - Best Tour Operator - Excursions &amp; Things to do for Family Day Trips with kids and Couples Romantic. Unique .Hidden gems\",\"publisher\":{\"@id\":\"https:\/\/hurghadalovers.com\/lt\/#organization\"},\"alternateName\":\"Hurghada Excursions\",\"potentialAction\":[{\"@type\":\"SearchAction\",\"target\":{\"@type\":\"EntryPoint\",\"urlTemplate\":\"https:\/\/hurghadalovers.com\/lt\/?s={search_term_string}\"},\"query-input\":{\"@type\":\"PropertyValueSpecification\",\"valueRequired\":true,\"valueName\":\"search_term_string\"}}],\"inLanguage\":\"lt-LT\"},{\"@type\":[\"Organization\",\"Place\",\"TravelAgency\"],\"@id\":\"https:\/\/hurghadalovers.com\/lt\/#organization\",\"name\":\"Hurghada Excursions\",\"url\":\"https:\/\/hurghadalovers.com\/lt\/\",\"logo\":{\"@id\":\"https:\/\/hurghadalovers.com\/lt\/tours\/privatus-greitaeigis-kateris-i-delfinu-nama-is-hurgados\/#local-main-organization-logo\"},\"image\":{\"@id\":\"https:\/\/hurghadalovers.com\/lt\/tours\/privatus-greitaeigis-kateris-i-delfinu-nama-is-hurgados\/#local-main-organization-logo\"},\"sameAs\":[\"https:\/\/www.facebook.com\/Hurghadaloversegypt\"],\"address\":{\"@id\":\"https:\/\/hurghadalovers.com\/lt\/tours\/privatus-greitaeigis-kateris-i-delfinu-nama-is-hurgados\/#local-main-place-address\"},\"telephone\":[\"00201112596434\"],\"contactPoint\":{\"@type\":\"ContactPoint\",\"telephone\":\"00201112596434\",\"email\":\"weyouface@gmail.com\"},\"openingHoursSpecification\":{\"@type\":\"OpeningHoursSpecification\",\"dayOfWeek\":[\"Monday\",\"Tuesday\",\"Wednesday\",\"Thursday\",\"Friday\",\"Saturday\",\"Sunday\"],\"opens\":\"00:00\",\"closes\":\"23:59\"},\"email\":\"weyouface@gmail.com\",\"areaServed\":\"Luxor, Hurghada, El Gouna, Aswan, Sharm El Sheikh, Giza, Alexandria, Marsa Alam, Quseir, Soma Bay, Sahl Hasheesh, Red Sea, Makadi Bay, Cairo\",\"priceRange\":\"$\",\"currenciesAccepted\":\"euro\",\"paymentAccepted\":\"cash on site\"},{\"@type\":\"PostalAddress\",\"@id\":\"https:\/\/hurghadalovers.com\/lt\/tours\/privatus-greitaeigis-kateris-i-delfinu-nama-is-hurgados\/#local-main-place-address\",\"streetAddress\":\"17 Banks street, Alkawther area, top nbk bank\",\"addressLocality\":\"hurghada\",\"postalCode\":\"84511\",\"addressRegion\":\"red sea\",\"addressCountry\":\"EG\"},{\"@type\":\"ImageObject\",\"inLanguage\":\"lt-LT\",\"@id\":\"https:\/\/hurghadalovers.com\/lt\/tours\/privatus-greitaeigis-kateris-i-delfinu-nama-is-hurgados\/#local-main-organization-logo\",\"url\":\"https:\/\/hurghadalovers.com\/wp-content\/uploads\/2019\/10\/hurghada-excursions-logo.png\",\"contentUrl\":\"https:\/\/hurghadalovers.com\/wp-content\/uploads\/2019\/10\/hurghada-excursions-logo.png\",\"width\":272,\"height\":90,\"caption\":\"Hurghada Excursions\"}]}<\/script>\n<meta property=\"product:brand\" content=\"Ekskursijos Nardymas i\u0161 Hurgada\" \/>\n<meta property=\"product:price:amount\" content=\"80\" \/>\n<meta property=\"product:price:currency\" content=\"EUR\" \/>\n<meta property=\"og:availability\" content=\"instock\" \/>\n<meta property=\"product:availability\" content=\"instock\" \/>\n<meta property=\"product:retailer_item_id\" content=\"SpeedBoat9494\" \/>\n<meta property=\"product:condition\" content=\"new\" \/>\n<meta name=\"geo.placename\" content=\"hurghada\" \/>\n<meta name=\"geo.region\" content=\"Egypt\" \/>\n<!-- \/ Yoast SEO Premium plugin. -->","yoast_head_json":{"title":"Privatus greitaeigis kateris \u012f delfin\u0173 namus i\u0161 Hurgados","description":"Privatus greitaeigis kateris \u012f delfin\u0173 namus i\u0161 Hurgados | U\u017esakymas 4 val. delfin\u0173 steb\u0117jimo ir plaukimo su delfinais + 2 nardymo vietos su perve\u017eimu...","robots":{"index":"index","follow":"follow","max-snippet":"max-snippet:-1","max-image-preview":"max-image-preview:large","max-video-preview":"max-video-preview:-1"},"canonical":"https:\/\/hurghadalovers.com\/lt\/tours\/privatus-greitaeigis-kateris-i-delfinu-nama-is-hurgados\/","og_locale":"lt_LT","og_type":"article","og_title":"Privatus greitaeigis kateris \u012f delfin\u0173 namus i\u0161 Hurgados","og_description":"Privatus greitaeigis kateris \u012f delfin\u0173 namus i\u0161 Hurgados | U\u017esakymas 4 val. delfin\u0173 steb\u0117jimo ir plaukimo su delfinais + 2 nardymo vietos su perve\u017eimu...","og_url":"https:\/\/hurghadalovers.com\/lt\/tours\/privatus-greitaeigis-kateris-i-delfinu-nama-is-hurgados\/","og_site_name":"Hurghada Excursions &amp; Day Trips | Booking Best Prices Tours","article_publisher":"https:\/\/www.facebook.com\/Hurghadaloversegypt","article_modified_time":"2026-02-09T16:58:41+00:00","og_image":[{"width":1111,"height":940,"url":"https:\/\/hurghadalovers.com\/wp-content\/uploads\/2023\/07\/Green-Turtles-Abu-Dabbab-Marsa-aLam.jpg","type":"image\/jpeg"}],"twitter_card":"summary_large_image","twitter_misc":{"Price":"&euro;&nbsp;80","Availability":"In stock"},"schema":{"@context":"https:\/\/schema.org","@graph":[{"@type":["WebPage","ItemPage"],"@id":"https:\/\/hurghadalovers.com\/lt\/tours\/privatus-greitaeigis-kateris-i-delfinu-nama-is-hurgados\/","url":"https:\/\/hurghadalovers.com\/lt\/tours\/privatus-greitaeigis-kateris-i-delfinu-nama-is-hurgados\/","name":"Privatus greitaeigis kateris \u012f delfin\u0173 namus i\u0161 Hurgados","isPartOf":{"@id":"https:\/\/hurghadalovers.com\/lt\/#website"},"primaryImageOfPage":{"@id":"https:\/\/hurghadalovers.com\/lt\/tours\/privatus-greitaeigis-kateris-i-delfinu-nama-is-hurgados\/#primaryimage"},"image":{"@id":"https:\/\/hurghadalovers.com\/lt\/tours\/privatus-greitaeigis-kateris-i-delfinu-nama-is-hurgados\/#primaryimage"},"thumbnailUrl":"https:\/\/hurghadalovers.com\/wp-content\/uploads\/2023\/07\/Green-Turtles-Abu-Dabbab-Marsa-aLam.jpg","datePublished":"2023-07-16T07:37:27+00:00","dateModified":"2026-02-09T16:58:41+00:00","description":"Privatus greitaeigis kateris \u012f delfin\u0173 namus i\u0161 Hurgados | U\u017esakymas 4 val. delfin\u0173 steb\u0117jimo ir plaukimo su delfinais + 2 nardymo vietos su perve\u017eimu...","breadcrumb":{"@id":"https:\/\/hurghadalovers.com\/lt\/tours\/privatus-greitaeigis-kateris-i-delfinu-nama-is-hurgados\/#breadcrumb"},"inLanguage":"lt-LT","potentialAction":[{"@type":"ReadAction","target":["https:\/\/hurghadalovers.com\/lt\/tours\/privatus-greitaeigis-kateris-i-delfinu-nama-is-hurgados\/"]}]},{"@type":"ImageObject","inLanguage":"lt-LT","@id":"https:\/\/hurghadalovers.com\/lt\/tours\/privatus-greitaeigis-kateris-i-delfinu-nama-is-hurgados\/#primaryimage","url":"https:\/\/hurghadalovers.com\/wp-content\/uploads\/2023\/07\/Green-Turtles-Abu-Dabbab-Marsa-aLam.jpg","contentUrl":"https:\/\/hurghadalovers.com\/wp-content\/uploads\/2023\/07\/Green-Turtles-Abu-Dabbab-Marsa-aLam.jpg","width":1111,"height":940,"caption":"Green Turtles Abu Dabbab Marsa aLam"},{"@type":"BreadcrumbList","@id":"https:\/\/hurghadalovers.com\/lt\/tours\/privatus-greitaeigis-kateris-i-delfinu-nama-is-hurgados\/#breadcrumb","itemListElement":[{"@type":"ListItem","position":1,"name":"Home","item":"https:\/\/hurghadalovers.com\/lt\/"},{"@type":"ListItem","position":2,"name":"Shop","item":"https:\/\/hurghadalovers.com\/shop\/"},{"@type":"ListItem","position":3,"name":"Privatus greitaeigis kateris \u012f delfin\u0173 namus i\u0161 Hurgados"}]},{"@type":"WebSite","@id":"https:\/\/hurghadalovers.com\/lt\/#website","url":"https:\/\/hurghadalovers.com\/lt\/","name":"Hurghada Excursions & Day Trips | Booking Best Prices Tours","description":"Hurghada Lovers - Best Tour Operator - Excursions &amp; Things to do for Family Day Trips with kids and Couples Romantic. Unique .Hidden gems","publisher":{"@id":"https:\/\/hurghadalovers.com\/lt\/#organization"},"alternateName":"Hurghada Excursions","potentialAction":[{"@type":"SearchAction","target":{"@type":"EntryPoint","urlTemplate":"https:\/\/hurghadalovers.com\/lt\/?s={search_term_string}"},"query-input":{"@type":"PropertyValueSpecification","valueRequired":true,"valueName":"search_term_string"}}],"inLanguage":"lt-LT"},{"@type":["Organization","Place","TravelAgency"],"@id":"https:\/\/hurghadalovers.com\/lt\/#organization","name":"Hurghada Excursions","url":"https:\/\/hurghadalovers.com\/lt\/","logo":{"@id":"https:\/\/hurghadalovers.com\/lt\/tours\/privatus-greitaeigis-kateris-i-delfinu-nama-is-hurgados\/#local-main-organization-logo"},"image":{"@id":"https:\/\/hurghadalovers.com\/lt\/tours\/privatus-greitaeigis-kateris-i-delfinu-nama-is-hurgados\/#local-main-organization-logo"},"sameAs":["https:\/\/www.facebook.com\/Hurghadaloversegypt"],"address":{"@id":"https:\/\/hurghadalovers.com\/lt\/tours\/privatus-greitaeigis-kateris-i-delfinu-nama-is-hurgados\/#local-main-place-address"},"telephone":["00201112596434"],"contactPoint":{"@type":"ContactPoint","telephone":"00201112596434","email":"weyouface@gmail.com"},"openingHoursSpecification":{"@type":"OpeningHoursSpecification","dayOfWeek":["Monday","Tuesday","Wednesday","Thursday","Friday","Saturday","Sunday"],"opens":"00:00","closes":"23:59"},"email":"weyouface@gmail.com","areaServed":"Luxor, Hurghada, El Gouna, Aswan, Sharm El Sheikh, Giza, Alexandria, Marsa Alam, Quseir, Soma Bay, Sahl Hasheesh, Red Sea, Makadi Bay, Cairo","priceRange":"$","currenciesAccepted":"euro","paymentAccepted":"cash on site"},{"@type":"PostalAddress","@id":"https:\/\/hurghadalovers.com\/lt\/tours\/privatus-greitaeigis-kateris-i-delfinu-nama-is-hurgados\/#local-main-place-address","streetAddress":"17 Banks street, Alkawther area, top nbk bank","addressLocality":"hurghada","postalCode":"84511","addressRegion":"red sea","addressCountry":"EG"},{"@type":"ImageObject","inLanguage":"lt-LT","@id":"https:\/\/hurghadalovers.com\/lt\/tours\/privatus-greitaeigis-kateris-i-delfinu-nama-is-hurgados\/#local-main-organization-logo","url":"https:\/\/hurghadalovers.com\/wp-content\/uploads\/2019\/10\/hurghada-excursions-logo.png","contentUrl":"https:\/\/hurghadalovers.com\/wp-content\/uploads\/2019\/10\/hurghada-excursions-logo.png","width":272,"height":90,"caption":"Hurghada Excursions"}]},"product_brand":"Ekskursijos Nardymas i\u0161 Hurgada","product_price_amount":"80","product_price_currency":"EUR","og_availability":"instock","product_availability":"instock","product_retailer_item_id":"SpeedBoat9494","product_condition":"new","geo.placename":"hurghada","geo.region":"Egypt"},"_links":{"self":[{"href":"https:\/\/hurghadalovers.com\/lt\/wp-json\/wp\/v2\/product\/336795","targetHints":{"allow":["GET"]}}],"collection":[{"href":"https:\/\/hurghadalovers.com\/lt\/wp-json\/wp\/v2\/product"}],"about":[{"href":"https:\/\/hurghadalovers.com\/lt\/wp-json\/wp\/v2\/types\/product"}],"wp:featuredmedia":[{"embeddable":true,"href":"https:\/\/hurghadalovers.com\/lt\/wp-json\/wp\/v2\/media\/995802"}],"wp:attachment":[{"href":"https:\/\/hurghadalovers.com\/lt\/wp-json\/wp\/v2\/media?parent=336795"}],"wp:term":[{"taxonomy":"product_brand","embeddable":true,"href":"https:\/\/hurghadalovers.com\/lt\/wp-json\/wp\/v2\/product_brand?post=336795"},{"taxonomy":"product_cat","embeddable":true,"href":"https:\/\/hurghadalovers.com\/lt\/wp-json\/wp\/v2\/product_cat?post=336795"},{"taxonomy":"product_tag","embeddable":true,"href":"https:\/\/hurghadalovers.com\/lt\/wp-json\/wp\/v2\/product_tag?post=336795"}],"curies":[{"name":"wp","href":"https:\/\/api.w.org\/{rel}","templated":true}]}}