{"id":482869,"date":"2024-11-26T21:23:40","date_gmt":"2024-11-26T21:48:48","guid":{"rendered":"https:\/\/hurghadalovers.com\/product\/el-gouna-tevekenysegek-2024-2025\/"},"modified":"2024-11-26T21:55:28","modified_gmt":"2024-11-26T21:55:28","slug":"el-gouna-tevekenysegek-2024-2025","status":"publish","type":"product","link":"https:\/\/hurghadalovers.com\/hu\/tours\/el-gouna-tevekenysegek-2024-2025\/","title":{"rendered":"EL Gouna Tev\u00e9kenys\u00e9gek 2024 \/ 2025"},"content":{"rendered":"<p>EL Gouna Tev\u00e9kenys\u00e9gek 2024 \/ 2025<\/p>\n","protected":false},"excerpt":{"rendered":"<p>EL Gouna Tev\u00e9kenys\u00e9gek 2024 \/ 2025<\/p>\n","protected":false},"featured_media":0,"template":"","meta":{"_joinchat":[]},"product_brand":[],"product_cat":[49871],"product_tag":[58413,58438,58122,58162,58597,58419,58273,58180,58204,58210,58186,58174,58394,58297,58573,58075,58091,58589,58386,58234,58113,58061,58581,58496,58524,58565,58459,58445,58240,58247,58338,58302,58143,58054,58262,58358,58706,58266,58604,58680,58104,58712,58471,58556,58097,58674,58685,58317,58155,58331,58351,58488,58372,51425,58532,58324,58168,58068,58083,51416,58466,58452,58479,58215,58150,58222,58286,58278,58710,58543,58344,58513,58407,58136,58047,58129,58401,58365,58379,58425,58192,58254,58691,58431,58228,58198,58504,58309,58702,58698],"class_list":{"0":"post-482869","1":"product","2":"type-product","3":"status-publish","5":"product_cat-turak","6":"product_tag-atv-el-gouna-hu","7":"product_tag-beduin-falu-el-gouna","8":"product_tag-belteri-paros-tevekenysegek-el-gouna","9":"product_tag-belteri-szorakozasi-lehetosegek-el-gounabol","10":"product_tag-bobos-el-gouna-vizi-sportok","11":"product_tag-buggy-tura-el-gouna","12":"product_tag-buvarkodas-el-gouna","13":"product_tag-csaladi-kirandulasok-el-gounabol","14":"product_tag-csaladi-programok-el-gouna-varosabol","15":"product_tag-csaladi-szorakozasi-helyek-el-gouna-tol","16":"product_tag-csaladi-tennivalok-el-gounabol","17":"product_tag-csaladi-tevekenysegek-el-gounabol","18":"product_tag-csillagaszat-el-gouna","19":"product_tag-delfin-haz-el-gouna","20":"product_tag-delfin-show-el-gounaban","21":"product_tag-egynapos-kirandulasok-el-gounabol","22":"product_tag-egynapos-turak-el-gounabol","23":"product_tag-ejtoernyozes-el-gouna","24":"product_tag-el-gouna-buggy-szafari","25":"product_tag-el-gouna-csaladbarat-tevekenysegek","26":"product_tag-el-gouna-egynapos-kirandulasok","27":"product_tag-el-gouna-egynapos-turak","28":"product_tag-el-gouna-ejtoernyozes","29":"product_tag-el-gouna-es-a-kiralyok-volgye-kozott","30":"product_tag-el-gouna-es-a-piramisok-kozott","31":"product_tag-el-gouna-es-a-piramisok-kozotti-egynapos-kirandulas","32":"product_tag-el-gouna-es-luxor-kozott-autobusz","33":"product_tag-el-gouna-es-luxor-kozotti-egynapos-kirandulas","34":"product_tag-el-gouna-gyerekbarat-turak","35":"product_tag-el-gouna-gyermekprogramok","36":"product_tag-el-gouna-hajo-charters","37":"product_tag-el-gouna-hajokirandulasok","38":"product_tag-el-gouna-kirandulasok","39":"product_tag-el-gouna-mi-a-teendo","40":"product_tag-el-gouna-olcso-kirandulasok-csaladok-szamara","41":"product_tag-el-gouna-privat-hajokirandulas","42":"product_tag-el-gouna-romantikus-turak","43":"product_tag-el-gouna-snorkeling-kirandulasok","44":"product_tag-el-gouna-szorfozes","45":"product_tag-el-gouna-tengeralattjaro-tura","46":"product_tag-el-gouna-tevekenysegek","47":"product_tag-el-gouna-tevekenysegek-paroknak","48":"product_tag-el-gouna-turak-luxorba","49":"product_tag-el-gouna-utazas-kairoba","50":"product_tag-el-gouna-varosaban-tennivalok","51":"product_tag-el-gouna-vizi-park","52":"product_tag-fel-tengeralattjaro-el-gouna","53":"product_tag-giftun-sziget-el-gouna","54":"product_tag-gyerekprogramok-el-gouna-varosabol","55":"product_tag-gyorshajo-el-gouna","56":"product_tag-hajokolcsonzes-el-gouna","57":"product_tag-holegballon-el-gouna","58":"product_tag-jeep-szafari-el-gouna","59":"product_tag-kairo-privat-turak","60":"product_tag-kairoi-kirandulas-el-gouna-varosabol","61":"product_tag-kalozhajo-el-gouna","62":"product_tag-kisgyermekes-tevekenysegek-el-gounabol","63":"product_tag-latnivalok-el-gouna-varosaban","64":"product_tag-latogathato-helyek-el-gouna","65":"product_tag-luxor-privat-turak","66":"product_tag-luxori-egynapos-tura-el-gounabol","67":"product_tag-luxori-kirandulas-el-gounabol","68":"product_tag-luxori-tura-el-gounabol","69":"product_tag-mit-lehet-tenni-csecsemokkel-el-gouna-varosaban","70":"product_tag-mit-lehet-tenni-gyerekekkel-el-gouna-varosaban","71":"product_tag-olcso-csaladi-kirandulasok-el-gounabol","72":"product_tag-orange-bay-sziget-el-gouna","73":"product_tag-paradicsom-sziget-el-gouna","74":"product_tag-paroknak-szolo-elfoglaltsagok-el-gouna-varosaban","75":"product_tag-piramisok-el-gouna-felol","76":"product_tag-privat-hajo-el-gouna","77":"product_tag-privat-luxor-tura-el-gounabol","78":"product_tag-quadozas-el-gouna","79":"product_tag-romantikus-dolgok-el-gouna-varosaban","80":"product_tag-romantikus-dolgok-el-gouna-varosabol","81":"product_tag-romantikus-tevekenysegek-paroknak-el-gouna-ban","82":"product_tag-safari-sahara-el-gouna-hu","83":"product_tag-sivatagi-szafari-el-gouna","84":"product_tag-super-safari-el-gouna-hu","85":"product_tag-szafari-tura-el-gouna","86":"product_tag-szorakoztato-csaladi-tevekenysegek-el-gounabol","87":"product_tag-szorakoztato-helyek-el-gounabol-ahova-a-csaladdal-mehetnek","88":"product_tag-tengeralattjaro-kirandulas-el-gouna","89":"product_tag-teve-lovaglas-el-gouna","90":"product_tag-tevekenysegek-2-eveseknek-el-gouna-varosabol","91":"product_tag-tevekenysegek-el-gouna-i-tizeneveseknek","92":"product_tag-transzfer-luxor-es-el-gouna-kozott","93":"product_tag-uszas-a-delfinekkel-el-gouna","94":"product_tag-utopia-sziget-el-gouna","95":"product_tag-uvegfeneku-hajo-el-gouna","96":"tour_category-egypt-tours-hu","98":"first","99":"instock","100":"sale","101":"shipping-taxable","102":"purchasable","103":"product-type-tour"},"yoast_head":"<!-- This site is optimized with the Yoast SEO Premium plugin v26.9 (Yoast SEO v27.2) - https:\/\/yoast.com\/product\/yoast-seo-premium-wordpress\/ -->\n<title>EL Gouna Tev\u00e9kenys\u00e9gek 2024 \/ 2025 - Hurghada Excursions &amp; Day Trips | Booking Best Prices Tours<\/title>\n<meta name=\"robots\" content=\"index, follow, max-snippet:-1, max-image-preview:large, max-video-preview:-1\" \/>\n<link rel=\"canonical\" href=\"https:\/\/hurghadalovers.com\/hu\/tours\/el-gouna-tevekenysegek-2024-2025\/\" \/>\n<meta property=\"og:locale\" content=\"hu_HU\" \/>\n<meta property=\"og:type\" content=\"article\" \/>\n<meta property=\"og:title\" content=\"EL Gouna Tev\u00e9kenys\u00e9gek 2024 \/ 2025\" \/>\n<meta property=\"og:description\" content=\"EL Gouna Tev\u00e9kenys\u00e9gek 2024 \/ 2025\" \/>\n<meta property=\"og:url\" content=\"https:\/\/hurghadalovers.com\/hu\/tours\/el-gouna-tevekenysegek-2024-2025\/\" \/>\n<meta property=\"og:site_name\" content=\"Hurghada Excursions &amp; Day Trips | Booking Best Prices Tours\" \/>\n<meta property=\"article:publisher\" content=\"https:\/\/www.facebook.com\/Hurghadaloversegypt\" \/>\n<meta property=\"article:modified_time\" content=\"2024-11-26T21:55:28+00:00\" \/>\n<meta property=\"og:image\" content=\"https:\/\/hurghadalovers.com\/wp-content\/uploads\/2025\/02\/Hurghada-Excursions-Day-Trips-Booking-Best-Prices-Tours.jpeg\" \/>\n\t<meta property=\"og:image:width\" content=\"1156\" \/>\n\t<meta property=\"og:image:height\" content=\"867\" \/>\n\t<meta property=\"og:image:type\" content=\"image\/jpeg\" \/>\n<meta name=\"twitter:card\" content=\"summary_large_image\" \/>\n<meta name=\"twitter:label1\" content=\"\u00c1r\" \/>\n\t<meta name=\"twitter:data1\" content=\"&euro;&nbsp;25\" \/>\n\t<meta name=\"twitter:label2\" content=\"El\u00e9rhet\u0151s\u00e9g\" \/>\n\t<meta name=\"twitter:data2\" content=\"K\u00e9szleten\" \/>\n<script type=\"application\/ld+json\" class=\"yoast-schema-graph\">{\"@context\":\"https:\/\/schema.org\",\"@graph\":[{\"@type\":[\"WebPage\",\"ItemPage\"],\"@id\":\"https:\/\/hurghadalovers.com\/hu\/tours\/el-gouna-tevekenysegek-2024-2025\/\",\"url\":\"https:\/\/hurghadalovers.com\/hu\/tours\/el-gouna-tevekenysegek-2024-2025\/\",\"name\":\"EL Gouna Tev\u00e9kenys\u00e9gek 2024 \/ 2025 - Hurghada Excursions &amp; Day Trips | Booking Best Prices Tours\",\"isPartOf\":{\"@id\":\"https:\/\/hurghadalovers.com\/hu\/#website\"},\"datePublished\":\"2024-11-26T21:48:48+00:00\",\"dateModified\":\"2024-11-26T21:55:28+00:00\",\"breadcrumb\":{\"@id\":\"https:\/\/hurghadalovers.com\/hu\/tours\/el-gouna-tevekenysegek-2024-2025\/#breadcrumb\"},\"inLanguage\":\"hu\",\"potentialAction\":[{\"@type\":\"ReadAction\",\"target\":[\"https:\/\/hurghadalovers.com\/hu\/tours\/el-gouna-tevekenysegek-2024-2025\/\"]}]},{\"@type\":\"BreadcrumbList\",\"@id\":\"https:\/\/hurghadalovers.com\/hu\/tours\/el-gouna-tevekenysegek-2024-2025\/#breadcrumb\",\"itemListElement\":[{\"@type\":\"ListItem\",\"position\":1,\"name\":\"Home\",\"item\":\"https:\/\/hurghadalovers.com\/hu\/\"},{\"@type\":\"ListItem\",\"position\":2,\"name\":\"Shop\",\"item\":\"https:\/\/hurghadalovers.com\/shop\/\"},{\"@type\":\"ListItem\",\"position\":3,\"name\":\"EL Gouna Tev\u00e9kenys\u00e9gek 2024 \/ 2025\"}]},{\"@type\":\"WebSite\",\"@id\":\"https:\/\/hurghadalovers.com\/hu\/#website\",\"url\":\"https:\/\/hurghadalovers.com\/hu\/\",\"name\":\"Hurghada Excursions & Day Trips | Booking Best Prices Tours\",\"description\":\"Hurghada Lovers - Best Tour Operator - Excursions &amp; Things to do for Family Day Trips with kids and Couples Romantic. Unique .Hidden gems\",\"publisher\":{\"@id\":\"https:\/\/hurghadalovers.com\/hu\/#organization\"},\"alternateName\":\"Hurghada Excursions\",\"potentialAction\":[{\"@type\":\"SearchAction\",\"target\":{\"@type\":\"EntryPoint\",\"urlTemplate\":\"https:\/\/hurghadalovers.com\/hu\/?s={search_term_string}\"},\"query-input\":{\"@type\":\"PropertyValueSpecification\",\"valueRequired\":true,\"valueName\":\"search_term_string\"}}],\"inLanguage\":\"hu\"},{\"@type\":[\"Organization\",\"Place\",\"TravelAgency\"],\"@id\":\"https:\/\/hurghadalovers.com\/hu\/#organization\",\"name\":\"Hurghada Excursions\",\"url\":\"https:\/\/hurghadalovers.com\/hu\/\",\"logo\":{\"@id\":\"https:\/\/hurghadalovers.com\/hu\/tours\/el-gouna-tevekenysegek-2024-2025\/#local-main-organization-logo\"},\"image\":{\"@id\":\"https:\/\/hurghadalovers.com\/hu\/tours\/el-gouna-tevekenysegek-2024-2025\/#local-main-organization-logo\"},\"sameAs\":[\"https:\/\/www.facebook.com\/Hurghadaloversegypt\"],\"address\":{\"@id\":\"https:\/\/hurghadalovers.com\/hu\/tours\/el-gouna-tevekenysegek-2024-2025\/#local-main-place-address\"},\"telephone\":[\"00201112596434\"],\"contactPoint\":{\"@type\":\"ContactPoint\",\"telephone\":\"00201112596434\",\"email\":\"weyouface@gmail.com\"},\"openingHoursSpecification\":{\"@type\":\"OpeningHoursSpecification\",\"dayOfWeek\":[\"Monday\",\"Tuesday\",\"Wednesday\",\"Thursday\",\"Friday\",\"Saturday\",\"Sunday\"],\"opens\":\"00:00\",\"closes\":\"23:59\"},\"email\":\"weyouface@gmail.com\",\"areaServed\":\"Luxor, Hurghada, El Gouna, Aswan, Sharm El Sheikh, Giza, Alexandria, Marsa Alam, Quseir, Soma Bay, Sahl Hasheesh, Red Sea, Makadi Bay, Cairo\",\"priceRange\":\"$\",\"currenciesAccepted\":\"euro\",\"paymentAccepted\":\"cash on site\"},{\"@type\":\"PostalAddress\",\"@id\":\"https:\/\/hurghadalovers.com\/hu\/tours\/el-gouna-tevekenysegek-2024-2025\/#local-main-place-address\",\"streetAddress\":\"17 Banks street, Alkawther area, top nbk bank\",\"addressLocality\":\"hurghada\",\"postalCode\":\"84511\",\"addressRegion\":\"red sea\",\"addressCountry\":\"EG\"},{\"@type\":\"ImageObject\",\"inLanguage\":\"hu\",\"@id\":\"https:\/\/hurghadalovers.com\/hu\/tours\/el-gouna-tevekenysegek-2024-2025\/#local-main-organization-logo\",\"url\":\"https:\/\/hurghadalovers.com\/wp-content\/uploads\/2019\/10\/hurghada-excursions-logo.png\",\"contentUrl\":\"https:\/\/hurghadalovers.com\/wp-content\/uploads\/2019\/10\/hurghada-excursions-logo.png\",\"width\":272,\"height\":90,\"caption\":\"Hurghada Excursions\"}]}<\/script>\n<meta property=\"product:brand\" content=\"T\u00far\u00e1k Egyiptomban\" \/>\n<meta property=\"product:price:amount\" content=\"25\" \/>\n<meta property=\"product:price:currency\" content=\"EUR\" \/>\n<meta property=\"og:availability\" content=\"instock\" \/>\n<meta property=\"product:availability\" content=\"instock\" \/>\n<meta property=\"product:retailer_item_id\" content=\"gon3434344\" \/>\n<meta property=\"product:condition\" content=\"new\" \/>\n<meta name=\"geo.placename\" content=\"hurghada\" \/>\n<meta name=\"geo.region\" content=\"Egyiptom\" \/>\n<!-- \/ Yoast SEO Premium plugin. -->","yoast_head_json":{"title":"EL Gouna Tev\u00e9kenys\u00e9gek 2024 \/ 2025 - Hurghada Excursions &amp; Day Trips | Booking Best Prices Tours","robots":{"index":"index","follow":"follow","max-snippet":"max-snippet:-1","max-image-preview":"max-image-preview:large","max-video-preview":"max-video-preview:-1"},"canonical":"https:\/\/hurghadalovers.com\/hu\/tours\/el-gouna-tevekenysegek-2024-2025\/","og_locale":"hu_HU","og_type":"article","og_title":"EL Gouna Tev\u00e9kenys\u00e9gek 2024 \/ 2025","og_description":"EL Gouna Tev\u00e9kenys\u00e9gek 2024 \/ 2025","og_url":"https:\/\/hurghadalovers.com\/hu\/tours\/el-gouna-tevekenysegek-2024-2025\/","og_site_name":"Hurghada Excursions &amp; Day Trips | Booking Best Prices Tours","article_publisher":"https:\/\/www.facebook.com\/Hurghadaloversegypt","article_modified_time":"2024-11-26T21:55:28+00:00","og_image":[{"width":1156,"height":867,"url":"https:\/\/hurghadalovers.com\/wp-content\/uploads\/2025\/02\/Hurghada-Excursions-Day-Trips-Booking-Best-Prices-Tours.jpeg","type":"image\/jpeg"}],"twitter_card":"summary_large_image","twitter_misc":{"\u00c1r":"&euro;&nbsp;25","El\u00e9rhet\u0151s\u00e9g":"K\u00e9szleten"},"schema":{"@context":"https:\/\/schema.org","@graph":[{"@type":["WebPage","ItemPage"],"@id":"https:\/\/hurghadalovers.com\/hu\/tours\/el-gouna-tevekenysegek-2024-2025\/","url":"https:\/\/hurghadalovers.com\/hu\/tours\/el-gouna-tevekenysegek-2024-2025\/","name":"EL Gouna Tev\u00e9kenys\u00e9gek 2024 \/ 2025 - Hurghada Excursions &amp; Day Trips | Booking Best Prices Tours","isPartOf":{"@id":"https:\/\/hurghadalovers.com\/hu\/#website"},"datePublished":"2024-11-26T21:48:48+00:00","dateModified":"2024-11-26T21:55:28+00:00","breadcrumb":{"@id":"https:\/\/hurghadalovers.com\/hu\/tours\/el-gouna-tevekenysegek-2024-2025\/#breadcrumb"},"inLanguage":"hu","potentialAction":[{"@type":"ReadAction","target":["https:\/\/hurghadalovers.com\/hu\/tours\/el-gouna-tevekenysegek-2024-2025\/"]}]},{"@type":"BreadcrumbList","@id":"https:\/\/hurghadalovers.com\/hu\/tours\/el-gouna-tevekenysegek-2024-2025\/#breadcrumb","itemListElement":[{"@type":"ListItem","position":1,"name":"Home","item":"https:\/\/hurghadalovers.com\/hu\/"},{"@type":"ListItem","position":2,"name":"Shop","item":"https:\/\/hurghadalovers.com\/shop\/"},{"@type":"ListItem","position":3,"name":"EL Gouna Tev\u00e9kenys\u00e9gek 2024 \/ 2025"}]},{"@type":"WebSite","@id":"https:\/\/hurghadalovers.com\/hu\/#website","url":"https:\/\/hurghadalovers.com\/hu\/","name":"Hurghada Excursions & Day Trips | Booking Best Prices Tours","description":"Hurghada Lovers - Best Tour Operator - Excursions &amp; Things to do for Family Day Trips with kids and Couples Romantic. Unique .Hidden gems","publisher":{"@id":"https:\/\/hurghadalovers.com\/hu\/#organization"},"alternateName":"Hurghada Excursions","potentialAction":[{"@type":"SearchAction","target":{"@type":"EntryPoint","urlTemplate":"https:\/\/hurghadalovers.com\/hu\/?s={search_term_string}"},"query-input":{"@type":"PropertyValueSpecification","valueRequired":true,"valueName":"search_term_string"}}],"inLanguage":"hu"},{"@type":["Organization","Place","TravelAgency"],"@id":"https:\/\/hurghadalovers.com\/hu\/#organization","name":"Hurghada Excursions","url":"https:\/\/hurghadalovers.com\/hu\/","logo":{"@id":"https:\/\/hurghadalovers.com\/hu\/tours\/el-gouna-tevekenysegek-2024-2025\/#local-main-organization-logo"},"image":{"@id":"https:\/\/hurghadalovers.com\/hu\/tours\/el-gouna-tevekenysegek-2024-2025\/#local-main-organization-logo"},"sameAs":["https:\/\/www.facebook.com\/Hurghadaloversegypt"],"address":{"@id":"https:\/\/hurghadalovers.com\/hu\/tours\/el-gouna-tevekenysegek-2024-2025\/#local-main-place-address"},"telephone":["00201112596434"],"contactPoint":{"@type":"ContactPoint","telephone":"00201112596434","email":"weyouface@gmail.com"},"openingHoursSpecification":{"@type":"OpeningHoursSpecification","dayOfWeek":["Monday","Tuesday","Wednesday","Thursday","Friday","Saturday","Sunday"],"opens":"00:00","closes":"23:59"},"email":"weyouface@gmail.com","areaServed":"Luxor, Hurghada, El Gouna, Aswan, Sharm El Sheikh, Giza, Alexandria, Marsa Alam, Quseir, Soma Bay, Sahl Hasheesh, Red Sea, Makadi Bay, Cairo","priceRange":"$","currenciesAccepted":"euro","paymentAccepted":"cash on site"},{"@type":"PostalAddress","@id":"https:\/\/hurghadalovers.com\/hu\/tours\/el-gouna-tevekenysegek-2024-2025\/#local-main-place-address","streetAddress":"17 Banks street, Alkawther area, top nbk bank","addressLocality":"hurghada","postalCode":"84511","addressRegion":"red sea","addressCountry":"EG"},{"@type":"ImageObject","inLanguage":"hu","@id":"https:\/\/hurghadalovers.com\/hu\/tours\/el-gouna-tevekenysegek-2024-2025\/#local-main-organization-logo","url":"https:\/\/hurghadalovers.com\/wp-content\/uploads\/2019\/10\/hurghada-excursions-logo.png","contentUrl":"https:\/\/hurghadalovers.com\/wp-content\/uploads\/2019\/10\/hurghada-excursions-logo.png","width":272,"height":90,"caption":"Hurghada Excursions"}]},"product_brand":"T\u00far\u00e1k Egyiptomban","product_price_amount":"25","product_price_currency":"EUR","og_availability":"instock","product_availability":"instock","product_retailer_item_id":"gon3434344","product_condition":"new","geo.placename":"hurghada","geo.region":"Egyiptom"},"_links":{"self":[{"href":"https:\/\/hurghadalovers.com\/hu\/wp-json\/wp\/v2\/product\/482869","targetHints":{"allow":["GET"]}}],"collection":[{"href":"https:\/\/hurghadalovers.com\/hu\/wp-json\/wp\/v2\/product"}],"about":[{"href":"https:\/\/hurghadalovers.com\/hu\/wp-json\/wp\/v2\/types\/product"}],"wp:attachment":[{"href":"https:\/\/hurghadalovers.com\/hu\/wp-json\/wp\/v2\/media?parent=482869"}],"wp:term":[{"taxonomy":"product_brand","embeddable":true,"href":"https:\/\/hurghadalovers.com\/hu\/wp-json\/wp\/v2\/product_brand?post=482869"},{"taxonomy":"product_cat","embeddable":true,"href":"https:\/\/hurghadalovers.com\/hu\/wp-json\/wp\/v2\/product_cat?post=482869"},{"taxonomy":"product_tag","embeddable":true,"href":"https:\/\/hurghadalovers.com\/hu\/wp-json\/wp\/v2\/product_tag?post=482869"}],"curies":[{"name":"wp","href":"https:\/\/api.w.org\/{rel}","templated":true}]}}