{"id":482837,"date":"2024-11-26T21:09:04","date_gmt":"2024-11-26T21:18:50","guid":{"rendered":"https:\/\/hurghadalovers.com\/product\/soma-bay-tevekenysegek-2024-2025\/"},"modified":"2024-11-26T21:22:38","modified_gmt":"2024-11-26T21:22:38","slug":"soma-bay-tevekenysegek-2024-2025","status":"publish","type":"product","link":"https:\/\/hurghadalovers.com\/hu\/tours\/soma-bay-tevekenysegek-2024-2025\/","title":{"rendered":"Soma Bay Tev\u00e9kenys\u00e9gek 2024 \/ 2025"},"content":{"rendered":"<p>Soma Bay Tev\u00e9kenys\u00e9gek 2024 \/ 2025<\/p>\n","protected":false},"excerpt":{"rendered":"<p>Soma Bay Tev\u00e9kenys\u00e9gek 2024 \/ 2025<\/p>\n","protected":false},"featured_media":0,"template":"","meta":{"_joinchat":[]},"product_brand":[],"product_cat":[49871],"product_tag":[55347,55526,55552,55478,55607,55393,55683,55199,55135,55629,55141,55451,55622,55149,55502,55701,55561,55584,55257,55700,55641,55725,55217,55599,55243,55341,55655,51425,55353,55265,55615,55691,55635,51416,55320,55307,55296,55591,55155,55280,55272,55359,55236,55336,55518,55569,55469,55648,55487,55324,55231,55494,55170,55419,55434,55379,55302,55178,55184,55206,55406,55287,55426,55460,55372,55249,55661,55386,55191,55400,55718,55412,55577,55314,55367,55711,55224,55677,55510,55536,55668,55443,55732,55544,55163,55672,55329,55212,55745,55739],"class_list":{"0":"post-482837","1":"product","2":"type-product","3":"status-publish","5":"product_cat-turak","6":"product_tag-a-soma-obolbol-a-piramisokhoz","7":"product_tag-atv-soma-bay-hu","8":"product_tag-beduin-falu-soma-bay","9":"product_tag-belteri-paros-tevekenysegek-soma-bay","10":"product_tag-belteri-szorakoztato-tevekenysegek-a-soma-bay-tol","11":"product_tag-bobos-soma-bay-vizi-sportok","12":"product_tag-buggy-tour-soma-bay-hu","13":"product_tag-buvarkodas-soma-bay","14":"product_tag-csaladdal-kapcsolatos-teendok-soma-baybol","15":"product_tag-csaladi-kirandulasok-soma-baybol","16":"product_tag-csaladi-szorakozasi-helyek-soma-bay-tol","17":"product_tag-csaladi-tennivalok-soma-baybol","18":"product_tag-csaladi-tevekenysegek-soma-baybol","19":"product_tag-csecsemokkel-kapcsolatos-teendok-soma-baybol","20":"product_tag-csillagaszat-soma-bay","21":"product_tag-delfin-show-a-soma-obolben","22":"product_tag-dolgok-soma-bay","23":"product_tag-dolgok-soma-bayben-a-parok-szamara","24":"product_tag-dolphin-house-soma-bay-hu","25":"product_tag-egynapos-kirandulasok-soma-baybol","26":"product_tag-egynapos-turak-soma-baybol","27":"product_tag-fel-tengeralattjaro-soma-bay","28":"product_tag-giftun-sziget-soma-obol","29":"product_tag-gyermek-tevekenysegek-a-soma-bay-tol","30":"product_tag-hajokolcsonzes-soma-bay","31":"product_tag-holegballon-soma-bay","32":"product_tag-jeep-safari-soma-bay-hu","33":"product_tag-kairo-privat-turak","34":"product_tag-kairoi-kirandulas-a-soma-baybol","35":"product_tag-kalozhajo-soma-bay","36":"product_tag-kisgyermekes-tevekenysegek-a-soma-bay-tol","37":"product_tag-latnivalok-soma-bay-ben","38":"product_tag-latogathato-helyek-soma-bay","39":"product_tag-luxor-privat-turak","40":"product_tag-luxor-tura-a-soma-baybol","41":"product_tag-luxori-egynapos-tura-a-soma-baybol","42":"product_tag-luxori-kirandulas-a-soma-obolbol","43":"product_tag-mit-lehet-csinalni-gyerekekkel-a-soma-baybol","44":"product_tag-olcso-csaladi-kirandulasok-soma-baybol","45":"product_tag-orange-bay-sziget-soma-bay","46":"product_tag-paradicsom-sziget-soma-bay","47":"product_tag-piramisok-a-soma-obolbol","48":"product_tag-privat-hajo-soma-bay","49":"product_tag-privat-luxor-tura-soma-baybol","50":"product_tag-quad-kerekparozas-soma-bay","51":"product_tag-romantikus-dolgok-a-soma-bay-tol","52":"product_tag-romantikus-tennivalok-soma-bay-ben","53":"product_tag-romantikus-tevekenysegek-paroknak-soma-bayben","54":"product_tag-sivatagi-szafari-soma-bay","55":"product_tag-soma-bay-a-kiralyok-volgyebe","56":"product_tag-soma-bay-boat-charters-hu","57":"product_tag-soma-bay-buggy-safari-hu","58":"product_tag-soma-bay-csaladbarat-tevekenysegek","59":"product_tag-soma-bay-egynapos-kirandulasok","60":"product_tag-soma-bay-egynapos-turak","61":"product_tag-soma-bay-ejtoernyozes","62":"product_tag-soma-bay-es-luxor-kozott-autobusz","63":"product_tag-soma-bay-gyerekbarat-turak","64":"product_tag-soma-bay-gyermekprogramok","65":"product_tag-soma-bay-hajokirandulasok","66":"product_tag-soma-bay-kirandulasok","67":"product_tag-soma-bay-luxorba-egynapos-kirandulas","68":"product_tag-soma-bay-mi-a-teendo","69":"product_tag-soma-bay-olcso-kirandulasok-csaladoknak","70":"product_tag-soma-bay-piramisok-egynapos-kirandulas","71":"product_tag-soma-bay-privat-hajokirandulas","72":"product_tag-soma-bay-romantikus-turak","73":"product_tag-soma-bay-sikloernyozes","74":"product_tag-soma-bay-snorkeling-kirandulasok","75":"product_tag-soma-bay-szorfozes","76":"product_tag-soma-bay-tengeralattjaro-tura","77":"product_tag-soma-bay-tevekenysegek","78":"product_tag-soma-bay-tevekenysegek-paroknak","79":"product_tag-soma-bay-tours-luxorba","80":"product_tag-soma-bay-utazas-kairoba","81":"product_tag-soma-bay-vizi-park","82":"product_tag-speed-boat-soma-bay-hu","83":"product_tag-super-safari-soma-bay-hu","84":"product_tag-szafari-sahara-soma-bay","85":"product_tag-szafari-tura-soma-bay","86":"product_tag-szorakoztato-csaladi-tevekenysegek-a-soma-bay-tol","87":"product_tag-szorakoztato-helyek-a-csaladdal-a-soma-baybol","88":"product_tag-tengeralattjaro-kirandulas-soma-bay","89":"product_tag-teve-lovaglas-soma-bay","90":"product_tag-tevekenysegek-2-eveseknek-a-soma-bay-tol","91":"product_tag-tevekenysegek-a-soma-bay-i-tizeneveseknek","92":"product_tag-transzfer-luxor-es-soma-bay-kozott","93":"product_tag-uszas-delfinekkel-soma-bay","94":"product_tag-utopia-sziget-soma-bay","95":"product_tag-uvegfeneku-hajo-soma-bay","96":"tour_category-egypt-tours-hu","98":"first","99":"instock","100":"sale","101":"shipping-taxable","102":"purchasable","103":"product-type-tour"},"yoast_head":"<!-- This site is optimized with the Yoast SEO Premium plugin v26.9 (Yoast SEO v27.2) - https:\/\/yoast.com\/product\/yoast-seo-premium-wordpress\/ -->\n<title>Soma Bay Tev\u00e9kenys\u00e9gek 2024 \/ 2025 - Hurghada Excursions &amp; Day Trips | Booking Best Prices Tours<\/title>\n<meta name=\"robots\" content=\"index, follow, max-snippet:-1, max-image-preview:large, max-video-preview:-1\" \/>\n<link rel=\"canonical\" href=\"https:\/\/hurghadalovers.com\/hu\/tours\/soma-bay-tevekenysegek-2024-2025\/\" \/>\n<meta property=\"og:locale\" content=\"hu_HU\" \/>\n<meta property=\"og:type\" content=\"article\" \/>\n<meta property=\"og:title\" content=\"Soma Bay Tev\u00e9kenys\u00e9gek 2024 \/ 2025\" \/>\n<meta property=\"og:description\" content=\"Soma Bay Tev\u00e9kenys\u00e9gek 2024 \/ 2025\" \/>\n<meta property=\"og:url\" content=\"https:\/\/hurghadalovers.com\/hu\/tours\/soma-bay-tevekenysegek-2024-2025\/\" \/>\n<meta property=\"og:site_name\" content=\"Hurghada Excursions &amp; Day Trips | Booking Best Prices Tours\" \/>\n<meta property=\"article:publisher\" content=\"https:\/\/www.facebook.com\/Hurghadaloversegypt\" \/>\n<meta property=\"article:modified_time\" content=\"2024-11-26T21:22:38+00:00\" \/>\n<meta property=\"og:image\" content=\"https:\/\/hurghadalovers.com\/wp-content\/uploads\/2025\/02\/Hurghada-Excursions-Day-Trips-Booking-Best-Prices-Tours.jpeg\" \/>\n\t<meta property=\"og:image:width\" content=\"1156\" \/>\n\t<meta property=\"og:image:height\" content=\"867\" \/>\n\t<meta property=\"og:image:type\" content=\"image\/jpeg\" \/>\n<meta name=\"twitter:card\" content=\"summary_large_image\" \/>\n<meta name=\"twitter:label1\" content=\"\u00c1r\" \/>\n\t<meta name=\"twitter:data1\" content=\"&euro;&nbsp;23\" \/>\n\t<meta name=\"twitter:label2\" content=\"El\u00e9rhet\u0151s\u00e9g\" \/>\n\t<meta name=\"twitter:data2\" content=\"K\u00e9szleten\" \/>\n<script type=\"application\/ld+json\" class=\"yoast-schema-graph\">{\"@context\":\"https:\/\/schema.org\",\"@graph\":[{\"@type\":[\"WebPage\",\"ItemPage\"],\"@id\":\"https:\/\/hurghadalovers.com\/hu\/tours\/soma-bay-tevekenysegek-2024-2025\/\",\"url\":\"https:\/\/hurghadalovers.com\/hu\/tours\/soma-bay-tevekenysegek-2024-2025\/\",\"name\":\"Soma Bay Tev\u00e9kenys\u00e9gek 2024 \/ 2025 - Hurghada Excursions &amp; Day Trips | Booking Best Prices Tours\",\"isPartOf\":{\"@id\":\"https:\/\/hurghadalovers.com\/hu\/#website\"},\"datePublished\":\"2024-11-26T21:18:50+00:00\",\"dateModified\":\"2024-11-26T21:22:38+00:00\",\"breadcrumb\":{\"@id\":\"https:\/\/hurghadalovers.com\/hu\/tours\/soma-bay-tevekenysegek-2024-2025\/#breadcrumb\"},\"inLanguage\":\"hu\",\"potentialAction\":[{\"@type\":\"ReadAction\",\"target\":[\"https:\/\/hurghadalovers.com\/hu\/tours\/soma-bay-tevekenysegek-2024-2025\/\"]}]},{\"@type\":\"BreadcrumbList\",\"@id\":\"https:\/\/hurghadalovers.com\/hu\/tours\/soma-bay-tevekenysegek-2024-2025\/#breadcrumb\",\"itemListElement\":[{\"@type\":\"ListItem\",\"position\":1,\"name\":\"Home\",\"item\":\"https:\/\/hurghadalovers.com\/hu\/\"},{\"@type\":\"ListItem\",\"position\":2,\"name\":\"Shop\",\"item\":\"https:\/\/hurghadalovers.com\/shop\/\"},{\"@type\":\"ListItem\",\"position\":3,\"name\":\"Soma Bay Tev\u00e9kenys\u00e9gek 2024 \/ 2025\"}]},{\"@type\":\"WebSite\",\"@id\":\"https:\/\/hurghadalovers.com\/hu\/#website\",\"url\":\"https:\/\/hurghadalovers.com\/hu\/\",\"name\":\"Hurghada Excursions & Day Trips | Booking Best Prices Tours\",\"description\":\"Hurghada Lovers - Best Tour Operator - Excursions &amp; Things to do for Family Day Trips with kids and Couples Romantic. Unique .Hidden gems\",\"publisher\":{\"@id\":\"https:\/\/hurghadalovers.com\/hu\/#organization\"},\"alternateName\":\"Hurghada Excursions\",\"potentialAction\":[{\"@type\":\"SearchAction\",\"target\":{\"@type\":\"EntryPoint\",\"urlTemplate\":\"https:\/\/hurghadalovers.com\/hu\/?s={search_term_string}\"},\"query-input\":{\"@type\":\"PropertyValueSpecification\",\"valueRequired\":true,\"valueName\":\"search_term_string\"}}],\"inLanguage\":\"hu\"},{\"@type\":[\"Organization\",\"Place\",\"TravelAgency\"],\"@id\":\"https:\/\/hurghadalovers.com\/hu\/#organization\",\"name\":\"Hurghada Excursions\",\"url\":\"https:\/\/hurghadalovers.com\/hu\/\",\"logo\":{\"@id\":\"https:\/\/hurghadalovers.com\/hu\/tours\/soma-bay-tevekenysegek-2024-2025\/#local-main-organization-logo\"},\"image\":{\"@id\":\"https:\/\/hurghadalovers.com\/hu\/tours\/soma-bay-tevekenysegek-2024-2025\/#local-main-organization-logo\"},\"sameAs\":[\"https:\/\/www.facebook.com\/Hurghadaloversegypt\"],\"address\":{\"@id\":\"https:\/\/hurghadalovers.com\/hu\/tours\/soma-bay-tevekenysegek-2024-2025\/#local-main-place-address\"},\"telephone\":[\"00201112596434\"],\"contactPoint\":{\"@type\":\"ContactPoint\",\"telephone\":\"00201112596434\",\"email\":\"weyouface@gmail.com\"},\"openingHoursSpecification\":{\"@type\":\"OpeningHoursSpecification\",\"dayOfWeek\":[\"Monday\",\"Tuesday\",\"Wednesday\",\"Thursday\",\"Friday\",\"Saturday\",\"Sunday\"],\"opens\":\"00:00\",\"closes\":\"23:59\"},\"email\":\"weyouface@gmail.com\",\"areaServed\":\"Luxor, Hurghada, El Gouna, Aswan, Sharm El Sheikh, Giza, Alexandria, Marsa Alam, Quseir, Soma Bay, Sahl Hasheesh, Red Sea, Makadi Bay, Cairo\",\"priceRange\":\"$\",\"currenciesAccepted\":\"euro\",\"paymentAccepted\":\"cash on site\"},{\"@type\":\"PostalAddress\",\"@id\":\"https:\/\/hurghadalovers.com\/hu\/tours\/soma-bay-tevekenysegek-2024-2025\/#local-main-place-address\",\"streetAddress\":\"17 Banks street, Alkawther area, top nbk bank\",\"addressLocality\":\"hurghada\",\"postalCode\":\"84511\",\"addressRegion\":\"red sea\",\"addressCountry\":\"EG\"},{\"@type\":\"ImageObject\",\"inLanguage\":\"hu\",\"@id\":\"https:\/\/hurghadalovers.com\/hu\/tours\/soma-bay-tevekenysegek-2024-2025\/#local-main-organization-logo\",\"url\":\"https:\/\/hurghadalovers.com\/wp-content\/uploads\/2019\/10\/hurghada-excursions-logo.png\",\"contentUrl\":\"https:\/\/hurghadalovers.com\/wp-content\/uploads\/2019\/10\/hurghada-excursions-logo.png\",\"width\":272,\"height\":90,\"caption\":\"Hurghada Excursions\"}]}<\/script>\n<meta property=\"product:brand\" content=\"T\u00far\u00e1k Egyiptomban\" \/>\n<meta property=\"product:price:amount\" content=\"23\" \/>\n<meta property=\"product:price:currency\" content=\"EUR\" \/>\n<meta property=\"og:availability\" content=\"instock\" \/>\n<meta property=\"product:availability\" content=\"instock\" \/>\n<meta property=\"product:retailer_item_id\" content=\"soma99343434\" \/>\n<meta property=\"product:condition\" content=\"new\" \/>\n<meta name=\"geo.placename\" content=\"hurghada\" \/>\n<meta name=\"geo.region\" content=\"Egyiptom\" \/>\n<!-- \/ Yoast SEO Premium plugin. -->","yoast_head_json":{"title":"Soma Bay Tev\u00e9kenys\u00e9gek 2024 \/ 2025 - Hurghada Excursions &amp; Day Trips | Booking Best Prices Tours","robots":{"index":"index","follow":"follow","max-snippet":"max-snippet:-1","max-image-preview":"max-image-preview:large","max-video-preview":"max-video-preview:-1"},"canonical":"https:\/\/hurghadalovers.com\/hu\/tours\/soma-bay-tevekenysegek-2024-2025\/","og_locale":"hu_HU","og_type":"article","og_title":"Soma Bay Tev\u00e9kenys\u00e9gek 2024 \/ 2025","og_description":"Soma Bay Tev\u00e9kenys\u00e9gek 2024 \/ 2025","og_url":"https:\/\/hurghadalovers.com\/hu\/tours\/soma-bay-tevekenysegek-2024-2025\/","og_site_name":"Hurghada Excursions &amp; Day Trips | Booking Best Prices Tours","article_publisher":"https:\/\/www.facebook.com\/Hurghadaloversegypt","article_modified_time":"2024-11-26T21:22:38+00:00","og_image":[{"width":1156,"height":867,"url":"https:\/\/hurghadalovers.com\/wp-content\/uploads\/2025\/02\/Hurghada-Excursions-Day-Trips-Booking-Best-Prices-Tours.jpeg","type":"image\/jpeg"}],"twitter_card":"summary_large_image","twitter_misc":{"\u00c1r":"&euro;&nbsp;23","El\u00e9rhet\u0151s\u00e9g":"K\u00e9szleten"},"schema":{"@context":"https:\/\/schema.org","@graph":[{"@type":["WebPage","ItemPage"],"@id":"https:\/\/hurghadalovers.com\/hu\/tours\/soma-bay-tevekenysegek-2024-2025\/","url":"https:\/\/hurghadalovers.com\/hu\/tours\/soma-bay-tevekenysegek-2024-2025\/","name":"Soma Bay Tev\u00e9kenys\u00e9gek 2024 \/ 2025 - Hurghada Excursions &amp; Day Trips | Booking Best Prices Tours","isPartOf":{"@id":"https:\/\/hurghadalovers.com\/hu\/#website"},"datePublished":"2024-11-26T21:18:50+00:00","dateModified":"2024-11-26T21:22:38+00:00","breadcrumb":{"@id":"https:\/\/hurghadalovers.com\/hu\/tours\/soma-bay-tevekenysegek-2024-2025\/#breadcrumb"},"inLanguage":"hu","potentialAction":[{"@type":"ReadAction","target":["https:\/\/hurghadalovers.com\/hu\/tours\/soma-bay-tevekenysegek-2024-2025\/"]}]},{"@type":"BreadcrumbList","@id":"https:\/\/hurghadalovers.com\/hu\/tours\/soma-bay-tevekenysegek-2024-2025\/#breadcrumb","itemListElement":[{"@type":"ListItem","position":1,"name":"Home","item":"https:\/\/hurghadalovers.com\/hu\/"},{"@type":"ListItem","position":2,"name":"Shop","item":"https:\/\/hurghadalovers.com\/shop\/"},{"@type":"ListItem","position":3,"name":"Soma Bay Tev\u00e9kenys\u00e9gek 2024 \/ 2025"}]},{"@type":"WebSite","@id":"https:\/\/hurghadalovers.com\/hu\/#website","url":"https:\/\/hurghadalovers.com\/hu\/","name":"Hurghada Excursions & Day Trips | Booking Best Prices Tours","description":"Hurghada Lovers - Best Tour Operator - Excursions &amp; Things to do for Family Day Trips with kids and Couples Romantic. Unique .Hidden gems","publisher":{"@id":"https:\/\/hurghadalovers.com\/hu\/#organization"},"alternateName":"Hurghada Excursions","potentialAction":[{"@type":"SearchAction","target":{"@type":"EntryPoint","urlTemplate":"https:\/\/hurghadalovers.com\/hu\/?s={search_term_string}"},"query-input":{"@type":"PropertyValueSpecification","valueRequired":true,"valueName":"search_term_string"}}],"inLanguage":"hu"},{"@type":["Organization","Place","TravelAgency"],"@id":"https:\/\/hurghadalovers.com\/hu\/#organization","name":"Hurghada Excursions","url":"https:\/\/hurghadalovers.com\/hu\/","logo":{"@id":"https:\/\/hurghadalovers.com\/hu\/tours\/soma-bay-tevekenysegek-2024-2025\/#local-main-organization-logo"},"image":{"@id":"https:\/\/hurghadalovers.com\/hu\/tours\/soma-bay-tevekenysegek-2024-2025\/#local-main-organization-logo"},"sameAs":["https:\/\/www.facebook.com\/Hurghadaloversegypt"],"address":{"@id":"https:\/\/hurghadalovers.com\/hu\/tours\/soma-bay-tevekenysegek-2024-2025\/#local-main-place-address"},"telephone":["00201112596434"],"contactPoint":{"@type":"ContactPoint","telephone":"00201112596434","email":"weyouface@gmail.com"},"openingHoursSpecification":{"@type":"OpeningHoursSpecification","dayOfWeek":["Monday","Tuesday","Wednesday","Thursday","Friday","Saturday","Sunday"],"opens":"00:00","closes":"23:59"},"email":"weyouface@gmail.com","areaServed":"Luxor, Hurghada, El Gouna, Aswan, Sharm El Sheikh, Giza, Alexandria, Marsa Alam, Quseir, Soma Bay, Sahl Hasheesh, Red Sea, Makadi Bay, Cairo","priceRange":"$","currenciesAccepted":"euro","paymentAccepted":"cash on site"},{"@type":"PostalAddress","@id":"https:\/\/hurghadalovers.com\/hu\/tours\/soma-bay-tevekenysegek-2024-2025\/#local-main-place-address","streetAddress":"17 Banks street, Alkawther area, top nbk bank","addressLocality":"hurghada","postalCode":"84511","addressRegion":"red sea","addressCountry":"EG"},{"@type":"ImageObject","inLanguage":"hu","@id":"https:\/\/hurghadalovers.com\/hu\/tours\/soma-bay-tevekenysegek-2024-2025\/#local-main-organization-logo","url":"https:\/\/hurghadalovers.com\/wp-content\/uploads\/2019\/10\/hurghada-excursions-logo.png","contentUrl":"https:\/\/hurghadalovers.com\/wp-content\/uploads\/2019\/10\/hurghada-excursions-logo.png","width":272,"height":90,"caption":"Hurghada Excursions"}]},"product_brand":"T\u00far\u00e1k Egyiptomban","product_price_amount":"23","product_price_currency":"EUR","og_availability":"instock","product_availability":"instock","product_retailer_item_id":"soma99343434","product_condition":"new","geo.placename":"hurghada","geo.region":"Egyiptom"},"_links":{"self":[{"href":"https:\/\/hurghadalovers.com\/hu\/wp-json\/wp\/v2\/product\/482837","targetHints":{"allow":["GET"]}}],"collection":[{"href":"https:\/\/hurghadalovers.com\/hu\/wp-json\/wp\/v2\/product"}],"about":[{"href":"https:\/\/hurghadalovers.com\/hu\/wp-json\/wp\/v2\/types\/product"}],"wp:attachment":[{"href":"https:\/\/hurghadalovers.com\/hu\/wp-json\/wp\/v2\/media?parent=482837"}],"wp:term":[{"taxonomy":"product_brand","embeddable":true,"href":"https:\/\/hurghadalovers.com\/hu\/wp-json\/wp\/v2\/product_brand?post=482837"},{"taxonomy":"product_cat","embeddable":true,"href":"https:\/\/hurghadalovers.com\/hu\/wp-json\/wp\/v2\/product_cat?post=482837"},{"taxonomy":"product_tag","embeddable":true,"href":"https:\/\/hurghadalovers.com\/hu\/wp-json\/wp\/v2\/product_tag?post=482837"}],"curies":[{"name":"wp","href":"https:\/\/api.w.org\/{rel}","templated":true}]}}