{"id":482815,"date":"2024-11-26T20:55:26","date_gmt":"2024-11-26T21:06:59","guid":{"rendered":"https:\/\/hurghadalovers.com\/product\/sahl-hasheesh-tevekenysegek-2024-2025\/"},"modified":"2024-11-26T21:09:08","modified_gmt":"2024-11-26T21:09:08","slug":"sahl-hasheesh-tevekenysegek-2024-2025","status":"publish","type":"product","link":"https:\/\/hurghadalovers.com\/hu\/tours\/sahl-hasheesh-tevekenysegek-2024-2025\/","title":{"rendered":"Sahl Hasheesh Tev\u00e9kenys\u00e9gek 2024\/2025"},"content":{"rendered":"<p>Sahl Hasheesh Tev\u00e9kenys\u00e9gek 2024\/2025<\/p>\n","protected":false},"excerpt":{"rendered":"<p>Sahl Hasheesh Tev\u00e9kenys\u00e9gek 2024\/2025<\/p>\n","protected":false},"featured_media":0,"template":"","meta":{"_joinchat":[]},"product_brand":[],"product_cat":[49871],"product_tag":[49925,49935,49892,53822,53983,49941,53928,53855,53777,53858,53749,53830,53780,53864,53791,53940,49875,49882,53752,53744,53949,53818,53965,53921,53973,51425,53758,53826,53840,49877,53903,51416,53909,53898,53814,53892,53937,53932,53761,53961,53918,49921,53846,53802,49887,49917,53915,53755,53958,49914,49900,53837,53764,53774,53900,53895,49904,53861,53943,53952,53785,53797,53834,53782,53969,53843,53766,53925,53985,53728,53794,53806,53906,53769,53788,53810,49908,53953,49938,53977,49929,53849,53732,49932,49896,53852,53912,53946,53740,53736],"class_list":{"0":"post-482815","1":"product","2":"type-product","3":"status-publish","5":"product_cat-turak","6":"product_tag-atv-sahl-hasheesh-hu","7":"product_tag-beduin-falu-sahl-hasheesh","8":"product_tag-belteri-paros-tevekenysegek-sahl-hasheesh","9":"product_tag-belteri-szorakoztato-tevekenysegek-sahl-hasheeshbol","10":"product_tag-bobos-sahl-hasheesh-vizi-sportok","11":"product_tag-buggy-tour-sahl-hasheesh-hu","12":"product_tag-buvarkodas-sahl-hasheesh","13":"product_tag-csaladdal-kapcsolatos-tennivalok-sahl-hasheeshbol","14":"product_tag-csaladi-kirandulasok-sahl-hasheeshbol","15":"product_tag-csaladi-szorakozohelyek-sahl-hasheeshbol","16":"product_tag-csaladi-tennivalok-sahl-hasheeshbol","17":"product_tag-csaladi-tevekenysegek-sahl-hasheeshbol","18":"product_tag-delfin-show-sahl-hasheeshben","19":"product_tag-dolgok-a-csecsemokkel-sahl-hasheeshbol","20":"product_tag-dolgok-sahl-hasheesh","21":"product_tag-dolphin-house-sahl-hasheesh-hu","22":"product_tag-egynapos-kirandulasok-sahl-hasheeshbol","23":"product_tag-egynapos-turak-sahl-hasheeshbol","24":"product_tag-fel-tengeralattjaro-sahl-hasheesh","25":"product_tag-fun-helyek-hogy-menjen-a-csaladdal-a-sahl-hasheesh","26":"product_tag-giftun-sziget-sahl-hasheesh","27":"product_tag-gyermek-tevekenysegek-sahl-hasheeshbol","28":"product_tag-hajokolcsonzes-sahl-hasheesh","29":"product_tag-holegballon-sahl-hasheesh","30":"product_tag-jeep-safari-sahl-hasheesh-hu","31":"product_tag-kairo-privat-turak","32":"product_tag-kairoi-kirandulas-sahl-hasheeshbol","33":"product_tag-kisgyermekes-tevekenysegek-sahl-hasheeshbol","34":"product_tag-latnivalok-sahl-hasheesh-ben","35":"product_tag-latvanyos-helyek-sahl-hasheesh-ben","36":"product_tag-luxor-egynapos-tura-sahl-hasheeshbol","37":"product_tag-luxor-privat-turak","38":"product_tag-luxor-tura-sahl-hasheeshbol","39":"product_tag-luxori-kirandulas-sahl-hasheeshbol","40":"product_tag-mit-lehet-csinalni-gyerekekkel-sahl-hasheeshbol","41":"product_tag-olcso-csaladi-kirandulasok-sahl-hasheeshbol","42":"product_tag-orange-bay-sziget-sahl-hasheesh","43":"product_tag-paradise-island-sahl-hasheesh-hu","44":"product_tag-piramisok-sahl-hasheeshbol","45":"product_tag-privat-hajo-sahl-hasheesh","46":"product_tag-privat-luxor-tura-sahl-hasheesh-bol","47":"product_tag-quad-kerekparozas-sahl-hasheesh","48":"product_tag-romantikus-tennivalok-sahl-hasheesh-ben","49":"product_tag-romantikus-tennivalok-sahl-hasheeshbol","50":"product_tag-romantikus-tevekenysegek-paroknak-sahl-hasheeshben","51":"product_tag-safari-sahara-sahl-hasheesh-hu","52":"product_tag-sahl-hasheesh-a-kiralyok-volgyebe","53":"product_tag-sahl-hasheesh-a-piramisokhoz","54":"product_tag-sahl-hasheesh-boat-charters-hu","55":"product_tag-sahl-hasheesh-buggy-safari-hu","56":"product_tag-sahl-hasheesh-csaladbarat-tevekenysegek","57":"product_tag-sahl-hasheesh-egynapos-turak","58":"product_tag-sahl-hasheesh-ejtoernyozes","59":"product_tag-sahl-hasheesh-es-a-piramisok-kozotti-egynapos-kirandulas","60":"product_tag-sahl-hasheesh-es-luxor-kozott-autobusz","61":"product_tag-sahl-hasheesh-es-luxor-kozotti-egynapos-kirandulas","62":"product_tag-sahl-hasheesh-gyerekbarat-turak","63":"product_tag-sahl-hasheesh-gyermekprogramok","64":"product_tag-sahl-hasheesh-hajokirandulasok","65":"product_tag-sahl-hasheesh-kalozhajo","66":"product_tag-sahl-hasheesh-kirandulasok","67":"product_tag-sahl-hasheesh-kirandulasok-hu","68":"product_tag-sahl-hasheesh-mi-a-teendo","69":"product_tag-sahl-hasheesh-olcso-kirandulasok-csaladoknak","70":"product_tag-sahl-hasheesh-privat-hajokirandulas","71":"product_tag-sahl-hasheesh-romantikus-turak","72":"product_tag-sahl-hasheesh-sikloernyozes","73":"product_tag-sahl-hasheesh-snorkeling-kirandulasok","74":"product_tag-sahl-hasheesh-szorfozes","75":"product_tag-sahl-hasheesh-tengeralattjaro-tura","76":"product_tag-sahl-hasheesh-tevekenysegek","77":"product_tag-sahl-hasheesh-tevekenysegek-paroknak","78":"product_tag-sahl-hasheesh-tours-luxorba","79":"product_tag-sahl-hasheesh-utazas-kairoba","80":"product_tag-sahl-hasheesh-vizi-park","81":"product_tag-sahl-hasheeshben-a-paroknak-szolo-tennivalok","82":"product_tag-sivatagi-szafari-sahl-hasheesh","83":"product_tag-speed-boat-sahl-hasheesh-hu","84":"product_tag-star-gazing-sahl-hasheesh-hu","85":"product_tag-super-safari-sahl-hasheesh-hu","86":"product_tag-szafari-tura-sahl-hasheesh","87":"product_tag-szorakoztato-csaladi-tevekenysegek-sahl-hasheeshbol","88":"product_tag-tengeralattjaro-utazas-sahl-hasheesh","89":"product_tag-teve-lovaglas-sahl-hasheesh","90":"product_tag-tevekenysegek-2-eveseknek-sahl-hasheeshbol","91":"product_tag-tevekenysegek-tizeneveseknek-sahl-hasheeshbol","92":"product_tag-transzfer-luxor-es-sahl-hasheesh-kozott","93":"product_tag-uszas-delfinekkel-sahl-hasheesh","94":"product_tag-utopia-sziget-sahl-hasheesh","95":"product_tag-uvegfeneku-hajo-sahl-hasheesh","96":"tour_category-egypt-tours-hu","98":"first","99":"instock","100":"sale","101":"shipping-taxable","102":"purchasable","103":"product-type-tour"},"yoast_head":"<!-- This site is optimized with the Yoast SEO Premium plugin v26.9 (Yoast SEO v27.2) - https:\/\/yoast.com\/product\/yoast-seo-premium-wordpress\/ -->\n<title>Sahl Hasheesh Tev\u00e9kenys\u00e9gek 2024\/2025 - Hurghada Excursions &amp; Day Trips | Booking Best Prices Tours<\/title>\n<meta name=\"robots\" content=\"index, follow, max-snippet:-1, max-image-preview:large, max-video-preview:-1\" \/>\n<link rel=\"canonical\" href=\"https:\/\/hurghadalovers.com\/hu\/tours\/sahl-hasheesh-tevekenysegek-2024-2025\/\" \/>\n<meta property=\"og:locale\" content=\"hu_HU\" \/>\n<meta property=\"og:type\" content=\"article\" \/>\n<meta property=\"og:title\" content=\"Sahl Hasheesh Tev\u00e9kenys\u00e9gek 2024\/2025\" \/>\n<meta property=\"og:description\" content=\"Sahl Hasheesh Tev\u00e9kenys\u00e9gek 2024\/2025\" \/>\n<meta property=\"og:url\" content=\"https:\/\/hurghadalovers.com\/hu\/tours\/sahl-hasheesh-tevekenysegek-2024-2025\/\" \/>\n<meta property=\"og:site_name\" content=\"Hurghada Excursions &amp; Day Trips | Booking Best Prices Tours\" \/>\n<meta property=\"article:publisher\" content=\"https:\/\/www.facebook.com\/Hurghadaloversegypt\" \/>\n<meta property=\"article:modified_time\" content=\"2024-11-26T21:09:08+00:00\" \/>\n<meta property=\"og:image\" content=\"https:\/\/hurghadalovers.com\/wp-content\/uploads\/2025\/02\/Hurghada-Excursions-Day-Trips-Booking-Best-Prices-Tours.jpeg\" \/>\n\t<meta property=\"og:image:width\" content=\"1156\" \/>\n\t<meta property=\"og:image:height\" content=\"867\" \/>\n\t<meta property=\"og:image:type\" content=\"image\/jpeg\" \/>\n<meta name=\"twitter:card\" content=\"summary_large_image\" \/>\n<meta name=\"twitter:label1\" content=\"\u00c1r\" \/>\n\t<meta name=\"twitter:data1\" content=\"&euro;&nbsp;19\" \/>\n\t<meta name=\"twitter:label2\" content=\"El\u00e9rhet\u0151s\u00e9g\" \/>\n\t<meta name=\"twitter:data2\" content=\"K\u00e9szleten\" \/>\n<script type=\"application\/ld+json\" class=\"yoast-schema-graph\">{\"@context\":\"https:\/\/schema.org\",\"@graph\":[{\"@type\":[\"WebPage\",\"ItemPage\"],\"@id\":\"https:\/\/hurghadalovers.com\/hu\/tours\/sahl-hasheesh-tevekenysegek-2024-2025\/\",\"url\":\"https:\/\/hurghadalovers.com\/hu\/tours\/sahl-hasheesh-tevekenysegek-2024-2025\/\",\"name\":\"Sahl Hasheesh Tev\u00e9kenys\u00e9gek 2024\/2025 - Hurghada Excursions &amp; Day Trips | Booking Best Prices Tours\",\"isPartOf\":{\"@id\":\"https:\/\/hurghadalovers.com\/hu\/#website\"},\"datePublished\":\"2024-11-26T21:06:59+00:00\",\"dateModified\":\"2024-11-26T21:09:08+00:00\",\"breadcrumb\":{\"@id\":\"https:\/\/hurghadalovers.com\/hu\/tours\/sahl-hasheesh-tevekenysegek-2024-2025\/#breadcrumb\"},\"inLanguage\":\"hu\",\"potentialAction\":[{\"@type\":\"ReadAction\",\"target\":[\"https:\/\/hurghadalovers.com\/hu\/tours\/sahl-hasheesh-tevekenysegek-2024-2025\/\"]}]},{\"@type\":\"BreadcrumbList\",\"@id\":\"https:\/\/hurghadalovers.com\/hu\/tours\/sahl-hasheesh-tevekenysegek-2024-2025\/#breadcrumb\",\"itemListElement\":[{\"@type\":\"ListItem\",\"position\":1,\"name\":\"Home\",\"item\":\"https:\/\/hurghadalovers.com\/hu\/\"},{\"@type\":\"ListItem\",\"position\":2,\"name\":\"Shop\",\"item\":\"https:\/\/hurghadalovers.com\/shop\/\"},{\"@type\":\"ListItem\",\"position\":3,\"name\":\"Sahl Hasheesh Tev\u00e9kenys\u00e9gek 2024\/2025\"}]},{\"@type\":\"WebSite\",\"@id\":\"https:\/\/hurghadalovers.com\/hu\/#website\",\"url\":\"https:\/\/hurghadalovers.com\/hu\/\",\"name\":\"Hurghada Excursions & Day Trips | Booking Best Prices Tours\",\"description\":\"Hurghada Lovers - Best Tour Operator - Excursions &amp; Things to do for Family Day Trips with kids and Couples Romantic. Unique .Hidden gems\",\"publisher\":{\"@id\":\"https:\/\/hurghadalovers.com\/hu\/#organization\"},\"alternateName\":\"Hurghada Excursions\",\"potentialAction\":[{\"@type\":\"SearchAction\",\"target\":{\"@type\":\"EntryPoint\",\"urlTemplate\":\"https:\/\/hurghadalovers.com\/hu\/?s={search_term_string}\"},\"query-input\":{\"@type\":\"PropertyValueSpecification\",\"valueRequired\":true,\"valueName\":\"search_term_string\"}}],\"inLanguage\":\"hu\"},{\"@type\":[\"Organization\",\"Place\",\"TravelAgency\"],\"@id\":\"https:\/\/hurghadalovers.com\/hu\/#organization\",\"name\":\"Hurghada Excursions\",\"url\":\"https:\/\/hurghadalovers.com\/hu\/\",\"logo\":{\"@id\":\"https:\/\/hurghadalovers.com\/hu\/tours\/sahl-hasheesh-tevekenysegek-2024-2025\/#local-main-organization-logo\"},\"image\":{\"@id\":\"https:\/\/hurghadalovers.com\/hu\/tours\/sahl-hasheesh-tevekenysegek-2024-2025\/#local-main-organization-logo\"},\"sameAs\":[\"https:\/\/www.facebook.com\/Hurghadaloversegypt\"],\"address\":{\"@id\":\"https:\/\/hurghadalovers.com\/hu\/tours\/sahl-hasheesh-tevekenysegek-2024-2025\/#local-main-place-address\"},\"telephone\":[\"00201112596434\"],\"contactPoint\":{\"@type\":\"ContactPoint\",\"telephone\":\"00201112596434\",\"email\":\"weyouface@gmail.com\"},\"openingHoursSpecification\":{\"@type\":\"OpeningHoursSpecification\",\"dayOfWeek\":[\"Monday\",\"Tuesday\",\"Wednesday\",\"Thursday\",\"Friday\",\"Saturday\",\"Sunday\"],\"opens\":\"00:00\",\"closes\":\"23:59\"},\"email\":\"weyouface@gmail.com\",\"areaServed\":\"Luxor, Hurghada, El Gouna, Aswan, Sharm El Sheikh, Giza, Alexandria, Marsa Alam, Quseir, Soma Bay, Sahl Hasheesh, Red Sea, Makadi Bay, Cairo\",\"priceRange\":\"$\",\"currenciesAccepted\":\"euro\",\"paymentAccepted\":\"cash on site\"},{\"@type\":\"PostalAddress\",\"@id\":\"https:\/\/hurghadalovers.com\/hu\/tours\/sahl-hasheesh-tevekenysegek-2024-2025\/#local-main-place-address\",\"streetAddress\":\"17 Banks street, Alkawther area, top nbk bank\",\"addressLocality\":\"hurghada\",\"postalCode\":\"84511\",\"addressRegion\":\"red sea\",\"addressCountry\":\"EG\"},{\"@type\":\"ImageObject\",\"inLanguage\":\"hu\",\"@id\":\"https:\/\/hurghadalovers.com\/hu\/tours\/sahl-hasheesh-tevekenysegek-2024-2025\/#local-main-organization-logo\",\"url\":\"https:\/\/hurghadalovers.com\/wp-content\/uploads\/2019\/10\/hurghada-excursions-logo.png\",\"contentUrl\":\"https:\/\/hurghadalovers.com\/wp-content\/uploads\/2019\/10\/hurghada-excursions-logo.png\",\"width\":272,\"height\":90,\"caption\":\"Hurghada Excursions\"}]}<\/script>\n<meta property=\"product:brand\" content=\"T\u00far\u00e1k Egyiptomban\" \/>\n<meta property=\"product:price:amount\" content=\"19\" \/>\n<meta property=\"product:price:currency\" content=\"EUR\" \/>\n<meta property=\"og:availability\" content=\"instock\" \/>\n<meta property=\"product:availability\" content=\"instock\" \/>\n<meta property=\"product:retailer_item_id\" content=\"Sahl3888834232\" \/>\n<meta property=\"product:condition\" content=\"new\" \/>\n<meta name=\"geo.placename\" content=\"hurghada\" \/>\n<meta name=\"geo.region\" content=\"Egyiptom\" \/>\n<!-- \/ Yoast SEO Premium plugin. -->","yoast_head_json":{"title":"Sahl Hasheesh Tev\u00e9kenys\u00e9gek 2024\/2025 - Hurghada Excursions &amp; Day Trips | Booking Best Prices Tours","robots":{"index":"index","follow":"follow","max-snippet":"max-snippet:-1","max-image-preview":"max-image-preview:large","max-video-preview":"max-video-preview:-1"},"canonical":"https:\/\/hurghadalovers.com\/hu\/tours\/sahl-hasheesh-tevekenysegek-2024-2025\/","og_locale":"hu_HU","og_type":"article","og_title":"Sahl Hasheesh Tev\u00e9kenys\u00e9gek 2024\/2025","og_description":"Sahl Hasheesh Tev\u00e9kenys\u00e9gek 2024\/2025","og_url":"https:\/\/hurghadalovers.com\/hu\/tours\/sahl-hasheesh-tevekenysegek-2024-2025\/","og_site_name":"Hurghada Excursions &amp; Day Trips | Booking Best Prices Tours","article_publisher":"https:\/\/www.facebook.com\/Hurghadaloversegypt","article_modified_time":"2024-11-26T21:09:08+00:00","og_image":[{"width":1156,"height":867,"url":"https:\/\/hurghadalovers.com\/wp-content\/uploads\/2025\/02\/Hurghada-Excursions-Day-Trips-Booking-Best-Prices-Tours.jpeg","type":"image\/jpeg"}],"twitter_card":"summary_large_image","twitter_misc":{"\u00c1r":"&euro;&nbsp;19","El\u00e9rhet\u0151s\u00e9g":"K\u00e9szleten"},"schema":{"@context":"https:\/\/schema.org","@graph":[{"@type":["WebPage","ItemPage"],"@id":"https:\/\/hurghadalovers.com\/hu\/tours\/sahl-hasheesh-tevekenysegek-2024-2025\/","url":"https:\/\/hurghadalovers.com\/hu\/tours\/sahl-hasheesh-tevekenysegek-2024-2025\/","name":"Sahl Hasheesh Tev\u00e9kenys\u00e9gek 2024\/2025 - Hurghada Excursions &amp; Day Trips | Booking Best Prices Tours","isPartOf":{"@id":"https:\/\/hurghadalovers.com\/hu\/#website"},"datePublished":"2024-11-26T21:06:59+00:00","dateModified":"2024-11-26T21:09:08+00:00","breadcrumb":{"@id":"https:\/\/hurghadalovers.com\/hu\/tours\/sahl-hasheesh-tevekenysegek-2024-2025\/#breadcrumb"},"inLanguage":"hu","potentialAction":[{"@type":"ReadAction","target":["https:\/\/hurghadalovers.com\/hu\/tours\/sahl-hasheesh-tevekenysegek-2024-2025\/"]}]},{"@type":"BreadcrumbList","@id":"https:\/\/hurghadalovers.com\/hu\/tours\/sahl-hasheesh-tevekenysegek-2024-2025\/#breadcrumb","itemListElement":[{"@type":"ListItem","position":1,"name":"Home","item":"https:\/\/hurghadalovers.com\/hu\/"},{"@type":"ListItem","position":2,"name":"Shop","item":"https:\/\/hurghadalovers.com\/shop\/"},{"@type":"ListItem","position":3,"name":"Sahl Hasheesh Tev\u00e9kenys\u00e9gek 2024\/2025"}]},{"@type":"WebSite","@id":"https:\/\/hurghadalovers.com\/hu\/#website","url":"https:\/\/hurghadalovers.com\/hu\/","name":"Hurghada Excursions & Day Trips | Booking Best Prices Tours","description":"Hurghada Lovers - Best Tour Operator - Excursions &amp; Things to do for Family Day Trips with kids and Couples Romantic. Unique .Hidden gems","publisher":{"@id":"https:\/\/hurghadalovers.com\/hu\/#organization"},"alternateName":"Hurghada Excursions","potentialAction":[{"@type":"SearchAction","target":{"@type":"EntryPoint","urlTemplate":"https:\/\/hurghadalovers.com\/hu\/?s={search_term_string}"},"query-input":{"@type":"PropertyValueSpecification","valueRequired":true,"valueName":"search_term_string"}}],"inLanguage":"hu"},{"@type":["Organization","Place","TravelAgency"],"@id":"https:\/\/hurghadalovers.com\/hu\/#organization","name":"Hurghada Excursions","url":"https:\/\/hurghadalovers.com\/hu\/","logo":{"@id":"https:\/\/hurghadalovers.com\/hu\/tours\/sahl-hasheesh-tevekenysegek-2024-2025\/#local-main-organization-logo"},"image":{"@id":"https:\/\/hurghadalovers.com\/hu\/tours\/sahl-hasheesh-tevekenysegek-2024-2025\/#local-main-organization-logo"},"sameAs":["https:\/\/www.facebook.com\/Hurghadaloversegypt"],"address":{"@id":"https:\/\/hurghadalovers.com\/hu\/tours\/sahl-hasheesh-tevekenysegek-2024-2025\/#local-main-place-address"},"telephone":["00201112596434"],"contactPoint":{"@type":"ContactPoint","telephone":"00201112596434","email":"weyouface@gmail.com"},"openingHoursSpecification":{"@type":"OpeningHoursSpecification","dayOfWeek":["Monday","Tuesday","Wednesday","Thursday","Friday","Saturday","Sunday"],"opens":"00:00","closes":"23:59"},"email":"weyouface@gmail.com","areaServed":"Luxor, Hurghada, El Gouna, Aswan, Sharm El Sheikh, Giza, Alexandria, Marsa Alam, Quseir, Soma Bay, Sahl Hasheesh, Red Sea, Makadi Bay, Cairo","priceRange":"$","currenciesAccepted":"euro","paymentAccepted":"cash on site"},{"@type":"PostalAddress","@id":"https:\/\/hurghadalovers.com\/hu\/tours\/sahl-hasheesh-tevekenysegek-2024-2025\/#local-main-place-address","streetAddress":"17 Banks street, Alkawther area, top nbk bank","addressLocality":"hurghada","postalCode":"84511","addressRegion":"red sea","addressCountry":"EG"},{"@type":"ImageObject","inLanguage":"hu","@id":"https:\/\/hurghadalovers.com\/hu\/tours\/sahl-hasheesh-tevekenysegek-2024-2025\/#local-main-organization-logo","url":"https:\/\/hurghadalovers.com\/wp-content\/uploads\/2019\/10\/hurghada-excursions-logo.png","contentUrl":"https:\/\/hurghadalovers.com\/wp-content\/uploads\/2019\/10\/hurghada-excursions-logo.png","width":272,"height":90,"caption":"Hurghada Excursions"}]},"product_brand":"T\u00far\u00e1k Egyiptomban","product_price_amount":"19","product_price_currency":"EUR","og_availability":"instock","product_availability":"instock","product_retailer_item_id":"Sahl3888834232","product_condition":"new","geo.placename":"hurghada","geo.region":"Egyiptom"},"_links":{"self":[{"href":"https:\/\/hurghadalovers.com\/hu\/wp-json\/wp\/v2\/product\/482815","targetHints":{"allow":["GET"]}}],"collection":[{"href":"https:\/\/hurghadalovers.com\/hu\/wp-json\/wp\/v2\/product"}],"about":[{"href":"https:\/\/hurghadalovers.com\/hu\/wp-json\/wp\/v2\/types\/product"}],"wp:attachment":[{"href":"https:\/\/hurghadalovers.com\/hu\/wp-json\/wp\/v2\/media?parent=482815"}],"wp:term":[{"taxonomy":"product_brand","embeddable":true,"href":"https:\/\/hurghadalovers.com\/hu\/wp-json\/wp\/v2\/product_brand?post=482815"},{"taxonomy":"product_cat","embeddable":true,"href":"https:\/\/hurghadalovers.com\/hu\/wp-json\/wp\/v2\/product_cat?post=482815"},{"taxonomy":"product_tag","embeddable":true,"href":"https:\/\/hurghadalovers.com\/hu\/wp-json\/wp\/v2\/product_tag?post=482815"}],"curies":[{"name":"wp","href":"https:\/\/api.w.org\/{rel}","templated":true}]}}