{"id":482780,"date":"2024-11-26T20:31:32","date_gmt":"2024-11-26T20:37:16","guid":{"rendered":"https:\/\/hurghadalovers.com\/product\/makadi-bay-tevekenysegek-2024-2025\/"},"modified":"2024-11-26T20:49:40","modified_gmt":"2024-11-26T20:49:40","slug":"makadi-bay-tevekenysegek-2024-2025","status":"publish","type":"product","link":"https:\/\/hurghadalovers.com\/hu\/tours\/makadi-bay-tevekenysegek-2024-2025\/","title":{"rendered":"Makadi Bay Tev\u00e9kenys\u00e9gek 2024\/2025"},"content":{"rendered":"<p>Makadi Bay Tev\u00e9kenys\u00e9gek 2024\/2025<\/p>\n","protected":false},"excerpt":{"rendered":"<p>Makadi Bay Tev\u00e9kenys\u00e9gek 2024\/2025<\/p>\n","protected":false},"featured_media":0,"template":"","meta":{"_joinchat":[]},"product_brand":[],"product_cat":[49871],"product_tag":[51423,51421,51469,51477,50272,51410,51511,51471,51403,51373,51382,51384,51376,51414,51464,51505,50247,51531,51419,51417,50259,50264,51519,51432,51408,51447,51491,51456,51425,51500,51434,51412,50257,50261,51485,51416,51489,51482,51493,51499,51461,51391,51386,50251,50255,51483,51393,51395,51441,51427,50245,51479,50253,51399,51503,51450,50269,51401,51513,51517,50249,50267,51487,51502,51515,50268,51405,51388,51529,51527,51507,51501,51444,51497,51468,50266,50270,50271,51466,51509,51453,51437,51459,51473,51378,51397,51521,51475,51389,51380,51495,51429,51525,51523],"class_list":{"0":"post-482780","1":"product","2":"type-product","3":"status-publish","5":"product_cat-turak","6":"product_tag-a-legjobb-egyiptom-privat-tura-cegek","7":"product_tag-a-legjobb-luxus-egyiptom-tour-cegek","8":"product_tag-atv-makadi-bay-hu","9":"product_tag-beduin-falu-makadi-bay","10":"product_tag-belteri-paros-tevekenysegek-makadi-bay","11":"product_tag-belteri-szorakozasi-lehetosegek-a-makadi-obolbol","12":"product_tag-bobos-makadi-bay-vizi-sportok","13":"product_tag-buggy-tura-makadi-bay","14":"product_tag-buvarkodas-makadi-bay","15":"product_tag-csaladi-kirandulasok-makadi-baybol","16":"product_tag-csaladi-programok-makadi-baybol","17":"product_tag-csaladi-szorakozasi-helyek-makadi-bay-tol","18":"product_tag-csaladi-tennivalok-makadi-baybol","19":"product_tag-csaladi-tevekenysegek-a-makadi-obolbol","20":"product_tag-csillagaszat-makadi-bay","21":"product_tag-delfin-show-a-makadi-obolben","22":"product_tag-dolgok-makadi-bay","23":"product_tag-dolphin-house-makadi-bay-hu","24":"product_tag-egyiptom-luxus-turak","25":"product_tag-egyiptom-privat-turak","26":"product_tag-egynapos-kirandulasok-makadi-baybol","27":"product_tag-egynapos-turak-makadi-baybol","28":"product_tag-fel-tengeralattjaro-makadi-bay","29":"product_tag-giftun-sziget-makadi-obol","30":"product_tag-gyerekprogramok-a-makadi-obolbol","31":"product_tag-hajokolcsonzes-makadi-bay","32":"product_tag-holegballon-makadi-bay","33":"product_tag-jeep-safari-makadi-bay-hu","34":"product_tag-kairo-privat-turak","35":"product_tag-kairoi-kirandulas-makadi-baybol","36":"product_tag-kalozhajo-makadi-bay","37":"product_tag-kisgyermekes-tevekenysegek-makadi-baybol","38":"product_tag-latnivalok-makadi-bay-ben","39":"product_tag-latogathato-helyek-makadi-bay","40":"product_tag-luxor-egynapos-tura-a-makadi-obolbol","41":"product_tag-luxor-privat-turak","42":"product_tag-luxor-tura-a-makadi-obolbol","43":"product_tag-luxori-kirandulas-a-makadi-obolbol","44":"product_tag-makadi-bay-a-kiralyok-volgyebe","45":"product_tag-makadi-bay-a-piramisokhoz","46":"product_tag-makadi-bay-buggy-szafari","47":"product_tag-makadi-bay-csaladbarat-tevekenysegek","48":"product_tag-makadi-bay-csecsemokkel-kapcsolatos-teendok","49":"product_tag-makadi-bay-egynapos-kirandulasok","50":"product_tag-makadi-bay-egynapos-turak","51":"product_tag-makadi-bay-es-luxor-kozott-autobusz","52":"product_tag-makadi-bay-gyerekbarat-turak","53":"product_tag-makadi-bay-gyermekprogramok","54":"product_tag-makadi-bay-hajo-charters","55":"product_tag-makadi-bay-hajokirandulasok","56":"product_tag-makadi-bay-kirandulasok","57":"product_tag-makadi-bay-luxorba-egynapos-kirandulas","58":"product_tag-makadi-bay-mi-a-teendo","59":"product_tag-makadi-bay-olcso-kirandulasok-csaladoknak","60":"product_tag-makadi-bay-piramisok-egynapos-kirandulas","61":"product_tag-makadi-bay-privat-hajokirandulas","62":"product_tag-makadi-bay-romantikus-turak","63":"product_tag-makadi-bay-snorkeling-kirandulasok","64":"product_tag-makadi-bay-szorfozes","65":"product_tag-makadi-bay-tengeralattjaro-tura","66":"product_tag-makadi-bay-tevekenysegek","67":"product_tag-makadi-bay-tevekenysegek-paroknak","68":"product_tag-makadi-bay-tours-luxorba","69":"product_tag-makadi-bay-utazas-kairoba","70":"product_tag-makadi-bay-vizi-park","71":"product_tag-makadi-bayben-a-parok-szamara","72":"product_tag-mit-lehet-csinalni-a-gyerekekkel-makadi-baybol","73":"product_tag-olcso-csaladi-kirandulasok-makadi-baybol","74":"product_tag-orange-bay-sziget-makadi-obol","75":"product_tag-paradicsom-sziget-makadi-obol","76":"product_tag-parasailing-makadi-bay-hu","77":"product_tag-piramisok-a-makadi-obolbol","78":"product_tag-privat-hajo-makadi-bay","79":"product_tag-privat-luxor-tura-makadi-baybol","80":"product_tag-quad-kerekparozas-makadi-bay","81":"product_tag-romantikus-dolgok-a-makadi-obolbol","82":"product_tag-romantikus-dolgok-makadi-bay","83":"product_tag-romantikus-tevekenysegek-paroknak-makadi-bayben","84":"product_tag-safari-sahara-makadi-bay-hu","85":"product_tag-sikloernyozes-makadi-bay","86":"product_tag-sivatagi-szafari-makadi-bay","87":"product_tag-speed-boat-makadi-bay-hu","88":"product_tag-super-safari-makadi-bay-hu","89":"product_tag-szafari-tura-makadi-bay","90":"product_tag-szorakoztato-csaladi-tevekenysegek-a-makadi-obolbol","91":"product_tag-szorakoztato-helyek-a-csaladdal-a-makadi-baybol","92":"product_tag-tengeralattjaro-kirandulas-makadi-bay","93":"product_tag-teve-lovaglas-makadi-bay","94":"product_tag-tevekenysegek-2-eveseknek-makadi-baybol","95":"product_tag-tevekenysegek-tizeneveseknek-makadi-baybol","96":"product_tag-transzfer-luxor-es-makadi-bay-kozott","97":"product_tag-uszas-delfinekkel-makadi-bay","98":"product_tag-utopia-sziget-makadi-obol","99":"product_tag-uvegfeneku-hajo-makadi-bay","100":"tour_category-egypt-tours-hu","102":"first","103":"instock","104":"sale","105":"shipping-taxable","106":"purchasable","107":"product-type-tour"},"yoast_head":"<!-- This site is optimized with the Yoast SEO Premium plugin v26.9 (Yoast SEO v27.2) - https:\/\/yoast.com\/product\/yoast-seo-premium-wordpress\/ -->\n<title>Makadi Bay Tev\u00e9kenys\u00e9gek 2024\/2025 - Hurghada Excursions &amp; Day Trips | Booking Best Prices Tours<\/title>\n<meta name=\"robots\" content=\"index, follow, max-snippet:-1, max-image-preview:large, max-video-preview:-1\" \/>\n<link rel=\"canonical\" href=\"https:\/\/hurghadalovers.com\/hu\/tours\/makadi-bay-tevekenysegek-2024-2025\/\" \/>\n<meta property=\"og:locale\" content=\"hu_HU\" \/>\n<meta property=\"og:type\" content=\"article\" \/>\n<meta property=\"og:title\" content=\"Makadi Bay Tev\u00e9kenys\u00e9gek 2024\/2025\" \/>\n<meta property=\"og:description\" content=\"Makadi Bay Tev\u00e9kenys\u00e9gek 2024\/2025\" \/>\n<meta property=\"og:url\" content=\"https:\/\/hurghadalovers.com\/hu\/tours\/makadi-bay-tevekenysegek-2024-2025\/\" \/>\n<meta property=\"og:site_name\" content=\"Hurghada Excursions &amp; Day Trips | Booking Best Prices Tours\" \/>\n<meta property=\"article:publisher\" content=\"https:\/\/www.facebook.com\/Hurghadaloversegypt\" \/>\n<meta property=\"article:modified_time\" content=\"2024-11-26T20:49:40+00:00\" \/>\n<meta property=\"og:image\" content=\"https:\/\/hurghadalovers.com\/wp-content\/uploads\/2025\/02\/Hurghada-Excursions-Day-Trips-Booking-Best-Prices-Tours.jpeg\" \/>\n\t<meta property=\"og:image:width\" content=\"1156\" \/>\n\t<meta property=\"og:image:height\" content=\"867\" \/>\n\t<meta property=\"og:image:type\" content=\"image\/jpeg\" \/>\n<meta name=\"twitter:card\" content=\"summary_large_image\" \/>\n<meta name=\"twitter:label1\" content=\"\u00c1r\" \/>\n\t<meta name=\"twitter:data1\" content=\"&euro;&nbsp;20\" \/>\n\t<meta name=\"twitter:label2\" content=\"El\u00e9rhet\u0151s\u00e9g\" \/>\n\t<meta name=\"twitter:data2\" content=\"K\u00e9szleten\" \/>\n<script type=\"application\/ld+json\" class=\"yoast-schema-graph\">{\"@context\":\"https:\/\/schema.org\",\"@graph\":[{\"@type\":[\"WebPage\",\"ItemPage\"],\"@id\":\"https:\/\/hurghadalovers.com\/hu\/tours\/makadi-bay-tevekenysegek-2024-2025\/\",\"url\":\"https:\/\/hurghadalovers.com\/hu\/tours\/makadi-bay-tevekenysegek-2024-2025\/\",\"name\":\"Makadi Bay Tev\u00e9kenys\u00e9gek 2024\/2025 - Hurghada Excursions &amp; Day Trips | Booking Best Prices Tours\",\"isPartOf\":{\"@id\":\"https:\/\/hurghadalovers.com\/hu\/#website\"},\"datePublished\":\"2024-11-26T20:37:16+00:00\",\"dateModified\":\"2024-11-26T20:49:40+00:00\",\"breadcrumb\":{\"@id\":\"https:\/\/hurghadalovers.com\/hu\/tours\/makadi-bay-tevekenysegek-2024-2025\/#breadcrumb\"},\"inLanguage\":\"hu\",\"potentialAction\":[{\"@type\":\"ReadAction\",\"target\":[\"https:\/\/hurghadalovers.com\/hu\/tours\/makadi-bay-tevekenysegek-2024-2025\/\"]}]},{\"@type\":\"BreadcrumbList\",\"@id\":\"https:\/\/hurghadalovers.com\/hu\/tours\/makadi-bay-tevekenysegek-2024-2025\/#breadcrumb\",\"itemListElement\":[{\"@type\":\"ListItem\",\"position\":1,\"name\":\"Home\",\"item\":\"https:\/\/hurghadalovers.com\/hu\/\"},{\"@type\":\"ListItem\",\"position\":2,\"name\":\"Shop\",\"item\":\"https:\/\/hurghadalovers.com\/shop\/\"},{\"@type\":\"ListItem\",\"position\":3,\"name\":\"Makadi Bay Tev\u00e9kenys\u00e9gek 2024\/2025\"}]},{\"@type\":\"WebSite\",\"@id\":\"https:\/\/hurghadalovers.com\/hu\/#website\",\"url\":\"https:\/\/hurghadalovers.com\/hu\/\",\"name\":\"Hurghada Excursions & Day Trips | Booking Best Prices Tours\",\"description\":\"Hurghada Lovers - Best Tour Operator - Excursions &amp; Things to do for Family Day Trips with kids and Couples Romantic. Unique .Hidden gems\",\"publisher\":{\"@id\":\"https:\/\/hurghadalovers.com\/hu\/#organization\"},\"alternateName\":\"Hurghada Excursions\",\"potentialAction\":[{\"@type\":\"SearchAction\",\"target\":{\"@type\":\"EntryPoint\",\"urlTemplate\":\"https:\/\/hurghadalovers.com\/hu\/?s={search_term_string}\"},\"query-input\":{\"@type\":\"PropertyValueSpecification\",\"valueRequired\":true,\"valueName\":\"search_term_string\"}}],\"inLanguage\":\"hu\"},{\"@type\":[\"Organization\",\"Place\",\"TravelAgency\"],\"@id\":\"https:\/\/hurghadalovers.com\/hu\/#organization\",\"name\":\"Hurghada Excursions\",\"url\":\"https:\/\/hurghadalovers.com\/hu\/\",\"logo\":{\"@id\":\"https:\/\/hurghadalovers.com\/hu\/tours\/makadi-bay-tevekenysegek-2024-2025\/#local-main-organization-logo\"},\"image\":{\"@id\":\"https:\/\/hurghadalovers.com\/hu\/tours\/makadi-bay-tevekenysegek-2024-2025\/#local-main-organization-logo\"},\"sameAs\":[\"https:\/\/www.facebook.com\/Hurghadaloversegypt\"],\"address\":{\"@id\":\"https:\/\/hurghadalovers.com\/hu\/tours\/makadi-bay-tevekenysegek-2024-2025\/#local-main-place-address\"},\"telephone\":[\"00201112596434\"],\"contactPoint\":{\"@type\":\"ContactPoint\",\"telephone\":\"00201112596434\",\"email\":\"weyouface@gmail.com\"},\"openingHoursSpecification\":{\"@type\":\"OpeningHoursSpecification\",\"dayOfWeek\":[\"Monday\",\"Tuesday\",\"Wednesday\",\"Thursday\",\"Friday\",\"Saturday\",\"Sunday\"],\"opens\":\"00:00\",\"closes\":\"23:59\"},\"email\":\"weyouface@gmail.com\",\"areaServed\":\"Luxor, Hurghada, El Gouna, Aswan, Sharm El Sheikh, Giza, Alexandria, Marsa Alam, Quseir, Soma Bay, Sahl Hasheesh, Red Sea, Makadi Bay, Cairo\",\"priceRange\":\"$\",\"currenciesAccepted\":\"euro\",\"paymentAccepted\":\"cash on site\"},{\"@type\":\"PostalAddress\",\"@id\":\"https:\/\/hurghadalovers.com\/hu\/tours\/makadi-bay-tevekenysegek-2024-2025\/#local-main-place-address\",\"streetAddress\":\"17 Banks street, Alkawther area, top nbk bank\",\"addressLocality\":\"hurghada\",\"postalCode\":\"84511\",\"addressRegion\":\"red sea\",\"addressCountry\":\"EG\"},{\"@type\":\"ImageObject\",\"inLanguage\":\"hu\",\"@id\":\"https:\/\/hurghadalovers.com\/hu\/tours\/makadi-bay-tevekenysegek-2024-2025\/#local-main-organization-logo\",\"url\":\"https:\/\/hurghadalovers.com\/wp-content\/uploads\/2019\/10\/hurghada-excursions-logo.png\",\"contentUrl\":\"https:\/\/hurghadalovers.com\/wp-content\/uploads\/2019\/10\/hurghada-excursions-logo.png\",\"width\":272,\"height\":90,\"caption\":\"Hurghada Excursions\"}]}<\/script>\n<meta property=\"product:brand\" content=\"T\u00far\u00e1k Egyiptomban\" \/>\n<meta property=\"product:price:amount\" content=\"20\" \/>\n<meta property=\"product:price:currency\" content=\"EUR\" \/>\n<meta property=\"og:availability\" content=\"instock\" \/>\n<meta property=\"product:availability\" content=\"instock\" \/>\n<meta property=\"product:retailer_item_id\" content=\"Makadi2323232323\" \/>\n<meta property=\"product:condition\" content=\"new\" \/>\n<meta name=\"geo.placename\" content=\"hurghada\" \/>\n<meta name=\"geo.region\" content=\"Egyiptom\" \/>\n<!-- \/ Yoast SEO Premium plugin. -->","yoast_head_json":{"title":"Makadi Bay Tev\u00e9kenys\u00e9gek 2024\/2025 - Hurghada Excursions &amp; Day Trips | Booking Best Prices Tours","robots":{"index":"index","follow":"follow","max-snippet":"max-snippet:-1","max-image-preview":"max-image-preview:large","max-video-preview":"max-video-preview:-1"},"canonical":"https:\/\/hurghadalovers.com\/hu\/tours\/makadi-bay-tevekenysegek-2024-2025\/","og_locale":"hu_HU","og_type":"article","og_title":"Makadi Bay Tev\u00e9kenys\u00e9gek 2024\/2025","og_description":"Makadi Bay Tev\u00e9kenys\u00e9gek 2024\/2025","og_url":"https:\/\/hurghadalovers.com\/hu\/tours\/makadi-bay-tevekenysegek-2024-2025\/","og_site_name":"Hurghada Excursions &amp; Day Trips | Booking Best Prices Tours","article_publisher":"https:\/\/www.facebook.com\/Hurghadaloversegypt","article_modified_time":"2024-11-26T20:49:40+00:00","og_image":[{"width":1156,"height":867,"url":"https:\/\/hurghadalovers.com\/wp-content\/uploads\/2025\/02\/Hurghada-Excursions-Day-Trips-Booking-Best-Prices-Tours.jpeg","type":"image\/jpeg"}],"twitter_card":"summary_large_image","twitter_misc":{"\u00c1r":"&euro;&nbsp;20","El\u00e9rhet\u0151s\u00e9g":"K\u00e9szleten"},"schema":{"@context":"https:\/\/schema.org","@graph":[{"@type":["WebPage","ItemPage"],"@id":"https:\/\/hurghadalovers.com\/hu\/tours\/makadi-bay-tevekenysegek-2024-2025\/","url":"https:\/\/hurghadalovers.com\/hu\/tours\/makadi-bay-tevekenysegek-2024-2025\/","name":"Makadi Bay Tev\u00e9kenys\u00e9gek 2024\/2025 - Hurghada Excursions &amp; Day Trips | Booking Best Prices Tours","isPartOf":{"@id":"https:\/\/hurghadalovers.com\/hu\/#website"},"datePublished":"2024-11-26T20:37:16+00:00","dateModified":"2024-11-26T20:49:40+00:00","breadcrumb":{"@id":"https:\/\/hurghadalovers.com\/hu\/tours\/makadi-bay-tevekenysegek-2024-2025\/#breadcrumb"},"inLanguage":"hu","potentialAction":[{"@type":"ReadAction","target":["https:\/\/hurghadalovers.com\/hu\/tours\/makadi-bay-tevekenysegek-2024-2025\/"]}]},{"@type":"BreadcrumbList","@id":"https:\/\/hurghadalovers.com\/hu\/tours\/makadi-bay-tevekenysegek-2024-2025\/#breadcrumb","itemListElement":[{"@type":"ListItem","position":1,"name":"Home","item":"https:\/\/hurghadalovers.com\/hu\/"},{"@type":"ListItem","position":2,"name":"Shop","item":"https:\/\/hurghadalovers.com\/shop\/"},{"@type":"ListItem","position":3,"name":"Makadi Bay Tev\u00e9kenys\u00e9gek 2024\/2025"}]},{"@type":"WebSite","@id":"https:\/\/hurghadalovers.com\/hu\/#website","url":"https:\/\/hurghadalovers.com\/hu\/","name":"Hurghada Excursions & Day Trips | Booking Best Prices Tours","description":"Hurghada Lovers - Best Tour Operator - Excursions &amp; Things to do for Family Day Trips with kids and Couples Romantic. Unique .Hidden gems","publisher":{"@id":"https:\/\/hurghadalovers.com\/hu\/#organization"},"alternateName":"Hurghada Excursions","potentialAction":[{"@type":"SearchAction","target":{"@type":"EntryPoint","urlTemplate":"https:\/\/hurghadalovers.com\/hu\/?s={search_term_string}"},"query-input":{"@type":"PropertyValueSpecification","valueRequired":true,"valueName":"search_term_string"}}],"inLanguage":"hu"},{"@type":["Organization","Place","TravelAgency"],"@id":"https:\/\/hurghadalovers.com\/hu\/#organization","name":"Hurghada Excursions","url":"https:\/\/hurghadalovers.com\/hu\/","logo":{"@id":"https:\/\/hurghadalovers.com\/hu\/tours\/makadi-bay-tevekenysegek-2024-2025\/#local-main-organization-logo"},"image":{"@id":"https:\/\/hurghadalovers.com\/hu\/tours\/makadi-bay-tevekenysegek-2024-2025\/#local-main-organization-logo"},"sameAs":["https:\/\/www.facebook.com\/Hurghadaloversegypt"],"address":{"@id":"https:\/\/hurghadalovers.com\/hu\/tours\/makadi-bay-tevekenysegek-2024-2025\/#local-main-place-address"},"telephone":["00201112596434"],"contactPoint":{"@type":"ContactPoint","telephone":"00201112596434","email":"weyouface@gmail.com"},"openingHoursSpecification":{"@type":"OpeningHoursSpecification","dayOfWeek":["Monday","Tuesday","Wednesday","Thursday","Friday","Saturday","Sunday"],"opens":"00:00","closes":"23:59"},"email":"weyouface@gmail.com","areaServed":"Luxor, Hurghada, El Gouna, Aswan, Sharm El Sheikh, Giza, Alexandria, Marsa Alam, Quseir, Soma Bay, Sahl Hasheesh, Red Sea, Makadi Bay, Cairo","priceRange":"$","currenciesAccepted":"euro","paymentAccepted":"cash on site"},{"@type":"PostalAddress","@id":"https:\/\/hurghadalovers.com\/hu\/tours\/makadi-bay-tevekenysegek-2024-2025\/#local-main-place-address","streetAddress":"17 Banks street, Alkawther area, top nbk bank","addressLocality":"hurghada","postalCode":"84511","addressRegion":"red sea","addressCountry":"EG"},{"@type":"ImageObject","inLanguage":"hu","@id":"https:\/\/hurghadalovers.com\/hu\/tours\/makadi-bay-tevekenysegek-2024-2025\/#local-main-organization-logo","url":"https:\/\/hurghadalovers.com\/wp-content\/uploads\/2019\/10\/hurghada-excursions-logo.png","contentUrl":"https:\/\/hurghadalovers.com\/wp-content\/uploads\/2019\/10\/hurghada-excursions-logo.png","width":272,"height":90,"caption":"Hurghada Excursions"}]},"product_brand":"T\u00far\u00e1k Egyiptomban","product_price_amount":"20","product_price_currency":"EUR","og_availability":"instock","product_availability":"instock","product_retailer_item_id":"Makadi2323232323","product_condition":"new","geo.placename":"hurghada","geo.region":"Egyiptom"},"_links":{"self":[{"href":"https:\/\/hurghadalovers.com\/hu\/wp-json\/wp\/v2\/product\/482780","targetHints":{"allow":["GET"]}}],"collection":[{"href":"https:\/\/hurghadalovers.com\/hu\/wp-json\/wp\/v2\/product"}],"about":[{"href":"https:\/\/hurghadalovers.com\/hu\/wp-json\/wp\/v2\/types\/product"}],"wp:attachment":[{"href":"https:\/\/hurghadalovers.com\/hu\/wp-json\/wp\/v2\/media?parent=482780"}],"wp:term":[{"taxonomy":"product_brand","embeddable":true,"href":"https:\/\/hurghadalovers.com\/hu\/wp-json\/wp\/v2\/product_brand?post=482780"},{"taxonomy":"product_cat","embeddable":true,"href":"https:\/\/hurghadalovers.com\/hu\/wp-json\/wp\/v2\/product_cat?post=482780"},{"taxonomy":"product_tag","embeddable":true,"href":"https:\/\/hurghadalovers.com\/hu\/wp-json\/wp\/v2\/product_tag?post=482780"}],"curies":[{"name":"wp","href":"https:\/\/api.w.org\/{rel}","templated":true}]}}