{"id":394890,"date":"2023-09-03T11:51:43","date_gmt":"2023-09-03T11:51:43","guid":{"rendered":"https:\/\/hurghadalovers.com\/shop\/nem-kategorizalt\/privat-el-gouna-kirandulas-luxorba-es-asszuanba-2-nap\/"},"modified":"2026-02-08T08:56:07","modified_gmt":"2026-02-08T08:56:07","slug":"privat-el-gouna-kirandulas-luxor-aszuan-2-napos-kirandulas","status":"publish","type":"product","link":"https:\/\/hurghadalovers.com\/hu\/tours\/privat-el-gouna-kirandulas-luxor-aszuan-2-napos-kirandulas\/","title":{"rendered":"Priv\u00e1t El Gouna kir\u00e1ndul\u00e1s Luxorba \u00e9s Asszu\u00e1nba &#8211; 2 nap"},"content":{"rendered":"<p><strong>Priv\u00e1t <\/strong><strong>El Gouna<\/strong> <strong>kir\u00e1ndul\u00e1sok Luxorba<\/strong> \u00e9s <strong>Asszu\u00e1nba<\/strong> &#8211; 2 nap priv\u00e1t idegenvezet\u0151vel, jegyekkel \u00e9s eb\u00e9ddel.<\/p>\n<p>Fedezze fel a f\u00e1ra\u00f3k kir\u00e1lyainak titkait egy k\u00e9tnapos kir\u00e1ndul\u00e1son Luxor \u00e9s Asszu\u00e1n \u0151si v\u00e1ros\u00e1nak nevezetess\u00e9geihez, \u00e9s ismerje meg az \u0151si egyiptomi civiliz\u00e1ci\u00f3 t\u00e9nyeit \u00e9s t\u00f6rt\u00e9nelm\u00e9t, Tutanhamon kir\u00e1ly, II. Ramszesz kir\u00e1ly titkait \u00e9s m\u00e9g sok m\u00e1st.<\/p>\n<p><strong>Kiemelt pontok:<\/strong><\/p>\n<ul>\n<li>Karnaki templom.<\/li>\n<li>Memnon kolosszusai.<\/li>\n<li>Hatsepszut halotti temploma.<\/li>\n<li>3 s\u00edrok a Kir\u00e1lyok V\u00f6lgy\u00e9ben .<\/li>\n<li>A Philae templom.<\/li>\n<li>A befejezetlen obeliszk.<\/li>\n<li>A magas g\u00e1t.<\/li>\n<li>Eb\u00e9d a &#8222;Veget\u00e1ri\u00e1nus \u00e9telek&#8221; \u00e9tteremben.<\/li>\n<\/ul>\n<p><strong>Priv\u00e1t <\/strong><strong>El Gouna<\/strong> <strong>Kir\u00e1ndul\u00e1sok Luxorba \u00e9s Asszu\u00e1nba R\u00e9szletek: Luxor \u00e9s Asszu\u00e1n:<\/strong><\/p>\n<ul>\n<li>T\u00fara el\u00e9rhet\u0151s\u00e9ge: Minden nap.<\/li>\n<li>T\u00fara t\u00edpusa: Szem\u00e9lyaut\u00f3val vagy kisbusszal.<\/li>\n<li>Felsz\u00e1ll\u00e1si id\u0151: 05:30-t\u00f3l kezd\u0151dik.<\/li>\n<li>K\u00e9rdez\u00e9s Hotel kap a reggeli t\u00e1ska veled Reggel.<\/li>\n<li>Kisz\u00e1ll\u00e1s ideje: 19:00.<\/li>\n<li>Kerekessz\u00e9kkel megk\u00f6zel\u00edthet\u0151.<\/li>\n<li>Id\u0151tartam: 2 nap \/ 1 \u00e9jszaka.<\/li>\n<\/ul>\n<p><strong>Foglaljon most \u00e9s fizessen k\u00e9s\u0151bb:<\/strong><\/p>\n<ul>\n<li>K\u00e9szp\u00e9nz a helysz\u00ednen az \u00fatmutat\u00f3hoz.<\/li>\n<li>Fizet\u00e9s egyiptomi font, $, \u20ac vagy \u00a3.<\/li>\n<\/ul>\n<p><strong>Lemond\u00e1si felt\u00e9telek:<\/strong><\/p>\n<ul>\n<li>\u00d6n lemondhatja ak\u00e1r 24 \u00f3r\u00e1val el\u0151re.<\/li>\n<li>Ha valaki a csal\u00e1db\u00f3l lemondja a reggeli, Fizessen 50% -ot a k\u00f6lts\u00e9gekb\u0151l.<\/li>\n<\/ul>\n<p><strong>Mit tartalmaz?<\/strong><\/p>\n<ul>\n<li>Transzfer El Gouna sz\u00e1llod\u00e1kb\u00f3l &#8222;Hotel pick up and drop off&#8221;.<\/li>\n<li>Minden ad\u00f3, bel\u00e9p\u0151 \u00e9s kezel\u00e9si k\u00f6lts\u00e9g.<\/li>\n<li>Transzferek.<\/li>\n<li>Idegenvezet\u0151.<\/li>\n<li>Egy \u00e9jszaka sz\u00e1llod\u00e1ban reggelivel.<\/li>\n<li>Italok.<\/li>\n<li>2 alkalommal eb\u00e9d az \u00e9tteremben.<\/li>\n<\/ul>\n<p><strong>Kiz\u00e1r\u00e1sok?<\/strong><\/p>\n<ul>\n<li>Borraval\u00f3.<\/li>\n<li>B\u00e1rmilyen nem eml\u00edtett extr\u00e1k.<\/li>\n<\/ul>\n<p><strong>\u00c1rak:<\/strong><\/p>\n<ul>\n<li><strong>Feln\u0151tt \u00e1r = 280$ per f\u0151<\/strong>.<\/li>\n<li>Gyerekeknek &#8222;5-12\u2033= 50%.<\/li>\n<li>gyerekeknek &#8222;0-5\u2033= Ingyenes.<\/li>\n<\/ul>\n<p><strong>V\u00e9lem\u00e9nyek:<\/strong><\/p>\n<p>ellen\u0151rizze a Google T\u00e9rk\u00e9p V\u00e9lem\u00e9nyek a legjobb <a href=\"https:\/\/g.page\/r\/CUeYvkngP3wkEBM\/review\">utaz\u00e1sszervez\u0151 Hurghada<\/a> online <a href=\"https:\/\/hurghadalovers.com\/\">Hurghada<\/a> Egyiptomban.<\/p>\n<p><strong>Foglal\u00e1s:<\/strong><\/p>\n<p>K\u00fcldje el a sz\u00e1llod\u00e1t + szobasz\u00e1m + f\u00e9nyk\u00e9pes \u00fatlevelet a WhatsAppra: <strong>+201112596434<\/strong><\/p>\n<p>Ha ki Egyiptom Foglal\u00e1s most online, \u00e9s er\u0151s\u00edtse meg, amikor \u00e9rkez\u00e9s Hotel.<\/p>\n<p>&nbsp;<\/p>\n<p>&nbsp;<\/p>\n","protected":false},"excerpt":{"rendered":"<p><strong>Priv\u00e1t <\/strong><strong>El Gouna<\/strong> <strong>kir\u00e1ndul\u00e1sok Luxorba<\/strong> \u00e9s <strong>Asszu\u00e1nba<\/strong> &#8211; 2 nap priv\u00e1t idegenvezet\u0151vel, jegyekkel \u00e9s eb\u00e9ddel. Fedezze fel a f\u00e1ra\u00f3k kir\u00e1lyainak titkait egy k\u00e9tnapos t\u00far\u00e1n kereszt\u00fcl<\/p>\n","protected":false},"featured_media":936448,"template":"","meta":{"_joinchat":[]},"product_brand":[],"product_cat":[49871],"product_tag":[58496,58459,58445,58471,58488,58466,58452,58479,58513,58504],"class_list":{"0":"post-394890","1":"product","2":"type-product","3":"status-publish","4":"has-post-thumbnail","6":"product_cat-turak","7":"product_tag-el-gouna-es-a-kiralyok-volgye-kozott","8":"product_tag-el-gouna-es-luxor-kozott-autobusz","9":"product_tag-el-gouna-es-luxor-kozotti-egynapos-kirandulas","10":"product_tag-el-gouna-turak-luxorba","11":"product_tag-holegballon-el-gouna","12":"product_tag-luxori-egynapos-tura-el-gounabol","13":"product_tag-luxori-kirandulas-el-gounabol","14":"product_tag-luxori-tura-el-gounabol","15":"product_tag-privat-luxor-tura-el-gounabol","16":"product_tag-transzfer-luxor-es-el-gouna-kozott","17":"tour_category-el-gouna-fakultativ-kirandulasok","18":"tour_category-el-gouna-busszal-luxor","20":"first","21":"instock","22":"sale","23":"shipping-taxable","24":"purchasable","25":"product-type-tour"},"yoast_head":"<!-- This site is optimized with the Yoast SEO Premium plugin v26.9 (Yoast SEO v27.2) - https:\/\/yoast.com\/product\/yoast-seo-premium-wordpress\/ -->\n<title>Priv\u00e1t El Gouna kir\u00e1ndul\u00e1s Luxorba \u00e9s Asszu\u00e1nba - 2 nap<\/title>\n<meta name=\"description\" content=\"Priv\u00e1t El Gouna kir\u00e1ndul\u00e1sok Luxorba \u00e9s Asszu\u00e1nba - 2 nap priv\u00e1t idegenvezet\u0151vel, jegyekkel \u00e9s eb\u00e9ddel. Fedezd fel a f\u00e1ra\u00f3k kir\u00e1lyainak titkait a\" \/>\n<meta name=\"robots\" content=\"index, follow, max-snippet:-1, max-image-preview:large, max-video-preview:-1\" \/>\n<link rel=\"canonical\" href=\"https:\/\/hurghadalovers.com\/hu\/tours\/privat-el-gouna-kirandulas-luxor-aszuan-2-napos-kirandulas\/\" \/>\n<meta property=\"og:locale\" content=\"hu_HU\" \/>\n<meta property=\"og:type\" content=\"article\" \/>\n<meta property=\"og:title\" content=\"Priv\u00e1t El Gouna kir\u00e1ndul\u00e1s Luxorba \u00e9s Asszu\u00e1nba - 2 nap\" \/>\n<meta property=\"og:description\" content=\"Priv\u00e1t El Gouna kir\u00e1ndul\u00e1sok Luxorba \u00e9s Asszu\u00e1nba - 2 nap priv\u00e1t idegenvezet\u0151vel, jegyekkel \u00e9s eb\u00e9ddel. Fedezd fel a f\u00e1ra\u00f3k kir\u00e1lyainak titkait a\" \/>\n<meta property=\"og:url\" content=\"https:\/\/hurghadalovers.com\/hu\/tours\/privat-el-gouna-kirandulas-luxor-aszuan-2-napos-kirandulas\/\" \/>\n<meta property=\"og:site_name\" content=\"Hurghada Excursions &amp; Day Trips | Booking Best Prices Tours\" \/>\n<meta property=\"article:publisher\" content=\"https:\/\/www.facebook.com\/Hurghadaloversegypt\" \/>\n<meta property=\"article:modified_time\" content=\"2026-02-08T08:56:07+00:00\" \/>\n<meta property=\"og:image\" content=\"https:\/\/hurghadalovers.com\/wp-content\/uploads\/2023\/08\/Private-2-Day-Trip-to-Luxor-from-Makadi-bay-All-inclusive-2026.jpeg\" \/>\n\t<meta property=\"og:image:width\" content=\"960\" \/>\n\t<meta property=\"og:image:height\" content=\"1280\" \/>\n\t<meta property=\"og:image:type\" content=\"image\/jpeg\" \/>\n<meta name=\"twitter:card\" content=\"summary_large_image\" \/>\n<meta name=\"twitter:label1\" content=\"\u00c1r\" \/>\n\t<meta name=\"twitter:data1\" content=\"&euro;&nbsp;400\" \/>\n\t<meta name=\"twitter:label2\" content=\"El\u00e9rhet\u0151s\u00e9g\" \/>\n\t<meta name=\"twitter:data2\" content=\"K\u00e9szleten\" \/>\n<script type=\"application\/ld+json\" class=\"yoast-schema-graph\">{\"@context\":\"https:\/\/schema.org\",\"@graph\":[{\"@type\":[\"WebPage\",\"ItemPage\"],\"@id\":\"https:\/\/hurghadalovers.com\/hu\/tours\/privat-el-gouna-kirandulas-luxor-aszuan-2-napos-kirandulas\/\",\"url\":\"https:\/\/hurghadalovers.com\/hu\/tours\/privat-el-gouna-kirandulas-luxor-aszuan-2-napos-kirandulas\/\",\"name\":\"Priv\u00e1t El Gouna kir\u00e1ndul\u00e1s Luxorba \u00e9s Asszu\u00e1nba - 2 nap\",\"isPartOf\":{\"@id\":\"https:\/\/hurghadalovers.com\/hu\/#website\"},\"primaryImageOfPage\":{\"@id\":\"https:\/\/hurghadalovers.com\/hu\/tours\/privat-el-gouna-kirandulas-luxor-aszuan-2-napos-kirandulas\/#primaryimage\"},\"image\":{\"@id\":\"https:\/\/hurghadalovers.com\/hu\/tours\/privat-el-gouna-kirandulas-luxor-aszuan-2-napos-kirandulas\/#primaryimage\"},\"thumbnailUrl\":\"https:\/\/hurghadalovers.com\/wp-content\/uploads\/2023\/08\/Private-2-Day-Trip-to-Luxor-from-Makadi-bay-All-inclusive-2026.jpeg\",\"datePublished\":\"2023-09-03T11:51:43+00:00\",\"dateModified\":\"2026-02-08T08:56:07+00:00\",\"description\":\"Priv\u00e1t El Gouna kir\u00e1ndul\u00e1sok Luxorba \u00e9s Asszu\u00e1nba - 2 nap priv\u00e1t idegenvezet\u0151vel, jegyekkel \u00e9s eb\u00e9ddel. Fedezd fel a f\u00e1ra\u00f3k kir\u00e1lyainak titkait a\",\"breadcrumb\":{\"@id\":\"https:\/\/hurghadalovers.com\/hu\/tours\/privat-el-gouna-kirandulas-luxor-aszuan-2-napos-kirandulas\/#breadcrumb\"},\"inLanguage\":\"hu\",\"potentialAction\":[{\"@type\":\"ReadAction\",\"target\":[\"https:\/\/hurghadalovers.com\/hu\/tours\/privat-el-gouna-kirandulas-luxor-aszuan-2-napos-kirandulas\/\"]}]},{\"@type\":\"ImageObject\",\"inLanguage\":\"hu\",\"@id\":\"https:\/\/hurghadalovers.com\/hu\/tours\/privat-el-gouna-kirandulas-luxor-aszuan-2-napos-kirandulas\/#primaryimage\",\"url\":\"https:\/\/hurghadalovers.com\/wp-content\/uploads\/2023\/08\/Private-2-Day-Trip-to-Luxor-from-Makadi-bay-All-inclusive-2026.jpeg\",\"contentUrl\":\"https:\/\/hurghadalovers.com\/wp-content\/uploads\/2023\/08\/Private-2-Day-Trip-to-Luxor-from-Makadi-bay-All-inclusive-2026.jpeg\",\"width\":960,\"height\":1280,\"caption\":\"Private 2 Day Trip to Luxor from Makadi bay All inclusive 2026\"},{\"@type\":\"BreadcrumbList\",\"@id\":\"https:\/\/hurghadalovers.com\/hu\/tours\/privat-el-gouna-kirandulas-luxor-aszuan-2-napos-kirandulas\/#breadcrumb\",\"itemListElement\":[{\"@type\":\"ListItem\",\"position\":1,\"name\":\"Home\",\"item\":\"https:\/\/hurghadalovers.com\/hu\/\"},{\"@type\":\"ListItem\",\"position\":2,\"name\":\"Shop\",\"item\":\"https:\/\/hurghadalovers.com\/shop\/\"},{\"@type\":\"ListItem\",\"position\":3,\"name\":\"Priv\u00e1t El Gouna kir\u00e1ndul\u00e1s Luxorba \u00e9s Asszu\u00e1nba &#8211; 2 nap\"}]},{\"@type\":\"WebSite\",\"@id\":\"https:\/\/hurghadalovers.com\/hu\/#website\",\"url\":\"https:\/\/hurghadalovers.com\/hu\/\",\"name\":\"Hurghada Excursions & Day Trips | Booking Best Prices Tours\",\"description\":\"Hurghada Lovers - Best Tour Operator - Excursions &amp; Things to do for Family Day Trips with kids and Couples Romantic. Unique .Hidden gems\",\"publisher\":{\"@id\":\"https:\/\/hurghadalovers.com\/hu\/#organization\"},\"alternateName\":\"Hurghada Excursions\",\"potentialAction\":[{\"@type\":\"SearchAction\",\"target\":{\"@type\":\"EntryPoint\",\"urlTemplate\":\"https:\/\/hurghadalovers.com\/hu\/?s={search_term_string}\"},\"query-input\":{\"@type\":\"PropertyValueSpecification\",\"valueRequired\":true,\"valueName\":\"search_term_string\"}}],\"inLanguage\":\"hu\"},{\"@type\":[\"Organization\",\"Place\",\"TravelAgency\"],\"@id\":\"https:\/\/hurghadalovers.com\/hu\/#organization\",\"name\":\"Hurghada Excursions\",\"url\":\"https:\/\/hurghadalovers.com\/hu\/\",\"logo\":{\"@id\":\"https:\/\/hurghadalovers.com\/hu\/tours\/privat-el-gouna-kirandulas-luxor-aszuan-2-napos-kirandulas\/#local-main-organization-logo\"},\"image\":{\"@id\":\"https:\/\/hurghadalovers.com\/hu\/tours\/privat-el-gouna-kirandulas-luxor-aszuan-2-napos-kirandulas\/#local-main-organization-logo\"},\"sameAs\":[\"https:\/\/www.facebook.com\/Hurghadaloversegypt\"],\"address\":{\"@id\":\"https:\/\/hurghadalovers.com\/hu\/tours\/privat-el-gouna-kirandulas-luxor-aszuan-2-napos-kirandulas\/#local-main-place-address\"},\"telephone\":[\"00201112596434\"],\"contactPoint\":{\"@type\":\"ContactPoint\",\"telephone\":\"00201112596434\",\"email\":\"weyouface@gmail.com\"},\"openingHoursSpecification\":{\"@type\":\"OpeningHoursSpecification\",\"dayOfWeek\":[\"Monday\",\"Tuesday\",\"Wednesday\",\"Thursday\",\"Friday\",\"Saturday\",\"Sunday\"],\"opens\":\"00:00\",\"closes\":\"23:59\"},\"email\":\"weyouface@gmail.com\",\"areaServed\":\"Luxor, Hurghada, El Gouna, Aswan, Sharm El Sheikh, Giza, Alexandria, Marsa Alam, Quseir, Soma Bay, Sahl Hasheesh, Red Sea, Makadi Bay, Cairo\",\"priceRange\":\"$\",\"currenciesAccepted\":\"euro\",\"paymentAccepted\":\"cash on site\"},{\"@type\":\"PostalAddress\",\"@id\":\"https:\/\/hurghadalovers.com\/hu\/tours\/privat-el-gouna-kirandulas-luxor-aszuan-2-napos-kirandulas\/#local-main-place-address\",\"streetAddress\":\"17 Banks street, Alkawther area, top nbk bank\",\"addressLocality\":\"hurghada\",\"postalCode\":\"84511\",\"addressRegion\":\"red sea\",\"addressCountry\":\"EG\"},{\"@type\":\"ImageObject\",\"inLanguage\":\"hu\",\"@id\":\"https:\/\/hurghadalovers.com\/hu\/tours\/privat-el-gouna-kirandulas-luxor-aszuan-2-napos-kirandulas\/#local-main-organization-logo\",\"url\":\"https:\/\/hurghadalovers.com\/wp-content\/uploads\/2019\/10\/hurghada-excursions-logo.png\",\"contentUrl\":\"https:\/\/hurghadalovers.com\/wp-content\/uploads\/2019\/10\/hurghada-excursions-logo.png\",\"width\":272,\"height\":90,\"caption\":\"Hurghada Excursions\"}]}<\/script>\n<meta property=\"product:brand\" content=\"EL Gouna fakultat\u00edv kir\u00e1ndul\u00e1sok\" \/>\n<meta property=\"product:price:amount\" content=\"400\" \/>\n<meta property=\"product:price:currency\" content=\"EUR\" \/>\n<meta property=\"og:availability\" content=\"instock\" \/>\n<meta property=\"product:availability\" content=\"instock\" \/>\n<meta property=\"product:retailer_item_id\" content=\"Gouna482024\" \/>\n<meta property=\"product:condition\" content=\"new\" \/>\n<meta name=\"geo.placename\" content=\"hurghada\" \/>\n<meta name=\"geo.region\" content=\"Egyiptom\" \/>\n<!-- \/ Yoast SEO Premium plugin. -->","yoast_head_json":{"title":"Priv\u00e1t El Gouna kir\u00e1ndul\u00e1s Luxorba \u00e9s Asszu\u00e1nba - 2 nap","description":"Priv\u00e1t El Gouna kir\u00e1ndul\u00e1sok Luxorba \u00e9s Asszu\u00e1nba - 2 nap priv\u00e1t idegenvezet\u0151vel, jegyekkel \u00e9s eb\u00e9ddel. Fedezd fel a f\u00e1ra\u00f3k kir\u00e1lyainak titkait a","robots":{"index":"index","follow":"follow","max-snippet":"max-snippet:-1","max-image-preview":"max-image-preview:large","max-video-preview":"max-video-preview:-1"},"canonical":"https:\/\/hurghadalovers.com\/hu\/tours\/privat-el-gouna-kirandulas-luxor-aszuan-2-napos-kirandulas\/","og_locale":"hu_HU","og_type":"article","og_title":"Priv\u00e1t El Gouna kir\u00e1ndul\u00e1s Luxorba \u00e9s Asszu\u00e1nba - 2 nap","og_description":"Priv\u00e1t El Gouna kir\u00e1ndul\u00e1sok Luxorba \u00e9s Asszu\u00e1nba - 2 nap priv\u00e1t idegenvezet\u0151vel, jegyekkel \u00e9s eb\u00e9ddel. Fedezd fel a f\u00e1ra\u00f3k kir\u00e1lyainak titkait a","og_url":"https:\/\/hurghadalovers.com\/hu\/tours\/privat-el-gouna-kirandulas-luxor-aszuan-2-napos-kirandulas\/","og_site_name":"Hurghada Excursions &amp; Day Trips | Booking Best Prices Tours","article_publisher":"https:\/\/www.facebook.com\/Hurghadaloversegypt","article_modified_time":"2026-02-08T08:56:07+00:00","og_image":[{"width":960,"height":1280,"url":"https:\/\/hurghadalovers.com\/wp-content\/uploads\/2023\/08\/Private-2-Day-Trip-to-Luxor-from-Makadi-bay-All-inclusive-2026.jpeg","type":"image\/jpeg"}],"twitter_card":"summary_large_image","twitter_misc":{"\u00c1r":"&euro;&nbsp;400","El\u00e9rhet\u0151s\u00e9g":"K\u00e9szleten"},"schema":{"@context":"https:\/\/schema.org","@graph":[{"@type":["WebPage","ItemPage"],"@id":"https:\/\/hurghadalovers.com\/hu\/tours\/privat-el-gouna-kirandulas-luxor-aszuan-2-napos-kirandulas\/","url":"https:\/\/hurghadalovers.com\/hu\/tours\/privat-el-gouna-kirandulas-luxor-aszuan-2-napos-kirandulas\/","name":"Priv\u00e1t El Gouna kir\u00e1ndul\u00e1s Luxorba \u00e9s Asszu\u00e1nba - 2 nap","isPartOf":{"@id":"https:\/\/hurghadalovers.com\/hu\/#website"},"primaryImageOfPage":{"@id":"https:\/\/hurghadalovers.com\/hu\/tours\/privat-el-gouna-kirandulas-luxor-aszuan-2-napos-kirandulas\/#primaryimage"},"image":{"@id":"https:\/\/hurghadalovers.com\/hu\/tours\/privat-el-gouna-kirandulas-luxor-aszuan-2-napos-kirandulas\/#primaryimage"},"thumbnailUrl":"https:\/\/hurghadalovers.com\/wp-content\/uploads\/2023\/08\/Private-2-Day-Trip-to-Luxor-from-Makadi-bay-All-inclusive-2026.jpeg","datePublished":"2023-09-03T11:51:43+00:00","dateModified":"2026-02-08T08:56:07+00:00","description":"Priv\u00e1t El Gouna kir\u00e1ndul\u00e1sok Luxorba \u00e9s Asszu\u00e1nba - 2 nap priv\u00e1t idegenvezet\u0151vel, jegyekkel \u00e9s eb\u00e9ddel. Fedezd fel a f\u00e1ra\u00f3k kir\u00e1lyainak titkait a","breadcrumb":{"@id":"https:\/\/hurghadalovers.com\/hu\/tours\/privat-el-gouna-kirandulas-luxor-aszuan-2-napos-kirandulas\/#breadcrumb"},"inLanguage":"hu","potentialAction":[{"@type":"ReadAction","target":["https:\/\/hurghadalovers.com\/hu\/tours\/privat-el-gouna-kirandulas-luxor-aszuan-2-napos-kirandulas\/"]}]},{"@type":"ImageObject","inLanguage":"hu","@id":"https:\/\/hurghadalovers.com\/hu\/tours\/privat-el-gouna-kirandulas-luxor-aszuan-2-napos-kirandulas\/#primaryimage","url":"https:\/\/hurghadalovers.com\/wp-content\/uploads\/2023\/08\/Private-2-Day-Trip-to-Luxor-from-Makadi-bay-All-inclusive-2026.jpeg","contentUrl":"https:\/\/hurghadalovers.com\/wp-content\/uploads\/2023\/08\/Private-2-Day-Trip-to-Luxor-from-Makadi-bay-All-inclusive-2026.jpeg","width":960,"height":1280,"caption":"Private 2 Day Trip to Luxor from Makadi bay All inclusive 2026"},{"@type":"BreadcrumbList","@id":"https:\/\/hurghadalovers.com\/hu\/tours\/privat-el-gouna-kirandulas-luxor-aszuan-2-napos-kirandulas\/#breadcrumb","itemListElement":[{"@type":"ListItem","position":1,"name":"Home","item":"https:\/\/hurghadalovers.com\/hu\/"},{"@type":"ListItem","position":2,"name":"Shop","item":"https:\/\/hurghadalovers.com\/shop\/"},{"@type":"ListItem","position":3,"name":"Priv\u00e1t El Gouna kir\u00e1ndul\u00e1s Luxorba \u00e9s Asszu\u00e1nba &#8211; 2 nap"}]},{"@type":"WebSite","@id":"https:\/\/hurghadalovers.com\/hu\/#website","url":"https:\/\/hurghadalovers.com\/hu\/","name":"Hurghada Excursions & Day Trips | Booking Best Prices Tours","description":"Hurghada Lovers - Best Tour Operator - Excursions &amp; Things to do for Family Day Trips with kids and Couples Romantic. Unique .Hidden gems","publisher":{"@id":"https:\/\/hurghadalovers.com\/hu\/#organization"},"alternateName":"Hurghada Excursions","potentialAction":[{"@type":"SearchAction","target":{"@type":"EntryPoint","urlTemplate":"https:\/\/hurghadalovers.com\/hu\/?s={search_term_string}"},"query-input":{"@type":"PropertyValueSpecification","valueRequired":true,"valueName":"search_term_string"}}],"inLanguage":"hu"},{"@type":["Organization","Place","TravelAgency"],"@id":"https:\/\/hurghadalovers.com\/hu\/#organization","name":"Hurghada Excursions","url":"https:\/\/hurghadalovers.com\/hu\/","logo":{"@id":"https:\/\/hurghadalovers.com\/hu\/tours\/privat-el-gouna-kirandulas-luxor-aszuan-2-napos-kirandulas\/#local-main-organization-logo"},"image":{"@id":"https:\/\/hurghadalovers.com\/hu\/tours\/privat-el-gouna-kirandulas-luxor-aszuan-2-napos-kirandulas\/#local-main-organization-logo"},"sameAs":["https:\/\/www.facebook.com\/Hurghadaloversegypt"],"address":{"@id":"https:\/\/hurghadalovers.com\/hu\/tours\/privat-el-gouna-kirandulas-luxor-aszuan-2-napos-kirandulas\/#local-main-place-address"},"telephone":["00201112596434"],"contactPoint":{"@type":"ContactPoint","telephone":"00201112596434","email":"weyouface@gmail.com"},"openingHoursSpecification":{"@type":"OpeningHoursSpecification","dayOfWeek":["Monday","Tuesday","Wednesday","Thursday","Friday","Saturday","Sunday"],"opens":"00:00","closes":"23:59"},"email":"weyouface@gmail.com","areaServed":"Luxor, Hurghada, El Gouna, Aswan, Sharm El Sheikh, Giza, Alexandria, Marsa Alam, Quseir, Soma Bay, Sahl Hasheesh, Red Sea, Makadi Bay, Cairo","priceRange":"$","currenciesAccepted":"euro","paymentAccepted":"cash on site"},{"@type":"PostalAddress","@id":"https:\/\/hurghadalovers.com\/hu\/tours\/privat-el-gouna-kirandulas-luxor-aszuan-2-napos-kirandulas\/#local-main-place-address","streetAddress":"17 Banks street, Alkawther area, top nbk bank","addressLocality":"hurghada","postalCode":"84511","addressRegion":"red sea","addressCountry":"EG"},{"@type":"ImageObject","inLanguage":"hu","@id":"https:\/\/hurghadalovers.com\/hu\/tours\/privat-el-gouna-kirandulas-luxor-aszuan-2-napos-kirandulas\/#local-main-organization-logo","url":"https:\/\/hurghadalovers.com\/wp-content\/uploads\/2019\/10\/hurghada-excursions-logo.png","contentUrl":"https:\/\/hurghadalovers.com\/wp-content\/uploads\/2019\/10\/hurghada-excursions-logo.png","width":272,"height":90,"caption":"Hurghada Excursions"}]},"product_brand":"EL Gouna fakultat\u00edv kir\u00e1ndul\u00e1sok","product_price_amount":"400","product_price_currency":"EUR","og_availability":"instock","product_availability":"instock","product_retailer_item_id":"Gouna482024","product_condition":"new","geo.placename":"hurghada","geo.region":"Egyiptom"},"_links":{"self":[{"href":"https:\/\/hurghadalovers.com\/hu\/wp-json\/wp\/v2\/product\/394890","targetHints":{"allow":["GET"]}}],"collection":[{"href":"https:\/\/hurghadalovers.com\/hu\/wp-json\/wp\/v2\/product"}],"about":[{"href":"https:\/\/hurghadalovers.com\/hu\/wp-json\/wp\/v2\/types\/product"}],"wp:featuredmedia":[{"embeddable":true,"href":"https:\/\/hurghadalovers.com\/hu\/wp-json\/wp\/v2\/media\/936448"}],"wp:attachment":[{"href":"https:\/\/hurghadalovers.com\/hu\/wp-json\/wp\/v2\/media?parent=394890"}],"wp:term":[{"taxonomy":"product_brand","embeddable":true,"href":"https:\/\/hurghadalovers.com\/hu\/wp-json\/wp\/v2\/product_brand?post=394890"},{"taxonomy":"product_cat","embeddable":true,"href":"https:\/\/hurghadalovers.com\/hu\/wp-json\/wp\/v2\/product_cat?post=394890"},{"taxonomy":"product_tag","embeddable":true,"href":"https:\/\/hurghadalovers.com\/hu\/wp-json\/wp\/v2\/product_tag?post=394890"}],"curies":[{"name":"wp","href":"https:\/\/api.w.org\/{rel}","templated":true}]}}