{"id":392216,"date":"2023-09-01T20:42:25","date_gmt":"2023-09-01T20:45:30","guid":{"rendered":"https:\/\/hurghadalovers.com\/shop\/nem-kategorizalt\/reggeli-buggy-tura-sahl-hasheeshbol\/"},"modified":"2026-02-09T10:24:56","modified_gmt":"2026-02-09T10:24:56","slug":"reggeli-buggy-tura-sahl-hasheesh","status":"publish","type":"product","link":"https:\/\/hurghadalovers.com\/hu\/tours\/reggeli-buggy-tura-sahl-hasheesh\/","title":{"rendered":"Reggeli Buggy t\u00fara Sahl Hasheeshb\u0151l"},"content":{"rendered":"<p><strong>Reggeli<\/strong> <strong>Buggy t\u00fara <\/strong><strong>Sahl Hasheeshb\u0151l<\/strong> a beduin faluba \u00e9s tevegel\u00e9s | <strong>Luxus kalandos sivatagi szafari<\/strong> csal\u00e1dbar\u00e1t gyerekekkel, p\u00e1rokkal \u00e9s id\u0151sekkel, priv\u00e1t transzferrel | Polaris RZR t\u00fara.<\/p>\n<p>&nbsp;<\/p>\n<p><strong>Kiemelt pontok:<\/strong><\/p>\n<ol>\n<li>Dune Buggy Ride.<\/li>\n<li>Teve lovagl\u00e1s.<\/li>\n<li>Beduin falu.<\/li>\n<\/ol>\n<p><strong>Naplemente Buggy t\u00fara a <\/strong><strong>Sahl Hasheesh<\/strong> <strong>R\u00e9szletek:<\/strong><\/p>\n<ul>\n<li>T\u00fara el\u00e9rhet\u0151s\u00e9ge: Minden nap.<\/li>\n<li>T\u00fara t\u00edpusa: Csoportos vagy priv\u00e1t.<\/li>\n<li>Felsz\u00e1ll\u00e1si id\u0151: 07:30-t\u00f3l kezd\u0151dik.<\/li>\n<li>Kisz\u00e1ll\u00e1s ideje: 19:00-t\u00f3l.<\/li>\n<li>Id\u0151tartam: Id\u0151tartam: 3 \u00f3ra.<\/li>\n<\/ul>\n<p><strong>Foglaljon most \u00e9s fizessen k\u00e9s\u0151bb:<\/strong><\/p>\n<ul>\n<li>K\u00e9szp\u00e9nz a helysz\u00ednen az \u00fatmutat\u00f3hoz.<\/li>\n<li>Fizet\u00e9s egyiptomi font, $, \u20ac vagy \u00a3.<\/li>\n<\/ul>\n<p><strong>Lemond\u00e1si felt\u00e9telek:<\/strong><\/p>\n<ul>\n<li>\u00d6n lemondhatja ak\u00e1r 24 \u00f3r\u00e1val el\u0151re.<\/li>\n<li>Ha valaki a csal\u00e1db\u00f3l lemondja a reggeli, Fizessen 50% -ot a k\u00f6lts\u00e9gekb\u0151l.<\/li>\n<\/ul>\n<p><strong>Mit tartalmaz?<\/strong><\/p>\n<ul>\n<li>Transzfer a Sahl Hasheesh sz\u00e1llod\u00e1kb\u00f3l &#8222;Hotel pick up and drop off&#8221;.<\/li>\n<li>Minden ad\u00f3, bel\u00e9p\u0151 \u00e9s kezel\u00e9si k\u00f6lts\u00e9g.<\/li>\n<li>Transzferek.<\/li>\n<li>Idegenvezet\u0151.<\/li>\n<li>Sisak.<\/li>\n<\/ul>\n<p><strong>Kiz\u00e1r\u00e1sok?<\/strong><\/p>\n<ul>\n<li>S\u00e1l<\/li>\n<li>V\u00e9d\u0151szem\u00fcveg<\/li>\n<li>Borraval\u00f3.<\/li>\n<li>F\u00e9nyk\u00e9pez\u00e9s az \u00fatra.<\/li>\n<li>B\u00e1rmilyen nem eml\u00edtett extr\u00e1k.<\/li>\n<\/ul>\n<p><strong>\u00c1rak:<\/strong><\/p>\n<p><strong>\u00c1r = 90$ szem\u00e9lyenk\u00e9nt<\/strong>.<\/p>\n<p><strong>V\u00e9lem\u00e9nyek:<\/strong><\/p>\n<p>ellen\u0151rizze a Google T\u00e9rk\u00e9p V\u00e9lem\u00e9nyek a legjobb <a href=\"https:\/\/g.page\/r\/CUeYvkngP3wkEBM\/review\">utaz\u00e1sszervez\u0151 Hurghada<\/a> online <a href=\"https:\/\/hurghadalovers.com\/\">Hurghada<\/a> Egyiptomban.<\/p>\n<p>&nbsp;<\/p>\n<p><strong>Foglal\u00e1s:<\/strong><\/p>\n<p>K\u00fcldje el a sz\u00e1llod\u00e1t + szobasz\u00e1m + f\u00e9nyk\u00e9pes \u00fatlevelet a WhatsAppra: <strong>+201112596434<\/strong><\/p>\n<p>Ha ki Egyiptom Foglal\u00e1s most online, \u00e9s er\u0151s\u00edtse meg, amikor \u00e9rkez\u00e9s Hotel.<\/p>\n<p>&nbsp;<\/p>\n<p>&nbsp;<\/p>\n","protected":false},"excerpt":{"rendered":"<p><strong>Reggeli<\/strong> <strong>Buggy t\u00fara <\/strong><strong>Sahl Hasheeshb\u0151l<\/strong> a beduin faluba \u00e9s tevegel\u00e9s | <strong>Luxus kalandos sivatagi szafari<\/strong> csal\u00e1dbar\u00e1t gyerekekkel, p\u00e1rokkal \u00e9s id\u0151sekkel, priv\u00e1t transzferrel | Polaris RZR t\u00fara.<\/p>\n","protected":false},"featured_media":391986,"template":"","meta":{"_joinchat":[]},"product_brand":[],"product_cat":[49871,29297],"product_tag":[49925,49935,49941,53749,53840,49921,53846,49917,49914,53837,53797,53834,53782,53843,49908,49938,49929,49932],"class_list":{"0":"post-392216","1":"product","2":"type-product","3":"status-publish","4":"has-post-thumbnail","6":"product_cat-turak","7":"product_cat-egypt-tours","8":"product_tag-atv-sahl-hasheesh-hu","9":"product_tag-beduin-falu-sahl-hasheesh","10":"product_tag-buggy-tour-sahl-hasheesh-hu","11":"product_tag-csaladi-tennivalok-sahl-hasheeshbol","12":"product_tag-latnivalok-sahl-hasheesh-ben","13":"product_tag-quad-kerekparozas-sahl-hasheesh","14":"product_tag-romantikus-tennivalok-sahl-hasheesh-ben","15":"product_tag-safari-sahara-sahl-hasheesh-hu","16":"product_tag-sahl-hasheesh-buggy-safari-hu","17":"product_tag-sahl-hasheesh-egynapos-turak","18":"product_tag-sahl-hasheesh-kirandulasok-hu","19":"product_tag-sahl-hasheesh-mi-a-teendo","20":"product_tag-sahl-hasheesh-olcso-kirandulasok-csaladoknak","21":"product_tag-sahl-hasheesh-romantikus-turak","22":"product_tag-sivatagi-szafari-sahl-hasheesh","23":"product_tag-star-gazing-sahl-hasheesh-hu","24":"product_tag-szafari-tura-sahl-hasheesh","25":"product_tag-teve-lovaglas-sahl-hasheesh","26":"tour_category-sahl-hasheesh-sivatagi-szafari","27":"tour_category-sahl-hasheesh-fakultativ-kirandulasok","29":"first","30":"instock","31":"sale","32":"shipping-taxable","33":"purchasable","34":"product-type-tour"},"yoast_head":"<!-- This site is optimized with the Yoast SEO Premium plugin v26.9 (Yoast SEO v27.2) - https:\/\/yoast.com\/product\/yoast-seo-premium-wordpress\/ -->\n<title>Reggeli Buggy t\u00fara Sahl Hasheeshb\u0151l<\/title>\n<meta name=\"description\" content=\"Reggeli Buggy t\u00fara Sahl Hasheeshb\u0151l a beduin faluba \u00e9s tevegel\u00e9s | Luxus kalandos sivatagi szafari csal\u00e1dbar\u00e1t gyerekekkel, p\u00e1rokkal \u00e9s id\u0151sekkel\" \/>\n<meta name=\"robots\" content=\"index, follow, max-snippet:-1, max-image-preview:large, max-video-preview:-1\" \/>\n<link rel=\"canonical\" href=\"https:\/\/hurghadalovers.com\/hu\/tours\/reggeli-buggy-tura-sahl-hasheesh\/\" \/>\n<meta property=\"og:locale\" content=\"hu_HU\" \/>\n<meta property=\"og:type\" content=\"article\" \/>\n<meta property=\"og:title\" content=\"Reggeli Buggy t\u00fara Sahl Hasheeshb\u0151l\" \/>\n<meta property=\"og:description\" content=\"Reggeli Buggy t\u00fara Sahl Hasheeshb\u0151l a beduin faluba \u00e9s tevegel\u00e9s | Luxus kalandos sivatagi szafari csal\u00e1dbar\u00e1t gyerekekkel, p\u00e1rokkal \u00e9s id\u0151sekkel\" \/>\n<meta property=\"og:url\" content=\"https:\/\/hurghadalovers.com\/hu\/tours\/reggeli-buggy-tura-sahl-hasheesh\/\" \/>\n<meta property=\"og:site_name\" content=\"Hurghada Excursions &amp; Day Trips | Booking Best Prices Tours\" \/>\n<meta property=\"article:publisher\" content=\"https:\/\/www.facebook.com\/Hurghadaloversegypt\" \/>\n<meta property=\"article:modified_time\" content=\"2026-02-09T10:24:56+00:00\" \/>\n<meta property=\"og:image\" content=\"https:\/\/hurghadalovers.com\/wp-content\/uploads\/2023\/09\/Morning-Buggy-Tour-from-Sahl-Hasheesh.jpeg\" \/>\n\t<meta property=\"og:image:width\" content=\"1280\" \/>\n\t<meta property=\"og:image:height\" content=\"960\" \/>\n\t<meta property=\"og:image:type\" content=\"image\/jpeg\" \/>\n<meta name=\"twitter:card\" content=\"summary_large_image\" \/>\n<meta name=\"twitter:label1\" content=\"\u00c1r\" \/>\n\t<meta name=\"twitter:data1\" content=\"&euro;&nbsp;90\" \/>\n\t<meta name=\"twitter:label2\" content=\"El\u00e9rhet\u0151s\u00e9g\" \/>\n\t<meta name=\"twitter:data2\" content=\"K\u00e9szleten\" \/>\n<script type=\"application\/ld+json\" class=\"yoast-schema-graph\">{\"@context\":\"https:\/\/schema.org\",\"@graph\":[{\"@type\":[\"WebPage\",\"ItemPage\"],\"@id\":\"https:\/\/hurghadalovers.com\/hu\/tours\/reggeli-buggy-tura-sahl-hasheesh\/\",\"url\":\"https:\/\/hurghadalovers.com\/hu\/tours\/reggeli-buggy-tura-sahl-hasheesh\/\",\"name\":\"Reggeli Buggy t\u00fara Sahl Hasheeshb\u0151l\",\"isPartOf\":{\"@id\":\"https:\/\/hurghadalovers.com\/hu\/#website\"},\"primaryImageOfPage\":{\"@id\":\"https:\/\/hurghadalovers.com\/hu\/tours\/reggeli-buggy-tura-sahl-hasheesh\/#primaryimage\"},\"image\":{\"@id\":\"https:\/\/hurghadalovers.com\/hu\/tours\/reggeli-buggy-tura-sahl-hasheesh\/#primaryimage\"},\"thumbnailUrl\":\"https:\/\/hurghadalovers.com\/wp-content\/uploads\/2023\/09\/Morning-Buggy-Tour-from-Sahl-Hasheesh.jpeg\",\"datePublished\":\"2023-09-01T20:45:30+00:00\",\"dateModified\":\"2026-02-09T10:24:56+00:00\",\"description\":\"Reggeli Buggy t\u00fara Sahl Hasheeshb\u0151l a beduin faluba \u00e9s tevegel\u00e9s | Luxus kalandos sivatagi szafari csal\u00e1dbar\u00e1t gyerekekkel, p\u00e1rokkal \u00e9s id\u0151sekkel\",\"breadcrumb\":{\"@id\":\"https:\/\/hurghadalovers.com\/hu\/tours\/reggeli-buggy-tura-sahl-hasheesh\/#breadcrumb\"},\"inLanguage\":\"hu\",\"potentialAction\":[{\"@type\":\"ReadAction\",\"target\":[\"https:\/\/hurghadalovers.com\/hu\/tours\/reggeli-buggy-tura-sahl-hasheesh\/\"]}]},{\"@type\":\"ImageObject\",\"inLanguage\":\"hu\",\"@id\":\"https:\/\/hurghadalovers.com\/hu\/tours\/reggeli-buggy-tura-sahl-hasheesh\/#primaryimage\",\"url\":\"https:\/\/hurghadalovers.com\/wp-content\/uploads\/2023\/09\/Morning-Buggy-Tour-from-Sahl-Hasheesh.jpeg\",\"contentUrl\":\"https:\/\/hurghadalovers.com\/wp-content\/uploads\/2023\/09\/Morning-Buggy-Tour-from-Sahl-Hasheesh.jpeg\",\"width\":1280,\"height\":960,\"caption\":\"Reggeli Buggy t\u00fara Sahl Hasheeshb\u0151l\"},{\"@type\":\"BreadcrumbList\",\"@id\":\"https:\/\/hurghadalovers.com\/hu\/tours\/reggeli-buggy-tura-sahl-hasheesh\/#breadcrumb\",\"itemListElement\":[{\"@type\":\"ListItem\",\"position\":1,\"name\":\"Home\",\"item\":\"https:\/\/hurghadalovers.com\/hu\/\"},{\"@type\":\"ListItem\",\"position\":2,\"name\":\"Shop\",\"item\":\"https:\/\/hurghadalovers.com\/shop\/\"},{\"@type\":\"ListItem\",\"position\":3,\"name\":\"Reggeli Buggy t\u00fara Sahl Hasheeshb\u0151l\"}]},{\"@type\":\"WebSite\",\"@id\":\"https:\/\/hurghadalovers.com\/hu\/#website\",\"url\":\"https:\/\/hurghadalovers.com\/hu\/\",\"name\":\"Hurghada Excursions & Day Trips | Booking Best Prices Tours\",\"description\":\"Hurghada Lovers - Best Tour Operator - Excursions &amp; Things to do for Family Day Trips with kids and Couples Romantic. Unique .Hidden gems\",\"publisher\":{\"@id\":\"https:\/\/hurghadalovers.com\/hu\/#organization\"},\"alternateName\":\"Hurghada Excursions\",\"potentialAction\":[{\"@type\":\"SearchAction\",\"target\":{\"@type\":\"EntryPoint\",\"urlTemplate\":\"https:\/\/hurghadalovers.com\/hu\/?s={search_term_string}\"},\"query-input\":{\"@type\":\"PropertyValueSpecification\",\"valueRequired\":true,\"valueName\":\"search_term_string\"}}],\"inLanguage\":\"hu\"},{\"@type\":[\"Organization\",\"Place\",\"TravelAgency\"],\"@id\":\"https:\/\/hurghadalovers.com\/hu\/#organization\",\"name\":\"Hurghada Excursions\",\"url\":\"https:\/\/hurghadalovers.com\/hu\/\",\"logo\":{\"@id\":\"https:\/\/hurghadalovers.com\/hu\/tours\/reggeli-buggy-tura-sahl-hasheesh\/#local-main-organization-logo\"},\"image\":{\"@id\":\"https:\/\/hurghadalovers.com\/hu\/tours\/reggeli-buggy-tura-sahl-hasheesh\/#local-main-organization-logo\"},\"sameAs\":[\"https:\/\/www.facebook.com\/Hurghadaloversegypt\"],\"address\":{\"@id\":\"https:\/\/hurghadalovers.com\/hu\/tours\/reggeli-buggy-tura-sahl-hasheesh\/#local-main-place-address\"},\"telephone\":[\"00201112596434\"],\"contactPoint\":{\"@type\":\"ContactPoint\",\"telephone\":\"00201112596434\",\"email\":\"weyouface@gmail.com\"},\"openingHoursSpecification\":{\"@type\":\"OpeningHoursSpecification\",\"dayOfWeek\":[\"Monday\",\"Tuesday\",\"Wednesday\",\"Thursday\",\"Friday\",\"Saturday\",\"Sunday\"],\"opens\":\"00:00\",\"closes\":\"23:59\"},\"email\":\"weyouface@gmail.com\",\"areaServed\":\"Luxor, Hurghada, El Gouna, Aswan, Sharm El Sheikh, Giza, Alexandria, Marsa Alam, Quseir, Soma Bay, Sahl Hasheesh, Red Sea, Makadi Bay, Cairo\",\"priceRange\":\"$\",\"currenciesAccepted\":\"euro\",\"paymentAccepted\":\"cash on site\"},{\"@type\":\"PostalAddress\",\"@id\":\"https:\/\/hurghadalovers.com\/hu\/tours\/reggeli-buggy-tura-sahl-hasheesh\/#local-main-place-address\",\"streetAddress\":\"17 Banks street, Alkawther area, top nbk bank\",\"addressLocality\":\"hurghada\",\"postalCode\":\"84511\",\"addressRegion\":\"red sea\",\"addressCountry\":\"EG\"},{\"@type\":\"ImageObject\",\"inLanguage\":\"hu\",\"@id\":\"https:\/\/hurghadalovers.com\/hu\/tours\/reggeli-buggy-tura-sahl-hasheesh\/#local-main-organization-logo\",\"url\":\"https:\/\/hurghadalovers.com\/wp-content\/uploads\/2019\/10\/hurghada-excursions-logo.png\",\"contentUrl\":\"https:\/\/hurghadalovers.com\/wp-content\/uploads\/2019\/10\/hurghada-excursions-logo.png\",\"width\":272,\"height\":90,\"caption\":\"Hurghada Excursions\"}]}<\/script>\n<meta property=\"product:brand\" content=\"Quad szafari innen Sahl Hasheesh\" \/>\n<meta property=\"product:price:amount\" content=\"90\" \/>\n<meta property=\"product:price:currency\" content=\"EUR\" \/>\n<meta property=\"og:availability\" content=\"instock\" \/>\n<meta property=\"product:availability\" content=\"instock\" \/>\n<meta property=\"product:retailer_item_id\" content=\"SahlSafari032024\" \/>\n<meta property=\"product:condition\" content=\"new\" \/>\n<meta name=\"geo.placename\" content=\"hurghada\" \/>\n<meta name=\"geo.region\" content=\"Egyiptom\" \/>\n<!-- \/ Yoast SEO Premium plugin. -->","yoast_head_json":{"title":"Reggeli Buggy t\u00fara Sahl Hasheeshb\u0151l","description":"Reggeli Buggy t\u00fara Sahl Hasheeshb\u0151l a beduin faluba \u00e9s tevegel\u00e9s | Luxus kalandos sivatagi szafari csal\u00e1dbar\u00e1t gyerekekkel, p\u00e1rokkal \u00e9s id\u0151sekkel","robots":{"index":"index","follow":"follow","max-snippet":"max-snippet:-1","max-image-preview":"max-image-preview:large","max-video-preview":"max-video-preview:-1"},"canonical":"https:\/\/hurghadalovers.com\/hu\/tours\/reggeli-buggy-tura-sahl-hasheesh\/","og_locale":"hu_HU","og_type":"article","og_title":"Reggeli Buggy t\u00fara Sahl Hasheeshb\u0151l","og_description":"Reggeli Buggy t\u00fara Sahl Hasheeshb\u0151l a beduin faluba \u00e9s tevegel\u00e9s | Luxus kalandos sivatagi szafari csal\u00e1dbar\u00e1t gyerekekkel, p\u00e1rokkal \u00e9s id\u0151sekkel","og_url":"https:\/\/hurghadalovers.com\/hu\/tours\/reggeli-buggy-tura-sahl-hasheesh\/","og_site_name":"Hurghada Excursions &amp; Day Trips | Booking Best Prices Tours","article_publisher":"https:\/\/www.facebook.com\/Hurghadaloversegypt","article_modified_time":"2026-02-09T10:24:56+00:00","og_image":[{"width":1280,"height":960,"url":"https:\/\/hurghadalovers.com\/wp-content\/uploads\/2023\/09\/Morning-Buggy-Tour-from-Sahl-Hasheesh.jpeg","type":"image\/jpeg"}],"twitter_card":"summary_large_image","twitter_misc":{"\u00c1r":"&euro;&nbsp;90","El\u00e9rhet\u0151s\u00e9g":"K\u00e9szleten"},"schema":{"@context":"https:\/\/schema.org","@graph":[{"@type":["WebPage","ItemPage"],"@id":"https:\/\/hurghadalovers.com\/hu\/tours\/reggeli-buggy-tura-sahl-hasheesh\/","url":"https:\/\/hurghadalovers.com\/hu\/tours\/reggeli-buggy-tura-sahl-hasheesh\/","name":"Reggeli Buggy t\u00fara Sahl Hasheeshb\u0151l","isPartOf":{"@id":"https:\/\/hurghadalovers.com\/hu\/#website"},"primaryImageOfPage":{"@id":"https:\/\/hurghadalovers.com\/hu\/tours\/reggeli-buggy-tura-sahl-hasheesh\/#primaryimage"},"image":{"@id":"https:\/\/hurghadalovers.com\/hu\/tours\/reggeli-buggy-tura-sahl-hasheesh\/#primaryimage"},"thumbnailUrl":"https:\/\/hurghadalovers.com\/wp-content\/uploads\/2023\/09\/Morning-Buggy-Tour-from-Sahl-Hasheesh.jpeg","datePublished":"2023-09-01T20:45:30+00:00","dateModified":"2026-02-09T10:24:56+00:00","description":"Reggeli Buggy t\u00fara Sahl Hasheeshb\u0151l a beduin faluba \u00e9s tevegel\u00e9s | Luxus kalandos sivatagi szafari csal\u00e1dbar\u00e1t gyerekekkel, p\u00e1rokkal \u00e9s id\u0151sekkel","breadcrumb":{"@id":"https:\/\/hurghadalovers.com\/hu\/tours\/reggeli-buggy-tura-sahl-hasheesh\/#breadcrumb"},"inLanguage":"hu","potentialAction":[{"@type":"ReadAction","target":["https:\/\/hurghadalovers.com\/hu\/tours\/reggeli-buggy-tura-sahl-hasheesh\/"]}]},{"@type":"ImageObject","inLanguage":"hu","@id":"https:\/\/hurghadalovers.com\/hu\/tours\/reggeli-buggy-tura-sahl-hasheesh\/#primaryimage","url":"https:\/\/hurghadalovers.com\/wp-content\/uploads\/2023\/09\/Morning-Buggy-Tour-from-Sahl-Hasheesh.jpeg","contentUrl":"https:\/\/hurghadalovers.com\/wp-content\/uploads\/2023\/09\/Morning-Buggy-Tour-from-Sahl-Hasheesh.jpeg","width":1280,"height":960,"caption":"Reggeli Buggy t\u00fara Sahl Hasheeshb\u0151l"},{"@type":"BreadcrumbList","@id":"https:\/\/hurghadalovers.com\/hu\/tours\/reggeli-buggy-tura-sahl-hasheesh\/#breadcrumb","itemListElement":[{"@type":"ListItem","position":1,"name":"Home","item":"https:\/\/hurghadalovers.com\/hu\/"},{"@type":"ListItem","position":2,"name":"Shop","item":"https:\/\/hurghadalovers.com\/shop\/"},{"@type":"ListItem","position":3,"name":"Reggeli Buggy t\u00fara Sahl Hasheeshb\u0151l"}]},{"@type":"WebSite","@id":"https:\/\/hurghadalovers.com\/hu\/#website","url":"https:\/\/hurghadalovers.com\/hu\/","name":"Hurghada Excursions & Day Trips | Booking Best Prices Tours","description":"Hurghada Lovers - Best Tour Operator - Excursions &amp; Things to do for Family Day Trips with kids and Couples Romantic. Unique .Hidden gems","publisher":{"@id":"https:\/\/hurghadalovers.com\/hu\/#organization"},"alternateName":"Hurghada Excursions","potentialAction":[{"@type":"SearchAction","target":{"@type":"EntryPoint","urlTemplate":"https:\/\/hurghadalovers.com\/hu\/?s={search_term_string}"},"query-input":{"@type":"PropertyValueSpecification","valueRequired":true,"valueName":"search_term_string"}}],"inLanguage":"hu"},{"@type":["Organization","Place","TravelAgency"],"@id":"https:\/\/hurghadalovers.com\/hu\/#organization","name":"Hurghada Excursions","url":"https:\/\/hurghadalovers.com\/hu\/","logo":{"@id":"https:\/\/hurghadalovers.com\/hu\/tours\/reggeli-buggy-tura-sahl-hasheesh\/#local-main-organization-logo"},"image":{"@id":"https:\/\/hurghadalovers.com\/hu\/tours\/reggeli-buggy-tura-sahl-hasheesh\/#local-main-organization-logo"},"sameAs":["https:\/\/www.facebook.com\/Hurghadaloversegypt"],"address":{"@id":"https:\/\/hurghadalovers.com\/hu\/tours\/reggeli-buggy-tura-sahl-hasheesh\/#local-main-place-address"},"telephone":["00201112596434"],"contactPoint":{"@type":"ContactPoint","telephone":"00201112596434","email":"weyouface@gmail.com"},"openingHoursSpecification":{"@type":"OpeningHoursSpecification","dayOfWeek":["Monday","Tuesday","Wednesday","Thursday","Friday","Saturday","Sunday"],"opens":"00:00","closes":"23:59"},"email":"weyouface@gmail.com","areaServed":"Luxor, Hurghada, El Gouna, Aswan, Sharm El Sheikh, Giza, Alexandria, Marsa Alam, Quseir, Soma Bay, Sahl Hasheesh, Red Sea, Makadi Bay, Cairo","priceRange":"$","currenciesAccepted":"euro","paymentAccepted":"cash on site"},{"@type":"PostalAddress","@id":"https:\/\/hurghadalovers.com\/hu\/tours\/reggeli-buggy-tura-sahl-hasheesh\/#local-main-place-address","streetAddress":"17 Banks street, Alkawther area, top nbk bank","addressLocality":"hurghada","postalCode":"84511","addressRegion":"red sea","addressCountry":"EG"},{"@type":"ImageObject","inLanguage":"hu","@id":"https:\/\/hurghadalovers.com\/hu\/tours\/reggeli-buggy-tura-sahl-hasheesh\/#local-main-organization-logo","url":"https:\/\/hurghadalovers.com\/wp-content\/uploads\/2019\/10\/hurghada-excursions-logo.png","contentUrl":"https:\/\/hurghadalovers.com\/wp-content\/uploads\/2019\/10\/hurghada-excursions-logo.png","width":272,"height":90,"caption":"Hurghada Excursions"}]},"product_brand":"Quad szafari innen Sahl Hasheesh","product_price_amount":"90","product_price_currency":"EUR","og_availability":"instock","product_availability":"instock","product_retailer_item_id":"SahlSafari032024","product_condition":"new","geo.placename":"hurghada","geo.region":"Egyiptom"},"_links":{"self":[{"href":"https:\/\/hurghadalovers.com\/hu\/wp-json\/wp\/v2\/product\/392216","targetHints":{"allow":["GET"]}}],"collection":[{"href":"https:\/\/hurghadalovers.com\/hu\/wp-json\/wp\/v2\/product"}],"about":[{"href":"https:\/\/hurghadalovers.com\/hu\/wp-json\/wp\/v2\/types\/product"}],"wp:featuredmedia":[{"embeddable":true,"href":"https:\/\/hurghadalovers.com\/hu\/wp-json\/wp\/v2\/media\/391986"}],"wp:attachment":[{"href":"https:\/\/hurghadalovers.com\/hu\/wp-json\/wp\/v2\/media?parent=392216"}],"wp:term":[{"taxonomy":"product_brand","embeddable":true,"href":"https:\/\/hurghadalovers.com\/hu\/wp-json\/wp\/v2\/product_brand?post=392216"},{"taxonomy":"product_cat","embeddable":true,"href":"https:\/\/hurghadalovers.com\/hu\/wp-json\/wp\/v2\/product_cat?post=392216"},{"taxonomy":"product_tag","embeddable":true,"href":"https:\/\/hurghadalovers.com\/hu\/wp-json\/wp\/v2\/product_tag?post=392216"}],"curies":[{"name":"wp","href":"https:\/\/api.w.org\/{rel}","templated":true}]}}