{"id":391334,"date":"2023-08-31T18:11:14","date_gmt":"2023-08-31T18:13:04","guid":{"rendered":"https:\/\/hurghadalovers.com\/shop\/nem-kategorizalt\/sahl-hasheesh-hajojaratok-a-paradise-szigetre\/"},"modified":"2026-01-13T15:45:48","modified_gmt":"2026-01-13T15:45:48","slug":"sahl-hasheesh-csonakhajo-charter-a-paradicsom-szigetre","status":"publish","type":"product","link":"https:\/\/hurghadalovers.com\/hu\/tours\/sahl-hasheesh-csonakhajo-charter-a-paradicsom-szigetre\/","title":{"rendered":"Sahl Hasheesh haj\u00f3j\u00e1ratok a Paradise-szigetre"},"content":{"rendered":"<p>Sahl Hasheesh Haj\u00f3t\u00far\u00e1k a Paradise Islandre | Priv\u00e1t luxusjachtok sznorkelez\u00e9ssel, v\u00edzi sportokkal, eb\u00e9ddel \u00e9s transzferrel.<\/p>\n<p style=\"text-align: center;\"><span style=\"color: #008080;\">A legszebb Sahl Hasheesh <strong>Csal\u00e1dbar\u00e1t tev\u00e9kenys\u00e9gek<\/strong>, Szabadid\u0151s tev\u00e9kenys\u00e9gek <strong>gyerekekkel<\/strong>, Id\u0151sek, <strong>n\u00e1szutasok<\/strong> \u00e9s <strong>p\u00e1rok<\/strong>.<\/span><\/p>\n<p>Foglal\u00e1s kis <strong>Yacht Charter<\/strong> 3-6 f\u0151 vagy luxus nagy <strong>haj\u00f3 b\u00e9rleti<\/strong> 8-35 f\u0151 transzferrel goto \u00fasz\u00e1s a legjobb <strong>h\u00e1z z\u00e1tony Spot<\/strong> \u00e9s Saty 2-4 \u00f3ra legjobb Beach <strong>Giftun Island<\/strong> &#8222;Paradise Beach&#8221;.<\/p>\n<p>&nbsp;<\/p>\n<p><strong>Kiemelt pontok:<\/strong><\/p>\n<ul>\n<li>2 Spots Snorkeling House Reef.<\/li>\n<li>2-4 \u00f3ra a Paradise Island Beach-en.<\/li>\n<li>V\u00edzi sportok &#8222;Ban\u00e1n \u00e9s Quattro&#8221;.<\/li>\n<\/ul>\n<p><strong>R\u00e9szletek:<\/strong><\/p>\n<ul>\n<li>T\u00fara el\u00e9rhet\u0151s\u00e9ge: Minden nap.<\/li>\n<li>T\u00fara t\u00edpusa: T\u00edpus: Priv\u00e1t.<\/li>\n<li>Felsz\u00e1ll\u00e1si id\u0151: 07:30-t\u00f3l kezd\u0151dik.<\/li>\n<li>Kisz\u00e1ll\u00e1s ideje: 17:00.<\/li>\n<li>Kerekessz\u00e9kkel megk\u00f6zel\u00edthet\u0151.<\/li>\n<li>Id\u0151tartam: 8 \u00f3ra.<\/li>\n<\/ul>\n<p><strong>Foglaljon most \u00e9s fizessen k\u00e9s\u0151bb:<\/strong><\/p>\n<ul>\n<li>K\u00e9szp\u00e9nz a helysz\u00ednen az \u00fatmutat\u00f3hoz.<\/li>\n<li>Fizet\u00e9s egyiptomi font, $, \u20ac vagy \u00a3.<\/li>\n<\/ul>\n<p><strong>Lemond\u00e1si felt\u00e9telek:<\/strong><\/p>\n<ul>\n<li>\u00d6n lemondhatja ak\u00e1r 24 \u00f3r\u00e1val el\u0151re.<\/li>\n<li>Ha valaki a csal\u00e1db\u00f3l lemondja a reggeli, Fizessen 50% -ot a k\u00f6lts\u00e9gekb\u0151l.<\/li>\n<\/ul>\n<p><strong>Mit tartalmaz?<\/strong><\/p>\n<ul>\n<li>Transzfer a Sahl Hasheesh sz\u00e1llod\u00e1kb\u00f3l &#8222;Hotel pick up and drop off&#8221;.<\/li>\n<li>Minden ad\u00f3, bel\u00e9p\u0151 \u00e9s kezel\u00e9si k\u00f6lts\u00e9g.<\/li>\n<li>Idegenvezet\u0151.<\/li>\n<li>\u00c1sv\u00e1nyv\u00edz + k\u00f3la + tej + k\u00e1v\u00e9\/tea.<\/li>\n<li>2 Snorkeling hely.<\/li>\n<li>Snorkeling felszerel\u00e9s &#8222;Maszkok \u00e9s uszonyok&#8221;.<\/li>\n<li>2-4 \u00f3ra a <strong>Paradise Island<\/strong> <strong>Beach-en<\/strong>.<\/li>\n<li>VIP b\u00fcf\u00e9eb\u00e9d a haj\u00f3n.<\/li>\n<li>Ment\u0151mell\u00e9nyek.<\/li>\n<\/ul>\n<p><strong>Kiz\u00e1r\u00e1sok?<\/strong><\/p>\n<ul>\n<li>Borraval\u00f3.<\/li>\n<li>Italok a Paradise Restaurant Islandben.<\/li>\n<li>F\u00e9nyk\u00e9pez\u00e9s \u00e9s fot\u00f3k az \u00fatra.<\/li>\n<li>K\u00edn\u00e1lunk Rent f\u00fcrd\u0151ruh\u00e1k \u00e9s f\u00fcrd\u0151ruh\u00e1k a n\u0151k, f\u00e9rfiak, gyerekek minden m\u00e9ret &#8221; 5$ per egy&#8221;.<\/li>\n<li>B\u00e1rmilyen nem eml\u00edtett extr\u00e1k.<\/li>\n<\/ul>\n<p><strong>\u00c1rak:<\/strong><\/p>\n<ul>\n<li><strong>Kis jacht charter 3-6 f\u0151 r\u00e9sz\u00e9re = 420$-t\u00f3l<\/strong><\/li>\n<li><strong>Luxus nagyhaj\u00f3 b\u00e9rl\u00e9s 8-t\u00f3l 35 f\u0151ig = 770$-t\u00f3l<\/strong><\/li>\n<\/ul>\n<p><strong>  V\u00e9lem\u00e9nyek:<\/strong><\/p>\n<p>ellen\u0151rizze a Google T\u00e9rk\u00e9p V\u00e9lem\u00e9nyek a legjobb <a href=\"https:\/\/g.page\/r\/CUeYvkngP3wkEBM\/review\">utaz\u00e1sszervez\u0151 Hurghada<\/a> online <a href=\"https:\/\/hurghadalovers.com\/\">Hurghada<\/a> Egyiptomban.<\/p>\n<p><strong>Foglal\u00e1s:<\/strong><\/p>\n<p>K\u00fcldje el a sz\u00e1llod\u00e1t + szobasz\u00e1m + f\u00e9nyk\u00e9pes \u00fatlevelet a WhatsAppra: <strong>+201112596434<\/strong><\/p>\n<p>Ha ki Egyiptom Foglal\u00e1s most online, \u00e9s er\u0151s\u00edtse meg, amikor \u00e9rkez\u00e9s Hotel.<\/p>\n<p>&nbsp;<\/p>\n<p>&nbsp;<\/p>\n","protected":false},"excerpt":{"rendered":"<p>Sahl Hasheesh Haj\u00f3t\u00far\u00e1k a Paradise Islandre | Priv\u00e1t luxusjachtok sznorkelez\u00e9ssel, v\u00edzi sportokkal, eb\u00e9ddel \u00e9s transzferrel.<\/p>\n<p style=\"text-align: center;\"><span style=\"color: #008080;\">A legszebb Sahl Hasheesh <strong>Csal\u00e1dbar\u00e1t tev\u00e9kenys\u00e9gek<\/strong>, Szabadid\u0151s tev\u00e9kenys\u00e9gek <strong>gyerekekkel<\/strong>, Id\u0151sek, <strong>n\u00e1szutasok<\/strong> \u00e9s <strong>p\u00e1rok<\/strong>.<\/span><\/p>\n<p>&nbsp;<\/p>\n","protected":false},"featured_media":391127,"template":"","meta":{"_joinchat":[]},"product_brand":[],"product_cat":[29297],"product_tag":[49506],"class_list":{"0":"post-391334","1":"product","2":"type-product","3":"status-publish","4":"has-post-thumbnail","6":"product_cat-egypt-tours","7":"product_tag-sahl-hasheesh-private-boat-trip","8":"tour_category-sahl-hasheesh-fakultativ-kirandulasok","9":"tour_category-sahl-hasheesh-sznorkelezes","11":"first","12":"instock","13":"sale","14":"shipping-taxable","15":"purchasable","16":"product-type-tour"},"yoast_head":"<!-- This site is optimized with the Yoast SEO Premium plugin v26.9 (Yoast SEO v27.2) - https:\/\/yoast.com\/product\/yoast-seo-premium-wordpress\/ -->\n<title>Sahl Hasheesh haj\u00f3j\u00e1ratok a Paradise-szigetre<\/title>\n<meta name=\"description\" content=\"Sahl Hasheesh Haj\u00f3t\u00far\u00e1k a Paradise Islandre | Priv\u00e1t luxusjachtok sznorkelez\u00e9ssel, v\u00edzi sportokkal, eb\u00e9ddel \u00e9s transzferrel. Csal\u00e1dbar\u00e1t tev\u00e9kenys\u00e9gek\" \/>\n<meta name=\"robots\" content=\"index, follow, max-snippet:-1, max-image-preview:large, max-video-preview:-1\" \/>\n<link rel=\"canonical\" href=\"https:\/\/hurghadalovers.com\/hu\/tours\/sahl-hasheesh-csonakhajo-charter-a-paradicsom-szigetre\/\" \/>\n<meta property=\"og:locale\" content=\"hu_HU\" \/>\n<meta property=\"og:type\" content=\"article\" \/>\n<meta property=\"og:title\" content=\"Sahl Hasheesh haj\u00f3j\u00e1ratok a Paradise-szigetre\" \/>\n<meta property=\"og:description\" content=\"Sahl Hasheesh Haj\u00f3t\u00far\u00e1k a Paradise Islandre | Priv\u00e1t luxusjachtok sznorkelez\u00e9ssel, v\u00edzi sportokkal, eb\u00e9ddel \u00e9s transzferrel. Csal\u00e1dbar\u00e1t tev\u00e9kenys\u00e9gek\" \/>\n<meta property=\"og:url\" content=\"https:\/\/hurghadalovers.com\/hu\/tours\/sahl-hasheesh-csonakhajo-charter-a-paradicsom-szigetre\/\" \/>\n<meta property=\"og:site_name\" content=\"Hurghada Excursions &amp; Day Trips | Booking Best Prices Tours\" \/>\n<meta property=\"article:publisher\" content=\"https:\/\/www.facebook.com\/Hurghadaloversegypt\" \/>\n<meta property=\"article:modified_time\" content=\"2026-01-13T15:45:48+00:00\" \/>\n<meta property=\"og:image\" content=\"https:\/\/hurghadalovers.com\/wp-content\/uploads\/2023\/08\/Sahl-Hasheesh-Boat-Charters-to-Paradise-Island.jpeg\" \/>\n\t<meta property=\"og:image:width\" content=\"1156\" \/>\n\t<meta property=\"og:image:height\" content=\"867\" \/>\n\t<meta property=\"og:image:type\" content=\"image\/jpeg\" \/>\n<meta name=\"twitter:card\" content=\"summary_large_image\" \/>\n<meta name=\"twitter:label1\" content=\"\u00c1r\" \/>\n\t<meta name=\"twitter:data1\" content=\"&euro;&nbsp;420\" \/>\n\t<meta name=\"twitter:label2\" content=\"El\u00e9rhet\u0151s\u00e9g\" \/>\n\t<meta name=\"twitter:data2\" content=\"K\u00e9szleten\" \/>\n<script type=\"application\/ld+json\" class=\"yoast-schema-graph\">{\"@context\":\"https:\/\/schema.org\",\"@graph\":[{\"@type\":[\"WebPage\",\"ItemPage\"],\"@id\":\"https:\/\/hurghadalovers.com\/hu\/tours\/sahl-hasheesh-csonakhajo-charter-a-paradicsom-szigetre\/\",\"url\":\"https:\/\/hurghadalovers.com\/hu\/tours\/sahl-hasheesh-csonakhajo-charter-a-paradicsom-szigetre\/\",\"name\":\"Sahl Hasheesh haj\u00f3j\u00e1ratok a Paradise-szigetre\",\"isPartOf\":{\"@id\":\"https:\/\/hurghadalovers.com\/hu\/#website\"},\"primaryImageOfPage\":{\"@id\":\"https:\/\/hurghadalovers.com\/hu\/tours\/sahl-hasheesh-csonakhajo-charter-a-paradicsom-szigetre\/#primaryimage\"},\"image\":{\"@id\":\"https:\/\/hurghadalovers.com\/hu\/tours\/sahl-hasheesh-csonakhajo-charter-a-paradicsom-szigetre\/#primaryimage\"},\"thumbnailUrl\":\"https:\/\/hurghadalovers.com\/wp-content\/uploads\/2023\/08\/Sahl-Hasheesh-Boat-Charters-to-Paradise-Island.jpeg\",\"datePublished\":\"2023-08-31T18:13:04+00:00\",\"dateModified\":\"2026-01-13T15:45:48+00:00\",\"description\":\"Sahl Hasheesh Haj\u00f3t\u00far\u00e1k a Paradise Islandre | Priv\u00e1t luxusjachtok sznorkelez\u00e9ssel, v\u00edzi sportokkal, eb\u00e9ddel \u00e9s transzferrel. Csal\u00e1dbar\u00e1t tev\u00e9kenys\u00e9gek\",\"breadcrumb\":{\"@id\":\"https:\/\/hurghadalovers.com\/hu\/tours\/sahl-hasheesh-csonakhajo-charter-a-paradicsom-szigetre\/#breadcrumb\"},\"inLanguage\":\"hu\",\"potentialAction\":[{\"@type\":\"ReadAction\",\"target\":[\"https:\/\/hurghadalovers.com\/hu\/tours\/sahl-hasheesh-csonakhajo-charter-a-paradicsom-szigetre\/\"]}]},{\"@type\":\"ImageObject\",\"inLanguage\":\"hu\",\"@id\":\"https:\/\/hurghadalovers.com\/hu\/tours\/sahl-hasheesh-csonakhajo-charter-a-paradicsom-szigetre\/#primaryimage\",\"url\":\"https:\/\/hurghadalovers.com\/wp-content\/uploads\/2023\/08\/Sahl-Hasheesh-Boat-Charters-to-Paradise-Island.jpeg\",\"contentUrl\":\"https:\/\/hurghadalovers.com\/wp-content\/uploads\/2023\/08\/Sahl-Hasheesh-Boat-Charters-to-Paradise-Island.jpeg\",\"width\":1156,\"height\":867,\"caption\":\"Sahl Hasheesh haj\u00f3j\u00e1ratok a Paradise-szigetre\"},{\"@type\":\"BreadcrumbList\",\"@id\":\"https:\/\/hurghadalovers.com\/hu\/tours\/sahl-hasheesh-csonakhajo-charter-a-paradicsom-szigetre\/#breadcrumb\",\"itemListElement\":[{\"@type\":\"ListItem\",\"position\":1,\"name\":\"Home\",\"item\":\"https:\/\/hurghadalovers.com\/hu\/\"},{\"@type\":\"ListItem\",\"position\":2,\"name\":\"Shop\",\"item\":\"https:\/\/hurghadalovers.com\/shop\/\"},{\"@type\":\"ListItem\",\"position\":3,\"name\":\"Sahl Hasheesh haj\u00f3j\u00e1ratok a Paradise-szigetre\"}]},{\"@type\":\"WebSite\",\"@id\":\"https:\/\/hurghadalovers.com\/hu\/#website\",\"url\":\"https:\/\/hurghadalovers.com\/hu\/\",\"name\":\"Hurghada Excursions & Day Trips | Booking Best Prices Tours\",\"description\":\"Hurghada Lovers - Best Tour Operator - Excursions &amp; Things to do for Family Day Trips with kids and Couples Romantic. Unique .Hidden gems\",\"publisher\":{\"@id\":\"https:\/\/hurghadalovers.com\/hu\/#organization\"},\"alternateName\":\"Hurghada Excursions\",\"potentialAction\":[{\"@type\":\"SearchAction\",\"target\":{\"@type\":\"EntryPoint\",\"urlTemplate\":\"https:\/\/hurghadalovers.com\/hu\/?s={search_term_string}\"},\"query-input\":{\"@type\":\"PropertyValueSpecification\",\"valueRequired\":true,\"valueName\":\"search_term_string\"}}],\"inLanguage\":\"hu\"},{\"@type\":[\"Organization\",\"Place\",\"TravelAgency\"],\"@id\":\"https:\/\/hurghadalovers.com\/hu\/#organization\",\"name\":\"Hurghada Excursions\",\"url\":\"https:\/\/hurghadalovers.com\/hu\/\",\"logo\":{\"@id\":\"https:\/\/hurghadalovers.com\/hu\/tours\/sahl-hasheesh-csonakhajo-charter-a-paradicsom-szigetre\/#local-main-organization-logo\"},\"image\":{\"@id\":\"https:\/\/hurghadalovers.com\/hu\/tours\/sahl-hasheesh-csonakhajo-charter-a-paradicsom-szigetre\/#local-main-organization-logo\"},\"sameAs\":[\"https:\/\/www.facebook.com\/Hurghadaloversegypt\"],\"address\":{\"@id\":\"https:\/\/hurghadalovers.com\/hu\/tours\/sahl-hasheesh-csonakhajo-charter-a-paradicsom-szigetre\/#local-main-place-address\"},\"telephone\":[\"00201112596434\"],\"contactPoint\":{\"@type\":\"ContactPoint\",\"telephone\":\"00201112596434\",\"email\":\"weyouface@gmail.com\"},\"openingHoursSpecification\":{\"@type\":\"OpeningHoursSpecification\",\"dayOfWeek\":[\"Monday\",\"Tuesday\",\"Wednesday\",\"Thursday\",\"Friday\",\"Saturday\",\"Sunday\"],\"opens\":\"00:00\",\"closes\":\"23:59\"},\"email\":\"weyouface@gmail.com\",\"areaServed\":\"Luxor, Hurghada, El Gouna, Aswan, Sharm El Sheikh, Giza, Alexandria, Marsa Alam, Quseir, Soma Bay, Sahl Hasheesh, Red Sea, Makadi Bay, Cairo\",\"priceRange\":\"$\",\"currenciesAccepted\":\"euro\",\"paymentAccepted\":\"cash on site\"},{\"@type\":\"PostalAddress\",\"@id\":\"https:\/\/hurghadalovers.com\/hu\/tours\/sahl-hasheesh-csonakhajo-charter-a-paradicsom-szigetre\/#local-main-place-address\",\"streetAddress\":\"17 Banks street, Alkawther area, top nbk bank\",\"addressLocality\":\"hurghada\",\"postalCode\":\"84511\",\"addressRegion\":\"red sea\",\"addressCountry\":\"EG\"},{\"@type\":\"ImageObject\",\"inLanguage\":\"hu\",\"@id\":\"https:\/\/hurghadalovers.com\/hu\/tours\/sahl-hasheesh-csonakhajo-charter-a-paradicsom-szigetre\/#local-main-organization-logo\",\"url\":\"https:\/\/hurghadalovers.com\/wp-content\/uploads\/2019\/10\/hurghada-excursions-logo.png\",\"contentUrl\":\"https:\/\/hurghadalovers.com\/wp-content\/uploads\/2019\/10\/hurghada-excursions-logo.png\",\"width\":272,\"height\":90,\"caption\":\"Hurghada Excursions\"}]}<\/script>\n<meta property=\"product:brand\" content=\"Sahl Hasheesh fakultat\u00edv kir\u00e1ndul\u00e1sok\" \/>\n<meta property=\"product:price:amount\" content=\"420\" \/>\n<meta property=\"product:price:currency\" content=\"EUR\" \/>\n<meta property=\"og:availability\" content=\"instock\" \/>\n<meta property=\"product:availability\" content=\"instock\" \/>\n<meta property=\"product:retailer_item_id\" content=\"Sahl312024\" \/>\n<meta property=\"product:condition\" content=\"new\" \/>\n<meta name=\"geo.placename\" content=\"hurghada\" \/>\n<meta name=\"geo.region\" content=\"Egyiptom\" \/>\n<!-- \/ Yoast SEO Premium plugin. -->","yoast_head_json":{"title":"Sahl Hasheesh haj\u00f3j\u00e1ratok a Paradise-szigetre","description":"Sahl Hasheesh Haj\u00f3t\u00far\u00e1k a Paradise Islandre | Priv\u00e1t luxusjachtok sznorkelez\u00e9ssel, v\u00edzi sportokkal, eb\u00e9ddel \u00e9s transzferrel. Csal\u00e1dbar\u00e1t tev\u00e9kenys\u00e9gek","robots":{"index":"index","follow":"follow","max-snippet":"max-snippet:-1","max-image-preview":"max-image-preview:large","max-video-preview":"max-video-preview:-1"},"canonical":"https:\/\/hurghadalovers.com\/hu\/tours\/sahl-hasheesh-csonakhajo-charter-a-paradicsom-szigetre\/","og_locale":"hu_HU","og_type":"article","og_title":"Sahl Hasheesh haj\u00f3j\u00e1ratok a Paradise-szigetre","og_description":"Sahl Hasheesh Haj\u00f3t\u00far\u00e1k a Paradise Islandre | Priv\u00e1t luxusjachtok sznorkelez\u00e9ssel, v\u00edzi sportokkal, eb\u00e9ddel \u00e9s transzferrel. Csal\u00e1dbar\u00e1t tev\u00e9kenys\u00e9gek","og_url":"https:\/\/hurghadalovers.com\/hu\/tours\/sahl-hasheesh-csonakhajo-charter-a-paradicsom-szigetre\/","og_site_name":"Hurghada Excursions &amp; Day Trips | Booking Best Prices Tours","article_publisher":"https:\/\/www.facebook.com\/Hurghadaloversegypt","article_modified_time":"2026-01-13T15:45:48+00:00","og_image":[{"width":1156,"height":867,"url":"https:\/\/hurghadalovers.com\/wp-content\/uploads\/2023\/08\/Sahl-Hasheesh-Boat-Charters-to-Paradise-Island.jpeg","type":"image\/jpeg"}],"twitter_card":"summary_large_image","twitter_misc":{"\u00c1r":"&euro;&nbsp;420","El\u00e9rhet\u0151s\u00e9g":"K\u00e9szleten"},"schema":{"@context":"https:\/\/schema.org","@graph":[{"@type":["WebPage","ItemPage"],"@id":"https:\/\/hurghadalovers.com\/hu\/tours\/sahl-hasheesh-csonakhajo-charter-a-paradicsom-szigetre\/","url":"https:\/\/hurghadalovers.com\/hu\/tours\/sahl-hasheesh-csonakhajo-charter-a-paradicsom-szigetre\/","name":"Sahl Hasheesh haj\u00f3j\u00e1ratok a Paradise-szigetre","isPartOf":{"@id":"https:\/\/hurghadalovers.com\/hu\/#website"},"primaryImageOfPage":{"@id":"https:\/\/hurghadalovers.com\/hu\/tours\/sahl-hasheesh-csonakhajo-charter-a-paradicsom-szigetre\/#primaryimage"},"image":{"@id":"https:\/\/hurghadalovers.com\/hu\/tours\/sahl-hasheesh-csonakhajo-charter-a-paradicsom-szigetre\/#primaryimage"},"thumbnailUrl":"https:\/\/hurghadalovers.com\/wp-content\/uploads\/2023\/08\/Sahl-Hasheesh-Boat-Charters-to-Paradise-Island.jpeg","datePublished":"2023-08-31T18:13:04+00:00","dateModified":"2026-01-13T15:45:48+00:00","description":"Sahl Hasheesh Haj\u00f3t\u00far\u00e1k a Paradise Islandre | Priv\u00e1t luxusjachtok sznorkelez\u00e9ssel, v\u00edzi sportokkal, eb\u00e9ddel \u00e9s transzferrel. Csal\u00e1dbar\u00e1t tev\u00e9kenys\u00e9gek","breadcrumb":{"@id":"https:\/\/hurghadalovers.com\/hu\/tours\/sahl-hasheesh-csonakhajo-charter-a-paradicsom-szigetre\/#breadcrumb"},"inLanguage":"hu","potentialAction":[{"@type":"ReadAction","target":["https:\/\/hurghadalovers.com\/hu\/tours\/sahl-hasheesh-csonakhajo-charter-a-paradicsom-szigetre\/"]}]},{"@type":"ImageObject","inLanguage":"hu","@id":"https:\/\/hurghadalovers.com\/hu\/tours\/sahl-hasheesh-csonakhajo-charter-a-paradicsom-szigetre\/#primaryimage","url":"https:\/\/hurghadalovers.com\/wp-content\/uploads\/2023\/08\/Sahl-Hasheesh-Boat-Charters-to-Paradise-Island.jpeg","contentUrl":"https:\/\/hurghadalovers.com\/wp-content\/uploads\/2023\/08\/Sahl-Hasheesh-Boat-Charters-to-Paradise-Island.jpeg","width":1156,"height":867,"caption":"Sahl Hasheesh haj\u00f3j\u00e1ratok a Paradise-szigetre"},{"@type":"BreadcrumbList","@id":"https:\/\/hurghadalovers.com\/hu\/tours\/sahl-hasheesh-csonakhajo-charter-a-paradicsom-szigetre\/#breadcrumb","itemListElement":[{"@type":"ListItem","position":1,"name":"Home","item":"https:\/\/hurghadalovers.com\/hu\/"},{"@type":"ListItem","position":2,"name":"Shop","item":"https:\/\/hurghadalovers.com\/shop\/"},{"@type":"ListItem","position":3,"name":"Sahl Hasheesh haj\u00f3j\u00e1ratok a Paradise-szigetre"}]},{"@type":"WebSite","@id":"https:\/\/hurghadalovers.com\/hu\/#website","url":"https:\/\/hurghadalovers.com\/hu\/","name":"Hurghada Excursions & Day Trips | Booking Best Prices Tours","description":"Hurghada Lovers - Best Tour Operator - Excursions &amp; Things to do for Family Day Trips with kids and Couples Romantic. Unique .Hidden gems","publisher":{"@id":"https:\/\/hurghadalovers.com\/hu\/#organization"},"alternateName":"Hurghada Excursions","potentialAction":[{"@type":"SearchAction","target":{"@type":"EntryPoint","urlTemplate":"https:\/\/hurghadalovers.com\/hu\/?s={search_term_string}"},"query-input":{"@type":"PropertyValueSpecification","valueRequired":true,"valueName":"search_term_string"}}],"inLanguage":"hu"},{"@type":["Organization","Place","TravelAgency"],"@id":"https:\/\/hurghadalovers.com\/hu\/#organization","name":"Hurghada Excursions","url":"https:\/\/hurghadalovers.com\/hu\/","logo":{"@id":"https:\/\/hurghadalovers.com\/hu\/tours\/sahl-hasheesh-csonakhajo-charter-a-paradicsom-szigetre\/#local-main-organization-logo"},"image":{"@id":"https:\/\/hurghadalovers.com\/hu\/tours\/sahl-hasheesh-csonakhajo-charter-a-paradicsom-szigetre\/#local-main-organization-logo"},"sameAs":["https:\/\/www.facebook.com\/Hurghadaloversegypt"],"address":{"@id":"https:\/\/hurghadalovers.com\/hu\/tours\/sahl-hasheesh-csonakhajo-charter-a-paradicsom-szigetre\/#local-main-place-address"},"telephone":["00201112596434"],"contactPoint":{"@type":"ContactPoint","telephone":"00201112596434","email":"weyouface@gmail.com"},"openingHoursSpecification":{"@type":"OpeningHoursSpecification","dayOfWeek":["Monday","Tuesday","Wednesday","Thursday","Friday","Saturday","Sunday"],"opens":"00:00","closes":"23:59"},"email":"weyouface@gmail.com","areaServed":"Luxor, Hurghada, El Gouna, Aswan, Sharm El Sheikh, Giza, Alexandria, Marsa Alam, Quseir, Soma Bay, Sahl Hasheesh, Red Sea, Makadi Bay, Cairo","priceRange":"$","currenciesAccepted":"euro","paymentAccepted":"cash on site"},{"@type":"PostalAddress","@id":"https:\/\/hurghadalovers.com\/hu\/tours\/sahl-hasheesh-csonakhajo-charter-a-paradicsom-szigetre\/#local-main-place-address","streetAddress":"17 Banks street, Alkawther area, top nbk bank","addressLocality":"hurghada","postalCode":"84511","addressRegion":"red sea","addressCountry":"EG"},{"@type":"ImageObject","inLanguage":"hu","@id":"https:\/\/hurghadalovers.com\/hu\/tours\/sahl-hasheesh-csonakhajo-charter-a-paradicsom-szigetre\/#local-main-organization-logo","url":"https:\/\/hurghadalovers.com\/wp-content\/uploads\/2019\/10\/hurghada-excursions-logo.png","contentUrl":"https:\/\/hurghadalovers.com\/wp-content\/uploads\/2019\/10\/hurghada-excursions-logo.png","width":272,"height":90,"caption":"Hurghada Excursions"}]},"product_brand":"Sahl Hasheesh fakultat\u00edv kir\u00e1ndul\u00e1sok","product_price_amount":"420","product_price_currency":"EUR","og_availability":"instock","product_availability":"instock","product_retailer_item_id":"Sahl312024","product_condition":"new","geo.placename":"hurghada","geo.region":"Egyiptom"},"_links":{"self":[{"href":"https:\/\/hurghadalovers.com\/hu\/wp-json\/wp\/v2\/product\/391334","targetHints":{"allow":["GET"]}}],"collection":[{"href":"https:\/\/hurghadalovers.com\/hu\/wp-json\/wp\/v2\/product"}],"about":[{"href":"https:\/\/hurghadalovers.com\/hu\/wp-json\/wp\/v2\/types\/product"}],"wp:featuredmedia":[{"embeddable":true,"href":"https:\/\/hurghadalovers.com\/hu\/wp-json\/wp\/v2\/media\/391127"}],"wp:attachment":[{"href":"https:\/\/hurghadalovers.com\/hu\/wp-json\/wp\/v2\/media?parent=391334"}],"wp:term":[{"taxonomy":"product_brand","embeddable":true,"href":"https:\/\/hurghadalovers.com\/hu\/wp-json\/wp\/v2\/product_brand?post=391334"},{"taxonomy":"product_cat","embeddable":true,"href":"https:\/\/hurghadalovers.com\/hu\/wp-json\/wp\/v2\/product_cat?post=391334"},{"taxonomy":"product_tag","embeddable":true,"href":"https:\/\/hurghadalovers.com\/hu\/wp-json\/wp\/v2\/product_tag?post=391334"}],"curies":[{"name":"wp","href":"https:\/\/api.w.org\/{rel}","templated":true}]}}