{"id":390782,"date":"2023-08-31T13:50:34","date_gmt":"2023-08-31T13:50:34","guid":{"rendered":"https:\/\/hurghadalovers.com\/shop\/nem-kategorizalt\/sahl-hasheesh-privat-luxor-ketnapos-kirandulas-holegballonozassal\/"},"modified":"2026-02-07T16:05:14","modified_gmt":"2026-02-07T16:05:14","slug":"sahl-hasheesh-privat-luxus-vagy-ketnapos-utazas-meleglevegos-leggombos-utazassal","status":"publish","type":"product","link":"https:\/\/hurghadalovers.com\/hu\/tours\/sahl-hasheesh-privat-luxus-vagy-ketnapos-utazas-meleglevegos-leggombos-utazassal\/","title":{"rendered":"Sahl Hasheesh Priv\u00e1t Luxor k\u00e9tnapos kir\u00e1ndul\u00e1s h\u0151l\u00e9gballonoz\u00e1ssal"},"content":{"rendered":"<p><strong>Sahl Hasheesh<\/strong> <strong>Priv\u00e1t Luxor k\u00e9tnapos kir\u00e1ndul\u00e1s h\u0151l\u00e9gballonoz\u00e1ssal<\/strong>, priv\u00e1t idegenvezet\u0151vel, jegyekkel \u00e9s eb\u00e9ddel.<\/p>\n<p>Fedezze fel a Luxor v\u00e1ros\u00e1ban tal\u00e1lhat\u00f3 f\u00e1ra\u00f3i m\u0171eml\u00e9keket a magasb\u00f3l, amikor napfelkeltekor <strong>h\u0151l\u00e9gballonnal<\/strong> utazik, \u00e9s ismerje meg a f\u00e1ra\u00f3kir\u00e1lyok \u00e9let\u00e9nek \u00faj titkait, <strong>Tutanhamon kir\u00e1ly<\/strong> titk\u00e1t \u00e9s m\u00e9g sok m\u00e1st egy k\u00fcl\u00f6nleges k\u00e9tnapos t\u00fara sor\u00e1n.<\/p>\n<p><strong>Kiemelt pontok:<\/strong><\/p>\n<ol>\n<li>Karnaki templom.<\/li>\n<li>Luxori templom.<\/li>\n<li>Egy \u00e9jszaka a sz\u00e1llod\u00e1ban.<\/li>\n<li>H\u0151l\u00e9gballonoz\u00e1s.<\/li>\n<li>Memnon kolosszusai.<\/li>\n<li>Hatsepszut temploma.<\/li>\n<li>3 s\u00edr a Kir\u00e1lyok V\u00f6lgy\u00e9ben.<\/li>\n<li>Eb\u00e9d a &#8222;Veget\u00e1ri\u00e1nus \u00e9telek&#8221; \u00e9tteremben.<\/li>\n<\/ol>\n<p><strong>Priv\u00e1t Luxor K\u00e9tnapos utaz\u00e1s R\u00e9szletek:<\/strong><\/p>\n<ul>\n<li>T\u00fara el\u00e9rhet\u0151s\u00e9ge: Minden nap.<\/li>\n<li>T\u00fara t\u00edpusa: Szem\u00e9lyaut\u00f3val vagy kisbusszal.<\/li>\n<li>Felsz\u00e1ll\u00e1si id\u0151: 05:00 \u00f3r\u00e1t\u00f3l kezd\u0151dik.<\/li>\n<li>K\u00e9rdez\u00e9s Hotel kap a reggeli t\u00e1ska veled Reggel.<\/li>\n<li>Kisz\u00e1ll\u00e1s ideje: 19:00.<\/li>\n<li>Kerekessz\u00e9kkel megk\u00f6zel\u00edthet\u0151.<\/li>\n<li>Id\u0151tartam: 2 nap \/ 1 \u00e9jszaka.<\/li>\n<\/ul>\n<p><strong>Foglaljon most \u00e9s fizessen k\u00e9s\u0151bb:<\/strong><\/p>\n<ul>\n<li>K\u00e9szp\u00e9nz a helysz\u00ednen az \u00fatmutat\u00f3hoz.<\/li>\n<li>Fizet\u00e9s egyiptomi font, $, \u20ac vagy \u00a3.<\/li>\n<\/ul>\n<p><strong>Lemond\u00e1si felt\u00e9telek:<\/strong><\/p>\n<ul>\n<li>\u00d6n lemondhatja ak\u00e1r 24 \u00f3r\u00e1val el\u0151re.<\/li>\n<li>Ha valaki a csal\u00e1db\u00f3l lemondja a reggeli, Fizessen 50% -ot a k\u00f6lts\u00e9gekb\u0151l.<\/li>\n<\/ul>\n<p><strong>Mit tartalmaz?<\/strong><\/p>\n<ul>\n<li>Transzfer a Sahl Hasheesh sz\u00e1llod\u00e1kb\u00f3l &#8222;Hotel pick up and drop off&#8221;.<\/li>\n<li>Minden ad\u00f3, bel\u00e9p\u0151 \u00e9s kezel\u00e9si k\u00f6lts\u00e9g.<\/li>\n<li>Transzferek.<\/li>\n<li>H\u0151l\u00e9gballonoz\u00e1s.<\/li>\n<li>Idegenvezet\u0151.<\/li>\n<li>Egy \u00e9jszaka sz\u00e1llod\u00e1ban reggelivel.<\/li>\n<li>Italok.<\/li>\n<li>2 alkalommal eb\u00e9d az \u00e9tteremben.<\/li>\n<\/ul>\n<p><strong>Kiz\u00e1r\u00e1sok?<\/strong><\/p>\n<ul>\n<li>Borraval\u00f3.<\/li>\n<li>Felucca kir\u00e1ndul\u00e1s &#8222;Cs\u00f3nak\u00e1z\u00e1s&#8221; 35 perc= 10$.<\/li>\n<li>B\u00e1rmilyen nem eml\u00edtett extr\u00e1k.<\/li>\n<\/ul>\n<p><strong> <\/strong><\/p>\n<p><strong>hozz\u00e1adhatja az els\u0151 nap, vagy pihenhet a sz\u00e1llod\u00e1ban:<\/strong><\/p>\n<ul>\n<li>Priv\u00e1t 30 perces felucca a N\u00edlus foly\u00f3n.<\/li>\n<li>Mumifik\u00e1ci\u00f3s M\u00fazeum.<\/li>\n<\/ul>\n<p><strong>hozz\u00e1adhatod a M\u00e1sodik napot:<\/strong><\/p>\n<ul>\n<li>Nofertiti kir\u00e1lyn\u0151 a Kir\u00e1lyn\u0151k V\u00f6lgy\u00e9ben.<\/li>\n<li>V\u00e1s\u00e1rl\u00e1s.<\/li>\n<\/ul>\n<p><strong> <\/strong><\/p>\n<p><strong>\u00c1rak:<\/strong><\/p>\n<ul>\n<li><strong>Feln\u0151tt \u00e1r = 290$ per f\u0151<\/strong>.<\/li>\n<li>Gyerekeknek &#8222;5-12\u2033= 50%.<\/li>\n<li>gyerekeknek &#8222;0-5\u2033= Ingyenes.<\/li>\n<\/ul>\n<p><strong>V\u00e9lem\u00e9nyek Priv\u00e1t Luxor K\u00e9tnapos kir\u00e1ndul\u00e1s:<\/strong><\/p>\n<p>ellen\u0151rizze a Google T\u00e9rk\u00e9p V\u00e9lem\u00e9nyek a legjobb <a href=\"https:\/\/g.page\/r\/CUeYvkngP3wkEBM\/review\">utaz\u00e1sszervez\u0151 Hurghada<\/a> online <a href=\"https:\/\/hurghadalovers.com\/\">Hurghada<\/a> Egyiptomban.<\/p>\n<p>&nbsp;<\/p>\n<p><strong>Foglal\u00e1s:<\/strong><\/p>\n<p>K\u00fcldje el a sz\u00e1llod\u00e1t + szobasz\u00e1m + f\u00e9nyk\u00e9pes \u00fatlevelet a WhatsAppra: <strong>+201112596434<\/strong><\/p>\n<p>Ha ki Egyiptom Foglal\u00e1s most online, \u00e9s er\u0151s\u00edtse meg, amikor \u00e9rkez\u00e9s Hotel.<\/p>\n<p>&nbsp;<\/p>\n<p>&nbsp;<\/p>\n","protected":false},"excerpt":{"rendered":"<p><strong>Sahl Hasheesh<\/strong> <strong>Priv\u00e1t Luxor k\u00e9tnapos kir\u00e1ndul\u00e1s h\u0151l\u00e9gballonoz\u00e1ssal<\/strong>, priv\u00e1t idegenvezet\u0151vel, jegyekkel \u00e9s eb\u00e9ddel. Fedezze fel a f\u00e1ra\u00f3i m\u0171eml\u00e9keket Luxor v\u00e1ros\u00e1ban<\/p>\n","protected":false},"featured_media":390593,"template":"","meta":{"_joinchat":[]},"product_brand":[],"product_cat":[49871],"product_tag":[49892,53749,49875,49882,53921,53840,49877,53903,51416,53909,53898,53892,53918,49887,53915,53900,53895,53906,49896,53912],"class_list":{"0":"post-390782","1":"product","2":"type-product","3":"status-publish","4":"has-post-thumbnail","6":"product_cat-turak","7":"product_tag-belteri-paros-tevekenysegek-sahl-hasheesh","8":"product_tag-csaladi-tennivalok-sahl-hasheeshbol","9":"product_tag-egynapos-kirandulasok-sahl-hasheeshbol","10":"product_tag-egynapos-turak-sahl-hasheeshbol","11":"product_tag-holegballon-sahl-hasheesh","12":"product_tag-latnivalok-sahl-hasheesh-ben","13":"product_tag-latvanyos-helyek-sahl-hasheesh-ben","14":"product_tag-luxor-egynapos-tura-sahl-hasheeshbol","15":"product_tag-luxor-privat-turak","16":"product_tag-luxor-tura-sahl-hasheeshbol","17":"product_tag-luxori-kirandulas-sahl-hasheeshbol","18":"product_tag-olcso-csaladi-kirandulasok-sahl-hasheeshbol","19":"product_tag-privat-luxor-tura-sahl-hasheesh-bol","20":"product_tag-romantikus-tevekenysegek-paroknak-sahl-hasheeshben","21":"product_tag-sahl-hasheesh-a-kiralyok-volgyebe","22":"product_tag-sahl-hasheesh-es-luxor-kozott-autobusz","23":"product_tag-sahl-hasheesh-es-luxor-kozotti-egynapos-kirandulas","24":"product_tag-sahl-hasheesh-tours-luxorba","25":"product_tag-tevekenysegek-2-eveseknek-sahl-hasheeshbol","26":"product_tag-transzfer-luxor-es-sahl-hasheesh-kozott","27":"tour_category-sahl-hasheesh-busszal-luxor","28":"tour_category-sahl-hasheesh-fakultativ-kirandulasok","30":"first","31":"instock","32":"sale","33":"shipping-taxable","34":"purchasable","35":"product-type-tour"},"yoast_head":"<!-- This site is optimized with the Yoast SEO Premium plugin v26.9 (Yoast SEO v27.2) - https:\/\/yoast.com\/product\/yoast-seo-premium-wordpress\/ -->\n<title>Sahl Hasheesh Priv\u00e1t Luxor k\u00e9tnapos kir\u00e1ndul\u00e1s h\u0151l\u00e9gballonnal<\/title>\n<meta name=\"description\" content=\"Sahl Hasheesh Priv\u00e1t Luxor k\u00e9tnapos kir\u00e1ndul\u00e1s h\u0151l\u00e9gballonoz\u00e1ssal, priv\u00e1t idegenvezet\u0151vel, jegyekkel \u00e9s eb\u00e9ddel. Fedezze fel a f\u00e1ra\u00f3i m\u0171eml\u00e9keket a v\u00e1rosban\" \/>\n<meta name=\"robots\" content=\"index, follow, max-snippet:-1, max-image-preview:large, max-video-preview:-1\" \/>\n<link rel=\"canonical\" href=\"https:\/\/hurghadalovers.com\/hu\/tours\/sahl-hasheesh-privat-luxus-vagy-ketnapos-utazas-meleglevegos-leggombos-utazassal\/\" \/>\n<meta property=\"og:locale\" content=\"hu_HU\" \/>\n<meta property=\"og:type\" content=\"article\" \/>\n<meta property=\"og:title\" content=\"Sahl Hasheesh Priv\u00e1t Luxor k\u00e9tnapos kir\u00e1ndul\u00e1s h\u0151l\u00e9gballonoz\u00e1ssal\" \/>\n<meta property=\"og:description\" content=\"Sahl Hasheesh Priv\u00e1t Luxor k\u00e9tnapos kir\u00e1ndul\u00e1s h\u0151l\u00e9gballonoz\u00e1ssal, priv\u00e1t idegenvezet\u0151vel, jegyekkel \u00e9s eb\u00e9ddel. Fedezze fel a f\u00e1ra\u00f3i m\u0171eml\u00e9keket a v\u00e1rosban\" \/>\n<meta property=\"og:url\" content=\"https:\/\/hurghadalovers.com\/hu\/tours\/sahl-hasheesh-privat-luxus-vagy-ketnapos-utazas-meleglevegos-leggombos-utazassal\/\" \/>\n<meta property=\"og:site_name\" content=\"Hurghada Excursions &amp; Day Trips | Booking Best Prices Tours\" \/>\n<meta property=\"article:publisher\" content=\"https:\/\/www.facebook.com\/Hurghadaloversegypt\" \/>\n<meta property=\"article:modified_time\" content=\"2026-02-07T16:05:14+00:00\" \/>\n<meta property=\"og:image\" content=\"https:\/\/hurghadalovers.com\/wp-content\/uploads\/2023\/08\/Sahl-Hasheesh-Private-Luxor-Two-Days-Trip-with-Hot-Air-Balloon-Ride.jpeg\" \/>\n\t<meta property=\"og:image:width\" content=\"1536\" \/>\n\t<meta property=\"og:image:height\" content=\"830\" \/>\n\t<meta property=\"og:image:type\" content=\"image\/jpeg\" \/>\n<meta name=\"twitter:card\" content=\"summary_large_image\" \/>\n<meta name=\"twitter:label1\" content=\"\u00c1r\" \/>\n\t<meta name=\"twitter:data1\" content=\"&euro;&nbsp;375\" \/>\n\t<meta name=\"twitter:label2\" content=\"El\u00e9rhet\u0151s\u00e9g\" \/>\n\t<meta name=\"twitter:data2\" content=\"K\u00e9szleten\" \/>\n<script type=\"application\/ld+json\" class=\"yoast-schema-graph\">{\"@context\":\"https:\/\/schema.org\",\"@graph\":[{\"@type\":[\"WebPage\",\"ItemPage\"],\"@id\":\"https:\/\/hurghadalovers.com\/hu\/tours\/sahl-hasheesh-privat-luxus-vagy-ketnapos-utazas-meleglevegos-leggombos-utazassal\/\",\"url\":\"https:\/\/hurghadalovers.com\/hu\/tours\/sahl-hasheesh-privat-luxus-vagy-ketnapos-utazas-meleglevegos-leggombos-utazassal\/\",\"name\":\"Sahl Hasheesh Priv\u00e1t Luxor k\u00e9tnapos kir\u00e1ndul\u00e1s h\u0151l\u00e9gballonnal\",\"isPartOf\":{\"@id\":\"https:\/\/hurghadalovers.com\/hu\/#website\"},\"primaryImageOfPage\":{\"@id\":\"https:\/\/hurghadalovers.com\/hu\/tours\/sahl-hasheesh-privat-luxus-vagy-ketnapos-utazas-meleglevegos-leggombos-utazassal\/#primaryimage\"},\"image\":{\"@id\":\"https:\/\/hurghadalovers.com\/hu\/tours\/sahl-hasheesh-privat-luxus-vagy-ketnapos-utazas-meleglevegos-leggombos-utazassal\/#primaryimage\"},\"thumbnailUrl\":\"https:\/\/hurghadalovers.com\/wp-content\/uploads\/2023\/08\/Sahl-Hasheesh-Private-Luxor-Two-Days-Trip-with-Hot-Air-Balloon-Ride.jpeg\",\"datePublished\":\"2023-08-31T13:50:34+00:00\",\"dateModified\":\"2026-02-07T16:05:14+00:00\",\"description\":\"Sahl Hasheesh Priv\u00e1t Luxor k\u00e9tnapos kir\u00e1ndul\u00e1s h\u0151l\u00e9gballonoz\u00e1ssal, priv\u00e1t idegenvezet\u0151vel, jegyekkel \u00e9s eb\u00e9ddel. Fedezze fel a f\u00e1ra\u00f3i m\u0171eml\u00e9keket a v\u00e1rosban\",\"breadcrumb\":{\"@id\":\"https:\/\/hurghadalovers.com\/hu\/tours\/sahl-hasheesh-privat-luxus-vagy-ketnapos-utazas-meleglevegos-leggombos-utazassal\/#breadcrumb\"},\"inLanguage\":\"hu\",\"potentialAction\":[{\"@type\":\"ReadAction\",\"target\":[\"https:\/\/hurghadalovers.com\/hu\/tours\/sahl-hasheesh-privat-luxus-vagy-ketnapos-utazas-meleglevegos-leggombos-utazassal\/\"]}]},{\"@type\":\"ImageObject\",\"inLanguage\":\"hu\",\"@id\":\"https:\/\/hurghadalovers.com\/hu\/tours\/sahl-hasheesh-privat-luxus-vagy-ketnapos-utazas-meleglevegos-leggombos-utazassal\/#primaryimage\",\"url\":\"https:\/\/hurghadalovers.com\/wp-content\/uploads\/2023\/08\/Sahl-Hasheesh-Private-Luxor-Two-Days-Trip-with-Hot-Air-Balloon-Ride.jpeg\",\"contentUrl\":\"https:\/\/hurghadalovers.com\/wp-content\/uploads\/2023\/08\/Sahl-Hasheesh-Private-Luxor-Two-Days-Trip-with-Hot-Air-Balloon-Ride.jpeg\",\"width\":1536,\"height\":830,\"caption\":\"Sahl Hasheesh Priv\u00e1t Luxor k\u00e9tnapos kir\u00e1ndul\u00e1s h\u0151l\u00e9gballonoz\u00e1ssal\"},{\"@type\":\"BreadcrumbList\",\"@id\":\"https:\/\/hurghadalovers.com\/hu\/tours\/sahl-hasheesh-privat-luxus-vagy-ketnapos-utazas-meleglevegos-leggombos-utazassal\/#breadcrumb\",\"itemListElement\":[{\"@type\":\"ListItem\",\"position\":1,\"name\":\"Home\",\"item\":\"https:\/\/hurghadalovers.com\/hu\/\"},{\"@type\":\"ListItem\",\"position\":2,\"name\":\"Shop\",\"item\":\"https:\/\/hurghadalovers.com\/shop\/\"},{\"@type\":\"ListItem\",\"position\":3,\"name\":\"Sahl Hasheesh Priv\u00e1t Luxor k\u00e9tnapos kir\u00e1ndul\u00e1s h\u0151l\u00e9gballonoz\u00e1ssal\"}]},{\"@type\":\"WebSite\",\"@id\":\"https:\/\/hurghadalovers.com\/hu\/#website\",\"url\":\"https:\/\/hurghadalovers.com\/hu\/\",\"name\":\"Hurghada Excursions & Day Trips | Booking Best Prices Tours\",\"description\":\"Hurghada Lovers - Best Tour Operator - Excursions &amp; Things to do for Family Day Trips with kids and Couples Romantic. Unique .Hidden gems\",\"publisher\":{\"@id\":\"https:\/\/hurghadalovers.com\/hu\/#organization\"},\"alternateName\":\"Hurghada Excursions\",\"potentialAction\":[{\"@type\":\"SearchAction\",\"target\":{\"@type\":\"EntryPoint\",\"urlTemplate\":\"https:\/\/hurghadalovers.com\/hu\/?s={search_term_string}\"},\"query-input\":{\"@type\":\"PropertyValueSpecification\",\"valueRequired\":true,\"valueName\":\"search_term_string\"}}],\"inLanguage\":\"hu\"},{\"@type\":[\"Organization\",\"Place\",\"TravelAgency\"],\"@id\":\"https:\/\/hurghadalovers.com\/hu\/#organization\",\"name\":\"Hurghada Excursions\",\"url\":\"https:\/\/hurghadalovers.com\/hu\/\",\"logo\":{\"@id\":\"https:\/\/hurghadalovers.com\/hu\/tours\/sahl-hasheesh-privat-luxus-vagy-ketnapos-utazas-meleglevegos-leggombos-utazassal\/#local-main-organization-logo\"},\"image\":{\"@id\":\"https:\/\/hurghadalovers.com\/hu\/tours\/sahl-hasheesh-privat-luxus-vagy-ketnapos-utazas-meleglevegos-leggombos-utazassal\/#local-main-organization-logo\"},\"sameAs\":[\"https:\/\/www.facebook.com\/Hurghadaloversegypt\"],\"address\":{\"@id\":\"https:\/\/hurghadalovers.com\/hu\/tours\/sahl-hasheesh-privat-luxus-vagy-ketnapos-utazas-meleglevegos-leggombos-utazassal\/#local-main-place-address\"},\"telephone\":[\"00201112596434\"],\"contactPoint\":{\"@type\":\"ContactPoint\",\"telephone\":\"00201112596434\",\"email\":\"weyouface@gmail.com\"},\"openingHoursSpecification\":{\"@type\":\"OpeningHoursSpecification\",\"dayOfWeek\":[\"Monday\",\"Tuesday\",\"Wednesday\",\"Thursday\",\"Friday\",\"Saturday\",\"Sunday\"],\"opens\":\"00:00\",\"closes\":\"23:59\"},\"email\":\"weyouface@gmail.com\",\"areaServed\":\"Luxor, Hurghada, El Gouna, Aswan, Sharm El Sheikh, Giza, Alexandria, Marsa Alam, Quseir, Soma Bay, Sahl Hasheesh, Red Sea, Makadi Bay, Cairo\",\"priceRange\":\"$\",\"currenciesAccepted\":\"euro\",\"paymentAccepted\":\"cash on site\"},{\"@type\":\"PostalAddress\",\"@id\":\"https:\/\/hurghadalovers.com\/hu\/tours\/sahl-hasheesh-privat-luxus-vagy-ketnapos-utazas-meleglevegos-leggombos-utazassal\/#local-main-place-address\",\"streetAddress\":\"17 Banks street, Alkawther area, top nbk bank\",\"addressLocality\":\"hurghada\",\"postalCode\":\"84511\",\"addressRegion\":\"red sea\",\"addressCountry\":\"EG\"},{\"@type\":\"ImageObject\",\"inLanguage\":\"hu\",\"@id\":\"https:\/\/hurghadalovers.com\/hu\/tours\/sahl-hasheesh-privat-luxus-vagy-ketnapos-utazas-meleglevegos-leggombos-utazassal\/#local-main-organization-logo\",\"url\":\"https:\/\/hurghadalovers.com\/wp-content\/uploads\/2019\/10\/hurghada-excursions-logo.png\",\"contentUrl\":\"https:\/\/hurghadalovers.com\/wp-content\/uploads\/2019\/10\/hurghada-excursions-logo.png\",\"width\":272,\"height\":90,\"caption\":\"Hurghada Excursions\"}]}<\/script>\n<meta property=\"product:brand\" content=\"Kir\u00e1ndul\u00e1s Sahl Hasheesh Luxorba\" \/>\n<meta property=\"product:price:amount\" content=\"375\" \/>\n<meta property=\"product:price:currency\" content=\"EUR\" \/>\n<meta property=\"og:availability\" content=\"instock\" \/>\n<meta property=\"product:availability\" content=\"instock\" \/>\n<meta property=\"product:retailer_item_id\" content=\"Sahl132024\" \/>\n<meta property=\"product:condition\" content=\"new\" \/>\n<meta name=\"geo.placename\" content=\"hurghada\" \/>\n<meta name=\"geo.region\" content=\"Egyiptom\" \/>\n<!-- \/ Yoast SEO Premium plugin. -->","yoast_head_json":{"title":"Sahl Hasheesh Priv\u00e1t Luxor k\u00e9tnapos kir\u00e1ndul\u00e1s h\u0151l\u00e9gballonnal","description":"Sahl Hasheesh Priv\u00e1t Luxor k\u00e9tnapos kir\u00e1ndul\u00e1s h\u0151l\u00e9gballonoz\u00e1ssal, priv\u00e1t idegenvezet\u0151vel, jegyekkel \u00e9s eb\u00e9ddel. Fedezze fel a f\u00e1ra\u00f3i m\u0171eml\u00e9keket a v\u00e1rosban","robots":{"index":"index","follow":"follow","max-snippet":"max-snippet:-1","max-image-preview":"max-image-preview:large","max-video-preview":"max-video-preview:-1"},"canonical":"https:\/\/hurghadalovers.com\/hu\/tours\/sahl-hasheesh-privat-luxus-vagy-ketnapos-utazas-meleglevegos-leggombos-utazassal\/","og_locale":"hu_HU","og_type":"article","og_title":"Sahl Hasheesh Priv\u00e1t Luxor k\u00e9tnapos kir\u00e1ndul\u00e1s h\u0151l\u00e9gballonoz\u00e1ssal","og_description":"Sahl Hasheesh Priv\u00e1t Luxor k\u00e9tnapos kir\u00e1ndul\u00e1s h\u0151l\u00e9gballonoz\u00e1ssal, priv\u00e1t idegenvezet\u0151vel, jegyekkel \u00e9s eb\u00e9ddel. Fedezze fel a f\u00e1ra\u00f3i m\u0171eml\u00e9keket a v\u00e1rosban","og_url":"https:\/\/hurghadalovers.com\/hu\/tours\/sahl-hasheesh-privat-luxus-vagy-ketnapos-utazas-meleglevegos-leggombos-utazassal\/","og_site_name":"Hurghada Excursions &amp; Day Trips | Booking Best Prices Tours","article_publisher":"https:\/\/www.facebook.com\/Hurghadaloversegypt","article_modified_time":"2026-02-07T16:05:14+00:00","og_image":[{"width":1536,"height":830,"url":"https:\/\/hurghadalovers.com\/wp-content\/uploads\/2023\/08\/Sahl-Hasheesh-Private-Luxor-Two-Days-Trip-with-Hot-Air-Balloon-Ride.jpeg","type":"image\/jpeg"}],"twitter_card":"summary_large_image","twitter_misc":{"\u00c1r":"&euro;&nbsp;375","El\u00e9rhet\u0151s\u00e9g":"K\u00e9szleten"},"schema":{"@context":"https:\/\/schema.org","@graph":[{"@type":["WebPage","ItemPage"],"@id":"https:\/\/hurghadalovers.com\/hu\/tours\/sahl-hasheesh-privat-luxus-vagy-ketnapos-utazas-meleglevegos-leggombos-utazassal\/","url":"https:\/\/hurghadalovers.com\/hu\/tours\/sahl-hasheesh-privat-luxus-vagy-ketnapos-utazas-meleglevegos-leggombos-utazassal\/","name":"Sahl Hasheesh Priv\u00e1t Luxor k\u00e9tnapos kir\u00e1ndul\u00e1s h\u0151l\u00e9gballonnal","isPartOf":{"@id":"https:\/\/hurghadalovers.com\/hu\/#website"},"primaryImageOfPage":{"@id":"https:\/\/hurghadalovers.com\/hu\/tours\/sahl-hasheesh-privat-luxus-vagy-ketnapos-utazas-meleglevegos-leggombos-utazassal\/#primaryimage"},"image":{"@id":"https:\/\/hurghadalovers.com\/hu\/tours\/sahl-hasheesh-privat-luxus-vagy-ketnapos-utazas-meleglevegos-leggombos-utazassal\/#primaryimage"},"thumbnailUrl":"https:\/\/hurghadalovers.com\/wp-content\/uploads\/2023\/08\/Sahl-Hasheesh-Private-Luxor-Two-Days-Trip-with-Hot-Air-Balloon-Ride.jpeg","datePublished":"2023-08-31T13:50:34+00:00","dateModified":"2026-02-07T16:05:14+00:00","description":"Sahl Hasheesh Priv\u00e1t Luxor k\u00e9tnapos kir\u00e1ndul\u00e1s h\u0151l\u00e9gballonoz\u00e1ssal, priv\u00e1t idegenvezet\u0151vel, jegyekkel \u00e9s eb\u00e9ddel. Fedezze fel a f\u00e1ra\u00f3i m\u0171eml\u00e9keket a v\u00e1rosban","breadcrumb":{"@id":"https:\/\/hurghadalovers.com\/hu\/tours\/sahl-hasheesh-privat-luxus-vagy-ketnapos-utazas-meleglevegos-leggombos-utazassal\/#breadcrumb"},"inLanguage":"hu","potentialAction":[{"@type":"ReadAction","target":["https:\/\/hurghadalovers.com\/hu\/tours\/sahl-hasheesh-privat-luxus-vagy-ketnapos-utazas-meleglevegos-leggombos-utazassal\/"]}]},{"@type":"ImageObject","inLanguage":"hu","@id":"https:\/\/hurghadalovers.com\/hu\/tours\/sahl-hasheesh-privat-luxus-vagy-ketnapos-utazas-meleglevegos-leggombos-utazassal\/#primaryimage","url":"https:\/\/hurghadalovers.com\/wp-content\/uploads\/2023\/08\/Sahl-Hasheesh-Private-Luxor-Two-Days-Trip-with-Hot-Air-Balloon-Ride.jpeg","contentUrl":"https:\/\/hurghadalovers.com\/wp-content\/uploads\/2023\/08\/Sahl-Hasheesh-Private-Luxor-Two-Days-Trip-with-Hot-Air-Balloon-Ride.jpeg","width":1536,"height":830,"caption":"Sahl Hasheesh Priv\u00e1t Luxor k\u00e9tnapos kir\u00e1ndul\u00e1s h\u0151l\u00e9gballonoz\u00e1ssal"},{"@type":"BreadcrumbList","@id":"https:\/\/hurghadalovers.com\/hu\/tours\/sahl-hasheesh-privat-luxus-vagy-ketnapos-utazas-meleglevegos-leggombos-utazassal\/#breadcrumb","itemListElement":[{"@type":"ListItem","position":1,"name":"Home","item":"https:\/\/hurghadalovers.com\/hu\/"},{"@type":"ListItem","position":2,"name":"Shop","item":"https:\/\/hurghadalovers.com\/shop\/"},{"@type":"ListItem","position":3,"name":"Sahl Hasheesh Priv\u00e1t Luxor k\u00e9tnapos kir\u00e1ndul\u00e1s h\u0151l\u00e9gballonoz\u00e1ssal"}]},{"@type":"WebSite","@id":"https:\/\/hurghadalovers.com\/hu\/#website","url":"https:\/\/hurghadalovers.com\/hu\/","name":"Hurghada Excursions & Day Trips | Booking Best Prices Tours","description":"Hurghada Lovers - Best Tour Operator - Excursions &amp; Things to do for Family Day Trips with kids and Couples Romantic. Unique .Hidden gems","publisher":{"@id":"https:\/\/hurghadalovers.com\/hu\/#organization"},"alternateName":"Hurghada Excursions","potentialAction":[{"@type":"SearchAction","target":{"@type":"EntryPoint","urlTemplate":"https:\/\/hurghadalovers.com\/hu\/?s={search_term_string}"},"query-input":{"@type":"PropertyValueSpecification","valueRequired":true,"valueName":"search_term_string"}}],"inLanguage":"hu"},{"@type":["Organization","Place","TravelAgency"],"@id":"https:\/\/hurghadalovers.com\/hu\/#organization","name":"Hurghada Excursions","url":"https:\/\/hurghadalovers.com\/hu\/","logo":{"@id":"https:\/\/hurghadalovers.com\/hu\/tours\/sahl-hasheesh-privat-luxus-vagy-ketnapos-utazas-meleglevegos-leggombos-utazassal\/#local-main-organization-logo"},"image":{"@id":"https:\/\/hurghadalovers.com\/hu\/tours\/sahl-hasheesh-privat-luxus-vagy-ketnapos-utazas-meleglevegos-leggombos-utazassal\/#local-main-organization-logo"},"sameAs":["https:\/\/www.facebook.com\/Hurghadaloversegypt"],"address":{"@id":"https:\/\/hurghadalovers.com\/hu\/tours\/sahl-hasheesh-privat-luxus-vagy-ketnapos-utazas-meleglevegos-leggombos-utazassal\/#local-main-place-address"},"telephone":["00201112596434"],"contactPoint":{"@type":"ContactPoint","telephone":"00201112596434","email":"weyouface@gmail.com"},"openingHoursSpecification":{"@type":"OpeningHoursSpecification","dayOfWeek":["Monday","Tuesday","Wednesday","Thursday","Friday","Saturday","Sunday"],"opens":"00:00","closes":"23:59"},"email":"weyouface@gmail.com","areaServed":"Luxor, Hurghada, El Gouna, Aswan, Sharm El Sheikh, Giza, Alexandria, Marsa Alam, Quseir, Soma Bay, Sahl Hasheesh, Red Sea, Makadi Bay, Cairo","priceRange":"$","currenciesAccepted":"euro","paymentAccepted":"cash on site"},{"@type":"PostalAddress","@id":"https:\/\/hurghadalovers.com\/hu\/tours\/sahl-hasheesh-privat-luxus-vagy-ketnapos-utazas-meleglevegos-leggombos-utazassal\/#local-main-place-address","streetAddress":"17 Banks street, Alkawther area, top nbk bank","addressLocality":"hurghada","postalCode":"84511","addressRegion":"red sea","addressCountry":"EG"},{"@type":"ImageObject","inLanguage":"hu","@id":"https:\/\/hurghadalovers.com\/hu\/tours\/sahl-hasheesh-privat-luxus-vagy-ketnapos-utazas-meleglevegos-leggombos-utazassal\/#local-main-organization-logo","url":"https:\/\/hurghadalovers.com\/wp-content\/uploads\/2019\/10\/hurghada-excursions-logo.png","contentUrl":"https:\/\/hurghadalovers.com\/wp-content\/uploads\/2019\/10\/hurghada-excursions-logo.png","width":272,"height":90,"caption":"Hurghada Excursions"}]},"product_brand":"Kir\u00e1ndul\u00e1s Sahl Hasheesh Luxorba","product_price_amount":"375","product_price_currency":"EUR","og_availability":"instock","product_availability":"instock","product_retailer_item_id":"Sahl132024","product_condition":"new","geo.placename":"hurghada","geo.region":"Egyiptom"},"_links":{"self":[{"href":"https:\/\/hurghadalovers.com\/hu\/wp-json\/wp\/v2\/product\/390782","targetHints":{"allow":["GET"]}}],"collection":[{"href":"https:\/\/hurghadalovers.com\/hu\/wp-json\/wp\/v2\/product"}],"about":[{"href":"https:\/\/hurghadalovers.com\/hu\/wp-json\/wp\/v2\/types\/product"}],"wp:featuredmedia":[{"embeddable":true,"href":"https:\/\/hurghadalovers.com\/hu\/wp-json\/wp\/v2\/media\/390593"}],"wp:attachment":[{"href":"https:\/\/hurghadalovers.com\/hu\/wp-json\/wp\/v2\/media?parent=390782"}],"wp:term":[{"taxonomy":"product_brand","embeddable":true,"href":"https:\/\/hurghadalovers.com\/hu\/wp-json\/wp\/v2\/product_brand?post=390782"},{"taxonomy":"product_cat","embeddable":true,"href":"https:\/\/hurghadalovers.com\/hu\/wp-json\/wp\/v2\/product_cat?post=390782"},{"taxonomy":"product_tag","embeddable":true,"href":"https:\/\/hurghadalovers.com\/hu\/wp-json\/wp\/v2\/product_tag?post=390782"}],"curies":[{"name":"wp","href":"https:\/\/api.w.org\/{rel}","templated":true}]}}