{"id":387118,"date":"2023-08-29T18:39:02","date_gmt":"2023-08-29T18:44:57","guid":{"rendered":"https:\/\/hurghadalovers.com\/shop\/nem-kategorizalt\/olcso-makadi-bay-kirandulasok-luxorba-busszal-jegyek-nelkul\/"},"modified":"2026-02-08T11:12:25","modified_gmt":"2026-02-08T11:12:25","slug":"olcso-makadi-obolbeli-kirandulasok-a-luxorba","status":"publish","type":"product","link":"https:\/\/hurghadalovers.com\/hu\/tours\/olcso-makadi-obolbeli-kirandulasok-a-luxorba\/","title":{"rendered":"Olcs\u00f3 Makadi Bay kir\u00e1ndul\u00e1sok Luxorba busszal jegyek n\u00e9lk\u00fcl"},"content":{"rendered":"<p><strong>Olcs\u00f3 Makadi Bay kir\u00e1ndul\u00e1sok Luxorba<\/strong> busszal, jegyek n\u00e9lk\u00fcl, eb\u00e9ddel, transzfer Luxor turisztikai l\u00e1tv\u00e1nyoss\u00e1gaihoz.<\/p>\n<p style=\"text-align: center;\"><span style=\"color: #993300;\"><strong>Fedezze fel a f\u00e1ra\u00f3i civiliz\u00e1ci\u00f3 titkait<\/strong><\/span><\/p>\n<p>&nbsp;<\/p>\n<p><strong>Kiemelt pontok:<\/strong><\/p>\n<ol>\n<li>Eb\u00e9d a &#8222;Veget\u00e1ri\u00e1nus \u00e9telek&#8221; \u00e9tteremben.<\/li>\n<\/ol>\n<p><strong>Olcs\u00f3 <\/strong><strong>Makadi-\u00f6b\u00f6l<\/strong> <strong>Kir\u00e1ndul\u00e1sok Luxorba busszal R\u00e9szletek:<\/strong><\/p>\n<ul>\n<li>T\u00fara el\u00e9rhet\u0151s\u00e9ge: Minden nap.<\/li>\n<li>T\u00fara t\u00edpusa: Csoport.<\/li>\n<li>Felsz\u00e1ll\u00e1si id\u0151: 05:00 \u00f3r\u00e1t\u00f3l kezd\u0151dik.<\/li>\n<li>K\u00e9rdez\u00e9s Hotel kap a reggeli t\u00e1ska veled Reggel.<\/li>\n<li>Kisz\u00e1ll\u00e1s ideje: 19:30.<\/li>\n<li>Kerekessz\u00e9kkel megk\u00f6zel\u00edthet\u0151.<\/li>\n<li>Id\u0151tartam: 20 \u00f3ra.<\/li>\n<\/ul>\n<p><strong>Foglaljon most \u00e9s fizessen k\u00e9s\u0151bb:<\/strong><\/p>\n<ul>\n<li>K\u00e9szp\u00e9nz a helysz\u00ednen az \u00fatmutat\u00f3hoz.<\/li>\n<li>Fizet\u00e9s egyiptomi font, $, \u20ac vagy \u00a3.<\/li>\n<\/ul>\n<p><strong>Lemond\u00e1si felt\u00e9telek:<\/strong><\/p>\n<ul>\n<li>\u00d6n lemondhatja ak\u00e1r 24 \u00f3r\u00e1val el\u0151re.<\/li>\n<li>Ha valaki a csal\u00e1db\u00f3l lemondja a reggeli, Fizessen 50% -ot a k\u00f6lts\u00e9gekb\u0151l.<\/li>\n<\/ul>\n<p><strong>Mit tartalmaz?<\/strong><\/p>\n<ul>\n<li>Transzfer a Makadi Bay Hotelekt\u0151l &#8222;Hotel fel- \u00e9s lesz\u00e1ll\u00e1s&#8221;.<\/li>\n<li>Transzferek.<\/li>\n<li>Eb\u00e9d az \u00e9tteremben.<\/li>\n<\/ul>\n<p><strong>Kiz\u00e1r\u00e1sok?<\/strong><\/p>\n<ul>\n<li>Borraval\u00f3.<\/li>\n<li>Felucca kir\u00e1ndul\u00e1s &#8222;Cs\u00f3nak\u00e1z\u00e1s&#8221; 35 perc= 10$.<\/li>\n<li>Jegyek Luxor turisztikai l\u00e1tv\u00e1nyoss\u00e1gaihoz.<\/li>\n<li>B\u00e1rmilyen nem eml\u00edtett extr\u00e1k.<\/li>\n<\/ul>\n<p><strong>\u00c1rak:<\/strong><\/p>\n<ul>\n<li><strong>Feln\u0151tt \u00e1r = 45$ szem\u00e9lyenk\u00e9nt<\/strong>.<\/li>\n<li>Gyerekeknek &#8222;5-12\u2033= 50%.<\/li>\n<li>gyerekeknek &#8222;0-5\u2033= Ingyenes.<\/li>\n<\/ul>\n<p>&nbsp;<\/p>\n<p><strong>V\u00e9lem\u00e9nyek:<\/strong><\/p>\n<p>ellen\u0151rizze a Google T\u00e9rk\u00e9p V\u00e9lem\u00e9nyek a legjobb <a href=\"https:\/\/g.page\/r\/CUeYvkngP3wkEBM\/review\">utaz\u00e1sszervez\u0151 Hurghada<\/a> online <a href=\"https:\/\/hurghadalovers.com\/\">Hurghada<\/a> Egyiptomban.<\/p>\n<p>&nbsp;<\/p>\n<p><strong>Foglal\u00e1s:<\/strong><\/p>\n<p>K\u00fcldje el a sz\u00e1llod\u00e1t + szobasz\u00e1m + f\u00e9nyk\u00e9pes \u00fatlevelet a WhatsAppra: <strong>+201112596434<\/strong><\/p>\n<p>Ha ki Egyiptom Foglal\u00e1s most online, \u00e9s er\u0151s\u00edtse meg, amikor \u00e9rkez\u00e9s Hotel.<\/p>\n<p>&nbsp;<\/p>\n<p>&nbsp;<\/p>\n","protected":false},"excerpt":{"rendered":"<p><strong>Olcs\u00f3 Makadi Bay kir\u00e1ndul\u00e1sok Luxorba<\/strong> busszal, jegyek n\u00e9lk\u00fcl, eb\u00e9ddel, transzfer Luxor turisztikai l\u00e1tv\u00e1nyoss\u00e1gaihoz.<\/p>\n<p style=\"text-align: center;\"><span style=\"color: #993300;\"><strong>  Fedezze fel a f\u00e1ra\u00f3i civiliz\u00e1ci\u00f3 titkait<\/strong><\/span><\/p>\n<p>&nbsp;<\/p>\n","protected":false},"featured_media":387061,"template":"","meta":{"_joinchat":[]},"product_brand":[],"product_cat":[29297],"product_tag":[],"class_list":{"0":"post-387118","1":"product","2":"type-product","3":"status-publish","4":"has-post-thumbnail","6":"product_cat-egypt-tours","7":"tour_category-makadi-bay-busszal-luxor","8":"tour_category-makadi-bay-fakultativ-kirandulasok","10":"first","11":"instock","12":"sale","13":"shipping-taxable","14":"purchasable","15":"product-type-tour"},"yoast_head":"<!-- This site is optimized with the Yoast SEO Premium plugin v26.9 (Yoast SEO v27.2) - https:\/\/yoast.com\/product\/yoast-seo-premium-wordpress\/ -->\n<title>Olcs\u00f3 Makadi Bay kir\u00e1ndul\u00e1sok Luxorba busszal jegyek n\u00e9lk\u00fcl<\/title>\n<meta name=\"description\" content=\"Olcs\u00f3 Makadi Bay kir\u00e1ndul\u00e1sok Luxorba busszal, jegyek n\u00e9lk\u00fcl, eb\u00e9ddel, transzfer Luxor turisztikai l\u00e1tv\u00e1nyoss\u00e1gaihoz. Fedezze fel a f\u00e1ra\u00f3k titkait\" \/>\n<meta name=\"robots\" content=\"index, follow, max-snippet:-1, max-image-preview:large, max-video-preview:-1\" \/>\n<link rel=\"canonical\" href=\"https:\/\/hurghadalovers.com\/hu\/tours\/olcso-makadi-obolbeli-kirandulasok-a-luxorba\/\" \/>\n<meta property=\"og:locale\" content=\"hu_HU\" \/>\n<meta property=\"og:type\" content=\"article\" \/>\n<meta property=\"og:title\" content=\"Olcs\u00f3 Makadi Bay kir\u00e1ndul\u00e1sok Luxorba busszal jegyek n\u00e9lk\u00fcl\" \/>\n<meta property=\"og:description\" content=\"Olcs\u00f3 Makadi Bay kir\u00e1ndul\u00e1sok Luxorba busszal, jegyek n\u00e9lk\u00fcl, eb\u00e9ddel, transzfer Luxor turisztikai l\u00e1tv\u00e1nyoss\u00e1gaihoz. Fedezze fel a f\u00e1ra\u00f3k titkait\" \/>\n<meta property=\"og:url\" content=\"https:\/\/hurghadalovers.com\/hu\/tours\/olcso-makadi-obolbeli-kirandulasok-a-luxorba\/\" \/>\n<meta property=\"og:site_name\" content=\"Hurghada Excursions &amp; Day Trips | Booking Best Prices Tours\" \/>\n<meta property=\"article:publisher\" content=\"https:\/\/www.facebook.com\/Hurghadaloversegypt\" \/>\n<meta property=\"article:modified_time\" content=\"2026-02-08T11:12:25+00:00\" \/>\n<meta property=\"og:image\" content=\"https:\/\/hurghadalovers.com\/wp-content\/uploads\/2023\/08\/Cheap-Makadi-Bay-Excursions-to-Luxor.jpeg\" \/>\n\t<meta property=\"og:image:width\" content=\"1536\" \/>\n\t<meta property=\"og:image:height\" content=\"849\" \/>\n\t<meta property=\"og:image:type\" content=\"image\/jpeg\" \/>\n<meta name=\"twitter:card\" content=\"summary_large_image\" \/>\n<meta name=\"twitter:label1\" content=\"\u00c1r\" \/>\n\t<meta name=\"twitter:data1\" content=\"&euro;&nbsp;45\" \/>\n\t<meta name=\"twitter:label2\" content=\"El\u00e9rhet\u0151s\u00e9g\" \/>\n\t<meta name=\"twitter:data2\" content=\"K\u00e9szleten\" \/>\n<script type=\"application\/ld+json\" class=\"yoast-schema-graph\">{\"@context\":\"https:\/\/schema.org\",\"@graph\":[{\"@type\":[\"WebPage\",\"ItemPage\"],\"@id\":\"https:\/\/hurghadalovers.com\/hu\/tours\/olcso-makadi-obolbeli-kirandulasok-a-luxorba\/\",\"url\":\"https:\/\/hurghadalovers.com\/hu\/tours\/olcso-makadi-obolbeli-kirandulasok-a-luxorba\/\",\"name\":\"Olcs\u00f3 Makadi Bay kir\u00e1ndul\u00e1sok Luxorba busszal jegyek n\u00e9lk\u00fcl\",\"isPartOf\":{\"@id\":\"https:\/\/hurghadalovers.com\/hu\/#website\"},\"primaryImageOfPage\":{\"@id\":\"https:\/\/hurghadalovers.com\/hu\/tours\/olcso-makadi-obolbeli-kirandulasok-a-luxorba\/#primaryimage\"},\"image\":{\"@id\":\"https:\/\/hurghadalovers.com\/hu\/tours\/olcso-makadi-obolbeli-kirandulasok-a-luxorba\/#primaryimage\"},\"thumbnailUrl\":\"https:\/\/hurghadalovers.com\/wp-content\/uploads\/2023\/08\/Cheap-Makadi-Bay-Excursions-to-Luxor.jpeg\",\"datePublished\":\"2023-08-29T18:44:57+00:00\",\"dateModified\":\"2026-02-08T11:12:25+00:00\",\"description\":\"Olcs\u00f3 Makadi Bay kir\u00e1ndul\u00e1sok Luxorba busszal, jegyek n\u00e9lk\u00fcl, eb\u00e9ddel, transzfer Luxor turisztikai l\u00e1tv\u00e1nyoss\u00e1gaihoz. Fedezze fel a f\u00e1ra\u00f3k titkait\",\"breadcrumb\":{\"@id\":\"https:\/\/hurghadalovers.com\/hu\/tours\/olcso-makadi-obolbeli-kirandulasok-a-luxorba\/#breadcrumb\"},\"inLanguage\":\"hu\",\"potentialAction\":[{\"@type\":\"ReadAction\",\"target\":[\"https:\/\/hurghadalovers.com\/hu\/tours\/olcso-makadi-obolbeli-kirandulasok-a-luxorba\/\"]}]},{\"@type\":\"ImageObject\",\"inLanguage\":\"hu\",\"@id\":\"https:\/\/hurghadalovers.com\/hu\/tours\/olcso-makadi-obolbeli-kirandulasok-a-luxorba\/#primaryimage\",\"url\":\"https:\/\/hurghadalovers.com\/wp-content\/uploads\/2023\/08\/Cheap-Makadi-Bay-Excursions-to-Luxor.jpeg\",\"contentUrl\":\"https:\/\/hurghadalovers.com\/wp-content\/uploads\/2023\/08\/Cheap-Makadi-Bay-Excursions-to-Luxor.jpeg\",\"width\":1536,\"height\":849,\"caption\":\"Cheap Makadi Bay Excursions to Luxor\"},{\"@type\":\"BreadcrumbList\",\"@id\":\"https:\/\/hurghadalovers.com\/hu\/tours\/olcso-makadi-obolbeli-kirandulasok-a-luxorba\/#breadcrumb\",\"itemListElement\":[{\"@type\":\"ListItem\",\"position\":1,\"name\":\"Home\",\"item\":\"https:\/\/hurghadalovers.com\/hu\/\"},{\"@type\":\"ListItem\",\"position\":2,\"name\":\"Shop\",\"item\":\"https:\/\/hurghadalovers.com\/shop\/\"},{\"@type\":\"ListItem\",\"position\":3,\"name\":\"Olcs\u00f3 Makadi Bay kir\u00e1ndul\u00e1sok Luxorba busszal jegyek n\u00e9lk\u00fcl\"}]},{\"@type\":\"WebSite\",\"@id\":\"https:\/\/hurghadalovers.com\/hu\/#website\",\"url\":\"https:\/\/hurghadalovers.com\/hu\/\",\"name\":\"Hurghada Excursions & Day Trips | Booking Best Prices Tours\",\"description\":\"Hurghada Lovers - Best Tour Operator - Excursions &amp; Things to do for Family Day Trips with kids and Couples Romantic. Unique .Hidden gems\",\"publisher\":{\"@id\":\"https:\/\/hurghadalovers.com\/hu\/#organization\"},\"alternateName\":\"Hurghada Excursions\",\"potentialAction\":[{\"@type\":\"SearchAction\",\"target\":{\"@type\":\"EntryPoint\",\"urlTemplate\":\"https:\/\/hurghadalovers.com\/hu\/?s={search_term_string}\"},\"query-input\":{\"@type\":\"PropertyValueSpecification\",\"valueRequired\":true,\"valueName\":\"search_term_string\"}}],\"inLanguage\":\"hu\"},{\"@type\":[\"Organization\",\"Place\",\"TravelAgency\"],\"@id\":\"https:\/\/hurghadalovers.com\/hu\/#organization\",\"name\":\"Hurghada Excursions\",\"url\":\"https:\/\/hurghadalovers.com\/hu\/\",\"logo\":{\"@id\":\"https:\/\/hurghadalovers.com\/hu\/tours\/olcso-makadi-obolbeli-kirandulasok-a-luxorba\/#local-main-organization-logo\"},\"image\":{\"@id\":\"https:\/\/hurghadalovers.com\/hu\/tours\/olcso-makadi-obolbeli-kirandulasok-a-luxorba\/#local-main-organization-logo\"},\"sameAs\":[\"https:\/\/www.facebook.com\/Hurghadaloversegypt\"],\"address\":{\"@id\":\"https:\/\/hurghadalovers.com\/hu\/tours\/olcso-makadi-obolbeli-kirandulasok-a-luxorba\/#local-main-place-address\"},\"telephone\":[\"00201112596434\"],\"contactPoint\":{\"@type\":\"ContactPoint\",\"telephone\":\"00201112596434\",\"email\":\"weyouface@gmail.com\"},\"openingHoursSpecification\":{\"@type\":\"OpeningHoursSpecification\",\"dayOfWeek\":[\"Monday\",\"Tuesday\",\"Wednesday\",\"Thursday\",\"Friday\",\"Saturday\",\"Sunday\"],\"opens\":\"00:00\",\"closes\":\"23:59\"},\"email\":\"weyouface@gmail.com\",\"areaServed\":\"Luxor, Hurghada, El Gouna, Aswan, Sharm El Sheikh, Giza, Alexandria, Marsa Alam, Quseir, Soma Bay, Sahl Hasheesh, Red Sea, Makadi Bay, Cairo\",\"priceRange\":\"$\",\"currenciesAccepted\":\"euro\",\"paymentAccepted\":\"cash on site\"},{\"@type\":\"PostalAddress\",\"@id\":\"https:\/\/hurghadalovers.com\/hu\/tours\/olcso-makadi-obolbeli-kirandulasok-a-luxorba\/#local-main-place-address\",\"streetAddress\":\"17 Banks street, Alkawther area, top nbk bank\",\"addressLocality\":\"hurghada\",\"postalCode\":\"84511\",\"addressRegion\":\"red sea\",\"addressCountry\":\"EG\"},{\"@type\":\"ImageObject\",\"inLanguage\":\"hu\",\"@id\":\"https:\/\/hurghadalovers.com\/hu\/tours\/olcso-makadi-obolbeli-kirandulasok-a-luxorba\/#local-main-organization-logo\",\"url\":\"https:\/\/hurghadalovers.com\/wp-content\/uploads\/2019\/10\/hurghada-excursions-logo.png\",\"contentUrl\":\"https:\/\/hurghadalovers.com\/wp-content\/uploads\/2019\/10\/hurghada-excursions-logo.png\",\"width\":272,\"height\":90,\"caption\":\"Hurghada Excursions\"}]}<\/script>\n<meta property=\"product:brand\" content=\"Kir\u00e1ndul\u00e1s Makadi bay Luxorba\" \/>\n<meta property=\"product:price:amount\" content=\"45\" \/>\n<meta property=\"product:price:currency\" content=\"EUR\" \/>\n<meta property=\"og:availability\" content=\"instock\" \/>\n<meta property=\"product:availability\" content=\"instock\" \/>\n<meta property=\"product:retailer_item_id\" content=\"MakadiBay112024\" \/>\n<meta property=\"product:condition\" content=\"new\" \/>\n<meta name=\"geo.placename\" content=\"hurghada\" \/>\n<meta name=\"geo.region\" content=\"Egyiptom\" \/>\n<!-- \/ Yoast SEO Premium plugin. -->","yoast_head_json":{"title":"Olcs\u00f3 Makadi Bay kir\u00e1ndul\u00e1sok Luxorba busszal jegyek n\u00e9lk\u00fcl","description":"Olcs\u00f3 Makadi Bay kir\u00e1ndul\u00e1sok Luxorba busszal, jegyek n\u00e9lk\u00fcl, eb\u00e9ddel, transzfer Luxor turisztikai l\u00e1tv\u00e1nyoss\u00e1gaihoz. Fedezze fel a f\u00e1ra\u00f3k titkait","robots":{"index":"index","follow":"follow","max-snippet":"max-snippet:-1","max-image-preview":"max-image-preview:large","max-video-preview":"max-video-preview:-1"},"canonical":"https:\/\/hurghadalovers.com\/hu\/tours\/olcso-makadi-obolbeli-kirandulasok-a-luxorba\/","og_locale":"hu_HU","og_type":"article","og_title":"Olcs\u00f3 Makadi Bay kir\u00e1ndul\u00e1sok Luxorba busszal jegyek n\u00e9lk\u00fcl","og_description":"Olcs\u00f3 Makadi Bay kir\u00e1ndul\u00e1sok Luxorba busszal, jegyek n\u00e9lk\u00fcl, eb\u00e9ddel, transzfer Luxor turisztikai l\u00e1tv\u00e1nyoss\u00e1gaihoz. Fedezze fel a f\u00e1ra\u00f3k titkait","og_url":"https:\/\/hurghadalovers.com\/hu\/tours\/olcso-makadi-obolbeli-kirandulasok-a-luxorba\/","og_site_name":"Hurghada Excursions &amp; Day Trips | Booking Best Prices Tours","article_publisher":"https:\/\/www.facebook.com\/Hurghadaloversegypt","article_modified_time":"2026-02-08T11:12:25+00:00","og_image":[{"width":1536,"height":849,"url":"https:\/\/hurghadalovers.com\/wp-content\/uploads\/2023\/08\/Cheap-Makadi-Bay-Excursions-to-Luxor.jpeg","type":"image\/jpeg"}],"twitter_card":"summary_large_image","twitter_misc":{"\u00c1r":"&euro;&nbsp;45","El\u00e9rhet\u0151s\u00e9g":"K\u00e9szleten"},"schema":{"@context":"https:\/\/schema.org","@graph":[{"@type":["WebPage","ItemPage"],"@id":"https:\/\/hurghadalovers.com\/hu\/tours\/olcso-makadi-obolbeli-kirandulasok-a-luxorba\/","url":"https:\/\/hurghadalovers.com\/hu\/tours\/olcso-makadi-obolbeli-kirandulasok-a-luxorba\/","name":"Olcs\u00f3 Makadi Bay kir\u00e1ndul\u00e1sok Luxorba busszal jegyek n\u00e9lk\u00fcl","isPartOf":{"@id":"https:\/\/hurghadalovers.com\/hu\/#website"},"primaryImageOfPage":{"@id":"https:\/\/hurghadalovers.com\/hu\/tours\/olcso-makadi-obolbeli-kirandulasok-a-luxorba\/#primaryimage"},"image":{"@id":"https:\/\/hurghadalovers.com\/hu\/tours\/olcso-makadi-obolbeli-kirandulasok-a-luxorba\/#primaryimage"},"thumbnailUrl":"https:\/\/hurghadalovers.com\/wp-content\/uploads\/2023\/08\/Cheap-Makadi-Bay-Excursions-to-Luxor.jpeg","datePublished":"2023-08-29T18:44:57+00:00","dateModified":"2026-02-08T11:12:25+00:00","description":"Olcs\u00f3 Makadi Bay kir\u00e1ndul\u00e1sok Luxorba busszal, jegyek n\u00e9lk\u00fcl, eb\u00e9ddel, transzfer Luxor turisztikai l\u00e1tv\u00e1nyoss\u00e1gaihoz. Fedezze fel a f\u00e1ra\u00f3k titkait","breadcrumb":{"@id":"https:\/\/hurghadalovers.com\/hu\/tours\/olcso-makadi-obolbeli-kirandulasok-a-luxorba\/#breadcrumb"},"inLanguage":"hu","potentialAction":[{"@type":"ReadAction","target":["https:\/\/hurghadalovers.com\/hu\/tours\/olcso-makadi-obolbeli-kirandulasok-a-luxorba\/"]}]},{"@type":"ImageObject","inLanguage":"hu","@id":"https:\/\/hurghadalovers.com\/hu\/tours\/olcso-makadi-obolbeli-kirandulasok-a-luxorba\/#primaryimage","url":"https:\/\/hurghadalovers.com\/wp-content\/uploads\/2023\/08\/Cheap-Makadi-Bay-Excursions-to-Luxor.jpeg","contentUrl":"https:\/\/hurghadalovers.com\/wp-content\/uploads\/2023\/08\/Cheap-Makadi-Bay-Excursions-to-Luxor.jpeg","width":1536,"height":849,"caption":"Cheap Makadi Bay Excursions to Luxor"},{"@type":"BreadcrumbList","@id":"https:\/\/hurghadalovers.com\/hu\/tours\/olcso-makadi-obolbeli-kirandulasok-a-luxorba\/#breadcrumb","itemListElement":[{"@type":"ListItem","position":1,"name":"Home","item":"https:\/\/hurghadalovers.com\/hu\/"},{"@type":"ListItem","position":2,"name":"Shop","item":"https:\/\/hurghadalovers.com\/shop\/"},{"@type":"ListItem","position":3,"name":"Olcs\u00f3 Makadi Bay kir\u00e1ndul\u00e1sok Luxorba busszal jegyek n\u00e9lk\u00fcl"}]},{"@type":"WebSite","@id":"https:\/\/hurghadalovers.com\/hu\/#website","url":"https:\/\/hurghadalovers.com\/hu\/","name":"Hurghada Excursions & Day Trips | Booking Best Prices Tours","description":"Hurghada Lovers - Best Tour Operator - Excursions &amp; Things to do for Family Day Trips with kids and Couples Romantic. Unique .Hidden gems","publisher":{"@id":"https:\/\/hurghadalovers.com\/hu\/#organization"},"alternateName":"Hurghada Excursions","potentialAction":[{"@type":"SearchAction","target":{"@type":"EntryPoint","urlTemplate":"https:\/\/hurghadalovers.com\/hu\/?s={search_term_string}"},"query-input":{"@type":"PropertyValueSpecification","valueRequired":true,"valueName":"search_term_string"}}],"inLanguage":"hu"},{"@type":["Organization","Place","TravelAgency"],"@id":"https:\/\/hurghadalovers.com\/hu\/#organization","name":"Hurghada Excursions","url":"https:\/\/hurghadalovers.com\/hu\/","logo":{"@id":"https:\/\/hurghadalovers.com\/hu\/tours\/olcso-makadi-obolbeli-kirandulasok-a-luxorba\/#local-main-organization-logo"},"image":{"@id":"https:\/\/hurghadalovers.com\/hu\/tours\/olcso-makadi-obolbeli-kirandulasok-a-luxorba\/#local-main-organization-logo"},"sameAs":["https:\/\/www.facebook.com\/Hurghadaloversegypt"],"address":{"@id":"https:\/\/hurghadalovers.com\/hu\/tours\/olcso-makadi-obolbeli-kirandulasok-a-luxorba\/#local-main-place-address"},"telephone":["00201112596434"],"contactPoint":{"@type":"ContactPoint","telephone":"00201112596434","email":"weyouface@gmail.com"},"openingHoursSpecification":{"@type":"OpeningHoursSpecification","dayOfWeek":["Monday","Tuesday","Wednesday","Thursday","Friday","Saturday","Sunday"],"opens":"00:00","closes":"23:59"},"email":"weyouface@gmail.com","areaServed":"Luxor, Hurghada, El Gouna, Aswan, Sharm El Sheikh, Giza, Alexandria, Marsa Alam, Quseir, Soma Bay, Sahl Hasheesh, Red Sea, Makadi Bay, Cairo","priceRange":"$","currenciesAccepted":"euro","paymentAccepted":"cash on site"},{"@type":"PostalAddress","@id":"https:\/\/hurghadalovers.com\/hu\/tours\/olcso-makadi-obolbeli-kirandulasok-a-luxorba\/#local-main-place-address","streetAddress":"17 Banks street, Alkawther area, top nbk bank","addressLocality":"hurghada","postalCode":"84511","addressRegion":"red sea","addressCountry":"EG"},{"@type":"ImageObject","inLanguage":"hu","@id":"https:\/\/hurghadalovers.com\/hu\/tours\/olcso-makadi-obolbeli-kirandulasok-a-luxorba\/#local-main-organization-logo","url":"https:\/\/hurghadalovers.com\/wp-content\/uploads\/2019\/10\/hurghada-excursions-logo.png","contentUrl":"https:\/\/hurghadalovers.com\/wp-content\/uploads\/2019\/10\/hurghada-excursions-logo.png","width":272,"height":90,"caption":"Hurghada Excursions"}]},"product_brand":"Kir\u00e1ndul\u00e1s Makadi bay Luxorba","product_price_amount":"45","product_price_currency":"EUR","og_availability":"instock","product_availability":"instock","product_retailer_item_id":"MakadiBay112024","product_condition":"new","geo.placename":"hurghada","geo.region":"Egyiptom"},"_links":{"self":[{"href":"https:\/\/hurghadalovers.com\/hu\/wp-json\/wp\/v2\/product\/387118","targetHints":{"allow":["GET"]}}],"collection":[{"href":"https:\/\/hurghadalovers.com\/hu\/wp-json\/wp\/v2\/product"}],"about":[{"href":"https:\/\/hurghadalovers.com\/hu\/wp-json\/wp\/v2\/types\/product"}],"wp:featuredmedia":[{"embeddable":true,"href":"https:\/\/hurghadalovers.com\/hu\/wp-json\/wp\/v2\/media\/387061"}],"wp:attachment":[{"href":"https:\/\/hurghadalovers.com\/hu\/wp-json\/wp\/v2\/media?parent=387118"}],"wp:term":[{"taxonomy":"product_brand","embeddable":true,"href":"https:\/\/hurghadalovers.com\/hu\/wp-json\/wp\/v2\/product_brand?post=387118"},{"taxonomy":"product_cat","embeddable":true,"href":"https:\/\/hurghadalovers.com\/hu\/wp-json\/wp\/v2\/product_cat?post=387118"},{"taxonomy":"product_tag","embeddable":true,"href":"https:\/\/hurghadalovers.com\/hu\/wp-json\/wp\/v2\/product_tag?post=387118"}],"curies":[{"name":"wp","href":"https:\/\/api.w.org\/{rel}","templated":true}]}}