{"id":387044,"date":"2023-08-29T18:30:08","date_gmt":"2023-08-29T18:30:08","guid":{"rendered":"https:\/\/hurghadalovers.com\/shop\/nem-kategorizalt\/privat-makadi-bay-taxi-transzferek\/"},"modified":"2026-02-09T19:59:44","modified_gmt":"2026-02-09T19:59:44","slug":"privat-makadi-obol-taxi-transzfer-luxor-kairo","status":"publish","type":"product","link":"https:\/\/hurghadalovers.com\/hu\/tours\/privat-makadi-obol-taxi-transzfer-luxor-kairo\/","title":{"rendered":"Priv\u00e1t Makadi Bay taxi transzferek"},"content":{"rendered":"<p><strong>Priv\u00e1t <\/strong><strong>Makadi Bay<\/strong> <strong>Taxi Transzferek<\/strong> Luxorba, Kair\u00f3ba | Olcs\u00f3 \u00e1rak foglal\u00e1sa Turisztikai szolg\u00e1ltat\u00e1s Transzfer luxus kisbusszal \u00e9s Vip aut\u00f3val Marsa alam, EL Gouna, Soma bay, Hurghada (HRG) Rep\u00fcl\u0151t\u00e9rre | K\u00e9szp\u00e9nz a helysz\u00ednen.<\/p>\n<p><strong>R\u00e9szletek:<\/strong><\/p>\n<ul>\n<li>T\u00fara t\u00edpusa: Szem\u00e9lyg\u00e9pkocsival vagy kisbusszal.<\/li>\n<li>Foglal\u00e1s Taxi Aut\u00f3, Minibusz, El\u00e9rhet\u0151s\u00e9g: Minden nap.<\/li>\n<li>Kerekessz\u00e9kkel megk\u00f6zel\u00edthet\u0151.<\/li>\n<li>Felsz\u00e1ll\u00e1s ideje Makadi Bay \u00e9s Luxor k\u00f6z\u00f6tt: 05:00 A.M.<\/li>\n<li>Felsz\u00e1ll\u00e1si id\u0151 Makadi Bay \u00e9s Kair\u00f3 k\u00f6z\u00f6tt: 12:30.<\/li>\n<li>Felsz\u00e1ll\u00e1si id\u0151 a Makadi Bay Hotels \u00e9s a Hurghada (HRG) Rep\u00fcl\u0151t\u00e9r, Hurghada Marina k\u00f6z\u00f6tt: tetsz\u00e9s szerint.<\/li>\n<\/ul>\n<p><strong>Foglaljon most \u00e9s fizessen k\u00e9s\u0151bb:<\/strong><\/p>\n<ul>\n<li>K\u00e9szp\u00e9nz a helysz\u00ednen az \u00fatmutat\u00f3hoz.<\/li>\n<li>Fizet\u00e9s egyiptomi font, $, \u20ac vagy \u00a3.<\/li>\n<\/ul>\n<p><strong>Lemond\u00e1si felt\u00e9telek:<\/strong><\/p>\n<ul>\n<li>\u00d6n lemondhatja ak\u00e1r 24 \u00f3r\u00e1val el\u0151re.<\/li>\n<li>Ha valaki a csal\u00e1db\u00f3l lemondja a reggeli, Fizessen 50% -ot a k\u00f6lts\u00e9gekb\u0151l.<\/li>\n<\/ul>\n<p><strong>Mit tartalmaz?<\/strong><\/p>\n<ul>\n<li>Transzfer a Makadi Bay Hotelekt\u0151l &#8222;Hotel fel- \u00e9s lesz\u00e1ll\u00e1s&#8221;.<\/li>\n<li>Minden ad\u00f3, bel\u00e9p\u0151 \u00e9s kezel\u00e9si k\u00f6lts\u00e9g.<\/li>\n<li>Transzferek.<\/li>\n<li>Italok.<\/li>\n<\/ul>\n<p><strong>Kiz\u00e1r\u00e1sok?<\/strong><\/p>\n<ul>\n<li>Borraval\u00f3.<\/li>\n<\/ul>\n<p><strong>Priv\u00e1t transzfer <\/strong><strong>Makadi-\u00f6b\u00f6l<\/strong> <strong>Luxorba:<\/strong><\/p>\n<p>\u00c1r Taxi\/ aut\u00f3 &#8221; 3 \u00fcl\u00e9ses&#8221; = 170$ Szem\u00e9lyaut\u00f3 \u00e1ra.<\/p>\n<p>\u00c1r Minibusz &#8222;8 f\u00e9r\u0151helyes&#8221; = 200$ Mag\u00e1n kisbusz\/kisbusz \u00e1ra.<\/p>\n<p>Makadi Bay \u00e9s Luxor t\u00e1vols\u00e1ga = 320 km<\/p>\n<p>Az id\u0151 Makadi Bay \u00e9s Luxor k\u00f6z\u00f6tt = 4 \u00f3ra.<\/p>\n<p>2 meg\u00e1ll\u00f3 &#8221; 20 perc sz\u00fcnet, 20 turisztikai ellen\u0151rz\u0151pontok Safag\u00e1ban&#8221;.<\/p>\n<p><strong> <\/strong><\/p>\n<p><strong>Priv\u00e1t transzfer <\/strong><strong>Makadi-\u00f6b\u00f6l<\/strong> <strong>Kair\u00f3ba, G\u00edzai Piramisok:<\/strong><\/p>\n<p>\u00c1r Taxi\/ aut\u00f3 &#8221; 3 \u00fcl\u00e9ses&#8221; = 180$ Szem\u00e9lyaut\u00f3 \u00e1ra.<\/p>\n<p>\u00c1r Minibusz &#8222;8 f\u00e9r\u0151helyes&#8221; = 220$ \u00c1r egy mag\u00e1n kisbuszra\/kisbuszra.<\/p>\n<p>Makadi Bay \u00e9s Kair\u00f3 k\u00f6z\u00f6tti t\u00e1vols\u00e1g = 390 km<\/p>\n<p>Id\u0151 Makadi Bay \u00e9s Kair\u00f3 k\u00f6z\u00f6tt = 7.30 \u00f3ra<\/p>\n<p>Ott 3 meg\u00e1ll\u00f3 &#8221; 20 perc sz\u00fcnet S\u00e1fr\u00e1ny Ras Ghareb, 15-30 perc Turisztikai ellen\u0151rz\u0151pont&#8221;<\/p>\n<p><strong>Priv\u00e1t transzfer <\/strong><strong>Makadi-\u00f6b\u00f6l<\/strong> <strong>Hurghada (HRG) Rep\u00fcl\u0151t\u00e9r (Hurghada) &#8211; Hurghada (HRG) &#8211; Hurghada Airport \u00e9s Hurghada k\u00f6z\u00f6tt:<\/strong><\/p>\n<p>\u00c1r Taxi\/ aut\u00f3 &#8221; 3 &#8211; 6 f\u00e9r\u0151helyes&#8221; = 30$ Szem\u00e9lyaut\u00f3 \u00e1ra.<\/p>\n<p>\u00c1r Kisbusz &#8222;12 f\u00e9r\u0151helyes&#8221; = 40$ \u00c1r egy kisbuszra\/aut\u00f3buszra.<\/p>\n<p><strong> <\/strong><\/p>\n<p><strong>Priv\u00e1t transzfer <\/strong><strong>Makadi-\u00f6b\u00f6l<\/strong> <strong>a Hurghada Marina kik\u00f6t\u0151be:<\/strong><\/p>\n<p>\u00c1r Taxi\/ aut\u00f3 &#8221; 3 &#8211; 6 f\u00e9r\u0151helyes&#8221; 4hr = 45$ Szem\u00e9lyaut\u00f3 \u00e1ra.<\/p>\n<p>\u00c1r Kisbusz &#8222;12 f\u00e9r\u0151helyes&#8221; 4hr = 75$ \u00c1r per mag\u00e1n kisbusz\/kisbusz.<\/p>\n<p><strong> <\/strong><\/p>\n<p><strong>Priv\u00e1t transzfer <\/strong><strong>Makadi-\u00f6b\u00f6l<\/strong> <strong>El Gouna sz\u00e1llod\u00e1kba:<\/strong><\/p>\n<p>\u00c1r Taxi\/ aut\u00f3 &#8221; 3 &#8211; 6 f\u00e9r\u0151helyes&#8221; = 55$ Szem\u00e9lyaut\u00f3 \u00e1ra.<\/p>\n<p>\u00c1r Kisbusz &#8222;12 f\u00e9r\u0151helyes&#8221; = 70$ \u00c1r egy mag\u00e1n kisbuszra\/kisbuszra.<\/p>\n<p>Makadi Bay \u00e9s El Gouna k\u00f6z\u00f6tti t\u00e1vols\u00e1g = 80 km<\/p>\n<p>Az id\u0151 Makadi Bay \u00e9s El Gouna k\u00f6z\u00f6tt = 70 perc.<\/p>\n<p><strong>Priv\u00e1t transzferek a kair\u00f3i rep\u00fcl\u0151t\u00e9rre<\/strong><\/p>\n<p>ha kell menni Kair\u00f3 rep\u00fcl\u0151t\u00e9r \u00e9s sz\u00fcks\u00e9ge van transzfer Turizmus v\u00e1rosok Egyiptom, b\u00edzhat benn\u00fcnk, hogy \u00d6nnek luxus Priv\u00e1t Aut\u00f3k Aut\u00f3busz Limuzin Szolg\u00e1ltat\u00e1s.<\/p>\n<p><strong>Taxi a k\u00f6vetkez\u0151 helyr\u0151l <\/strong><strong>Makadi Bay<\/strong> <strong>to Marsa Alam<\/strong><\/p>\n<p>Ha meg\u00e9rkezett a Hurghada rep\u00fcl\u0151t\u00e9rre vagy a hely\u00e9r\u0151l sz\u00fcks\u00e9ge van a legjobb aut\u00f3k vagy egy busz vagy Mars Alam, hogy l\u00e1togasson el Kair\u00f3 vagy Luxor, h\u00edvjon minket most r\u00f6gt\u00f6n.<\/p>\n<p>1-3 f\u0151 (egy\u00e9ni aut\u00f3) = 90 $<\/p>\n<p>4-8 f\u0151 (kisbusz) = 120 $<\/p>\n<p><strong>V\u00e9lem\u00e9nyek:<\/strong><\/p>\n<p>ellen\u0151rizze a Google T\u00e9rk\u00e9p V\u00e9lem\u00e9nyek a legjobb <a href=\"https:\/\/g.page\/r\/CUeYvkngP3wkEBM\/review\">utaz\u00e1sszervez\u0151 Hurghada<\/a> online <a href=\"https:\/\/hurghadalovers.com\/\">Hurghada<\/a> Egyiptomban.<\/p>\n<p><strong>Foglal\u00e1s:<\/strong><\/p>\n<p>K\u00fcldje el a sz\u00e1llod\u00e1t + szobasz\u00e1m + f\u00e9nyk\u00e9pes \u00fatlevelet a WhatsAppra: <strong>+201112596434<\/strong><\/p>\n<p>Ha ki Egyiptom Foglal\u00e1s most online, \u00e9s er\u0151s\u00edtse meg, amikor \u00e9rkez\u00e9s Hotel.<\/p>\n<p>&nbsp;<\/p>\n<p>&nbsp;<\/p>\n","protected":false},"excerpt":{"rendered":"<p>Priv\u00e1t Makadi Bay Taxi Transzferek Luxorba, Kair\u00f3ba | Olcs\u00f3 \u00e1rak foglal\u00e1sa Turisztikai szolg\u00e1ltat\u00e1s Transzfer luxus kisbusszal \u00e9s Vip aut\u00f3val Marsa alam, EL Gouna, Soma bay, Hurghada (HRG) Rep\u00fcl\u0151t\u00e9rre | K\u00e9szp\u00e9nz a helysz\u00ednen.<\/p>\n","protected":false},"featured_media":931095,"template":"","meta":{"_joinchat":[]},"product_brand":[],"product_cat":[49871],"product_tag":[],"class_list":{"0":"post-387044","1":"product","2":"type-product","3":"status-publish","4":"has-post-thumbnail","6":"product_cat-turak","7":"tour_category-makadi-bay-busszal-kairo","8":"tour_category-makadi-bay-busszal-luxor","9":"tour_category-makadi-bay-fakultativ-kirandulasok","11":"first","12":"instock","13":"sale","14":"shipping-taxable","15":"purchasable","16":"product-type-tour"},"yoast_head":"<!-- This site is optimized with the Yoast SEO Premium plugin v26.9 (Yoast SEO v27.2) - https:\/\/yoast.com\/product\/yoast-seo-premium-wordpress\/ -->\n<title>Priv\u00e1t Makadi Bay Taxi transzferek Luxorba, Kair\u00f3ba | Luxus. Vip Car<\/title>\n<meta name=\"description\" content=\"Priv\u00e1t Makadi Bay Taxi Transzferek Luxorba, Kair\u00f3ba | Olcs\u00f3 \u00e1rak foglal\u00e1sa Turisztikai szolg\u00e1ltat\u00e1s Transzfer luxus kisbusszal \u00e9s Vip aut\u00f3val Marsa alam, EL Gouna fel\u00e9\" \/>\n<meta name=\"robots\" content=\"index, follow, max-snippet:-1, max-image-preview:large, max-video-preview:-1\" \/>\n<link rel=\"canonical\" href=\"https:\/\/hurghadalovers.com\/hu\/tours\/privat-makadi-obol-taxi-transzfer-luxor-kairo\/\" \/>\n<meta property=\"og:locale\" content=\"hu_HU\" \/>\n<meta property=\"og:type\" content=\"article\" \/>\n<meta property=\"og:title\" content=\"Priv\u00e1t Makadi Bay taxi transzferek\" \/>\n<meta property=\"og:description\" content=\"Priv\u00e1t Makadi Bay Taxi Transzferek Luxorba, Kair\u00f3ba | Olcs\u00f3 \u00e1rak foglal\u00e1sa Turisztikai szolg\u00e1ltat\u00e1s Transzfer luxus kisbusszal \u00e9s Vip aut\u00f3val Marsa alam, EL Gouna fel\u00e9\" \/>\n<meta property=\"og:url\" content=\"https:\/\/hurghadalovers.com\/hu\/tours\/privat-makadi-obol-taxi-transzfer-luxor-kairo\/\" \/>\n<meta property=\"og:site_name\" content=\"Hurghada Excursions &amp; Day Trips | Booking Best Prices Tours\" \/>\n<meta property=\"article:publisher\" content=\"https:\/\/www.facebook.com\/Hurghadaloversegypt\" \/>\n<meta property=\"article:modified_time\" content=\"2026-02-09T19:59:44+00:00\" \/>\n<meta property=\"og:image\" content=\"https:\/\/hurghadalovers.com\/wp-content\/uploads\/2023\/08\/Private-Hurghada-Taxi-Transfers.jpeg\" \/>\n\t<meta property=\"og:image:width\" content=\"1600\" \/>\n\t<meta property=\"og:image:height\" content=\"1204\" \/>\n\t<meta property=\"og:image:type\" content=\"image\/jpeg\" \/>\n<meta name=\"twitter:card\" content=\"summary_large_image\" \/>\n<meta name=\"twitter:label1\" content=\"\u00c1r\" \/>\n\t<meta name=\"twitter:data1\" content=\"&euro;&nbsp;30\" \/>\n\t<meta name=\"twitter:label2\" content=\"El\u00e9rhet\u0151s\u00e9g\" \/>\n\t<meta name=\"twitter:data2\" content=\"K\u00e9szleten\" \/>\n<script type=\"application\/ld+json\" class=\"yoast-schema-graph\">{\"@context\":\"https:\/\/schema.org\",\"@graph\":[{\"@type\":[\"WebPage\",\"ItemPage\"],\"@id\":\"https:\/\/hurghadalovers.com\/hu\/tours\/privat-makadi-obol-taxi-transzfer-luxor-kairo\/\",\"url\":\"https:\/\/hurghadalovers.com\/hu\/tours\/privat-makadi-obol-taxi-transzfer-luxor-kairo\/\",\"name\":\"Priv\u00e1t Makadi Bay Taxi transzferek Luxorba, Kair\u00f3ba | Luxus. Vip Car\",\"isPartOf\":{\"@id\":\"https:\/\/hurghadalovers.com\/hu\/#website\"},\"primaryImageOfPage\":{\"@id\":\"https:\/\/hurghadalovers.com\/hu\/tours\/privat-makadi-obol-taxi-transzfer-luxor-kairo\/#primaryimage\"},\"image\":{\"@id\":\"https:\/\/hurghadalovers.com\/hu\/tours\/privat-makadi-obol-taxi-transzfer-luxor-kairo\/#primaryimage\"},\"thumbnailUrl\":\"https:\/\/hurghadalovers.com\/wp-content\/uploads\/2023\/08\/Private-Hurghada-Taxi-Transfers.jpeg\",\"datePublished\":\"2023-08-29T18:30:08+00:00\",\"dateModified\":\"2026-02-09T19:59:44+00:00\",\"description\":\"Priv\u00e1t Makadi Bay Taxi Transzferek Luxorba, Kair\u00f3ba | Olcs\u00f3 \u00e1rak foglal\u00e1sa Turisztikai szolg\u00e1ltat\u00e1s Transzfer luxus kisbusszal \u00e9s Vip aut\u00f3val Marsa alam, EL Gouna fel\u00e9\",\"breadcrumb\":{\"@id\":\"https:\/\/hurghadalovers.com\/hu\/tours\/privat-makadi-obol-taxi-transzfer-luxor-kairo\/#breadcrumb\"},\"inLanguage\":\"hu\",\"potentialAction\":[{\"@type\":\"ReadAction\",\"target\":[\"https:\/\/hurghadalovers.com\/hu\/tours\/privat-makadi-obol-taxi-transzfer-luxor-kairo\/\"]}]},{\"@type\":\"ImageObject\",\"inLanguage\":\"hu\",\"@id\":\"https:\/\/hurghadalovers.com\/hu\/tours\/privat-makadi-obol-taxi-transzfer-luxor-kairo\/#primaryimage\",\"url\":\"https:\/\/hurghadalovers.com\/wp-content\/uploads\/2023\/08\/Private-Hurghada-Taxi-Transfers.jpeg\",\"contentUrl\":\"https:\/\/hurghadalovers.com\/wp-content\/uploads\/2023\/08\/Private-Hurghada-Taxi-Transfers.jpeg\",\"width\":1600,\"height\":1204,\"caption\":\"Private Hurghada Taxi Transfers\"},{\"@type\":\"BreadcrumbList\",\"@id\":\"https:\/\/hurghadalovers.com\/hu\/tours\/privat-makadi-obol-taxi-transzfer-luxor-kairo\/#breadcrumb\",\"itemListElement\":[{\"@type\":\"ListItem\",\"position\":1,\"name\":\"Home\",\"item\":\"https:\/\/hurghadalovers.com\/hu\/\"},{\"@type\":\"ListItem\",\"position\":2,\"name\":\"Shop\",\"item\":\"https:\/\/hurghadalovers.com\/shop\/\"},{\"@type\":\"ListItem\",\"position\":3,\"name\":\"Priv\u00e1t Makadi Bay taxi transzferek\"}]},{\"@type\":\"WebSite\",\"@id\":\"https:\/\/hurghadalovers.com\/hu\/#website\",\"url\":\"https:\/\/hurghadalovers.com\/hu\/\",\"name\":\"Hurghada Excursions & Day Trips | Booking Best Prices Tours\",\"description\":\"Hurghada Lovers - Best Tour Operator - Excursions &amp; Things to do for Family Day Trips with kids and Couples Romantic. Unique .Hidden gems\",\"publisher\":{\"@id\":\"https:\/\/hurghadalovers.com\/hu\/#organization\"},\"alternateName\":\"Hurghada Excursions\",\"potentialAction\":[{\"@type\":\"SearchAction\",\"target\":{\"@type\":\"EntryPoint\",\"urlTemplate\":\"https:\/\/hurghadalovers.com\/hu\/?s={search_term_string}\"},\"query-input\":{\"@type\":\"PropertyValueSpecification\",\"valueRequired\":true,\"valueName\":\"search_term_string\"}}],\"inLanguage\":\"hu\"},{\"@type\":[\"Organization\",\"Place\",\"TravelAgency\"],\"@id\":\"https:\/\/hurghadalovers.com\/hu\/#organization\",\"name\":\"Hurghada Excursions\",\"url\":\"https:\/\/hurghadalovers.com\/hu\/\",\"logo\":{\"@id\":\"https:\/\/hurghadalovers.com\/hu\/tours\/privat-makadi-obol-taxi-transzfer-luxor-kairo\/#local-main-organization-logo\"},\"image\":{\"@id\":\"https:\/\/hurghadalovers.com\/hu\/tours\/privat-makadi-obol-taxi-transzfer-luxor-kairo\/#local-main-organization-logo\"},\"sameAs\":[\"https:\/\/www.facebook.com\/Hurghadaloversegypt\"],\"address\":{\"@id\":\"https:\/\/hurghadalovers.com\/hu\/tours\/privat-makadi-obol-taxi-transzfer-luxor-kairo\/#local-main-place-address\"},\"telephone\":[\"00201112596434\"],\"contactPoint\":{\"@type\":\"ContactPoint\",\"telephone\":\"00201112596434\",\"email\":\"weyouface@gmail.com\"},\"openingHoursSpecification\":{\"@type\":\"OpeningHoursSpecification\",\"dayOfWeek\":[\"Monday\",\"Tuesday\",\"Wednesday\",\"Thursday\",\"Friday\",\"Saturday\",\"Sunday\"],\"opens\":\"00:00\",\"closes\":\"23:59\"},\"email\":\"weyouface@gmail.com\",\"areaServed\":\"Luxor, Hurghada, El Gouna, Aswan, Sharm El Sheikh, Giza, Alexandria, Marsa Alam, Quseir, Soma Bay, Sahl Hasheesh, Red Sea, Makadi Bay, Cairo\",\"priceRange\":\"$\",\"currenciesAccepted\":\"euro\",\"paymentAccepted\":\"cash on site\"},{\"@type\":\"PostalAddress\",\"@id\":\"https:\/\/hurghadalovers.com\/hu\/tours\/privat-makadi-obol-taxi-transzfer-luxor-kairo\/#local-main-place-address\",\"streetAddress\":\"17 Banks street, Alkawther area, top nbk bank\",\"addressLocality\":\"hurghada\",\"postalCode\":\"84511\",\"addressRegion\":\"red sea\",\"addressCountry\":\"EG\"},{\"@type\":\"ImageObject\",\"inLanguage\":\"hu\",\"@id\":\"https:\/\/hurghadalovers.com\/hu\/tours\/privat-makadi-obol-taxi-transzfer-luxor-kairo\/#local-main-organization-logo\",\"url\":\"https:\/\/hurghadalovers.com\/wp-content\/uploads\/2019\/10\/hurghada-excursions-logo.png\",\"contentUrl\":\"https:\/\/hurghadalovers.com\/wp-content\/uploads\/2019\/10\/hurghada-excursions-logo.png\",\"width\":272,\"height\":90,\"caption\":\"Hurghada Excursions\"}]}<\/script>\n<meta property=\"product:brand\" content=\"Egynapos kir\u00e1ndul\u00e1sok innen Makadi bay ide Kair\u00f3\" \/>\n<meta property=\"product:price:amount\" content=\"30\" \/>\n<meta property=\"product:price:currency\" content=\"EUR\" \/>\n<meta property=\"og:availability\" content=\"instock\" \/>\n<meta property=\"product:availability\" content=\"instock\" \/>\n<meta property=\"product:retailer_item_id\" content=\"MakadiBay102024\" \/>\n<meta property=\"product:condition\" content=\"new\" \/>\n<meta name=\"geo.placename\" content=\"hurghada\" \/>\n<meta name=\"geo.region\" content=\"Egyiptom\" \/>\n<!-- \/ Yoast SEO Premium plugin. -->","yoast_head_json":{"title":"Priv\u00e1t Makadi Bay Taxi transzferek Luxorba, Kair\u00f3ba | Luxus. Vip Car","description":"Priv\u00e1t Makadi Bay Taxi Transzferek Luxorba, Kair\u00f3ba | Olcs\u00f3 \u00e1rak foglal\u00e1sa Turisztikai szolg\u00e1ltat\u00e1s Transzfer luxus kisbusszal \u00e9s Vip aut\u00f3val Marsa alam, EL Gouna fel\u00e9","robots":{"index":"index","follow":"follow","max-snippet":"max-snippet:-1","max-image-preview":"max-image-preview:large","max-video-preview":"max-video-preview:-1"},"canonical":"https:\/\/hurghadalovers.com\/hu\/tours\/privat-makadi-obol-taxi-transzfer-luxor-kairo\/","og_locale":"hu_HU","og_type":"article","og_title":"Priv\u00e1t Makadi Bay taxi transzferek","og_description":"Priv\u00e1t Makadi Bay Taxi Transzferek Luxorba, Kair\u00f3ba | Olcs\u00f3 \u00e1rak foglal\u00e1sa Turisztikai szolg\u00e1ltat\u00e1s Transzfer luxus kisbusszal \u00e9s Vip aut\u00f3val Marsa alam, EL Gouna fel\u00e9","og_url":"https:\/\/hurghadalovers.com\/hu\/tours\/privat-makadi-obol-taxi-transzfer-luxor-kairo\/","og_site_name":"Hurghada Excursions &amp; Day Trips | Booking Best Prices Tours","article_publisher":"https:\/\/www.facebook.com\/Hurghadaloversegypt","article_modified_time":"2026-02-09T19:59:44+00:00","og_image":[{"width":1600,"height":1204,"url":"https:\/\/hurghadalovers.com\/wp-content\/uploads\/2023\/08\/Private-Hurghada-Taxi-Transfers.jpeg","type":"image\/jpeg"}],"twitter_card":"summary_large_image","twitter_misc":{"\u00c1r":"&euro;&nbsp;30","El\u00e9rhet\u0151s\u00e9g":"K\u00e9szleten"},"schema":{"@context":"https:\/\/schema.org","@graph":[{"@type":["WebPage","ItemPage"],"@id":"https:\/\/hurghadalovers.com\/hu\/tours\/privat-makadi-obol-taxi-transzfer-luxor-kairo\/","url":"https:\/\/hurghadalovers.com\/hu\/tours\/privat-makadi-obol-taxi-transzfer-luxor-kairo\/","name":"Priv\u00e1t Makadi Bay Taxi transzferek Luxorba, Kair\u00f3ba | Luxus. Vip Car","isPartOf":{"@id":"https:\/\/hurghadalovers.com\/hu\/#website"},"primaryImageOfPage":{"@id":"https:\/\/hurghadalovers.com\/hu\/tours\/privat-makadi-obol-taxi-transzfer-luxor-kairo\/#primaryimage"},"image":{"@id":"https:\/\/hurghadalovers.com\/hu\/tours\/privat-makadi-obol-taxi-transzfer-luxor-kairo\/#primaryimage"},"thumbnailUrl":"https:\/\/hurghadalovers.com\/wp-content\/uploads\/2023\/08\/Private-Hurghada-Taxi-Transfers.jpeg","datePublished":"2023-08-29T18:30:08+00:00","dateModified":"2026-02-09T19:59:44+00:00","description":"Priv\u00e1t Makadi Bay Taxi Transzferek Luxorba, Kair\u00f3ba | Olcs\u00f3 \u00e1rak foglal\u00e1sa Turisztikai szolg\u00e1ltat\u00e1s Transzfer luxus kisbusszal \u00e9s Vip aut\u00f3val Marsa alam, EL Gouna fel\u00e9","breadcrumb":{"@id":"https:\/\/hurghadalovers.com\/hu\/tours\/privat-makadi-obol-taxi-transzfer-luxor-kairo\/#breadcrumb"},"inLanguage":"hu","potentialAction":[{"@type":"ReadAction","target":["https:\/\/hurghadalovers.com\/hu\/tours\/privat-makadi-obol-taxi-transzfer-luxor-kairo\/"]}]},{"@type":"ImageObject","inLanguage":"hu","@id":"https:\/\/hurghadalovers.com\/hu\/tours\/privat-makadi-obol-taxi-transzfer-luxor-kairo\/#primaryimage","url":"https:\/\/hurghadalovers.com\/wp-content\/uploads\/2023\/08\/Private-Hurghada-Taxi-Transfers.jpeg","contentUrl":"https:\/\/hurghadalovers.com\/wp-content\/uploads\/2023\/08\/Private-Hurghada-Taxi-Transfers.jpeg","width":1600,"height":1204,"caption":"Private Hurghada Taxi Transfers"},{"@type":"BreadcrumbList","@id":"https:\/\/hurghadalovers.com\/hu\/tours\/privat-makadi-obol-taxi-transzfer-luxor-kairo\/#breadcrumb","itemListElement":[{"@type":"ListItem","position":1,"name":"Home","item":"https:\/\/hurghadalovers.com\/hu\/"},{"@type":"ListItem","position":2,"name":"Shop","item":"https:\/\/hurghadalovers.com\/shop\/"},{"@type":"ListItem","position":3,"name":"Priv\u00e1t Makadi Bay taxi transzferek"}]},{"@type":"WebSite","@id":"https:\/\/hurghadalovers.com\/hu\/#website","url":"https:\/\/hurghadalovers.com\/hu\/","name":"Hurghada Excursions & Day Trips | Booking Best Prices Tours","description":"Hurghada Lovers - Best Tour Operator - Excursions &amp; Things to do for Family Day Trips with kids and Couples Romantic. Unique .Hidden gems","publisher":{"@id":"https:\/\/hurghadalovers.com\/hu\/#organization"},"alternateName":"Hurghada Excursions","potentialAction":[{"@type":"SearchAction","target":{"@type":"EntryPoint","urlTemplate":"https:\/\/hurghadalovers.com\/hu\/?s={search_term_string}"},"query-input":{"@type":"PropertyValueSpecification","valueRequired":true,"valueName":"search_term_string"}}],"inLanguage":"hu"},{"@type":["Organization","Place","TravelAgency"],"@id":"https:\/\/hurghadalovers.com\/hu\/#organization","name":"Hurghada Excursions","url":"https:\/\/hurghadalovers.com\/hu\/","logo":{"@id":"https:\/\/hurghadalovers.com\/hu\/tours\/privat-makadi-obol-taxi-transzfer-luxor-kairo\/#local-main-organization-logo"},"image":{"@id":"https:\/\/hurghadalovers.com\/hu\/tours\/privat-makadi-obol-taxi-transzfer-luxor-kairo\/#local-main-organization-logo"},"sameAs":["https:\/\/www.facebook.com\/Hurghadaloversegypt"],"address":{"@id":"https:\/\/hurghadalovers.com\/hu\/tours\/privat-makadi-obol-taxi-transzfer-luxor-kairo\/#local-main-place-address"},"telephone":["00201112596434"],"contactPoint":{"@type":"ContactPoint","telephone":"00201112596434","email":"weyouface@gmail.com"},"openingHoursSpecification":{"@type":"OpeningHoursSpecification","dayOfWeek":["Monday","Tuesday","Wednesday","Thursday","Friday","Saturday","Sunday"],"opens":"00:00","closes":"23:59"},"email":"weyouface@gmail.com","areaServed":"Luxor, Hurghada, El Gouna, Aswan, Sharm El Sheikh, Giza, Alexandria, Marsa Alam, Quseir, Soma Bay, Sahl Hasheesh, Red Sea, Makadi Bay, Cairo","priceRange":"$","currenciesAccepted":"euro","paymentAccepted":"cash on site"},{"@type":"PostalAddress","@id":"https:\/\/hurghadalovers.com\/hu\/tours\/privat-makadi-obol-taxi-transzfer-luxor-kairo\/#local-main-place-address","streetAddress":"17 Banks street, Alkawther area, top nbk bank","addressLocality":"hurghada","postalCode":"84511","addressRegion":"red sea","addressCountry":"EG"},{"@type":"ImageObject","inLanguage":"hu","@id":"https:\/\/hurghadalovers.com\/hu\/tours\/privat-makadi-obol-taxi-transzfer-luxor-kairo\/#local-main-organization-logo","url":"https:\/\/hurghadalovers.com\/wp-content\/uploads\/2019\/10\/hurghada-excursions-logo.png","contentUrl":"https:\/\/hurghadalovers.com\/wp-content\/uploads\/2019\/10\/hurghada-excursions-logo.png","width":272,"height":90,"caption":"Hurghada Excursions"}]},"product_brand":"Egynapos kir\u00e1ndul\u00e1sok innen Makadi bay ide Kair\u00f3","product_price_amount":"30","product_price_currency":"EUR","og_availability":"instock","product_availability":"instock","product_retailer_item_id":"MakadiBay102024","product_condition":"new","geo.placename":"hurghada","geo.region":"Egyiptom"},"_links":{"self":[{"href":"https:\/\/hurghadalovers.com\/hu\/wp-json\/wp\/v2\/product\/387044","targetHints":{"allow":["GET"]}}],"collection":[{"href":"https:\/\/hurghadalovers.com\/hu\/wp-json\/wp\/v2\/product"}],"about":[{"href":"https:\/\/hurghadalovers.com\/hu\/wp-json\/wp\/v2\/types\/product"}],"wp:featuredmedia":[{"embeddable":true,"href":"https:\/\/hurghadalovers.com\/hu\/wp-json\/wp\/v2\/media\/931095"}],"wp:attachment":[{"href":"https:\/\/hurghadalovers.com\/hu\/wp-json\/wp\/v2\/media?parent=387044"}],"wp:term":[{"taxonomy":"product_brand","embeddable":true,"href":"https:\/\/hurghadalovers.com\/hu\/wp-json\/wp\/v2\/product_brand?post=387044"},{"taxonomy":"product_cat","embeddable":true,"href":"https:\/\/hurghadalovers.com\/hu\/wp-json\/wp\/v2\/product_cat?post=387044"},{"taxonomy":"product_tag","embeddable":true,"href":"https:\/\/hurghadalovers.com\/hu\/wp-json\/wp\/v2\/product_tag?post=387044"}],"curies":[{"name":"wp","href":"https:\/\/api.w.org\/{rel}","templated":true}]}}