{"id":383759,"date":"2023-08-26T15:17:06","date_gmt":"2023-08-26T15:17:06","guid":{"rendered":"https:\/\/hurghadalovers.com\/shop\/nem-kategorizalt\/privat-soma-bay-tours-luxorba-es-asszuanba-3-nap\/"},"modified":"2026-02-09T08:40:30","modified_gmt":"2026-02-09T08:40:30","slug":"privat-soma-obol-turak-luxor-aszuan-3-napos-tura","status":"publish","type":"product","link":"https:\/\/hurghadalovers.com\/hu\/tours\/privat-soma-obol-turak-luxor-aszuan-3-napos-tura\/","title":{"rendered":"Priv\u00e1t Soma Bay Tours Luxorba \u00e9s Asszu\u00e1nba &#8211; 3 nap"},"content":{"rendered":"<p><strong>Priv\u00e1t <\/strong><strong>Soma bay <\/strong><strong>Tours Luxorba<\/strong> \u00e9s Asszu\u00e1nba &#8211; 3 nap priv\u00e1t idegenvezet\u0151vel, jegyekkel \u00e9s eb\u00e9ddel.<\/p>\n<p>Egy k\u00fcl\u00f6nleges 3 napos t\u00fara Egyiptom \u0151si civiliz\u00e1ci\u00f3j\u00e1nak minden kedvel\u0151je sz\u00e1m\u00e1ra, hogy \u00faj t\u00e9nyeket \u00e9s titkokat fedezzen fel a f\u00e1ra\u00f3k kir\u00e1lyair\u00f3l, \u00e9s megl\u00e1togassa a legfontosabb templomokat \u00e9s kir\u00e1lyi s\u00edrokat Luxorban \u00e9s Asszu\u00e1nban, \u00e9s m\u00e9g sok m\u00e1st is.<\/p>\n<p>&nbsp;<\/p>\n<p><strong>Kiemelt pontok:<\/strong><\/p>\n<ul>\n<li>Karnaki templom.<\/li>\n<li>Memnon kolosszusai.<\/li>\n<li>Hatsepszut halotti temploma.<\/li>\n<li>3 s\u00edrok a Kir\u00e1lyok V\u00f6lgy\u00e9ben .<\/li>\n<li>A Philae templomkomplexum.<\/li>\n<li>A befejezetlen obeliszk.<\/li>\n<li>Edfu templom.<\/li>\n<li>Kom Ombo templom.<\/li>\n<li>A magas g\u00e1t.<\/li>\n<li>Abu Simbel templomok.<\/li>\n<li>Eb\u00e9d a &#8222;Veget\u00e1ri\u00e1nus \u00e9telek&#8221; \u00e9tteremben.<\/li>\n<\/ul>\n<p><strong>Priv\u00e1t <\/strong><strong>Soma \u00f6b\u00f6l <\/strong><strong>Luxor \u00e9s Asszu\u00e1n t\u00far\u00e1k R\u00e9szletek:<\/strong><\/p>\n<ul>\n<li>T\u00fara el\u00e9rhet\u0151s\u00e9ge: Minden nap.<\/li>\n<li>T\u00fara t\u00edpusa: Szem\u00e9lyaut\u00f3val vagy kisbusszal.<\/li>\n<li>Felsz\u00e1ll\u00e1si id\u0151: 05:30-t\u00f3l kezd\u0151dik.<\/li>\n<li>K\u00e9rdez\u00e9s Hotel kap a reggeli t\u00e1ska veled Reggel.<\/li>\n<li>Kisz\u00e1ll\u00e1s ideje: 19:00.<\/li>\n<li>Kerekessz\u00e9kkel megk\u00f6zel\u00edthet\u0151.<\/li>\n<li>Id\u0151tartam: Id\u0151tartam: 3 nap \/ 2 \u00e9jszaka.<\/li>\n<\/ul>\n<p><strong>Foglaljon most \u00e9s fizessen k\u00e9s\u0151bb:<\/strong><\/p>\n<ul>\n<li>K\u00e9szp\u00e9nz a helysz\u00ednen az \u00fatmutat\u00f3hoz.<\/li>\n<li>Fizet\u00e9s egyiptomi font, $, \u20ac vagy \u00a3.<\/li>\n<\/ul>\n<p><strong>Lemond\u00e1si felt\u00e9telek:<\/strong><\/p>\n<ul>\n<li>\u00d6n lemondhatja ak\u00e1r 24 \u00f3r\u00e1val el\u0151re.<\/li>\n<li>Ha valaki a csal\u00e1db\u00f3l lemondja a reggeli, Fizessen 50% -ot a k\u00f6lts\u00e9gekb\u0151l.<\/li>\n<\/ul>\n<p><strong>Mit tartalmaz?<\/strong><\/p>\n<ul>\n<li>Transzfer a Soma Bay Hotels &#8222;Hotel pick up and drop off&#8221;.<\/li>\n<li>Minden ad\u00f3, bel\u00e9p\u0151 \u00e9s kezel\u00e9si k\u00f6lts\u00e9g.<\/li>\n<li>Transzferek.<\/li>\n<li>Idegenvezet\u0151.<\/li>\n<li>2 \u00e9jszaka sz\u00e1llod\u00e1ban reggelivel.<\/li>\n<li>Italok.<\/li>\n<li>3 alkalommal eb\u00e9d az \u00e9tteremben.<\/li>\n<\/ul>\n<p><strong>Kiz\u00e1r\u00e1sok?<\/strong><\/p>\n<ul>\n<li>Borraval\u00f3.<\/li>\n<li>Felucca kir\u00e1ndul\u00e1s &#8222;Cs\u00f3nak\u00e1z\u00e1s&#8221; 35 perc= 10$.<\/li>\n<li>B\u00e1rmilyen nem eml\u00edtett extr\u00e1k.<\/li>\n<\/ul>\n<p><strong>hozz\u00e1adhatja az els\u0151 nap, vagy pihenhet a sz\u00e1llod\u00e1ban:<\/strong><\/p>\n<ul>\n<li>Priv\u00e1t 30 perces felucca a N\u00edlus foly\u00f3n.<\/li>\n<li>Mumifik\u00e1ci\u00f3s M\u00fazeum.<\/li>\n<\/ul>\n<p><strong>hozz\u00e1adhatod a M\u00e1sodik napot:<\/strong><\/p>\n<ul>\n<li>Nofertiti kir\u00e1lyn\u0151 a Kir\u00e1lyn\u0151k V\u00f6lgy\u00e9ben.<\/li>\n<li>V\u00e1s\u00e1rl\u00e1s.<\/li>\n<li>VAGY l\u00e1togasson el a Dendera templomba<\/li>\n<li>H\u0151l\u00e9gballonoz\u00e1s.<\/li>\n<\/ul>\n<p><strong>\u00c1rak:<\/strong><\/p>\n<ul>\n<li><strong>Feln\u0151tt \u00e1r =<\/strong><strong>520$-t\u00f3l szem\u00e9lyenk\u00e9nt<\/strong>.<\/li>\n<li>Gyerekeknek &#8222;5-12\u2033= 50%.<\/li>\n<li>gyerekeknek &#8222;0-5\u2033= Ingyenes.<\/li>\n<\/ul>\n<p><strong>V\u00e9lem\u00e9nyek:<\/strong><\/p>\n<p>ellen\u0151rizze a Google T\u00e9rk\u00e9p V\u00e9lem\u00e9nyek a legjobb <a href=\"https:\/\/g.page\/r\/CUeYvkngP3wkEBM\/review\">utaz\u00e1sszervez\u0151 Hurghada<\/a> online <a href=\"https:\/\/hurghadalovers.com\/\">Hurghada<\/a> Egyiptomban.<\/p>\n<p>&nbsp;<\/p>\n<p><strong>Foglal\u00e1s:<\/strong><\/p>\n<p>K\u00fcldje el a sz\u00e1llod\u00e1t + szobasz\u00e1m + f\u00e9nyk\u00e9pes \u00fatlevelet a WhatsAppra: <strong>+201112596434<\/strong><\/p>\n<p>Ha ki Egyiptom Foglal\u00e1s most online, \u00e9s er\u0151s\u00edtse meg, amikor \u00e9rkez\u00e9s Hotel.<\/p>\n<p>&nbsp;<\/p>\n<p>&nbsp;<\/p>\n","protected":false},"excerpt":{"rendered":"<p>Priv\u00e1t Soma bay Tours Luxorba \u00e9s Asszu\u00e1nba &#8211; 3 nap priv\u00e1t idegenvezet\u0151vel, jegyekkel \u00e9s eb\u00e9ddel. fedezzen fel \u00faj t\u00e9nyeket \u00e9s titkokat a f\u00e1ra\u00f3k kir\u00e1lyair\u00f3l<\/p>\n","protected":false},"featured_media":132040,"template":"","meta":{"_joinchat":[]},"product_brand":[],"product_cat":[49871],"product_tag":[55135,55141,55561,55584,55341,51416,55320,55307,55296,55336,55569,55324,55419,55302,55406,55287,55426,55412,55577,55314,55672,55329],"class_list":{"0":"post-383759","1":"product","2":"type-product","3":"status-publish","4":"has-post-thumbnail","6":"product_cat-turak","7":"product_tag-csaladdal-kapcsolatos-teendok-soma-baybol","8":"product_tag-csaladi-szorakozasi-helyek-soma-bay-tol","9":"product_tag-dolgok-soma-bay","10":"product_tag-dolgok-soma-bayben-a-parok-szamara","11":"product_tag-holegballon-soma-bay","12":"product_tag-luxor-privat-turak","13":"product_tag-luxor-tura-a-soma-baybol","14":"product_tag-luxori-egynapos-tura-a-soma-baybol","15":"product_tag-luxori-kirandulas-a-soma-obolbol","16":"product_tag-privat-luxor-tura-soma-baybol","17":"product_tag-romantikus-dolgok-a-soma-bay-tol","18":"product_tag-soma-bay-a-kiralyok-volgyebe","19":"product_tag-soma-bay-egynapos-kirandulasok","20":"product_tag-soma-bay-es-luxor-kozott-autobusz","21":"product_tag-soma-bay-kirandulasok","22":"product_tag-soma-bay-luxorba-egynapos-kirandulas","23":"product_tag-soma-bay-mi-a-teendo","24":"product_tag-soma-bay-tevekenysegek","25":"product_tag-soma-bay-tevekenysegek-paroknak","26":"product_tag-soma-bay-tours-luxorba","27":"product_tag-tevekenysegek-a-soma-bay-i-tizeneveseknek","28":"product_tag-transzfer-luxor-es-soma-bay-kozott","29":"tour_category-soma-bay-busszal-luxor","30":"tour_category-soma-bay-fakultativ-kirandulasok","32":"first","33":"instock","34":"sale","35":"shipping-taxable","36":"purchasable","37":"product-type-tour"},"yoast_head":"<!-- This site is optimized with the Yoast SEO Premium plugin v26.9 (Yoast SEO v27.2) - https:\/\/yoast.com\/product\/yoast-seo-premium-wordpress\/ -->\n<title>Priv\u00e1t Soma Bay Tours Luxorba \u00e9s Asszu\u00e1nba - 3 nap<\/title>\n<meta name=\"description\" content=\"Priv\u00e1t Soma bay Tours Luxorba \u00e9s Asszu\u00e1nba - 3 nap priv\u00e1t idegenvezet\u0151vel, jegyekkel \u00e9s eb\u00e9ddel. fedezzen fel \u00faj t\u00e9nyeket \u00e9s titkokat a f\u00e1ra\u00f3k kir\u00e1lyair\u00f3l\" \/>\n<meta name=\"robots\" content=\"index, follow, max-snippet:-1, max-image-preview:large, max-video-preview:-1\" \/>\n<link rel=\"canonical\" href=\"https:\/\/hurghadalovers.com\/hu\/tours\/privat-soma-obol-turak-luxor-aszuan-3-napos-tura\/\" \/>\n<meta property=\"og:locale\" content=\"hu_HU\" \/>\n<meta property=\"og:type\" content=\"article\" \/>\n<meta property=\"og:title\" content=\"Priv\u00e1t Soma Bay Tours Luxorba \u00e9s Asszu\u00e1nba - 3 nap\" \/>\n<meta property=\"og:description\" content=\"Priv\u00e1t Soma bay Tours Luxorba \u00e9s Asszu\u00e1nba - 3 nap priv\u00e1t idegenvezet\u0151vel, jegyekkel \u00e9s eb\u00e9ddel. fedezzen fel \u00faj t\u00e9nyeket \u00e9s titkokat a f\u00e1ra\u00f3k kir\u00e1lyair\u00f3l\" \/>\n<meta property=\"og:url\" content=\"https:\/\/hurghadalovers.com\/hu\/tours\/privat-soma-obol-turak-luxor-aszuan-3-napos-tura\/\" \/>\n<meta property=\"og:site_name\" content=\"Hurghada Excursions &amp; Day Trips | Booking Best Prices Tours\" \/>\n<meta property=\"article:publisher\" content=\"https:\/\/www.facebook.com\/Hurghadaloversegypt\" \/>\n<meta property=\"article:modified_time\" content=\"2026-02-09T08:40:30+00:00\" \/>\n<meta property=\"og:image\" content=\"https:\/\/hurghadalovers.com\/wp-content\/uploads\/2022\/07\/Dagtrips-Aswan-vanuit-Sahl-Hasheesh-Egypte-De-Beste-Excursies-Abu-Simbel-Luxe-prive\u0301-met-de-bus-met-Nederlandstalige-gids.jpeg\" \/>\n\t<meta property=\"og:image:width\" content=\"1555\" \/>\n\t<meta property=\"og:image:height\" content=\"893\" \/>\n\t<meta property=\"og:image:type\" content=\"image\/jpeg\" \/>\n<meta name=\"twitter:card\" content=\"summary_large_image\" \/>\n<meta name=\"twitter:label1\" content=\"\u00c1r\" \/>\n\t<meta name=\"twitter:data1\" content=\"&euro;&nbsp;550\" \/>\n\t<meta name=\"twitter:label2\" content=\"El\u00e9rhet\u0151s\u00e9g\" \/>\n\t<meta name=\"twitter:data2\" content=\"K\u00e9szleten\" \/>\n<script type=\"application\/ld+json\" class=\"yoast-schema-graph\">{\"@context\":\"https:\/\/schema.org\",\"@graph\":[{\"@type\":[\"WebPage\",\"ItemPage\"],\"@id\":\"https:\/\/hurghadalovers.com\/hu\/tours\/privat-soma-obol-turak-luxor-aszuan-3-napos-tura\/\",\"url\":\"https:\/\/hurghadalovers.com\/hu\/tours\/privat-soma-obol-turak-luxor-aszuan-3-napos-tura\/\",\"name\":\"Priv\u00e1t Soma Bay Tours Luxorba \u00e9s Asszu\u00e1nba - 3 nap\",\"isPartOf\":{\"@id\":\"https:\/\/hurghadalovers.com\/hu\/#website\"},\"primaryImageOfPage\":{\"@id\":\"https:\/\/hurghadalovers.com\/hu\/tours\/privat-soma-obol-turak-luxor-aszuan-3-napos-tura\/#primaryimage\"},\"image\":{\"@id\":\"https:\/\/hurghadalovers.com\/hu\/tours\/privat-soma-obol-turak-luxor-aszuan-3-napos-tura\/#primaryimage\"},\"thumbnailUrl\":\"https:\/\/hurghadalovers.com\/wp-content\/uploads\/2022\/07\/Dagtrips-Aswan-vanuit-Sahl-Hasheesh-Egypte-De-Beste-Excursies-Abu-Simbel-Luxe-prive\u0301-met-de-bus-met-Nederlandstalige-gids.jpeg\",\"datePublished\":\"2023-08-26T15:17:06+00:00\",\"dateModified\":\"2026-02-09T08:40:30+00:00\",\"description\":\"Priv\u00e1t Soma bay Tours Luxorba \u00e9s Asszu\u00e1nba - 3 nap priv\u00e1t idegenvezet\u0151vel, jegyekkel \u00e9s eb\u00e9ddel. fedezzen fel \u00faj t\u00e9nyeket \u00e9s titkokat a f\u00e1ra\u00f3k kir\u00e1lyair\u00f3l\",\"breadcrumb\":{\"@id\":\"https:\/\/hurghadalovers.com\/hu\/tours\/privat-soma-obol-turak-luxor-aszuan-3-napos-tura\/#breadcrumb\"},\"inLanguage\":\"hu\",\"potentialAction\":[{\"@type\":\"ReadAction\",\"target\":[\"https:\/\/hurghadalovers.com\/hu\/tours\/privat-soma-obol-turak-luxor-aszuan-3-napos-tura\/\"]}]},{\"@type\":\"ImageObject\",\"inLanguage\":\"hu\",\"@id\":\"https:\/\/hurghadalovers.com\/hu\/tours\/privat-soma-obol-turak-luxor-aszuan-3-napos-tura\/#primaryimage\",\"url\":\"https:\/\/hurghadalovers.com\/wp-content\/uploads\/2022\/07\/Dagtrips-Aswan-vanuit-Sahl-Hasheesh-Egypte-De-Beste-Excursies-Abu-Simbel-Luxe-prive\u0301-met-de-bus-met-Nederlandstalige-gids.jpeg\",\"contentUrl\":\"https:\/\/hurghadalovers.com\/wp-content\/uploads\/2022\/07\/Dagtrips-Aswan-vanuit-Sahl-Hasheesh-Egypte-De-Beste-Excursies-Abu-Simbel-Luxe-prive\u0301-met-de-bus-met-Nederlandstalige-gids.jpeg\",\"width\":1555,\"height\":893,\"caption\":\"Dagtrips Aswan vanuit Sahl Hasheesh Egypte | De Beste Excursies Abu Simbel Luxe priv\u00e9 \/ met de bus met Nederlandstalige gids.\"},{\"@type\":\"BreadcrumbList\",\"@id\":\"https:\/\/hurghadalovers.com\/hu\/tours\/privat-soma-obol-turak-luxor-aszuan-3-napos-tura\/#breadcrumb\",\"itemListElement\":[{\"@type\":\"ListItem\",\"position\":1,\"name\":\"Home\",\"item\":\"https:\/\/hurghadalovers.com\/hu\/\"},{\"@type\":\"ListItem\",\"position\":2,\"name\":\"Shop\",\"item\":\"https:\/\/hurghadalovers.com\/shop\/\"},{\"@type\":\"ListItem\",\"position\":3,\"name\":\"Priv\u00e1t Soma Bay Tours Luxorba \u00e9s Asszu\u00e1nba &#8211; 3 nap\"}]},{\"@type\":\"WebSite\",\"@id\":\"https:\/\/hurghadalovers.com\/hu\/#website\",\"url\":\"https:\/\/hurghadalovers.com\/hu\/\",\"name\":\"Hurghada Excursions & Day Trips | Booking Best Prices Tours\",\"description\":\"Hurghada Lovers - Best Tour Operator - Excursions &amp; Things to do for Family Day Trips with kids and Couples Romantic. Unique .Hidden gems\",\"publisher\":{\"@id\":\"https:\/\/hurghadalovers.com\/hu\/#organization\"},\"alternateName\":\"Hurghada Excursions\",\"potentialAction\":[{\"@type\":\"SearchAction\",\"target\":{\"@type\":\"EntryPoint\",\"urlTemplate\":\"https:\/\/hurghadalovers.com\/hu\/?s={search_term_string}\"},\"query-input\":{\"@type\":\"PropertyValueSpecification\",\"valueRequired\":true,\"valueName\":\"search_term_string\"}}],\"inLanguage\":\"hu\"},{\"@type\":[\"Organization\",\"Place\",\"TravelAgency\"],\"@id\":\"https:\/\/hurghadalovers.com\/hu\/#organization\",\"name\":\"Hurghada Excursions\",\"url\":\"https:\/\/hurghadalovers.com\/hu\/\",\"logo\":{\"@id\":\"https:\/\/hurghadalovers.com\/hu\/tours\/privat-soma-obol-turak-luxor-aszuan-3-napos-tura\/#local-main-organization-logo\"},\"image\":{\"@id\":\"https:\/\/hurghadalovers.com\/hu\/tours\/privat-soma-obol-turak-luxor-aszuan-3-napos-tura\/#local-main-organization-logo\"},\"sameAs\":[\"https:\/\/www.facebook.com\/Hurghadaloversegypt\"],\"address\":{\"@id\":\"https:\/\/hurghadalovers.com\/hu\/tours\/privat-soma-obol-turak-luxor-aszuan-3-napos-tura\/#local-main-place-address\"},\"telephone\":[\"00201112596434\"],\"contactPoint\":{\"@type\":\"ContactPoint\",\"telephone\":\"00201112596434\",\"email\":\"weyouface@gmail.com\"},\"openingHoursSpecification\":{\"@type\":\"OpeningHoursSpecification\",\"dayOfWeek\":[\"Monday\",\"Tuesday\",\"Wednesday\",\"Thursday\",\"Friday\",\"Saturday\",\"Sunday\"],\"opens\":\"00:00\",\"closes\":\"23:59\"},\"email\":\"weyouface@gmail.com\",\"areaServed\":\"Luxor, Hurghada, El Gouna, Aswan, Sharm El Sheikh, Giza, Alexandria, Marsa Alam, Quseir, Soma Bay, Sahl Hasheesh, Red Sea, Makadi Bay, Cairo\",\"priceRange\":\"$\",\"currenciesAccepted\":\"euro\",\"paymentAccepted\":\"cash on site\"},{\"@type\":\"PostalAddress\",\"@id\":\"https:\/\/hurghadalovers.com\/hu\/tours\/privat-soma-obol-turak-luxor-aszuan-3-napos-tura\/#local-main-place-address\",\"streetAddress\":\"17 Banks street, Alkawther area, top nbk bank\",\"addressLocality\":\"hurghada\",\"postalCode\":\"84511\",\"addressRegion\":\"red sea\",\"addressCountry\":\"EG\"},{\"@type\":\"ImageObject\",\"inLanguage\":\"hu\",\"@id\":\"https:\/\/hurghadalovers.com\/hu\/tours\/privat-soma-obol-turak-luxor-aszuan-3-napos-tura\/#local-main-organization-logo\",\"url\":\"https:\/\/hurghadalovers.com\/wp-content\/uploads\/2019\/10\/hurghada-excursions-logo.png\",\"contentUrl\":\"https:\/\/hurghadalovers.com\/wp-content\/uploads\/2019\/10\/hurghada-excursions-logo.png\",\"width\":272,\"height\":90,\"caption\":\"Hurghada Excursions\"}]}<\/script>\n<meta property=\"product:brand\" content=\"Kir\u00e1ndul\u00e1s Soma bay Luxorba\" \/>\n<meta property=\"product:price:amount\" content=\"550\" \/>\n<meta property=\"product:price:currency\" content=\"EUR\" \/>\n<meta property=\"og:availability\" content=\"instock\" \/>\n<meta property=\"product:availability\" content=\"instock\" \/>\n<meta property=\"product:retailer_item_id\" content=\"PrivateSoma012024\" \/>\n<meta property=\"product:condition\" content=\"new\" \/>\n<meta name=\"geo.placename\" content=\"hurghada\" \/>\n<meta name=\"geo.region\" content=\"Egyiptom\" \/>\n<!-- \/ Yoast SEO Premium plugin. -->","yoast_head_json":{"title":"Priv\u00e1t Soma Bay Tours Luxorba \u00e9s Asszu\u00e1nba - 3 nap","description":"Priv\u00e1t Soma bay Tours Luxorba \u00e9s Asszu\u00e1nba - 3 nap priv\u00e1t idegenvezet\u0151vel, jegyekkel \u00e9s eb\u00e9ddel. fedezzen fel \u00faj t\u00e9nyeket \u00e9s titkokat a f\u00e1ra\u00f3k kir\u00e1lyair\u00f3l","robots":{"index":"index","follow":"follow","max-snippet":"max-snippet:-1","max-image-preview":"max-image-preview:large","max-video-preview":"max-video-preview:-1"},"canonical":"https:\/\/hurghadalovers.com\/hu\/tours\/privat-soma-obol-turak-luxor-aszuan-3-napos-tura\/","og_locale":"hu_HU","og_type":"article","og_title":"Priv\u00e1t Soma Bay Tours Luxorba \u00e9s Asszu\u00e1nba - 3 nap","og_description":"Priv\u00e1t Soma bay Tours Luxorba \u00e9s Asszu\u00e1nba - 3 nap priv\u00e1t idegenvezet\u0151vel, jegyekkel \u00e9s eb\u00e9ddel. fedezzen fel \u00faj t\u00e9nyeket \u00e9s titkokat a f\u00e1ra\u00f3k kir\u00e1lyair\u00f3l","og_url":"https:\/\/hurghadalovers.com\/hu\/tours\/privat-soma-obol-turak-luxor-aszuan-3-napos-tura\/","og_site_name":"Hurghada Excursions &amp; Day Trips | Booking Best Prices Tours","article_publisher":"https:\/\/www.facebook.com\/Hurghadaloversegypt","article_modified_time":"2026-02-09T08:40:30+00:00","og_image":[{"width":1555,"height":893,"url":"https:\/\/hurghadalovers.com\/wp-content\/uploads\/2022\/07\/Dagtrips-Aswan-vanuit-Sahl-Hasheesh-Egypte-De-Beste-Excursies-Abu-Simbel-Luxe-prive\u0301-met-de-bus-met-Nederlandstalige-gids.jpeg","type":"image\/jpeg"}],"twitter_card":"summary_large_image","twitter_misc":{"\u00c1r":"&euro;&nbsp;550","El\u00e9rhet\u0151s\u00e9g":"K\u00e9szleten"},"schema":{"@context":"https:\/\/schema.org","@graph":[{"@type":["WebPage","ItemPage"],"@id":"https:\/\/hurghadalovers.com\/hu\/tours\/privat-soma-obol-turak-luxor-aszuan-3-napos-tura\/","url":"https:\/\/hurghadalovers.com\/hu\/tours\/privat-soma-obol-turak-luxor-aszuan-3-napos-tura\/","name":"Priv\u00e1t Soma Bay Tours Luxorba \u00e9s Asszu\u00e1nba - 3 nap","isPartOf":{"@id":"https:\/\/hurghadalovers.com\/hu\/#website"},"primaryImageOfPage":{"@id":"https:\/\/hurghadalovers.com\/hu\/tours\/privat-soma-obol-turak-luxor-aszuan-3-napos-tura\/#primaryimage"},"image":{"@id":"https:\/\/hurghadalovers.com\/hu\/tours\/privat-soma-obol-turak-luxor-aszuan-3-napos-tura\/#primaryimage"},"thumbnailUrl":"https:\/\/hurghadalovers.com\/wp-content\/uploads\/2022\/07\/Dagtrips-Aswan-vanuit-Sahl-Hasheesh-Egypte-De-Beste-Excursies-Abu-Simbel-Luxe-prive\u0301-met-de-bus-met-Nederlandstalige-gids.jpeg","datePublished":"2023-08-26T15:17:06+00:00","dateModified":"2026-02-09T08:40:30+00:00","description":"Priv\u00e1t Soma bay Tours Luxorba \u00e9s Asszu\u00e1nba - 3 nap priv\u00e1t idegenvezet\u0151vel, jegyekkel \u00e9s eb\u00e9ddel. fedezzen fel \u00faj t\u00e9nyeket \u00e9s titkokat a f\u00e1ra\u00f3k kir\u00e1lyair\u00f3l","breadcrumb":{"@id":"https:\/\/hurghadalovers.com\/hu\/tours\/privat-soma-obol-turak-luxor-aszuan-3-napos-tura\/#breadcrumb"},"inLanguage":"hu","potentialAction":[{"@type":"ReadAction","target":["https:\/\/hurghadalovers.com\/hu\/tours\/privat-soma-obol-turak-luxor-aszuan-3-napos-tura\/"]}]},{"@type":"ImageObject","inLanguage":"hu","@id":"https:\/\/hurghadalovers.com\/hu\/tours\/privat-soma-obol-turak-luxor-aszuan-3-napos-tura\/#primaryimage","url":"https:\/\/hurghadalovers.com\/wp-content\/uploads\/2022\/07\/Dagtrips-Aswan-vanuit-Sahl-Hasheesh-Egypte-De-Beste-Excursies-Abu-Simbel-Luxe-prive\u0301-met-de-bus-met-Nederlandstalige-gids.jpeg","contentUrl":"https:\/\/hurghadalovers.com\/wp-content\/uploads\/2022\/07\/Dagtrips-Aswan-vanuit-Sahl-Hasheesh-Egypte-De-Beste-Excursies-Abu-Simbel-Luxe-prive\u0301-met-de-bus-met-Nederlandstalige-gids.jpeg","width":1555,"height":893,"caption":"Dagtrips Aswan vanuit Sahl Hasheesh Egypte | De Beste Excursies Abu Simbel Luxe priv\u00e9 \/ met de bus met Nederlandstalige gids."},{"@type":"BreadcrumbList","@id":"https:\/\/hurghadalovers.com\/hu\/tours\/privat-soma-obol-turak-luxor-aszuan-3-napos-tura\/#breadcrumb","itemListElement":[{"@type":"ListItem","position":1,"name":"Home","item":"https:\/\/hurghadalovers.com\/hu\/"},{"@type":"ListItem","position":2,"name":"Shop","item":"https:\/\/hurghadalovers.com\/shop\/"},{"@type":"ListItem","position":3,"name":"Priv\u00e1t Soma Bay Tours Luxorba \u00e9s Asszu\u00e1nba &#8211; 3 nap"}]},{"@type":"WebSite","@id":"https:\/\/hurghadalovers.com\/hu\/#website","url":"https:\/\/hurghadalovers.com\/hu\/","name":"Hurghada Excursions & Day Trips | Booking Best Prices Tours","description":"Hurghada Lovers - Best Tour Operator - Excursions &amp; Things to do for Family Day Trips with kids and Couples Romantic. Unique .Hidden gems","publisher":{"@id":"https:\/\/hurghadalovers.com\/hu\/#organization"},"alternateName":"Hurghada Excursions","potentialAction":[{"@type":"SearchAction","target":{"@type":"EntryPoint","urlTemplate":"https:\/\/hurghadalovers.com\/hu\/?s={search_term_string}"},"query-input":{"@type":"PropertyValueSpecification","valueRequired":true,"valueName":"search_term_string"}}],"inLanguage":"hu"},{"@type":["Organization","Place","TravelAgency"],"@id":"https:\/\/hurghadalovers.com\/hu\/#organization","name":"Hurghada Excursions","url":"https:\/\/hurghadalovers.com\/hu\/","logo":{"@id":"https:\/\/hurghadalovers.com\/hu\/tours\/privat-soma-obol-turak-luxor-aszuan-3-napos-tura\/#local-main-organization-logo"},"image":{"@id":"https:\/\/hurghadalovers.com\/hu\/tours\/privat-soma-obol-turak-luxor-aszuan-3-napos-tura\/#local-main-organization-logo"},"sameAs":["https:\/\/www.facebook.com\/Hurghadaloversegypt"],"address":{"@id":"https:\/\/hurghadalovers.com\/hu\/tours\/privat-soma-obol-turak-luxor-aszuan-3-napos-tura\/#local-main-place-address"},"telephone":["00201112596434"],"contactPoint":{"@type":"ContactPoint","telephone":"00201112596434","email":"weyouface@gmail.com"},"openingHoursSpecification":{"@type":"OpeningHoursSpecification","dayOfWeek":["Monday","Tuesday","Wednesday","Thursday","Friday","Saturday","Sunday"],"opens":"00:00","closes":"23:59"},"email":"weyouface@gmail.com","areaServed":"Luxor, Hurghada, El Gouna, Aswan, Sharm El Sheikh, Giza, Alexandria, Marsa Alam, Quseir, Soma Bay, Sahl Hasheesh, Red Sea, Makadi Bay, Cairo","priceRange":"$","currenciesAccepted":"euro","paymentAccepted":"cash on site"},{"@type":"PostalAddress","@id":"https:\/\/hurghadalovers.com\/hu\/tours\/privat-soma-obol-turak-luxor-aszuan-3-napos-tura\/#local-main-place-address","streetAddress":"17 Banks street, Alkawther area, top nbk bank","addressLocality":"hurghada","postalCode":"84511","addressRegion":"red sea","addressCountry":"EG"},{"@type":"ImageObject","inLanguage":"hu","@id":"https:\/\/hurghadalovers.com\/hu\/tours\/privat-soma-obol-turak-luxor-aszuan-3-napos-tura\/#local-main-organization-logo","url":"https:\/\/hurghadalovers.com\/wp-content\/uploads\/2019\/10\/hurghada-excursions-logo.png","contentUrl":"https:\/\/hurghadalovers.com\/wp-content\/uploads\/2019\/10\/hurghada-excursions-logo.png","width":272,"height":90,"caption":"Hurghada Excursions"}]},"product_brand":"Kir\u00e1ndul\u00e1s Soma bay Luxorba","product_price_amount":"550","product_price_currency":"EUR","og_availability":"instock","product_availability":"instock","product_retailer_item_id":"PrivateSoma012024","product_condition":"new","geo.placename":"hurghada","geo.region":"Egyiptom"},"_links":{"self":[{"href":"https:\/\/hurghadalovers.com\/hu\/wp-json\/wp\/v2\/product\/383759","targetHints":{"allow":["GET"]}}],"collection":[{"href":"https:\/\/hurghadalovers.com\/hu\/wp-json\/wp\/v2\/product"}],"about":[{"href":"https:\/\/hurghadalovers.com\/hu\/wp-json\/wp\/v2\/types\/product"}],"wp:featuredmedia":[{"embeddable":true,"href":"https:\/\/hurghadalovers.com\/hu\/wp-json\/wp\/v2\/media\/132040"}],"wp:attachment":[{"href":"https:\/\/hurghadalovers.com\/hu\/wp-json\/wp\/v2\/media?parent=383759"}],"wp:term":[{"taxonomy":"product_brand","embeddable":true,"href":"https:\/\/hurghadalovers.com\/hu\/wp-json\/wp\/v2\/product_brand?post=383759"},{"taxonomy":"product_cat","embeddable":true,"href":"https:\/\/hurghadalovers.com\/hu\/wp-json\/wp\/v2\/product_cat?post=383759"},{"taxonomy":"product_tag","embeddable":true,"href":"https:\/\/hurghadalovers.com\/hu\/wp-json\/wp\/v2\/product_tag?post=383759"}],"curies":[{"name":"wp","href":"https:\/\/api.w.org\/{rel}","templated":true}]}}