{"id":383525,"date":"2023-08-26T11:27:28","date_gmt":"2023-08-26T11:38:52","guid":{"rendered":"https:\/\/hurghadalovers.com\/shop\/nem-kategorizalt\/privat-egynapos-kirandulas-az-iszlam-kairoba-a-soma-obolbol\/"},"modified":"2026-01-23T00:41:06","modified_gmt":"2026-01-23T00:41:06","slug":"privat-egynapos-utazas-iszlam-kairoba-soma-obolbol","status":"publish","type":"product","link":"https:\/\/hurghadalovers.com\/hu\/tours\/privat-egynapos-utazas-iszlam-kairoba-soma-obolbol\/","title":{"rendered":"Priv\u00e1t egynapos kir\u00e1ndul\u00e1s az iszl\u00e1m Kair\u00f3ba a Soma-\u00f6b\u00f6lb\u0151l"},"content":{"rendered":"<p><strong>Priv\u00e1t egynapos kir\u00e1ndul\u00e1s az iszl\u00e1m Kair\u00f3ba a <\/strong><strong>Soma-\u00f6b\u00f6lb\u0151l<\/strong>, priv\u00e1t idegenvezet\u0151vel, jegyekkel \u00e9s eb\u00e9ddel.<\/p>\n<p>Egy k\u00fcl\u00f6nleges egynapos t\u00fara, amelynek sor\u00e1n megl\u00e1togathatja az iszl\u00e1m m\u0171eml\u00e9keket a r\u00e9gi Kair\u00f3ban, \u00e9s megismerheti az egyiptomi t\u00f6rt\u00e9nelmi \u00f6r\u00f6ks\u00e9g mecsetek \u00e9p\u00edt\u00e9s\u00e9nek titkait.<\/p>\n<p>&nbsp;<\/p>\n<p><strong>Kiemelt pontok:<\/strong><\/p>\n<ul>\n<li>Khan Al-Khalili<\/li>\n<li>Kair\u00f3i citadella &#8222;Saladin citadell\u00e1ja&#8221;<\/li>\n<li>Muhammad Ali mecsete.<\/li>\n<li>Hassz\u00e1n szult\u00e1n mecsete \u00e9s madrasza.<\/li>\n<li>Al Rifai mecset.<\/li>\n<li>Ibn Tulun mecset<\/li>\n<li>Bab Zuweila.<\/li>\n<li>Eb\u00e9d az \u00e9tteremben.<\/li>\n<\/ul>\n<p><strong>Priv\u00e1t egynapos kir\u00e1ndul\u00e1s az iszl\u00e1m Kair\u00f3ba a <\/strong><strong>Soma-\u00f6b\u00f6l<\/strong> <strong>R\u00e9szletek:<\/strong><\/p>\n<ul>\n<li>T\u00fara el\u00e9rhet\u0151s\u00e9ge: Minden nap.<\/li>\n<li>T\u00fara t\u00edpusa: Szem\u00e9lyaut\u00f3val vagy kisbusszal.<\/li>\n<li>Felsz\u00e1ll\u00e1si id\u0151: 01:30-t\u00f3l kezd\u0151dik.<\/li>\n<li>K\u00e9rdez\u00e9s Hotel kap a reggeli t\u00e1ska veled Reggel.<\/li>\n<li>Kisz\u00e1ll\u00e1s ideje: 21:30.<\/li>\n<li>Kerekessz\u00e9kkel megk\u00f6zel\u00edthet\u0151.<\/li>\n<li>Id\u0151tartam: 22 \u00f3ra.<\/li>\n<\/ul>\n<p><strong>Foglaljon most \u00e9s fizessen k\u00e9s\u0151bb:<\/strong><\/p>\n<ul>\n<li>K\u00e9szp\u00e9nz a helysz\u00ednen az \u00fatmutat\u00f3hoz.<\/li>\n<li>Fizet\u00e9s egyiptomi font, $, \u20ac vagy \u00a3.<\/li>\n<\/ul>\n<p><strong>Lemond\u00e1si felt\u00e9telek:<\/strong><\/p>\n<ul>\n<li>\u00d6n lemondhatja ak\u00e1r 24 \u00f3r\u00e1val el\u0151re.<\/li>\n<li>Ha valaki a csal\u00e1db\u00f3l lemondja a reggeli, Fizessen 50% -ot a k\u00f6lts\u00e9gekb\u0151l.<\/li>\n<\/ul>\n<p><strong>Mit tartalmaz?<\/strong><\/p>\n<ul>\n<li>Transzfer a Soma Bay Hotels &#8222;Hotel pick up and drop off&#8221;.<\/li>\n<li>Minden ad\u00f3, bel\u00e9p\u0151 \u00e9s kezel\u00e9si k\u00f6lts\u00e9g.<\/li>\n<li>Transzferek.<\/li>\n<li>Idegenvezet\u0151.<\/li>\n<li>Italok.<\/li>\n<li>Eb\u00e9d az \u00e9tteremben.<\/li>\n<\/ul>\n<p><strong>Kiz\u00e1r\u00e1sok?<\/strong><\/p>\n<ul>\n<li>Borraval\u00f3.<\/li>\n<li>Felucca kir\u00e1ndul\u00e1s &#8222;Cs\u00f3nak\u00e1z\u00e1s&#8221; 35 perc= 10$.<\/li>\n<li>B\u00e1rmilyen nem eml\u00edtett extr\u00e1k.<\/li>\n<\/ul>\n<p><strong>\u00c1rak:<\/strong><\/p>\n<ul>\n<li><strong>Feln\u0151tt \u00e1r =<\/strong><strong>160$ per f\u0151<\/strong>.<\/li>\n<li>Gyerekeknek &#8222;5-12\u2033= 50%.<\/li>\n<li>gyerekeknek &#8222;0-5\u2033= Ingyenes.<\/li>\n<\/ul>\n<p><strong>V\u00e9lem\u00e9nyek:<\/strong><\/p>\n<p>ellen\u0151rizze a Google T\u00e9rk\u00e9p V\u00e9lem\u00e9nyek a legjobb <a href=\"https:\/\/g.page\/r\/CUeYvkngP3wkEBM\/review\">utaz\u00e1sszervez\u0151 Hurghada<\/a> online <a href=\"https:\/\/hurghadalovers.com\/\">Hurghada<\/a> Egyiptomban.<\/p>\n<p>&nbsp;<\/p>\n<p><strong>Foglal\u00e1s:<\/strong><\/p>\n<p>K\u00fcldje el a sz\u00e1llod\u00e1t + szobasz\u00e1m + f\u00e9nyk\u00e9pes \u00fatlevelet a WhatsAppra: <strong>+201112596434<\/strong><\/p>\n<p>Ha ki Egyiptom Foglal\u00e1s most online, \u00e9s er\u0151s\u00edtse meg, amikor \u00e9rkez\u00e9s Hotel.<\/p>\n<p>&nbsp;<\/p>\n<p>&nbsp;<\/p>\n","protected":false},"excerpt":{"rendered":"<p>Priv\u00e1t egynapos kir\u00e1ndul\u00e1s az iszl\u00e1m Kair\u00f3ba a Soma-\u00f6b\u00f6lb\u0151l, priv\u00e1t idegenvezet\u0151vel, jegyekkel \u00e9s eb\u00e9ddel. Khan Al-Khalili. Kair\u00f3i Citadella. Muhammad Ali mecsetje&#8230;<\/p>\n","protected":false},"featured_media":383396,"template":"","meta":{"_joinchat":[]},"product_brand":[],"product_cat":[49871,29297],"product_tag":[55347,55141,55149,49401,55353,55155,55359,55372,55367],"class_list":{"0":"post-383525","1":"product","2":"type-product","3":"status-publish","4":"has-post-thumbnail","6":"product_cat-turak","7":"product_cat-egypt-tours","8":"product_tag-a-soma-obolbol-a-piramisokhoz","9":"product_tag-csaladi-szorakozasi-helyek-soma-bay-tol","10":"product_tag-csecsemokkel-kapcsolatos-teendok-soma-baybol","11":"product_tag-day-trips-from-soma-bay","12":"product_tag-kairoi-kirandulas-a-soma-baybol","13":"product_tag-olcso-csaladi-kirandulasok-soma-baybol","14":"product_tag-piramisok-a-soma-obolbol","15":"product_tag-soma-bay-piramisok-egynapos-kirandulas","16":"product_tag-soma-bay-utazas-kairoba","17":"tour_category-soma-bay-busszal-kairo","18":"tour_category-soma-bay-fakultativ-kirandulasok","20":"first","21":"instock","22":"sale","23":"shipping-taxable","24":"purchasable","25":"product-type-tour"},"yoast_head":"<!-- This site is optimized with the Yoast SEO Premium plugin v26.9 (Yoast SEO v27.2) - https:\/\/yoast.com\/product\/yoast-seo-premium-wordpress\/ -->\n<title>Priv\u00e1t egynapos kir\u00e1ndul\u00e1s az iszl\u00e1m Kair\u00f3ba a Soma-\u00f6b\u00f6lb\u0151l priv\u00e1t idegenvezet\u0151vel<\/title>\n<meta name=\"description\" content=\"Priv\u00e1t egynapos kir\u00e1ndul\u00e1s az iszl\u00e1m Kair\u00f3ba a Soma-\u00f6b\u00f6lb\u0151l, priv\u00e1t idegenvezet\u0151vel, jegyekkel \u00e9s eb\u00e9ddel. Khan Al-Khalili. Kair\u00f3i Citadella. Muhammad Ali mecsetje...\" \/>\n<meta name=\"robots\" content=\"index, follow, max-snippet:-1, max-image-preview:large, max-video-preview:-1\" \/>\n<link rel=\"canonical\" href=\"https:\/\/hurghadalovers.com\/hu\/tours\/privat-egynapos-utazas-iszlam-kairoba-soma-obolbol\/\" \/>\n<meta property=\"og:locale\" content=\"hu_HU\" \/>\n<meta property=\"og:type\" content=\"article\" \/>\n<meta property=\"og:title\" content=\"Priv\u00e1t egynapos kir\u00e1ndul\u00e1s az iszl\u00e1m Kair\u00f3ba a Soma-\u00f6b\u00f6lb\u0151l\" \/>\n<meta property=\"og:description\" content=\"Priv\u00e1t egynapos kir\u00e1ndul\u00e1s az iszl\u00e1m Kair\u00f3ba a Soma-\u00f6b\u00f6lb\u0151l, priv\u00e1t idegenvezet\u0151vel, jegyekkel \u00e9s eb\u00e9ddel. Khan Al-Khalili. Kair\u00f3i Citadella. Muhammad Ali mecsetje...\" \/>\n<meta property=\"og:url\" content=\"https:\/\/hurghadalovers.com\/hu\/tours\/privat-egynapos-utazas-iszlam-kairoba-soma-obolbol\/\" \/>\n<meta property=\"og:site_name\" content=\"Hurghada Excursions &amp; Day Trips | Booking Best Prices Tours\" \/>\n<meta property=\"article:publisher\" content=\"https:\/\/www.facebook.com\/Hurghadaloversegypt\" \/>\n<meta property=\"article:modified_time\" content=\"2026-01-23T00:41:06+00:00\" \/>\n<meta property=\"og:image\" content=\"https:\/\/hurghadalovers.com\/wp-content\/uploads\/2023\/08\/Private-Day-Trip-to-Islamic-Cairo-from-Soma-bay.jpeg\" \/>\n\t<meta property=\"og:image:width\" content=\"1555\" \/>\n\t<meta property=\"og:image:height\" content=\"892\" \/>\n\t<meta property=\"og:image:type\" content=\"image\/jpeg\" \/>\n<meta name=\"twitter:card\" content=\"summary_large_image\" \/>\n<meta name=\"twitter:label1\" content=\"\u00c1r\" \/>\n\t<meta name=\"twitter:data1\" content=\"&euro;&nbsp;160\" \/>\n\t<meta name=\"twitter:label2\" content=\"El\u00e9rhet\u0151s\u00e9g\" \/>\n\t<meta name=\"twitter:data2\" content=\"K\u00e9szleten\" \/>\n<script type=\"application\/ld+json\" class=\"yoast-schema-graph\">{\"@context\":\"https:\/\/schema.org\",\"@graph\":[{\"@type\":[\"WebPage\",\"ItemPage\"],\"@id\":\"https:\/\/hurghadalovers.com\/hu\/tours\/privat-egynapos-utazas-iszlam-kairoba-soma-obolbol\/\",\"url\":\"https:\/\/hurghadalovers.com\/hu\/tours\/privat-egynapos-utazas-iszlam-kairoba-soma-obolbol\/\",\"name\":\"Priv\u00e1t egynapos kir\u00e1ndul\u00e1s az iszl\u00e1m Kair\u00f3ba a Soma-\u00f6b\u00f6lb\u0151l priv\u00e1t idegenvezet\u0151vel\",\"isPartOf\":{\"@id\":\"https:\/\/hurghadalovers.com\/hu\/#website\"},\"primaryImageOfPage\":{\"@id\":\"https:\/\/hurghadalovers.com\/hu\/tours\/privat-egynapos-utazas-iszlam-kairoba-soma-obolbol\/#primaryimage\"},\"image\":{\"@id\":\"https:\/\/hurghadalovers.com\/hu\/tours\/privat-egynapos-utazas-iszlam-kairoba-soma-obolbol\/#primaryimage\"},\"thumbnailUrl\":\"https:\/\/hurghadalovers.com\/wp-content\/uploads\/2023\/08\/Private-Day-Trip-to-Islamic-Cairo-from-Soma-bay.jpeg\",\"datePublished\":\"2023-08-26T11:38:52+00:00\",\"dateModified\":\"2026-01-23T00:41:06+00:00\",\"description\":\"Priv\u00e1t egynapos kir\u00e1ndul\u00e1s az iszl\u00e1m Kair\u00f3ba a Soma-\u00f6b\u00f6lb\u0151l, priv\u00e1t idegenvezet\u0151vel, jegyekkel \u00e9s eb\u00e9ddel. Khan Al-Khalili. Kair\u00f3i Citadella. Muhammad Ali mecsetje...\",\"breadcrumb\":{\"@id\":\"https:\/\/hurghadalovers.com\/hu\/tours\/privat-egynapos-utazas-iszlam-kairoba-soma-obolbol\/#breadcrumb\"},\"inLanguage\":\"hu\",\"potentialAction\":[{\"@type\":\"ReadAction\",\"target\":[\"https:\/\/hurghadalovers.com\/hu\/tours\/privat-egynapos-utazas-iszlam-kairoba-soma-obolbol\/\"]}]},{\"@type\":\"ImageObject\",\"inLanguage\":\"hu\",\"@id\":\"https:\/\/hurghadalovers.com\/hu\/tours\/privat-egynapos-utazas-iszlam-kairoba-soma-obolbol\/#primaryimage\",\"url\":\"https:\/\/hurghadalovers.com\/wp-content\/uploads\/2023\/08\/Private-Day-Trip-to-Islamic-Cairo-from-Soma-bay.jpeg\",\"contentUrl\":\"https:\/\/hurghadalovers.com\/wp-content\/uploads\/2023\/08\/Private-Day-Trip-to-Islamic-Cairo-from-Soma-bay.jpeg\",\"width\":1555,\"height\":892,\"caption\":\"Private Day Trip to Islamic Cairo from Soma bay\"},{\"@type\":\"BreadcrumbList\",\"@id\":\"https:\/\/hurghadalovers.com\/hu\/tours\/privat-egynapos-utazas-iszlam-kairoba-soma-obolbol\/#breadcrumb\",\"itemListElement\":[{\"@type\":\"ListItem\",\"position\":1,\"name\":\"Home\",\"item\":\"https:\/\/hurghadalovers.com\/hu\/\"},{\"@type\":\"ListItem\",\"position\":2,\"name\":\"Shop\",\"item\":\"https:\/\/hurghadalovers.com\/shop\/\"},{\"@type\":\"ListItem\",\"position\":3,\"name\":\"Priv\u00e1t egynapos kir\u00e1ndul\u00e1s az iszl\u00e1m Kair\u00f3ba a Soma-\u00f6b\u00f6lb\u0151l\"}]},{\"@type\":\"WebSite\",\"@id\":\"https:\/\/hurghadalovers.com\/hu\/#website\",\"url\":\"https:\/\/hurghadalovers.com\/hu\/\",\"name\":\"Hurghada Excursions & Day Trips | Booking Best Prices Tours\",\"description\":\"Hurghada Lovers - Best Tour Operator - Excursions &amp; Things to do for Family Day Trips with kids and Couples Romantic. Unique .Hidden gems\",\"publisher\":{\"@id\":\"https:\/\/hurghadalovers.com\/hu\/#organization\"},\"alternateName\":\"Hurghada Excursions\",\"potentialAction\":[{\"@type\":\"SearchAction\",\"target\":{\"@type\":\"EntryPoint\",\"urlTemplate\":\"https:\/\/hurghadalovers.com\/hu\/?s={search_term_string}\"},\"query-input\":{\"@type\":\"PropertyValueSpecification\",\"valueRequired\":true,\"valueName\":\"search_term_string\"}}],\"inLanguage\":\"hu\"},{\"@type\":[\"Organization\",\"Place\",\"TravelAgency\"],\"@id\":\"https:\/\/hurghadalovers.com\/hu\/#organization\",\"name\":\"Hurghada Excursions\",\"url\":\"https:\/\/hurghadalovers.com\/hu\/\",\"logo\":{\"@id\":\"https:\/\/hurghadalovers.com\/hu\/tours\/privat-egynapos-utazas-iszlam-kairoba-soma-obolbol\/#local-main-organization-logo\"},\"image\":{\"@id\":\"https:\/\/hurghadalovers.com\/hu\/tours\/privat-egynapos-utazas-iszlam-kairoba-soma-obolbol\/#local-main-organization-logo\"},\"sameAs\":[\"https:\/\/www.facebook.com\/Hurghadaloversegypt\"],\"address\":{\"@id\":\"https:\/\/hurghadalovers.com\/hu\/tours\/privat-egynapos-utazas-iszlam-kairoba-soma-obolbol\/#local-main-place-address\"},\"telephone\":[\"00201112596434\"],\"contactPoint\":{\"@type\":\"ContactPoint\",\"telephone\":\"00201112596434\",\"email\":\"weyouface@gmail.com\"},\"openingHoursSpecification\":{\"@type\":\"OpeningHoursSpecification\",\"dayOfWeek\":[\"Monday\",\"Tuesday\",\"Wednesday\",\"Thursday\",\"Friday\",\"Saturday\",\"Sunday\"],\"opens\":\"00:00\",\"closes\":\"23:59\"},\"email\":\"weyouface@gmail.com\",\"areaServed\":\"Luxor, Hurghada, El Gouna, Aswan, Sharm El Sheikh, Giza, Alexandria, Marsa Alam, Quseir, Soma Bay, Sahl Hasheesh, Red Sea, Makadi Bay, Cairo\",\"priceRange\":\"$\",\"currenciesAccepted\":\"euro\",\"paymentAccepted\":\"cash on site\"},{\"@type\":\"PostalAddress\",\"@id\":\"https:\/\/hurghadalovers.com\/hu\/tours\/privat-egynapos-utazas-iszlam-kairoba-soma-obolbol\/#local-main-place-address\",\"streetAddress\":\"17 Banks street, Alkawther area, top nbk bank\",\"addressLocality\":\"hurghada\",\"postalCode\":\"84511\",\"addressRegion\":\"red sea\",\"addressCountry\":\"EG\"},{\"@type\":\"ImageObject\",\"inLanguage\":\"hu\",\"@id\":\"https:\/\/hurghadalovers.com\/hu\/tours\/privat-egynapos-utazas-iszlam-kairoba-soma-obolbol\/#local-main-organization-logo\",\"url\":\"https:\/\/hurghadalovers.com\/wp-content\/uploads\/2019\/10\/hurghada-excursions-logo.png\",\"contentUrl\":\"https:\/\/hurghadalovers.com\/wp-content\/uploads\/2019\/10\/hurghada-excursions-logo.png\",\"width\":272,\"height\":90,\"caption\":\"Hurghada Excursions\"}]}<\/script>\n<meta property=\"product:brand\" content=\"Egynapos kir\u00e1ndul\u00e1sok innen Soma bay ide Kair\u00f3\" \/>\n<meta property=\"product:price:amount\" content=\"160\" \/>\n<meta property=\"product:price:currency\" content=\"EUR\" \/>\n<meta property=\"og:availability\" content=\"instock\" \/>\n<meta property=\"product:availability\" content=\"instock\" \/>\n<meta property=\"product:retailer_item_id\" content=\"Somabay102024\" \/>\n<meta property=\"product:condition\" content=\"new\" \/>\n<meta name=\"geo.placename\" content=\"hurghada\" \/>\n<meta name=\"geo.region\" content=\"Egyiptom\" \/>\n<!-- \/ Yoast SEO Premium plugin. -->","yoast_head_json":{"title":"Priv\u00e1t egynapos kir\u00e1ndul\u00e1s az iszl\u00e1m Kair\u00f3ba a Soma-\u00f6b\u00f6lb\u0151l priv\u00e1t idegenvezet\u0151vel","description":"Priv\u00e1t egynapos kir\u00e1ndul\u00e1s az iszl\u00e1m Kair\u00f3ba a Soma-\u00f6b\u00f6lb\u0151l, priv\u00e1t idegenvezet\u0151vel, jegyekkel \u00e9s eb\u00e9ddel. Khan Al-Khalili. Kair\u00f3i Citadella. Muhammad Ali mecsetje...","robots":{"index":"index","follow":"follow","max-snippet":"max-snippet:-1","max-image-preview":"max-image-preview:large","max-video-preview":"max-video-preview:-1"},"canonical":"https:\/\/hurghadalovers.com\/hu\/tours\/privat-egynapos-utazas-iszlam-kairoba-soma-obolbol\/","og_locale":"hu_HU","og_type":"article","og_title":"Priv\u00e1t egynapos kir\u00e1ndul\u00e1s az iszl\u00e1m Kair\u00f3ba a Soma-\u00f6b\u00f6lb\u0151l","og_description":"Priv\u00e1t egynapos kir\u00e1ndul\u00e1s az iszl\u00e1m Kair\u00f3ba a Soma-\u00f6b\u00f6lb\u0151l, priv\u00e1t idegenvezet\u0151vel, jegyekkel \u00e9s eb\u00e9ddel. Khan Al-Khalili. Kair\u00f3i Citadella. Muhammad Ali mecsetje...","og_url":"https:\/\/hurghadalovers.com\/hu\/tours\/privat-egynapos-utazas-iszlam-kairoba-soma-obolbol\/","og_site_name":"Hurghada Excursions &amp; Day Trips | Booking Best Prices Tours","article_publisher":"https:\/\/www.facebook.com\/Hurghadaloversegypt","article_modified_time":"2026-01-23T00:41:06+00:00","og_image":[{"width":1555,"height":892,"url":"https:\/\/hurghadalovers.com\/wp-content\/uploads\/2023\/08\/Private-Day-Trip-to-Islamic-Cairo-from-Soma-bay.jpeg","type":"image\/jpeg"}],"twitter_card":"summary_large_image","twitter_misc":{"\u00c1r":"&euro;&nbsp;160","El\u00e9rhet\u0151s\u00e9g":"K\u00e9szleten"},"schema":{"@context":"https:\/\/schema.org","@graph":[{"@type":["WebPage","ItemPage"],"@id":"https:\/\/hurghadalovers.com\/hu\/tours\/privat-egynapos-utazas-iszlam-kairoba-soma-obolbol\/","url":"https:\/\/hurghadalovers.com\/hu\/tours\/privat-egynapos-utazas-iszlam-kairoba-soma-obolbol\/","name":"Priv\u00e1t egynapos kir\u00e1ndul\u00e1s az iszl\u00e1m Kair\u00f3ba a Soma-\u00f6b\u00f6lb\u0151l priv\u00e1t idegenvezet\u0151vel","isPartOf":{"@id":"https:\/\/hurghadalovers.com\/hu\/#website"},"primaryImageOfPage":{"@id":"https:\/\/hurghadalovers.com\/hu\/tours\/privat-egynapos-utazas-iszlam-kairoba-soma-obolbol\/#primaryimage"},"image":{"@id":"https:\/\/hurghadalovers.com\/hu\/tours\/privat-egynapos-utazas-iszlam-kairoba-soma-obolbol\/#primaryimage"},"thumbnailUrl":"https:\/\/hurghadalovers.com\/wp-content\/uploads\/2023\/08\/Private-Day-Trip-to-Islamic-Cairo-from-Soma-bay.jpeg","datePublished":"2023-08-26T11:38:52+00:00","dateModified":"2026-01-23T00:41:06+00:00","description":"Priv\u00e1t egynapos kir\u00e1ndul\u00e1s az iszl\u00e1m Kair\u00f3ba a Soma-\u00f6b\u00f6lb\u0151l, priv\u00e1t idegenvezet\u0151vel, jegyekkel \u00e9s eb\u00e9ddel. Khan Al-Khalili. Kair\u00f3i Citadella. Muhammad Ali mecsetje...","breadcrumb":{"@id":"https:\/\/hurghadalovers.com\/hu\/tours\/privat-egynapos-utazas-iszlam-kairoba-soma-obolbol\/#breadcrumb"},"inLanguage":"hu","potentialAction":[{"@type":"ReadAction","target":["https:\/\/hurghadalovers.com\/hu\/tours\/privat-egynapos-utazas-iszlam-kairoba-soma-obolbol\/"]}]},{"@type":"ImageObject","inLanguage":"hu","@id":"https:\/\/hurghadalovers.com\/hu\/tours\/privat-egynapos-utazas-iszlam-kairoba-soma-obolbol\/#primaryimage","url":"https:\/\/hurghadalovers.com\/wp-content\/uploads\/2023\/08\/Private-Day-Trip-to-Islamic-Cairo-from-Soma-bay.jpeg","contentUrl":"https:\/\/hurghadalovers.com\/wp-content\/uploads\/2023\/08\/Private-Day-Trip-to-Islamic-Cairo-from-Soma-bay.jpeg","width":1555,"height":892,"caption":"Private Day Trip to Islamic Cairo from Soma bay"},{"@type":"BreadcrumbList","@id":"https:\/\/hurghadalovers.com\/hu\/tours\/privat-egynapos-utazas-iszlam-kairoba-soma-obolbol\/#breadcrumb","itemListElement":[{"@type":"ListItem","position":1,"name":"Home","item":"https:\/\/hurghadalovers.com\/hu\/"},{"@type":"ListItem","position":2,"name":"Shop","item":"https:\/\/hurghadalovers.com\/shop\/"},{"@type":"ListItem","position":3,"name":"Priv\u00e1t egynapos kir\u00e1ndul\u00e1s az iszl\u00e1m Kair\u00f3ba a Soma-\u00f6b\u00f6lb\u0151l"}]},{"@type":"WebSite","@id":"https:\/\/hurghadalovers.com\/hu\/#website","url":"https:\/\/hurghadalovers.com\/hu\/","name":"Hurghada Excursions & Day Trips | Booking Best Prices Tours","description":"Hurghada Lovers - Best Tour Operator - Excursions &amp; Things to do for Family Day Trips with kids and Couples Romantic. Unique .Hidden gems","publisher":{"@id":"https:\/\/hurghadalovers.com\/hu\/#organization"},"alternateName":"Hurghada Excursions","potentialAction":[{"@type":"SearchAction","target":{"@type":"EntryPoint","urlTemplate":"https:\/\/hurghadalovers.com\/hu\/?s={search_term_string}"},"query-input":{"@type":"PropertyValueSpecification","valueRequired":true,"valueName":"search_term_string"}}],"inLanguage":"hu"},{"@type":["Organization","Place","TravelAgency"],"@id":"https:\/\/hurghadalovers.com\/hu\/#organization","name":"Hurghada Excursions","url":"https:\/\/hurghadalovers.com\/hu\/","logo":{"@id":"https:\/\/hurghadalovers.com\/hu\/tours\/privat-egynapos-utazas-iszlam-kairoba-soma-obolbol\/#local-main-organization-logo"},"image":{"@id":"https:\/\/hurghadalovers.com\/hu\/tours\/privat-egynapos-utazas-iszlam-kairoba-soma-obolbol\/#local-main-organization-logo"},"sameAs":["https:\/\/www.facebook.com\/Hurghadaloversegypt"],"address":{"@id":"https:\/\/hurghadalovers.com\/hu\/tours\/privat-egynapos-utazas-iszlam-kairoba-soma-obolbol\/#local-main-place-address"},"telephone":["00201112596434"],"contactPoint":{"@type":"ContactPoint","telephone":"00201112596434","email":"weyouface@gmail.com"},"openingHoursSpecification":{"@type":"OpeningHoursSpecification","dayOfWeek":["Monday","Tuesday","Wednesday","Thursday","Friday","Saturday","Sunday"],"opens":"00:00","closes":"23:59"},"email":"weyouface@gmail.com","areaServed":"Luxor, Hurghada, El Gouna, Aswan, Sharm El Sheikh, Giza, Alexandria, Marsa Alam, Quseir, Soma Bay, Sahl Hasheesh, Red Sea, Makadi Bay, Cairo","priceRange":"$","currenciesAccepted":"euro","paymentAccepted":"cash on site"},{"@type":"PostalAddress","@id":"https:\/\/hurghadalovers.com\/hu\/tours\/privat-egynapos-utazas-iszlam-kairoba-soma-obolbol\/#local-main-place-address","streetAddress":"17 Banks street, Alkawther area, top nbk bank","addressLocality":"hurghada","postalCode":"84511","addressRegion":"red sea","addressCountry":"EG"},{"@type":"ImageObject","inLanguage":"hu","@id":"https:\/\/hurghadalovers.com\/hu\/tours\/privat-egynapos-utazas-iszlam-kairoba-soma-obolbol\/#local-main-organization-logo","url":"https:\/\/hurghadalovers.com\/wp-content\/uploads\/2019\/10\/hurghada-excursions-logo.png","contentUrl":"https:\/\/hurghadalovers.com\/wp-content\/uploads\/2019\/10\/hurghada-excursions-logo.png","width":272,"height":90,"caption":"Hurghada Excursions"}]},"product_brand":"Egynapos kir\u00e1ndul\u00e1sok innen Soma bay ide Kair\u00f3","product_price_amount":"160","product_price_currency":"EUR","og_availability":"instock","product_availability":"instock","product_retailer_item_id":"Somabay102024","product_condition":"new","geo.placename":"hurghada","geo.region":"Egyiptom"},"_links":{"self":[{"href":"https:\/\/hurghadalovers.com\/hu\/wp-json\/wp\/v2\/product\/383525","targetHints":{"allow":["GET"]}}],"collection":[{"href":"https:\/\/hurghadalovers.com\/hu\/wp-json\/wp\/v2\/product"}],"about":[{"href":"https:\/\/hurghadalovers.com\/hu\/wp-json\/wp\/v2\/types\/product"}],"wp:featuredmedia":[{"embeddable":true,"href":"https:\/\/hurghadalovers.com\/hu\/wp-json\/wp\/v2\/media\/383396"}],"wp:attachment":[{"href":"https:\/\/hurghadalovers.com\/hu\/wp-json\/wp\/v2\/media?parent=383525"}],"wp:term":[{"taxonomy":"product_brand","embeddable":true,"href":"https:\/\/hurghadalovers.com\/hu\/wp-json\/wp\/v2\/product_brand?post=383525"},{"taxonomy":"product_cat","embeddable":true,"href":"https:\/\/hurghadalovers.com\/hu\/wp-json\/wp\/v2\/product_cat?post=383525"},{"taxonomy":"product_tag","embeddable":true,"href":"https:\/\/hurghadalovers.com\/hu\/wp-json\/wp\/v2\/product_tag?post=383525"}],"curies":[{"name":"wp","href":"https:\/\/api.w.org\/{rel}","templated":true}]}}