{"id":380630,"date":"2025-06-24T13:16:54","date_gmt":"2023-08-15T13:20:48","guid":{"rendered":"https:\/\/hurghadalovers.com\/shop\/nem-kategorizalt\/privat-motorcsonak-berles-orange-bay-szigetere-hurghadabol\/"},"modified":"2026-02-09T23:53:06","modified_gmt":"2026-02-09T23:53:06","slug":"magan-gyorshajo-berles-az-orange-obol-szigetre-hurghadarol","status":"publish","type":"product","link":"https:\/\/hurghadalovers.com\/hu\/tours\/magan-gyorshajo-berles-az-orange-obol-szigetre-hurghadarol\/","title":{"rendered":"Priv\u00e1t motorcs\u00f3nak b\u00e9rl\u00e9s Orange Bay sziget\u00e9re Hurghad\u00e1b\u00f3l"},"content":{"rendered":"<p><strong>Priv\u00e1t motorcs\u00f3nak b\u00e9rl\u00e9s Orange Bay sziget\u00e9re Hurghad\u00e1b\u00f3l<\/strong>, jegyekkel, sznorkelez\u00e9ssel \u00e9s transzferrel.<\/p>\n<p>\u00c9lvezze a k\u00fcl\u00f6nleges napot \u00e9s az egyed\u00fcl\u00e1ll\u00f3 \u00e9lm\u00e9nyt nagyobb <strong>mag\u00e1nyban<\/strong> \u00e9s <strong>luxusban<\/strong>, \u00e9s menjen el csal\u00e1dj\u00e1val \u00e9s bar\u00e1taival <strong>Giftun sziget\u00e9nek<\/strong> legszebb strandjaira, \u00e9s \u00fasszon <strong>Hurghada<\/strong> legszebb <strong>korallz\u00e1tonyain<\/strong>.<\/p>\n<p>Mi biztos\u00edtjuk a foglal\u00e1s csak priv\u00e1t motorcs\u00f3nak b\u00e9rl\u00e9s <strong>Orange Bay Island<\/strong> jegyekkel, \u00e9s \u00e9lvezze a strand 4-5 \u00f3r\u00e1n \u00e1t, \u00e9s vissza.<\/p>\n<p>&nbsp;<\/p>\n<p><strong>Kiemelt pontok:<\/strong><\/p>\n<ul>\n<li>egy Spot Snorkeling House Reef.<\/li>\n<li>2-5 \u00f3ra az Orange Bay Island Beach-en.<\/li>\n<\/ul>\n<p><strong>R\u00e9szletek:<\/strong><\/p>\n<ul>\n<li>T\u00fara el\u00e9rhet\u0151s\u00e9ge: Minden nap.<\/li>\n<li>T\u00fara t\u00edpusa: T\u00edpus: Priv\u00e1t.<\/li>\n<li>Felsz\u00e1ll\u00e1si id\u0151: 08:00 \u00f3r\u00e1t\u00f3l vagy 13:00 \u00f3r\u00e1t\u00f3l.<\/li>\n<li>Kisz\u00e1ll\u00e1s ideje: 13:00 vagy 18:00.<\/li>\n<li>Kerekessz\u00e9kkel megk\u00f6zel\u00edthet\u0151.<\/li>\n<li>Id\u0151tartam: Id\u0151tartam: 4 \u00f3ra.<\/li>\n<\/ul>\n<p><strong>Foglaljon most \u00e9s fizessen k\u00e9s\u0151bb:<\/strong><\/p>\n<ul>\n<li>K\u00e9szp\u00e9nz a helysz\u00ednen az \u00fatmutat\u00f3hoz.<\/li>\n<li>Fizet\u00e9s egyiptomi font, $, \u20ac vagy \u00a3.<\/li>\n<\/ul>\n<p><strong>Lemond\u00e1si felt\u00e9telek:<\/strong><\/p>\n<ul>\n<li>\u00d6n lemondhatja ak\u00e1r 24 \u00f3r\u00e1val el\u0151re.<\/li>\n<li>Ha valaki a csal\u00e1db\u00f3l lemondja a reggeli, Fizessen 50% -ot a k\u00f6lts\u00e9gekb\u0151l.<\/li>\n<\/ul>\n<p><strong>Mit tartalmaz?<\/strong><\/p>\n<ul>\n<li>Transzfer a hurghadai sz\u00e1llod\u00e1kb\u00f3l &#8222;Hotel pick up and drop off&#8221;.<\/li>\n<li>Minden ad\u00f3, bel\u00e9p\u0151 \u00e9s kezel\u00e9si k\u00f6lts\u00e9g.<\/li>\n<li>\u00c1sv\u00e1nyv\u00edz + k\u00f3la.<\/li>\n<li>egy b\u00fav\u00e1rkod\u00e1si hely.<\/li>\n<li>Snorkeling felszerel\u00e9s &#8222;Maszkok \u00e9s uszonyok&#8221;.<\/li>\n<li>2-5 \u00f3ra az <strong>Orange Bay Island<\/strong> <strong>Beach-en<\/strong>.<\/li>\n<\/ul>\n<p><strong>Kiz\u00e1r\u00e1sok?<\/strong><\/p>\n<ul>\n<li>Borraval\u00f3.<\/li>\n<li>Italok a The Orange Bay Restaurant Islandben.<\/li>\n<li>B\u00e1rmilyen nem eml\u00edtett extr\u00e1k.<\/li>\n<\/ul>\n<p><strong>Priv\u00e1t motorcs\u00f3nak b\u00e9rl\u00e9s Orange Bay szigetre Hurghada-b\u00f3l \u00c1rak:<\/strong><\/p>\n<ul>\n<li>Motorcs\u00f3nak b\u00e9rl\u00e9s Orange Bay sziget\u00e9re jegyekkel \u00e9s transzferrel = 200$<\/li>\n<li>Gyorshaj\u00f3 b\u00e9rl\u00e9s Orange Bay sziget\u00e9re jegyekkel, snorkelinggel \u00e9s transzferrel = 250$<\/li>\n<\/ul>\n<p><strong>V\u00e9lem\u00e9nyek:<\/strong><\/p>\n<p>ellen\u0151rizze a Google T\u00e9rk\u00e9p V\u00e9lem\u00e9nyek a legjobb <a href=\"https:\/\/g.page\/r\/CUeYvkngP3wkEBM\/review\">utaz\u00e1sszervez\u0151 Hurghada<\/a> online <a href=\"https:\/\/hurghadalovers.com\/\">Hurghada<\/a> Egyiptomban.<\/p>\n<p>&nbsp;<\/p>\n<p><strong>Megjegyz\u00e9s:  <\/strong><\/p>\n<p>Mi is t\u00fara transzferrel a sz\u00e1llod\u00e1b\u00f3l El Goua, Soma bay, Makadi bay, Sahl Hasheesh, Safaga extra k\u00f6lts\u00e9ggel= 10$ per f\u0151.<\/p>\n<p>&nbsp;<\/p>\n<p><strong>Foglal\u00e1s:<\/strong><\/p>\n<p>K\u00fcldje el a sz\u00e1llod\u00e1t + szobasz\u00e1m + f\u00e9nyk\u00e9pes \u00fatlevelet a WhatsAppra: <strong>+201112596434<\/strong><\/p>\n<p>Ha ki Egyiptom Foglal\u00e1s most online, \u00e9s er\u0151s\u00edtse meg, amikor \u00e9rkez\u00e9s Hotel.<\/p>\n","protected":false},"excerpt":{"rendered":"<p>Priv\u00e1t motorcs\u00f3nak b\u00e9rl\u00e9s Orange Bay szigetre Hurghad\u00e1b\u00f3l, jegyekkel, snorkelinggel \u00e9s transzferrel | egyed\u00fcl\u00e1ll\u00f3 \u00e9lm\u00e9ny, t\u00f6bb mag\u00e1n\u00e9let \u00e9s luxus<\/p>\n","protected":false},"featured_media":483932,"template":"","meta":{"_joinchat":[]},"product_brand":[],"product_cat":[49871],"product_tag":[],"class_list":{"0":"post-380630","1":"product","2":"type-product","3":"status-publish","4":"has-post-thumbnail","6":"product_cat-turak","7":"tour_category-hurghada-excursions-hu-egypt-tours-hu","8":"tour_category-hurghada-snorkeling-trips-hu","10":"first","11":"instock","12":"sale","13":"shipping-taxable","14":"purchasable","15":"product-type-tour"},"yoast_head":"<!-- This site is optimized with the Yoast SEO Premium plugin v26.9 (Yoast SEO v27.2) - https:\/\/yoast.com\/product\/yoast-seo-premium-wordpress\/ -->\n<title>Priv\u00e1t motorcs\u00f3nak b\u00e9rl\u00e9s Orange Bay sziget\u00e9re Hurghad\u00e1b\u00f3l<\/title>\n<meta name=\"description\" content=\"Priv\u00e1t motorcs\u00f3nak b\u00e9rl\u00e9s Orange Bay szigetre Hurghad\u00e1b\u00f3l, jegyekkel, snorkelinggel \u00e9s transzferrel | egyed\u00fcl\u00e1ll\u00f3 \u00e9lm\u00e9ny, t\u00f6bb mag\u00e1n\u00e9let \u00e9s luxus\" \/>\n<meta name=\"robots\" content=\"index, follow, max-snippet:-1, max-image-preview:large, max-video-preview:-1\" \/>\n<link rel=\"canonical\" href=\"https:\/\/hurghadalovers.com\/hu\/tours\/magan-gyorshajo-berles-az-orange-obol-szigetre-hurghadarol\/\" \/>\n<meta property=\"og:locale\" content=\"hu_HU\" \/>\n<meta property=\"og:type\" content=\"article\" \/>\n<meta property=\"og:title\" content=\"Priv\u00e1t motorcs\u00f3nak b\u00e9rl\u00e9s Orange Bay sziget\u00e9re Hurghad\u00e1b\u00f3l\" \/>\n<meta property=\"og:description\" content=\"Priv\u00e1t motorcs\u00f3nak b\u00e9rl\u00e9s Orange Bay szigetre Hurghad\u00e1b\u00f3l, jegyekkel, snorkelinggel \u00e9s transzferrel | egyed\u00fcl\u00e1ll\u00f3 \u00e9lm\u00e9ny, t\u00f6bb mag\u00e1n\u00e9let \u00e9s luxus\" \/>\n<meta property=\"og:url\" content=\"https:\/\/hurghadalovers.com\/hu\/tours\/magan-gyorshajo-berles-az-orange-obol-szigetre-hurghadarol\/\" \/>\n<meta property=\"og:site_name\" content=\"Hurghada Excursions &amp; Day Trips | Booking Best Prices Tours\" \/>\n<meta property=\"article:publisher\" content=\"https:\/\/www.facebook.com\/Hurghadaloversegypt\" \/>\n<meta property=\"article:modified_time\" content=\"2026-02-09T23:53:06+00:00\" \/>\n<meta property=\"og:image\" content=\"https:\/\/hurghadalovers.com\/wp-content\/uploads\/2023\/08\/Speed-boat-Hurghada-Trips-all-inclusive.jpeg\" \/>\n\t<meta property=\"og:image:width\" content=\"1156\" \/>\n\t<meta property=\"og:image:height\" content=\"867\" \/>\n\t<meta property=\"og:image:type\" content=\"image\/jpeg\" \/>\n<meta name=\"twitter:card\" content=\"summary_large_image\" \/>\n<meta name=\"twitter:label1\" content=\"\u00c1r\" \/>\n\t<meta name=\"twitter:data1\" content=\"&euro;&nbsp;120\" \/>\n\t<meta name=\"twitter:label2\" content=\"El\u00e9rhet\u0151s\u00e9g\" \/>\n\t<meta name=\"twitter:data2\" content=\"K\u00e9szleten\" \/>\n<script type=\"application\/ld+json\" class=\"yoast-schema-graph\">{\"@context\":\"https:\/\/schema.org\",\"@graph\":[{\"@type\":[\"WebPage\",\"ItemPage\"],\"@id\":\"https:\/\/hurghadalovers.com\/hu\/tours\/magan-gyorshajo-berles-az-orange-obol-szigetre-hurghadarol\/\",\"url\":\"https:\/\/hurghadalovers.com\/hu\/tours\/magan-gyorshajo-berles-az-orange-obol-szigetre-hurghadarol\/\",\"name\":\"Priv\u00e1t motorcs\u00f3nak b\u00e9rl\u00e9s Orange Bay sziget\u00e9re Hurghad\u00e1b\u00f3l\",\"isPartOf\":{\"@id\":\"https:\/\/hurghadalovers.com\/hu\/#website\"},\"primaryImageOfPage\":{\"@id\":\"https:\/\/hurghadalovers.com\/hu\/tours\/magan-gyorshajo-berles-az-orange-obol-szigetre-hurghadarol\/#primaryimage\"},\"image\":{\"@id\":\"https:\/\/hurghadalovers.com\/hu\/tours\/magan-gyorshajo-berles-az-orange-obol-szigetre-hurghadarol\/#primaryimage\"},\"thumbnailUrl\":\"https:\/\/hurghadalovers.com\/wp-content\/uploads\/2023\/08\/Speed-boat-Hurghada-Trips-all-inclusive.jpeg\",\"datePublished\":\"2023-08-15T13:20:48+00:00\",\"dateModified\":\"2026-02-09T23:53:06+00:00\",\"description\":\"Priv\u00e1t motorcs\u00f3nak b\u00e9rl\u00e9s Orange Bay szigetre Hurghad\u00e1b\u00f3l, jegyekkel, snorkelinggel \u00e9s transzferrel | egyed\u00fcl\u00e1ll\u00f3 \u00e9lm\u00e9ny, t\u00f6bb mag\u00e1n\u00e9let \u00e9s luxus\",\"breadcrumb\":{\"@id\":\"https:\/\/hurghadalovers.com\/hu\/tours\/magan-gyorshajo-berles-az-orange-obol-szigetre-hurghadarol\/#breadcrumb\"},\"inLanguage\":\"hu\",\"potentialAction\":[{\"@type\":\"ReadAction\",\"target\":[\"https:\/\/hurghadalovers.com\/hu\/tours\/magan-gyorshajo-berles-az-orange-obol-szigetre-hurghadarol\/\"]}]},{\"@type\":\"ImageObject\",\"inLanguage\":\"hu\",\"@id\":\"https:\/\/hurghadalovers.com\/hu\/tours\/magan-gyorshajo-berles-az-orange-obol-szigetre-hurghadarol\/#primaryimage\",\"url\":\"https:\/\/hurghadalovers.com\/wp-content\/uploads\/2023\/08\/Speed-boat-Hurghada-Trips-all-inclusive.jpeg\",\"contentUrl\":\"https:\/\/hurghadalovers.com\/wp-content\/uploads\/2023\/08\/Speed-boat-Hurghada-Trips-all-inclusive.jpeg\",\"width\":1156,\"height\":867,\"caption\":\"Speed boat Hurghada Trips all inclusive\"},{\"@type\":\"BreadcrumbList\",\"@id\":\"https:\/\/hurghadalovers.com\/hu\/tours\/magan-gyorshajo-berles-az-orange-obol-szigetre-hurghadarol\/#breadcrumb\",\"itemListElement\":[{\"@type\":\"ListItem\",\"position\":1,\"name\":\"Home\",\"item\":\"https:\/\/hurghadalovers.com\/hu\/\"},{\"@type\":\"ListItem\",\"position\":2,\"name\":\"Shop\",\"item\":\"https:\/\/hurghadalovers.com\/shop\/\"},{\"@type\":\"ListItem\",\"position\":3,\"name\":\"Priv\u00e1t motorcs\u00f3nak b\u00e9rl\u00e9s Orange Bay sziget\u00e9re Hurghad\u00e1b\u00f3l\"}]},{\"@type\":\"WebSite\",\"@id\":\"https:\/\/hurghadalovers.com\/hu\/#website\",\"url\":\"https:\/\/hurghadalovers.com\/hu\/\",\"name\":\"Hurghada Excursions & Day Trips | Booking Best Prices Tours\",\"description\":\"Hurghada Lovers - Best Tour Operator - Excursions &amp; Things to do for Family Day Trips with kids and Couples Romantic. Unique .Hidden gems\",\"publisher\":{\"@id\":\"https:\/\/hurghadalovers.com\/hu\/#organization\"},\"alternateName\":\"Hurghada Excursions\",\"potentialAction\":[{\"@type\":\"SearchAction\",\"target\":{\"@type\":\"EntryPoint\",\"urlTemplate\":\"https:\/\/hurghadalovers.com\/hu\/?s={search_term_string}\"},\"query-input\":{\"@type\":\"PropertyValueSpecification\",\"valueRequired\":true,\"valueName\":\"search_term_string\"}}],\"inLanguage\":\"hu\"},{\"@type\":[\"Organization\",\"Place\",\"TravelAgency\"],\"@id\":\"https:\/\/hurghadalovers.com\/hu\/#organization\",\"name\":\"Hurghada Excursions\",\"url\":\"https:\/\/hurghadalovers.com\/hu\/\",\"logo\":{\"@id\":\"https:\/\/hurghadalovers.com\/hu\/tours\/magan-gyorshajo-berles-az-orange-obol-szigetre-hurghadarol\/#local-main-organization-logo\"},\"image\":{\"@id\":\"https:\/\/hurghadalovers.com\/hu\/tours\/magan-gyorshajo-berles-az-orange-obol-szigetre-hurghadarol\/#local-main-organization-logo\"},\"sameAs\":[\"https:\/\/www.facebook.com\/Hurghadaloversegypt\"],\"address\":{\"@id\":\"https:\/\/hurghadalovers.com\/hu\/tours\/magan-gyorshajo-berles-az-orange-obol-szigetre-hurghadarol\/#local-main-place-address\"},\"telephone\":[\"00201112596434\"],\"contactPoint\":{\"@type\":\"ContactPoint\",\"telephone\":\"00201112596434\",\"email\":\"weyouface@gmail.com\"},\"openingHoursSpecification\":{\"@type\":\"OpeningHoursSpecification\",\"dayOfWeek\":[\"Monday\",\"Tuesday\",\"Wednesday\",\"Thursday\",\"Friday\",\"Saturday\",\"Sunday\"],\"opens\":\"00:00\",\"closes\":\"23:59\"},\"email\":\"weyouface@gmail.com\",\"areaServed\":\"Luxor, Hurghada, El Gouna, Aswan, Sharm El Sheikh, Giza, Alexandria, Marsa Alam, Quseir, Soma Bay, Sahl Hasheesh, Red Sea, Makadi Bay, Cairo\",\"priceRange\":\"$\",\"currenciesAccepted\":\"euro\",\"paymentAccepted\":\"cash on site\"},{\"@type\":\"PostalAddress\",\"@id\":\"https:\/\/hurghadalovers.com\/hu\/tours\/magan-gyorshajo-berles-az-orange-obol-szigetre-hurghadarol\/#local-main-place-address\",\"streetAddress\":\"17 Banks street, Alkawther area, top nbk bank\",\"addressLocality\":\"hurghada\",\"postalCode\":\"84511\",\"addressRegion\":\"red sea\",\"addressCountry\":\"EG\"},{\"@type\":\"ImageObject\",\"inLanguage\":\"hu\",\"@id\":\"https:\/\/hurghadalovers.com\/hu\/tours\/magan-gyorshajo-berles-az-orange-obol-szigetre-hurghadarol\/#local-main-organization-logo\",\"url\":\"https:\/\/hurghadalovers.com\/wp-content\/uploads\/2019\/10\/hurghada-excursions-logo.png\",\"contentUrl\":\"https:\/\/hurghadalovers.com\/wp-content\/uploads\/2019\/10\/hurghada-excursions-logo.png\",\"width\":272,\"height\":90,\"caption\":\"Hurghada Excursions\"}]}<\/script>\n<meta property=\"product:brand\" content=\"A Legjobb Hurghada t\u00far\u00e1k\" \/>\n<meta property=\"product:price:amount\" content=\"120\" \/>\n<meta property=\"product:price:currency\" content=\"EUR\" \/>\n<meta property=\"og:availability\" content=\"instock\" \/>\n<meta property=\"product:availability\" content=\"instock\" \/>\n<meta property=\"product:retailer_item_id\" content=\"Snorkeling052024\" \/>\n<meta property=\"product:condition\" content=\"new\" \/>\n<meta name=\"geo.placename\" content=\"hurghada\" \/>\n<meta name=\"geo.region\" content=\"Egyiptom\" \/>\n<!-- \/ Yoast SEO Premium plugin. -->","yoast_head_json":{"title":"Priv\u00e1t motorcs\u00f3nak b\u00e9rl\u00e9s Orange Bay sziget\u00e9re Hurghad\u00e1b\u00f3l","description":"Priv\u00e1t motorcs\u00f3nak b\u00e9rl\u00e9s Orange Bay szigetre Hurghad\u00e1b\u00f3l, jegyekkel, snorkelinggel \u00e9s transzferrel | egyed\u00fcl\u00e1ll\u00f3 \u00e9lm\u00e9ny, t\u00f6bb mag\u00e1n\u00e9let \u00e9s luxus","robots":{"index":"index","follow":"follow","max-snippet":"max-snippet:-1","max-image-preview":"max-image-preview:large","max-video-preview":"max-video-preview:-1"},"canonical":"https:\/\/hurghadalovers.com\/hu\/tours\/magan-gyorshajo-berles-az-orange-obol-szigetre-hurghadarol\/","og_locale":"hu_HU","og_type":"article","og_title":"Priv\u00e1t motorcs\u00f3nak b\u00e9rl\u00e9s Orange Bay sziget\u00e9re Hurghad\u00e1b\u00f3l","og_description":"Priv\u00e1t motorcs\u00f3nak b\u00e9rl\u00e9s Orange Bay szigetre Hurghad\u00e1b\u00f3l, jegyekkel, snorkelinggel \u00e9s transzferrel | egyed\u00fcl\u00e1ll\u00f3 \u00e9lm\u00e9ny, t\u00f6bb mag\u00e1n\u00e9let \u00e9s luxus","og_url":"https:\/\/hurghadalovers.com\/hu\/tours\/magan-gyorshajo-berles-az-orange-obol-szigetre-hurghadarol\/","og_site_name":"Hurghada Excursions &amp; Day Trips | Booking Best Prices Tours","article_publisher":"https:\/\/www.facebook.com\/Hurghadaloversegypt","article_modified_time":"2026-02-09T23:53:06+00:00","og_image":[{"width":1156,"height":867,"url":"https:\/\/hurghadalovers.com\/wp-content\/uploads\/2023\/08\/Speed-boat-Hurghada-Trips-all-inclusive.jpeg","type":"image\/jpeg"}],"twitter_card":"summary_large_image","twitter_misc":{"\u00c1r":"&euro;&nbsp;120","El\u00e9rhet\u0151s\u00e9g":"K\u00e9szleten"},"schema":{"@context":"https:\/\/schema.org","@graph":[{"@type":["WebPage","ItemPage"],"@id":"https:\/\/hurghadalovers.com\/hu\/tours\/magan-gyorshajo-berles-az-orange-obol-szigetre-hurghadarol\/","url":"https:\/\/hurghadalovers.com\/hu\/tours\/magan-gyorshajo-berles-az-orange-obol-szigetre-hurghadarol\/","name":"Priv\u00e1t motorcs\u00f3nak b\u00e9rl\u00e9s Orange Bay sziget\u00e9re Hurghad\u00e1b\u00f3l","isPartOf":{"@id":"https:\/\/hurghadalovers.com\/hu\/#website"},"primaryImageOfPage":{"@id":"https:\/\/hurghadalovers.com\/hu\/tours\/magan-gyorshajo-berles-az-orange-obol-szigetre-hurghadarol\/#primaryimage"},"image":{"@id":"https:\/\/hurghadalovers.com\/hu\/tours\/magan-gyorshajo-berles-az-orange-obol-szigetre-hurghadarol\/#primaryimage"},"thumbnailUrl":"https:\/\/hurghadalovers.com\/wp-content\/uploads\/2023\/08\/Speed-boat-Hurghada-Trips-all-inclusive.jpeg","datePublished":"2023-08-15T13:20:48+00:00","dateModified":"2026-02-09T23:53:06+00:00","description":"Priv\u00e1t motorcs\u00f3nak b\u00e9rl\u00e9s Orange Bay szigetre Hurghad\u00e1b\u00f3l, jegyekkel, snorkelinggel \u00e9s transzferrel | egyed\u00fcl\u00e1ll\u00f3 \u00e9lm\u00e9ny, t\u00f6bb mag\u00e1n\u00e9let \u00e9s luxus","breadcrumb":{"@id":"https:\/\/hurghadalovers.com\/hu\/tours\/magan-gyorshajo-berles-az-orange-obol-szigetre-hurghadarol\/#breadcrumb"},"inLanguage":"hu","potentialAction":[{"@type":"ReadAction","target":["https:\/\/hurghadalovers.com\/hu\/tours\/magan-gyorshajo-berles-az-orange-obol-szigetre-hurghadarol\/"]}]},{"@type":"ImageObject","inLanguage":"hu","@id":"https:\/\/hurghadalovers.com\/hu\/tours\/magan-gyorshajo-berles-az-orange-obol-szigetre-hurghadarol\/#primaryimage","url":"https:\/\/hurghadalovers.com\/wp-content\/uploads\/2023\/08\/Speed-boat-Hurghada-Trips-all-inclusive.jpeg","contentUrl":"https:\/\/hurghadalovers.com\/wp-content\/uploads\/2023\/08\/Speed-boat-Hurghada-Trips-all-inclusive.jpeg","width":1156,"height":867,"caption":"Speed boat Hurghada Trips all inclusive"},{"@type":"BreadcrumbList","@id":"https:\/\/hurghadalovers.com\/hu\/tours\/magan-gyorshajo-berles-az-orange-obol-szigetre-hurghadarol\/#breadcrumb","itemListElement":[{"@type":"ListItem","position":1,"name":"Home","item":"https:\/\/hurghadalovers.com\/hu\/"},{"@type":"ListItem","position":2,"name":"Shop","item":"https:\/\/hurghadalovers.com\/shop\/"},{"@type":"ListItem","position":3,"name":"Priv\u00e1t motorcs\u00f3nak b\u00e9rl\u00e9s Orange Bay sziget\u00e9re Hurghad\u00e1b\u00f3l"}]},{"@type":"WebSite","@id":"https:\/\/hurghadalovers.com\/hu\/#website","url":"https:\/\/hurghadalovers.com\/hu\/","name":"Hurghada Excursions & Day Trips | Booking Best Prices Tours","description":"Hurghada Lovers - Best Tour Operator - Excursions &amp; Things to do for Family Day Trips with kids and Couples Romantic. Unique .Hidden gems","publisher":{"@id":"https:\/\/hurghadalovers.com\/hu\/#organization"},"alternateName":"Hurghada Excursions","potentialAction":[{"@type":"SearchAction","target":{"@type":"EntryPoint","urlTemplate":"https:\/\/hurghadalovers.com\/hu\/?s={search_term_string}"},"query-input":{"@type":"PropertyValueSpecification","valueRequired":true,"valueName":"search_term_string"}}],"inLanguage":"hu"},{"@type":["Organization","Place","TravelAgency"],"@id":"https:\/\/hurghadalovers.com\/hu\/#organization","name":"Hurghada Excursions","url":"https:\/\/hurghadalovers.com\/hu\/","logo":{"@id":"https:\/\/hurghadalovers.com\/hu\/tours\/magan-gyorshajo-berles-az-orange-obol-szigetre-hurghadarol\/#local-main-organization-logo"},"image":{"@id":"https:\/\/hurghadalovers.com\/hu\/tours\/magan-gyorshajo-berles-az-orange-obol-szigetre-hurghadarol\/#local-main-organization-logo"},"sameAs":["https:\/\/www.facebook.com\/Hurghadaloversegypt"],"address":{"@id":"https:\/\/hurghadalovers.com\/hu\/tours\/magan-gyorshajo-berles-az-orange-obol-szigetre-hurghadarol\/#local-main-place-address"},"telephone":["00201112596434"],"contactPoint":{"@type":"ContactPoint","telephone":"00201112596434","email":"weyouface@gmail.com"},"openingHoursSpecification":{"@type":"OpeningHoursSpecification","dayOfWeek":["Monday","Tuesday","Wednesday","Thursday","Friday","Saturday","Sunday"],"opens":"00:00","closes":"23:59"},"email":"weyouface@gmail.com","areaServed":"Luxor, Hurghada, El Gouna, Aswan, Sharm El Sheikh, Giza, Alexandria, Marsa Alam, Quseir, Soma Bay, Sahl Hasheesh, Red Sea, Makadi Bay, Cairo","priceRange":"$","currenciesAccepted":"euro","paymentAccepted":"cash on site"},{"@type":"PostalAddress","@id":"https:\/\/hurghadalovers.com\/hu\/tours\/magan-gyorshajo-berles-az-orange-obol-szigetre-hurghadarol\/#local-main-place-address","streetAddress":"17 Banks street, Alkawther area, top nbk bank","addressLocality":"hurghada","postalCode":"84511","addressRegion":"red sea","addressCountry":"EG"},{"@type":"ImageObject","inLanguage":"hu","@id":"https:\/\/hurghadalovers.com\/hu\/tours\/magan-gyorshajo-berles-az-orange-obol-szigetre-hurghadarol\/#local-main-organization-logo","url":"https:\/\/hurghadalovers.com\/wp-content\/uploads\/2019\/10\/hurghada-excursions-logo.png","contentUrl":"https:\/\/hurghadalovers.com\/wp-content\/uploads\/2019\/10\/hurghada-excursions-logo.png","width":272,"height":90,"caption":"Hurghada Excursions"}]},"product_brand":"A Legjobb Hurghada t\u00far\u00e1k","product_price_amount":"120","product_price_currency":"EUR","og_availability":"instock","product_availability":"instock","product_retailer_item_id":"Snorkeling052024","product_condition":"new","geo.placename":"hurghada","geo.region":"Egyiptom"},"_links":{"self":[{"href":"https:\/\/hurghadalovers.com\/hu\/wp-json\/wp\/v2\/product\/380630","targetHints":{"allow":["GET"]}}],"collection":[{"href":"https:\/\/hurghadalovers.com\/hu\/wp-json\/wp\/v2\/product"}],"about":[{"href":"https:\/\/hurghadalovers.com\/hu\/wp-json\/wp\/v2\/types\/product"}],"wp:featuredmedia":[{"embeddable":true,"href":"https:\/\/hurghadalovers.com\/hu\/wp-json\/wp\/v2\/media\/483932"}],"wp:attachment":[{"href":"https:\/\/hurghadalovers.com\/hu\/wp-json\/wp\/v2\/media?parent=380630"}],"wp:term":[{"taxonomy":"product_brand","embeddable":true,"href":"https:\/\/hurghadalovers.com\/hu\/wp-json\/wp\/v2\/product_brand?post=380630"},{"taxonomy":"product_cat","embeddable":true,"href":"https:\/\/hurghadalovers.com\/hu\/wp-json\/wp\/v2\/product_cat?post=380630"},{"taxonomy":"product_tag","embeddable":true,"href":"https:\/\/hurghadalovers.com\/hu\/wp-json\/wp\/v2\/product_tag?post=380630"}],"curies":[{"name":"wp","href":"https:\/\/api.w.org\/{rel}","templated":true}]}}