{"id":379567,"date":"2023-08-12T10:22:28","date_gmt":"2023-08-12T10:23:26","guid":{"rendered":"https:\/\/hurghadalovers.com\/shop\/nem-kategorizalt\/privat-egynapos-kirandulas-az-iszlam-kairoba-hurghadabol\/"},"modified":"2026-01-23T00:40:24","modified_gmt":"2026-01-23T00:40:24","slug":"privat-egynapos-utazas-iszlam-kairoba-hurghadarol","status":"publish","type":"product","link":"https:\/\/hurghadalovers.com\/hu\/tours\/privat-egynapos-utazas-iszlam-kairoba-hurghadarol\/","title":{"rendered":"Priv\u00e1t egynapos kir\u00e1ndul\u00e1s az iszl\u00e1m Kair\u00f3ba Hurghad\u00e1b\u00f3l"},"content":{"rendered":"<p><strong>Priv\u00e1t egynapos kir\u00e1ndul\u00e1s az iszl\u00e1m Kair\u00f3ba Hurghad\u00e1b\u00f3l<\/strong>, priv\u00e1t idegenvezet\u0151vel, jegyekkel \u00e9s eb\u00e9ddel.<\/p>\n<p>Egy k\u00fcl\u00f6nleges egynapos t\u00fara, amelynek sor\u00e1n megl\u00e1togathatja az iszl\u00e1m m\u0171eml\u00e9keket a r\u00e9gi Kair\u00f3ban, \u00e9s megismerheti az egyiptomi t\u00f6rt\u00e9nelmi \u00f6r\u00f6ks\u00e9g mecsetek \u00e9p\u00edt\u00e9s\u00e9nek titkait.<\/p>\n<p>&nbsp;<\/p>\n<p><strong>Kiemelt pontok:<\/strong><\/p>\n<ul>\n<li>Khan Al-Khalili<\/li>\n<li>Kair\u00f3i citadella &#8222;Saladin citadell\u00e1ja&#8221;<\/li>\n<li>Muhammad Ali mecsete.<\/li>\n<li>Hassz\u00e1n szult\u00e1n mecsete \u00e9s madrasza.<\/li>\n<li>Al Rifai mecset.<\/li>\n<li>Ibn Tulun mecset<\/li>\n<li>Bab Zuweila.<\/li>\n<li>Eb\u00e9d az \u00e9tteremben.<\/li>\n<\/ul>\n<p><strong>Priv\u00e1t egynapos kir\u00e1ndul\u00e1s az iszl\u00e1m Kair\u00f3ba Hurghad\u00e1b\u00f3l R\u00e9szletek:<\/strong><\/p>\n<ul>\n<li>T\u00fara el\u00e9rhet\u0151s\u00e9ge: Minden nap.<\/li>\n<li>T\u00fara t\u00edpusa: Szem\u00e9lyaut\u00f3val vagy kisbusszal.<\/li>\n<li>Felsz\u00e1ll\u00e1si id\u0151: 02:30-t\u00f3l kezd\u0151dik.<\/li>\n<li>K\u00e9rdez\u00e9s Hotel kap a reggeli t\u00e1ska veled Reggel.<\/li>\n<li>Kisz\u00e1ll\u00e1s ideje: 20:30.<\/li>\n<li>Kerekessz\u00e9kkel megk\u00f6zel\u00edthet\u0151.<\/li>\n<li>Id\u0151tartam: 22 \u00f3ra.<\/li>\n<\/ul>\n<p><strong>Foglaljon most \u00e9s fizessen k\u00e9s\u0151bb:<\/strong><\/p>\n<ul>\n<li>K\u00e9szp\u00e9nz a helysz\u00ednen az \u00fatmutat\u00f3hoz.<\/li>\n<li>Fizet\u00e9s egyiptomi font, $, \u20ac vagy \u00a3.<\/li>\n<\/ul>\n<p><strong>Lemond\u00e1si felt\u00e9telek:<\/strong><\/p>\n<ul>\n<li>\u00d6n lemondhatja ak\u00e1r 24 \u00f3r\u00e1val el\u0151re.<\/li>\n<li>Ha valaki a csal\u00e1db\u00f3l lemondja a reggeli, Fizessen 50% -ot a k\u00f6lts\u00e9gekb\u0151l.<\/li>\n<\/ul>\n<p><strong>Mit tartalmaz?<\/strong><\/p>\n<ul>\n<li>Transzfer a hurghadai sz\u00e1llod\u00e1kb\u00f3l &#8222;Hotel pick up and drop off&#8221;.<\/li>\n<li>Minden ad\u00f3, bel\u00e9p\u0151 \u00e9s kezel\u00e9si k\u00f6lts\u00e9g.<\/li>\n<li>Transzferek.<\/li>\n<li>Idegenvezet\u0151.<\/li>\n<li>Italok.<\/li>\n<li>Eb\u00e9d az \u00e9tteremben.<\/li>\n<\/ul>\n<p><strong>Kiz\u00e1r\u00e1sok?<\/strong><\/p>\n<ul>\n<li>Borraval\u00f3.<\/li>\n<li>Felucca kir\u00e1ndul\u00e1s &#8222;Cs\u00f3nak\u00e1z\u00e1s&#8221; 35 perc= 10$.<\/li>\n<li>B\u00e1rmilyen nem eml\u00edtett extr\u00e1k.<\/li>\n<\/ul>\n<p><strong>Priv\u00e1t egynapos kir\u00e1ndul\u00e1s az iszl\u00e1m Kair\u00f3ba Hurghad\u00e1b\u00f3l \u00c1rak:<\/strong><\/p>\n<ul>\n<li><strong>Feln\u0151tt \u00e1r = <\/strong><strong>150$<\/strong><strong> per f\u0151<\/strong>.<\/li>\n<li>Gyerekeknek &#8222;5-12\u2033= 50%.<\/li>\n<li>gyerekeknek &#8222;0-5\u2033= Ingyenes.<\/li>\n<\/ul>\n<p><strong>V\u00e9lem\u00e9nyek:<\/strong><\/p>\n<p>ellen\u0151rizze a Google T\u00e9rk\u00e9p V\u00e9lem\u00e9nyek a legjobb <a href=\"https:\/\/g.page\/r\/CUeYvkngP3wkEBM\/review\">utaz\u00e1sszervez\u0151 Hurghada<\/a> online <a href=\"https:\/\/hurghadalovers.com\/\">Hurghada<\/a> Egyiptomban.<\/p>\n<p>&nbsp;<\/p>\n<p><strong>Megjegyz\u00e9s:  <\/strong><\/p>\n<p>Mi is t\u00fara transzferrel a sz\u00e1llod\u00e1b\u00f3l El Goua, Soma bay, Makadi bay, Sahl Hasheesh, Safaga extra k\u00f6lts\u00e9ggel= 10$ per f\u0151.<\/p>\n<p>&nbsp;<\/p>\n<p><strong>Foglal\u00e1s:<\/strong><\/p>\n<p>K\u00fcldje el a sz\u00e1llod\u00e1t + szobasz\u00e1m + f\u00e9nyk\u00e9pes \u00fatlevelet a WhatsAppra: <strong>+201112596434<\/strong><\/p>\n<p>Ha ki Egyiptom Foglal\u00e1s most online, \u00e9s er\u0151s\u00edtse meg, amikor \u00e9rkez\u00e9s Hotel.<\/p>\n","protected":false},"excerpt":{"rendered":"<p>Priv\u00e1t egynapos kir\u00e1ndul\u00e1s az iszl\u00e1m Kair\u00f3ba Hurghad\u00e1b\u00f3l, priv\u00e1t idegenvezet\u0151vel, jegyekkel \u00e9s eb\u00e9ddel. Egy k\u00fcl\u00f6nleges egynapos t\u00fara az iszl\u00e1m m\u0171eml\u00e9kek megl\u00e1togat\u00e1s\u00e1ra Kair\u00f3 \u00f3v\u00e1ros\u00e1ban&#8230;<\/p>\n","protected":false},"featured_media":379540,"template":"","meta":{"_joinchat":[]},"product_brand":[],"product_cat":[49871],"product_tag":[51417,60595,59730,59791,59734,60611,59809,59747,51425,59797,59803],"class_list":{"0":"post-379567","1":"product","2":"type-product","3":"status-publish","4":"has-post-thumbnail","6":"product_cat-turak","7":"product_tag-egyiptom-privat-turak","8":"product_tag-egynapos-kirandulasok-hurghadabol-hu","9":"product_tag-hurghada-a-piramisokhoz-egynapos-kirandulas","10":"product_tag-hurghada-es-a-piramisok-kozott","11":"product_tag-hurghada-kirandulasok","12":"product_tag-hurghada-olcso-kirandulasok-csaladok-szamara","13":"product_tag-hurghada-utazas-kairoba","14":"product_tag-hurghada-varosaban-tennivalok","15":"product_tag-kairo-privat-turak","16":"product_tag-kairoi-kirandulas-hurghada-felol","17":"product_tag-piramisok-hurghada-felol","18":"tour_category-hurghada-excursions-hu-egypt-tours-hu","19":"tour_category-hurghada-to-cairo-trips-hu","21":"first","22":"instock","23":"sale","24":"shipping-taxable","25":"purchasable","26":"product-type-tour"},"yoast_head":"<!-- This site is optimized with the Yoast SEO Premium plugin v26.9 (Yoast SEO v27.2) - https:\/\/yoast.com\/product\/yoast-seo-premium-wordpress\/ -->\n<title>Priv\u00e1t egynapos kir\u00e1ndul\u00e1s az iszl\u00e1m Kair\u00f3ba Hurghad\u00e1b\u00f3l priv\u00e1t idegenvezet\u0151vel<\/title>\n<meta name=\"description\" content=\"Priv\u00e1t egynapos kir\u00e1ndul\u00e1s az iszl\u00e1m Kair\u00f3ba Hurghad\u00e1b\u00f3l, priv\u00e1t idegenvezet\u0151vel, jegyekkel \u00e9s eb\u00e9ddel. Egy k\u00fcl\u00f6nleges egynapos t\u00fara az iszl\u00e1m m\u0171eml\u00e9kek megl\u00e1togat\u00e1s\u00e1ra Kair\u00f3 \u00f3v\u00e1ros\u00e1ban...\" \/>\n<meta name=\"robots\" content=\"index, follow, max-snippet:-1, max-image-preview:large, max-video-preview:-1\" \/>\n<link rel=\"canonical\" href=\"https:\/\/hurghadalovers.com\/hu\/tours\/privat-egynapos-utazas-iszlam-kairoba-hurghadarol\/\" \/>\n<meta property=\"og:locale\" content=\"hu_HU\" \/>\n<meta property=\"og:type\" content=\"article\" \/>\n<meta property=\"og:title\" content=\"Priv\u00e1t egynapos kir\u00e1ndul\u00e1s az iszl\u00e1m Kair\u00f3ba Hurghad\u00e1b\u00f3l\" \/>\n<meta property=\"og:description\" content=\"Priv\u00e1t egynapos kir\u00e1ndul\u00e1s az iszl\u00e1m Kair\u00f3ba Hurghad\u00e1b\u00f3l, priv\u00e1t idegenvezet\u0151vel, jegyekkel \u00e9s eb\u00e9ddel. Egy k\u00fcl\u00f6nleges egynapos t\u00fara az iszl\u00e1m m\u0171eml\u00e9kek megl\u00e1togat\u00e1s\u00e1ra Kair\u00f3 \u00f3v\u00e1ros\u00e1ban...\" \/>\n<meta property=\"og:url\" content=\"https:\/\/hurghadalovers.com\/hu\/tours\/privat-egynapos-utazas-iszlam-kairoba-hurghadarol\/\" \/>\n<meta property=\"og:site_name\" content=\"Hurghada Excursions &amp; Day Trips | Booking Best Prices Tours\" \/>\n<meta property=\"article:publisher\" content=\"https:\/\/www.facebook.com\/Hurghadaloversegypt\" \/>\n<meta property=\"article:modified_time\" content=\"2026-01-23T00:40:24+00:00\" \/>\n<meta property=\"og:image\" content=\"https:\/\/hurghadalovers.com\/wp-content\/uploads\/2023\/08\/Private-Day-Trip-to-Islamic-Cairo-from-Hurghada.jpg\" \/>\n\t<meta property=\"og:image:width\" content=\"1555\" \/>\n\t<meta property=\"og:image:height\" content=\"892\" \/>\n\t<meta property=\"og:image:type\" content=\"image\/jpeg\" \/>\n<meta name=\"twitter:card\" content=\"summary_large_image\" \/>\n<meta name=\"twitter:label1\" content=\"\u00c1r\" \/>\n\t<meta name=\"twitter:data1\" content=\"&euro;&nbsp;200\" \/>\n\t<meta name=\"twitter:label2\" content=\"El\u00e9rhet\u0151s\u00e9g\" \/>\n\t<meta name=\"twitter:data2\" content=\"K\u00e9szleten\" \/>\n<script type=\"application\/ld+json\" class=\"yoast-schema-graph\">{\"@context\":\"https:\/\/schema.org\",\"@graph\":[{\"@type\":[\"WebPage\",\"ItemPage\"],\"@id\":\"https:\/\/hurghadalovers.com\/hu\/tours\/privat-egynapos-utazas-iszlam-kairoba-hurghadarol\/\",\"url\":\"https:\/\/hurghadalovers.com\/hu\/tours\/privat-egynapos-utazas-iszlam-kairoba-hurghadarol\/\",\"name\":\"Priv\u00e1t egynapos kir\u00e1ndul\u00e1s az iszl\u00e1m Kair\u00f3ba Hurghad\u00e1b\u00f3l priv\u00e1t idegenvezet\u0151vel\",\"isPartOf\":{\"@id\":\"https:\/\/hurghadalovers.com\/hu\/#website\"},\"primaryImageOfPage\":{\"@id\":\"https:\/\/hurghadalovers.com\/hu\/tours\/privat-egynapos-utazas-iszlam-kairoba-hurghadarol\/#primaryimage\"},\"image\":{\"@id\":\"https:\/\/hurghadalovers.com\/hu\/tours\/privat-egynapos-utazas-iszlam-kairoba-hurghadarol\/#primaryimage\"},\"thumbnailUrl\":\"https:\/\/hurghadalovers.com\/wp-content\/uploads\/2023\/08\/Private-Day-Trip-to-Islamic-Cairo-from-Hurghada.jpg\",\"datePublished\":\"2023-08-12T10:23:26+00:00\",\"dateModified\":\"2026-01-23T00:40:24+00:00\",\"description\":\"Priv\u00e1t egynapos kir\u00e1ndul\u00e1s az iszl\u00e1m Kair\u00f3ba Hurghad\u00e1b\u00f3l, priv\u00e1t idegenvezet\u0151vel, jegyekkel \u00e9s eb\u00e9ddel. Egy k\u00fcl\u00f6nleges egynapos t\u00fara az iszl\u00e1m m\u0171eml\u00e9kek megl\u00e1togat\u00e1s\u00e1ra Kair\u00f3 \u00f3v\u00e1ros\u00e1ban...\",\"breadcrumb\":{\"@id\":\"https:\/\/hurghadalovers.com\/hu\/tours\/privat-egynapos-utazas-iszlam-kairoba-hurghadarol\/#breadcrumb\"},\"inLanguage\":\"hu\",\"potentialAction\":[{\"@type\":\"ReadAction\",\"target\":[\"https:\/\/hurghadalovers.com\/hu\/tours\/privat-egynapos-utazas-iszlam-kairoba-hurghadarol\/\"]}]},{\"@type\":\"ImageObject\",\"inLanguage\":\"hu\",\"@id\":\"https:\/\/hurghadalovers.com\/hu\/tours\/privat-egynapos-utazas-iszlam-kairoba-hurghadarol\/#primaryimage\",\"url\":\"https:\/\/hurghadalovers.com\/wp-content\/uploads\/2023\/08\/Private-Day-Trip-to-Islamic-Cairo-from-Hurghada.jpg\",\"contentUrl\":\"https:\/\/hurghadalovers.com\/wp-content\/uploads\/2023\/08\/Private-Day-Trip-to-Islamic-Cairo-from-Hurghada.jpg\",\"width\":1555,\"height\":892,\"caption\":\"Priv\u00e1t egynapos kir\u00e1ndul\u00e1s az iszl\u00e1m Kair\u00f3ba Hurghad\u00e1b\u00f3l\"},{\"@type\":\"BreadcrumbList\",\"@id\":\"https:\/\/hurghadalovers.com\/hu\/tours\/privat-egynapos-utazas-iszlam-kairoba-hurghadarol\/#breadcrumb\",\"itemListElement\":[{\"@type\":\"ListItem\",\"position\":1,\"name\":\"Home\",\"item\":\"https:\/\/hurghadalovers.com\/hu\/\"},{\"@type\":\"ListItem\",\"position\":2,\"name\":\"Shop\",\"item\":\"https:\/\/hurghadalovers.com\/shop\/\"},{\"@type\":\"ListItem\",\"position\":3,\"name\":\"Priv\u00e1t egynapos kir\u00e1ndul\u00e1s az iszl\u00e1m Kair\u00f3ba Hurghad\u00e1b\u00f3l\"}]},{\"@type\":\"WebSite\",\"@id\":\"https:\/\/hurghadalovers.com\/hu\/#website\",\"url\":\"https:\/\/hurghadalovers.com\/hu\/\",\"name\":\"Hurghada Excursions & Day Trips | Booking Best Prices Tours\",\"description\":\"Hurghada Lovers - Best Tour Operator - Excursions &amp; Things to do for Family Day Trips with kids and Couples Romantic. Unique .Hidden gems\",\"publisher\":{\"@id\":\"https:\/\/hurghadalovers.com\/hu\/#organization\"},\"alternateName\":\"Hurghada Excursions\",\"potentialAction\":[{\"@type\":\"SearchAction\",\"target\":{\"@type\":\"EntryPoint\",\"urlTemplate\":\"https:\/\/hurghadalovers.com\/hu\/?s={search_term_string}\"},\"query-input\":{\"@type\":\"PropertyValueSpecification\",\"valueRequired\":true,\"valueName\":\"search_term_string\"}}],\"inLanguage\":\"hu\"},{\"@type\":[\"Organization\",\"Place\",\"TravelAgency\"],\"@id\":\"https:\/\/hurghadalovers.com\/hu\/#organization\",\"name\":\"Hurghada Excursions\",\"url\":\"https:\/\/hurghadalovers.com\/hu\/\",\"logo\":{\"@id\":\"https:\/\/hurghadalovers.com\/hu\/tours\/privat-egynapos-utazas-iszlam-kairoba-hurghadarol\/#local-main-organization-logo\"},\"image\":{\"@id\":\"https:\/\/hurghadalovers.com\/hu\/tours\/privat-egynapos-utazas-iszlam-kairoba-hurghadarol\/#local-main-organization-logo\"},\"sameAs\":[\"https:\/\/www.facebook.com\/Hurghadaloversegypt\"],\"address\":{\"@id\":\"https:\/\/hurghadalovers.com\/hu\/tours\/privat-egynapos-utazas-iszlam-kairoba-hurghadarol\/#local-main-place-address\"},\"telephone\":[\"00201112596434\"],\"contactPoint\":{\"@type\":\"ContactPoint\",\"telephone\":\"00201112596434\",\"email\":\"weyouface@gmail.com\"},\"openingHoursSpecification\":{\"@type\":\"OpeningHoursSpecification\",\"dayOfWeek\":[\"Monday\",\"Tuesday\",\"Wednesday\",\"Thursday\",\"Friday\",\"Saturday\",\"Sunday\"],\"opens\":\"00:00\",\"closes\":\"23:59\"},\"email\":\"weyouface@gmail.com\",\"areaServed\":\"Luxor, Hurghada, El Gouna, Aswan, Sharm El Sheikh, Giza, Alexandria, Marsa Alam, Quseir, Soma Bay, Sahl Hasheesh, Red Sea, Makadi Bay, Cairo\",\"priceRange\":\"$\",\"currenciesAccepted\":\"euro\",\"paymentAccepted\":\"cash on site\"},{\"@type\":\"PostalAddress\",\"@id\":\"https:\/\/hurghadalovers.com\/hu\/tours\/privat-egynapos-utazas-iszlam-kairoba-hurghadarol\/#local-main-place-address\",\"streetAddress\":\"17 Banks street, Alkawther area, top nbk bank\",\"addressLocality\":\"hurghada\",\"postalCode\":\"84511\",\"addressRegion\":\"red sea\",\"addressCountry\":\"EG\"},{\"@type\":\"ImageObject\",\"inLanguage\":\"hu\",\"@id\":\"https:\/\/hurghadalovers.com\/hu\/tours\/privat-egynapos-utazas-iszlam-kairoba-hurghadarol\/#local-main-organization-logo\",\"url\":\"https:\/\/hurghadalovers.com\/wp-content\/uploads\/2019\/10\/hurghada-excursions-logo.png\",\"contentUrl\":\"https:\/\/hurghadalovers.com\/wp-content\/uploads\/2019\/10\/hurghada-excursions-logo.png\",\"width\":272,\"height\":90,\"caption\":\"Hurghada Excursions\"}]}<\/script>\n<meta property=\"product:brand\" content=\"A Legjobb Hurghada t\u00far\u00e1k\" \/>\n<meta property=\"product:price:amount\" content=\"200\" \/>\n<meta property=\"product:price:currency\" content=\"EUR\" \/>\n<meta property=\"og:availability\" content=\"instock\" \/>\n<meta property=\"product:availability\" content=\"instock\" \/>\n<meta property=\"product:retailer_item_id\" content=\"Private442024\" \/>\n<meta property=\"product:condition\" content=\"new\" \/>\n<meta name=\"geo.placename\" content=\"hurghada\" \/>\n<meta name=\"geo.region\" content=\"Egyiptom\" \/>\n<!-- \/ Yoast SEO Premium plugin. -->","yoast_head_json":{"title":"Priv\u00e1t egynapos kir\u00e1ndul\u00e1s az iszl\u00e1m Kair\u00f3ba Hurghad\u00e1b\u00f3l priv\u00e1t idegenvezet\u0151vel","description":"Priv\u00e1t egynapos kir\u00e1ndul\u00e1s az iszl\u00e1m Kair\u00f3ba Hurghad\u00e1b\u00f3l, priv\u00e1t idegenvezet\u0151vel, jegyekkel \u00e9s eb\u00e9ddel. Egy k\u00fcl\u00f6nleges egynapos t\u00fara az iszl\u00e1m m\u0171eml\u00e9kek megl\u00e1togat\u00e1s\u00e1ra Kair\u00f3 \u00f3v\u00e1ros\u00e1ban...","robots":{"index":"index","follow":"follow","max-snippet":"max-snippet:-1","max-image-preview":"max-image-preview:large","max-video-preview":"max-video-preview:-1"},"canonical":"https:\/\/hurghadalovers.com\/hu\/tours\/privat-egynapos-utazas-iszlam-kairoba-hurghadarol\/","og_locale":"hu_HU","og_type":"article","og_title":"Priv\u00e1t egynapos kir\u00e1ndul\u00e1s az iszl\u00e1m Kair\u00f3ba Hurghad\u00e1b\u00f3l","og_description":"Priv\u00e1t egynapos kir\u00e1ndul\u00e1s az iszl\u00e1m Kair\u00f3ba Hurghad\u00e1b\u00f3l, priv\u00e1t idegenvezet\u0151vel, jegyekkel \u00e9s eb\u00e9ddel. Egy k\u00fcl\u00f6nleges egynapos t\u00fara az iszl\u00e1m m\u0171eml\u00e9kek megl\u00e1togat\u00e1s\u00e1ra Kair\u00f3 \u00f3v\u00e1ros\u00e1ban...","og_url":"https:\/\/hurghadalovers.com\/hu\/tours\/privat-egynapos-utazas-iszlam-kairoba-hurghadarol\/","og_site_name":"Hurghada Excursions &amp; Day Trips | Booking Best Prices Tours","article_publisher":"https:\/\/www.facebook.com\/Hurghadaloversegypt","article_modified_time":"2026-01-23T00:40:24+00:00","og_image":[{"width":1555,"height":892,"url":"https:\/\/hurghadalovers.com\/wp-content\/uploads\/2023\/08\/Private-Day-Trip-to-Islamic-Cairo-from-Hurghada.jpg","type":"image\/jpeg"}],"twitter_card":"summary_large_image","twitter_misc":{"\u00c1r":"&euro;&nbsp;200","El\u00e9rhet\u0151s\u00e9g":"K\u00e9szleten"},"schema":{"@context":"https:\/\/schema.org","@graph":[{"@type":["WebPage","ItemPage"],"@id":"https:\/\/hurghadalovers.com\/hu\/tours\/privat-egynapos-utazas-iszlam-kairoba-hurghadarol\/","url":"https:\/\/hurghadalovers.com\/hu\/tours\/privat-egynapos-utazas-iszlam-kairoba-hurghadarol\/","name":"Priv\u00e1t egynapos kir\u00e1ndul\u00e1s az iszl\u00e1m Kair\u00f3ba Hurghad\u00e1b\u00f3l priv\u00e1t idegenvezet\u0151vel","isPartOf":{"@id":"https:\/\/hurghadalovers.com\/hu\/#website"},"primaryImageOfPage":{"@id":"https:\/\/hurghadalovers.com\/hu\/tours\/privat-egynapos-utazas-iszlam-kairoba-hurghadarol\/#primaryimage"},"image":{"@id":"https:\/\/hurghadalovers.com\/hu\/tours\/privat-egynapos-utazas-iszlam-kairoba-hurghadarol\/#primaryimage"},"thumbnailUrl":"https:\/\/hurghadalovers.com\/wp-content\/uploads\/2023\/08\/Private-Day-Trip-to-Islamic-Cairo-from-Hurghada.jpg","datePublished":"2023-08-12T10:23:26+00:00","dateModified":"2026-01-23T00:40:24+00:00","description":"Priv\u00e1t egynapos kir\u00e1ndul\u00e1s az iszl\u00e1m Kair\u00f3ba Hurghad\u00e1b\u00f3l, priv\u00e1t idegenvezet\u0151vel, jegyekkel \u00e9s eb\u00e9ddel. Egy k\u00fcl\u00f6nleges egynapos t\u00fara az iszl\u00e1m m\u0171eml\u00e9kek megl\u00e1togat\u00e1s\u00e1ra Kair\u00f3 \u00f3v\u00e1ros\u00e1ban...","breadcrumb":{"@id":"https:\/\/hurghadalovers.com\/hu\/tours\/privat-egynapos-utazas-iszlam-kairoba-hurghadarol\/#breadcrumb"},"inLanguage":"hu","potentialAction":[{"@type":"ReadAction","target":["https:\/\/hurghadalovers.com\/hu\/tours\/privat-egynapos-utazas-iszlam-kairoba-hurghadarol\/"]}]},{"@type":"ImageObject","inLanguage":"hu","@id":"https:\/\/hurghadalovers.com\/hu\/tours\/privat-egynapos-utazas-iszlam-kairoba-hurghadarol\/#primaryimage","url":"https:\/\/hurghadalovers.com\/wp-content\/uploads\/2023\/08\/Private-Day-Trip-to-Islamic-Cairo-from-Hurghada.jpg","contentUrl":"https:\/\/hurghadalovers.com\/wp-content\/uploads\/2023\/08\/Private-Day-Trip-to-Islamic-Cairo-from-Hurghada.jpg","width":1555,"height":892,"caption":"Priv\u00e1t egynapos kir\u00e1ndul\u00e1s az iszl\u00e1m Kair\u00f3ba Hurghad\u00e1b\u00f3l"},{"@type":"BreadcrumbList","@id":"https:\/\/hurghadalovers.com\/hu\/tours\/privat-egynapos-utazas-iszlam-kairoba-hurghadarol\/#breadcrumb","itemListElement":[{"@type":"ListItem","position":1,"name":"Home","item":"https:\/\/hurghadalovers.com\/hu\/"},{"@type":"ListItem","position":2,"name":"Shop","item":"https:\/\/hurghadalovers.com\/shop\/"},{"@type":"ListItem","position":3,"name":"Priv\u00e1t egynapos kir\u00e1ndul\u00e1s az iszl\u00e1m Kair\u00f3ba Hurghad\u00e1b\u00f3l"}]},{"@type":"WebSite","@id":"https:\/\/hurghadalovers.com\/hu\/#website","url":"https:\/\/hurghadalovers.com\/hu\/","name":"Hurghada Excursions & Day Trips | Booking Best Prices Tours","description":"Hurghada Lovers - Best Tour Operator - Excursions &amp; Things to do for Family Day Trips with kids and Couples Romantic. Unique .Hidden gems","publisher":{"@id":"https:\/\/hurghadalovers.com\/hu\/#organization"},"alternateName":"Hurghada Excursions","potentialAction":[{"@type":"SearchAction","target":{"@type":"EntryPoint","urlTemplate":"https:\/\/hurghadalovers.com\/hu\/?s={search_term_string}"},"query-input":{"@type":"PropertyValueSpecification","valueRequired":true,"valueName":"search_term_string"}}],"inLanguage":"hu"},{"@type":["Organization","Place","TravelAgency"],"@id":"https:\/\/hurghadalovers.com\/hu\/#organization","name":"Hurghada Excursions","url":"https:\/\/hurghadalovers.com\/hu\/","logo":{"@id":"https:\/\/hurghadalovers.com\/hu\/tours\/privat-egynapos-utazas-iszlam-kairoba-hurghadarol\/#local-main-organization-logo"},"image":{"@id":"https:\/\/hurghadalovers.com\/hu\/tours\/privat-egynapos-utazas-iszlam-kairoba-hurghadarol\/#local-main-organization-logo"},"sameAs":["https:\/\/www.facebook.com\/Hurghadaloversegypt"],"address":{"@id":"https:\/\/hurghadalovers.com\/hu\/tours\/privat-egynapos-utazas-iszlam-kairoba-hurghadarol\/#local-main-place-address"},"telephone":["00201112596434"],"contactPoint":{"@type":"ContactPoint","telephone":"00201112596434","email":"weyouface@gmail.com"},"openingHoursSpecification":{"@type":"OpeningHoursSpecification","dayOfWeek":["Monday","Tuesday","Wednesday","Thursday","Friday","Saturday","Sunday"],"opens":"00:00","closes":"23:59"},"email":"weyouface@gmail.com","areaServed":"Luxor, Hurghada, El Gouna, Aswan, Sharm El Sheikh, Giza, Alexandria, Marsa Alam, Quseir, Soma Bay, Sahl Hasheesh, Red Sea, Makadi Bay, Cairo","priceRange":"$","currenciesAccepted":"euro","paymentAccepted":"cash on site"},{"@type":"PostalAddress","@id":"https:\/\/hurghadalovers.com\/hu\/tours\/privat-egynapos-utazas-iszlam-kairoba-hurghadarol\/#local-main-place-address","streetAddress":"17 Banks street, Alkawther area, top nbk bank","addressLocality":"hurghada","postalCode":"84511","addressRegion":"red sea","addressCountry":"EG"},{"@type":"ImageObject","inLanguage":"hu","@id":"https:\/\/hurghadalovers.com\/hu\/tours\/privat-egynapos-utazas-iszlam-kairoba-hurghadarol\/#local-main-organization-logo","url":"https:\/\/hurghadalovers.com\/wp-content\/uploads\/2019\/10\/hurghada-excursions-logo.png","contentUrl":"https:\/\/hurghadalovers.com\/wp-content\/uploads\/2019\/10\/hurghada-excursions-logo.png","width":272,"height":90,"caption":"Hurghada Excursions"}]},"product_brand":"A Legjobb Hurghada t\u00far\u00e1k","product_price_amount":"200","product_price_currency":"EUR","og_availability":"instock","product_availability":"instock","product_retailer_item_id":"Private442024","product_condition":"new","geo.placename":"hurghada","geo.region":"Egyiptom"},"_links":{"self":[{"href":"https:\/\/hurghadalovers.com\/hu\/wp-json\/wp\/v2\/product\/379567","targetHints":{"allow":["GET"]}}],"collection":[{"href":"https:\/\/hurghadalovers.com\/hu\/wp-json\/wp\/v2\/product"}],"about":[{"href":"https:\/\/hurghadalovers.com\/hu\/wp-json\/wp\/v2\/types\/product"}],"wp:featuredmedia":[{"embeddable":true,"href":"https:\/\/hurghadalovers.com\/hu\/wp-json\/wp\/v2\/media\/379540"}],"wp:attachment":[{"href":"https:\/\/hurghadalovers.com\/hu\/wp-json\/wp\/v2\/media?parent=379567"}],"wp:term":[{"taxonomy":"product_brand","embeddable":true,"href":"https:\/\/hurghadalovers.com\/hu\/wp-json\/wp\/v2\/product_brand?post=379567"},{"taxonomy":"product_cat","embeddable":true,"href":"https:\/\/hurghadalovers.com\/hu\/wp-json\/wp\/v2\/product_cat?post=379567"},{"taxonomy":"product_tag","embeddable":true,"href":"https:\/\/hurghadalovers.com\/hu\/wp-json\/wp\/v2\/product_tag?post=379567"}],"curies":[{"name":"wp","href":"https:\/\/api.w.org\/{rel}","templated":true}]}}