{"id":336798,"date":"2023-07-15T17:26:38","date_gmt":"2023-07-16T07:38:42","guid":{"rendered":"https:\/\/hurghadalovers.com\/shop\/nem-kategorizalt\/privat-motorcsonak-a-dolphin-house-ba-hurghadabol\/"},"modified":"2026-02-09T16:58:41","modified_gmt":"2026-02-09T16:58:41","slug":"privat-motorcsonak-delfin-hazba-hurghadarol","status":"publish","type":"product","link":"https:\/\/hurghadalovers.com\/hu\/tours\/privat-motorcsonak-delfin-hazba-hurghadarol\/","title":{"rendered":"Priv\u00e1t motorcs\u00f3nak a Dolphin House-ba Hurghad\u00e1b\u00f3l"},"content":{"rendered":"<p><strong>Priv\u00e1t motorcs\u00f3nak a Dolphin House-ba Hurghad\u00e1b\u00f3l<\/strong><\/p>\n<p>Foglal\u00e1s 4 \u00f3r\u00e1s delfinfigyel\u00e9s \u00e9s \u00fasz\u00e1s delfinekkel + 2 sznorkelez\u00e9s.<\/p>\n<h4><strong>Kiemelt pontok:<\/strong><\/h4>\n<ul>\n<li>Gyorshaj\u00f3.<\/li>\n<li>Priv\u00e1t transzfer.<\/li>\n<li>Snorkeling felszerel\u00e9s.<\/li>\n<li>V\u00edz, \u00fcd\u00edt\u0151italok.<\/li>\n<li>Spots Snorkeling House Reef.<\/li>\n<li>Delfinh\u00e1z \u00e9s \u00fasz\u00e1s delfinekkel.<\/li>\n<\/ul>\n<h4><strong>R\u00e9szletek:<\/strong><\/h4>\n<ul>\n<li>El\u00e9rhet\u0151s\u00e9g: Minden nap.<\/li>\n<li>Kerekessz\u00e9kkel megk\u00f6zel\u00edthet\u0151.<\/li>\n<li>Id\u0151tartam: 04 \u00f3ra<\/li>\n<li>Pick Up Time from Hurghada Hotels : 07:30-t\u00f3l vagy ahogy tetszik.<\/li>\n<li>Pick off Id\u0151pont Hurghada Hotel : 18:00 vagy ahogy tetszik.<\/li>\n<\/ul>\n<h3><strong>Foglaljon most \u00e9s fizessen k\u00e9s\u0151bb:<\/strong><\/h3>\n<p>K\u00e9szp\u00e9nz a helysz\u00ednen Tamer \u00farnak&#8221; vagy a sz\u00e1llod\u00e1ban t\u00f6rt\u00e9n\u0151 tal\u00e1lkoz\u00f3 id\u0151pontj\u00e1nak egyeztet\u00e9se&#8221;.<\/p>\n<p>Fizet\u00e9s egyiptomi fontban, doll\u00e1rban, eur\u00f3ban vagy angol fontban.<\/p>\n<p>&nbsp;<\/p>\n<h3><strong>Lemond\u00e1si felt\u00e9telek:<\/strong><\/h3>\n<p>\u00d6n lemondhatja ak\u00e1r 24 \u00f3r\u00e1val el\u0151re.<\/p>\n<p>&nbsp;<\/p>\n<h4><strong>\u00c1r tartalmazza &#8211; Mit tartalmaz a Private Speedboat to Dolphin House?<\/strong><\/h4>\n<ol>\n<li>Priv\u00e1t transzfer a hurghadai sz\u00e1llod\u00e1kb\u00f3l &#8222;Sz\u00e1llodai felszed\u00e9s \u00e9s lead\u00e1s&#8221;.<\/li>\n<li>Snorkel Guide.<\/li>\n<li>Minden ad\u00f3, bel\u00e9p\u0151 \u00e9s kezel\u00e9si k\u00f6lts\u00e9g.<\/li>\n<li>\u00c1sv\u00e1nyv\u00edz + k\u00f3la + tej + k\u00e1v\u00e9\/tea.<\/li>\n<li>  2 -3 Snorkeling helyek.<\/li>\n<li>Snorkeling felszerel\u00e9s &#8222;Maszkok, ment\u0151mell\u00e9nyek \u00e9s uszonyok&#8221;.<\/li>\n<\/ol>\n<h4><strong>Kiz\u00e1r\u00e1sok &#8211; Speed Boat Rentals from Hurghada Included?<\/strong><\/h4>\n<ul>\n<li>Borraval\u00f3 &#8222;idegenvezet\u0151i h\u00e1lap\u00e9nz&#8221;.<\/li>\n<li>Italok a Paradise Island \u00e9tteremben Island.<\/li>\n<li>\u00c9tel \u00e9s eb\u00e9d &#8221; hozz\u00e1adhat extra, ahogy tetszik&#8221;<\/li>\n<li>F\u00e9nyk\u00e9pez\u00e9s az utaz\u00e1s, vagy t\u00f6r\u00f6lheti F\u00e9nyk\u00e9pez\u00e9s ember utaz\u00e1s.<\/li>\n<li>K\u00edn\u00e1lunk Rent f\u00fcrd\u0151ruh\u00e1k \u00e9s f\u00fcrd\u0151ruh\u00e1k a n\u0151k, f\u00e9rfiak, gyerekek minden m\u00e9ret&#8221; 5$ per egy&#8221;.<\/li>\n<\/ul>\n<h3><strong>Priv\u00e1t motorcs\u00f3nak a Dolphin House-ba Hurghad\u00e1b\u00f3l \u00c1rak:<\/strong><\/h3>\n<p><strong>4hr = 200$<\/strong><\/p>\n<p>&nbsp;<\/p>\n","protected":false},"excerpt":{"rendered":"<p>Priv\u00e1t motorcs\u00f3nak a Dolphin House-ba Hurghad\u00e1b\u00f3l | Foglal\u00e1s 4 \u00f3ra Delfin megfigyel\u00e9s \u00e9s \u00fasz\u00e1s delfinekkel + 2 sznorkelez\u0151 hely transzferrel&#8230;<\/p>\n","protected":false},"featured_media":995802,"template":"","meta":{"_joinchat":[]},"product_brand":[],"product_cat":[49871],"product_tag":[],"class_list":{"0":"post-336798","1":"product","2":"type-product","3":"status-publish","4":"has-post-thumbnail","6":"product_cat-turak","7":"tour_category-hurghada-excursions-hu-egypt-tours-hu","8":"tour_category-hurghada-snorkeling-trips-hu","10":"first","11":"instock","12":"sale","13":"shipping-taxable","14":"purchasable","15":"product-type-tour"},"yoast_head":"<!-- This site is optimized with the Yoast SEO Premium plugin v26.9 (Yoast SEO v27.2) - https:\/\/yoast.com\/product\/yoast-seo-premium-wordpress\/ -->\n<title>Priv\u00e1t motorcs\u00f3nak a Dolphin House-ba Hurghad\u00e1b\u00f3l<\/title>\n<meta name=\"description\" content=\"Priv\u00e1t motorcs\u00f3nak a Dolphin House-ba Hurghad\u00e1b\u00f3l | Foglal\u00e1s 4 \u00f3ra Delfin megfigyel\u00e9s \u00e9s \u00fasz\u00e1s delfinekkel + 2 sznorkelez\u0151 hely transzferrel...\" \/>\n<meta name=\"robots\" content=\"index, follow, max-snippet:-1, max-image-preview:large, max-video-preview:-1\" \/>\n<link rel=\"canonical\" href=\"https:\/\/hurghadalovers.com\/hu\/tours\/privat-motorcsonak-delfin-hazba-hurghadarol\/\" \/>\n<meta property=\"og:locale\" content=\"hu_HU\" \/>\n<meta property=\"og:type\" content=\"article\" \/>\n<meta property=\"og:title\" content=\"Priv\u00e1t motorcs\u00f3nak a Dolphin House-ba Hurghad\u00e1b\u00f3l\" \/>\n<meta property=\"og:description\" content=\"Priv\u00e1t motorcs\u00f3nak a Dolphin House-ba Hurghad\u00e1b\u00f3l | Foglal\u00e1s 4 \u00f3ra Delfin megfigyel\u00e9s \u00e9s \u00fasz\u00e1s delfinekkel + 2 sznorkelez\u0151 hely transzferrel...\" \/>\n<meta property=\"og:url\" content=\"https:\/\/hurghadalovers.com\/hu\/tours\/privat-motorcsonak-delfin-hazba-hurghadarol\/\" \/>\n<meta property=\"og:site_name\" content=\"Hurghada Excursions &amp; Day Trips | Booking Best Prices Tours\" \/>\n<meta property=\"article:publisher\" content=\"https:\/\/www.facebook.com\/Hurghadaloversegypt\" \/>\n<meta property=\"article:modified_time\" content=\"2026-02-09T16:58:41+00:00\" \/>\n<meta property=\"og:image\" content=\"https:\/\/hurghadalovers.com\/wp-content\/uploads\/2023\/07\/Green-Turtles-Abu-Dabbab-Marsa-aLam.jpg\" \/>\n\t<meta property=\"og:image:width\" content=\"1111\" \/>\n\t<meta property=\"og:image:height\" content=\"940\" \/>\n\t<meta property=\"og:image:type\" content=\"image\/jpeg\" \/>\n<meta name=\"twitter:card\" content=\"summary_large_image\" \/>\n<meta name=\"twitter:label1\" content=\"\u00c1r\" \/>\n\t<meta name=\"twitter:data1\" content=\"&euro;&nbsp;80\" \/>\n\t<meta name=\"twitter:label2\" content=\"El\u00e9rhet\u0151s\u00e9g\" \/>\n\t<meta name=\"twitter:data2\" content=\"K\u00e9szleten\" \/>\n<script type=\"application\/ld+json\" class=\"yoast-schema-graph\">{\"@context\":\"https:\/\/schema.org\",\"@graph\":[{\"@type\":[\"WebPage\",\"ItemPage\"],\"@id\":\"https:\/\/hurghadalovers.com\/hu\/tours\/privat-motorcsonak-delfin-hazba-hurghadarol\/\",\"url\":\"https:\/\/hurghadalovers.com\/hu\/tours\/privat-motorcsonak-delfin-hazba-hurghadarol\/\",\"name\":\"Priv\u00e1t motorcs\u00f3nak a Dolphin House-ba Hurghad\u00e1b\u00f3l\",\"isPartOf\":{\"@id\":\"https:\/\/hurghadalovers.com\/hu\/#website\"},\"primaryImageOfPage\":{\"@id\":\"https:\/\/hurghadalovers.com\/hu\/tours\/privat-motorcsonak-delfin-hazba-hurghadarol\/#primaryimage\"},\"image\":{\"@id\":\"https:\/\/hurghadalovers.com\/hu\/tours\/privat-motorcsonak-delfin-hazba-hurghadarol\/#primaryimage\"},\"thumbnailUrl\":\"https:\/\/hurghadalovers.com\/wp-content\/uploads\/2023\/07\/Green-Turtles-Abu-Dabbab-Marsa-aLam.jpg\",\"datePublished\":\"2023-07-16T07:38:42+00:00\",\"dateModified\":\"2026-02-09T16:58:41+00:00\",\"description\":\"Priv\u00e1t motorcs\u00f3nak a Dolphin House-ba Hurghad\u00e1b\u00f3l | Foglal\u00e1s 4 \u00f3ra Delfin megfigyel\u00e9s \u00e9s \u00fasz\u00e1s delfinekkel + 2 sznorkelez\u0151 hely transzferrel...\",\"breadcrumb\":{\"@id\":\"https:\/\/hurghadalovers.com\/hu\/tours\/privat-motorcsonak-delfin-hazba-hurghadarol\/#breadcrumb\"},\"inLanguage\":\"hu\",\"potentialAction\":[{\"@type\":\"ReadAction\",\"target\":[\"https:\/\/hurghadalovers.com\/hu\/tours\/privat-motorcsonak-delfin-hazba-hurghadarol\/\"]}]},{\"@type\":\"ImageObject\",\"inLanguage\":\"hu\",\"@id\":\"https:\/\/hurghadalovers.com\/hu\/tours\/privat-motorcsonak-delfin-hazba-hurghadarol\/#primaryimage\",\"url\":\"https:\/\/hurghadalovers.com\/wp-content\/uploads\/2023\/07\/Green-Turtles-Abu-Dabbab-Marsa-aLam.jpg\",\"contentUrl\":\"https:\/\/hurghadalovers.com\/wp-content\/uploads\/2023\/07\/Green-Turtles-Abu-Dabbab-Marsa-aLam.jpg\",\"width\":1111,\"height\":940,\"caption\":\"Green Turtles Abu Dabbab Marsa aLam\"},{\"@type\":\"BreadcrumbList\",\"@id\":\"https:\/\/hurghadalovers.com\/hu\/tours\/privat-motorcsonak-delfin-hazba-hurghadarol\/#breadcrumb\",\"itemListElement\":[{\"@type\":\"ListItem\",\"position\":1,\"name\":\"Home\",\"item\":\"https:\/\/hurghadalovers.com\/hu\/\"},{\"@type\":\"ListItem\",\"position\":2,\"name\":\"Shop\",\"item\":\"https:\/\/hurghadalovers.com\/shop\/\"},{\"@type\":\"ListItem\",\"position\":3,\"name\":\"Priv\u00e1t motorcs\u00f3nak a Dolphin House-ba Hurghad\u00e1b\u00f3l\"}]},{\"@type\":\"WebSite\",\"@id\":\"https:\/\/hurghadalovers.com\/hu\/#website\",\"url\":\"https:\/\/hurghadalovers.com\/hu\/\",\"name\":\"Hurghada Excursions & Day Trips | Booking Best Prices Tours\",\"description\":\"Hurghada Lovers - Best Tour Operator - Excursions &amp; Things to do for Family Day Trips with kids and Couples Romantic. Unique .Hidden gems\",\"publisher\":{\"@id\":\"https:\/\/hurghadalovers.com\/hu\/#organization\"},\"alternateName\":\"Hurghada Excursions\",\"potentialAction\":[{\"@type\":\"SearchAction\",\"target\":{\"@type\":\"EntryPoint\",\"urlTemplate\":\"https:\/\/hurghadalovers.com\/hu\/?s={search_term_string}\"},\"query-input\":{\"@type\":\"PropertyValueSpecification\",\"valueRequired\":true,\"valueName\":\"search_term_string\"}}],\"inLanguage\":\"hu\"},{\"@type\":[\"Organization\",\"Place\",\"TravelAgency\"],\"@id\":\"https:\/\/hurghadalovers.com\/hu\/#organization\",\"name\":\"Hurghada Excursions\",\"url\":\"https:\/\/hurghadalovers.com\/hu\/\",\"logo\":{\"@id\":\"https:\/\/hurghadalovers.com\/hu\/tours\/privat-motorcsonak-delfin-hazba-hurghadarol\/#local-main-organization-logo\"},\"image\":{\"@id\":\"https:\/\/hurghadalovers.com\/hu\/tours\/privat-motorcsonak-delfin-hazba-hurghadarol\/#local-main-organization-logo\"},\"sameAs\":[\"https:\/\/www.facebook.com\/Hurghadaloversegypt\"],\"address\":{\"@id\":\"https:\/\/hurghadalovers.com\/hu\/tours\/privat-motorcsonak-delfin-hazba-hurghadarol\/#local-main-place-address\"},\"telephone\":[\"00201112596434\"],\"contactPoint\":{\"@type\":\"ContactPoint\",\"telephone\":\"00201112596434\",\"email\":\"weyouface@gmail.com\"},\"openingHoursSpecification\":{\"@type\":\"OpeningHoursSpecification\",\"dayOfWeek\":[\"Monday\",\"Tuesday\",\"Wednesday\",\"Thursday\",\"Friday\",\"Saturday\",\"Sunday\"],\"opens\":\"00:00\",\"closes\":\"23:59\"},\"email\":\"weyouface@gmail.com\",\"areaServed\":\"Luxor, Hurghada, El Gouna, Aswan, Sharm El Sheikh, Giza, Alexandria, Marsa Alam, Quseir, Soma Bay, Sahl Hasheesh, Red Sea, Makadi Bay, Cairo\",\"priceRange\":\"$\",\"currenciesAccepted\":\"euro\",\"paymentAccepted\":\"cash on site\"},{\"@type\":\"PostalAddress\",\"@id\":\"https:\/\/hurghadalovers.com\/hu\/tours\/privat-motorcsonak-delfin-hazba-hurghadarol\/#local-main-place-address\",\"streetAddress\":\"17 Banks street, Alkawther area, top nbk bank\",\"addressLocality\":\"hurghada\",\"postalCode\":\"84511\",\"addressRegion\":\"red sea\",\"addressCountry\":\"EG\"},{\"@type\":\"ImageObject\",\"inLanguage\":\"hu\",\"@id\":\"https:\/\/hurghadalovers.com\/hu\/tours\/privat-motorcsonak-delfin-hazba-hurghadarol\/#local-main-organization-logo\",\"url\":\"https:\/\/hurghadalovers.com\/wp-content\/uploads\/2019\/10\/hurghada-excursions-logo.png\",\"contentUrl\":\"https:\/\/hurghadalovers.com\/wp-content\/uploads\/2019\/10\/hurghada-excursions-logo.png\",\"width\":272,\"height\":90,\"caption\":\"Hurghada Excursions\"}]}<\/script>\n<meta property=\"product:brand\" content=\"A Legjobb Hurghada t\u00far\u00e1k\" \/>\n<meta property=\"product:price:amount\" content=\"80\" \/>\n<meta property=\"product:price:currency\" content=\"EUR\" \/>\n<meta property=\"og:availability\" content=\"instock\" \/>\n<meta property=\"product:availability\" content=\"instock\" \/>\n<meta property=\"product:retailer_item_id\" content=\"SpeedBoat9494\" \/>\n<meta property=\"product:condition\" content=\"new\" \/>\n<meta name=\"geo.placename\" content=\"hurghada\" \/>\n<meta name=\"geo.region\" content=\"Egyiptom\" \/>\n<!-- \/ Yoast SEO Premium plugin. -->","yoast_head_json":{"title":"Priv\u00e1t motorcs\u00f3nak a Dolphin House-ba Hurghad\u00e1b\u00f3l","description":"Priv\u00e1t motorcs\u00f3nak a Dolphin House-ba Hurghad\u00e1b\u00f3l | Foglal\u00e1s 4 \u00f3ra Delfin megfigyel\u00e9s \u00e9s \u00fasz\u00e1s delfinekkel + 2 sznorkelez\u0151 hely transzferrel...","robots":{"index":"index","follow":"follow","max-snippet":"max-snippet:-1","max-image-preview":"max-image-preview:large","max-video-preview":"max-video-preview:-1"},"canonical":"https:\/\/hurghadalovers.com\/hu\/tours\/privat-motorcsonak-delfin-hazba-hurghadarol\/","og_locale":"hu_HU","og_type":"article","og_title":"Priv\u00e1t motorcs\u00f3nak a Dolphin House-ba Hurghad\u00e1b\u00f3l","og_description":"Priv\u00e1t motorcs\u00f3nak a Dolphin House-ba Hurghad\u00e1b\u00f3l | Foglal\u00e1s 4 \u00f3ra Delfin megfigyel\u00e9s \u00e9s \u00fasz\u00e1s delfinekkel + 2 sznorkelez\u0151 hely transzferrel...","og_url":"https:\/\/hurghadalovers.com\/hu\/tours\/privat-motorcsonak-delfin-hazba-hurghadarol\/","og_site_name":"Hurghada Excursions &amp; Day Trips | Booking Best Prices Tours","article_publisher":"https:\/\/www.facebook.com\/Hurghadaloversegypt","article_modified_time":"2026-02-09T16:58:41+00:00","og_image":[{"width":1111,"height":940,"url":"https:\/\/hurghadalovers.com\/wp-content\/uploads\/2023\/07\/Green-Turtles-Abu-Dabbab-Marsa-aLam.jpg","type":"image\/jpeg"}],"twitter_card":"summary_large_image","twitter_misc":{"\u00c1r":"&euro;&nbsp;80","El\u00e9rhet\u0151s\u00e9g":"K\u00e9szleten"},"schema":{"@context":"https:\/\/schema.org","@graph":[{"@type":["WebPage","ItemPage"],"@id":"https:\/\/hurghadalovers.com\/hu\/tours\/privat-motorcsonak-delfin-hazba-hurghadarol\/","url":"https:\/\/hurghadalovers.com\/hu\/tours\/privat-motorcsonak-delfin-hazba-hurghadarol\/","name":"Priv\u00e1t motorcs\u00f3nak a Dolphin House-ba Hurghad\u00e1b\u00f3l","isPartOf":{"@id":"https:\/\/hurghadalovers.com\/hu\/#website"},"primaryImageOfPage":{"@id":"https:\/\/hurghadalovers.com\/hu\/tours\/privat-motorcsonak-delfin-hazba-hurghadarol\/#primaryimage"},"image":{"@id":"https:\/\/hurghadalovers.com\/hu\/tours\/privat-motorcsonak-delfin-hazba-hurghadarol\/#primaryimage"},"thumbnailUrl":"https:\/\/hurghadalovers.com\/wp-content\/uploads\/2023\/07\/Green-Turtles-Abu-Dabbab-Marsa-aLam.jpg","datePublished":"2023-07-16T07:38:42+00:00","dateModified":"2026-02-09T16:58:41+00:00","description":"Priv\u00e1t motorcs\u00f3nak a Dolphin House-ba Hurghad\u00e1b\u00f3l | Foglal\u00e1s 4 \u00f3ra Delfin megfigyel\u00e9s \u00e9s \u00fasz\u00e1s delfinekkel + 2 sznorkelez\u0151 hely transzferrel...","breadcrumb":{"@id":"https:\/\/hurghadalovers.com\/hu\/tours\/privat-motorcsonak-delfin-hazba-hurghadarol\/#breadcrumb"},"inLanguage":"hu","potentialAction":[{"@type":"ReadAction","target":["https:\/\/hurghadalovers.com\/hu\/tours\/privat-motorcsonak-delfin-hazba-hurghadarol\/"]}]},{"@type":"ImageObject","inLanguage":"hu","@id":"https:\/\/hurghadalovers.com\/hu\/tours\/privat-motorcsonak-delfin-hazba-hurghadarol\/#primaryimage","url":"https:\/\/hurghadalovers.com\/wp-content\/uploads\/2023\/07\/Green-Turtles-Abu-Dabbab-Marsa-aLam.jpg","contentUrl":"https:\/\/hurghadalovers.com\/wp-content\/uploads\/2023\/07\/Green-Turtles-Abu-Dabbab-Marsa-aLam.jpg","width":1111,"height":940,"caption":"Green Turtles Abu Dabbab Marsa aLam"},{"@type":"BreadcrumbList","@id":"https:\/\/hurghadalovers.com\/hu\/tours\/privat-motorcsonak-delfin-hazba-hurghadarol\/#breadcrumb","itemListElement":[{"@type":"ListItem","position":1,"name":"Home","item":"https:\/\/hurghadalovers.com\/hu\/"},{"@type":"ListItem","position":2,"name":"Shop","item":"https:\/\/hurghadalovers.com\/shop\/"},{"@type":"ListItem","position":3,"name":"Priv\u00e1t motorcs\u00f3nak a Dolphin House-ba Hurghad\u00e1b\u00f3l"}]},{"@type":"WebSite","@id":"https:\/\/hurghadalovers.com\/hu\/#website","url":"https:\/\/hurghadalovers.com\/hu\/","name":"Hurghada Excursions & Day Trips | Booking Best Prices Tours","description":"Hurghada Lovers - Best Tour Operator - Excursions &amp; Things to do for Family Day Trips with kids and Couples Romantic. Unique .Hidden gems","publisher":{"@id":"https:\/\/hurghadalovers.com\/hu\/#organization"},"alternateName":"Hurghada Excursions","potentialAction":[{"@type":"SearchAction","target":{"@type":"EntryPoint","urlTemplate":"https:\/\/hurghadalovers.com\/hu\/?s={search_term_string}"},"query-input":{"@type":"PropertyValueSpecification","valueRequired":true,"valueName":"search_term_string"}}],"inLanguage":"hu"},{"@type":["Organization","Place","TravelAgency"],"@id":"https:\/\/hurghadalovers.com\/hu\/#organization","name":"Hurghada Excursions","url":"https:\/\/hurghadalovers.com\/hu\/","logo":{"@id":"https:\/\/hurghadalovers.com\/hu\/tours\/privat-motorcsonak-delfin-hazba-hurghadarol\/#local-main-organization-logo"},"image":{"@id":"https:\/\/hurghadalovers.com\/hu\/tours\/privat-motorcsonak-delfin-hazba-hurghadarol\/#local-main-organization-logo"},"sameAs":["https:\/\/www.facebook.com\/Hurghadaloversegypt"],"address":{"@id":"https:\/\/hurghadalovers.com\/hu\/tours\/privat-motorcsonak-delfin-hazba-hurghadarol\/#local-main-place-address"},"telephone":["00201112596434"],"contactPoint":{"@type":"ContactPoint","telephone":"00201112596434","email":"weyouface@gmail.com"},"openingHoursSpecification":{"@type":"OpeningHoursSpecification","dayOfWeek":["Monday","Tuesday","Wednesday","Thursday","Friday","Saturday","Sunday"],"opens":"00:00","closes":"23:59"},"email":"weyouface@gmail.com","areaServed":"Luxor, Hurghada, El Gouna, Aswan, Sharm El Sheikh, Giza, Alexandria, Marsa Alam, Quseir, Soma Bay, Sahl Hasheesh, Red Sea, Makadi Bay, Cairo","priceRange":"$","currenciesAccepted":"euro","paymentAccepted":"cash on site"},{"@type":"PostalAddress","@id":"https:\/\/hurghadalovers.com\/hu\/tours\/privat-motorcsonak-delfin-hazba-hurghadarol\/#local-main-place-address","streetAddress":"17 Banks street, Alkawther area, top nbk bank","addressLocality":"hurghada","postalCode":"84511","addressRegion":"red sea","addressCountry":"EG"},{"@type":"ImageObject","inLanguage":"hu","@id":"https:\/\/hurghadalovers.com\/hu\/tours\/privat-motorcsonak-delfin-hazba-hurghadarol\/#local-main-organization-logo","url":"https:\/\/hurghadalovers.com\/wp-content\/uploads\/2019\/10\/hurghada-excursions-logo.png","contentUrl":"https:\/\/hurghadalovers.com\/wp-content\/uploads\/2019\/10\/hurghada-excursions-logo.png","width":272,"height":90,"caption":"Hurghada Excursions"}]},"product_brand":"A Legjobb Hurghada t\u00far\u00e1k","product_price_amount":"80","product_price_currency":"EUR","og_availability":"instock","product_availability":"instock","product_retailer_item_id":"SpeedBoat9494","product_condition":"new","geo.placename":"hurghada","geo.region":"Egyiptom"},"_links":{"self":[{"href":"https:\/\/hurghadalovers.com\/hu\/wp-json\/wp\/v2\/product\/336798","targetHints":{"allow":["GET"]}}],"collection":[{"href":"https:\/\/hurghadalovers.com\/hu\/wp-json\/wp\/v2\/product"}],"about":[{"href":"https:\/\/hurghadalovers.com\/hu\/wp-json\/wp\/v2\/types\/product"}],"wp:featuredmedia":[{"embeddable":true,"href":"https:\/\/hurghadalovers.com\/hu\/wp-json\/wp\/v2\/media\/995802"}],"wp:attachment":[{"href":"https:\/\/hurghadalovers.com\/hu\/wp-json\/wp\/v2\/media?parent=336798"}],"wp:term":[{"taxonomy":"product_brand","embeddable":true,"href":"https:\/\/hurghadalovers.com\/hu\/wp-json\/wp\/v2\/product_brand?post=336798"},{"taxonomy":"product_cat","embeddable":true,"href":"https:\/\/hurghadalovers.com\/hu\/wp-json\/wp\/v2\/product_cat?post=336798"},{"taxonomy":"product_tag","embeddable":true,"href":"https:\/\/hurghadalovers.com\/hu\/wp-json\/wp\/v2\/product_tag?post=336798"}],"curies":[{"name":"wp","href":"https:\/\/api.w.org\/{rel}","templated":true}]}}