{"id":397056,"date":"2023-09-04T18:26:08","date_gmt":"2023-09-04T18:26:08","guid":{"rendered":"https:\/\/hurghadalovers.com\/shop\/non class\u00e9\/excursion-privee-dune-journee-del-gouna-au-caire\/"},"modified":"2026-02-10T01:13:55","modified_gmt":"2026-02-10T01:13:55","slug":"excursion-dune-journee-privee-del-gouna-au-caire","status":"publish","type":"product","link":"https:\/\/hurghadalovers.com\/fr\/tours\/excursion-dune-journee-privee-del-gouna-au-caire\/","title":{"rendered":"Excursion priv\u00e9e d&rsquo;une journ\u00e9e d&rsquo;El Gouna au Caire"},"content":{"rendered":"<p><strong>Excursion priv\u00e9e d&rsquo;une journ\u00e9e d&rsquo;<\/strong><strong>El Gouna<\/strong> <strong>au Caire<\/strong> pour visiter les <strong>pyramides de Gizeh<\/strong>, le <strong>Sphinx<\/strong>, le <strong>mus\u00e9e \u00e9gyptien<\/strong> avec guide priv\u00e9, voiture Vip ou minivan et d\u00e9jeuner, billets. | La visite des attractions du Caire prend plus de temps.<\/p>\n<p style=\"text-align: center;\"><span style=\"color: #993300;\"><strong>D\u00e9couvrez les secrets de la civilisation pharaonique<\/strong><\/span><\/p>\n<p><strong>Faits marquants :<\/strong><\/p>\n<ol>\n<li>Visite des pyramides de Gizeh.<\/li>\n<li>Visite du Grand Sphinx.<\/li>\n<li>Mus\u00e9e \u00e9gyptien.<\/li>\n<li>Felucca priv\u00e9e de 30 minutes sur le Nil.<\/li>\n<li>D\u00e9jeuner au restaurant \u00ab\u00a0Vegetarians Food is available\u00a0\u00bb.<\/li>\n<\/ol>\n<p><strong>Excursion priv\u00e9e d&rsquo;une journ\u00e9e \u00e0 partir de <\/strong><strong>El Gouna<\/strong> <strong>au Caire D\u00e9tails :<\/strong><\/p>\n<ul>\n<li>Disponibilit\u00e9 des visites : Tous les jours.<\/li>\n<li>Type de visite : Priv\u00e9 en voiture ou en minibus.<\/li>\n<li>Heure de prise en charge : \u00e0 partir de 01:30 A.M.<\/li>\n<li>Demander \u00e0 l&rsquo;h\u00f4tel de recevoir votre sac de petit-d\u00e9jeuner le matin.<\/li>\n<li>Heure de prise en charge : 21:30.<\/li>\n<li>Accessible aux fauteuils roulants.<\/li>\n<li>Dur\u00e9e : 22 heures<\/li>\n<\/ul>\n<p><strong>R\u00e9servez maintenant et payez plus tard :<\/strong><\/p>\n<ul>\n<li>Paiement en esp\u00e8ces sur place pour le guide.<\/li>\n<li>Paiement en livres \u00e9gyptiennes, $, \u20ac ou \u00a3.<\/li>\n<\/ul>\n<p><strong>Politique d&rsquo;annulation :<\/strong><\/p>\n<ul>\n<li>vous annulez jusqu&rsquo;\u00e0 24 heures \u00e0 l&rsquo;avance.<\/li>\n<li>Si l&rsquo;un des membres de votre famille annule la matin\u00e9e, vous payez 50 % des frais.<\/li>\n<\/ul>\n<p><strong>Qu&rsquo;est-ce qui est inclus ?<\/strong><\/p>\n<ul>\n<li>Transfert depuis les h\u00f4tels d&rsquo;El Gouna \u00ab\u00a0Prise en charge et retour \u00e0 l&rsquo;h\u00f4tel\u00a0\u00bb.<\/li>\n<li>Toutes les taxes, les droits d&rsquo;entr\u00e9e et les frais de manutention.<\/li>\n<li>Transferts.<\/li>\n<li>Excursion en felouque \u00ab\u00a0Croisi\u00e8re en bateau\u00a0\u00bb Pendant 35 min.<\/li>\n<li>Guide touristique.<\/li>\n<li>Boissons.<\/li>\n<li>D\u00e9jeuner au restaurant.<\/li>\n<\/ul>\n<p><strong>Exclusions ?<\/strong><\/p>\n<ul>\n<li>Pourboires.<\/li>\n<li>Tous les extras non mentionn\u00e9s.<\/li>\n<\/ul>\n<p><strong>Les prix :<\/strong><\/p>\n<ul>\n<li><strong>Prix adulte = \u00e0 partir de 160$ par personne<\/strong>.<\/li>\n<li>Prix pour les enfants \u00ab\u00a05-12\u2033= 50%.<\/li>\n<li>pour les enfants \u00ab\u00a00-5\u2033= Gratuit.<\/li>\n<\/ul>\n<p>&nbsp;<\/p>\n<p><strong>Critiques :<\/strong><\/p>\n<p>consultez notre Google Map Reviews comme Meilleur <a href=\"https:\/\/g.page\/r\/CUeYvkngP3wkEBM\/review\">Tour Op\u00e9rateur \u00e0 Hurghada<\/a> en ligne \u00e0 <a href=\"https:\/\/hurghadalovers.com\/\">Hurghada<\/a> Egypte.<\/p>\n<p><strong>R\u00e9servation :<\/strong><\/p>\n<p>Envoyez l&rsquo;h\u00f4tel + le num\u00e9ro de la chambre + la photo du passeport \u00e0 WhatsApp : <strong>+201112596434<\/strong><\/p>\n<p>Si vous \u00eates en Egypte, r\u00e9servez d\u00e8s maintenant en ligne et confirmez votre arriv\u00e9e \u00e0 l&rsquo;h\u00f4tel.<\/p>\n<p>&nbsp;<\/p>\n<p>&nbsp;<\/p>\n","protected":false},"excerpt":{"rendered":"<p><strong>Excursion priv\u00e9e d&rsquo;une journ\u00e9e d&rsquo;<\/strong><strong>El Gouna<\/strong> <strong>au Caire<\/strong> pour visiter les <strong>pyramides de Gizeh<\/strong>, le <strong>Sphinx<\/strong>, le <strong>mus\u00e9e \u00e9gyptien<\/strong> avec guide priv\u00e9, voiture Vip ou minivan et d\u00e9jeuner, billets. | La visite des attractions du Caire prend plus de temps.<\/p>\n","protected":false},"featured_media":927928,"template":"","meta":{"_joinchat":[]},"product_brand":[],"product_cat":[29818],"product_tag":[52164],"class_list":{"0":"post-397056","1":"product","2":"type-product","3":"status-publish","4":"has-post-thumbnail","6":"product_cat-tour-fr","7":"product_tag-le-caire-visites-privees","8":"tour_category-le-caire-excursions-dune-journee-depuis-el-gouna","9":"tour_category-que-faire-a-el-gouna","11":"first","12":"instock","13":"sale","14":"shipping-taxable","15":"purchasable","16":"product-type-tour"},"yoast_head":"<!-- This site is optimized with the Yoast SEO Premium plugin v26.9 (Yoast SEO v27.2) - https:\/\/yoast.com\/product\/yoast-seo-premium-wordpress\/ -->\n<title>Excursion priv\u00e9e d&#039;une journ\u00e9e d&#039;El Gouna au Caire pour visiter les Pyramides de Gizeh<\/title>\n<meta name=\"description\" content=\"Excursion priv\u00e9e d&#039;une journ\u00e9e d&#039;El Gouna au Caire pour visiter les pyramides de Gizeh, le Sphinx, le mus\u00e9e \u00e9gyptien avec guide priv\u00e9, voiture Vip ou minivan et d\u00e9jeuner, billets.\" \/>\n<meta name=\"robots\" content=\"index, follow, max-snippet:-1, max-image-preview:large, max-video-preview:-1\" \/>\n<link rel=\"canonical\" href=\"https:\/\/hurghadalovers.com\/fr\/tours\/excursion-dune-journee-privee-del-gouna-au-caire\/\" \/>\n<meta property=\"og:locale\" content=\"fr_FR\" \/>\n<meta property=\"og:type\" content=\"article\" \/>\n<meta property=\"og:title\" content=\"Excursion priv\u00e9e d&#039;une journ\u00e9e d&#039;El Gouna au Caire\" \/>\n<meta property=\"og:description\" content=\"Excursion priv\u00e9e d&#039;une journ\u00e9e d&#039;El Gouna au Caire pour visiter les pyramides de Gizeh, le Sphinx, le mus\u00e9e \u00e9gyptien avec guide priv\u00e9, voiture Vip ou minivan et d\u00e9jeuner, billets.\" \/>\n<meta property=\"og:url\" content=\"https:\/\/hurghadalovers.com\/fr\/tours\/excursion-dune-journee-privee-del-gouna-au-caire\/\" \/>\n<meta property=\"og:site_name\" content=\"Hurghada Excursions &amp; Day Trips | Booking Best Prices Tours\" \/>\n<meta property=\"article:publisher\" content=\"https:\/\/www.facebook.com\/Hurghadaloversegypt\" \/>\n<meta property=\"article:modified_time\" content=\"2026-02-10T01:13:55+00:00\" \/>\n<meta property=\"og:image\" content=\"https:\/\/hurghadalovers.com\/wp-content\/uploads\/2024\/04\/Pyramids-Day-Trip-from-Hurghada-by-Luxury-Bus-Cairo-Tours-2025.jpeg\" \/>\n\t<meta property=\"og:image:width\" content=\"1200\" \/>\n\t<meta property=\"og:image:height\" content=\"1600\" \/>\n\t<meta property=\"og:image:type\" content=\"image\/jpeg\" \/>\n<meta name=\"twitter:card\" content=\"summary_large_image\" \/>\n<meta name=\"twitter:label1\" content=\"Prix\" \/>\n\t<meta name=\"twitter:data1\" content=\"&euro;&nbsp;105\" \/>\n\t<meta name=\"twitter:label2\" content=\"Disponibilit\u00e9\" \/>\n\t<meta name=\"twitter:data2\" content=\"En stock\" \/>\n<script type=\"application\/ld+json\" class=\"yoast-schema-graph\">{\"@context\":\"https:\/\/schema.org\",\"@graph\":[{\"@type\":[\"WebPage\",\"ItemPage\"],\"@id\":\"https:\/\/hurghadalovers.com\/fr\/tours\/excursion-dune-journee-privee-del-gouna-au-caire\/\",\"url\":\"https:\/\/hurghadalovers.com\/fr\/tours\/excursion-dune-journee-privee-del-gouna-au-caire\/\",\"name\":\"Excursion priv\u00e9e d'une journ\u00e9e d'El Gouna au Caire pour visiter les Pyramides de Gizeh\",\"isPartOf\":{\"@id\":\"https:\/\/hurghadalovers.com\/fr\/#website\"},\"primaryImageOfPage\":{\"@id\":\"https:\/\/hurghadalovers.com\/fr\/tours\/excursion-dune-journee-privee-del-gouna-au-caire\/#primaryimage\"},\"image\":{\"@id\":\"https:\/\/hurghadalovers.com\/fr\/tours\/excursion-dune-journee-privee-del-gouna-au-caire\/#primaryimage\"},\"thumbnailUrl\":\"https:\/\/hurghadalovers.com\/wp-content\/uploads\/2024\/04\/Pyramids-Day-Trip-from-Hurghada-by-Luxury-Bus-Cairo-Tours-2025.jpeg\",\"datePublished\":\"2023-09-04T18:26:08+00:00\",\"dateModified\":\"2026-02-10T01:13:55+00:00\",\"description\":\"Excursion priv\u00e9e d'une journ\u00e9e d'El Gouna au Caire pour visiter les pyramides de Gizeh, le Sphinx, le mus\u00e9e \u00e9gyptien avec guide priv\u00e9, voiture Vip ou minivan et d\u00e9jeuner, billets.\",\"breadcrumb\":{\"@id\":\"https:\/\/hurghadalovers.com\/fr\/tours\/excursion-dune-journee-privee-del-gouna-au-caire\/#breadcrumb\"},\"inLanguage\":\"fr-FR\",\"potentialAction\":[{\"@type\":\"ReadAction\",\"target\":[\"https:\/\/hurghadalovers.com\/fr\/tours\/excursion-dune-journee-privee-del-gouna-au-caire\/\"]}]},{\"@type\":\"ImageObject\",\"inLanguage\":\"fr-FR\",\"@id\":\"https:\/\/hurghadalovers.com\/fr\/tours\/excursion-dune-journee-privee-del-gouna-au-caire\/#primaryimage\",\"url\":\"https:\/\/hurghadalovers.com\/wp-content\/uploads\/2024\/04\/Pyramids-Day-Trip-from-Hurghada-by-Luxury-Bus-Cairo-Tours-2025.jpeg\",\"contentUrl\":\"https:\/\/hurghadalovers.com\/wp-content\/uploads\/2024\/04\/Pyramids-Day-Trip-from-Hurghada-by-Luxury-Bus-Cairo-Tours-2025.jpeg\",\"width\":1200,\"height\":1600,\"caption\":\"Pyramids Day Trip from Hurghada by Luxury Bus | Cairo Tours 2025\"},{\"@type\":\"BreadcrumbList\",\"@id\":\"https:\/\/hurghadalovers.com\/fr\/tours\/excursion-dune-journee-privee-del-gouna-au-caire\/#breadcrumb\",\"itemListElement\":[{\"@type\":\"ListItem\",\"position\":1,\"name\":\"Home\",\"item\":\"https:\/\/hurghadalovers.com\/fr\/\"},{\"@type\":\"ListItem\",\"position\":2,\"name\":\"Shop\",\"item\":\"https:\/\/hurghadalovers.com\/fr\/shop\/\"},{\"@type\":\"ListItem\",\"position\":3,\"name\":\"Excursion priv\u00e9e d&rsquo;une journ\u00e9e d&rsquo;El Gouna au Caire\"}]},{\"@type\":\"WebSite\",\"@id\":\"https:\/\/hurghadalovers.com\/fr\/#website\",\"url\":\"https:\/\/hurghadalovers.com\/fr\/\",\"name\":\"Hurghada Excursions & Day Trips | Booking Best Prices Tours\",\"description\":\"Hurghada Lovers - Best Tour Operator - Excursions &amp; Things to do for Family Day Trips with kids and Couples Romantic. Unique .Hidden gems\",\"publisher\":{\"@id\":\"https:\/\/hurghadalovers.com\/fr\/#organization\"},\"alternateName\":\"Hurghada Excursions\",\"potentialAction\":[{\"@type\":\"SearchAction\",\"target\":{\"@type\":\"EntryPoint\",\"urlTemplate\":\"https:\/\/hurghadalovers.com\/fr\/?s={search_term_string}\"},\"query-input\":{\"@type\":\"PropertyValueSpecification\",\"valueRequired\":true,\"valueName\":\"search_term_string\"}}],\"inLanguage\":\"fr-FR\"},{\"@type\":[\"Organization\",\"Place\",\"TravelAgency\"],\"@id\":\"https:\/\/hurghadalovers.com\/fr\/#organization\",\"name\":\"Hurghada Excursions\",\"url\":\"https:\/\/hurghadalovers.com\/fr\/\",\"logo\":{\"@id\":\"https:\/\/hurghadalovers.com\/fr\/tours\/excursion-dune-journee-privee-del-gouna-au-caire\/#local-main-organization-logo\"},\"image\":{\"@id\":\"https:\/\/hurghadalovers.com\/fr\/tours\/excursion-dune-journee-privee-del-gouna-au-caire\/#local-main-organization-logo\"},\"sameAs\":[\"https:\/\/www.facebook.com\/Hurghadaloversegypt\"],\"address\":{\"@id\":\"https:\/\/hurghadalovers.com\/fr\/tours\/excursion-dune-journee-privee-del-gouna-au-caire\/#local-main-place-address\"},\"telephone\":[\"00201112596434\"],\"contactPoint\":{\"@type\":\"ContactPoint\",\"telephone\":\"00201112596434\",\"email\":\"weyouface@gmail.com\"},\"openingHoursSpecification\":{\"@type\":\"OpeningHoursSpecification\",\"dayOfWeek\":[\"Monday\",\"Tuesday\",\"Wednesday\",\"Thursday\",\"Friday\",\"Saturday\",\"Sunday\"],\"opens\":\"00:00\",\"closes\":\"23:59\"},\"email\":\"weyouface@gmail.com\",\"areaServed\":\"Luxor, Hurghada, El Gouna, Aswan, Sharm El Sheikh, Giza, Alexandria, Marsa Alam, Quseir, Soma Bay, Sahl Hasheesh, Red Sea, Makadi Bay, Cairo\",\"priceRange\":\"$\",\"currenciesAccepted\":\"euro\",\"paymentAccepted\":\"cash on site\"},{\"@type\":\"PostalAddress\",\"@id\":\"https:\/\/hurghadalovers.com\/fr\/tours\/excursion-dune-journee-privee-del-gouna-au-caire\/#local-main-place-address\",\"streetAddress\":\"17 Banks street, Alkawther area, top nbk bank\",\"addressLocality\":\"hurghada\",\"postalCode\":\"84511\",\"addressRegion\":\"red sea\",\"addressCountry\":\"EG\"},{\"@type\":\"ImageObject\",\"inLanguage\":\"fr-FR\",\"@id\":\"https:\/\/hurghadalovers.com\/fr\/tours\/excursion-dune-journee-privee-del-gouna-au-caire\/#local-main-organization-logo\",\"url\":\"https:\/\/hurghadalovers.com\/wp-content\/uploads\/2019\/10\/hurghada-excursions-logo.png\",\"contentUrl\":\"https:\/\/hurghadalovers.com\/wp-content\/uploads\/2019\/10\/hurghada-excursions-logo.png\",\"width\":272,\"height\":90,\"caption\":\"Hurghada Excursions\"}]}<\/script>\n<meta property=\"product:brand\" content=\"Le Caire Excursions d&#039;une journ\u00e9e depuis EL Gouna\" \/>\n<meta property=\"product:price:amount\" content=\"105\" \/>\n<meta property=\"product:price:currency\" content=\"EUR\" \/>\n<meta property=\"og:availability\" content=\"instock\" \/>\n<meta property=\"product:availability\" content=\"instock\" \/>\n<meta property=\"product:retailer_item_id\" content=\"Gouna0192024\" \/>\n<meta property=\"product:condition\" content=\"new\" \/>\n<meta name=\"geo.placename\" content=\"hurghada\" \/>\n<meta name=\"geo.region\" content=\"\u00c9gypte\" \/>\n<!-- \/ Yoast SEO Premium plugin. -->","yoast_head_json":{"title":"Excursion priv\u00e9e d'une journ\u00e9e d'El Gouna au Caire pour visiter les Pyramides de Gizeh","description":"Excursion priv\u00e9e d'une journ\u00e9e d'El Gouna au Caire pour visiter les pyramides de Gizeh, le Sphinx, le mus\u00e9e \u00e9gyptien avec guide priv\u00e9, voiture Vip ou minivan et d\u00e9jeuner, billets.","robots":{"index":"index","follow":"follow","max-snippet":"max-snippet:-1","max-image-preview":"max-image-preview:large","max-video-preview":"max-video-preview:-1"},"canonical":"https:\/\/hurghadalovers.com\/fr\/tours\/excursion-dune-journee-privee-del-gouna-au-caire\/","og_locale":"fr_FR","og_type":"article","og_title":"Excursion priv\u00e9e d'une journ\u00e9e d'El Gouna au Caire","og_description":"Excursion priv\u00e9e d'une journ\u00e9e d'El Gouna au Caire pour visiter les pyramides de Gizeh, le Sphinx, le mus\u00e9e \u00e9gyptien avec guide priv\u00e9, voiture Vip ou minivan et d\u00e9jeuner, billets.","og_url":"https:\/\/hurghadalovers.com\/fr\/tours\/excursion-dune-journee-privee-del-gouna-au-caire\/","og_site_name":"Hurghada Excursions &amp; Day Trips | Booking Best Prices Tours","article_publisher":"https:\/\/www.facebook.com\/Hurghadaloversegypt","article_modified_time":"2026-02-10T01:13:55+00:00","og_image":[{"width":1200,"height":1600,"url":"https:\/\/hurghadalovers.com\/wp-content\/uploads\/2024\/04\/Pyramids-Day-Trip-from-Hurghada-by-Luxury-Bus-Cairo-Tours-2025.jpeg","type":"image\/jpeg"}],"twitter_card":"summary_large_image","twitter_misc":{"Prix":"&euro;&nbsp;105","Disponibilit\u00e9":"En stock"},"schema":{"@context":"https:\/\/schema.org","@graph":[{"@type":["WebPage","ItemPage"],"@id":"https:\/\/hurghadalovers.com\/fr\/tours\/excursion-dune-journee-privee-del-gouna-au-caire\/","url":"https:\/\/hurghadalovers.com\/fr\/tours\/excursion-dune-journee-privee-del-gouna-au-caire\/","name":"Excursion priv\u00e9e d'une journ\u00e9e d'El Gouna au Caire pour visiter les Pyramides de Gizeh","isPartOf":{"@id":"https:\/\/hurghadalovers.com\/fr\/#website"},"primaryImageOfPage":{"@id":"https:\/\/hurghadalovers.com\/fr\/tours\/excursion-dune-journee-privee-del-gouna-au-caire\/#primaryimage"},"image":{"@id":"https:\/\/hurghadalovers.com\/fr\/tours\/excursion-dune-journee-privee-del-gouna-au-caire\/#primaryimage"},"thumbnailUrl":"https:\/\/hurghadalovers.com\/wp-content\/uploads\/2024\/04\/Pyramids-Day-Trip-from-Hurghada-by-Luxury-Bus-Cairo-Tours-2025.jpeg","datePublished":"2023-09-04T18:26:08+00:00","dateModified":"2026-02-10T01:13:55+00:00","description":"Excursion priv\u00e9e d'une journ\u00e9e d'El Gouna au Caire pour visiter les pyramides de Gizeh, le Sphinx, le mus\u00e9e \u00e9gyptien avec guide priv\u00e9, voiture Vip ou minivan et d\u00e9jeuner, billets.","breadcrumb":{"@id":"https:\/\/hurghadalovers.com\/fr\/tours\/excursion-dune-journee-privee-del-gouna-au-caire\/#breadcrumb"},"inLanguage":"fr-FR","potentialAction":[{"@type":"ReadAction","target":["https:\/\/hurghadalovers.com\/fr\/tours\/excursion-dune-journee-privee-del-gouna-au-caire\/"]}]},{"@type":"ImageObject","inLanguage":"fr-FR","@id":"https:\/\/hurghadalovers.com\/fr\/tours\/excursion-dune-journee-privee-del-gouna-au-caire\/#primaryimage","url":"https:\/\/hurghadalovers.com\/wp-content\/uploads\/2024\/04\/Pyramids-Day-Trip-from-Hurghada-by-Luxury-Bus-Cairo-Tours-2025.jpeg","contentUrl":"https:\/\/hurghadalovers.com\/wp-content\/uploads\/2024\/04\/Pyramids-Day-Trip-from-Hurghada-by-Luxury-Bus-Cairo-Tours-2025.jpeg","width":1200,"height":1600,"caption":"Pyramids Day Trip from Hurghada by Luxury Bus | Cairo Tours 2025"},{"@type":"BreadcrumbList","@id":"https:\/\/hurghadalovers.com\/fr\/tours\/excursion-dune-journee-privee-del-gouna-au-caire\/#breadcrumb","itemListElement":[{"@type":"ListItem","position":1,"name":"Home","item":"https:\/\/hurghadalovers.com\/fr\/"},{"@type":"ListItem","position":2,"name":"Shop","item":"https:\/\/hurghadalovers.com\/fr\/shop\/"},{"@type":"ListItem","position":3,"name":"Excursion priv\u00e9e d&rsquo;une journ\u00e9e d&rsquo;El Gouna au Caire"}]},{"@type":"WebSite","@id":"https:\/\/hurghadalovers.com\/fr\/#website","url":"https:\/\/hurghadalovers.com\/fr\/","name":"Hurghada Excursions & Day Trips | Booking Best Prices Tours","description":"Hurghada Lovers - Best Tour Operator - Excursions &amp; Things to do for Family Day Trips with kids and Couples Romantic. Unique .Hidden gems","publisher":{"@id":"https:\/\/hurghadalovers.com\/fr\/#organization"},"alternateName":"Hurghada Excursions","potentialAction":[{"@type":"SearchAction","target":{"@type":"EntryPoint","urlTemplate":"https:\/\/hurghadalovers.com\/fr\/?s={search_term_string}"},"query-input":{"@type":"PropertyValueSpecification","valueRequired":true,"valueName":"search_term_string"}}],"inLanguage":"fr-FR"},{"@type":["Organization","Place","TravelAgency"],"@id":"https:\/\/hurghadalovers.com\/fr\/#organization","name":"Hurghada Excursions","url":"https:\/\/hurghadalovers.com\/fr\/","logo":{"@id":"https:\/\/hurghadalovers.com\/fr\/tours\/excursion-dune-journee-privee-del-gouna-au-caire\/#local-main-organization-logo"},"image":{"@id":"https:\/\/hurghadalovers.com\/fr\/tours\/excursion-dune-journee-privee-del-gouna-au-caire\/#local-main-organization-logo"},"sameAs":["https:\/\/www.facebook.com\/Hurghadaloversegypt"],"address":{"@id":"https:\/\/hurghadalovers.com\/fr\/tours\/excursion-dune-journee-privee-del-gouna-au-caire\/#local-main-place-address"},"telephone":["00201112596434"],"contactPoint":{"@type":"ContactPoint","telephone":"00201112596434","email":"weyouface@gmail.com"},"openingHoursSpecification":{"@type":"OpeningHoursSpecification","dayOfWeek":["Monday","Tuesday","Wednesday","Thursday","Friday","Saturday","Sunday"],"opens":"00:00","closes":"23:59"},"email":"weyouface@gmail.com","areaServed":"Luxor, Hurghada, El Gouna, Aswan, Sharm El Sheikh, Giza, Alexandria, Marsa Alam, Quseir, Soma Bay, Sahl Hasheesh, Red Sea, Makadi Bay, Cairo","priceRange":"$","currenciesAccepted":"euro","paymentAccepted":"cash on site"},{"@type":"PostalAddress","@id":"https:\/\/hurghadalovers.com\/fr\/tours\/excursion-dune-journee-privee-del-gouna-au-caire\/#local-main-place-address","streetAddress":"17 Banks street, Alkawther area, top nbk bank","addressLocality":"hurghada","postalCode":"84511","addressRegion":"red sea","addressCountry":"EG"},{"@type":"ImageObject","inLanguage":"fr-FR","@id":"https:\/\/hurghadalovers.com\/fr\/tours\/excursion-dune-journee-privee-del-gouna-au-caire\/#local-main-organization-logo","url":"https:\/\/hurghadalovers.com\/wp-content\/uploads\/2019\/10\/hurghada-excursions-logo.png","contentUrl":"https:\/\/hurghadalovers.com\/wp-content\/uploads\/2019\/10\/hurghada-excursions-logo.png","width":272,"height":90,"caption":"Hurghada Excursions"}]},"product_brand":"Le Caire Excursions d'une journ\u00e9e depuis EL Gouna","product_price_amount":"105","product_price_currency":"EUR","og_availability":"instock","product_availability":"instock","product_retailer_item_id":"Gouna0192024","product_condition":"new","geo.placename":"hurghada","geo.region":"\u00c9gypte"},"_links":{"self":[{"href":"https:\/\/hurghadalovers.com\/fr\/wp-json\/wp\/v2\/product\/397056","targetHints":{"allow":["GET"]}}],"collection":[{"href":"https:\/\/hurghadalovers.com\/fr\/wp-json\/wp\/v2\/product"}],"about":[{"href":"https:\/\/hurghadalovers.com\/fr\/wp-json\/wp\/v2\/types\/product"}],"wp:featuredmedia":[{"embeddable":true,"href":"https:\/\/hurghadalovers.com\/fr\/wp-json\/wp\/v2\/media\/927928"}],"wp:attachment":[{"href":"https:\/\/hurghadalovers.com\/fr\/wp-json\/wp\/v2\/media?parent=397056"}],"wp:term":[{"taxonomy":"product_brand","embeddable":true,"href":"https:\/\/hurghadalovers.com\/fr\/wp-json\/wp\/v2\/product_brand?post=397056"},{"taxonomy":"product_cat","embeddable":true,"href":"https:\/\/hurghadalovers.com\/fr\/wp-json\/wp\/v2\/product_cat?post=397056"},{"taxonomy":"product_tag","embeddable":true,"href":"https:\/\/hurghadalovers.com\/fr\/wp-json\/wp\/v2\/product_tag?post=397056"}],"curies":[{"name":"wp","href":"https:\/\/api.w.org\/{rel}","templated":true}]}}