{"id":396805,"date":"2023-09-04T17:55:49","date_gmt":"2023-09-04T17:55:49","guid":{"rendered":"https:\/\/hurghadalovers.com\/shop\/non%20class\u00e9\/excursion-en-bateau-de-plongee-sous-marine-a-el-gouna-pour-les-debutants\/"},"modified":"2026-02-07T15:17:43","modified_gmt":"2026-02-07T15:17:43","slug":"el-gouna-scuba-diving-boat-trip-for-beginners","status":"publish","type":"product","link":"https:\/\/hurghadalovers.com\/fr\/tours\/el-gouna-scuba-diving-boat-trip-for-beginners\/","title":{"rendered":"El Gouna Excursion de plong\u00e9e sous-marine"},"content":{"rendered":"<p><strong>El Gouna Excursion de plong\u00e9e sous-marine, Excursion en bateau de plong\u00e9e<\/strong> sous-marine \u00e0 <strong>El Gouna<\/strong> <strong>pour les d\u00e9butants<\/strong> avec d\u00e9jeuner, boissons, \u00e9quipement de plong\u00e9e et transfert.<\/p>\n<p style=\"text-align: center;\"><span style=\"color: #00ccff;\"><strong>Bateau de luxe | Instructeur de plong\u00e9e professionnel | Meilleurs sites et r\u00e9cifs de plong\u00e9e Mer Rouge.<\/strong><\/span><\/p>\n<p><strong>El Gouna Excursion de plong\u00e9e sous-marine Faits marquants :<\/strong><\/p>\n<ul>\n<li>2 arr\u00eats de plong\u00e9e sous-marine \u00ab\u00a015 minutes \u00e0 chaque arr\u00eat\u00a0\u00bb.<\/li>\n<\/ul>\n<p><strong>Plong\u00e9e en apn\u00e9e de luxe dans les dauphins de la mer Rouge en \u00c9gypte.<\/strong><\/p>\n<p>Nous vous promettons de profiter d&rsquo;un voyage de plong\u00e9e en apn\u00e9e pour voir les poissons color\u00e9s et les r\u00e9cifs coralliens rares trouv\u00e9s dans la mer Rouge en \u00c9gypte.<\/p>\n<p>Nous offrons le meilleur et pas cher voyage de plong\u00e9e en apn\u00e9e de luxe \u00e0 Hurghada pour commencer vos aventures sous-marines sur l&rsquo;\u00eele de Giftun, plonger et nager avec les dauphins, un impressionnant r\u00e9cif de corail au large d&rsquo;une \u00eele paradisiaque, l&rsquo;\u00eele Utopia, l&rsquo;\u00eele Mahmya, la plong\u00e9e avec tuba dans le parc national des \u00eeles Hamata et Sharm EL Naga Marsa Alam un plus avec nous.<\/p>\n<p><strong>El Gouna Excursion de plong\u00e9e sous-marine<\/strong><\/p>\n<p>Commencez votre exp\u00e9rience de plong\u00e9e en apn\u00e9e en bateau et observez les plus beaux r\u00e9cifs coralliens et les plus beaux poissons de la plage de Hurghada. La direction de l&rsquo;\u00eele fournit une \u00e9quipe professionnelle de plongeurs pour suivre les touristes pendant la visite et le voyage de plong\u00e9e en apn\u00e9e sous-marine. Sugg\u00e9rez \u00e9galement les meilleurs endroits o\u00f9 vous pouvez plonger pour assurer la s\u00e9curit\u00e9 de tous les visiteurs.<\/p>\n<p>La plong\u00e9e en apn\u00e9e peut \u00eatre pratiqu\u00e9e pour tous les \u00e2ges et tous les membres de la famille. Ne quittez pas cette merveilleuse exp\u00e9rience pour explorer la vie sous les eaux bleues de la mer Rouge.<\/p>\n<p>Les eaux de la mer Rouge se caract\u00e9risent par des temp\u00e9ratures mod\u00e9r\u00e9es tout au long de l&rsquo;ann\u00e9e avec la puret\u00e9 de l&rsquo;eau bleue. La mer Rouge contient plus de 1000 esp\u00e8ces de poissons rares aux couleurs naturelles charmantes, des coraux durs et mous et des terrasses aquatiques qui rendent la baignade dans l&rsquo;\u00eele unique et diff\u00e9rente des autres attractions touristiques.<\/p>\n<p>Tout en profitant de la baignade et de la plong\u00e9e en apn\u00e9e sur l&rsquo;\u00eele, vous pouvez voir les t\u00eates de corail allong\u00e9es sur le fond sablonneux des eaux peu profondes et les \u00e9toiles de mer, les mollusques nus \u00e0 c\u00f4t\u00e9 de vous sur la plage.<\/p>\n<p>Vous pouvez louer pour observer la vie sous-marine et profiter de l&rsquo;observation de r\u00e9cifs coralliens rares sans risquer d&rsquo;endommager les r\u00e9cifs coralliens et les beaux animaux.<\/p>\n<p>Snorkeling :<\/p>\n<ul>\n<li>Fournir les derni\u00e8res installations modernes pour profiter des belles vues de l&rsquo;\u00eele<\/li>\n<li>Fournir un coin salon tr\u00e8s distinctif et luxueux \u00e0 partir des composants naturels de l&rsquo;\u00eele pour profiter de la vie de la nature sous les palmiers.<\/li>\n<li>Fournir des bateaux de haute qualit\u00e9 et une s\u00e9curit\u00e9 pour tous les visiteurs et touristes, qui sont disponibles \u00e0 l&rsquo;int\u00e9rieur du bateau ou du bateau, une radio VHF et des gilets de sauvetage pour adultes et enfants en plus de fournir l&rsquo;\u00e9quipement de sauvetage et les trousses de premiers soins m\u00e9dicaux n\u00e9cessaires.<\/li>\n<\/ul>\n<p><strong>\u00a0<\/strong><\/p>\n<p><strong>M\u00e9t\u00e9o \u00e0 Hurghada :<\/strong><\/p>\n<p>Hurghada, l&rsquo;un des centres touristiques les plus populaires d&rsquo;\u00c9gypte, vous permet de passer de merveilleuses vacances.<\/p>\n<p>Le climat permet d&rsquo;effectuer divers types de loisirs.<\/p>\n<p>Bien s\u00fbr, n&rsquo;oubliez pas de vous d\u00e9tendre dans l&rsquo;un des plus beaux h\u00f4tels de plage de Hurghada<\/p>\n<p>Hurghada est une station baln\u00e9aire avec les plus belles plages d&rsquo;Egypte.<\/p>\n<p>Sable-soleil-mer aide \u00e0 une promenade nocturne calme, Hurghada Marina vous invite dans ses discoth\u00e8ques, caf\u00e9s, restaurants (vous devriez certainement profiter de la cuisine \u00e9gyptienne \u00e0 Hurghada) et de petites boutiques vous permettent de faire du shopping. C&rsquo;est tout Hurghada<\/p>\n<p>Selon le type d&rsquo;activit\u00e9 que vous pr\u00e9f\u00e9rez, les diff\u00e9rentes saisons du voyage sont toujours prises en compte.<\/p>\n<p><strong>\u00a0<\/strong><\/p>\n<p><strong>Quel \u00e9quipement est n\u00e9cessaire pour les excursions de snorkeling ?<\/strong><\/p>\n<p>Vous n&rsquo;avez pas besoin de votre propre \u00e9quipement de plong\u00e9e en apn\u00e9e en Egypte. Surtout les d\u00e9butants devraient d&rsquo;abord saisir l&rsquo;occasion d&rsquo;utiliser des costumes locaux.<\/p>\n<p>Si vous pr\u00e9f\u00e9rez votre propre \u00e9quipement, une combinaison de 5-7 mm convient au printemps et \u00e0 l&rsquo;automne, un gilet de glace suppl\u00e9mentaire est recommand\u00e9 pour les mois d&rsquo;hiver, et en \u00e9t\u00e9 \u00e0 haute temp\u00e9rature, une combinaison plut\u00f4t courte suffit g\u00e9n\u00e9ralement<\/p>\n<p>Sinon, il n&rsquo;est pas recommand\u00e9 d&#8217;emporter des bagages de snorkeling en \u00c9gypte en raison du volume important et du co\u00fbt \u00e9lev\u00e9 des exc\u00e9dents de bagages.<\/p>\n<p>Attention : si vous souhaitez emporter votre ordinateur de plong\u00e9e, il doit \u00eatre dans votre bagage \u00e0 main ! ne pas casser pendant le transport.<\/p>\n<p>La mer Rouge en Egypte est connue des plongeurs du monde entier comme l&rsquo;un des meilleurs endroits pour la plong\u00e9e et le snorkeling. Sa temp\u00e9rature de l&rsquo;eau agr\u00e9able et son eau cristalline avec son monde sous-marin color\u00e9, ses fascinants r\u00e9cifs coralliens (vous trouverez plus de 200 types de coraux diff\u00e9rents) inciteront tous ceux qui font de la plong\u00e9e avec tuba \u00e0 jeter un coup d&rsquo;\u0153il aux sp\u00e9cificit\u00e9s de la mer Rouge pour y participer. Un cours de plong\u00e9e en Egypte.<\/p>\n<p><strong>D\u00e9tails :<\/strong><\/p>\n<ul>\n<li>Disponibilit\u00e9 des visites : Tous les jours.<\/li>\n<li>Type de visite : Groupe ou priv\u00e9.<\/li>\n<li>Heure de prise en charge : \u00e0 partir de 07:30 A.M.<\/li>\n<li>Heure de prise en charge : 16h00.<\/li>\n<li>Accessible aux fauteuils roulants.<\/li>\n<li>Dur\u00e9e du voyage : 7 heures<\/li>\n<\/ul>\n<p><strong>R\u00e9servez maintenant et payez plus tard :<\/strong><\/p>\n<ul>\n<li>Paiement en esp\u00e8ces sur place pour le guide.<\/li>\n<li>Paiement en livres \u00e9gyptiennes, $, \u20ac ou \u00a3.<\/li>\n<\/ul>\n<p><strong>Politique d&rsquo;annulation :<\/strong><\/p>\n<ul>\n<li>vous annulez jusqu&rsquo;\u00e0 24 heures \u00e0 l&rsquo;avance.<\/li>\n<li>Si l&rsquo;un des membres de votre famille annule la matin\u00e9e, vous payez 50 % des frais.<\/li>\n<\/ul>\n<p><strong>Qu&rsquo;est-ce qui est inclus ?<\/strong><\/p>\n<ul>\n<li>Transfert depuis les h\u00f4tels d&rsquo;El Gouna \u00ab\u00a0Prise en charge et retour \u00e0 l&rsquo;h\u00f4tel\u00a0\u00bb.<\/li>\n<li>Toutes les taxes, les droits d&rsquo;entr\u00e9e et les frais de manutention.<\/li>\n<li>Eau min\u00e9rale + Cola.<\/li>\n<li>Instructeur de plong\u00e9e professionnel.<\/li>\n<li>Equipement de plong\u00e9e et de snorkeling \u00ab\u00a0Masques et palmes\u00a0\u00bb.<\/li>\n<li>D\u00e9jeuner buffet VIP sur le bateau.<\/li>\n<li>Gilets de sauvetage.<\/li>\n<\/ul>\n<p><strong>Exclusions ?<\/strong><\/p>\n<ul>\n<li>Pourboires.<\/li>\n<li>Photographie et photos pour le voyage.<\/li>\n<li>Nous proposons la location de maillots de bain pour femmes, hommes et enfants de toutes tailles \u00a0\u00bb 5$ par personne \u00ab\u00a0.<\/li>\n<li>Tous les extras non mentionn\u00e9s.<\/li>\n<\/ul>\n<p><strong>Les prix :<\/strong><\/p>\n<p><strong>Prix adulte = 50$ par personne<\/strong>.<\/p>\n<p><strong>Critiques :<\/strong><\/p>\n<p>consultez notre Google Map Reviews comme Meilleur <a href=\"https:\/\/g.page\/r\/CUeYvkngP3wkEBM\/review\">Tour Op\u00e9rateur \u00e0 Hurghada<\/a> en ligne \u00e0 <a href=\"https:\/\/hurghadalovers.com\/\">Hurghada<\/a> Egypte.<\/p>\n<p><strong>R\u00e9servation :<\/strong><\/p>\n<p>Envoyez l&rsquo;h\u00f4tel + le num\u00e9ro de la chambre + la photo du passeport \u00e0 WhatsApp : <strong>+201112596434<\/strong><\/p>\n<p>Si vous \u00eates en Egypte, r\u00e9servez d\u00e8s maintenant en ligne et confirmez votre arriv\u00e9e \u00e0 l&rsquo;h\u00f4tel.<\/p>\n<p>&nbsp;<\/p>\n<p>&nbsp;<\/p>\n","protected":false},"excerpt":{"rendered":"<p><strong>Excursion en bateau de plong\u00e9e<\/strong> sous-marine \u00e0 <strong>El Gouna<\/strong> <strong>pour les d\u00e9butants<\/strong> avec d\u00e9jeuner, boissons, \u00e9quipement de plong\u00e9e et transfert.<\/p>\n<p style=\"text-align: center;\"><span style=\"color: #00ccff;\"><strong>Bateau de luxe | Instructeur de plong\u00e9e professionnel | Meilleurs sites et r\u00e9cifs de plong\u00e9e Mer Rouge.<\/strong><\/span><\/p>\n<p>&nbsp;<\/p>\n","protected":false},"featured_media":931822,"template":"","meta":{"_joinchat":[]},"product_brand":[],"product_cat":[29818],"product_tag":[],"class_list":{"0":"post-396805","1":"product","2":"type-product","3":"status-publish","4":"has-post-thumbnail","6":"product_cat-tour-fr","7":"tour_category-plongee-sous-marine-a-el-gouna","8":"tour_category-que-faire-a-el-gouna","10":"first","11":"instock","12":"sale","13":"shipping-taxable","14":"purchasable","15":"product-type-tour"},"yoast_head":"<!-- This site is optimized with the Yoast SEO Premium plugin v26.9 (Yoast SEO v27.2) - https:\/\/yoast.com\/product\/yoast-seo-premium-wordpress\/ -->\n<title>El Gouna Excursion de plong\u00e9e sous-marine<\/title>\n<meta name=\"description\" content=\"El Gouna Excursion de plong\u00e9e sous-marine pour les d\u00e9butants avec d\u00e9jeuner, boissons, \u00e9quipement de plong\u00e9e et transfert. Bateau de luxe\" \/>\n<meta name=\"robots\" content=\"index, follow, max-snippet:-1, max-image-preview:large, max-video-preview:-1\" \/>\n<link rel=\"canonical\" href=\"https:\/\/hurghadalovers.com\/fr\/tours\/el-gouna-scuba-diving-boat-trip-for-beginners\/\" \/>\n<meta property=\"og:locale\" content=\"fr_FR\" \/>\n<meta property=\"og:type\" content=\"article\" \/>\n<meta property=\"og:title\" content=\"El Gouna Excursion de plong\u00e9e sous-marine\" \/>\n<meta property=\"og:description\" content=\"El Gouna Excursion de plong\u00e9e sous-marine pour les d\u00e9butants avec d\u00e9jeuner, boissons, \u00e9quipement de plong\u00e9e et transfert. Bateau de luxe\" \/>\n<meta property=\"og:url\" content=\"https:\/\/hurghadalovers.com\/fr\/tours\/el-gouna-scuba-diving-boat-trip-for-beginners\/\" \/>\n<meta property=\"og:site_name\" content=\"Hurghada Excursions &amp; Day Trips | Booking Best Prices Tours\" \/>\n<meta property=\"article:publisher\" content=\"https:\/\/www.facebook.com\/Hurghadaloversegypt\" \/>\n<meta property=\"article:modified_time\" content=\"2026-02-07T15:17:43+00:00\" \/>\n<meta property=\"og:image\" content=\"https:\/\/hurghadalovers.com\/wp-content\/uploads\/2023\/08\/Hurghada-Diving-Course-2026.jpeg\" \/>\n\t<meta property=\"og:image:width\" content=\"849\" \/>\n\t<meta property=\"og:image:height\" content=\"717\" \/>\n\t<meta property=\"og:image:type\" content=\"image\/jpeg\" \/>\n<meta name=\"twitter:card\" content=\"summary_large_image\" \/>\n<meta name=\"twitter:label1\" content=\"Prix\" \/>\n\t<meta name=\"twitter:data1\" content=\"&euro;&nbsp;55\" \/>\n\t<meta name=\"twitter:label2\" content=\"Disponibilit\u00e9\" \/>\n\t<meta name=\"twitter:data2\" content=\"En stock\" \/>\n<script type=\"application\/ld+json\" class=\"yoast-schema-graph\">{\"@context\":\"https:\/\/schema.org\",\"@graph\":[{\"@type\":[\"WebPage\",\"ItemPage\"],\"@id\":\"https:\/\/hurghadalovers.com\/fr\/tours\/el-gouna-scuba-diving-boat-trip-for-beginners\/\",\"url\":\"https:\/\/hurghadalovers.com\/fr\/tours\/el-gouna-scuba-diving-boat-trip-for-beginners\/\",\"name\":\"El Gouna Excursion de plong\u00e9e sous-marine\",\"isPartOf\":{\"@id\":\"https:\/\/hurghadalovers.com\/fr\/#website\"},\"primaryImageOfPage\":{\"@id\":\"https:\/\/hurghadalovers.com\/fr\/tours\/el-gouna-scuba-diving-boat-trip-for-beginners\/#primaryimage\"},\"image\":{\"@id\":\"https:\/\/hurghadalovers.com\/fr\/tours\/el-gouna-scuba-diving-boat-trip-for-beginners\/#primaryimage\"},\"thumbnailUrl\":\"https:\/\/hurghadalovers.com\/wp-content\/uploads\/2023\/08\/Hurghada-Diving-Course-2026.jpeg\",\"datePublished\":\"2023-09-04T17:55:49+00:00\",\"dateModified\":\"2026-02-07T15:17:43+00:00\",\"description\":\"El Gouna Excursion de plong\u00e9e sous-marine pour les d\u00e9butants avec d\u00e9jeuner, boissons, \u00e9quipement de plong\u00e9e et transfert. Bateau de luxe\",\"breadcrumb\":{\"@id\":\"https:\/\/hurghadalovers.com\/fr\/tours\/el-gouna-scuba-diving-boat-trip-for-beginners\/#breadcrumb\"},\"inLanguage\":\"fr-FR\",\"potentialAction\":[{\"@type\":\"ReadAction\",\"target\":[\"https:\/\/hurghadalovers.com\/fr\/tours\/el-gouna-scuba-diving-boat-trip-for-beginners\/\"]}]},{\"@type\":\"ImageObject\",\"inLanguage\":\"fr-FR\",\"@id\":\"https:\/\/hurghadalovers.com\/fr\/tours\/el-gouna-scuba-diving-boat-trip-for-beginners\/#primaryimage\",\"url\":\"https:\/\/hurghadalovers.com\/wp-content\/uploads\/2023\/08\/Hurghada-Diving-Course-2026.jpeg\",\"contentUrl\":\"https:\/\/hurghadalovers.com\/wp-content\/uploads\/2023\/08\/Hurghada-Diving-Course-2026.jpeg\",\"width\":849,\"height\":717,\"caption\":\"Hurghada Diving Course 2026\"},{\"@type\":\"BreadcrumbList\",\"@id\":\"https:\/\/hurghadalovers.com\/fr\/tours\/el-gouna-scuba-diving-boat-trip-for-beginners\/#breadcrumb\",\"itemListElement\":[{\"@type\":\"ListItem\",\"position\":1,\"name\":\"Home\",\"item\":\"https:\/\/hurghadalovers.com\/fr\/\"},{\"@type\":\"ListItem\",\"position\":2,\"name\":\"Shop\",\"item\":\"https:\/\/hurghadalovers.com\/fr\/shop\/\"},{\"@type\":\"ListItem\",\"position\":3,\"name\":\"El Gouna Excursion de plong\u00e9e sous-marine\"}]},{\"@type\":\"WebSite\",\"@id\":\"https:\/\/hurghadalovers.com\/fr\/#website\",\"url\":\"https:\/\/hurghadalovers.com\/fr\/\",\"name\":\"Hurghada Excursions & Day Trips | Booking Best Prices Tours\",\"description\":\"Hurghada Lovers - Best Tour Operator - Excursions &amp; Things to do for Family Day Trips with kids and Couples Romantic. Unique .Hidden gems\",\"publisher\":{\"@id\":\"https:\/\/hurghadalovers.com\/fr\/#organization\"},\"alternateName\":\"Hurghada Excursions\",\"potentialAction\":[{\"@type\":\"SearchAction\",\"target\":{\"@type\":\"EntryPoint\",\"urlTemplate\":\"https:\/\/hurghadalovers.com\/fr\/?s={search_term_string}\"},\"query-input\":{\"@type\":\"PropertyValueSpecification\",\"valueRequired\":true,\"valueName\":\"search_term_string\"}}],\"inLanguage\":\"fr-FR\"},{\"@type\":[\"Organization\",\"Place\",\"TravelAgency\"],\"@id\":\"https:\/\/hurghadalovers.com\/fr\/#organization\",\"name\":\"Hurghada Excursions\",\"url\":\"https:\/\/hurghadalovers.com\/fr\/\",\"logo\":{\"@id\":\"https:\/\/hurghadalovers.com\/fr\/tours\/el-gouna-scuba-diving-boat-trip-for-beginners\/#local-main-organization-logo\"},\"image\":{\"@id\":\"https:\/\/hurghadalovers.com\/fr\/tours\/el-gouna-scuba-diving-boat-trip-for-beginners\/#local-main-organization-logo\"},\"sameAs\":[\"https:\/\/www.facebook.com\/Hurghadaloversegypt\"],\"address\":{\"@id\":\"https:\/\/hurghadalovers.com\/fr\/tours\/el-gouna-scuba-diving-boat-trip-for-beginners\/#local-main-place-address\"},\"telephone\":[\"00201112596434\"],\"contactPoint\":{\"@type\":\"ContactPoint\",\"telephone\":\"00201112596434\",\"email\":\"weyouface@gmail.com\"},\"openingHoursSpecification\":{\"@type\":\"OpeningHoursSpecification\",\"dayOfWeek\":[\"Monday\",\"Tuesday\",\"Wednesday\",\"Thursday\",\"Friday\",\"Saturday\",\"Sunday\"],\"opens\":\"00:00\",\"closes\":\"23:59\"},\"email\":\"weyouface@gmail.com\",\"areaServed\":\"Luxor, Hurghada, El Gouna, Aswan, Sharm El Sheikh, Giza, Alexandria, Marsa Alam, Quseir, Soma Bay, Sahl Hasheesh, Red Sea, Makadi Bay, Cairo\",\"priceRange\":\"$\",\"currenciesAccepted\":\"euro\",\"paymentAccepted\":\"cash on site\"},{\"@type\":\"PostalAddress\",\"@id\":\"https:\/\/hurghadalovers.com\/fr\/tours\/el-gouna-scuba-diving-boat-trip-for-beginners\/#local-main-place-address\",\"streetAddress\":\"17 Banks street, Alkawther area, top nbk bank\",\"addressLocality\":\"hurghada\",\"postalCode\":\"84511\",\"addressRegion\":\"red sea\",\"addressCountry\":\"EG\"},{\"@type\":\"ImageObject\",\"inLanguage\":\"fr-FR\",\"@id\":\"https:\/\/hurghadalovers.com\/fr\/tours\/el-gouna-scuba-diving-boat-trip-for-beginners\/#local-main-organization-logo\",\"url\":\"https:\/\/hurghadalovers.com\/wp-content\/uploads\/2019\/10\/hurghada-excursions-logo.png\",\"contentUrl\":\"https:\/\/hurghadalovers.com\/wp-content\/uploads\/2019\/10\/hurghada-excursions-logo.png\",\"width\":272,\"height\":90,\"caption\":\"Hurghada Excursions\"}]}<\/script>\n<meta property=\"product:brand\" content=\"Plong\u00e9e sous-marine \u00e0 El Gouna\" \/>\n<meta property=\"product:price:amount\" content=\"55\" \/>\n<meta property=\"product:price:currency\" content=\"EUR\" \/>\n<meta property=\"og:availability\" content=\"instock\" \/>\n<meta property=\"product:availability\" content=\"instock\" \/>\n<meta property=\"product:retailer_item_id\" content=\"Gouna0102024\" \/>\n<meta property=\"product:condition\" content=\"new\" \/>\n<meta name=\"geo.placename\" content=\"hurghada\" \/>\n<meta name=\"geo.region\" content=\"\u00c9gypte\" \/>\n<!-- \/ Yoast SEO Premium plugin. -->","yoast_head_json":{"title":"El Gouna Excursion de plong\u00e9e sous-marine","description":"El Gouna Excursion de plong\u00e9e sous-marine pour les d\u00e9butants avec d\u00e9jeuner, boissons, \u00e9quipement de plong\u00e9e et transfert. Bateau de luxe","robots":{"index":"index","follow":"follow","max-snippet":"max-snippet:-1","max-image-preview":"max-image-preview:large","max-video-preview":"max-video-preview:-1"},"canonical":"https:\/\/hurghadalovers.com\/fr\/tours\/el-gouna-scuba-diving-boat-trip-for-beginners\/","og_locale":"fr_FR","og_type":"article","og_title":"El Gouna Excursion de plong\u00e9e sous-marine","og_description":"El Gouna Excursion de plong\u00e9e sous-marine pour les d\u00e9butants avec d\u00e9jeuner, boissons, \u00e9quipement de plong\u00e9e et transfert. Bateau de luxe","og_url":"https:\/\/hurghadalovers.com\/fr\/tours\/el-gouna-scuba-diving-boat-trip-for-beginners\/","og_site_name":"Hurghada Excursions &amp; Day Trips | Booking Best Prices Tours","article_publisher":"https:\/\/www.facebook.com\/Hurghadaloversegypt","article_modified_time":"2026-02-07T15:17:43+00:00","og_image":[{"width":849,"height":717,"url":"https:\/\/hurghadalovers.com\/wp-content\/uploads\/2023\/08\/Hurghada-Diving-Course-2026.jpeg","type":"image\/jpeg"}],"twitter_card":"summary_large_image","twitter_misc":{"Prix":"&euro;&nbsp;55","Disponibilit\u00e9":"En stock"},"schema":{"@context":"https:\/\/schema.org","@graph":[{"@type":["WebPage","ItemPage"],"@id":"https:\/\/hurghadalovers.com\/fr\/tours\/el-gouna-scuba-diving-boat-trip-for-beginners\/","url":"https:\/\/hurghadalovers.com\/fr\/tours\/el-gouna-scuba-diving-boat-trip-for-beginners\/","name":"El Gouna Excursion de plong\u00e9e sous-marine","isPartOf":{"@id":"https:\/\/hurghadalovers.com\/fr\/#website"},"primaryImageOfPage":{"@id":"https:\/\/hurghadalovers.com\/fr\/tours\/el-gouna-scuba-diving-boat-trip-for-beginners\/#primaryimage"},"image":{"@id":"https:\/\/hurghadalovers.com\/fr\/tours\/el-gouna-scuba-diving-boat-trip-for-beginners\/#primaryimage"},"thumbnailUrl":"https:\/\/hurghadalovers.com\/wp-content\/uploads\/2023\/08\/Hurghada-Diving-Course-2026.jpeg","datePublished":"2023-09-04T17:55:49+00:00","dateModified":"2026-02-07T15:17:43+00:00","description":"El Gouna Excursion de plong\u00e9e sous-marine pour les d\u00e9butants avec d\u00e9jeuner, boissons, \u00e9quipement de plong\u00e9e et transfert. Bateau de luxe","breadcrumb":{"@id":"https:\/\/hurghadalovers.com\/fr\/tours\/el-gouna-scuba-diving-boat-trip-for-beginners\/#breadcrumb"},"inLanguage":"fr-FR","potentialAction":[{"@type":"ReadAction","target":["https:\/\/hurghadalovers.com\/fr\/tours\/el-gouna-scuba-diving-boat-trip-for-beginners\/"]}]},{"@type":"ImageObject","inLanguage":"fr-FR","@id":"https:\/\/hurghadalovers.com\/fr\/tours\/el-gouna-scuba-diving-boat-trip-for-beginners\/#primaryimage","url":"https:\/\/hurghadalovers.com\/wp-content\/uploads\/2023\/08\/Hurghada-Diving-Course-2026.jpeg","contentUrl":"https:\/\/hurghadalovers.com\/wp-content\/uploads\/2023\/08\/Hurghada-Diving-Course-2026.jpeg","width":849,"height":717,"caption":"Hurghada Diving Course 2026"},{"@type":"BreadcrumbList","@id":"https:\/\/hurghadalovers.com\/fr\/tours\/el-gouna-scuba-diving-boat-trip-for-beginners\/#breadcrumb","itemListElement":[{"@type":"ListItem","position":1,"name":"Home","item":"https:\/\/hurghadalovers.com\/fr\/"},{"@type":"ListItem","position":2,"name":"Shop","item":"https:\/\/hurghadalovers.com\/fr\/shop\/"},{"@type":"ListItem","position":3,"name":"El Gouna Excursion de plong\u00e9e sous-marine"}]},{"@type":"WebSite","@id":"https:\/\/hurghadalovers.com\/fr\/#website","url":"https:\/\/hurghadalovers.com\/fr\/","name":"Hurghada Excursions & Day Trips | Booking Best Prices Tours","description":"Hurghada Lovers - Best Tour Operator - Excursions &amp; Things to do for Family Day Trips with kids and Couples Romantic. Unique .Hidden gems","publisher":{"@id":"https:\/\/hurghadalovers.com\/fr\/#organization"},"alternateName":"Hurghada Excursions","potentialAction":[{"@type":"SearchAction","target":{"@type":"EntryPoint","urlTemplate":"https:\/\/hurghadalovers.com\/fr\/?s={search_term_string}"},"query-input":{"@type":"PropertyValueSpecification","valueRequired":true,"valueName":"search_term_string"}}],"inLanguage":"fr-FR"},{"@type":["Organization","Place","TravelAgency"],"@id":"https:\/\/hurghadalovers.com\/fr\/#organization","name":"Hurghada Excursions","url":"https:\/\/hurghadalovers.com\/fr\/","logo":{"@id":"https:\/\/hurghadalovers.com\/fr\/tours\/el-gouna-scuba-diving-boat-trip-for-beginners\/#local-main-organization-logo"},"image":{"@id":"https:\/\/hurghadalovers.com\/fr\/tours\/el-gouna-scuba-diving-boat-trip-for-beginners\/#local-main-organization-logo"},"sameAs":["https:\/\/www.facebook.com\/Hurghadaloversegypt"],"address":{"@id":"https:\/\/hurghadalovers.com\/fr\/tours\/el-gouna-scuba-diving-boat-trip-for-beginners\/#local-main-place-address"},"telephone":["00201112596434"],"contactPoint":{"@type":"ContactPoint","telephone":"00201112596434","email":"weyouface@gmail.com"},"openingHoursSpecification":{"@type":"OpeningHoursSpecification","dayOfWeek":["Monday","Tuesday","Wednesday","Thursday","Friday","Saturday","Sunday"],"opens":"00:00","closes":"23:59"},"email":"weyouface@gmail.com","areaServed":"Luxor, Hurghada, El Gouna, Aswan, Sharm El Sheikh, Giza, Alexandria, Marsa Alam, Quseir, Soma Bay, Sahl Hasheesh, Red Sea, Makadi Bay, Cairo","priceRange":"$","currenciesAccepted":"euro","paymentAccepted":"cash on site"},{"@type":"PostalAddress","@id":"https:\/\/hurghadalovers.com\/fr\/tours\/el-gouna-scuba-diving-boat-trip-for-beginners\/#local-main-place-address","streetAddress":"17 Banks street, Alkawther area, top nbk bank","addressLocality":"hurghada","postalCode":"84511","addressRegion":"red sea","addressCountry":"EG"},{"@type":"ImageObject","inLanguage":"fr-FR","@id":"https:\/\/hurghadalovers.com\/fr\/tours\/el-gouna-scuba-diving-boat-trip-for-beginners\/#local-main-organization-logo","url":"https:\/\/hurghadalovers.com\/wp-content\/uploads\/2019\/10\/hurghada-excursions-logo.png","contentUrl":"https:\/\/hurghadalovers.com\/wp-content\/uploads\/2019\/10\/hurghada-excursions-logo.png","width":272,"height":90,"caption":"Hurghada Excursions"}]},"product_brand":"Plong\u00e9e sous-marine \u00e0 El Gouna","product_price_amount":"55","product_price_currency":"EUR","og_availability":"instock","product_availability":"instock","product_retailer_item_id":"Gouna0102024","product_condition":"new","geo.placename":"hurghada","geo.region":"\u00c9gypte"},"_links":{"self":[{"href":"https:\/\/hurghadalovers.com\/fr\/wp-json\/wp\/v2\/product\/396805","targetHints":{"allow":["GET"]}}],"collection":[{"href":"https:\/\/hurghadalovers.com\/fr\/wp-json\/wp\/v2\/product"}],"about":[{"href":"https:\/\/hurghadalovers.com\/fr\/wp-json\/wp\/v2\/types\/product"}],"wp:featuredmedia":[{"embeddable":true,"href":"https:\/\/hurghadalovers.com\/fr\/wp-json\/wp\/v2\/media\/931822"}],"wp:attachment":[{"href":"https:\/\/hurghadalovers.com\/fr\/wp-json\/wp\/v2\/media?parent=396805"}],"wp:term":[{"taxonomy":"product_brand","embeddable":true,"href":"https:\/\/hurghadalovers.com\/fr\/wp-json\/wp\/v2\/product_brand?post=396805"},{"taxonomy":"product_cat","embeddable":true,"href":"https:\/\/hurghadalovers.com\/fr\/wp-json\/wp\/v2\/product_cat?post=396805"},{"taxonomy":"product_tag","embeddable":true,"href":"https:\/\/hurghadalovers.com\/fr\/wp-json\/wp\/v2\/product_tag?post=396805"}],"curies":[{"name":"wp","href":"https:\/\/api.w.org\/{rel}","templated":true}]}}