{"id":396373,"date":"2023-09-04T10:13:37","date_gmt":"2023-09-04T10:13:37","guid":{"rendered":"https:\/\/hurghadalovers.com\/shop\/non%20class\u00e9\/el-gouna-super-jeep-safari-trip\/"},"modified":"2026-02-07T18:05:01","modified_gmt":"2026-02-07T18:05:01","slug":"el-gouna-super-jeep-safari-trip","status":"publish","type":"product","link":"https:\/\/hurghadalovers.com\/fr\/tours\/el-gouna-super-jeep-safari-trip\/","title":{"rendered":"Super safari au d\u00e9part d&rsquo;El Gouna"},"content":{"rendered":"<p>Super safari au d\u00e9part d&rsquo;El Gouna dans le d\u00e9sert avec ATV Quad Bike, Spider Car et 4\u00d74 Car vers le village b\u00e9douin avec promenade \u00e0 dos de chameau puis d\u00eener BBQ + spectacle traditionnel.<\/p>\n<p style=\"text-align: center;\"><span style=\"color: #ff0000;\">Meilleures choses \u00e0 faire \u00e0 El Gouna pour les <strong>familles avec enfants<\/strong>, les <strong>seniors<\/strong>, les <strong>romantiques<\/strong> et les <strong>couples en lune de miel<\/strong>.<\/span><\/p>\n<p>&nbsp;<\/p>\n<p><strong>Super safari au d\u00e9part d&rsquo;El Gouna Faits marquants :<\/strong><\/p>\n<ol>\n<li>Voiture Jeep 4\u00d74.<\/li>\n<li>Balade en quad.<\/li>\n<li>Voiture araign\u00e9e.<\/li>\n<li>Promenade \u00e0 dos de chameau.<\/li>\n<li>Village b\u00e9douin.<\/li>\n<li>D\u00eener barbecue.<\/li>\n<li>Salon de l&rsquo;Orient.<\/li>\n<\/ol>\n<p>Super safari au d\u00e9part d&rsquo;El Gouna <strong>D\u00e9tails :<\/strong><\/p>\n<ul>\n<li>Disponibilit\u00e9 des visites : Tous les jours.<\/li>\n<li>Type d&rsquo;excursion : Groupe.<\/li>\n<li>Heure de prise en charge : \u00e0 partir de 11 h 45&#8230;<\/li>\n<li>Heure de prise en charge : 19:00.<\/li>\n<li>Dur\u00e9e du voyage : 7 heures<\/li>\n<\/ul>\n<h3><strong>Super safari au d\u00e9part d&rsquo;El Gouna<\/strong><\/h3>\n<p>Il est temps de partir \u00e0 l&rsquo;aventure dans le d\u00e9sert de Hurghada en quad, de visiter un village b\u00e9douin et de d\u00e9couvrir la vie b\u00e9douine dans l&rsquo;apr\u00e8s-midi pour un voyage de 6 heures d&rsquo;excitation et de plaisir.<\/p>\n<p>Un programme sp\u00e9cial pour une balade de 45 minutes en quad dans les meilleures Les Excursions \u00e0 Hurghada, du th\u00e9 et une bouff\u00e9e de chicha (narguil\u00e9 arabe), puis un beau d\u00eener, une balade \u00e0 dos de chameau et regarder les plus beaux couchers de soleil \u00e0 travers les montagnes, les plateaux et dunes de sable.<\/p>\n<p>Diner aux chandelles BBQ., tour de chameau, th\u00e9, eau, narguil\u00e9, t\u00e9lescope, Safari en 4X4, Aventure, Guide astronome, Transferts de \/ \u00e0 votre h\u00f4tel.<\/p>\n<p>Tour en Quad dans le d\u00e9sert types de Quad ATV, Spider. Diner aux chandelles BBQ. Tour en chameau, th\u00e9, eau, narguil\u00e9. Village b\u00e9douin traditionnel, le couch du soleil du haut des dunes, spectacle oriental et dance folklorique, Guide et transferts de et \u00e0 votre h\u00f4tel.<\/p>\n<p>&nbsp;<\/p>\n<p>&nbsp;<\/p>\n<p>Safari en Quad Depuis Hurghada<\/p>\n<p>13h00<\/p>\n<p>Ramass\u00e9 \u00e0 partir de votre h\u00f4tel.<\/p>\n<p>Profitez d&rsquo;un moment privil\u00e9gi\u00e9 en conduisant la jeep et en regardant les prairies d\u00e9sertiques et les montagnes du d\u00e9sert de Hurghada en cours de route.<\/p>\n<p>13h30<\/p>\n<p>L&rsquo;acc\u00e8s \u00e0 la station de quad \u00e0 Hurghada et le quad commence.<\/p>\n<p>\u00c9coutez les r\u00e8gles de conduite des quads hors route dans le d\u00e9sert et les conseils de s\u00e9curit\u00e9 et de s\u00e9curit\u00e9 du conseiller de voyage.<\/p>\n<p>14h30<\/p>\n<p>Arriv\u00e9e au village b\u00e9douin<\/p>\n<p>En savoir plus sur la vie b\u00e9douine<\/p>\n<p>Boire du th\u00e9 et de l&rsquo;eau min\u00e9rale<\/p>\n<p>Bouff\u00e9e de chicha<\/p>\n<p>Tour de chameau<\/p>\n<p>Prendre des photos<\/p>\n<p>Mangez du pain et plus<\/p>\n<p>15h00<\/p>\n<p>Visitez le parc<\/p>\n<p>Monter une araign\u00e9e pendant 15 minutes<\/p>\n<p>Boire du th\u00e9 et de l&rsquo;eau min\u00e9rale<\/p>\n<p>Bouff\u00e9e de chicha<\/p>\n<p>16h00<\/p>\n<p>Repas du d\u00e9jeuner \u00e0 travers un buffet ouvert distinct contenant 8 types de salades distinctives + Kofta + Poulet pane + Riz blanc et brun + P\u00e2tes + Plats de fruits de mer + Frites de tomates grill\u00e9es + Boissons gazeuses + Eau min\u00e9rale.<\/p>\n<p>16h45<\/p>\n<p>Profitez de la f\u00eate, danses orientales<\/p>\n<p>18h00<\/p>\n<p>Retourner \u00e0 l&rsquo;h\u00f4tel.<\/p>\n<p>Vous appr\u00e9cierez le cadre romantique \u00e0 la lueur des bougies dans le d\u00e9sert de l&rsquo;obscurit\u00e9 tandis que le b\u00e9douin fait griller la nourriture d\u00e9licieuse, le d\u00eener sous forme de buffet sera pr\u00eat lorsque vous commencerez votre d\u00eener par une salade verte de tomates avec du fromage, du tehna (s\u00e9same), du riz , nouilles, poulet grill\u00e9 et kofta (viande de b\u0153uf) pour terminer votre buffet avec vos sodas eau et Coca Cola.<\/p>\n<p>Tandis que vos yeux sur les \u00e9toiles et vos pieds sur terre dans notre obscurit\u00e9 Deseret loin de la ville pollu\u00e9e par la lumi\u00e8re de Hurghada, apr\u00e8s l&rsquo;explication, tournez-vous vers le domaine des t\u00e9lescopes pour observer les plan\u00e8tes et les \u00e9toiles pourraient \u00eatre claires cette nuit-l\u00e0.<\/p>\n<p>&nbsp;<\/p>\n<p>&nbsp;<\/p>\n<p><strong>R\u00e9servez maintenant et payez plus tard :<\/strong><\/p>\n<ul>\n<li>Paiement en esp\u00e8ces sur place pour le guide.<\/li>\n<li>Paiement en livres \u00e9gyptiennes, $, \u20ac ou \u00a3.<\/li>\n<\/ul>\n<p><strong>Politique d&rsquo;annulation :<\/strong><\/p>\n<ul>\n<li>vous annulez jusqu&rsquo;\u00e0 24 heures \u00e0 l&rsquo;avance.<\/li>\n<li>Si l&rsquo;un des membres de votre famille annule la matin\u00e9e, vous payez 50 % des frais.<\/li>\n<\/ul>\n<p><strong>Qu&rsquo;est-ce qui est inclus ?<\/strong><\/p>\n<ul>\n<li>Transfert depuis les h\u00f4tels d&rsquo;El Gouna \u00ab\u00a0Prise en charge et retour \u00e0 l&rsquo;h\u00f4tel\u00a0\u00bb.<\/li>\n<li>Toutes les taxes, les droits d&rsquo;entr\u00e9e et les frais de manutention.<\/li>\n<li>Transferts.<\/li>\n<li>Guide touristique.<\/li>\n<li>Casque.<\/li>\n<\/ul>\n<p><strong>Exclusions ?<\/strong><\/p>\n<ul>\n<li>Foulard<\/li>\n<li>Lunettes de protection<\/li>\n<li>Pourboires.<\/li>\n<li>Photographie pour le voyage.<\/li>\n<li>Tous les extras non mentionn\u00e9s.<\/li>\n<\/ul>\n<p><strong>Les prix :<\/strong><\/p>\n<ul>\n<li><strong>Prix adulte = 35$ par personne<\/strong>.<\/li>\n<li>Prix pour les enfants \u00ab\u00a05-12\u2033= 50%.<\/li>\n<li>pour les enfants \u00ab\u00a00-5\u2033= Gratuit.<\/li>\n<\/ul>\n<p><strong>Critiques :<\/strong><\/p>\n<p>consultez notre Google Map Reviews comme Meilleur <a href=\"https:\/\/g.page\/r\/CUeYvkngP3wkEBM\/review\">Tour Op\u00e9rateur \u00e0 Hurghada<\/a> en ligne \u00e0 <a href=\"https:\/\/hurghadalovers.com\/\">Hurghada<\/a> Egypte.<\/p>\n<p>&nbsp;<\/p>\n<p><strong>R\u00e9servation :<\/strong><\/p>\n<p>Envoyez l&rsquo;h\u00f4tel + le num\u00e9ro de la chambre + la photo du passeport \u00e0 WhatsApp : <strong>+201112596434<\/strong><\/p>\n<p>Si vous \u00eates en Egypte, r\u00e9servez d\u00e8s maintenant en ligne et confirmez votre arriv\u00e9e \u00e0 l&rsquo;h\u00f4tel.<\/p>\n<p>&nbsp;<\/p>\n<p>&nbsp;<\/p>\n","protected":false},"excerpt":{"rendered":"<p><strong>El Gouna<\/strong> <strong>Super Jeep<\/strong> Safari <strong>Trip<\/strong> Safari dans le d\u00e9sert avec ATV Quad Bike, Spider Car et 4\u00d74 Car vers le village b\u00e9douin avec promenade \u00e0 dos de chameau puis d\u00eener BBQ + spectacle traditionnel.<\/p>\n","protected":false},"featured_media":953175,"template":"","meta":{"_joinchat":[]},"product_brand":[],"product_cat":[29818],"product_tag":[58349,58355],"class_list":{"0":"post-396373","1":"product","2":"type-product","3":"status-publish","4":"has-post-thumbnail","6":"product_cat-tour-fr","7":"product_tag-excursion-en-buggy-a-el-gouna","8":"product_tag-safari-a-el-gouna","9":"tour_category-que-faire-a-el-gouna","10":"tour_category-safari-en-quad-a-el-gouna","12":"first","13":"instock","14":"sale","15":"shipping-taxable","16":"purchasable","17":"product-type-tour"},"yoast_head":"<!-- This site is optimized with the Yoast SEO Premium plugin v26.9 (Yoast SEO v27.2) - https:\/\/yoast.com\/product\/yoast-seo-premium-wordpress\/ -->\n<title>Super safari au d\u00e9part d&#039;El Gouna avec ATV Quad Bike<\/title>\n<meta name=\"description\" content=\"Super safari au d\u00e9part d&#039;El Gouna dans le d\u00e9sert avec ATV Quad Bike, Spider Car et 4\u00d74 Car vers le village b\u00e9douin avec promenade \u00e0 dos de chameau\" \/>\n<meta name=\"robots\" content=\"index, follow, max-snippet:-1, max-image-preview:large, max-video-preview:-1\" \/>\n<link rel=\"canonical\" href=\"https:\/\/hurghadalovers.com\/fr\/tours\/el-gouna-super-jeep-safari-trip\/\" \/>\n<meta property=\"og:locale\" content=\"fr_FR\" \/>\n<meta property=\"og:type\" content=\"article\" \/>\n<meta property=\"og:title\" content=\"Super safari au d\u00e9part d&#039;El Gouna\" \/>\n<meta property=\"og:description\" content=\"Super safari au d\u00e9part d&#039;El Gouna dans le d\u00e9sert avec ATV Quad Bike, Spider Car et 4\u00d74 Car vers le village b\u00e9douin avec promenade \u00e0 dos de chameau\" \/>\n<meta property=\"og:url\" content=\"https:\/\/hurghadalovers.com\/fr\/tours\/el-gouna-super-jeep-safari-trip\/\" \/>\n<meta property=\"og:site_name\" content=\"Hurghada Excursions &amp; Day Trips | Booking Best Prices Tours\" \/>\n<meta property=\"article:publisher\" content=\"https:\/\/www.facebook.com\/Hurghadaloversegypt\" \/>\n<meta property=\"article:modified_time\" content=\"2026-02-07T18:05:01+00:00\" \/>\n<meta property=\"og:image\" content=\"https:\/\/hurghadalovers.com\/wp-content\/uploads\/2023\/09\/EL-Gouna-Safari-Sahara-Jeep-Tour.jpeg\" \/>\n\t<meta property=\"og:image:width\" content=\"1156\" \/>\n\t<meta property=\"og:image:height\" content=\"521\" \/>\n\t<meta property=\"og:image:type\" content=\"image\/jpeg\" \/>\n<meta name=\"twitter:card\" content=\"summary_large_image\" \/>\n<meta name=\"twitter:label1\" content=\"Prix\" \/>\n\t<meta name=\"twitter:data1\" content=\"&euro;&nbsp;40\" \/>\n\t<meta name=\"twitter:label2\" content=\"Disponibilit\u00e9\" \/>\n\t<meta name=\"twitter:data2\" content=\"En stock\" \/>\n<script type=\"application\/ld+json\" class=\"yoast-schema-graph\">{\"@context\":\"https:\/\/schema.org\",\"@graph\":[{\"@type\":[\"WebPage\",\"ItemPage\"],\"@id\":\"https:\/\/hurghadalovers.com\/fr\/tours\/el-gouna-super-jeep-safari-trip\/\",\"url\":\"https:\/\/hurghadalovers.com\/fr\/tours\/el-gouna-super-jeep-safari-trip\/\",\"name\":\"Super safari au d\u00e9part d'El Gouna avec ATV Quad Bike\",\"isPartOf\":{\"@id\":\"https:\/\/hurghadalovers.com\/fr\/#website\"},\"primaryImageOfPage\":{\"@id\":\"https:\/\/hurghadalovers.com\/fr\/tours\/el-gouna-super-jeep-safari-trip\/#primaryimage\"},\"image\":{\"@id\":\"https:\/\/hurghadalovers.com\/fr\/tours\/el-gouna-super-jeep-safari-trip\/#primaryimage\"},\"thumbnailUrl\":\"https:\/\/hurghadalovers.com\/wp-content\/uploads\/2023\/09\/EL-Gouna-Safari-Sahara-Jeep-Tour.jpeg\",\"datePublished\":\"2023-09-04T10:13:37+00:00\",\"dateModified\":\"2026-02-07T18:05:01+00:00\",\"description\":\"Super safari au d\u00e9part d'El Gouna dans le d\u00e9sert avec ATV Quad Bike, Spider Car et 4\u00d74 Car vers le village b\u00e9douin avec promenade \u00e0 dos de chameau\",\"breadcrumb\":{\"@id\":\"https:\/\/hurghadalovers.com\/fr\/tours\/el-gouna-super-jeep-safari-trip\/#breadcrumb\"},\"inLanguage\":\"fr-FR\",\"potentialAction\":[{\"@type\":\"ReadAction\",\"target\":[\"https:\/\/hurghadalovers.com\/fr\/tours\/el-gouna-super-jeep-safari-trip\/\"]}]},{\"@type\":\"ImageObject\",\"inLanguage\":\"fr-FR\",\"@id\":\"https:\/\/hurghadalovers.com\/fr\/tours\/el-gouna-super-jeep-safari-trip\/#primaryimage\",\"url\":\"https:\/\/hurghadalovers.com\/wp-content\/uploads\/2023\/09\/EL-Gouna-Safari-Sahara-Jeep-Tour.jpeg\",\"contentUrl\":\"https:\/\/hurghadalovers.com\/wp-content\/uploads\/2023\/09\/EL-Gouna-Safari-Sahara-Jeep-Tour.jpeg\",\"width\":1156,\"height\":521,\"caption\":\"EL Gouna Safari Sahara Jeep Tour\"},{\"@type\":\"BreadcrumbList\",\"@id\":\"https:\/\/hurghadalovers.com\/fr\/tours\/el-gouna-super-jeep-safari-trip\/#breadcrumb\",\"itemListElement\":[{\"@type\":\"ListItem\",\"position\":1,\"name\":\"Home\",\"item\":\"https:\/\/hurghadalovers.com\/fr\/\"},{\"@type\":\"ListItem\",\"position\":2,\"name\":\"Shop\",\"item\":\"https:\/\/hurghadalovers.com\/fr\/shop\/\"},{\"@type\":\"ListItem\",\"position\":3,\"name\":\"Super safari au d\u00e9part d&rsquo;El Gouna\"}]},{\"@type\":\"WebSite\",\"@id\":\"https:\/\/hurghadalovers.com\/fr\/#website\",\"url\":\"https:\/\/hurghadalovers.com\/fr\/\",\"name\":\"Hurghada Excursions & Day Trips | Booking Best Prices Tours\",\"description\":\"Hurghada Lovers - Best Tour Operator - Excursions &amp; Things to do for Family Day Trips with kids and Couples Romantic. Unique .Hidden gems\",\"publisher\":{\"@id\":\"https:\/\/hurghadalovers.com\/fr\/#organization\"},\"alternateName\":\"Hurghada Excursions\",\"potentialAction\":[{\"@type\":\"SearchAction\",\"target\":{\"@type\":\"EntryPoint\",\"urlTemplate\":\"https:\/\/hurghadalovers.com\/fr\/?s={search_term_string}\"},\"query-input\":{\"@type\":\"PropertyValueSpecification\",\"valueRequired\":true,\"valueName\":\"search_term_string\"}}],\"inLanguage\":\"fr-FR\"},{\"@type\":[\"Organization\",\"Place\",\"TravelAgency\"],\"@id\":\"https:\/\/hurghadalovers.com\/fr\/#organization\",\"name\":\"Hurghada Excursions\",\"url\":\"https:\/\/hurghadalovers.com\/fr\/\",\"logo\":{\"@id\":\"https:\/\/hurghadalovers.com\/fr\/tours\/el-gouna-super-jeep-safari-trip\/#local-main-organization-logo\"},\"image\":{\"@id\":\"https:\/\/hurghadalovers.com\/fr\/tours\/el-gouna-super-jeep-safari-trip\/#local-main-organization-logo\"},\"sameAs\":[\"https:\/\/www.facebook.com\/Hurghadaloversegypt\"],\"address\":{\"@id\":\"https:\/\/hurghadalovers.com\/fr\/tours\/el-gouna-super-jeep-safari-trip\/#local-main-place-address\"},\"telephone\":[\"00201112596434\"],\"contactPoint\":{\"@type\":\"ContactPoint\",\"telephone\":\"00201112596434\",\"email\":\"weyouface@gmail.com\"},\"openingHoursSpecification\":{\"@type\":\"OpeningHoursSpecification\",\"dayOfWeek\":[\"Monday\",\"Tuesday\",\"Wednesday\",\"Thursday\",\"Friday\",\"Saturday\",\"Sunday\"],\"opens\":\"00:00\",\"closes\":\"23:59\"},\"email\":\"weyouface@gmail.com\",\"areaServed\":\"Luxor, Hurghada, El Gouna, Aswan, Sharm El Sheikh, Giza, Alexandria, Marsa Alam, Quseir, Soma Bay, Sahl Hasheesh, Red Sea, Makadi Bay, Cairo\",\"priceRange\":\"$\",\"currenciesAccepted\":\"euro\",\"paymentAccepted\":\"cash on site\"},{\"@type\":\"PostalAddress\",\"@id\":\"https:\/\/hurghadalovers.com\/fr\/tours\/el-gouna-super-jeep-safari-trip\/#local-main-place-address\",\"streetAddress\":\"17 Banks street, Alkawther area, top nbk bank\",\"addressLocality\":\"hurghada\",\"postalCode\":\"84511\",\"addressRegion\":\"red sea\",\"addressCountry\":\"EG\"},{\"@type\":\"ImageObject\",\"inLanguage\":\"fr-FR\",\"@id\":\"https:\/\/hurghadalovers.com\/fr\/tours\/el-gouna-super-jeep-safari-trip\/#local-main-organization-logo\",\"url\":\"https:\/\/hurghadalovers.com\/wp-content\/uploads\/2019\/10\/hurghada-excursions-logo.png\",\"contentUrl\":\"https:\/\/hurghadalovers.com\/wp-content\/uploads\/2019\/10\/hurghada-excursions-logo.png\",\"width\":272,\"height\":90,\"caption\":\"Hurghada Excursions\"}]}<\/script>\n<meta property=\"product:brand\" content=\"Que faire \u00e0 El Gouna\" \/>\n<meta property=\"product:price:amount\" content=\"40\" \/>\n<meta property=\"product:price:currency\" content=\"EUR\" \/>\n<meta property=\"og:availability\" content=\"instock\" \/>\n<meta property=\"product:availability\" content=\"instock\" \/>\n<meta property=\"product:retailer_item_id\" content=\"Gouna9992024\" \/>\n<meta property=\"product:condition\" content=\"new\" \/>\n<meta name=\"geo.placename\" content=\"hurghada\" \/>\n<meta name=\"geo.region\" content=\"\u00c9gypte\" \/>\n<!-- \/ Yoast SEO Premium plugin. -->","yoast_head_json":{"title":"Super safari au d\u00e9part d'El Gouna avec ATV Quad Bike","description":"Super safari au d\u00e9part d'El Gouna dans le d\u00e9sert avec ATV Quad Bike, Spider Car et 4\u00d74 Car vers le village b\u00e9douin avec promenade \u00e0 dos de chameau","robots":{"index":"index","follow":"follow","max-snippet":"max-snippet:-1","max-image-preview":"max-image-preview:large","max-video-preview":"max-video-preview:-1"},"canonical":"https:\/\/hurghadalovers.com\/fr\/tours\/el-gouna-super-jeep-safari-trip\/","og_locale":"fr_FR","og_type":"article","og_title":"Super safari au d\u00e9part d'El Gouna","og_description":"Super safari au d\u00e9part d'El Gouna dans le d\u00e9sert avec ATV Quad Bike, Spider Car et 4\u00d74 Car vers le village b\u00e9douin avec promenade \u00e0 dos de chameau","og_url":"https:\/\/hurghadalovers.com\/fr\/tours\/el-gouna-super-jeep-safari-trip\/","og_site_name":"Hurghada Excursions &amp; Day Trips | Booking Best Prices Tours","article_publisher":"https:\/\/www.facebook.com\/Hurghadaloversegypt","article_modified_time":"2026-02-07T18:05:01+00:00","og_image":[{"width":1156,"height":521,"url":"https:\/\/hurghadalovers.com\/wp-content\/uploads\/2023\/09\/EL-Gouna-Safari-Sahara-Jeep-Tour.jpeg","type":"image\/jpeg"}],"twitter_card":"summary_large_image","twitter_misc":{"Prix":"&euro;&nbsp;40","Disponibilit\u00e9":"En stock"},"schema":{"@context":"https:\/\/schema.org","@graph":[{"@type":["WebPage","ItemPage"],"@id":"https:\/\/hurghadalovers.com\/fr\/tours\/el-gouna-super-jeep-safari-trip\/","url":"https:\/\/hurghadalovers.com\/fr\/tours\/el-gouna-super-jeep-safari-trip\/","name":"Super safari au d\u00e9part d'El Gouna avec ATV Quad Bike","isPartOf":{"@id":"https:\/\/hurghadalovers.com\/fr\/#website"},"primaryImageOfPage":{"@id":"https:\/\/hurghadalovers.com\/fr\/tours\/el-gouna-super-jeep-safari-trip\/#primaryimage"},"image":{"@id":"https:\/\/hurghadalovers.com\/fr\/tours\/el-gouna-super-jeep-safari-trip\/#primaryimage"},"thumbnailUrl":"https:\/\/hurghadalovers.com\/wp-content\/uploads\/2023\/09\/EL-Gouna-Safari-Sahara-Jeep-Tour.jpeg","datePublished":"2023-09-04T10:13:37+00:00","dateModified":"2026-02-07T18:05:01+00:00","description":"Super safari au d\u00e9part d'El Gouna dans le d\u00e9sert avec ATV Quad Bike, Spider Car et 4\u00d74 Car vers le village b\u00e9douin avec promenade \u00e0 dos de chameau","breadcrumb":{"@id":"https:\/\/hurghadalovers.com\/fr\/tours\/el-gouna-super-jeep-safari-trip\/#breadcrumb"},"inLanguage":"fr-FR","potentialAction":[{"@type":"ReadAction","target":["https:\/\/hurghadalovers.com\/fr\/tours\/el-gouna-super-jeep-safari-trip\/"]}]},{"@type":"ImageObject","inLanguage":"fr-FR","@id":"https:\/\/hurghadalovers.com\/fr\/tours\/el-gouna-super-jeep-safari-trip\/#primaryimage","url":"https:\/\/hurghadalovers.com\/wp-content\/uploads\/2023\/09\/EL-Gouna-Safari-Sahara-Jeep-Tour.jpeg","contentUrl":"https:\/\/hurghadalovers.com\/wp-content\/uploads\/2023\/09\/EL-Gouna-Safari-Sahara-Jeep-Tour.jpeg","width":1156,"height":521,"caption":"EL Gouna Safari Sahara Jeep Tour"},{"@type":"BreadcrumbList","@id":"https:\/\/hurghadalovers.com\/fr\/tours\/el-gouna-super-jeep-safari-trip\/#breadcrumb","itemListElement":[{"@type":"ListItem","position":1,"name":"Home","item":"https:\/\/hurghadalovers.com\/fr\/"},{"@type":"ListItem","position":2,"name":"Shop","item":"https:\/\/hurghadalovers.com\/fr\/shop\/"},{"@type":"ListItem","position":3,"name":"Super safari au d\u00e9part d&rsquo;El Gouna"}]},{"@type":"WebSite","@id":"https:\/\/hurghadalovers.com\/fr\/#website","url":"https:\/\/hurghadalovers.com\/fr\/","name":"Hurghada Excursions & Day Trips | Booking Best Prices Tours","description":"Hurghada Lovers - Best Tour Operator - Excursions &amp; Things to do for Family Day Trips with kids and Couples Romantic. Unique .Hidden gems","publisher":{"@id":"https:\/\/hurghadalovers.com\/fr\/#organization"},"alternateName":"Hurghada Excursions","potentialAction":[{"@type":"SearchAction","target":{"@type":"EntryPoint","urlTemplate":"https:\/\/hurghadalovers.com\/fr\/?s={search_term_string}"},"query-input":{"@type":"PropertyValueSpecification","valueRequired":true,"valueName":"search_term_string"}}],"inLanguage":"fr-FR"},{"@type":["Organization","Place","TravelAgency"],"@id":"https:\/\/hurghadalovers.com\/fr\/#organization","name":"Hurghada Excursions","url":"https:\/\/hurghadalovers.com\/fr\/","logo":{"@id":"https:\/\/hurghadalovers.com\/fr\/tours\/el-gouna-super-jeep-safari-trip\/#local-main-organization-logo"},"image":{"@id":"https:\/\/hurghadalovers.com\/fr\/tours\/el-gouna-super-jeep-safari-trip\/#local-main-organization-logo"},"sameAs":["https:\/\/www.facebook.com\/Hurghadaloversegypt"],"address":{"@id":"https:\/\/hurghadalovers.com\/fr\/tours\/el-gouna-super-jeep-safari-trip\/#local-main-place-address"},"telephone":["00201112596434"],"contactPoint":{"@type":"ContactPoint","telephone":"00201112596434","email":"weyouface@gmail.com"},"openingHoursSpecification":{"@type":"OpeningHoursSpecification","dayOfWeek":["Monday","Tuesday","Wednesday","Thursday","Friday","Saturday","Sunday"],"opens":"00:00","closes":"23:59"},"email":"weyouface@gmail.com","areaServed":"Luxor, Hurghada, El Gouna, Aswan, Sharm El Sheikh, Giza, Alexandria, Marsa Alam, Quseir, Soma Bay, Sahl Hasheesh, Red Sea, Makadi Bay, Cairo","priceRange":"$","currenciesAccepted":"euro","paymentAccepted":"cash on site"},{"@type":"PostalAddress","@id":"https:\/\/hurghadalovers.com\/fr\/tours\/el-gouna-super-jeep-safari-trip\/#local-main-place-address","streetAddress":"17 Banks street, Alkawther area, top nbk bank","addressLocality":"hurghada","postalCode":"84511","addressRegion":"red sea","addressCountry":"EG"},{"@type":"ImageObject","inLanguage":"fr-FR","@id":"https:\/\/hurghadalovers.com\/fr\/tours\/el-gouna-super-jeep-safari-trip\/#local-main-organization-logo","url":"https:\/\/hurghadalovers.com\/wp-content\/uploads\/2019\/10\/hurghada-excursions-logo.png","contentUrl":"https:\/\/hurghadalovers.com\/wp-content\/uploads\/2019\/10\/hurghada-excursions-logo.png","width":272,"height":90,"caption":"Hurghada Excursions"}]},"product_brand":"Que faire \u00e0 El Gouna","product_price_amount":"40","product_price_currency":"EUR","og_availability":"instock","product_availability":"instock","product_retailer_item_id":"Gouna9992024","product_condition":"new","geo.placename":"hurghada","geo.region":"\u00c9gypte"},"_links":{"self":[{"href":"https:\/\/hurghadalovers.com\/fr\/wp-json\/wp\/v2\/product\/396373","targetHints":{"allow":["GET"]}}],"collection":[{"href":"https:\/\/hurghadalovers.com\/fr\/wp-json\/wp\/v2\/product"}],"about":[{"href":"https:\/\/hurghadalovers.com\/fr\/wp-json\/wp\/v2\/types\/product"}],"wp:featuredmedia":[{"embeddable":true,"href":"https:\/\/hurghadalovers.com\/fr\/wp-json\/wp\/v2\/media\/953175"}],"wp:attachment":[{"href":"https:\/\/hurghadalovers.com\/fr\/wp-json\/wp\/v2\/media?parent=396373"}],"wp:term":[{"taxonomy":"product_brand","embeddable":true,"href":"https:\/\/hurghadalovers.com\/fr\/wp-json\/wp\/v2\/product_brand?post=396373"},{"taxonomy":"product_cat","embeddable":true,"href":"https:\/\/hurghadalovers.com\/fr\/wp-json\/wp\/v2\/product_cat?post=396373"},{"taxonomy":"product_tag","embeddable":true,"href":"https:\/\/hurghadalovers.com\/fr\/wp-json\/wp\/v2\/product_tag?post=396373"}],"curies":[{"name":"wp","href":"https:\/\/api.w.org\/{rel}","templated":true}]}}