{"id":396343,"date":"2023-09-04T10:08:21","date_gmt":"2023-09-04T10:08:21","guid":{"rendered":"https:\/\/hurghadalovers.com\/shop\/non%20class\u00e9\/excursion-matinale-en-quad-a-el-gouna\/"},"modified":"2026-02-07T23:53:05","modified_gmt":"2026-02-07T23:53:05","slug":"el-gouna-morning-quad-biking-tour","status":"publish","type":"product","link":"https:\/\/hurghadalovers.com\/fr\/tours\/el-gouna-morning-quad-biking-tour\/","title":{"rendered":"Safari en quad \u00e0 El Gouna"},"content":{"rendered":"<p>Safari en quad \u00e0 El Gouna<\/p>\n<p>Vous avez h\u00e2te de voir les <strong>montagnes<\/strong> et les plateaux et de prendre des photos avec vos amis ? Participez aux meilleurs <strong>safaris<\/strong> dans les villages b\u00e9douins, <strong>montez \u00e0 dos de chameau<\/strong>, observez la vie des B\u00e9douins, escaladez les montagnes et vivez une exp\u00e9rience passionnante dans le d\u00e9sert pour \u00e9vacuer l&rsquo;<strong>adr\u00e9naline<\/strong> de votre corps.<\/p>\n<p style=\"text-align: center;\"><span style=\"color: #ff0000;\">Meilleures choses \u00e0 faire \u00e0 El Gouna pour une <strong>lune de miel<\/strong> <strong>romantique<\/strong> et <strong>en couple<\/strong><\/span><\/p>\n<p><strong>Safari en quad \u00e0 El Gouna Faits marquants :<\/strong><\/p>\n<ol>\n<li>Balade en quad.<\/li>\n<li>Promenade \u00e0 dos de chameau.<\/li>\n<li>Village b\u00e9douin.<\/li>\n<\/ol>\n<p><strong>Meilleur prix Village b\u00e9douin Safari en quad \u00e0 El Gouna Safari 3 heures<\/strong><\/p>\n<p>Nous vous emm\u00e8nerons pour une excursion d&rsquo;une demi-journ\u00e9e dans le d\u00e9sert oriental de Hurghada o\u00f9 vous pourrez ressentir l&rsquo;atmosph\u00e8re d&rsquo;aventure et le plaisir de conduire un VTT. Visiter les b\u00e9douins. Et \u00e0 dos de chameau.<\/p>\n<p><strong>\u00a0<\/strong><\/p>\n<p><strong>Points forts de notre tourn\u00e9e :<\/strong><\/p>\n<p>Contenu<\/p>\n<ul>\n<li>Introduction \u00e0 la conduite de VTT ?<\/li>\n<li>une visite du d\u00e9sert en VTT<\/li>\n<li>Visite d&rsquo;un village b\u00e9douin<\/li>\n<li>Balade \u00e0 dos de chameau<\/li>\n<\/ul>\n<p><strong>Programme du tour en quad de Hurghada\u00a0:<\/strong><\/p>\n<p>Nous viendrons vous chercher \u00e0 votre h\u00f4tel \u00e0 Hurghada et conduirons de l\u00e0 \u00e0 notre station de VTT. Vous y obtiendrez une br\u00e8ve introduction \u00e0 la fa\u00e7on dont vous conduisez des VTT.<\/p>\n<p>Allons lentement, remontons les dunes et descendons jusqu&rsquo;au village b\u00e9douin. Le village b\u00e9douin est vraiment magnifique ! les b\u00e9douins vous y accueillent chaleureusement autour d&rsquo;un th\u00e9 b\u00e9douin.<\/p>\n<p>Des femmes b\u00e9douines vous montreront comment faire du pain dans le village. Essayez-le, il est d\u00e9licieux et consomm\u00e9 par les B\u00e9douins \u00e0 chaque repas.<\/p>\n<p>Avez-vous d\u00e9j\u00e0 entendu le terme \u00ab\u00a0navire du d\u00e9sert\u00a0\u00bb\u00a0?<\/p>\n<p>Le nom du chameau vient des b\u00e9douins. Envie de monter \u00e0 dos de chameau ?<\/p>\n<p>Pas de probl\u00e8me, les B\u00e9douins vous aideront !Apr\u00e8s avoir visit\u00e9 le village b\u00e9douin, nous retournons \u00e0 la station de quad. De l\u00e0, il retourne \u00e0 votre h\u00f4tel. <strong>\u00a0<\/strong><\/p>\n<p><strong>R\u00e9servation Hurghada Quad Tour en Ligne :<\/strong><\/p>\n<p>Votre r\u00e9servation est consid\u00e9r\u00e9e comme confirm\u00e9e apr\u00e8s r\u00e9ception de l&rsquo;acompteUn quadrotour \u00e0 Hurghada est une aventure de survie dans le d\u00e9sert.<\/p>\n<p>Et le village b\u00e9douin est exotique, o\u00f9 les habitants du d\u00e9sert d&rsquo;Egypte vous accueillent avec du th\u00e9 b\u00e9douin et leur hospitalit\u00e9Pour tous les vacanciers de Hurghada -Egypte :<\/p>\n<p>le VTT, c&rsquo;est fun et d\u00e9paysant ! o\u00f9 en plus vous visitez le terrarium et pouvez monter \u00e0 dos de chameau.Avez-vous vu assez de sable dans le d\u00e9sert du Sahara ? Et le refroidissement avec les sports nautiques maintenant ? R\u00e9servez la plong\u00e9e sous-marine \u00e0 Hurghada o\u00f9 la temp\u00e9rature de l&rsquo;eau chaude de la Mer Rouge vous invite \u00e0 la baignade<\/p>\n<p>&nbsp;<\/p>\n<p>&nbsp;<\/p>\n<p><strong>Matin<\/strong> <strong>D\u00e9tails de l&rsquo;excursion en quad :<\/strong><\/p>\n<ul>\n<li>Disponibilit\u00e9 des visites : Tous les jours.<\/li>\n<li>Type d&rsquo;excursion : Groupe.<\/li>\n<li>Heure de prise en charge : \u00e0 partir de 07h30.<\/li>\n<li>Heure de prise en charge : Heure du coucher du soleil.<\/li>\n<li>Dur\u00e9e : 3 heures<\/li>\n<\/ul>\n<p><strong>R\u00e9servez maintenant et payez plus tard :<\/strong><\/p>\n<ul>\n<li>Paiement en esp\u00e8ces sur place pour le guide.<\/li>\n<li>Paiement en livres \u00e9gyptiennes, $, \u20ac ou \u00a3.<\/li>\n<\/ul>\n<p><strong>Politique d&rsquo;annulation :<\/strong><\/p>\n<ul>\n<li>vous annulez jusqu&rsquo;\u00e0 24 heures \u00e0 l&rsquo;avance.<\/li>\n<li>Si l&rsquo;un des membres de votre famille annule la matin\u00e9e, vous payez 50 % des frais.<\/li>\n<\/ul>\n<p><strong>Qu&rsquo;est-ce qui est inclus ?<\/strong><\/p>\n<ul>\n<li>Transfert depuis les h\u00f4tels d&rsquo;El Gouna \u00ab\u00a0Prise en charge et retour \u00e0 l&rsquo;h\u00f4tel\u00a0\u00bb.<\/li>\n<li>Toutes les taxes, les droits d&rsquo;entr\u00e9e et les frais de manutention.<\/li>\n<li>Transferts.<\/li>\n<li>Guide touristique.<\/li>\n<li>Casque.<\/li>\n<\/ul>\n<p><strong>Exclusions ?<\/strong><\/p>\n<ul>\n<li>Foulard<\/li>\n<li>Lunettes de protection<\/li>\n<li>Pourboires.<\/li>\n<li>Photographie pour le voyage.<\/li>\n<li>Tous les extras non mentionn\u00e9s.<\/li>\n<\/ul>\n<p><strong>Les prix :<\/strong><\/p>\n<p><strong>Prix adulte = 30$ par personne<\/strong>.<\/p>\n<p><strong>Critiques :<\/strong><\/p>\n<p>consultez notre Google Map Reviews comme Meilleur <a href=\"https:\/\/g.page\/r\/CUeYvkngP3wkEBM\/review\">Tour Op\u00e9rateur \u00e0 Hurghada<\/a> en ligne \u00e0 <a href=\"https:\/\/hurghadalovers.com\/\">Hurghada<\/a> Egypte.<\/p>\n<p>&nbsp;<\/p>\n<p><strong>R\u00e9servation :<\/strong><\/p>\n<p>Envoyez l&rsquo;h\u00f4tel + le num\u00e9ro de la chambre + la photo du passeport \u00e0 WhatsApp : <strong>+201112596434<\/strong><\/p>\n<p>Si vous \u00eates en Egypte, r\u00e9servez d\u00e8s maintenant en ligne et confirmez votre arriv\u00e9e \u00e0 l&rsquo;h\u00f4tel.<\/p>\n<p>&nbsp;<\/p>\n<p>&nbsp;<\/p>\n","protected":false},"excerpt":{"rendered":"<p><strong>El Gouna<\/strong> <strong>Morning Quad Biking<\/strong> Tour Desert Safari to <strong>Bedouin village<\/strong> with Camel Ride.<\/p>\n<p>\u00cates-vous impatient de voir <strong>les montagnes<\/strong> et les plateaux et de prendre des photos ?<\/p>\n","protected":false},"featured_media":932475,"template":"","meta":{"_joinchat":[]},"product_brand":[],"product_cat":[29818],"product_tag":[58349,58355],"class_list":{"0":"post-396343","1":"product","2":"type-product","3":"status-publish","4":"has-post-thumbnail","6":"product_cat-tour-fr","7":"product_tag-excursion-en-buggy-a-el-gouna","8":"product_tag-safari-a-el-gouna","9":"tour_category-que-faire-a-el-gouna","10":"tour_category-safari-en-quad-a-el-gouna","12":"first","13":"instock","14":"sale","15":"shipping-taxable","16":"purchasable","17":"product-type-tour"},"yoast_head":"<!-- This site is optimized with the Yoast SEO Premium plugin v26.9 (Yoast SEO v27.2) - https:\/\/yoast.com\/product\/yoast-seo-premium-wordpress\/ -->\n<title>Safari en quad \u00e0 El Gouna - Randonn\u00e9e matinale en quad vers un<\/title>\n<meta name=\"description\" content=\"Safari en quad \u00e0 El Gouna, Vous avez h\u00e2te de voir les montagnes et les plateaux et de prendre des photos avec vos amis, Village b\u00e9douin\" \/>\n<meta name=\"robots\" content=\"index, follow, max-snippet:-1, max-image-preview:large, max-video-preview:-1\" \/>\n<link rel=\"canonical\" href=\"https:\/\/hurghadalovers.com\/fr\/tours\/el-gouna-morning-quad-biking-tour\/\" \/>\n<meta property=\"og:locale\" content=\"fr_FR\" \/>\n<meta property=\"og:type\" content=\"article\" \/>\n<meta property=\"og:title\" content=\"Safari en quad \u00e0 El Gouna\" \/>\n<meta property=\"og:description\" content=\"Safari en quad \u00e0 El Gouna, Vous avez h\u00e2te de voir les montagnes et les plateaux et de prendre des photos avec vos amis, Village b\u00e9douin\" \/>\n<meta property=\"og:url\" content=\"https:\/\/hurghadalovers.com\/fr\/tours\/el-gouna-morning-quad-biking-tour\/\" \/>\n<meta property=\"og:site_name\" content=\"Hurghada Excursions &amp; Day Trips | Booking Best Prices Tours\" \/>\n<meta property=\"article:publisher\" content=\"https:\/\/www.facebook.com\/Hurghadaloversegypt\" \/>\n<meta property=\"article:modified_time\" content=\"2026-02-07T23:53:05+00:00\" \/>\n<meta property=\"og:image\" content=\"https:\/\/hurghadalovers.com\/wp-content\/uploads\/2023\/08\/Hurghada-Quad-Biking-on-the-Beach-Trip-2026.jpeg\" \/>\n\t<meta property=\"og:image:width\" content=\"1156\" \/>\n\t<meta property=\"og:image:height\" content=\"867\" \/>\n\t<meta property=\"og:image:type\" content=\"image\/jpeg\" \/>\n<meta name=\"twitter:card\" content=\"summary_large_image\" \/>\n<meta name=\"twitter:label1\" content=\"Prix\" \/>\n\t<meta name=\"twitter:data1\" content=\"&euro;&nbsp;35\" \/>\n\t<meta name=\"twitter:label2\" content=\"Disponibilit\u00e9\" \/>\n\t<meta name=\"twitter:data2\" content=\"En stock\" \/>\n<script type=\"application\/ld+json\" class=\"yoast-schema-graph\">{\"@context\":\"https:\/\/schema.org\",\"@graph\":[{\"@type\":[\"WebPage\",\"ItemPage\"],\"@id\":\"https:\/\/hurghadalovers.com\/fr\/tours\/el-gouna-morning-quad-biking-tour\/\",\"url\":\"https:\/\/hurghadalovers.com\/fr\/tours\/el-gouna-morning-quad-biking-tour\/\",\"name\":\"Safari en quad \u00e0 El Gouna - Randonn\u00e9e matinale en quad vers un\",\"isPartOf\":{\"@id\":\"https:\/\/hurghadalovers.com\/fr\/#website\"},\"primaryImageOfPage\":{\"@id\":\"https:\/\/hurghadalovers.com\/fr\/tours\/el-gouna-morning-quad-biking-tour\/#primaryimage\"},\"image\":{\"@id\":\"https:\/\/hurghadalovers.com\/fr\/tours\/el-gouna-morning-quad-biking-tour\/#primaryimage\"},\"thumbnailUrl\":\"https:\/\/hurghadalovers.com\/wp-content\/uploads\/2023\/08\/Hurghada-Quad-Biking-on-the-Beach-Trip-2026.jpeg\",\"datePublished\":\"2023-09-04T10:08:21+00:00\",\"dateModified\":\"2026-02-07T23:53:05+00:00\",\"description\":\"Safari en quad \u00e0 El Gouna, Vous avez h\u00e2te de voir les montagnes et les plateaux et de prendre des photos avec vos amis, Village b\u00e9douin\",\"breadcrumb\":{\"@id\":\"https:\/\/hurghadalovers.com\/fr\/tours\/el-gouna-morning-quad-biking-tour\/#breadcrumb\"},\"inLanguage\":\"fr-FR\",\"potentialAction\":[{\"@type\":\"ReadAction\",\"target\":[\"https:\/\/hurghadalovers.com\/fr\/tours\/el-gouna-morning-quad-biking-tour\/\"]}]},{\"@type\":\"ImageObject\",\"inLanguage\":\"fr-FR\",\"@id\":\"https:\/\/hurghadalovers.com\/fr\/tours\/el-gouna-morning-quad-biking-tour\/#primaryimage\",\"url\":\"https:\/\/hurghadalovers.com\/wp-content\/uploads\/2023\/08\/Hurghada-Quad-Biking-on-the-Beach-Trip-2026.jpeg\",\"contentUrl\":\"https:\/\/hurghadalovers.com\/wp-content\/uploads\/2023\/08\/Hurghada-Quad-Biking-on-the-Beach-Trip-2026.jpeg\",\"width\":1156,\"height\":867,\"caption\":\"Hurghada Quad Biking on the Beach Trip 2026\"},{\"@type\":\"BreadcrumbList\",\"@id\":\"https:\/\/hurghadalovers.com\/fr\/tours\/el-gouna-morning-quad-biking-tour\/#breadcrumb\",\"itemListElement\":[{\"@type\":\"ListItem\",\"position\":1,\"name\":\"Home\",\"item\":\"https:\/\/hurghadalovers.com\/fr\/\"},{\"@type\":\"ListItem\",\"position\":2,\"name\":\"Shop\",\"item\":\"https:\/\/hurghadalovers.com\/fr\/shop\/\"},{\"@type\":\"ListItem\",\"position\":3,\"name\":\"Safari en quad \u00e0 El Gouna\"}]},{\"@type\":\"WebSite\",\"@id\":\"https:\/\/hurghadalovers.com\/fr\/#website\",\"url\":\"https:\/\/hurghadalovers.com\/fr\/\",\"name\":\"Hurghada Excursions & Day Trips | Booking Best Prices Tours\",\"description\":\"Hurghada Lovers - Best Tour Operator - Excursions &amp; Things to do for Family Day Trips with kids and Couples Romantic. Unique .Hidden gems\",\"publisher\":{\"@id\":\"https:\/\/hurghadalovers.com\/fr\/#organization\"},\"alternateName\":\"Hurghada Excursions\",\"potentialAction\":[{\"@type\":\"SearchAction\",\"target\":{\"@type\":\"EntryPoint\",\"urlTemplate\":\"https:\/\/hurghadalovers.com\/fr\/?s={search_term_string}\"},\"query-input\":{\"@type\":\"PropertyValueSpecification\",\"valueRequired\":true,\"valueName\":\"search_term_string\"}}],\"inLanguage\":\"fr-FR\"},{\"@type\":[\"Organization\",\"Place\",\"TravelAgency\"],\"@id\":\"https:\/\/hurghadalovers.com\/fr\/#organization\",\"name\":\"Hurghada Excursions\",\"url\":\"https:\/\/hurghadalovers.com\/fr\/\",\"logo\":{\"@id\":\"https:\/\/hurghadalovers.com\/fr\/tours\/el-gouna-morning-quad-biking-tour\/#local-main-organization-logo\"},\"image\":{\"@id\":\"https:\/\/hurghadalovers.com\/fr\/tours\/el-gouna-morning-quad-biking-tour\/#local-main-organization-logo\"},\"sameAs\":[\"https:\/\/www.facebook.com\/Hurghadaloversegypt\"],\"address\":{\"@id\":\"https:\/\/hurghadalovers.com\/fr\/tours\/el-gouna-morning-quad-biking-tour\/#local-main-place-address\"},\"telephone\":[\"00201112596434\"],\"contactPoint\":{\"@type\":\"ContactPoint\",\"telephone\":\"00201112596434\",\"email\":\"weyouface@gmail.com\"},\"openingHoursSpecification\":{\"@type\":\"OpeningHoursSpecification\",\"dayOfWeek\":[\"Monday\",\"Tuesday\",\"Wednesday\",\"Thursday\",\"Friday\",\"Saturday\",\"Sunday\"],\"opens\":\"00:00\",\"closes\":\"23:59\"},\"email\":\"weyouface@gmail.com\",\"areaServed\":\"Luxor, Hurghada, El Gouna, Aswan, Sharm El Sheikh, Giza, Alexandria, Marsa Alam, Quseir, Soma Bay, Sahl Hasheesh, Red Sea, Makadi Bay, Cairo\",\"priceRange\":\"$\",\"currenciesAccepted\":\"euro\",\"paymentAccepted\":\"cash on site\"},{\"@type\":\"PostalAddress\",\"@id\":\"https:\/\/hurghadalovers.com\/fr\/tours\/el-gouna-morning-quad-biking-tour\/#local-main-place-address\",\"streetAddress\":\"17 Banks street, Alkawther area, top nbk bank\",\"addressLocality\":\"hurghada\",\"postalCode\":\"84511\",\"addressRegion\":\"red sea\",\"addressCountry\":\"EG\"},{\"@type\":\"ImageObject\",\"inLanguage\":\"fr-FR\",\"@id\":\"https:\/\/hurghadalovers.com\/fr\/tours\/el-gouna-morning-quad-biking-tour\/#local-main-organization-logo\",\"url\":\"https:\/\/hurghadalovers.com\/wp-content\/uploads\/2019\/10\/hurghada-excursions-logo.png\",\"contentUrl\":\"https:\/\/hurghadalovers.com\/wp-content\/uploads\/2019\/10\/hurghada-excursions-logo.png\",\"width\":272,\"height\":90,\"caption\":\"Hurghada Excursions\"}]}<\/script>\n<meta property=\"product:brand\" content=\"Que faire \u00e0 El Gouna\" \/>\n<meta property=\"product:price:amount\" content=\"35\" \/>\n<meta property=\"product:price:currency\" content=\"EUR\" \/>\n<meta property=\"og:availability\" content=\"instock\" \/>\n<meta property=\"product:availability\" content=\"instock\" \/>\n<meta property=\"product:retailer_item_id\" content=\"Gouna972024\" \/>\n<meta property=\"product:condition\" content=\"new\" \/>\n<meta name=\"geo.placename\" content=\"hurghada\" \/>\n<meta name=\"geo.region\" content=\"\u00c9gypte\" \/>\n<!-- \/ Yoast SEO Premium plugin. -->","yoast_head_json":{"title":"Safari en quad \u00e0 El Gouna - Randonn\u00e9e matinale en quad vers un","description":"Safari en quad \u00e0 El Gouna, Vous avez h\u00e2te de voir les montagnes et les plateaux et de prendre des photos avec vos amis, Village b\u00e9douin","robots":{"index":"index","follow":"follow","max-snippet":"max-snippet:-1","max-image-preview":"max-image-preview:large","max-video-preview":"max-video-preview:-1"},"canonical":"https:\/\/hurghadalovers.com\/fr\/tours\/el-gouna-morning-quad-biking-tour\/","og_locale":"fr_FR","og_type":"article","og_title":"Safari en quad \u00e0 El Gouna","og_description":"Safari en quad \u00e0 El Gouna, Vous avez h\u00e2te de voir les montagnes et les plateaux et de prendre des photos avec vos amis, Village b\u00e9douin","og_url":"https:\/\/hurghadalovers.com\/fr\/tours\/el-gouna-morning-quad-biking-tour\/","og_site_name":"Hurghada Excursions &amp; Day Trips | Booking Best Prices Tours","article_publisher":"https:\/\/www.facebook.com\/Hurghadaloversegypt","article_modified_time":"2026-02-07T23:53:05+00:00","og_image":[{"width":1156,"height":867,"url":"https:\/\/hurghadalovers.com\/wp-content\/uploads\/2023\/08\/Hurghada-Quad-Biking-on-the-Beach-Trip-2026.jpeg","type":"image\/jpeg"}],"twitter_card":"summary_large_image","twitter_misc":{"Prix":"&euro;&nbsp;35","Disponibilit\u00e9":"En stock"},"schema":{"@context":"https:\/\/schema.org","@graph":[{"@type":["WebPage","ItemPage"],"@id":"https:\/\/hurghadalovers.com\/fr\/tours\/el-gouna-morning-quad-biking-tour\/","url":"https:\/\/hurghadalovers.com\/fr\/tours\/el-gouna-morning-quad-biking-tour\/","name":"Safari en quad \u00e0 El Gouna - Randonn\u00e9e matinale en quad vers un","isPartOf":{"@id":"https:\/\/hurghadalovers.com\/fr\/#website"},"primaryImageOfPage":{"@id":"https:\/\/hurghadalovers.com\/fr\/tours\/el-gouna-morning-quad-biking-tour\/#primaryimage"},"image":{"@id":"https:\/\/hurghadalovers.com\/fr\/tours\/el-gouna-morning-quad-biking-tour\/#primaryimage"},"thumbnailUrl":"https:\/\/hurghadalovers.com\/wp-content\/uploads\/2023\/08\/Hurghada-Quad-Biking-on-the-Beach-Trip-2026.jpeg","datePublished":"2023-09-04T10:08:21+00:00","dateModified":"2026-02-07T23:53:05+00:00","description":"Safari en quad \u00e0 El Gouna, Vous avez h\u00e2te de voir les montagnes et les plateaux et de prendre des photos avec vos amis, Village b\u00e9douin","breadcrumb":{"@id":"https:\/\/hurghadalovers.com\/fr\/tours\/el-gouna-morning-quad-biking-tour\/#breadcrumb"},"inLanguage":"fr-FR","potentialAction":[{"@type":"ReadAction","target":["https:\/\/hurghadalovers.com\/fr\/tours\/el-gouna-morning-quad-biking-tour\/"]}]},{"@type":"ImageObject","inLanguage":"fr-FR","@id":"https:\/\/hurghadalovers.com\/fr\/tours\/el-gouna-morning-quad-biking-tour\/#primaryimage","url":"https:\/\/hurghadalovers.com\/wp-content\/uploads\/2023\/08\/Hurghada-Quad-Biking-on-the-Beach-Trip-2026.jpeg","contentUrl":"https:\/\/hurghadalovers.com\/wp-content\/uploads\/2023\/08\/Hurghada-Quad-Biking-on-the-Beach-Trip-2026.jpeg","width":1156,"height":867,"caption":"Hurghada Quad Biking on the Beach Trip 2026"},{"@type":"BreadcrumbList","@id":"https:\/\/hurghadalovers.com\/fr\/tours\/el-gouna-morning-quad-biking-tour\/#breadcrumb","itemListElement":[{"@type":"ListItem","position":1,"name":"Home","item":"https:\/\/hurghadalovers.com\/fr\/"},{"@type":"ListItem","position":2,"name":"Shop","item":"https:\/\/hurghadalovers.com\/fr\/shop\/"},{"@type":"ListItem","position":3,"name":"Safari en quad \u00e0 El Gouna"}]},{"@type":"WebSite","@id":"https:\/\/hurghadalovers.com\/fr\/#website","url":"https:\/\/hurghadalovers.com\/fr\/","name":"Hurghada Excursions & Day Trips | Booking Best Prices Tours","description":"Hurghada Lovers - Best Tour Operator - Excursions &amp; Things to do for Family Day Trips with kids and Couples Romantic. Unique .Hidden gems","publisher":{"@id":"https:\/\/hurghadalovers.com\/fr\/#organization"},"alternateName":"Hurghada Excursions","potentialAction":[{"@type":"SearchAction","target":{"@type":"EntryPoint","urlTemplate":"https:\/\/hurghadalovers.com\/fr\/?s={search_term_string}"},"query-input":{"@type":"PropertyValueSpecification","valueRequired":true,"valueName":"search_term_string"}}],"inLanguage":"fr-FR"},{"@type":["Organization","Place","TravelAgency"],"@id":"https:\/\/hurghadalovers.com\/fr\/#organization","name":"Hurghada Excursions","url":"https:\/\/hurghadalovers.com\/fr\/","logo":{"@id":"https:\/\/hurghadalovers.com\/fr\/tours\/el-gouna-morning-quad-biking-tour\/#local-main-organization-logo"},"image":{"@id":"https:\/\/hurghadalovers.com\/fr\/tours\/el-gouna-morning-quad-biking-tour\/#local-main-organization-logo"},"sameAs":["https:\/\/www.facebook.com\/Hurghadaloversegypt"],"address":{"@id":"https:\/\/hurghadalovers.com\/fr\/tours\/el-gouna-morning-quad-biking-tour\/#local-main-place-address"},"telephone":["00201112596434"],"contactPoint":{"@type":"ContactPoint","telephone":"00201112596434","email":"weyouface@gmail.com"},"openingHoursSpecification":{"@type":"OpeningHoursSpecification","dayOfWeek":["Monday","Tuesday","Wednesday","Thursday","Friday","Saturday","Sunday"],"opens":"00:00","closes":"23:59"},"email":"weyouface@gmail.com","areaServed":"Luxor, Hurghada, El Gouna, Aswan, Sharm El Sheikh, Giza, Alexandria, Marsa Alam, Quseir, Soma Bay, Sahl Hasheesh, Red Sea, Makadi Bay, Cairo","priceRange":"$","currenciesAccepted":"euro","paymentAccepted":"cash on site"},{"@type":"PostalAddress","@id":"https:\/\/hurghadalovers.com\/fr\/tours\/el-gouna-morning-quad-biking-tour\/#local-main-place-address","streetAddress":"17 Banks street, Alkawther area, top nbk bank","addressLocality":"hurghada","postalCode":"84511","addressRegion":"red sea","addressCountry":"EG"},{"@type":"ImageObject","inLanguage":"fr-FR","@id":"https:\/\/hurghadalovers.com\/fr\/tours\/el-gouna-morning-quad-biking-tour\/#local-main-organization-logo","url":"https:\/\/hurghadalovers.com\/wp-content\/uploads\/2019\/10\/hurghada-excursions-logo.png","contentUrl":"https:\/\/hurghadalovers.com\/wp-content\/uploads\/2019\/10\/hurghada-excursions-logo.png","width":272,"height":90,"caption":"Hurghada Excursions"}]},"product_brand":"Que faire \u00e0 El Gouna","product_price_amount":"35","product_price_currency":"EUR","og_availability":"instock","product_availability":"instock","product_retailer_item_id":"Gouna972024","product_condition":"new","geo.placename":"hurghada","geo.region":"\u00c9gypte"},"_links":{"self":[{"href":"https:\/\/hurghadalovers.com\/fr\/wp-json\/wp\/v2\/product\/396343","targetHints":{"allow":["GET"]}}],"collection":[{"href":"https:\/\/hurghadalovers.com\/fr\/wp-json\/wp\/v2\/product"}],"about":[{"href":"https:\/\/hurghadalovers.com\/fr\/wp-json\/wp\/v2\/types\/product"}],"wp:featuredmedia":[{"embeddable":true,"href":"https:\/\/hurghadalovers.com\/fr\/wp-json\/wp\/v2\/media\/932475"}],"wp:attachment":[{"href":"https:\/\/hurghadalovers.com\/fr\/wp-json\/wp\/v2\/media?parent=396343"}],"wp:term":[{"taxonomy":"product_brand","embeddable":true,"href":"https:\/\/hurghadalovers.com\/fr\/wp-json\/wp\/v2\/product_brand?post=396343"},{"taxonomy":"product_cat","embeddable":true,"href":"https:\/\/hurghadalovers.com\/fr\/wp-json\/wp\/v2\/product_cat?post=396343"},{"taxonomy":"product_tag","embeddable":true,"href":"https:\/\/hurghadalovers.com\/fr\/wp-json\/wp\/v2\/product_tag?post=396343"}],"curies":[{"name":"wp","href":"https:\/\/api.w.org\/{rel}","templated":true}]}}