{"id":396143,"date":"2023-09-04T09:39:11","date_gmt":"2023-09-04T09:43:30","guid":{"rendered":"https:\/\/hurghadalovers.com\/shop\/non class\u00e9\/safari-matinal-en-jeep-a-partir-del-gouna\/"},"modified":"2026-02-08T05:12:19","modified_gmt":"2026-02-08T05:12:19","slug":"excursion-matinale-en-jeep-safari-au-depart-del-gouna","status":"publish","type":"product","link":"https:\/\/hurghadalovers.com\/fr\/tours\/excursion-matinale-en-jeep-safari-au-depart-del-gouna\/","title":{"rendered":"Safari matinal en jeep \u00e0 partir d&rsquo;El Gouna"},"content":{"rendered":"<p><strong>Safari matinal en jeep \u00e0 partir d&rsquo;<\/strong><strong>El Gouna<\/strong> avec quad ATV, voiture araign\u00e9e et voiture 4\u00d74 jusqu&rsquo;au village b\u00e9douin avec promenade \u00e0 dos de chameau et plus encore.<\/p>\n<p style=\"text-align: center;\"><span style=\"color: #ff0000;\">Meilleures choses \u00e0 faire \u00e0 El Gouna pour les <strong>familles avec enfants<\/strong>, les <strong>seniors<\/strong>, les <strong>romantiques<\/strong> et les <strong>couples en lune de miel<\/strong>.<\/span><\/p>\n<p>&nbsp;<\/p>\n<p><strong>Faits marquants :<\/strong><\/p>\n<ol>\n<li>Voiture Jeep 4\u00d74.<\/li>\n<li>Balade en quad.<\/li>\n<li>Voiture araign\u00e9e.<\/li>\n<li>Promenade \u00e0 dos de chameau.<\/li>\n<li>Village b\u00e9douin.<\/li>\n<\/ol>\n<p><strong>D\u00e9tails :<\/strong><\/p>\n<ul>\n<li>Disponibilit\u00e9 des visites : Tous les jours.<\/li>\n<li>Type d&rsquo;excursion : Groupe.<\/li>\n<li>Heure de prise en charge : \u00e0 partir de 07:30 A.M.<\/li>\n<li>Heure de prise en charge : 14h00.<\/li>\n<li>Dur\u00e9e de la formation : 5 heures<\/li>\n<\/ul>\n<p><strong>R\u00e9servez maintenant et payez plus tard :<\/strong><\/p>\n<ul>\n<li>Paiement en esp\u00e8ces sur place pour le guide.<\/li>\n<li>Paiement en livres \u00e9gyptiennes, $, \u20ac ou \u00a3.<\/li>\n<\/ul>\n<p><strong>Politique d&rsquo;annulation :<\/strong><\/p>\n<ul>\n<li>vous annulez jusqu&rsquo;\u00e0 24 heures \u00e0 l&rsquo;avance.<\/li>\n<li>Si l&rsquo;un des membres de votre famille annule la matin\u00e9e, vous payez 50 % des frais.<\/li>\n<\/ul>\n<p><strong>Qu&rsquo;est-ce qui est inclus ?<\/strong><\/p>\n<ul>\n<li>Transfert depuis les h\u00f4tels d&rsquo;El Gouna \u00ab\u00a0Prise en charge et retour \u00e0 l&rsquo;h\u00f4tel\u00a0\u00bb.<\/li>\n<li>Toutes les taxes, les droits d&rsquo;entr\u00e9e et les frais de manutention.<\/li>\n<li>Transferts.<\/li>\n<li>Guide touristique.<\/li>\n<li>Casque.<\/li>\n<\/ul>\n<p><strong>Exclusions ?<\/strong><\/p>\n<ul>\n<li>Foulard<\/li>\n<li>Lunettes de protection<\/li>\n<li>Pourboires.<\/li>\n<li>Photographie pour le voyage.<\/li>\n<li>Tous les extras non mentionn\u00e9s.<\/li>\n<\/ul>\n<p><strong>Les prix :<\/strong><\/p>\n<ul>\n<li><strong>Prix adulte = 30$ par personne<\/strong>.<\/li>\n<li>Prix pour les enfants \u00ab\u00a05-12\u2033= 50%.<\/li>\n<li>pour les enfants \u00ab\u00a00-5\u2033= Gratuit.<\/li>\n<\/ul>\n<p><strong>Critiques :<\/strong><\/p>\n<p>consultez notre Google Map Reviews comme Meilleur <a href=\"https:\/\/g.page\/r\/CUeYvkngP3wkEBM\/review\">Tour Op\u00e9rateur \u00e0 Hurghada<\/a> en ligne \u00e0 <a href=\"https:\/\/hurghadalovers.com\/\">Hurghada<\/a> Egypte.<\/p>\n<p><strong>R\u00e9servation :<\/strong><\/p>\n<p>Envoyez l&rsquo;h\u00f4tel + le num\u00e9ro de la chambre + la photo du passeport \u00e0 WhatsApp : <strong>+201112596434<\/strong><\/p>\n<p>Si vous \u00eates en Egypte, r\u00e9servez d\u00e8s maintenant en ligne et confirmez votre arriv\u00e9e \u00e0 l&rsquo;h\u00f4tel.<\/p>\n<p>&nbsp;<\/p>\n<p>&nbsp;<\/p>\n","protected":false},"excerpt":{"rendered":"<p><strong>Safari matinal en jeep \u00e0 partir d&rsquo;<\/strong><strong>El Gouna<\/strong> avec quad ATV, voiture araign\u00e9e et voiture 4\u00d74 jusqu&rsquo;au village b\u00e9douin avec promenade \u00e0 dos de chameau et plus encore.<\/p>\n<p style=\"text-align: center;\"><span style=\"color: #ff0000;\">Meilleures choses \u00e0 faire \u00e0 El Gouna pour les <strong>familles avec enfants<\/strong>,<\/span><\/p>\n","protected":false},"featured_media":996266,"template":"","meta":{"_joinchat":[]},"product_brand":[],"product_cat":[29818],"product_tag":[],"class_list":{"0":"post-396143","1":"product","2":"type-product","3":"status-publish","4":"has-post-thumbnail","6":"product_cat-tour-fr","7":"tour_category-que-faire-a-el-gouna","8":"tour_category-safari-en-quad-a-el-gouna","10":"first","11":"instock","12":"sale","13":"shipping-taxable","14":"purchasable","15":"product-type-tour"},"yoast_head":"<!-- This site is optimized with the Yoast SEO Premium plugin v26.9 (Yoast SEO v27.2) - https:\/\/yoast.com\/product\/yoast-seo-premium-wordpress\/ -->\n<title>Safari matinal en jeep \u00e0 partir d&#039;El Gouna avec quad ATV<\/title>\n<meta name=\"description\" content=\"Safari matinal en jeep \u00e0 partir d&#039;El Gouna avec quad ATV, voiture araign\u00e9e et voiture 4\u00d74 jusqu&#039;au village b\u00e9douin avec promenade \u00e0 dos de chameau et plus encore. Meilleures choses \u00e0 faire en\" \/>\n<meta name=\"robots\" content=\"index, follow, max-snippet:-1, max-image-preview:large, max-video-preview:-1\" \/>\n<link rel=\"canonical\" href=\"https:\/\/hurghadalovers.com\/fr\/tours\/excursion-matinale-en-jeep-safari-au-depart-del-gouna\/\" \/>\n<meta property=\"og:locale\" content=\"fr_FR\" \/>\n<meta property=\"og:type\" content=\"article\" \/>\n<meta property=\"og:title\" content=\"Safari matinal en jeep \u00e0 partir d&#039;El Gouna\" \/>\n<meta property=\"og:description\" content=\"Safari matinal en jeep \u00e0 partir d&#039;El Gouna avec quad ATV, voiture araign\u00e9e et voiture 4\u00d74 jusqu&#039;au village b\u00e9douin avec promenade \u00e0 dos de chameau et plus encore. Meilleures choses \u00e0 faire en\" \/>\n<meta property=\"og:url\" content=\"https:\/\/hurghadalovers.com\/fr\/tours\/excursion-matinale-en-jeep-safari-au-depart-del-gouna\/\" \/>\n<meta property=\"og:site_name\" content=\"Hurghada Excursions &amp; Day Trips | Booking Best Prices Tours\" \/>\n<meta property=\"article:publisher\" content=\"https:\/\/www.facebook.com\/Hurghadaloversegypt\" \/>\n<meta property=\"article:modified_time\" content=\"2026-02-08T05:12:19+00:00\" \/>\n<meta property=\"og:image\" content=\"https:\/\/hurghadalovers.com\/wp-content\/uploads\/2023\/08\/super-safari-hurghada.jpeg\" \/>\n\t<meta property=\"og:image:width\" content=\"1280\" \/>\n\t<meta property=\"og:image:height\" content=\"960\" \/>\n\t<meta property=\"og:image:type\" content=\"image\/jpeg\" \/>\n<meta name=\"twitter:card\" content=\"summary_large_image\" \/>\n<meta name=\"twitter:label1\" content=\"Prix\" \/>\n\t<meta name=\"twitter:data1\" content=\"&euro;&nbsp;40\" \/>\n\t<meta name=\"twitter:label2\" content=\"Disponibilit\u00e9\" \/>\n\t<meta name=\"twitter:data2\" content=\"En stock\" \/>\n<script type=\"application\/ld+json\" class=\"yoast-schema-graph\">{\"@context\":\"https:\/\/schema.org\",\"@graph\":[{\"@type\":[\"WebPage\",\"ItemPage\"],\"@id\":\"https:\/\/hurghadalovers.com\/fr\/tours\/excursion-matinale-en-jeep-safari-au-depart-del-gouna\/\",\"url\":\"https:\/\/hurghadalovers.com\/fr\/tours\/excursion-matinale-en-jeep-safari-au-depart-del-gouna\/\",\"name\":\"Safari matinal en jeep \u00e0 partir d'El Gouna avec quad ATV\",\"isPartOf\":{\"@id\":\"https:\/\/hurghadalovers.com\/fr\/#website\"},\"primaryImageOfPage\":{\"@id\":\"https:\/\/hurghadalovers.com\/fr\/tours\/excursion-matinale-en-jeep-safari-au-depart-del-gouna\/#primaryimage\"},\"image\":{\"@id\":\"https:\/\/hurghadalovers.com\/fr\/tours\/excursion-matinale-en-jeep-safari-au-depart-del-gouna\/#primaryimage\"},\"thumbnailUrl\":\"https:\/\/hurghadalovers.com\/wp-content\/uploads\/2023\/08\/super-safari-hurghada.jpeg\",\"datePublished\":\"2023-09-04T09:43:30+00:00\",\"dateModified\":\"2026-02-08T05:12:19+00:00\",\"description\":\"Safari matinal en jeep \u00e0 partir d'El Gouna avec quad ATV, voiture araign\u00e9e et voiture 4\u00d74 jusqu'au village b\u00e9douin avec promenade \u00e0 dos de chameau et plus encore. Meilleures choses \u00e0 faire en\",\"breadcrumb\":{\"@id\":\"https:\/\/hurghadalovers.com\/fr\/tours\/excursion-matinale-en-jeep-safari-au-depart-del-gouna\/#breadcrumb\"},\"inLanguage\":\"fr-FR\",\"potentialAction\":[{\"@type\":\"ReadAction\",\"target\":[\"https:\/\/hurghadalovers.com\/fr\/tours\/excursion-matinale-en-jeep-safari-au-depart-del-gouna\/\"]}]},{\"@type\":\"ImageObject\",\"inLanguage\":\"fr-FR\",\"@id\":\"https:\/\/hurghadalovers.com\/fr\/tours\/excursion-matinale-en-jeep-safari-au-depart-del-gouna\/#primaryimage\",\"url\":\"https:\/\/hurghadalovers.com\/wp-content\/uploads\/2023\/08\/super-safari-hurghada.jpeg\",\"contentUrl\":\"https:\/\/hurghadalovers.com\/wp-content\/uploads\/2023\/08\/super-safari-hurghada.jpeg\",\"width\":1280,\"height\":960,\"caption\":\"super safari hurghada\"},{\"@type\":\"BreadcrumbList\",\"@id\":\"https:\/\/hurghadalovers.com\/fr\/tours\/excursion-matinale-en-jeep-safari-au-depart-del-gouna\/#breadcrumb\",\"itemListElement\":[{\"@type\":\"ListItem\",\"position\":1,\"name\":\"Home\",\"item\":\"https:\/\/hurghadalovers.com\/fr\/\"},{\"@type\":\"ListItem\",\"position\":2,\"name\":\"Shop\",\"item\":\"https:\/\/hurghadalovers.com\/fr\/shop\/\"},{\"@type\":\"ListItem\",\"position\":3,\"name\":\"Safari matinal en jeep \u00e0 partir d&rsquo;El Gouna\"}]},{\"@type\":\"WebSite\",\"@id\":\"https:\/\/hurghadalovers.com\/fr\/#website\",\"url\":\"https:\/\/hurghadalovers.com\/fr\/\",\"name\":\"Hurghada Excursions & Day Trips | Booking Best Prices Tours\",\"description\":\"Hurghada Lovers - Best Tour Operator - Excursions &amp; Things to do for Family Day Trips with kids and Couples Romantic. Unique .Hidden gems\",\"publisher\":{\"@id\":\"https:\/\/hurghadalovers.com\/fr\/#organization\"},\"alternateName\":\"Hurghada Excursions\",\"potentialAction\":[{\"@type\":\"SearchAction\",\"target\":{\"@type\":\"EntryPoint\",\"urlTemplate\":\"https:\/\/hurghadalovers.com\/fr\/?s={search_term_string}\"},\"query-input\":{\"@type\":\"PropertyValueSpecification\",\"valueRequired\":true,\"valueName\":\"search_term_string\"}}],\"inLanguage\":\"fr-FR\"},{\"@type\":[\"Organization\",\"Place\",\"TravelAgency\"],\"@id\":\"https:\/\/hurghadalovers.com\/fr\/#organization\",\"name\":\"Hurghada Excursions\",\"url\":\"https:\/\/hurghadalovers.com\/fr\/\",\"logo\":{\"@id\":\"https:\/\/hurghadalovers.com\/fr\/tours\/excursion-matinale-en-jeep-safari-au-depart-del-gouna\/#local-main-organization-logo\"},\"image\":{\"@id\":\"https:\/\/hurghadalovers.com\/fr\/tours\/excursion-matinale-en-jeep-safari-au-depart-del-gouna\/#local-main-organization-logo\"},\"sameAs\":[\"https:\/\/www.facebook.com\/Hurghadaloversegypt\"],\"address\":{\"@id\":\"https:\/\/hurghadalovers.com\/fr\/tours\/excursion-matinale-en-jeep-safari-au-depart-del-gouna\/#local-main-place-address\"},\"telephone\":[\"00201112596434\"],\"contactPoint\":{\"@type\":\"ContactPoint\",\"telephone\":\"00201112596434\",\"email\":\"weyouface@gmail.com\"},\"openingHoursSpecification\":{\"@type\":\"OpeningHoursSpecification\",\"dayOfWeek\":[\"Monday\",\"Tuesday\",\"Wednesday\",\"Thursday\",\"Friday\",\"Saturday\",\"Sunday\"],\"opens\":\"00:00\",\"closes\":\"23:59\"},\"email\":\"weyouface@gmail.com\",\"areaServed\":\"Luxor, Hurghada, El Gouna, Aswan, Sharm El Sheikh, Giza, Alexandria, Marsa Alam, Quseir, Soma Bay, Sahl Hasheesh, Red Sea, Makadi Bay, Cairo\",\"priceRange\":\"$\",\"currenciesAccepted\":\"euro\",\"paymentAccepted\":\"cash on site\"},{\"@type\":\"PostalAddress\",\"@id\":\"https:\/\/hurghadalovers.com\/fr\/tours\/excursion-matinale-en-jeep-safari-au-depart-del-gouna\/#local-main-place-address\",\"streetAddress\":\"17 Banks street, Alkawther area, top nbk bank\",\"addressLocality\":\"hurghada\",\"postalCode\":\"84511\",\"addressRegion\":\"red sea\",\"addressCountry\":\"EG\"},{\"@type\":\"ImageObject\",\"inLanguage\":\"fr-FR\",\"@id\":\"https:\/\/hurghadalovers.com\/fr\/tours\/excursion-matinale-en-jeep-safari-au-depart-del-gouna\/#local-main-organization-logo\",\"url\":\"https:\/\/hurghadalovers.com\/wp-content\/uploads\/2019\/10\/hurghada-excursions-logo.png\",\"contentUrl\":\"https:\/\/hurghadalovers.com\/wp-content\/uploads\/2019\/10\/hurghada-excursions-logo.png\",\"width\":272,\"height\":90,\"caption\":\"Hurghada Excursions\"}]}<\/script>\n<meta property=\"product:brand\" content=\"Que faire \u00e0 El Gouna\" \/>\n<meta property=\"product:price:amount\" content=\"40\" \/>\n<meta property=\"product:price:currency\" content=\"EUR\" \/>\n<meta property=\"og:availability\" content=\"instock\" \/>\n<meta property=\"product:availability\" content=\"instock\" \/>\n<meta property=\"product:retailer_item_id\" content=\"Gouna932024\" \/>\n<meta property=\"product:condition\" content=\"new\" \/>\n<meta name=\"geo.placename\" content=\"hurghada\" \/>\n<meta name=\"geo.region\" content=\"\u00c9gypte\" \/>\n<!-- \/ Yoast SEO Premium plugin. -->","yoast_head_json":{"title":"Safari matinal en jeep \u00e0 partir d'El Gouna avec quad ATV","description":"Safari matinal en jeep \u00e0 partir d'El Gouna avec quad ATV, voiture araign\u00e9e et voiture 4\u00d74 jusqu'au village b\u00e9douin avec promenade \u00e0 dos de chameau et plus encore. Meilleures choses \u00e0 faire en","robots":{"index":"index","follow":"follow","max-snippet":"max-snippet:-1","max-image-preview":"max-image-preview:large","max-video-preview":"max-video-preview:-1"},"canonical":"https:\/\/hurghadalovers.com\/fr\/tours\/excursion-matinale-en-jeep-safari-au-depart-del-gouna\/","og_locale":"fr_FR","og_type":"article","og_title":"Safari matinal en jeep \u00e0 partir d'El Gouna","og_description":"Safari matinal en jeep \u00e0 partir d'El Gouna avec quad ATV, voiture araign\u00e9e et voiture 4\u00d74 jusqu'au village b\u00e9douin avec promenade \u00e0 dos de chameau et plus encore. Meilleures choses \u00e0 faire en","og_url":"https:\/\/hurghadalovers.com\/fr\/tours\/excursion-matinale-en-jeep-safari-au-depart-del-gouna\/","og_site_name":"Hurghada Excursions &amp; Day Trips | Booking Best Prices Tours","article_publisher":"https:\/\/www.facebook.com\/Hurghadaloversegypt","article_modified_time":"2026-02-08T05:12:19+00:00","og_image":[{"width":1280,"height":960,"url":"https:\/\/hurghadalovers.com\/wp-content\/uploads\/2023\/08\/super-safari-hurghada.jpeg","type":"image\/jpeg"}],"twitter_card":"summary_large_image","twitter_misc":{"Prix":"&euro;&nbsp;40","Disponibilit\u00e9":"En stock"},"schema":{"@context":"https:\/\/schema.org","@graph":[{"@type":["WebPage","ItemPage"],"@id":"https:\/\/hurghadalovers.com\/fr\/tours\/excursion-matinale-en-jeep-safari-au-depart-del-gouna\/","url":"https:\/\/hurghadalovers.com\/fr\/tours\/excursion-matinale-en-jeep-safari-au-depart-del-gouna\/","name":"Safari matinal en jeep \u00e0 partir d'El Gouna avec quad ATV","isPartOf":{"@id":"https:\/\/hurghadalovers.com\/fr\/#website"},"primaryImageOfPage":{"@id":"https:\/\/hurghadalovers.com\/fr\/tours\/excursion-matinale-en-jeep-safari-au-depart-del-gouna\/#primaryimage"},"image":{"@id":"https:\/\/hurghadalovers.com\/fr\/tours\/excursion-matinale-en-jeep-safari-au-depart-del-gouna\/#primaryimage"},"thumbnailUrl":"https:\/\/hurghadalovers.com\/wp-content\/uploads\/2023\/08\/super-safari-hurghada.jpeg","datePublished":"2023-09-04T09:43:30+00:00","dateModified":"2026-02-08T05:12:19+00:00","description":"Safari matinal en jeep \u00e0 partir d'El Gouna avec quad ATV, voiture araign\u00e9e et voiture 4\u00d74 jusqu'au village b\u00e9douin avec promenade \u00e0 dos de chameau et plus encore. Meilleures choses \u00e0 faire en","breadcrumb":{"@id":"https:\/\/hurghadalovers.com\/fr\/tours\/excursion-matinale-en-jeep-safari-au-depart-del-gouna\/#breadcrumb"},"inLanguage":"fr-FR","potentialAction":[{"@type":"ReadAction","target":["https:\/\/hurghadalovers.com\/fr\/tours\/excursion-matinale-en-jeep-safari-au-depart-del-gouna\/"]}]},{"@type":"ImageObject","inLanguage":"fr-FR","@id":"https:\/\/hurghadalovers.com\/fr\/tours\/excursion-matinale-en-jeep-safari-au-depart-del-gouna\/#primaryimage","url":"https:\/\/hurghadalovers.com\/wp-content\/uploads\/2023\/08\/super-safari-hurghada.jpeg","contentUrl":"https:\/\/hurghadalovers.com\/wp-content\/uploads\/2023\/08\/super-safari-hurghada.jpeg","width":1280,"height":960,"caption":"super safari hurghada"},{"@type":"BreadcrumbList","@id":"https:\/\/hurghadalovers.com\/fr\/tours\/excursion-matinale-en-jeep-safari-au-depart-del-gouna\/#breadcrumb","itemListElement":[{"@type":"ListItem","position":1,"name":"Home","item":"https:\/\/hurghadalovers.com\/fr\/"},{"@type":"ListItem","position":2,"name":"Shop","item":"https:\/\/hurghadalovers.com\/fr\/shop\/"},{"@type":"ListItem","position":3,"name":"Safari matinal en jeep \u00e0 partir d&rsquo;El Gouna"}]},{"@type":"WebSite","@id":"https:\/\/hurghadalovers.com\/fr\/#website","url":"https:\/\/hurghadalovers.com\/fr\/","name":"Hurghada Excursions & Day Trips | Booking Best Prices Tours","description":"Hurghada Lovers - Best Tour Operator - Excursions &amp; Things to do for Family Day Trips with kids and Couples Romantic. Unique .Hidden gems","publisher":{"@id":"https:\/\/hurghadalovers.com\/fr\/#organization"},"alternateName":"Hurghada Excursions","potentialAction":[{"@type":"SearchAction","target":{"@type":"EntryPoint","urlTemplate":"https:\/\/hurghadalovers.com\/fr\/?s={search_term_string}"},"query-input":{"@type":"PropertyValueSpecification","valueRequired":true,"valueName":"search_term_string"}}],"inLanguage":"fr-FR"},{"@type":["Organization","Place","TravelAgency"],"@id":"https:\/\/hurghadalovers.com\/fr\/#organization","name":"Hurghada Excursions","url":"https:\/\/hurghadalovers.com\/fr\/","logo":{"@id":"https:\/\/hurghadalovers.com\/fr\/tours\/excursion-matinale-en-jeep-safari-au-depart-del-gouna\/#local-main-organization-logo"},"image":{"@id":"https:\/\/hurghadalovers.com\/fr\/tours\/excursion-matinale-en-jeep-safari-au-depart-del-gouna\/#local-main-organization-logo"},"sameAs":["https:\/\/www.facebook.com\/Hurghadaloversegypt"],"address":{"@id":"https:\/\/hurghadalovers.com\/fr\/tours\/excursion-matinale-en-jeep-safari-au-depart-del-gouna\/#local-main-place-address"},"telephone":["00201112596434"],"contactPoint":{"@type":"ContactPoint","telephone":"00201112596434","email":"weyouface@gmail.com"},"openingHoursSpecification":{"@type":"OpeningHoursSpecification","dayOfWeek":["Monday","Tuesday","Wednesday","Thursday","Friday","Saturday","Sunday"],"opens":"00:00","closes":"23:59"},"email":"weyouface@gmail.com","areaServed":"Luxor, Hurghada, El Gouna, Aswan, Sharm El Sheikh, Giza, Alexandria, Marsa Alam, Quseir, Soma Bay, Sahl Hasheesh, Red Sea, Makadi Bay, Cairo","priceRange":"$","currenciesAccepted":"euro","paymentAccepted":"cash on site"},{"@type":"PostalAddress","@id":"https:\/\/hurghadalovers.com\/fr\/tours\/excursion-matinale-en-jeep-safari-au-depart-del-gouna\/#local-main-place-address","streetAddress":"17 Banks street, Alkawther area, top nbk bank","addressLocality":"hurghada","postalCode":"84511","addressRegion":"red sea","addressCountry":"EG"},{"@type":"ImageObject","inLanguage":"fr-FR","@id":"https:\/\/hurghadalovers.com\/fr\/tours\/excursion-matinale-en-jeep-safari-au-depart-del-gouna\/#local-main-organization-logo","url":"https:\/\/hurghadalovers.com\/wp-content\/uploads\/2019\/10\/hurghada-excursions-logo.png","contentUrl":"https:\/\/hurghadalovers.com\/wp-content\/uploads\/2019\/10\/hurghada-excursions-logo.png","width":272,"height":90,"caption":"Hurghada Excursions"}]},"product_brand":"Que faire \u00e0 El Gouna","product_price_amount":"40","product_price_currency":"EUR","og_availability":"instock","product_availability":"instock","product_retailer_item_id":"Gouna932024","product_condition":"new","geo.placename":"hurghada","geo.region":"\u00c9gypte"},"_links":{"self":[{"href":"https:\/\/hurghadalovers.com\/fr\/wp-json\/wp\/v2\/product\/396143","targetHints":{"allow":["GET"]}}],"collection":[{"href":"https:\/\/hurghadalovers.com\/fr\/wp-json\/wp\/v2\/product"}],"about":[{"href":"https:\/\/hurghadalovers.com\/fr\/wp-json\/wp\/v2\/types\/product"}],"wp:featuredmedia":[{"embeddable":true,"href":"https:\/\/hurghadalovers.com\/fr\/wp-json\/wp\/v2\/media\/996266"}],"wp:attachment":[{"href":"https:\/\/hurghadalovers.com\/fr\/wp-json\/wp\/v2\/media?parent=396143"}],"wp:term":[{"taxonomy":"product_brand","embeddable":true,"href":"https:\/\/hurghadalovers.com\/fr\/wp-json\/wp\/v2\/product_brand?post=396143"},{"taxonomy":"product_cat","embeddable":true,"href":"https:\/\/hurghadalovers.com\/fr\/wp-json\/wp\/v2\/product_cat?post=396143"},{"taxonomy":"product_tag","embeddable":true,"href":"https:\/\/hurghadalovers.com\/fr\/wp-json\/wp\/v2\/product_tag?post=396143"}],"curies":[{"name":"wp","href":"https:\/\/api.w.org\/{rel}","templated":true}]}}