{"id":395245,"date":"2023-09-03T14:25:00","date_gmt":"2023-09-03T14:25:00","guid":{"rendered":"https:\/\/hurghadalovers.com\/shop\/non%20class\u00e9\/location-dun-bateau-rapide-a-el-gouna-pour-lile-de-la-baie-dorange\/"},"modified":"2026-02-09T20:23:23","modified_gmt":"2026-02-09T20:23:23","slug":"el-gouna-speedboat-rental-to-orange-bay-island","status":"publish","type":"product","link":"https:\/\/hurghadalovers.com\/fr\/tours\/el-gouna-speedboat-rental-to-orange-bay-island\/","title":{"rendered":"Location d&rsquo;un bateau rapide \u00e0 El Gouna pour l&rsquo;\u00eele de la baie d&rsquo;Orange"},"content":{"rendered":"<p><strong>Location de bateau rapide \u00e0 <\/strong><strong>El Gouna<\/strong> <strong>pour l&rsquo;\u00eele d&rsquo;Orange Bay <\/strong>avec billets, plong\u00e9e en apn\u00e9e et transfert.<\/p>\n<p>Profitez d&rsquo;une journ\u00e9e sp\u00e9ciale et d&rsquo;une exp\u00e9rience unique avec plus d&rsquo;<strong>intimit\u00e9<\/strong> et de <strong>luxe<\/strong>, et allez avec votre famille et vos amis sur les plus belles plages de l&rsquo;<strong>\u00eele de Giftun<\/strong> et nagez dans les plus beaux endroits des <strong>r\u00e9cifs coralliens<\/strong>.<\/p>\n<p>Nous proposons uniquement la r\u00e9servation d&rsquo;un bateau rapide priv\u00e9 pour l&rsquo;<strong>\u00eele d&rsquo;Orange Bay<\/strong>, avec des billets, pour profiter de la plage pendant 4 \u00e0 5 heures et revenir.<\/p>\n<p>&nbsp;<\/p>\n<p><strong>Faits marquants :<\/strong><\/p>\n<ul>\n<li>un Spot Snorkeling House Reef.<\/li>\n<li>2-5 h \u00e0 Orange Bay Island Beach.<\/li>\n<\/ul>\n<p><strong>D\u00e9tails :<\/strong><\/p>\n<ul>\n<li>Disponibilit\u00e9 des visites : Tous les jours.<\/li>\n<li>Type de visite : Priv\u00e9.<\/li>\n<li>Heure de prise en charge : \u00e0 partir de 07h30 ou de 12h30.<\/li>\n<li>Heure de prise en charge : 13:00 ou 18:00.<\/li>\n<li>Accessible aux fauteuils roulants.<\/li>\n<li>Dur\u00e9e : 4 heures<\/li>\n<\/ul>\n<p><strong>R\u00e9servez maintenant et payez plus tard :<\/strong><\/p>\n<ul>\n<li>Paiement en esp\u00e8ces sur place pour le guide.<\/li>\n<li>Paiement en livres \u00e9gyptiennes, $, \u20ac ou \u00a3.<\/li>\n<\/ul>\n<p><strong>Politique d&rsquo;annulation :<\/strong><\/p>\n<ul>\n<li>vous annulez jusqu&rsquo;\u00e0 24 heures \u00e0 l&rsquo;avance.<\/li>\n<li>Si l&rsquo;un des membres de votre famille annule la matin\u00e9e, vous payez 50 % des frais.<\/li>\n<\/ul>\n<p><strong>Qu&rsquo;est-ce qui est inclus ?<\/strong><\/p>\n<ul>\n<li>Transfert depuis les h\u00f4tels d&rsquo;El Gouna \u00ab\u00a0Prise en charge et retour \u00e0 l&rsquo;h\u00f4tel\u00a0\u00bb.<\/li>\n<li>Toutes les taxes, les droits d&rsquo;entr\u00e9e et les frais de manutention.<\/li>\n<li>Eau min\u00e9rale + Cola.<\/li>\n<li>un site de plong\u00e9e avec masque et tuba.<\/li>\n<li>\u00c9quipement de plong\u00e9e avec tuba \u00ab\u00a0masques et palmes\u00a0\u00bb.<\/li>\n<li>2-5 h \u00e0 <strong>Orange Bay Island<\/strong> <strong>Beach<\/strong>.<\/li>\n<\/ul>\n<p><strong>Exclusions ?<\/strong><\/p>\n<ul>\n<li>Pourboires.<\/li>\n<li>Boissons au restaurant Orange Bay Island.<\/li>\n<li>Tous les extras non mentionn\u00e9s.<\/li>\n<\/ul>\n<p><strong>Les prix :<\/strong><\/p>\n<ul>\n<li>Location de bateau rapide pour l&rsquo;\u00eele d&rsquo;Orange Bay avec billets pour 2 personnes et transfert = 220$.<\/li>\n<li>Location de bateau rapide pour l&rsquo;\u00eele d&rsquo;Orange Bay avec billets \u00ab\u00a02 personnes\u00a0\u00bb, plong\u00e9e en apn\u00e9e et transfert = 270$.<\/li>\n<li><strong>Jusqu&rsquo;\u00e0 2 personnes Billet suppl\u00e9mentaire = 5$ par personne.<\/strong><\/li>\n<\/ul>\n<p>&nbsp;<\/p>\n<p><strong>Critiques :<\/strong><\/p>\n<p>consultez notre Google Map Reviews comme Meilleur <a href=\"https:\/\/g.page\/r\/CUeYvkngP3wkEBM\/review\">Tour Op\u00e9rateur \u00e0 Hurghada<\/a> en ligne \u00e0 <a href=\"https:\/\/hurghadalovers.com\/\">Hurghada<\/a> Egypte.<\/p>\n<p>&nbsp;<\/p>\n<p><strong>R\u00e9servation :<\/strong><\/p>\n<p>Envoyez l&rsquo;h\u00f4tel + le num\u00e9ro de la chambre + la photo du passeport \u00e0 WhatsApp : <strong>+201112596434<\/strong><\/p>\n<p>Si vous \u00eates en Egypte, r\u00e9servez d\u00e8s maintenant en ligne et confirmez votre arriv\u00e9e \u00e0 l&rsquo;h\u00f4tel.<\/p>\n<p>&nbsp;<\/p>\n<p>&nbsp;<\/p>\n","protected":false},"excerpt":{"rendered":"<p><strong>Location de bateau rapide \u00e0 <\/strong><strong>El Gouna<\/strong> <strong>pour l&rsquo;\u00eele d&rsquo;Orange Bay <\/strong>avec billets, plong\u00e9e en apn\u00e9e et transfert. Profitez d&rsquo;une journ\u00e9e sp\u00e9ciale et d&rsquo;une exp\u00e9rience unique avec plus d&rsquo;<strong>intimit\u00e9<\/strong> et de <strong>luxe<\/strong>.<\/p>\n","protected":false},"featured_media":934379,"template":"","meta":{"_joinchat":[]},"product_brand":[],"product_cat":[29818],"product_tag":[58270,58256,58287,58263,58277],"class_list":{"0":"post-395245","1":"product","2":"type-product","3":"status-publish","4":"has-post-thumbnail","6":"product_cat-tour-fr","7":"product_tag-bateau-prive-el-gouna","8":"product_tag-bateau-rapide-el-gouna","9":"product_tag-excursion-en-bateau-prive-a-el-gouna","10":"product_tag-location-de-bateaux-a-el-gouna","11":"product_tag-location-de-bateaux-el-gouna","12":"tour_category-plongee-sous-marine-a-el-gouna","13":"tour_category-que-faire-a-el-gouna","15":"first","16":"instock","17":"sale","18":"shipping-taxable","19":"purchasable","20":"product-type-tour"},"yoast_head":"<!-- This site is optimized with the Yoast SEO Premium plugin v26.9 (Yoast SEO v27.2) - https:\/\/yoast.com\/product\/yoast-seo-premium-wordpress\/ -->\n<title>Location d&#039;un bateau rapide \u00e0 El Gouna pour l&#039;\u00eele de la baie d&#039;Orange avec billets<\/title>\n<meta name=\"description\" content=\"Location de bateau rapide \u00e0 El Gouna pour l&#039;\u00eele d&#039;Orange Bay avec billets, plong\u00e9e en apn\u00e9e et transfert. Profitez d&#039;une journ\u00e9e sp\u00e9ciale et d&#039;une exp\u00e9rience unique en b\u00e9n\u00e9ficiant d&#039;une plus grande intimit\u00e9 et d&#039;un plus grand luxe.\" \/>\n<meta name=\"robots\" content=\"index, follow, max-snippet:-1, max-image-preview:large, max-video-preview:-1\" \/>\n<link rel=\"canonical\" href=\"https:\/\/hurghadalovers.com\/fr\/tours\/el-gouna-speedboat-rental-to-orange-bay-island\/\" \/>\n<meta property=\"og:locale\" content=\"fr_FR\" \/>\n<meta property=\"og:type\" content=\"article\" \/>\n<meta property=\"og:title\" content=\"Location d&#039;un bateau rapide \u00e0 El Gouna pour l&#039;\u00eele de la baie d&#039;Orange\" \/>\n<meta property=\"og:description\" content=\"Location de bateau rapide \u00e0 El Gouna pour l&#039;\u00eele d&#039;Orange Bay avec billets, plong\u00e9e en apn\u00e9e et transfert. Profitez d&#039;une journ\u00e9e sp\u00e9ciale et d&#039;une exp\u00e9rience unique en b\u00e9n\u00e9ficiant d&#039;une plus grande intimit\u00e9 et d&#039;un plus grand luxe.\" \/>\n<meta property=\"og:url\" content=\"https:\/\/hurghadalovers.com\/fr\/tours\/el-gouna-speedboat-rental-to-orange-bay-island\/\" \/>\n<meta property=\"og:site_name\" content=\"Hurghada Excursions &amp; Day Trips | Booking Best Prices Tours\" \/>\n<meta property=\"article:publisher\" content=\"https:\/\/www.facebook.com\/Hurghadaloversegypt\" \/>\n<meta property=\"article:modified_time\" content=\"2026-02-09T20:23:23+00:00\" \/>\n<meta property=\"og:image\" content=\"https:\/\/hurghadalovers.com\/wp-content\/uploads\/2023\/08\/Booking-Online-Half-Day-Snorkeling-Morning-or-Afternoon-to-Swim-with-Dolphins-House-Spot.jpeg\" \/>\n\t<meta property=\"og:image:width\" content=\"694\" \/>\n\t<meta property=\"og:image:height\" content=\"1040\" \/>\n\t<meta property=\"og:image:type\" content=\"image\/jpeg\" \/>\n<meta name=\"twitter:card\" content=\"summary_large_image\" \/>\n<meta name=\"twitter:label1\" content=\"Prix\" \/>\n\t<meta name=\"twitter:data1\" content=\"&euro;&nbsp;240\" \/>\n\t<meta name=\"twitter:label2\" content=\"Disponibilit\u00e9\" \/>\n\t<meta name=\"twitter:data2\" content=\"En stock\" \/>\n<script type=\"application\/ld+json\" class=\"yoast-schema-graph\">{\"@context\":\"https:\/\/schema.org\",\"@graph\":[{\"@type\":[\"WebPage\",\"ItemPage\"],\"@id\":\"https:\/\/hurghadalovers.com\/fr\/tours\/el-gouna-speedboat-rental-to-orange-bay-island\/\",\"url\":\"https:\/\/hurghadalovers.com\/fr\/tours\/el-gouna-speedboat-rental-to-orange-bay-island\/\",\"name\":\"Location d'un bateau rapide \u00e0 El Gouna pour l'\u00eele de la baie d'Orange avec billets\",\"isPartOf\":{\"@id\":\"https:\/\/hurghadalovers.com\/fr\/#website\"},\"primaryImageOfPage\":{\"@id\":\"https:\/\/hurghadalovers.com\/fr\/tours\/el-gouna-speedboat-rental-to-orange-bay-island\/#primaryimage\"},\"image\":{\"@id\":\"https:\/\/hurghadalovers.com\/fr\/tours\/el-gouna-speedboat-rental-to-orange-bay-island\/#primaryimage\"},\"thumbnailUrl\":\"https:\/\/hurghadalovers.com\/wp-content\/uploads\/2023\/08\/Booking-Online-Half-Day-Snorkeling-Morning-or-Afternoon-to-Swim-with-Dolphins-House-Spot.jpeg\",\"datePublished\":\"2023-09-03T14:25:00+00:00\",\"dateModified\":\"2026-02-09T20:23:23+00:00\",\"description\":\"Location de bateau rapide \u00e0 El Gouna pour l'\u00eele d'Orange Bay avec billets, plong\u00e9e en apn\u00e9e et transfert. Profitez d'une journ\u00e9e sp\u00e9ciale et d'une exp\u00e9rience unique en b\u00e9n\u00e9ficiant d'une plus grande intimit\u00e9 et d'un plus grand luxe.\",\"breadcrumb\":{\"@id\":\"https:\/\/hurghadalovers.com\/fr\/tours\/el-gouna-speedboat-rental-to-orange-bay-island\/#breadcrumb\"},\"inLanguage\":\"fr-FR\",\"potentialAction\":[{\"@type\":\"ReadAction\",\"target\":[\"https:\/\/hurghadalovers.com\/fr\/tours\/el-gouna-speedboat-rental-to-orange-bay-island\/\"]}]},{\"@type\":\"ImageObject\",\"inLanguage\":\"fr-FR\",\"@id\":\"https:\/\/hurghadalovers.com\/fr\/tours\/el-gouna-speedboat-rental-to-orange-bay-island\/#primaryimage\",\"url\":\"https:\/\/hurghadalovers.com\/wp-content\/uploads\/2023\/08\/Booking-Online-Half-Day-Snorkeling-Morning-or-Afternoon-to-Swim-with-Dolphins-House-Spot.jpeg\",\"contentUrl\":\"https:\/\/hurghadalovers.com\/wp-content\/uploads\/2023\/08\/Booking-Online-Half-Day-Snorkeling-Morning-or-Afternoon-to-Swim-with-Dolphins-House-Spot.jpeg\",\"width\":694,\"height\":1040,\"caption\":\"Booking Online Half Day Snorkeling Morning or Afternoon to Swim with Dolphins House Spot\"},{\"@type\":\"BreadcrumbList\",\"@id\":\"https:\/\/hurghadalovers.com\/fr\/tours\/el-gouna-speedboat-rental-to-orange-bay-island\/#breadcrumb\",\"itemListElement\":[{\"@type\":\"ListItem\",\"position\":1,\"name\":\"Home\",\"item\":\"https:\/\/hurghadalovers.com\/fr\/\"},{\"@type\":\"ListItem\",\"position\":2,\"name\":\"Shop\",\"item\":\"https:\/\/hurghadalovers.com\/fr\/shop\/\"},{\"@type\":\"ListItem\",\"position\":3,\"name\":\"Location d&rsquo;un bateau rapide \u00e0 El Gouna pour l&rsquo;\u00eele de la baie d&rsquo;Orange\"}]},{\"@type\":\"WebSite\",\"@id\":\"https:\/\/hurghadalovers.com\/fr\/#website\",\"url\":\"https:\/\/hurghadalovers.com\/fr\/\",\"name\":\"Hurghada Excursions & Day Trips | Booking Best Prices Tours\",\"description\":\"Hurghada Lovers - Best Tour Operator - Excursions &amp; Things to do for Family Day Trips with kids and Couples Romantic. Unique .Hidden gems\",\"publisher\":{\"@id\":\"https:\/\/hurghadalovers.com\/fr\/#organization\"},\"alternateName\":\"Hurghada Excursions\",\"potentialAction\":[{\"@type\":\"SearchAction\",\"target\":{\"@type\":\"EntryPoint\",\"urlTemplate\":\"https:\/\/hurghadalovers.com\/fr\/?s={search_term_string}\"},\"query-input\":{\"@type\":\"PropertyValueSpecification\",\"valueRequired\":true,\"valueName\":\"search_term_string\"}}],\"inLanguage\":\"fr-FR\"},{\"@type\":[\"Organization\",\"Place\",\"TravelAgency\"],\"@id\":\"https:\/\/hurghadalovers.com\/fr\/#organization\",\"name\":\"Hurghada Excursions\",\"url\":\"https:\/\/hurghadalovers.com\/fr\/\",\"logo\":{\"@id\":\"https:\/\/hurghadalovers.com\/fr\/tours\/el-gouna-speedboat-rental-to-orange-bay-island\/#local-main-organization-logo\"},\"image\":{\"@id\":\"https:\/\/hurghadalovers.com\/fr\/tours\/el-gouna-speedboat-rental-to-orange-bay-island\/#local-main-organization-logo\"},\"sameAs\":[\"https:\/\/www.facebook.com\/Hurghadaloversegypt\"],\"address\":{\"@id\":\"https:\/\/hurghadalovers.com\/fr\/tours\/el-gouna-speedboat-rental-to-orange-bay-island\/#local-main-place-address\"},\"telephone\":[\"00201112596434\"],\"contactPoint\":{\"@type\":\"ContactPoint\",\"telephone\":\"00201112596434\",\"email\":\"weyouface@gmail.com\"},\"openingHoursSpecification\":{\"@type\":\"OpeningHoursSpecification\",\"dayOfWeek\":[\"Monday\",\"Tuesday\",\"Wednesday\",\"Thursday\",\"Friday\",\"Saturday\",\"Sunday\"],\"opens\":\"00:00\",\"closes\":\"23:59\"},\"email\":\"weyouface@gmail.com\",\"areaServed\":\"Luxor, Hurghada, El Gouna, Aswan, Sharm El Sheikh, Giza, Alexandria, Marsa Alam, Quseir, Soma Bay, Sahl Hasheesh, Red Sea, Makadi Bay, Cairo\",\"priceRange\":\"$\",\"currenciesAccepted\":\"euro\",\"paymentAccepted\":\"cash on site\"},{\"@type\":\"PostalAddress\",\"@id\":\"https:\/\/hurghadalovers.com\/fr\/tours\/el-gouna-speedboat-rental-to-orange-bay-island\/#local-main-place-address\",\"streetAddress\":\"17 Banks street, Alkawther area, top nbk bank\",\"addressLocality\":\"hurghada\",\"postalCode\":\"84511\",\"addressRegion\":\"red sea\",\"addressCountry\":\"EG\"},{\"@type\":\"ImageObject\",\"inLanguage\":\"fr-FR\",\"@id\":\"https:\/\/hurghadalovers.com\/fr\/tours\/el-gouna-speedboat-rental-to-orange-bay-island\/#local-main-organization-logo\",\"url\":\"https:\/\/hurghadalovers.com\/wp-content\/uploads\/2019\/10\/hurghada-excursions-logo.png\",\"contentUrl\":\"https:\/\/hurghadalovers.com\/wp-content\/uploads\/2019\/10\/hurghada-excursions-logo.png\",\"width\":272,\"height\":90,\"caption\":\"Hurghada Excursions\"}]}<\/script>\n<meta property=\"product:brand\" content=\"Plong\u00e9e sous-marine \u00e0 El Gouna\" \/>\n<meta property=\"product:price:amount\" content=\"240\" \/>\n<meta property=\"product:price:currency\" content=\"EUR\" \/>\n<meta property=\"og:availability\" content=\"instock\" \/>\n<meta property=\"product:availability\" content=\"instock\" \/>\n<meta property=\"product:retailer_item_id\" content=\"Gouna632024\" \/>\n<meta property=\"product:condition\" content=\"new\" \/>\n<meta name=\"geo.placename\" content=\"hurghada\" \/>\n<meta name=\"geo.region\" content=\"\u00c9gypte\" \/>\n<!-- \/ Yoast SEO Premium plugin. -->","yoast_head_json":{"title":"Location d'un bateau rapide \u00e0 El Gouna pour l'\u00eele de la baie d'Orange avec billets","description":"Location de bateau rapide \u00e0 El Gouna pour l'\u00eele d'Orange Bay avec billets, plong\u00e9e en apn\u00e9e et transfert. Profitez d'une journ\u00e9e sp\u00e9ciale et d'une exp\u00e9rience unique en b\u00e9n\u00e9ficiant d'une plus grande intimit\u00e9 et d'un plus grand luxe.","robots":{"index":"index","follow":"follow","max-snippet":"max-snippet:-1","max-image-preview":"max-image-preview:large","max-video-preview":"max-video-preview:-1"},"canonical":"https:\/\/hurghadalovers.com\/fr\/tours\/el-gouna-speedboat-rental-to-orange-bay-island\/","og_locale":"fr_FR","og_type":"article","og_title":"Location d'un bateau rapide \u00e0 El Gouna pour l'\u00eele de la baie d'Orange","og_description":"Location de bateau rapide \u00e0 El Gouna pour l'\u00eele d'Orange Bay avec billets, plong\u00e9e en apn\u00e9e et transfert. Profitez d'une journ\u00e9e sp\u00e9ciale et d'une exp\u00e9rience unique en b\u00e9n\u00e9ficiant d'une plus grande intimit\u00e9 et d'un plus grand luxe.","og_url":"https:\/\/hurghadalovers.com\/fr\/tours\/el-gouna-speedboat-rental-to-orange-bay-island\/","og_site_name":"Hurghada Excursions &amp; Day Trips | Booking Best Prices Tours","article_publisher":"https:\/\/www.facebook.com\/Hurghadaloversegypt","article_modified_time":"2026-02-09T20:23:23+00:00","og_image":[{"width":694,"height":1040,"url":"https:\/\/hurghadalovers.com\/wp-content\/uploads\/2023\/08\/Booking-Online-Half-Day-Snorkeling-Morning-or-Afternoon-to-Swim-with-Dolphins-House-Spot.jpeg","type":"image\/jpeg"}],"twitter_card":"summary_large_image","twitter_misc":{"Prix":"&euro;&nbsp;240","Disponibilit\u00e9":"En stock"},"schema":{"@context":"https:\/\/schema.org","@graph":[{"@type":["WebPage","ItemPage"],"@id":"https:\/\/hurghadalovers.com\/fr\/tours\/el-gouna-speedboat-rental-to-orange-bay-island\/","url":"https:\/\/hurghadalovers.com\/fr\/tours\/el-gouna-speedboat-rental-to-orange-bay-island\/","name":"Location d'un bateau rapide \u00e0 El Gouna pour l'\u00eele de la baie d'Orange avec billets","isPartOf":{"@id":"https:\/\/hurghadalovers.com\/fr\/#website"},"primaryImageOfPage":{"@id":"https:\/\/hurghadalovers.com\/fr\/tours\/el-gouna-speedboat-rental-to-orange-bay-island\/#primaryimage"},"image":{"@id":"https:\/\/hurghadalovers.com\/fr\/tours\/el-gouna-speedboat-rental-to-orange-bay-island\/#primaryimage"},"thumbnailUrl":"https:\/\/hurghadalovers.com\/wp-content\/uploads\/2023\/08\/Booking-Online-Half-Day-Snorkeling-Morning-or-Afternoon-to-Swim-with-Dolphins-House-Spot.jpeg","datePublished":"2023-09-03T14:25:00+00:00","dateModified":"2026-02-09T20:23:23+00:00","description":"Location de bateau rapide \u00e0 El Gouna pour l'\u00eele d'Orange Bay avec billets, plong\u00e9e en apn\u00e9e et transfert. Profitez d'une journ\u00e9e sp\u00e9ciale et d'une exp\u00e9rience unique en b\u00e9n\u00e9ficiant d'une plus grande intimit\u00e9 et d'un plus grand luxe.","breadcrumb":{"@id":"https:\/\/hurghadalovers.com\/fr\/tours\/el-gouna-speedboat-rental-to-orange-bay-island\/#breadcrumb"},"inLanguage":"fr-FR","potentialAction":[{"@type":"ReadAction","target":["https:\/\/hurghadalovers.com\/fr\/tours\/el-gouna-speedboat-rental-to-orange-bay-island\/"]}]},{"@type":"ImageObject","inLanguage":"fr-FR","@id":"https:\/\/hurghadalovers.com\/fr\/tours\/el-gouna-speedboat-rental-to-orange-bay-island\/#primaryimage","url":"https:\/\/hurghadalovers.com\/wp-content\/uploads\/2023\/08\/Booking-Online-Half-Day-Snorkeling-Morning-or-Afternoon-to-Swim-with-Dolphins-House-Spot.jpeg","contentUrl":"https:\/\/hurghadalovers.com\/wp-content\/uploads\/2023\/08\/Booking-Online-Half-Day-Snorkeling-Morning-or-Afternoon-to-Swim-with-Dolphins-House-Spot.jpeg","width":694,"height":1040,"caption":"Booking Online Half Day Snorkeling Morning or Afternoon to Swim with Dolphins House Spot"},{"@type":"BreadcrumbList","@id":"https:\/\/hurghadalovers.com\/fr\/tours\/el-gouna-speedboat-rental-to-orange-bay-island\/#breadcrumb","itemListElement":[{"@type":"ListItem","position":1,"name":"Home","item":"https:\/\/hurghadalovers.com\/fr\/"},{"@type":"ListItem","position":2,"name":"Shop","item":"https:\/\/hurghadalovers.com\/fr\/shop\/"},{"@type":"ListItem","position":3,"name":"Location d&rsquo;un bateau rapide \u00e0 El Gouna pour l&rsquo;\u00eele de la baie d&rsquo;Orange"}]},{"@type":"WebSite","@id":"https:\/\/hurghadalovers.com\/fr\/#website","url":"https:\/\/hurghadalovers.com\/fr\/","name":"Hurghada Excursions & Day Trips | Booking Best Prices Tours","description":"Hurghada Lovers - Best Tour Operator - Excursions &amp; Things to do for Family Day Trips with kids and Couples Romantic. Unique .Hidden gems","publisher":{"@id":"https:\/\/hurghadalovers.com\/fr\/#organization"},"alternateName":"Hurghada Excursions","potentialAction":[{"@type":"SearchAction","target":{"@type":"EntryPoint","urlTemplate":"https:\/\/hurghadalovers.com\/fr\/?s={search_term_string}"},"query-input":{"@type":"PropertyValueSpecification","valueRequired":true,"valueName":"search_term_string"}}],"inLanguage":"fr-FR"},{"@type":["Organization","Place","TravelAgency"],"@id":"https:\/\/hurghadalovers.com\/fr\/#organization","name":"Hurghada Excursions","url":"https:\/\/hurghadalovers.com\/fr\/","logo":{"@id":"https:\/\/hurghadalovers.com\/fr\/tours\/el-gouna-speedboat-rental-to-orange-bay-island\/#local-main-organization-logo"},"image":{"@id":"https:\/\/hurghadalovers.com\/fr\/tours\/el-gouna-speedboat-rental-to-orange-bay-island\/#local-main-organization-logo"},"sameAs":["https:\/\/www.facebook.com\/Hurghadaloversegypt"],"address":{"@id":"https:\/\/hurghadalovers.com\/fr\/tours\/el-gouna-speedboat-rental-to-orange-bay-island\/#local-main-place-address"},"telephone":["00201112596434"],"contactPoint":{"@type":"ContactPoint","telephone":"00201112596434","email":"weyouface@gmail.com"},"openingHoursSpecification":{"@type":"OpeningHoursSpecification","dayOfWeek":["Monday","Tuesday","Wednesday","Thursday","Friday","Saturday","Sunday"],"opens":"00:00","closes":"23:59"},"email":"weyouface@gmail.com","areaServed":"Luxor, Hurghada, El Gouna, Aswan, Sharm El Sheikh, Giza, Alexandria, Marsa Alam, Quseir, Soma Bay, Sahl Hasheesh, Red Sea, Makadi Bay, Cairo","priceRange":"$","currenciesAccepted":"euro","paymentAccepted":"cash on site"},{"@type":"PostalAddress","@id":"https:\/\/hurghadalovers.com\/fr\/tours\/el-gouna-speedboat-rental-to-orange-bay-island\/#local-main-place-address","streetAddress":"17 Banks street, Alkawther area, top nbk bank","addressLocality":"hurghada","postalCode":"84511","addressRegion":"red sea","addressCountry":"EG"},{"@type":"ImageObject","inLanguage":"fr-FR","@id":"https:\/\/hurghadalovers.com\/fr\/tours\/el-gouna-speedboat-rental-to-orange-bay-island\/#local-main-organization-logo","url":"https:\/\/hurghadalovers.com\/wp-content\/uploads\/2019\/10\/hurghada-excursions-logo.png","contentUrl":"https:\/\/hurghadalovers.com\/wp-content\/uploads\/2019\/10\/hurghada-excursions-logo.png","width":272,"height":90,"caption":"Hurghada Excursions"}]},"product_brand":"Plong\u00e9e sous-marine \u00e0 El Gouna","product_price_amount":"240","product_price_currency":"EUR","og_availability":"instock","product_availability":"instock","product_retailer_item_id":"Gouna632024","product_condition":"new","geo.placename":"hurghada","geo.region":"\u00c9gypte"},"_links":{"self":[{"href":"https:\/\/hurghadalovers.com\/fr\/wp-json\/wp\/v2\/product\/395245","targetHints":{"allow":["GET"]}}],"collection":[{"href":"https:\/\/hurghadalovers.com\/fr\/wp-json\/wp\/v2\/product"}],"about":[{"href":"https:\/\/hurghadalovers.com\/fr\/wp-json\/wp\/v2\/types\/product"}],"wp:featuredmedia":[{"embeddable":true,"href":"https:\/\/hurghadalovers.com\/fr\/wp-json\/wp\/v2\/media\/934379"}],"wp:attachment":[{"href":"https:\/\/hurghadalovers.com\/fr\/wp-json\/wp\/v2\/media?parent=395245"}],"wp:term":[{"taxonomy":"product_brand","embeddable":true,"href":"https:\/\/hurghadalovers.com\/fr\/wp-json\/wp\/v2\/product_brand?post=395245"},{"taxonomy":"product_cat","embeddable":true,"href":"https:\/\/hurghadalovers.com\/fr\/wp-json\/wp\/v2\/product_cat?post=395245"},{"taxonomy":"product_tag","embeddable":true,"href":"https:\/\/hurghadalovers.com\/fr\/wp-json\/wp\/v2\/product_tag?post=395245"}],"curies":[{"name":"wp","href":"https:\/\/api.w.org\/{rel}","templated":true}]}}