{"id":394596,"date":"2023-09-03T11:00:35","date_gmt":"2023-09-03T11:00:35","guid":{"rendered":"https:\/\/hurghadalovers.com\/shop\/non%20class\u00e9\/excursion-de-deux-jours-a-el-gouna-et-louxor-avec-vol-en-montgolfiere\/"},"modified":"2026-02-07T17:46:03","modified_gmt":"2026-02-07T17:46:03","slug":"el-gouna-luxor-prive-voyage-deux-jours-avec-voyage-en-ballon-air-chaud","status":"publish","type":"product","link":"https:\/\/hurghadalovers.com\/fr\/tours\/el-gouna-luxor-prive-voyage-deux-jours-avec-voyage-en-ballon-air-chaud\/","title":{"rendered":"Excursion de deux jours \u00e0 El Gouna et Louxor avec vol en montgolfi\u00e8re"},"content":{"rendered":"<p><strong>Excursion priv\u00e9e de deux jours<\/strong> \u00e0 <strong>El Gouna<\/strong> <strong>et Louxor avec vol en montgolfi\u00e8re<\/strong> avec guide priv\u00e9, billets et d\u00e9jeuner.<\/p>\n<p>D\u00e9couvrez les monuments pharaoniques de la ville de Louxor vus d&rsquo;en haut en montant dans une <strong>montgolfi\u00e8re<\/strong> au lever du soleil et apprenez de nouveaux secrets sur la vie des rois pharaons et le secret du <strong>roi Tout\u00e2nkhamon<\/strong>, entre autres, gr\u00e2ce \u00e0 une visite sp\u00e9ciale de deux jours.<\/p>\n<p><strong>Faits marquants :<\/strong><\/p>\n<ol>\n<li>Temple de Karnak.<\/li>\n<li>Temple de Louxor.<\/li>\n<li>Une nuit \u00e0 l&rsquo;h\u00f4tel.<\/li>\n<li>Balade en montgolfi\u00e8re.<\/li>\n<li>Colosses de Memnon.<\/li>\n<li>Temple d&rsquo;Hatchepsout.<\/li>\n<li>3 tombes dans la Vall\u00e9e des Rois.<\/li>\n<li>D\u00e9jeuner au restaurant \u00ab\u00a0Vegetarians Food is available\u00a0\u00bb.<\/li>\n<\/ol>\n<p><strong>Voyage priv\u00e9 de deux jours \u00e0 Louxor D\u00e9tails :<\/strong><\/p>\n<ul>\n<li>Disponibilit\u00e9 des visites : Tous les jours.<\/li>\n<li>Type de visite : Priv\u00e9 en voiture ou en minibus.<\/li>\n<li>Heure de prise en charge : \u00e0 partir de 05:00 A.M.<\/li>\n<li>Demander \u00e0 l&rsquo;h\u00f4tel de recevoir votre sac de petit-d\u00e9jeuner le matin.<\/li>\n<li>Heure de prise en charge : 19:00.<\/li>\n<li>Accessible aux fauteuils roulants.<\/li>\n<li>Dur\u00e9e : 2 jours \/ 1 nuit.<\/li>\n<\/ul>\n<p><strong>R\u00e9servez maintenant et payez plus tard :<\/strong><\/p>\n<ul>\n<li>Paiement en esp\u00e8ces sur place pour le guide.<\/li>\n<li>Paiement en livres \u00e9gyptiennes, $, \u20ac ou \u00a3.<\/li>\n<\/ul>\n<p><strong>Politique d&rsquo;annulation :<\/strong><\/p>\n<ul>\n<li>vous annulez jusqu&rsquo;\u00e0 24 heures \u00e0 l&rsquo;avance.<\/li>\n<li>Si l&rsquo;un des membres de votre famille annule la matin\u00e9e, vous payez 50 % des frais.<\/li>\n<\/ul>\n<p><strong>Qu&rsquo;est-ce qui est inclus ?<\/strong><\/p>\n<ul>\n<li>Transfert depuis les h\u00f4tels d&rsquo;El Gouna \u00ab\u00a0Prise en charge et retour \u00e0 l&rsquo;h\u00f4tel\u00a0\u00bb.<\/li>\n<li>Toutes les taxes, les droits d&rsquo;entr\u00e9e et les frais de manutention.<\/li>\n<li>Transferts.<\/li>\n<li>Balade en montgolfi\u00e8re.<\/li>\n<li>Guide touristique.<\/li>\n<li>Une nuit \u00e0 l&rsquo;h\u00f4tel avec petit d\u00e9jeuner.<\/li>\n<li>Boissons.<\/li>\n<li>2 D\u00e9jeuner au restaurant.<\/li>\n<\/ul>\n<p><strong>Exclusions ?<\/strong><\/p>\n<ul>\n<li>Pourboires.<\/li>\n<li>Excursion en felouque \u00ab\u00a0Croisi\u00e8re en bateau\u00a0\u00bb Pour 35 min= 10$.<\/li>\n<li>Tous les extras non mentionn\u00e9s.<\/li>\n<\/ul>\n<p><strong> <\/strong><\/p>\n<p><strong>Vous pouvez ajouter le premier jour ou vous d\u00e9tendre \u00e0 l&rsquo;h\u00f4tel :<\/strong><\/p>\n<ul>\n<li>Felucca priv\u00e9e de 30 minutes sur le Nil.<\/li>\n<li>Mus\u00e9e de la momification.<\/li>\n<\/ul>\n<p><strong>vous pouvez ajouter le deuxi\u00e8me jour :<\/strong><\/p>\n<ul>\n<li>La reine N\u00e9fertiti dans la vall\u00e9e des reines.<\/li>\n<li>Achats.<\/li>\n<\/ul>\n<p><strong> <\/strong><\/p>\n<p><strong>Les prix :<\/strong><\/p>\n<ul>\n<li><strong>Prix adulte = \u00e0 partir de 290$ par personne<\/strong>.<\/li>\n<li>Prix pour les enfants \u00ab\u00a05-12\u2033= 50%.<\/li>\n<li>pour les enfants \u00ab\u00a00-5\u2033= Gratuit.<\/li>\n<\/ul>\n<p><strong>Commentaires Excursion priv\u00e9e de deux jours \u00e0 Louxor :<\/strong><\/p>\n<p>consultez notre Google Map Reviews comme Meilleur <a href=\"https:\/\/g.page\/r\/CUeYvkngP3wkEBM\/review\">Tour Op\u00e9rateur \u00e0 Hurghada<\/a> en ligne \u00e0 <a href=\"https:\/\/hurghadalovers.com\/\">Hurghada<\/a> Egypte.<\/p>\n<p>&nbsp;<\/p>\n<p><strong>R\u00e9servation :<\/strong><\/p>\n<p>Envoyez l&rsquo;h\u00f4tel + le num\u00e9ro de la chambre + la photo du passeport \u00e0 WhatsApp : <strong>+201112596434<\/strong><\/p>\n<p>Si vous \u00eates en Egypte, r\u00e9servez d\u00e8s maintenant en ligne et confirmez votre arriv\u00e9e \u00e0 l&rsquo;h\u00f4tel.<\/p>\n<p>&nbsp;<\/p>\n<p>&nbsp;<\/p>\n","protected":false},"excerpt":{"rendered":"<p><strong>Excursion priv\u00e9e de deux jours<\/strong> \u00e0 <strong>El Gouna<\/strong> <strong>et Louxor avec vol en montgolfi\u00e8re<\/strong> avec guide priv\u00e9, billets et d\u00e9jeuner. D\u00e9couvrez les monuments pharaoniques dans la ville de Louxor<\/p>\n","protected":false},"featured_media":936367,"template":"","meta":{"_joinchat":[]},"product_brand":[],"product_cat":[29818],"product_tag":[58391,58421,58383,58398,58376,58404,58415,58427,58410,58434],"class_list":{"0":"post-394596","1":"product","2":"type-product","3":"status-publish","4":"has-post-thumbnail","6":"product_cat-tour-fr","7":"product_tag-bus-de-el-gouna-a-louxor","8":"product_tag-de-el-gouna-a-la-vallee-des-rois","9":"product_tag-excursion-a-louxor-depuis-el-gouna","10":"product_tag-excursion-dune-journee-a-louxor-au-depart-del-gouna","11":"product_tag-excursion-dune-journee-del-gouna-a-louxor","12":"product_tag-excursions-del-gouna-a-louxor","13":"product_tag-montgolfiere-el-gouna","14":"product_tag-transfert-de-louxor-a-el-gouna","15":"product_tag-visite-de-louxor-au-depart-del-gouna","16":"product_tag-visite-privee-de-louxor-au-depart-del-gouna","17":"tour_category-el-gouna-to-luxor-tours-french","18":"tour_category-que-faire-a-el-gouna","20":"first","21":"instock","22":"sale","23":"shipping-taxable","24":"purchasable","25":"product-type-tour"},"yoast_head":"<!-- This site is optimized with the Yoast SEO Premium plugin v26.9 (Yoast SEO v27.2) - https:\/\/yoast.com\/product\/yoast-seo-premium-wordpress\/ -->\n<title>Excursion de deux jours \u00e0 El Gouna et Louxor avec vol en montgolfi\u00e8re<\/title>\n<meta name=\"description\" content=\"Excursion priv\u00e9e de deux jours \u00e0 El Gouna et Louxor avec vol en montgolfi\u00e8re avec guide priv\u00e9, billets et d\u00e9jeuner. D\u00e9couvrez les monuments pharaoniques dans la ville de Louxor\" \/>\n<meta name=\"robots\" content=\"index, follow, max-snippet:-1, max-image-preview:large, max-video-preview:-1\" \/>\n<link rel=\"canonical\" href=\"https:\/\/hurghadalovers.com\/fr\/tours\/el-gouna-luxor-prive-voyage-deux-jours-avec-voyage-en-ballon-air-chaud\/\" \/>\n<meta property=\"og:locale\" content=\"fr_FR\" \/>\n<meta property=\"og:type\" content=\"article\" \/>\n<meta property=\"og:title\" content=\"Excursion de deux jours \u00e0 El Gouna et Louxor avec vol en montgolfi\u00e8re\" \/>\n<meta property=\"og:description\" content=\"Excursion priv\u00e9e de deux jours \u00e0 El Gouna et Louxor avec vol en montgolfi\u00e8re avec guide priv\u00e9, billets et d\u00e9jeuner. D\u00e9couvrez les monuments pharaoniques dans la ville de Louxor\" \/>\n<meta property=\"og:url\" content=\"https:\/\/hurghadalovers.com\/fr\/tours\/el-gouna-luxor-prive-voyage-deux-jours-avec-voyage-en-ballon-air-chaud\/\" \/>\n<meta property=\"og:site_name\" content=\"Hurghada Excursions &amp; Day Trips | Booking Best Prices Tours\" \/>\n<meta property=\"article:publisher\" content=\"https:\/\/www.facebook.com\/Hurghadaloversegypt\" \/>\n<meta property=\"article:modified_time\" content=\"2026-02-07T17:46:03+00:00\" \/>\n<meta property=\"og:image\" content=\"https:\/\/hurghadalovers.com\/wp-content\/uploads\/2023\/08\/Private-2-Day-Trip-to-Luxor-from-Makadi-bay-All-inclusive-2025.jpeg\" \/>\n\t<meta property=\"og:image:width\" content=\"960\" \/>\n\t<meta property=\"og:image:height\" content=\"1280\" \/>\n\t<meta property=\"og:image:type\" content=\"image\/jpeg\" \/>\n<meta name=\"twitter:card\" content=\"summary_large_image\" \/>\n<meta name=\"twitter:label1\" content=\"Prix\" \/>\n\t<meta name=\"twitter:data1\" content=\"&euro;&nbsp;375\" \/>\n\t<meta name=\"twitter:label2\" content=\"Disponibilit\u00e9\" \/>\n\t<meta name=\"twitter:data2\" content=\"En stock\" \/>\n<script type=\"application\/ld+json\" class=\"yoast-schema-graph\">{\"@context\":\"https:\/\/schema.org\",\"@graph\":[{\"@type\":[\"WebPage\",\"ItemPage\"],\"@id\":\"https:\/\/hurghadalovers.com\/fr\/tours\/el-gouna-luxor-prive-voyage-deux-jours-avec-voyage-en-ballon-air-chaud\/\",\"url\":\"https:\/\/hurghadalovers.com\/fr\/tours\/el-gouna-luxor-prive-voyage-deux-jours-avec-voyage-en-ballon-air-chaud\/\",\"name\":\"Excursion de deux jours \u00e0 El Gouna et Louxor avec vol en montgolfi\u00e8re\",\"isPartOf\":{\"@id\":\"https:\/\/hurghadalovers.com\/fr\/#website\"},\"primaryImageOfPage\":{\"@id\":\"https:\/\/hurghadalovers.com\/fr\/tours\/el-gouna-luxor-prive-voyage-deux-jours-avec-voyage-en-ballon-air-chaud\/#primaryimage\"},\"image\":{\"@id\":\"https:\/\/hurghadalovers.com\/fr\/tours\/el-gouna-luxor-prive-voyage-deux-jours-avec-voyage-en-ballon-air-chaud\/#primaryimage\"},\"thumbnailUrl\":\"https:\/\/hurghadalovers.com\/wp-content\/uploads\/2023\/08\/Private-2-Day-Trip-to-Luxor-from-Makadi-bay-All-inclusive-2025.jpeg\",\"datePublished\":\"2023-09-03T11:00:35+00:00\",\"dateModified\":\"2026-02-07T17:46:03+00:00\",\"description\":\"Excursion priv\u00e9e de deux jours \u00e0 El Gouna et Louxor avec vol en montgolfi\u00e8re avec guide priv\u00e9, billets et d\u00e9jeuner. D\u00e9couvrez les monuments pharaoniques dans la ville de Louxor\",\"breadcrumb\":{\"@id\":\"https:\/\/hurghadalovers.com\/fr\/tours\/el-gouna-luxor-prive-voyage-deux-jours-avec-voyage-en-ballon-air-chaud\/#breadcrumb\"},\"inLanguage\":\"fr-FR\",\"potentialAction\":[{\"@type\":\"ReadAction\",\"target\":[\"https:\/\/hurghadalovers.com\/fr\/tours\/el-gouna-luxor-prive-voyage-deux-jours-avec-voyage-en-ballon-air-chaud\/\"]}]},{\"@type\":\"ImageObject\",\"inLanguage\":\"fr-FR\",\"@id\":\"https:\/\/hurghadalovers.com\/fr\/tours\/el-gouna-luxor-prive-voyage-deux-jours-avec-voyage-en-ballon-air-chaud\/#primaryimage\",\"url\":\"https:\/\/hurghadalovers.com\/wp-content\/uploads\/2023\/08\/Private-2-Day-Trip-to-Luxor-from-Makadi-bay-All-inclusive-2025.jpeg\",\"contentUrl\":\"https:\/\/hurghadalovers.com\/wp-content\/uploads\/2023\/08\/Private-2-Day-Trip-to-Luxor-from-Makadi-bay-All-inclusive-2025.jpeg\",\"width\":960,\"height\":1280,\"caption\":\"Private 2 Day Trip to Luxor from Makadi bay All inclusive 2025\"},{\"@type\":\"BreadcrumbList\",\"@id\":\"https:\/\/hurghadalovers.com\/fr\/tours\/el-gouna-luxor-prive-voyage-deux-jours-avec-voyage-en-ballon-air-chaud\/#breadcrumb\",\"itemListElement\":[{\"@type\":\"ListItem\",\"position\":1,\"name\":\"Home\",\"item\":\"https:\/\/hurghadalovers.com\/fr\/\"},{\"@type\":\"ListItem\",\"position\":2,\"name\":\"Shop\",\"item\":\"https:\/\/hurghadalovers.com\/fr\/shop\/\"},{\"@type\":\"ListItem\",\"position\":3,\"name\":\"Excursion de deux jours \u00e0 El Gouna et Louxor avec vol en montgolfi\u00e8re\"}]},{\"@type\":\"WebSite\",\"@id\":\"https:\/\/hurghadalovers.com\/fr\/#website\",\"url\":\"https:\/\/hurghadalovers.com\/fr\/\",\"name\":\"Hurghada Excursions & Day Trips | Booking Best Prices Tours\",\"description\":\"Hurghada Lovers - Best Tour Operator - Excursions &amp; Things to do for Family Day Trips with kids and Couples Romantic. Unique .Hidden gems\",\"publisher\":{\"@id\":\"https:\/\/hurghadalovers.com\/fr\/#organization\"},\"alternateName\":\"Hurghada Excursions\",\"potentialAction\":[{\"@type\":\"SearchAction\",\"target\":{\"@type\":\"EntryPoint\",\"urlTemplate\":\"https:\/\/hurghadalovers.com\/fr\/?s={search_term_string}\"},\"query-input\":{\"@type\":\"PropertyValueSpecification\",\"valueRequired\":true,\"valueName\":\"search_term_string\"}}],\"inLanguage\":\"fr-FR\"},{\"@type\":[\"Organization\",\"Place\",\"TravelAgency\"],\"@id\":\"https:\/\/hurghadalovers.com\/fr\/#organization\",\"name\":\"Hurghada Excursions\",\"url\":\"https:\/\/hurghadalovers.com\/fr\/\",\"logo\":{\"@id\":\"https:\/\/hurghadalovers.com\/fr\/tours\/el-gouna-luxor-prive-voyage-deux-jours-avec-voyage-en-ballon-air-chaud\/#local-main-organization-logo\"},\"image\":{\"@id\":\"https:\/\/hurghadalovers.com\/fr\/tours\/el-gouna-luxor-prive-voyage-deux-jours-avec-voyage-en-ballon-air-chaud\/#local-main-organization-logo\"},\"sameAs\":[\"https:\/\/www.facebook.com\/Hurghadaloversegypt\"],\"address\":{\"@id\":\"https:\/\/hurghadalovers.com\/fr\/tours\/el-gouna-luxor-prive-voyage-deux-jours-avec-voyage-en-ballon-air-chaud\/#local-main-place-address\"},\"telephone\":[\"00201112596434\"],\"contactPoint\":{\"@type\":\"ContactPoint\",\"telephone\":\"00201112596434\",\"email\":\"weyouface@gmail.com\"},\"openingHoursSpecification\":{\"@type\":\"OpeningHoursSpecification\",\"dayOfWeek\":[\"Monday\",\"Tuesday\",\"Wednesday\",\"Thursday\",\"Friday\",\"Saturday\",\"Sunday\"],\"opens\":\"00:00\",\"closes\":\"23:59\"},\"email\":\"weyouface@gmail.com\",\"areaServed\":\"Luxor, Hurghada, El Gouna, Aswan, Sharm El Sheikh, Giza, Alexandria, Marsa Alam, Quseir, Soma Bay, Sahl Hasheesh, Red Sea, Makadi Bay, Cairo\",\"priceRange\":\"$\",\"currenciesAccepted\":\"euro\",\"paymentAccepted\":\"cash on site\"},{\"@type\":\"PostalAddress\",\"@id\":\"https:\/\/hurghadalovers.com\/fr\/tours\/el-gouna-luxor-prive-voyage-deux-jours-avec-voyage-en-ballon-air-chaud\/#local-main-place-address\",\"streetAddress\":\"17 Banks street, Alkawther area, top nbk bank\",\"addressLocality\":\"hurghada\",\"postalCode\":\"84511\",\"addressRegion\":\"red sea\",\"addressCountry\":\"EG\"},{\"@type\":\"ImageObject\",\"inLanguage\":\"fr-FR\",\"@id\":\"https:\/\/hurghadalovers.com\/fr\/tours\/el-gouna-luxor-prive-voyage-deux-jours-avec-voyage-en-ballon-air-chaud\/#local-main-organization-logo\",\"url\":\"https:\/\/hurghadalovers.com\/wp-content\/uploads\/2019\/10\/hurghada-excursions-logo.png\",\"contentUrl\":\"https:\/\/hurghadalovers.com\/wp-content\/uploads\/2019\/10\/hurghada-excursions-logo.png\",\"width\":272,\"height\":90,\"caption\":\"Hurghada Excursions\"}]}<\/script>\n<meta property=\"product:brand\" content=\"Louxor Excursions d&#039;une journ\u00e9e depuis EL Gouna\" \/>\n<meta property=\"product:price:amount\" content=\"375\" \/>\n<meta property=\"product:price:currency\" content=\"EUR\" \/>\n<meta property=\"og:availability\" content=\"instock\" \/>\n<meta property=\"product:availability\" content=\"instock\" \/>\n<meta property=\"product:retailer_item_id\" content=\"Gouna422024\" \/>\n<meta property=\"product:condition\" content=\"new\" \/>\n<meta name=\"geo.placename\" content=\"hurghada\" \/>\n<meta name=\"geo.region\" content=\"\u00c9gypte\" \/>\n<!-- \/ Yoast SEO Premium plugin. -->","yoast_head_json":{"title":"Excursion de deux jours \u00e0 El Gouna et Louxor avec vol en montgolfi\u00e8re","description":"Excursion priv\u00e9e de deux jours \u00e0 El Gouna et Louxor avec vol en montgolfi\u00e8re avec guide priv\u00e9, billets et d\u00e9jeuner. D\u00e9couvrez les monuments pharaoniques dans la ville de Louxor","robots":{"index":"index","follow":"follow","max-snippet":"max-snippet:-1","max-image-preview":"max-image-preview:large","max-video-preview":"max-video-preview:-1"},"canonical":"https:\/\/hurghadalovers.com\/fr\/tours\/el-gouna-luxor-prive-voyage-deux-jours-avec-voyage-en-ballon-air-chaud\/","og_locale":"fr_FR","og_type":"article","og_title":"Excursion de deux jours \u00e0 El Gouna et Louxor avec vol en montgolfi\u00e8re","og_description":"Excursion priv\u00e9e de deux jours \u00e0 El Gouna et Louxor avec vol en montgolfi\u00e8re avec guide priv\u00e9, billets et d\u00e9jeuner. D\u00e9couvrez les monuments pharaoniques dans la ville de Louxor","og_url":"https:\/\/hurghadalovers.com\/fr\/tours\/el-gouna-luxor-prive-voyage-deux-jours-avec-voyage-en-ballon-air-chaud\/","og_site_name":"Hurghada Excursions &amp; Day Trips | Booking Best Prices Tours","article_publisher":"https:\/\/www.facebook.com\/Hurghadaloversegypt","article_modified_time":"2026-02-07T17:46:03+00:00","og_image":[{"width":960,"height":1280,"url":"https:\/\/hurghadalovers.com\/wp-content\/uploads\/2023\/08\/Private-2-Day-Trip-to-Luxor-from-Makadi-bay-All-inclusive-2025.jpeg","type":"image\/jpeg"}],"twitter_card":"summary_large_image","twitter_misc":{"Prix":"&euro;&nbsp;375","Disponibilit\u00e9":"En stock"},"schema":{"@context":"https:\/\/schema.org","@graph":[{"@type":["WebPage","ItemPage"],"@id":"https:\/\/hurghadalovers.com\/fr\/tours\/el-gouna-luxor-prive-voyage-deux-jours-avec-voyage-en-ballon-air-chaud\/","url":"https:\/\/hurghadalovers.com\/fr\/tours\/el-gouna-luxor-prive-voyage-deux-jours-avec-voyage-en-ballon-air-chaud\/","name":"Excursion de deux jours \u00e0 El Gouna et Louxor avec vol en montgolfi\u00e8re","isPartOf":{"@id":"https:\/\/hurghadalovers.com\/fr\/#website"},"primaryImageOfPage":{"@id":"https:\/\/hurghadalovers.com\/fr\/tours\/el-gouna-luxor-prive-voyage-deux-jours-avec-voyage-en-ballon-air-chaud\/#primaryimage"},"image":{"@id":"https:\/\/hurghadalovers.com\/fr\/tours\/el-gouna-luxor-prive-voyage-deux-jours-avec-voyage-en-ballon-air-chaud\/#primaryimage"},"thumbnailUrl":"https:\/\/hurghadalovers.com\/wp-content\/uploads\/2023\/08\/Private-2-Day-Trip-to-Luxor-from-Makadi-bay-All-inclusive-2025.jpeg","datePublished":"2023-09-03T11:00:35+00:00","dateModified":"2026-02-07T17:46:03+00:00","description":"Excursion priv\u00e9e de deux jours \u00e0 El Gouna et Louxor avec vol en montgolfi\u00e8re avec guide priv\u00e9, billets et d\u00e9jeuner. D\u00e9couvrez les monuments pharaoniques dans la ville de Louxor","breadcrumb":{"@id":"https:\/\/hurghadalovers.com\/fr\/tours\/el-gouna-luxor-prive-voyage-deux-jours-avec-voyage-en-ballon-air-chaud\/#breadcrumb"},"inLanguage":"fr-FR","potentialAction":[{"@type":"ReadAction","target":["https:\/\/hurghadalovers.com\/fr\/tours\/el-gouna-luxor-prive-voyage-deux-jours-avec-voyage-en-ballon-air-chaud\/"]}]},{"@type":"ImageObject","inLanguage":"fr-FR","@id":"https:\/\/hurghadalovers.com\/fr\/tours\/el-gouna-luxor-prive-voyage-deux-jours-avec-voyage-en-ballon-air-chaud\/#primaryimage","url":"https:\/\/hurghadalovers.com\/wp-content\/uploads\/2023\/08\/Private-2-Day-Trip-to-Luxor-from-Makadi-bay-All-inclusive-2025.jpeg","contentUrl":"https:\/\/hurghadalovers.com\/wp-content\/uploads\/2023\/08\/Private-2-Day-Trip-to-Luxor-from-Makadi-bay-All-inclusive-2025.jpeg","width":960,"height":1280,"caption":"Private 2 Day Trip to Luxor from Makadi bay All inclusive 2025"},{"@type":"BreadcrumbList","@id":"https:\/\/hurghadalovers.com\/fr\/tours\/el-gouna-luxor-prive-voyage-deux-jours-avec-voyage-en-ballon-air-chaud\/#breadcrumb","itemListElement":[{"@type":"ListItem","position":1,"name":"Home","item":"https:\/\/hurghadalovers.com\/fr\/"},{"@type":"ListItem","position":2,"name":"Shop","item":"https:\/\/hurghadalovers.com\/fr\/shop\/"},{"@type":"ListItem","position":3,"name":"Excursion de deux jours \u00e0 El Gouna et Louxor avec vol en montgolfi\u00e8re"}]},{"@type":"WebSite","@id":"https:\/\/hurghadalovers.com\/fr\/#website","url":"https:\/\/hurghadalovers.com\/fr\/","name":"Hurghada Excursions & Day Trips | Booking Best Prices Tours","description":"Hurghada Lovers - Best Tour Operator - Excursions &amp; Things to do for Family Day Trips with kids and Couples Romantic. Unique .Hidden gems","publisher":{"@id":"https:\/\/hurghadalovers.com\/fr\/#organization"},"alternateName":"Hurghada Excursions","potentialAction":[{"@type":"SearchAction","target":{"@type":"EntryPoint","urlTemplate":"https:\/\/hurghadalovers.com\/fr\/?s={search_term_string}"},"query-input":{"@type":"PropertyValueSpecification","valueRequired":true,"valueName":"search_term_string"}}],"inLanguage":"fr-FR"},{"@type":["Organization","Place","TravelAgency"],"@id":"https:\/\/hurghadalovers.com\/fr\/#organization","name":"Hurghada Excursions","url":"https:\/\/hurghadalovers.com\/fr\/","logo":{"@id":"https:\/\/hurghadalovers.com\/fr\/tours\/el-gouna-luxor-prive-voyage-deux-jours-avec-voyage-en-ballon-air-chaud\/#local-main-organization-logo"},"image":{"@id":"https:\/\/hurghadalovers.com\/fr\/tours\/el-gouna-luxor-prive-voyage-deux-jours-avec-voyage-en-ballon-air-chaud\/#local-main-organization-logo"},"sameAs":["https:\/\/www.facebook.com\/Hurghadaloversegypt"],"address":{"@id":"https:\/\/hurghadalovers.com\/fr\/tours\/el-gouna-luxor-prive-voyage-deux-jours-avec-voyage-en-ballon-air-chaud\/#local-main-place-address"},"telephone":["00201112596434"],"contactPoint":{"@type":"ContactPoint","telephone":"00201112596434","email":"weyouface@gmail.com"},"openingHoursSpecification":{"@type":"OpeningHoursSpecification","dayOfWeek":["Monday","Tuesday","Wednesday","Thursday","Friday","Saturday","Sunday"],"opens":"00:00","closes":"23:59"},"email":"weyouface@gmail.com","areaServed":"Luxor, Hurghada, El Gouna, Aswan, Sharm El Sheikh, Giza, Alexandria, Marsa Alam, Quseir, Soma Bay, Sahl Hasheesh, Red Sea, Makadi Bay, Cairo","priceRange":"$","currenciesAccepted":"euro","paymentAccepted":"cash on site"},{"@type":"PostalAddress","@id":"https:\/\/hurghadalovers.com\/fr\/tours\/el-gouna-luxor-prive-voyage-deux-jours-avec-voyage-en-ballon-air-chaud\/#local-main-place-address","streetAddress":"17 Banks street, Alkawther area, top nbk bank","addressLocality":"hurghada","postalCode":"84511","addressRegion":"red sea","addressCountry":"EG"},{"@type":"ImageObject","inLanguage":"fr-FR","@id":"https:\/\/hurghadalovers.com\/fr\/tours\/el-gouna-luxor-prive-voyage-deux-jours-avec-voyage-en-ballon-air-chaud\/#local-main-organization-logo","url":"https:\/\/hurghadalovers.com\/wp-content\/uploads\/2019\/10\/hurghada-excursions-logo.png","contentUrl":"https:\/\/hurghadalovers.com\/wp-content\/uploads\/2019\/10\/hurghada-excursions-logo.png","width":272,"height":90,"caption":"Hurghada Excursions"}]},"product_brand":"Louxor Excursions d'une journ\u00e9e depuis EL Gouna","product_price_amount":"375","product_price_currency":"EUR","og_availability":"instock","product_availability":"instock","product_retailer_item_id":"Gouna422024","product_condition":"new","geo.placename":"hurghada","geo.region":"\u00c9gypte"},"_links":{"self":[{"href":"https:\/\/hurghadalovers.com\/fr\/wp-json\/wp\/v2\/product\/394596","targetHints":{"allow":["GET"]}}],"collection":[{"href":"https:\/\/hurghadalovers.com\/fr\/wp-json\/wp\/v2\/product"}],"about":[{"href":"https:\/\/hurghadalovers.com\/fr\/wp-json\/wp\/v2\/types\/product"}],"wp:featuredmedia":[{"embeddable":true,"href":"https:\/\/hurghadalovers.com\/fr\/wp-json\/wp\/v2\/media\/936367"}],"wp:attachment":[{"href":"https:\/\/hurghadalovers.com\/fr\/wp-json\/wp\/v2\/media?parent=394596"}],"wp:term":[{"taxonomy":"product_brand","embeddable":true,"href":"https:\/\/hurghadalovers.com\/fr\/wp-json\/wp\/v2\/product_brand?post=394596"},{"taxonomy":"product_cat","embeddable":true,"href":"https:\/\/hurghadalovers.com\/fr\/wp-json\/wp\/v2\/product_cat?post=394596"},{"taxonomy":"product_tag","embeddable":true,"href":"https:\/\/hurghadalovers.com\/fr\/wp-json\/wp\/v2\/product_tag?post=394596"}],"curies":[{"name":"wp","href":"https:\/\/api.w.org\/{rel}","templated":true}]}}