{"id":394201,"date":"2023-09-02T20:35:35","date_gmt":"2023-09-02T20:35:35","guid":{"rendered":"https:\/\/hurghadalovers.com\/shop\/non%20class\u00e9\/transferts-prives-en-taxi-a-el-gouna\/"},"modified":"2026-02-09T19:58:51","modified_gmt":"2026-02-09T19:58:51","slug":"transferts-prives-el-gouna-taxi","status":"publish","type":"product","link":"https:\/\/hurghadalovers.com\/fr\/tours\/transferts-prives-el-gouna-taxi\/","title":{"rendered":"Transferts priv\u00e9s en taxi \u00e0 El Gouna"},"content":{"rendered":"<p>Transferts priv\u00e9s en taxi \u00e0 El Gouna Louxor, Le Caire | R\u00e9servation Prix bas Service touristique Transfert en Minivan de luxe et Vip Car vers Marsa alam, Soma bay, Hurghada (HRG) Airport | Paiement en esp\u00e8ces sur place.<\/p>\n<p><strong>Transferts priv\u00e9s en taxi \u00e0 El Gouna D\u00e9tails :<\/strong><\/p>\n<ul>\n<li>Type d&rsquo;excursion : Priv\u00e9 de luxe en voiture ou en minibus.<\/li>\n<li>R\u00e9servation Taxi Voiture, Minivan, Disponibilit\u00e9 : Tous les jours.<\/li>\n<li>Accessible aux fauteuils roulants.<\/li>\n<li>Heure de prise en charge d&rsquo;El Gouna \u00e0 Louxor : 05:00 A.M.<\/li>\n<li>Heure de prise en charge d&rsquo;El Gouna au Caire : 12:30 A.M.<\/li>\n<li>Heure de prise en charge des h\u00f4tels d&rsquo;El Gouna \u00e0 l&rsquo;a\u00e9roport d&rsquo;Hurghada (HRG), \u00e0 la marina d&rsquo;Hurghada : \u00e0 votre convenance.<\/li>\n<\/ul>\n<h2><strong>Transferts priv\u00e9s en taxi \u00e0 El Gouna<\/strong><\/h2>\n<p>TOUT SUR LE TRANSFERT DE L\u2019A\u00c9ROPORT DE HURGADA &amp; Louxor depuis El Gouna.<\/p>\n<p>Chaque voyageur a v\u00e9cu avant que les vacances commencent avec le stress. Bien s\u00fbr, vous voulez \u00e9viter le stress, surtout lorsque vous d\u00e9m\u00e9nagez \u00e0 votre h\u00f4tel.<\/p>\n<p>Oui, tout est pens\u00e9 dans les moindres d\u00e9tails, Oui, tout est organis\u00e9, Oui, pr\u00eat pour la visite, mais qu\u2019en est-il d\u2019arriver \u00e0 l\u2019a\u00e9roport avec un transfert \u00e0 la station? Habituellement, c\u2019est l\u00e0 que le stress commence.<\/p>\n<p>&nbsp;<\/p>\n<p>Un nouveau terminal d\u2019a\u00e9roport a r\u00e9cemment ouvert ses portes \u00e0 El Gouna. Nouveau, grand, lumineux. Pour la saison principale, cependant, comme dans tous les pays de vill\u00e9giature, sous le nom d\u2019une grande \u00ab fourmili\u00e8re \u00bb.<\/p>\n<p>Adultes, enfants, tout le monde veut obtenir rapidement sa valise de la bande de bagages et se rendre \u00e0 l\u2019h\u00f4tel le plus rapidement possible, o\u00f9 le soleil appelle leur eau et la mer!<\/p>\n<p>Transfert de l\u2019a\u00e9roport d\u2019Hurghada. Planifiez-vous votre transfert de l\u2019h\u00f4tel et de retour \u00e0 l\u2019a\u00e9roport pour le d\u00e9part? pour commencer vos vacances sans stress.<\/p>\n<p>Pourquoi r\u00e9server un transfert de l\u2019a\u00e9roport d\u2019Hurghada en ligne! &amp; Voyage de El Gouna au Caire.<\/p>\n<p><strong>Voulez-vous \u00eatre pris imm\u00e9diatement apr\u00e8s votre arriv\u00e9e \u00e0 l\u2019h\u00f4tel?<\/strong><\/p>\n<p>\u00c9vitez le long temps de transport jusqu\u2019\u00e0 votre h\u00f4tel lorsque vous vous d\u00e9placez d\u2019un h\u00f4tel \u00e0 l\u2019autre avec le transport de groupe. \u00c9vitez les discussions intrusives sur les tarifs.<\/p>\n<p>S\u00e9curit\u00e9 de l\u2019a\u00e9roport d\u2019Hurghada<\/p>\n<p>S\u00e9curit\u00e9 garantie ! Nous fournissons un transfert en toute s\u00e9curit\u00e9 avec de nouvelles voitures climatis\u00e9es et d\u2019excellents conducteurs.<\/p>\n<p><strong>Voyagez-vous pas seul?<\/strong><\/p>\n<p>Pour les transferts depuis l\u2019a\u00e9roport d\u2019Hurghada, le meilleur transport pour tout le monde est offert: limousines, minibus, climatis\u00e9, en fonction du nombre de personnes.<\/p>\n<p>Profitez de nos services! R\u00e9servez un transfert depuis l\u2019a\u00e9roport d\u2019Hurghada et s\u00e9lectionnez le transport qui vous convient: limousines climatis\u00e9s, bus, minibus en fonction du nombre de personnes.<\/p>\n<p><strong>Avez-vous r\u00e9serv\u00e9 un h\u00f4tel en dehors de El Gouna?<\/strong><\/p>\n<p>Pas de probl\u00e8me, nous proposons des transferts de A\u00e9roport d\u2019Hurghada \u00e0 Marsa Alam-Sahl Hasheesh, El Gouna et d\u2019autres destinations autour de El Gouna.<\/p>\n<p>Que devriez-vous faire de la maison?<\/p>\n<p>R\u00e9servez votre transfert de retour h\u00f4tel-a\u00e9roport Hurghada en ligne!<\/p>\n<p>Taxis de l\u2019a\u00e9roport de El Gouna \u00e0 Makadi Bay<\/p>\n<p>Nous offrons les meilleurs prix de transfert pour vous seul ou pour un groupe d\u2019h\u00f4tels Makadi Bay et visiter les pyramides du Caire Gizeh, ou faire un tour \u00e0 la ville de Louxor.<\/p>\n<p>1-3 pax (voiture standard) = \u00e0 partir de 10 $<\/p>\n<p>4-8 personnes (minibus) = 23 $<\/p>\n<p>Taxi de l\u2019a\u00e9roport El Gouna \u00e0 Soma Bay<\/p>\n<p>Si vous avez besoin de voitures priv\u00e9es de luxe, de bus ou d\u2019une limousine pour vous transf\u00e9rer dans les h\u00f4tels de Soma Bay ou lorsque vous avez besoin de faire des visites pour visiter les lieux touristiques de l\u2019Egypte, r\u00e9servez avec nous d\u00e8s maintenant.<\/p>\n<p>1-3 pax (voiture standard) = 35 $<\/p>\n<p>4-8 personnes (minibus) = 40 $<\/p>\n<p>Taxis de l\u2019a\u00e9roport d\u2019Hurghada<\/p>\n<p>Vers n\u2019importe quel h\u00f4tel sur la mer Rouge et en Egypte \u00e0 partir de 15 $<\/p>\n<p>Transfert de l\u2019a\u00e9roport d\u2019Hurghada \u00e0 Makadi Bay<\/p>\n<p>1-3 pax (voiture standard) = \u00e0 partir de 10 $<\/p>\n<p>4-8 personnes (minibus) = 23 $<\/p>\n<p>&nbsp;<\/p>\n<p>A\u00e9roport d\u2019Hurghada &#8211; aux services de transport hors capitale \u00e0 l\u2019arriv\u00e9e &#8211; s\u00e9lectionnez S\u00e9curit\u00e9 de transfert \u00e0 l\u2019h\u00f4tel.<\/p>\n<p>&nbsp;<\/p>\n<p><strong>R\u00e9servez maintenant et payez plus tard :<\/strong><\/p>\n<ul>\n<li>Paiement en esp\u00e8ces sur place pour le guide.<\/li>\n<li>Paiement en livres \u00e9gyptiennes, $, \u20ac ou \u00a3.<\/li>\n<\/ul>\n<p><strong>Politique d&rsquo;annulation :<\/strong><\/p>\n<ul>\n<li>vous annulez jusqu&rsquo;\u00e0 24 heures \u00e0 l&rsquo;avance.<\/li>\n<li>Si l&rsquo;un des membres de votre famille annule la matin\u00e9e, vous payez 50 % des frais.<\/li>\n<\/ul>\n<p><strong>Qu&rsquo;est-ce qui est inclus ?<\/strong><\/p>\n<ul>\n<li>Transfert depuis les h\u00f4tels d&rsquo;El Gouna \u00ab\u00a0Prise en charge et retour \u00e0 l&rsquo;h\u00f4tel\u00a0\u00bb.<\/li>\n<li>Toutes les taxes, les droits d&rsquo;entr\u00e9e et les frais de manutention.<\/li>\n<li>Transferts.<\/li>\n<li>Boissons.<\/li>\n<\/ul>\n<p><strong>Exclusions ?<\/strong><\/p>\n<ul>\n<li>Pourboires.<\/li>\n<\/ul>\n<p><strong>Transfert priv\u00e9 <\/strong><strong>El Gouna<\/strong> <strong>\u00e0 Louxor :<\/strong><\/p>\n<p>Prix Taxi\/ Voiture \u00a0\u00bb 3 places \u00a0\u00bb = 170$ Prix par voiture priv\u00e9e.<\/p>\n<p>Prix Minivan \u00ab\u00a08 places\u00a0\u00bb = 200$ Prix par Minivan\/Minibus priv\u00e9.<\/p>\n<p>Distance entre El Gouna et Louxor = 360 km<\/p>\n<p>Temps entre El Gouna et Louxor = 4.5 hr.<\/p>\n<p>Il y a 2 arr\u00eats \u00a0\u00bb 20 min Break, 20 Tourist checkpoints in Safaga \u00ab\u00a0.<\/p>\n<p>&nbsp;<\/p>\n<p><strong>Transfert priv\u00e9 <\/strong><strong>El Gouna<\/strong> <strong>vers Le Caire, Pyramides de Gizeh :<\/strong><\/p>\n<p>Prix Taxi\/ Voiture \u00a0\u00bb 3 places \u00a0\u00bb = 180$ Prix par voiture priv\u00e9e.<\/p>\n<p>Prix Minivan \u00ab\u00a08 places\u00a0\u00bb = 220$ Prix par Minivan\/Minibus priv\u00e9.<\/p>\n<p>Distance entre El Gouna et Le Caire = 340 km<\/p>\n<p>Dur\u00e9e du trajet entre El Gouna et Le Caire = 7 heures<\/p>\n<p>Il y a 3 arr\u00eats \u00a0\u00bb 20 min Pause dans le safran Ras Ghareb, 15-30 min Point de contr\u00f4le touristique \u00ab\u00a0.<\/p>\n<p><strong>Transfert priv\u00e9 <\/strong><strong>El Gouna<\/strong> <strong>depuis ou vers l&rsquo;a\u00e9roport d&rsquo;Hurghada (HRG) :<\/strong><\/p>\n<p>Prix Taxi\/ Voiture \u00a0\u00bb 3 &#8211; 6 places \u00a0\u00bb = 30$ Prix par voiture priv\u00e9e.<\/p>\n<p>Prix Minivan \u00ab\u00a012 places\u00a0\u00bb = 40$ Prix par Minivan\/Minibus priv\u00e9.<\/p>\n<p>&nbsp;<\/p>\n<p><strong>Transfert priv\u00e9 <\/strong><strong>El Gouna<\/strong> <strong>\u00e0 Hurghada Marina :<\/strong><\/p>\n<p>Prix Taxi\/ Voiture \u00a0\u00bb 3 &#8211; 6 places \u00a0\u00bb 4hr = 45$ Prix par voiture priv\u00e9e.<\/p>\n<p>Prix Minivan \u00ab\u00a012 places\u00a0\u00bb 4hr = 75$ Prix par Minivan\/Minibus priv\u00e9.<\/p>\n<p><strong> Transferts priv\u00e9s vers l&rsquo;a\u00e9roport du Caire<\/strong><\/p>\n<p>Si vous avez besoin de vous rendre \u00e0 l&rsquo;a\u00e9roport du Caire et d&rsquo;\u00eatre transf\u00e9r\u00e9 vers les villes touristiques d&rsquo;Egypte, vous pouvez nous faire confiance pour vous fournir un service de luxe de voitures priv\u00e9es, de bus et de limousines.<\/p>\n<p><strong>Taxi de <\/strong><strong>El Gouna<\/strong> <strong>\u00e0 Marsa Alam<\/strong><\/p>\n<p>Si vous \u00eates arriv\u00e9 \u00e0 l&rsquo;a\u00e9roport d&rsquo;Hurghada ou si vous avez besoin d&rsquo;une voiture ou d&rsquo;un bus pour vous rendre au Caire ou \u00e0 Louxor, appelez-nous d\u00e8s maintenant.<\/p>\n<p>1 \u00e0 3 personnes (voiture individuelle) = 90 $.<\/p>\n<p>4 \u00e0 8 personnes (minibus) = 120 $.<\/p>\n<p><strong>Critiques :<\/strong><\/p>\n<p>consultez notre Google Map Reviews comme Meilleur <a href=\"https:\/\/g.page\/r\/CUeYvkngP3wkEBM\/review\">Tour Op\u00e9rateur \u00e0 Hurghada<\/a> en ligne \u00e0 <a href=\"https:\/\/hurghadalovers.com\/\">Hurghada<\/a> Egypte.<\/p>\n<p><strong>R\u00e9servation :<\/strong><\/p>\n<p>Envoyez l&rsquo;h\u00f4tel + le num\u00e9ro de la chambre + la photo du passeport \u00e0 WhatsApp : <strong>+201112596434<\/strong><\/p>\n<p>Si vous \u00eates en Egypte, r\u00e9servez d\u00e8s maintenant en ligne et confirmez votre arriv\u00e9e \u00e0 l&rsquo;h\u00f4tel.<\/p>\n<p>&nbsp;<\/p>\n<p>&nbsp;<\/p>\n","protected":false},"excerpt":{"rendered":"<p><strong>Taxi<\/strong> <strong>priv\u00e9 <\/strong><strong>El Gouna<\/strong> vers Louxor, Le Caire | R\u00e9servation Prix bas Service touristique Transfert en Minivan de luxe et Vip Car vers Marsa alam, Soma bay, Hurghada (HRG) Airport | Paiement en esp\u00e8ces sur place.<\/p>\n","protected":false},"featured_media":936340,"template":"","meta":{"_joinchat":[]},"product_brand":[],"product_cat":[29818],"product_tag":[],"class_list":{"0":"post-394201","1":"product","2":"type-product","3":"status-publish","4":"has-post-thumbnail","6":"product_cat-tour-fr","7":"tour_category-le-caire-excursions-dune-journee-depuis-el-gouna","8":"tour_category-el-gouna-to-luxor-tours-french","9":"tour_category-que-faire-a-el-gouna","11":"first","12":"instock","13":"sale","14":"shipping-taxable","15":"purchasable","16":"product-type-tour"},"yoast_head":"<!-- This site is optimized with the Yoast SEO Premium plugin v26.9 (Yoast SEO v27.2) - https:\/\/yoast.com\/product\/yoast-seo-premium-wordpress\/ -->\n<title>Transferts priv\u00e9s en taxi \u00e0 El Gouna vers Louxor, Le Caire<\/title>\n<meta name=\"description\" content=\"Transferts priv\u00e9s en taxi \u00e0 El Gouna Luxor, Cairo | Booking Cheap Prices Tourist Service Transfer by Luxury Minivan and Vip Car to Marsa alam, Soma bay\" \/>\n<meta name=\"robots\" content=\"index, follow, max-snippet:-1, max-image-preview:large, max-video-preview:-1\" \/>\n<link rel=\"canonical\" href=\"https:\/\/hurghadalovers.com\/fr\/tours\/transferts-prives-el-gouna-taxi\/\" \/>\n<meta property=\"og:locale\" content=\"fr_FR\" \/>\n<meta property=\"og:type\" content=\"article\" \/>\n<meta property=\"og:title\" content=\"Transferts priv\u00e9s en taxi \u00e0 El Gouna\" \/>\n<meta property=\"og:description\" content=\"Transferts priv\u00e9s en taxi \u00e0 El Gouna Luxor, Cairo | Booking Cheap Prices Tourist Service Transfer by Luxury Minivan and Vip Car to Marsa alam, Soma bay\" \/>\n<meta property=\"og:url\" content=\"https:\/\/hurghadalovers.com\/fr\/tours\/transferts-prives-el-gouna-taxi\/\" \/>\n<meta property=\"og:site_name\" content=\"Hurghada Excursions &amp; Day Trips | Booking Best Prices Tours\" \/>\n<meta property=\"article:publisher\" content=\"https:\/\/www.facebook.com\/Hurghadaloversegypt\" \/>\n<meta property=\"article:modified_time\" content=\"2026-02-09T19:58:51+00:00\" \/>\n<meta property=\"og:image\" content=\"https:\/\/hurghadalovers.com\/wp-content\/uploads\/2023\/08\/Transfer-from-Makadi-bay-Hotels-Hotel-pick-up-and-drop-off.jpeg\" \/>\n\t<meta property=\"og:image:width\" content=\"720\" \/>\n\t<meta property=\"og:image:height\" content=\"540\" \/>\n\t<meta property=\"og:image:type\" content=\"image\/jpeg\" \/>\n<meta name=\"twitter:card\" content=\"summary_large_image\" \/>\n<meta name=\"twitter:label1\" content=\"Prix\" \/>\n\t<meta name=\"twitter:data1\" content=\"&euro;&nbsp;35\" \/>\n\t<meta name=\"twitter:label2\" content=\"Disponibilit\u00e9\" \/>\n\t<meta name=\"twitter:data2\" content=\"En stock\" \/>\n<script type=\"application\/ld+json\" class=\"yoast-schema-graph\">{\"@context\":\"https:\/\/schema.org\",\"@graph\":[{\"@type\":[\"WebPage\",\"ItemPage\"],\"@id\":\"https:\/\/hurghadalovers.com\/fr\/tours\/transferts-prives-el-gouna-taxi\/\",\"url\":\"https:\/\/hurghadalovers.com\/fr\/tours\/transferts-prives-el-gouna-taxi\/\",\"name\":\"Transferts priv\u00e9s en taxi \u00e0 El Gouna vers Louxor, Le Caire\",\"isPartOf\":{\"@id\":\"https:\/\/hurghadalovers.com\/fr\/#website\"},\"primaryImageOfPage\":{\"@id\":\"https:\/\/hurghadalovers.com\/fr\/tours\/transferts-prives-el-gouna-taxi\/#primaryimage\"},\"image\":{\"@id\":\"https:\/\/hurghadalovers.com\/fr\/tours\/transferts-prives-el-gouna-taxi\/#primaryimage\"},\"thumbnailUrl\":\"https:\/\/hurghadalovers.com\/wp-content\/uploads\/2023\/08\/Transfer-from-Makadi-bay-Hotels-Hotel-pick-up-and-drop-off.jpeg\",\"datePublished\":\"2023-09-02T20:35:35+00:00\",\"dateModified\":\"2026-02-09T19:58:51+00:00\",\"description\":\"Transferts priv\u00e9s en taxi \u00e0 El Gouna Luxor, Cairo | Booking Cheap Prices Tourist Service Transfer by Luxury Minivan and Vip Car to Marsa alam, Soma bay\",\"breadcrumb\":{\"@id\":\"https:\/\/hurghadalovers.com\/fr\/tours\/transferts-prives-el-gouna-taxi\/#breadcrumb\"},\"inLanguage\":\"fr-FR\",\"potentialAction\":[{\"@type\":\"ReadAction\",\"target\":[\"https:\/\/hurghadalovers.com\/fr\/tours\/transferts-prives-el-gouna-taxi\/\"]}]},{\"@type\":\"ImageObject\",\"inLanguage\":\"fr-FR\",\"@id\":\"https:\/\/hurghadalovers.com\/fr\/tours\/transferts-prives-el-gouna-taxi\/#primaryimage\",\"url\":\"https:\/\/hurghadalovers.com\/wp-content\/uploads\/2023\/08\/Transfer-from-Makadi-bay-Hotels-Hotel-pick-up-and-drop-off.jpeg\",\"contentUrl\":\"https:\/\/hurghadalovers.com\/wp-content\/uploads\/2023\/08\/Transfer-from-Makadi-bay-Hotels-Hotel-pick-up-and-drop-off.jpeg\",\"width\":720,\"height\":540,\"caption\":\"Transfer from Makadi bay Hotels \u201cHotel pick up and drop off\u201d\"},{\"@type\":\"BreadcrumbList\",\"@id\":\"https:\/\/hurghadalovers.com\/fr\/tours\/transferts-prives-el-gouna-taxi\/#breadcrumb\",\"itemListElement\":[{\"@type\":\"ListItem\",\"position\":1,\"name\":\"Home\",\"item\":\"https:\/\/hurghadalovers.com\/fr\/\"},{\"@type\":\"ListItem\",\"position\":2,\"name\":\"Shop\",\"item\":\"https:\/\/hurghadalovers.com\/fr\/shop\/\"},{\"@type\":\"ListItem\",\"position\":3,\"name\":\"Transferts priv\u00e9s en taxi \u00e0 El Gouna\"}]},{\"@type\":\"WebSite\",\"@id\":\"https:\/\/hurghadalovers.com\/fr\/#website\",\"url\":\"https:\/\/hurghadalovers.com\/fr\/\",\"name\":\"Hurghada Excursions & Day Trips | Booking Best Prices Tours\",\"description\":\"Hurghada Lovers - Best Tour Operator - Excursions &amp; Things to do for Family Day Trips with kids and Couples Romantic. Unique .Hidden gems\",\"publisher\":{\"@id\":\"https:\/\/hurghadalovers.com\/fr\/#organization\"},\"alternateName\":\"Hurghada Excursions\",\"potentialAction\":[{\"@type\":\"SearchAction\",\"target\":{\"@type\":\"EntryPoint\",\"urlTemplate\":\"https:\/\/hurghadalovers.com\/fr\/?s={search_term_string}\"},\"query-input\":{\"@type\":\"PropertyValueSpecification\",\"valueRequired\":true,\"valueName\":\"search_term_string\"}}],\"inLanguage\":\"fr-FR\"},{\"@type\":[\"Organization\",\"Place\",\"TravelAgency\"],\"@id\":\"https:\/\/hurghadalovers.com\/fr\/#organization\",\"name\":\"Hurghada Excursions\",\"url\":\"https:\/\/hurghadalovers.com\/fr\/\",\"logo\":{\"@id\":\"https:\/\/hurghadalovers.com\/fr\/tours\/transferts-prives-el-gouna-taxi\/#local-main-organization-logo\"},\"image\":{\"@id\":\"https:\/\/hurghadalovers.com\/fr\/tours\/transferts-prives-el-gouna-taxi\/#local-main-organization-logo\"},\"sameAs\":[\"https:\/\/www.facebook.com\/Hurghadaloversegypt\"],\"address\":{\"@id\":\"https:\/\/hurghadalovers.com\/fr\/tours\/transferts-prives-el-gouna-taxi\/#local-main-place-address\"},\"telephone\":[\"00201112596434\"],\"contactPoint\":{\"@type\":\"ContactPoint\",\"telephone\":\"00201112596434\",\"email\":\"weyouface@gmail.com\"},\"openingHoursSpecification\":{\"@type\":\"OpeningHoursSpecification\",\"dayOfWeek\":[\"Monday\",\"Tuesday\",\"Wednesday\",\"Thursday\",\"Friday\",\"Saturday\",\"Sunday\"],\"opens\":\"00:00\",\"closes\":\"23:59\"},\"email\":\"weyouface@gmail.com\",\"areaServed\":\"Luxor, Hurghada, El Gouna, Aswan, Sharm El Sheikh, Giza, Alexandria, Marsa Alam, Quseir, Soma Bay, Sahl Hasheesh, Red Sea, Makadi Bay, Cairo\",\"priceRange\":\"$\",\"currenciesAccepted\":\"euro\",\"paymentAccepted\":\"cash on site\"},{\"@type\":\"PostalAddress\",\"@id\":\"https:\/\/hurghadalovers.com\/fr\/tours\/transferts-prives-el-gouna-taxi\/#local-main-place-address\",\"streetAddress\":\"17 Banks street, Alkawther area, top nbk bank\",\"addressLocality\":\"hurghada\",\"postalCode\":\"84511\",\"addressRegion\":\"red sea\",\"addressCountry\":\"EG\"},{\"@type\":\"ImageObject\",\"inLanguage\":\"fr-FR\",\"@id\":\"https:\/\/hurghadalovers.com\/fr\/tours\/transferts-prives-el-gouna-taxi\/#local-main-organization-logo\",\"url\":\"https:\/\/hurghadalovers.com\/wp-content\/uploads\/2019\/10\/hurghada-excursions-logo.png\",\"contentUrl\":\"https:\/\/hurghadalovers.com\/wp-content\/uploads\/2019\/10\/hurghada-excursions-logo.png\",\"width\":272,\"height\":90,\"caption\":\"Hurghada Excursions\"}]}<\/script>\n<meta property=\"product:brand\" content=\"Le Caire Excursions d&#039;une journ\u00e9e depuis EL Gouna\" \/>\n<meta property=\"product:price:amount\" content=\"35\" \/>\n<meta property=\"product:price:currency\" content=\"EUR\" \/>\n<meta property=\"og:availability\" content=\"instock\" \/>\n<meta property=\"product:availability\" content=\"instock\" \/>\n<meta property=\"product:retailer_item_id\" content=\"Gouna202024\" \/>\n<meta property=\"product:condition\" content=\"new\" \/>\n<meta name=\"geo.placename\" content=\"hurghada\" \/>\n<meta name=\"geo.region\" content=\"\u00c9gypte\" \/>\n<!-- \/ Yoast SEO Premium plugin. -->","yoast_head_json":{"title":"Transferts priv\u00e9s en taxi \u00e0 El Gouna vers Louxor, Le Caire","description":"Transferts priv\u00e9s en taxi \u00e0 El Gouna Luxor, Cairo | Booking Cheap Prices Tourist Service Transfer by Luxury Minivan and Vip Car to Marsa alam, Soma bay","robots":{"index":"index","follow":"follow","max-snippet":"max-snippet:-1","max-image-preview":"max-image-preview:large","max-video-preview":"max-video-preview:-1"},"canonical":"https:\/\/hurghadalovers.com\/fr\/tours\/transferts-prives-el-gouna-taxi\/","og_locale":"fr_FR","og_type":"article","og_title":"Transferts priv\u00e9s en taxi \u00e0 El Gouna","og_description":"Transferts priv\u00e9s en taxi \u00e0 El Gouna Luxor, Cairo | Booking Cheap Prices Tourist Service Transfer by Luxury Minivan and Vip Car to Marsa alam, Soma bay","og_url":"https:\/\/hurghadalovers.com\/fr\/tours\/transferts-prives-el-gouna-taxi\/","og_site_name":"Hurghada Excursions &amp; Day Trips | Booking Best Prices Tours","article_publisher":"https:\/\/www.facebook.com\/Hurghadaloversegypt","article_modified_time":"2026-02-09T19:58:51+00:00","og_image":[{"width":720,"height":540,"url":"https:\/\/hurghadalovers.com\/wp-content\/uploads\/2023\/08\/Transfer-from-Makadi-bay-Hotels-Hotel-pick-up-and-drop-off.jpeg","type":"image\/jpeg"}],"twitter_card":"summary_large_image","twitter_misc":{"Prix":"&euro;&nbsp;35","Disponibilit\u00e9":"En stock"},"schema":{"@context":"https:\/\/schema.org","@graph":[{"@type":["WebPage","ItemPage"],"@id":"https:\/\/hurghadalovers.com\/fr\/tours\/transferts-prives-el-gouna-taxi\/","url":"https:\/\/hurghadalovers.com\/fr\/tours\/transferts-prives-el-gouna-taxi\/","name":"Transferts priv\u00e9s en taxi \u00e0 El Gouna vers Louxor, Le Caire","isPartOf":{"@id":"https:\/\/hurghadalovers.com\/fr\/#website"},"primaryImageOfPage":{"@id":"https:\/\/hurghadalovers.com\/fr\/tours\/transferts-prives-el-gouna-taxi\/#primaryimage"},"image":{"@id":"https:\/\/hurghadalovers.com\/fr\/tours\/transferts-prives-el-gouna-taxi\/#primaryimage"},"thumbnailUrl":"https:\/\/hurghadalovers.com\/wp-content\/uploads\/2023\/08\/Transfer-from-Makadi-bay-Hotels-Hotel-pick-up-and-drop-off.jpeg","datePublished":"2023-09-02T20:35:35+00:00","dateModified":"2026-02-09T19:58:51+00:00","description":"Transferts priv\u00e9s en taxi \u00e0 El Gouna Luxor, Cairo | Booking Cheap Prices Tourist Service Transfer by Luxury Minivan and Vip Car to Marsa alam, Soma bay","breadcrumb":{"@id":"https:\/\/hurghadalovers.com\/fr\/tours\/transferts-prives-el-gouna-taxi\/#breadcrumb"},"inLanguage":"fr-FR","potentialAction":[{"@type":"ReadAction","target":["https:\/\/hurghadalovers.com\/fr\/tours\/transferts-prives-el-gouna-taxi\/"]}]},{"@type":"ImageObject","inLanguage":"fr-FR","@id":"https:\/\/hurghadalovers.com\/fr\/tours\/transferts-prives-el-gouna-taxi\/#primaryimage","url":"https:\/\/hurghadalovers.com\/wp-content\/uploads\/2023\/08\/Transfer-from-Makadi-bay-Hotels-Hotel-pick-up-and-drop-off.jpeg","contentUrl":"https:\/\/hurghadalovers.com\/wp-content\/uploads\/2023\/08\/Transfer-from-Makadi-bay-Hotels-Hotel-pick-up-and-drop-off.jpeg","width":720,"height":540,"caption":"Transfer from Makadi bay Hotels \u201cHotel pick up and drop off\u201d"},{"@type":"BreadcrumbList","@id":"https:\/\/hurghadalovers.com\/fr\/tours\/transferts-prives-el-gouna-taxi\/#breadcrumb","itemListElement":[{"@type":"ListItem","position":1,"name":"Home","item":"https:\/\/hurghadalovers.com\/fr\/"},{"@type":"ListItem","position":2,"name":"Shop","item":"https:\/\/hurghadalovers.com\/fr\/shop\/"},{"@type":"ListItem","position":3,"name":"Transferts priv\u00e9s en taxi \u00e0 El Gouna"}]},{"@type":"WebSite","@id":"https:\/\/hurghadalovers.com\/fr\/#website","url":"https:\/\/hurghadalovers.com\/fr\/","name":"Hurghada Excursions & Day Trips | Booking Best Prices Tours","description":"Hurghada Lovers - Best Tour Operator - Excursions &amp; Things to do for Family Day Trips with kids and Couples Romantic. Unique .Hidden gems","publisher":{"@id":"https:\/\/hurghadalovers.com\/fr\/#organization"},"alternateName":"Hurghada Excursions","potentialAction":[{"@type":"SearchAction","target":{"@type":"EntryPoint","urlTemplate":"https:\/\/hurghadalovers.com\/fr\/?s={search_term_string}"},"query-input":{"@type":"PropertyValueSpecification","valueRequired":true,"valueName":"search_term_string"}}],"inLanguage":"fr-FR"},{"@type":["Organization","Place","TravelAgency"],"@id":"https:\/\/hurghadalovers.com\/fr\/#organization","name":"Hurghada Excursions","url":"https:\/\/hurghadalovers.com\/fr\/","logo":{"@id":"https:\/\/hurghadalovers.com\/fr\/tours\/transferts-prives-el-gouna-taxi\/#local-main-organization-logo"},"image":{"@id":"https:\/\/hurghadalovers.com\/fr\/tours\/transferts-prives-el-gouna-taxi\/#local-main-organization-logo"},"sameAs":["https:\/\/www.facebook.com\/Hurghadaloversegypt"],"address":{"@id":"https:\/\/hurghadalovers.com\/fr\/tours\/transferts-prives-el-gouna-taxi\/#local-main-place-address"},"telephone":["00201112596434"],"contactPoint":{"@type":"ContactPoint","telephone":"00201112596434","email":"weyouface@gmail.com"},"openingHoursSpecification":{"@type":"OpeningHoursSpecification","dayOfWeek":["Monday","Tuesday","Wednesday","Thursday","Friday","Saturday","Sunday"],"opens":"00:00","closes":"23:59"},"email":"weyouface@gmail.com","areaServed":"Luxor, Hurghada, El Gouna, Aswan, Sharm El Sheikh, Giza, Alexandria, Marsa Alam, Quseir, Soma Bay, Sahl Hasheesh, Red Sea, Makadi Bay, Cairo","priceRange":"$","currenciesAccepted":"euro","paymentAccepted":"cash on site"},{"@type":"PostalAddress","@id":"https:\/\/hurghadalovers.com\/fr\/tours\/transferts-prives-el-gouna-taxi\/#local-main-place-address","streetAddress":"17 Banks street, Alkawther area, top nbk bank","addressLocality":"hurghada","postalCode":"84511","addressRegion":"red sea","addressCountry":"EG"},{"@type":"ImageObject","inLanguage":"fr-FR","@id":"https:\/\/hurghadalovers.com\/fr\/tours\/transferts-prives-el-gouna-taxi\/#local-main-organization-logo","url":"https:\/\/hurghadalovers.com\/wp-content\/uploads\/2019\/10\/hurghada-excursions-logo.png","contentUrl":"https:\/\/hurghadalovers.com\/wp-content\/uploads\/2019\/10\/hurghada-excursions-logo.png","width":272,"height":90,"caption":"Hurghada Excursions"}]},"product_brand":"Le Caire Excursions d'une journ\u00e9e depuis EL Gouna","product_price_amount":"35","product_price_currency":"EUR","og_availability":"instock","product_availability":"instock","product_retailer_item_id":"Gouna202024","product_condition":"new","geo.placename":"hurghada","geo.region":"\u00c9gypte"},"_links":{"self":[{"href":"https:\/\/hurghadalovers.com\/fr\/wp-json\/wp\/v2\/product\/394201","targetHints":{"allow":["GET"]}}],"collection":[{"href":"https:\/\/hurghadalovers.com\/fr\/wp-json\/wp\/v2\/product"}],"about":[{"href":"https:\/\/hurghadalovers.com\/fr\/wp-json\/wp\/v2\/types\/product"}],"wp:featuredmedia":[{"embeddable":true,"href":"https:\/\/hurghadalovers.com\/fr\/wp-json\/wp\/v2\/media\/936340"}],"wp:attachment":[{"href":"https:\/\/hurghadalovers.com\/fr\/wp-json\/wp\/v2\/media?parent=394201"}],"wp:term":[{"taxonomy":"product_brand","embeddable":true,"href":"https:\/\/hurghadalovers.com\/fr\/wp-json\/wp\/v2\/product_brand?post=394201"},{"taxonomy":"product_cat","embeddable":true,"href":"https:\/\/hurghadalovers.com\/fr\/wp-json\/wp\/v2\/product_cat?post=394201"},{"taxonomy":"product_tag","embeddable":true,"href":"https:\/\/hurghadalovers.com\/fr\/wp-json\/wp\/v2\/product_tag?post=394201"}],"curies":[{"name":"wp","href":"https:\/\/api.w.org\/{rel}","templated":true}]}}