{"id":393621,"date":"2023-09-02T10:16:58","date_gmt":"2023-09-02T10:16:58","guid":{"rendered":"https:\/\/hurghadalovers.com\/shop\/non%20class\u00e9\/excursions-dune-journee-de-sahl-hasheesh-aux-pyramides-en-minibus-petit-groupe\/"},"modified":"2026-02-07T18:55:16","modified_gmt":"2026-02-07T18:55:16","slug":"excursions-dun-jour-de-sahl-hasheesh-aux-pyramides-en-minivan-petit-groupe","status":"publish","type":"product","link":"https:\/\/hurghadalovers.com\/fr\/tours\/excursions-dun-jour-de-sahl-hasheesh-aux-pyramides-en-minivan-petit-groupe\/","title":{"rendered":"Excursions d&rsquo;une journ\u00e9e de Sahl Hasheesh \u00e0 Gizeh"},"content":{"rendered":"<p>Excursions d&rsquo;une journ\u00e9e de Sahl Hasheesh \u00e0 Gizeh <strong>aux Pyramides en Minivan<\/strong> &#8211; Petit groupe de 8 personnes avec guide priv\u00e9, d\u00e9jeuner, billets et transfert de luxe.<\/p>\n<p><strong>Excursions d&rsquo;une journ\u00e9e de Sahl Hasheesh \u00e0 Gizeh<br \/>\nFaits marquants :<\/strong><\/p>\n<ol>\n<li>Visite des pyramides de Gizeh.<\/li>\n<li>Visite du Grand Sphinx.<\/li>\n<li>Mus\u00e9e \u00e9gyptien.<\/li>\n<li>D\u00e9jeuner au restaurant \u00ab\u00a0Vegetarians Food is available\u00a0\u00bb.<\/li>\n<\/ol>\n<h3><strong>Excursions d&rsquo;une journ\u00e9e de Sahl Hasheesh \u00e0 Gizeh<\/strong><\/h3>\n<p>Excursion Sahl Hasheesh au Caire en avion &#8211; Excursion d\u2019une journ\u00e9e au Caire depuis Sahl Hasheesh, y compris le vol.<\/p>\n<p>Avec notre excursion d\u2019une journ\u00e9e au Caire, y compris le vol, vous avez choisi un moyen pratique de voyager. Au cours de cette excursion d\u2019une journ\u00e9e, vous visiterez les pyramides mondialement connues de Gizeh, le Sphinx, le temple de la vall\u00e9e, le tout aussi c\u00e9l\u00e8bre mus\u00e9e \u00e9gyptien et la vieille ville du Caire.<\/p>\n<p>&nbsp;<\/p>\n<p><strong>Excursions de Sahl Hasheesh aux pyramides \u2013 programme :<\/strong><\/p>\n<p>Le sphinx avec le corps d\u2019un lion et une t\u00eate humaine n\u2019est pas moins impressionnant, de l\u00e0, vous pouvez profiter d\u2019une vue sur le temple de la vall\u00e9e et une vue sur la ville du Caire.<\/p>\n<p>Ensuite, vous allez sur la place Tahrir, o\u00f9 se trouve le mus\u00e9e \u00e9gyptien, exposant des centaines de milliers d\u2019expositions, dont la plus brillante est le sarcophage dor\u00e9 de Toutankhamon, avec ses objets fun\u00e9raires pour son au-del\u00e0. Admirez les beaux bijoux en or filigrane et assurez-vous de demander comment ils ont \u00e9t\u00e9 fabriqu\u00e9s sans assistance m\u00e9canique dans une telle perfection.<\/p>\n<p>Ceci est suivi d\u2019une visite de la vieille ville avec une mosqu\u00e9e en alb\u00e2tre (qui est situ\u00e9e \u00e0 l\u2019int\u00e9rieur de la citadelle) avec une belle vue sur la ville du Caire. Avec une bonne visibilit\u00e9, la vue s\u2019\u00e9tend d\u2019ici aux pyramides.<\/p>\n<p>&nbsp;<\/p>\n<p>Avant la fin de notre excursion d\u2019une journ\u00e9e, nous nous donnons rendez dans la plus ancienne \u00e9glise d\u2019\u00c9gypte,( l&rsquo;Eglise Suspendue\u00a0) dans la partie copte du Caire. Apr\u00e8s un court voyage de shopping \u00e0 travers le c\u00e9l\u00e8bre bazar, puis \u00e0 l\u2019a\u00e9roport pour le vol de retour \u00e0 Hurghada<\/p>\n<p>&nbsp;<\/p>\n<p><strong>Excursions d&rsquo;une journ\u00e9e \u00e0 partir de <\/strong><strong>Sahl Hasheesh<\/strong> <strong>vers les Pyramides en Minivan D\u00e9tails :<\/strong><\/p>\n<ul>\n<li>Disponibilit\u00e9 des visites : Tous les jours.<\/li>\n<li>Type d&rsquo;excursion : Groupe &#8211; 8 personnes.<\/li>\n<li>Heure de prise en charge : \u00e0 partir de 01:00 A.M.<\/li>\n<li>Demander \u00e0 l&rsquo;h\u00f4tel de recevoir votre sac de petit-d\u00e9jeuner le matin.<\/li>\n<li>Heure de prise en charge : 22:30.<\/li>\n<li>Accessible aux fauteuils roulants.<\/li>\n<li>Dur\u00e9e : 22 heures<\/li>\n<\/ul>\n<p><strong>R\u00e9servez maintenant et payez plus tard :<\/strong><\/p>\n<ul>\n<li>Paiement en esp\u00e8ces sur place pour le guide.<\/li>\n<li>Paiement en livres \u00e9gyptiennes, $, \u20ac ou \u00a3.<\/li>\n<\/ul>\n<p><strong>Politique d&rsquo;annulation :<\/strong><\/p>\n<ul>\n<li>vous annulez jusqu&rsquo;\u00e0 24 heures \u00e0 l&rsquo;avance.<\/li>\n<li>Si l&rsquo;un des membres de votre famille annule la matin\u00e9e, vous payez 50 % des frais.<\/li>\n<\/ul>\n<p><strong>Qu&rsquo;est-ce qui est inclus ?<\/strong><\/p>\n<ul>\n<li>Transfert depuis les h\u00f4tels de Sahl Hasheesh \u00ab\u00a0Prise en charge et retour \u00e0 l&rsquo;h\u00f4tel\u00a0\u00bb.<\/li>\n<li>Toutes les taxes, les droits d&rsquo;entr\u00e9e et les frais de manutention.<\/li>\n<li>Transferts.<\/li>\n<li>Guide touristique.<\/li>\n<li>D\u00e9jeuner au restaurant.<\/li>\n<\/ul>\n<p><strong>Exclusions ?<\/strong><\/p>\n<ul>\n<li>Pourboires.<\/li>\n<li>Excursion en felouque \u00ab\u00a0Croisi\u00e8re en bateau\u00a0\u00bb Pendant 35 min.<\/li>\n<li>Boissons.<\/li>\n<li>Tous les extras non mentionn\u00e9s.<\/li>\n<\/ul>\n<p><strong>Les prix :<\/strong><\/p>\n<ul>\n<li><strong>Prix adulte = 70$ par personne<\/strong>.<\/li>\n<li>Prix pour les enfants \u00ab\u00a05-12\u2033= 50%.<\/li>\n<li><\/li>\n<\/ul>\n<p>&nbsp;<\/p>\n<p><strong>Critiques :<\/strong><\/p>\n<p>consultez notre Google Map Reviews comme Meilleur <a href=\"https:\/\/g.page\/r\/CUeYvkngP3wkEBM\/review\">Tour Op\u00e9rateur \u00e0 Hurghada<\/a> en ligne \u00e0 <a href=\"https:\/\/hurghadalovers.com\/\">Hurghada<\/a> Egypte.<\/p>\n<p>&nbsp;<\/p>\n<p><strong>R\u00e9servation :<\/strong><\/p>\n<p>Envoyez l&rsquo;h\u00f4tel + le num\u00e9ro de la chambre + la photo du passeport \u00e0 WhatsApp : <strong>+201112596434<\/strong><\/p>\n<p>Si vous \u00eates en Egypte, r\u00e9servez d\u00e8s maintenant en ligne et confirmez votre arriv\u00e9e \u00e0 l&rsquo;h\u00f4tel.<\/p>\n<p>&nbsp;<\/p>\n<p>&nbsp;<\/p>\n","protected":false},"excerpt":{"rendered":"<p><strong>Excursion d&rsquo;une journ\u00e9e de <\/strong><strong>Sahl Hasheesh<\/strong> <strong>aux Pyramides en Minivan<\/strong> &#8211; Petit groupe de 8 personnes avec guide priv\u00e9, d\u00e9jeuner, billets et transfert de luxe.<\/p>\n","protected":false},"featured_media":936801,"template":"","meta":{"_joinchat":[]},"product_brand":[],"product_cat":[29818],"product_tag":[53386,53372,53384,53376,53369,53380,53382,53324,53328,53346,53363,53373,53332,53378,53342],"class_list":{"0":"post-393621","1":"product","2":"type-product","3":"status-publish","4":"has-post-thumbnail","6":"product_cat-tour-fr","7":"product_tag-activites-dinterieur-a-sahl-hasheesh","8":"product_tag-activites-de-sahl-hasheesh","9":"product_tag-activites-pour-enfants-a-sahl-hasheesh","10":"product_tag-activites-romantiques-a-faire-a-sahl-hasheesh","11":"product_tag-choses-a-faire-a-sahl-hasheesh","12":"product_tag-choses-a-faire-a-sahl-hasheesh-pour-les-couples","13":"product_tag-choses-a-faire-avec-les-enfants-de-sahl-hasheesh","14":"product_tag-de-sahl-hasheesh-aux-pyramides","15":"product_tag-excursion-dune-journee-au-caire-depuis-sahl-hasheesh","16":"product_tag-excursion-dune-journee-de-sahl-hasheesh-aux-pyramides","17":"product_tag-excursions-a-sahl-hasheesh","18":"product_tag-excursions-dune-journee-a-sahl-hasheesh","19":"product_tag-pyramides-de-sahl-hasheesh","20":"product_tag-sahl-hasheesh-activites-pour-les-couples","21":"product_tag-voyage-de-sahl-hasheesh-au-caire","22":"tour_category-le-caire-excursions-dune-journee-depuis-sahl-hasheesh","23":"tour_category-que-faire-a-sahl-hasheesh","25":"first","26":"instock","27":"sale","28":"shipping-taxable","29":"purchasable","30":"product-type-tour"},"yoast_head":"<!-- This site is optimized with the Yoast SEO Premium plugin v26.9 (Yoast SEO v27.2) - https:\/\/yoast.com\/product\/yoast-seo-premium-wordpress\/ -->\n<title>Excursions d&#039;une journ\u00e9e de Sahl Hasheesh \u00e0 Gizeh<\/title>\n<meta name=\"description\" content=\"Excursions d&#039;une journ\u00e9e de Sahl Hasheesh \u00e0 Gizeh en Minivan - Petit groupe de 8 personnes avec guide priv\u00e9, d\u00e9jeuner, billets et transfert de luxe.\" \/>\n<meta name=\"robots\" content=\"index, follow, max-snippet:-1, max-image-preview:large, max-video-preview:-1\" \/>\n<link rel=\"canonical\" href=\"https:\/\/hurghadalovers.com\/fr\/tours\/excursions-dun-jour-de-sahl-hasheesh-aux-pyramides-en-minivan-petit-groupe\/\" \/>\n<meta property=\"og:locale\" content=\"fr_FR\" \/>\n<meta property=\"og:type\" content=\"article\" \/>\n<meta property=\"og:title\" content=\"Excursions d&#039;une journ\u00e9e de Sahl Hasheesh \u00e0 Gizeh\" \/>\n<meta property=\"og:description\" content=\"Excursions d&#039;une journ\u00e9e de Sahl Hasheesh \u00e0 Gizeh en Minivan - Petit groupe de 8 personnes avec guide priv\u00e9, d\u00e9jeuner, billets et transfert de luxe.\" \/>\n<meta property=\"og:url\" content=\"https:\/\/hurghadalovers.com\/fr\/tours\/excursions-dun-jour-de-sahl-hasheesh-aux-pyramides-en-minivan-petit-groupe\/\" \/>\n<meta property=\"og:site_name\" content=\"Hurghada Excursions &amp; Day Trips | Booking Best Prices Tours\" \/>\n<meta property=\"article:publisher\" content=\"https:\/\/www.facebook.com\/Hurghadaloversegypt\" \/>\n<meta property=\"article:modified_time\" content=\"2026-02-07T18:55:16+00:00\" \/>\n<meta property=\"og:image\" content=\"https:\/\/hurghadalovers.com\/wp-content\/uploads\/2023\/08\/cairo-day-trip-from-Makadi-bay-2026.jpg\" \/>\n\t<meta property=\"og:image:width\" content=\"900\" \/>\n\t<meta property=\"og:image:height\" content=\"1200\" \/>\n\t<meta property=\"og:image:type\" content=\"image\/jpeg\" \/>\n<meta name=\"twitter:card\" content=\"summary_large_image\" \/>\n<meta name=\"twitter:label1\" content=\"Prix\" \/>\n\t<meta name=\"twitter:data1\" content=\"&euro;&nbsp;85\" \/>\n\t<meta name=\"twitter:label2\" content=\"Disponibilit\u00e9\" \/>\n\t<meta name=\"twitter:data2\" content=\"En stock\" \/>\n<script type=\"application\/ld+json\" class=\"yoast-schema-graph\">{\"@context\":\"https:\/\/schema.org\",\"@graph\":[{\"@type\":[\"WebPage\",\"ItemPage\"],\"@id\":\"https:\/\/hurghadalovers.com\/fr\/tours\/excursions-dun-jour-de-sahl-hasheesh-aux-pyramides-en-minivan-petit-groupe\/\",\"url\":\"https:\/\/hurghadalovers.com\/fr\/tours\/excursions-dun-jour-de-sahl-hasheesh-aux-pyramides-en-minivan-petit-groupe\/\",\"name\":\"Excursions d'une journ\u00e9e de Sahl Hasheesh \u00e0 Gizeh\",\"isPartOf\":{\"@id\":\"https:\/\/hurghadalovers.com\/fr\/#website\"},\"primaryImageOfPage\":{\"@id\":\"https:\/\/hurghadalovers.com\/fr\/tours\/excursions-dun-jour-de-sahl-hasheesh-aux-pyramides-en-minivan-petit-groupe\/#primaryimage\"},\"image\":{\"@id\":\"https:\/\/hurghadalovers.com\/fr\/tours\/excursions-dun-jour-de-sahl-hasheesh-aux-pyramides-en-minivan-petit-groupe\/#primaryimage\"},\"thumbnailUrl\":\"https:\/\/hurghadalovers.com\/wp-content\/uploads\/2023\/08\/cairo-day-trip-from-Makadi-bay-2026.jpg\",\"datePublished\":\"2023-09-02T10:16:58+00:00\",\"dateModified\":\"2026-02-07T18:55:16+00:00\",\"description\":\"Excursions d'une journ\u00e9e de Sahl Hasheesh \u00e0 Gizeh en Minivan - Petit groupe de 8 personnes avec guide priv\u00e9, d\u00e9jeuner, billets et transfert de luxe.\",\"breadcrumb\":{\"@id\":\"https:\/\/hurghadalovers.com\/fr\/tours\/excursions-dun-jour-de-sahl-hasheesh-aux-pyramides-en-minivan-petit-groupe\/#breadcrumb\"},\"inLanguage\":\"fr-FR\",\"potentialAction\":[{\"@type\":\"ReadAction\",\"target\":[\"https:\/\/hurghadalovers.com\/fr\/tours\/excursions-dun-jour-de-sahl-hasheesh-aux-pyramides-en-minivan-petit-groupe\/\"]}]},{\"@type\":\"ImageObject\",\"inLanguage\":\"fr-FR\",\"@id\":\"https:\/\/hurghadalovers.com\/fr\/tours\/excursions-dun-jour-de-sahl-hasheesh-aux-pyramides-en-minivan-petit-groupe\/#primaryimage\",\"url\":\"https:\/\/hurghadalovers.com\/wp-content\/uploads\/2023\/08\/cairo-day-trip-from-Makadi-bay-2026.jpg\",\"contentUrl\":\"https:\/\/hurghadalovers.com\/wp-content\/uploads\/2023\/08\/cairo-day-trip-from-Makadi-bay-2026.jpg\",\"width\":900,\"height\":1200,\"caption\":\"cairo-day-trip-from-Makadi-bay-2026\"},{\"@type\":\"BreadcrumbList\",\"@id\":\"https:\/\/hurghadalovers.com\/fr\/tours\/excursions-dun-jour-de-sahl-hasheesh-aux-pyramides-en-minivan-petit-groupe\/#breadcrumb\",\"itemListElement\":[{\"@type\":\"ListItem\",\"position\":1,\"name\":\"Home\",\"item\":\"https:\/\/hurghadalovers.com\/fr\/\"},{\"@type\":\"ListItem\",\"position\":2,\"name\":\"Shop\",\"item\":\"https:\/\/hurghadalovers.com\/fr\/shop\/\"},{\"@type\":\"ListItem\",\"position\":3,\"name\":\"Excursions d&rsquo;une journ\u00e9e de Sahl Hasheesh \u00e0 Gizeh\"}]},{\"@type\":\"WebSite\",\"@id\":\"https:\/\/hurghadalovers.com\/fr\/#website\",\"url\":\"https:\/\/hurghadalovers.com\/fr\/\",\"name\":\"Hurghada Excursions & Day Trips | Booking Best Prices Tours\",\"description\":\"Hurghada Lovers - Best Tour Operator - Excursions &amp; Things to do for Family Day Trips with kids and Couples Romantic. Unique .Hidden gems\",\"publisher\":{\"@id\":\"https:\/\/hurghadalovers.com\/fr\/#organization\"},\"alternateName\":\"Hurghada Excursions\",\"potentialAction\":[{\"@type\":\"SearchAction\",\"target\":{\"@type\":\"EntryPoint\",\"urlTemplate\":\"https:\/\/hurghadalovers.com\/fr\/?s={search_term_string}\"},\"query-input\":{\"@type\":\"PropertyValueSpecification\",\"valueRequired\":true,\"valueName\":\"search_term_string\"}}],\"inLanguage\":\"fr-FR\"},{\"@type\":[\"Organization\",\"Place\",\"TravelAgency\"],\"@id\":\"https:\/\/hurghadalovers.com\/fr\/#organization\",\"name\":\"Hurghada Excursions\",\"url\":\"https:\/\/hurghadalovers.com\/fr\/\",\"logo\":{\"@id\":\"https:\/\/hurghadalovers.com\/fr\/tours\/excursions-dun-jour-de-sahl-hasheesh-aux-pyramides-en-minivan-petit-groupe\/#local-main-organization-logo\"},\"image\":{\"@id\":\"https:\/\/hurghadalovers.com\/fr\/tours\/excursions-dun-jour-de-sahl-hasheesh-aux-pyramides-en-minivan-petit-groupe\/#local-main-organization-logo\"},\"sameAs\":[\"https:\/\/www.facebook.com\/Hurghadaloversegypt\"],\"address\":{\"@id\":\"https:\/\/hurghadalovers.com\/fr\/tours\/excursions-dun-jour-de-sahl-hasheesh-aux-pyramides-en-minivan-petit-groupe\/#local-main-place-address\"},\"telephone\":[\"00201112596434\"],\"contactPoint\":{\"@type\":\"ContactPoint\",\"telephone\":\"00201112596434\",\"email\":\"weyouface@gmail.com\"},\"openingHoursSpecification\":{\"@type\":\"OpeningHoursSpecification\",\"dayOfWeek\":[\"Monday\",\"Tuesday\",\"Wednesday\",\"Thursday\",\"Friday\",\"Saturday\",\"Sunday\"],\"opens\":\"00:00\",\"closes\":\"23:59\"},\"email\":\"weyouface@gmail.com\",\"areaServed\":\"Luxor, Hurghada, El Gouna, Aswan, Sharm El Sheikh, Giza, Alexandria, Marsa Alam, Quseir, Soma Bay, Sahl Hasheesh, Red Sea, Makadi Bay, Cairo\",\"priceRange\":\"$\",\"currenciesAccepted\":\"euro\",\"paymentAccepted\":\"cash on site\"},{\"@type\":\"PostalAddress\",\"@id\":\"https:\/\/hurghadalovers.com\/fr\/tours\/excursions-dun-jour-de-sahl-hasheesh-aux-pyramides-en-minivan-petit-groupe\/#local-main-place-address\",\"streetAddress\":\"17 Banks street, Alkawther area, top nbk bank\",\"addressLocality\":\"hurghada\",\"postalCode\":\"84511\",\"addressRegion\":\"red sea\",\"addressCountry\":\"EG\"},{\"@type\":\"ImageObject\",\"inLanguage\":\"fr-FR\",\"@id\":\"https:\/\/hurghadalovers.com\/fr\/tours\/excursions-dun-jour-de-sahl-hasheesh-aux-pyramides-en-minivan-petit-groupe\/#local-main-organization-logo\",\"url\":\"https:\/\/hurghadalovers.com\/wp-content\/uploads\/2019\/10\/hurghada-excursions-logo.png\",\"contentUrl\":\"https:\/\/hurghadalovers.com\/wp-content\/uploads\/2019\/10\/hurghada-excursions-logo.png\",\"width\":272,\"height\":90,\"caption\":\"Hurghada Excursions\"}]}<\/script>\n<meta property=\"product:brand\" content=\"Le Caire Excursions d&#039;une journ\u00e9e depuis Sahl Hasheesh\" \/>\n<meta property=\"product:price:amount\" content=\"85\" \/>\n<meta property=\"product:price:currency\" content=\"EUR\" \/>\n<meta property=\"og:availability\" content=\"instock\" \/>\n<meta property=\"product:availability\" content=\"instock\" \/>\n<meta property=\"product:retailer_item_id\" content=\"Sahl612024\" \/>\n<meta property=\"product:condition\" content=\"new\" \/>\n<meta name=\"geo.placename\" content=\"hurghada\" \/>\n<meta name=\"geo.region\" content=\"\u00c9gypte\" \/>\n<!-- \/ Yoast SEO Premium plugin. -->","yoast_head_json":{"title":"Excursions d'une journ\u00e9e de Sahl Hasheesh \u00e0 Gizeh","description":"Excursions d'une journ\u00e9e de Sahl Hasheesh \u00e0 Gizeh en Minivan - Petit groupe de 8 personnes avec guide priv\u00e9, d\u00e9jeuner, billets et transfert de luxe.","robots":{"index":"index","follow":"follow","max-snippet":"max-snippet:-1","max-image-preview":"max-image-preview:large","max-video-preview":"max-video-preview:-1"},"canonical":"https:\/\/hurghadalovers.com\/fr\/tours\/excursions-dun-jour-de-sahl-hasheesh-aux-pyramides-en-minivan-petit-groupe\/","og_locale":"fr_FR","og_type":"article","og_title":"Excursions d'une journ\u00e9e de Sahl Hasheesh \u00e0 Gizeh","og_description":"Excursions d'une journ\u00e9e de Sahl Hasheesh \u00e0 Gizeh en Minivan - Petit groupe de 8 personnes avec guide priv\u00e9, d\u00e9jeuner, billets et transfert de luxe.","og_url":"https:\/\/hurghadalovers.com\/fr\/tours\/excursions-dun-jour-de-sahl-hasheesh-aux-pyramides-en-minivan-petit-groupe\/","og_site_name":"Hurghada Excursions &amp; Day Trips | Booking Best Prices Tours","article_publisher":"https:\/\/www.facebook.com\/Hurghadaloversegypt","article_modified_time":"2026-02-07T18:55:16+00:00","og_image":[{"width":900,"height":1200,"url":"https:\/\/hurghadalovers.com\/wp-content\/uploads\/2023\/08\/cairo-day-trip-from-Makadi-bay-2026.jpg","type":"image\/jpeg"}],"twitter_card":"summary_large_image","twitter_misc":{"Prix":"&euro;&nbsp;85","Disponibilit\u00e9":"En stock"},"schema":{"@context":"https:\/\/schema.org","@graph":[{"@type":["WebPage","ItemPage"],"@id":"https:\/\/hurghadalovers.com\/fr\/tours\/excursions-dun-jour-de-sahl-hasheesh-aux-pyramides-en-minivan-petit-groupe\/","url":"https:\/\/hurghadalovers.com\/fr\/tours\/excursions-dun-jour-de-sahl-hasheesh-aux-pyramides-en-minivan-petit-groupe\/","name":"Excursions d'une journ\u00e9e de Sahl Hasheesh \u00e0 Gizeh","isPartOf":{"@id":"https:\/\/hurghadalovers.com\/fr\/#website"},"primaryImageOfPage":{"@id":"https:\/\/hurghadalovers.com\/fr\/tours\/excursions-dun-jour-de-sahl-hasheesh-aux-pyramides-en-minivan-petit-groupe\/#primaryimage"},"image":{"@id":"https:\/\/hurghadalovers.com\/fr\/tours\/excursions-dun-jour-de-sahl-hasheesh-aux-pyramides-en-minivan-petit-groupe\/#primaryimage"},"thumbnailUrl":"https:\/\/hurghadalovers.com\/wp-content\/uploads\/2023\/08\/cairo-day-trip-from-Makadi-bay-2026.jpg","datePublished":"2023-09-02T10:16:58+00:00","dateModified":"2026-02-07T18:55:16+00:00","description":"Excursions d'une journ\u00e9e de Sahl Hasheesh \u00e0 Gizeh en Minivan - Petit groupe de 8 personnes avec guide priv\u00e9, d\u00e9jeuner, billets et transfert de luxe.","breadcrumb":{"@id":"https:\/\/hurghadalovers.com\/fr\/tours\/excursions-dun-jour-de-sahl-hasheesh-aux-pyramides-en-minivan-petit-groupe\/#breadcrumb"},"inLanguage":"fr-FR","potentialAction":[{"@type":"ReadAction","target":["https:\/\/hurghadalovers.com\/fr\/tours\/excursions-dun-jour-de-sahl-hasheesh-aux-pyramides-en-minivan-petit-groupe\/"]}]},{"@type":"ImageObject","inLanguage":"fr-FR","@id":"https:\/\/hurghadalovers.com\/fr\/tours\/excursions-dun-jour-de-sahl-hasheesh-aux-pyramides-en-minivan-petit-groupe\/#primaryimage","url":"https:\/\/hurghadalovers.com\/wp-content\/uploads\/2023\/08\/cairo-day-trip-from-Makadi-bay-2026.jpg","contentUrl":"https:\/\/hurghadalovers.com\/wp-content\/uploads\/2023\/08\/cairo-day-trip-from-Makadi-bay-2026.jpg","width":900,"height":1200,"caption":"cairo-day-trip-from-Makadi-bay-2026"},{"@type":"BreadcrumbList","@id":"https:\/\/hurghadalovers.com\/fr\/tours\/excursions-dun-jour-de-sahl-hasheesh-aux-pyramides-en-minivan-petit-groupe\/#breadcrumb","itemListElement":[{"@type":"ListItem","position":1,"name":"Home","item":"https:\/\/hurghadalovers.com\/fr\/"},{"@type":"ListItem","position":2,"name":"Shop","item":"https:\/\/hurghadalovers.com\/fr\/shop\/"},{"@type":"ListItem","position":3,"name":"Excursions d&rsquo;une journ\u00e9e de Sahl Hasheesh \u00e0 Gizeh"}]},{"@type":"WebSite","@id":"https:\/\/hurghadalovers.com\/fr\/#website","url":"https:\/\/hurghadalovers.com\/fr\/","name":"Hurghada Excursions & Day Trips | Booking Best Prices Tours","description":"Hurghada Lovers - Best Tour Operator - Excursions &amp; Things to do for Family Day Trips with kids and Couples Romantic. Unique .Hidden gems","publisher":{"@id":"https:\/\/hurghadalovers.com\/fr\/#organization"},"alternateName":"Hurghada Excursions","potentialAction":[{"@type":"SearchAction","target":{"@type":"EntryPoint","urlTemplate":"https:\/\/hurghadalovers.com\/fr\/?s={search_term_string}"},"query-input":{"@type":"PropertyValueSpecification","valueRequired":true,"valueName":"search_term_string"}}],"inLanguage":"fr-FR"},{"@type":["Organization","Place","TravelAgency"],"@id":"https:\/\/hurghadalovers.com\/fr\/#organization","name":"Hurghada Excursions","url":"https:\/\/hurghadalovers.com\/fr\/","logo":{"@id":"https:\/\/hurghadalovers.com\/fr\/tours\/excursions-dun-jour-de-sahl-hasheesh-aux-pyramides-en-minivan-petit-groupe\/#local-main-organization-logo"},"image":{"@id":"https:\/\/hurghadalovers.com\/fr\/tours\/excursions-dun-jour-de-sahl-hasheesh-aux-pyramides-en-minivan-petit-groupe\/#local-main-organization-logo"},"sameAs":["https:\/\/www.facebook.com\/Hurghadaloversegypt"],"address":{"@id":"https:\/\/hurghadalovers.com\/fr\/tours\/excursions-dun-jour-de-sahl-hasheesh-aux-pyramides-en-minivan-petit-groupe\/#local-main-place-address"},"telephone":["00201112596434"],"contactPoint":{"@type":"ContactPoint","telephone":"00201112596434","email":"weyouface@gmail.com"},"openingHoursSpecification":{"@type":"OpeningHoursSpecification","dayOfWeek":["Monday","Tuesday","Wednesday","Thursday","Friday","Saturday","Sunday"],"opens":"00:00","closes":"23:59"},"email":"weyouface@gmail.com","areaServed":"Luxor, Hurghada, El Gouna, Aswan, Sharm El Sheikh, Giza, Alexandria, Marsa Alam, Quseir, Soma Bay, Sahl Hasheesh, Red Sea, Makadi Bay, Cairo","priceRange":"$","currenciesAccepted":"euro","paymentAccepted":"cash on site"},{"@type":"PostalAddress","@id":"https:\/\/hurghadalovers.com\/fr\/tours\/excursions-dun-jour-de-sahl-hasheesh-aux-pyramides-en-minivan-petit-groupe\/#local-main-place-address","streetAddress":"17 Banks street, Alkawther area, top nbk bank","addressLocality":"hurghada","postalCode":"84511","addressRegion":"red sea","addressCountry":"EG"},{"@type":"ImageObject","inLanguage":"fr-FR","@id":"https:\/\/hurghadalovers.com\/fr\/tours\/excursions-dun-jour-de-sahl-hasheesh-aux-pyramides-en-minivan-petit-groupe\/#local-main-organization-logo","url":"https:\/\/hurghadalovers.com\/wp-content\/uploads\/2019\/10\/hurghada-excursions-logo.png","contentUrl":"https:\/\/hurghadalovers.com\/wp-content\/uploads\/2019\/10\/hurghada-excursions-logo.png","width":272,"height":90,"caption":"Hurghada Excursions"}]},"product_brand":"Le Caire Excursions d'une journ\u00e9e depuis Sahl Hasheesh","product_price_amount":"85","product_price_currency":"EUR","og_availability":"instock","product_availability":"instock","product_retailer_item_id":"Sahl612024","product_condition":"new","geo.placename":"hurghada","geo.region":"\u00c9gypte"},"_links":{"self":[{"href":"https:\/\/hurghadalovers.com\/fr\/wp-json\/wp\/v2\/product\/393621","targetHints":{"allow":["GET"]}}],"collection":[{"href":"https:\/\/hurghadalovers.com\/fr\/wp-json\/wp\/v2\/product"}],"about":[{"href":"https:\/\/hurghadalovers.com\/fr\/wp-json\/wp\/v2\/types\/product"}],"wp:featuredmedia":[{"embeddable":true,"href":"https:\/\/hurghadalovers.com\/fr\/wp-json\/wp\/v2\/media\/936801"}],"wp:attachment":[{"href":"https:\/\/hurghadalovers.com\/fr\/wp-json\/wp\/v2\/media?parent=393621"}],"wp:term":[{"taxonomy":"product_brand","embeddable":true,"href":"https:\/\/hurghadalovers.com\/fr\/wp-json\/wp\/v2\/product_brand?post=393621"},{"taxonomy":"product_cat","embeddable":true,"href":"https:\/\/hurghadalovers.com\/fr\/wp-json\/wp\/v2\/product_cat?post=393621"},{"taxonomy":"product_tag","embeddable":true,"href":"https:\/\/hurghadalovers.com\/fr\/wp-json\/wp\/v2\/product_tag?post=393621"}],"curies":[{"name":"wp","href":"https:\/\/api.w.org\/{rel}","templated":true}]}}