{"id":392735,"date":"2023-09-01T21:36:31","date_gmt":"2023-09-01T21:36:31","guid":{"rendered":"https:\/\/hurghadalovers.com\/shop\/non class\u00e9\/parachute-ascensionnel-sahl-hasheesh\/"},"modified":"2026-02-09T06:33:26","modified_gmt":"2026-02-09T06:33:26","slug":"parachute-ascensionnel-sahl-hasheesh","status":"publish","type":"product","link":"https:\/\/hurghadalovers.com\/fr\/tours\/parachute-ascensionnel-sahl-hasheesh\/","title":{"rendered":"Parachute ascensionnel Sahl Hasheesh"},"content":{"rendered":"<p><strong>Parasailing <\/strong><strong>Sahl Has <\/strong>heesh | <strong>Parachute<\/strong> ascensionnel | <strong>Paragliding Tour <\/strong> in<strong>Sahl Hasheesh <\/strong>| Booking Cheap Price water sports with Transfer.<\/p>\n<p style=\"text-align: center;\"><span style=\"color: #800080;\">Meilleures <strong>activit\u00e9s d&rsquo;adr\u00e9naline<\/strong> et <strong>voyages d&rsquo;aventure<\/strong> l&rsquo;apr\u00e8s-midi<\/span><\/p>\n<p style=\"text-align: center;\"><span style=\"color: #800080;\">Les meilleurs circuits ludiques pour les <strong>familles avec enfants<\/strong><\/span><\/p>\n<p style=\"text-align: center;\"><span style=\"color: #800080;\">Meilleures choses \u00e0 faire \u00e0 Sahl Hasheesh pour une lune de miel <strong>romantique et en couple<\/strong>.<\/span><\/p>\n<p style=\"text-align: center;\"><strong>Faits marquants :<\/strong><\/p>\n<ul>\n<li>Parachute ascensionnel et parachute ascensionnel.<\/li>\n<li>Bateau rapide.<\/li>\n<li>Transfert priv\u00e9.<\/li>\n<\/ul>\n<p><strong>Parachute ascensionnel <\/strong><strong>Sahl Hasheesh <\/strong><strong>D\u00e9tails :<\/strong><\/p>\n<ul>\n<li>Disponibilit\u00e9 des visites : Tous les jours.<\/li>\n<li>Type d&rsquo;excursion : Groupe.<\/li>\n<li>Heure de prise en charge : \u00e0 partir de 10h00 comme vous le souhaitez R\u00e9servation.<\/li>\n<li>Heure de prise en charge : comme vous le souhaitez.<\/li>\n<li>Dur\u00e9e : 5-7 min Voler dans le ciel en parachute.<\/li>\n<\/ul>\n<p><strong>R\u00e9servez maintenant et payez plus tard :<\/strong><\/p>\n<ul>\n<li>Paiement en esp\u00e8ces sur place pour le guide.<\/li>\n<li>Paiement en livres \u00e9gyptiennes, $, \u20ac ou \u00a3.<\/li>\n<\/ul>\n<p><strong>Politique d&rsquo;annulation :<\/strong><\/p>\n<ul>\n<li>vous annulez jusqu&rsquo;\u00e0 24 heures \u00e0 l&rsquo;avance.<\/li>\n<li>Si l&rsquo;un des membres de votre famille annule la matin\u00e9e, vous payez 50 % des frais.<\/li>\n<\/ul>\n<p><strong>Qu&rsquo;est-ce qui est inclus ?<\/strong><\/p>\n<ul>\n<li>Transfert depuis les h\u00f4tels de Sahl Hasheesh \u00ab\u00a0Prise en charge et retour \u00e0 l&rsquo;h\u00f4tel\u00a0\u00bb.<\/li>\n<li>Toutes les taxes, les droits d&rsquo;entr\u00e9e et les frais de manutention.<\/li>\n<li>Parachute ascensionnel.<\/li>\n<li>Eau min\u00e9rale.<\/li>\n<li>Gilets de sauvetage.<\/li>\n<\/ul>\n<p><strong>Exclusions ?<\/strong><\/p>\n<ul>\n<li>Pourboires.<\/li>\n<li>Photographie et photos pour le voyage.<\/li>\n<li>Tous les extras non mentionn\u00e9s.<\/li>\n<\/ul>\n<p><strong>Les prix :<\/strong><\/p>\n<p><strong>Prix = 30$ par personne avec transfert<\/strong>.<\/p>\n<p><strong>Critiques :<\/strong><\/p>\n<p>consultez notre Google Map Reviews comme Meilleur <a href=\"https:\/\/g.page\/r\/CUeYvkngP3wkEBM\/review\">Tour Op\u00e9rateur \u00e0 Hurghada<\/a> en ligne \u00e0 <a href=\"https:\/\/hurghadalovers.com\/\">Hurghada<\/a> Egypte.<\/p>\n<p>&nbsp;<\/p>\n<p><strong>R\u00e9servation :<\/strong><\/p>\n<p>Envoyez l&rsquo;h\u00f4tel + le num\u00e9ro de la chambre + la photo du passeport \u00e0 WhatsApp : <strong>+201112596434<\/strong><\/p>\n<p>Si vous \u00eates en Egypte, r\u00e9servez d\u00e8s maintenant en ligne et confirmez votre arriv\u00e9e \u00e0 l&rsquo;h\u00f4tel.<\/p>\n<p>&nbsp;<\/p>\n<p>&nbsp;<\/p>\n","protected":false},"excerpt":{"rendered":"<p><strong>Parasailing <\/strong><strong>Sahl Has <\/strong>heesh | <strong>Parachute<\/strong> ascensionnel | <strong>Paragliding Tour <\/strong> in<strong>Sahl Hasheesh <\/strong>| Booking Cheap Price water sports with Transfer.<\/p>\n<p style=\"text-align: center;\"><span style=\"color: #800080;\">Meilleures <strong>activit\u00e9s d&rsquo;adr\u00e9naline<\/strong> et <strong>voyages d&rsquo;aventure<\/strong> l&rsquo;apr\u00e8s-midi<\/span><\/p>\n<p style=\"text-align: center;\">\n","protected":false},"featured_media":484783,"template":"","meta":{"_joinchat":[]},"product_brand":[],"product_cat":[29818],"product_tag":[53386,53372,53384,53376,53477,53369,53382,53363,53373,53336,53338,53378,53479],"class_list":{"0":"post-392735","1":"product","2":"type-product","3":"status-publish","4":"has-post-thumbnail","6":"product_cat-tour-fr","7":"product_tag-activites-dinterieur-a-sahl-hasheesh","8":"product_tag-activites-de-sahl-hasheesh","9":"product_tag-activites-pour-enfants-a-sahl-hasheesh","10":"product_tag-activites-romantiques-a-faire-a-sahl-hasheesh","11":"product_tag-bobos-sahl-hasheesh-watersports-fr","12":"product_tag-choses-a-faire-a-sahl-hasheesh","13":"product_tag-choses-a-faire-avec-les-enfants-de-sahl-hasheesh","14":"product_tag-excursions-a-sahl-hasheesh","15":"product_tag-excursions-dune-journee-a-sahl-hasheesh","16":"product_tag-parachute-ascensionnel-sahl-hasheesh","17":"product_tag-parapente-sahl-hasheesh-fr","18":"product_tag-sahl-hasheesh-activites-pour-les-couples","19":"product_tag-sahl-hasheesh-surfing-fr","20":"tour_category-que-faire-a-sahl-hasheesh","21":"tour_category-sahl-hasheesh-activites","23":"first","24":"instock","25":"sale","26":"shipping-taxable","27":"purchasable","28":"product-type-tour"},"yoast_head":"<!-- This site is optimized with the Yoast SEO Premium plugin v26.9 (Yoast SEO v27.2) - https:\/\/yoast.com\/product\/yoast-seo-premium-wordpress\/ -->\n<title>Parasailing Sahl Hasheesh | Parachute ascensionnel | Parapente<\/title>\n<meta name=\"description\" content=\"Parasailing Sahl Hasheesh | Parachute ascensionnel | Paragliding Tour | Booking Cheap Price water sports with Transfer. Meilleures activit\u00e9s d&#039;adr\u00e9naline\" \/>\n<meta name=\"robots\" content=\"index, follow, max-snippet:-1, max-image-preview:large, max-video-preview:-1\" \/>\n<link rel=\"canonical\" href=\"https:\/\/hurghadalovers.com\/fr\/tours\/parachute-ascensionnel-sahl-hasheesh\/\" \/>\n<meta property=\"og:locale\" content=\"fr_FR\" \/>\n<meta property=\"og:type\" content=\"article\" \/>\n<meta property=\"og:title\" content=\"Parachute ascensionnel Sahl Hasheesh\" \/>\n<meta property=\"og:description\" content=\"Parasailing Sahl Hasheesh | Parachute ascensionnel | Paragliding Tour | Booking Cheap Price water sports with Transfer. Meilleures activit\u00e9s d&#039;adr\u00e9naline\" \/>\n<meta property=\"og:url\" content=\"https:\/\/hurghadalovers.com\/fr\/tours\/parachute-ascensionnel-sahl-hasheesh\/\" \/>\n<meta property=\"og:site_name\" content=\"Hurghada Excursions &amp; Day Trips | Booking Best Prices Tours\" \/>\n<meta property=\"article:publisher\" content=\"https:\/\/www.facebook.com\/Hurghadaloversegypt\" \/>\n<meta property=\"article:modified_time\" content=\"2026-02-09T06:33:26+00:00\" \/>\n<meta property=\"og:image\" content=\"https:\/\/hurghadalovers.com\/wp-content\/uploads\/2023\/08\/Parasailing-Hurghada-Tour-all-inclusive-2027.jpeg\" \/>\n\t<meta property=\"og:image:width\" content=\"853\" \/>\n\t<meta property=\"og:image:height\" content=\"1280\" \/>\n\t<meta property=\"og:image:type\" content=\"image\/jpeg\" \/>\n<meta name=\"twitter:card\" content=\"summary_large_image\" \/>\n<meta name=\"twitter:label1\" content=\"Prix\" \/>\n\t<meta name=\"twitter:data1\" content=\"&euro;&nbsp;35\" \/>\n\t<meta name=\"twitter:label2\" content=\"Disponibilit\u00e9\" \/>\n\t<meta name=\"twitter:data2\" content=\"En stock\" \/>\n<script type=\"application\/ld+json\" class=\"yoast-schema-graph\">{\"@context\":\"https:\/\/schema.org\",\"@graph\":[{\"@type\":[\"WebPage\",\"ItemPage\"],\"@id\":\"https:\/\/hurghadalovers.com\/fr\/tours\/parachute-ascensionnel-sahl-hasheesh\/\",\"url\":\"https:\/\/hurghadalovers.com\/fr\/tours\/parachute-ascensionnel-sahl-hasheesh\/\",\"name\":\"Parasailing Sahl Hasheesh | Parachute ascensionnel | Parapente\",\"isPartOf\":{\"@id\":\"https:\/\/hurghadalovers.com\/fr\/#website\"},\"primaryImageOfPage\":{\"@id\":\"https:\/\/hurghadalovers.com\/fr\/tours\/parachute-ascensionnel-sahl-hasheesh\/#primaryimage\"},\"image\":{\"@id\":\"https:\/\/hurghadalovers.com\/fr\/tours\/parachute-ascensionnel-sahl-hasheesh\/#primaryimage\"},\"thumbnailUrl\":\"https:\/\/hurghadalovers.com\/wp-content\/uploads\/2023\/08\/Parasailing-Hurghada-Tour-all-inclusive-2027.jpeg\",\"datePublished\":\"2023-09-01T21:36:31+00:00\",\"dateModified\":\"2026-02-09T06:33:26+00:00\",\"description\":\"Parasailing Sahl Hasheesh | Parachute ascensionnel | Paragliding Tour | Booking Cheap Price water sports with Transfer. Meilleures activit\u00e9s d'adr\u00e9naline\",\"breadcrumb\":{\"@id\":\"https:\/\/hurghadalovers.com\/fr\/tours\/parachute-ascensionnel-sahl-hasheesh\/#breadcrumb\"},\"inLanguage\":\"fr-FR\",\"potentialAction\":[{\"@type\":\"ReadAction\",\"target\":[\"https:\/\/hurghadalovers.com\/fr\/tours\/parachute-ascensionnel-sahl-hasheesh\/\"]}]},{\"@type\":\"ImageObject\",\"inLanguage\":\"fr-FR\",\"@id\":\"https:\/\/hurghadalovers.com\/fr\/tours\/parachute-ascensionnel-sahl-hasheesh\/#primaryimage\",\"url\":\"https:\/\/hurghadalovers.com\/wp-content\/uploads\/2023\/08\/Parasailing-Hurghada-Tour-all-inclusive-2027.jpeg\",\"contentUrl\":\"https:\/\/hurghadalovers.com\/wp-content\/uploads\/2023\/08\/Parasailing-Hurghada-Tour-all-inclusive-2027.jpeg\",\"width\":853,\"height\":1280,\"caption\":\"Parasailing Hurghada Tour all inclusive 2027\"},{\"@type\":\"BreadcrumbList\",\"@id\":\"https:\/\/hurghadalovers.com\/fr\/tours\/parachute-ascensionnel-sahl-hasheesh\/#breadcrumb\",\"itemListElement\":[{\"@type\":\"ListItem\",\"position\":1,\"name\":\"Home\",\"item\":\"https:\/\/hurghadalovers.com\/fr\/\"},{\"@type\":\"ListItem\",\"position\":2,\"name\":\"Shop\",\"item\":\"https:\/\/hurghadalovers.com\/fr\/shop\/\"},{\"@type\":\"ListItem\",\"position\":3,\"name\":\"Parachute ascensionnel Sahl Hasheesh\"}]},{\"@type\":\"WebSite\",\"@id\":\"https:\/\/hurghadalovers.com\/fr\/#website\",\"url\":\"https:\/\/hurghadalovers.com\/fr\/\",\"name\":\"Hurghada Excursions & Day Trips | Booking Best Prices Tours\",\"description\":\"Hurghada Lovers - Best Tour Operator - Excursions &amp; Things to do for Family Day Trips with kids and Couples Romantic. Unique .Hidden gems\",\"publisher\":{\"@id\":\"https:\/\/hurghadalovers.com\/fr\/#organization\"},\"alternateName\":\"Hurghada Excursions\",\"potentialAction\":[{\"@type\":\"SearchAction\",\"target\":{\"@type\":\"EntryPoint\",\"urlTemplate\":\"https:\/\/hurghadalovers.com\/fr\/?s={search_term_string}\"},\"query-input\":{\"@type\":\"PropertyValueSpecification\",\"valueRequired\":true,\"valueName\":\"search_term_string\"}}],\"inLanguage\":\"fr-FR\"},{\"@type\":[\"Organization\",\"Place\",\"TravelAgency\"],\"@id\":\"https:\/\/hurghadalovers.com\/fr\/#organization\",\"name\":\"Hurghada Excursions\",\"url\":\"https:\/\/hurghadalovers.com\/fr\/\",\"logo\":{\"@id\":\"https:\/\/hurghadalovers.com\/fr\/tours\/parachute-ascensionnel-sahl-hasheesh\/#local-main-organization-logo\"},\"image\":{\"@id\":\"https:\/\/hurghadalovers.com\/fr\/tours\/parachute-ascensionnel-sahl-hasheesh\/#local-main-organization-logo\"},\"sameAs\":[\"https:\/\/www.facebook.com\/Hurghadaloversegypt\"],\"address\":{\"@id\":\"https:\/\/hurghadalovers.com\/fr\/tours\/parachute-ascensionnel-sahl-hasheesh\/#local-main-place-address\"},\"telephone\":[\"00201112596434\"],\"contactPoint\":{\"@type\":\"ContactPoint\",\"telephone\":\"00201112596434\",\"email\":\"weyouface@gmail.com\"},\"openingHoursSpecification\":{\"@type\":\"OpeningHoursSpecification\",\"dayOfWeek\":[\"Monday\",\"Tuesday\",\"Wednesday\",\"Thursday\",\"Friday\",\"Saturday\",\"Sunday\"],\"opens\":\"00:00\",\"closes\":\"23:59\"},\"email\":\"weyouface@gmail.com\",\"areaServed\":\"Luxor, Hurghada, El Gouna, Aswan, Sharm El Sheikh, Giza, Alexandria, Marsa Alam, Quseir, Soma Bay, Sahl Hasheesh, Red Sea, Makadi Bay, Cairo\",\"priceRange\":\"$\",\"currenciesAccepted\":\"euro\",\"paymentAccepted\":\"cash on site\"},{\"@type\":\"PostalAddress\",\"@id\":\"https:\/\/hurghadalovers.com\/fr\/tours\/parachute-ascensionnel-sahl-hasheesh\/#local-main-place-address\",\"streetAddress\":\"17 Banks street, Alkawther area, top nbk bank\",\"addressLocality\":\"hurghada\",\"postalCode\":\"84511\",\"addressRegion\":\"red sea\",\"addressCountry\":\"EG\"},{\"@type\":\"ImageObject\",\"inLanguage\":\"fr-FR\",\"@id\":\"https:\/\/hurghadalovers.com\/fr\/tours\/parachute-ascensionnel-sahl-hasheesh\/#local-main-organization-logo\",\"url\":\"https:\/\/hurghadalovers.com\/wp-content\/uploads\/2019\/10\/hurghada-excursions-logo.png\",\"contentUrl\":\"https:\/\/hurghadalovers.com\/wp-content\/uploads\/2019\/10\/hurghada-excursions-logo.png\",\"width\":272,\"height\":90,\"caption\":\"Hurghada Excursions\"}]}<\/script>\n<meta property=\"product:brand\" content=\"Que faire \u00e0 Sahl Hasheesh\" \/>\n<meta property=\"product:price:amount\" content=\"35\" \/>\n<meta property=\"product:price:currency\" content=\"EUR\" \/>\n<meta property=\"og:availability\" content=\"instock\" \/>\n<meta property=\"product:availability\" content=\"instock\" \/>\n<meta property=\"product:retailer_item_id\" content=\"SahlSafari202024\" \/>\n<meta property=\"product:condition\" content=\"new\" \/>\n<meta name=\"geo.placename\" content=\"hurghada\" \/>\n<meta name=\"geo.region\" content=\"\u00c9gypte\" \/>\n<!-- \/ Yoast SEO Premium plugin. -->","yoast_head_json":{"title":"Parasailing Sahl Hasheesh | Parachute ascensionnel | Parapente","description":"Parasailing Sahl Hasheesh | Parachute ascensionnel | Paragliding Tour | Booking Cheap Price water sports with Transfer. Meilleures activit\u00e9s d'adr\u00e9naline","robots":{"index":"index","follow":"follow","max-snippet":"max-snippet:-1","max-image-preview":"max-image-preview:large","max-video-preview":"max-video-preview:-1"},"canonical":"https:\/\/hurghadalovers.com\/fr\/tours\/parachute-ascensionnel-sahl-hasheesh\/","og_locale":"fr_FR","og_type":"article","og_title":"Parachute ascensionnel Sahl Hasheesh","og_description":"Parasailing Sahl Hasheesh | Parachute ascensionnel | Paragliding Tour | Booking Cheap Price water sports with Transfer. Meilleures activit\u00e9s d'adr\u00e9naline","og_url":"https:\/\/hurghadalovers.com\/fr\/tours\/parachute-ascensionnel-sahl-hasheesh\/","og_site_name":"Hurghada Excursions &amp; Day Trips | Booking Best Prices Tours","article_publisher":"https:\/\/www.facebook.com\/Hurghadaloversegypt","article_modified_time":"2026-02-09T06:33:26+00:00","og_image":[{"width":853,"height":1280,"url":"https:\/\/hurghadalovers.com\/wp-content\/uploads\/2023\/08\/Parasailing-Hurghada-Tour-all-inclusive-2027.jpeg","type":"image\/jpeg"}],"twitter_card":"summary_large_image","twitter_misc":{"Prix":"&euro;&nbsp;35","Disponibilit\u00e9":"En stock"},"schema":{"@context":"https:\/\/schema.org","@graph":[{"@type":["WebPage","ItemPage"],"@id":"https:\/\/hurghadalovers.com\/fr\/tours\/parachute-ascensionnel-sahl-hasheesh\/","url":"https:\/\/hurghadalovers.com\/fr\/tours\/parachute-ascensionnel-sahl-hasheesh\/","name":"Parasailing Sahl Hasheesh | Parachute ascensionnel | Parapente","isPartOf":{"@id":"https:\/\/hurghadalovers.com\/fr\/#website"},"primaryImageOfPage":{"@id":"https:\/\/hurghadalovers.com\/fr\/tours\/parachute-ascensionnel-sahl-hasheesh\/#primaryimage"},"image":{"@id":"https:\/\/hurghadalovers.com\/fr\/tours\/parachute-ascensionnel-sahl-hasheesh\/#primaryimage"},"thumbnailUrl":"https:\/\/hurghadalovers.com\/wp-content\/uploads\/2023\/08\/Parasailing-Hurghada-Tour-all-inclusive-2027.jpeg","datePublished":"2023-09-01T21:36:31+00:00","dateModified":"2026-02-09T06:33:26+00:00","description":"Parasailing Sahl Hasheesh | Parachute ascensionnel | Paragliding Tour | Booking Cheap Price water sports with Transfer. Meilleures activit\u00e9s d'adr\u00e9naline","breadcrumb":{"@id":"https:\/\/hurghadalovers.com\/fr\/tours\/parachute-ascensionnel-sahl-hasheesh\/#breadcrumb"},"inLanguage":"fr-FR","potentialAction":[{"@type":"ReadAction","target":["https:\/\/hurghadalovers.com\/fr\/tours\/parachute-ascensionnel-sahl-hasheesh\/"]}]},{"@type":"ImageObject","inLanguage":"fr-FR","@id":"https:\/\/hurghadalovers.com\/fr\/tours\/parachute-ascensionnel-sahl-hasheesh\/#primaryimage","url":"https:\/\/hurghadalovers.com\/wp-content\/uploads\/2023\/08\/Parasailing-Hurghada-Tour-all-inclusive-2027.jpeg","contentUrl":"https:\/\/hurghadalovers.com\/wp-content\/uploads\/2023\/08\/Parasailing-Hurghada-Tour-all-inclusive-2027.jpeg","width":853,"height":1280,"caption":"Parasailing Hurghada Tour all inclusive 2027"},{"@type":"BreadcrumbList","@id":"https:\/\/hurghadalovers.com\/fr\/tours\/parachute-ascensionnel-sahl-hasheesh\/#breadcrumb","itemListElement":[{"@type":"ListItem","position":1,"name":"Home","item":"https:\/\/hurghadalovers.com\/fr\/"},{"@type":"ListItem","position":2,"name":"Shop","item":"https:\/\/hurghadalovers.com\/fr\/shop\/"},{"@type":"ListItem","position":3,"name":"Parachute ascensionnel Sahl Hasheesh"}]},{"@type":"WebSite","@id":"https:\/\/hurghadalovers.com\/fr\/#website","url":"https:\/\/hurghadalovers.com\/fr\/","name":"Hurghada Excursions & Day Trips | Booking Best Prices Tours","description":"Hurghada Lovers - Best Tour Operator - Excursions &amp; Things to do for Family Day Trips with kids and Couples Romantic. Unique .Hidden gems","publisher":{"@id":"https:\/\/hurghadalovers.com\/fr\/#organization"},"alternateName":"Hurghada Excursions","potentialAction":[{"@type":"SearchAction","target":{"@type":"EntryPoint","urlTemplate":"https:\/\/hurghadalovers.com\/fr\/?s={search_term_string}"},"query-input":{"@type":"PropertyValueSpecification","valueRequired":true,"valueName":"search_term_string"}}],"inLanguage":"fr-FR"},{"@type":["Organization","Place","TravelAgency"],"@id":"https:\/\/hurghadalovers.com\/fr\/#organization","name":"Hurghada Excursions","url":"https:\/\/hurghadalovers.com\/fr\/","logo":{"@id":"https:\/\/hurghadalovers.com\/fr\/tours\/parachute-ascensionnel-sahl-hasheesh\/#local-main-organization-logo"},"image":{"@id":"https:\/\/hurghadalovers.com\/fr\/tours\/parachute-ascensionnel-sahl-hasheesh\/#local-main-organization-logo"},"sameAs":["https:\/\/www.facebook.com\/Hurghadaloversegypt"],"address":{"@id":"https:\/\/hurghadalovers.com\/fr\/tours\/parachute-ascensionnel-sahl-hasheesh\/#local-main-place-address"},"telephone":["00201112596434"],"contactPoint":{"@type":"ContactPoint","telephone":"00201112596434","email":"weyouface@gmail.com"},"openingHoursSpecification":{"@type":"OpeningHoursSpecification","dayOfWeek":["Monday","Tuesday","Wednesday","Thursday","Friday","Saturday","Sunday"],"opens":"00:00","closes":"23:59"},"email":"weyouface@gmail.com","areaServed":"Luxor, Hurghada, El Gouna, Aswan, Sharm El Sheikh, Giza, Alexandria, Marsa Alam, Quseir, Soma Bay, Sahl Hasheesh, Red Sea, Makadi Bay, Cairo","priceRange":"$","currenciesAccepted":"euro","paymentAccepted":"cash on site"},{"@type":"PostalAddress","@id":"https:\/\/hurghadalovers.com\/fr\/tours\/parachute-ascensionnel-sahl-hasheesh\/#local-main-place-address","streetAddress":"17 Banks street, Alkawther area, top nbk bank","addressLocality":"hurghada","postalCode":"84511","addressRegion":"red sea","addressCountry":"EG"},{"@type":"ImageObject","inLanguage":"fr-FR","@id":"https:\/\/hurghadalovers.com\/fr\/tours\/parachute-ascensionnel-sahl-hasheesh\/#local-main-organization-logo","url":"https:\/\/hurghadalovers.com\/wp-content\/uploads\/2019\/10\/hurghada-excursions-logo.png","contentUrl":"https:\/\/hurghadalovers.com\/wp-content\/uploads\/2019\/10\/hurghada-excursions-logo.png","width":272,"height":90,"caption":"Hurghada Excursions"}]},"product_brand":"Que faire \u00e0 Sahl Hasheesh","product_price_amount":"35","product_price_currency":"EUR","og_availability":"instock","product_availability":"instock","product_retailer_item_id":"SahlSafari202024","product_condition":"new","geo.placename":"hurghada","geo.region":"\u00c9gypte"},"_links":{"self":[{"href":"https:\/\/hurghadalovers.com\/fr\/wp-json\/wp\/v2\/product\/392735","targetHints":{"allow":["GET"]}}],"collection":[{"href":"https:\/\/hurghadalovers.com\/fr\/wp-json\/wp\/v2\/product"}],"about":[{"href":"https:\/\/hurghadalovers.com\/fr\/wp-json\/wp\/v2\/types\/product"}],"wp:featuredmedia":[{"embeddable":true,"href":"https:\/\/hurghadalovers.com\/fr\/wp-json\/wp\/v2\/media\/484783"}],"wp:attachment":[{"href":"https:\/\/hurghadalovers.com\/fr\/wp-json\/wp\/v2\/media?parent=392735"}],"wp:term":[{"taxonomy":"product_brand","embeddable":true,"href":"https:\/\/hurghadalovers.com\/fr\/wp-json\/wp\/v2\/product_brand?post=392735"},{"taxonomy":"product_cat","embeddable":true,"href":"https:\/\/hurghadalovers.com\/fr\/wp-json\/wp\/v2\/product_cat?post=392735"},{"taxonomy":"product_tag","embeddable":true,"href":"https:\/\/hurghadalovers.com\/fr\/wp-json\/wp\/v2\/product_tag?post=392735"}],"curies":[{"name":"wp","href":"https:\/\/api.w.org\/{rel}","templated":true}]}}