{"id":391653,"date":"2023-08-31T19:07:49","date_gmt":"2023-08-31T19:11:26","guid":{"rendered":"https:\/\/hurghadalovers.com\/shop\/non class\u00e9\/location-dun-bateau-rapide-a-sahl-hasheesh-pour-dolphin-house-et-paradise-island\/"},"modified":"2026-02-09T09:02:59","modified_gmt":"2026-02-09T09:02:59","slug":"sahl-hasheesh-speedboat-rental-to-dolphin-house-paradise-island","status":"publish","type":"product","link":"https:\/\/hurghadalovers.com\/fr\/tours\/sahl-hasheesh-speedboat-rental-to-dolphin-house-paradise-island\/","title":{"rendered":"Location d&rsquo;un bateau rapide \u00e0 Sahl Hasheesh pour Dolphin House et Paradise Island"},"content":{"rendered":"<p><strong>Location de bateaux rapides \u00e0<\/strong> <strong>Sahl Hasheesh<\/strong> <strong>pour Dolphin House et Paradise Island<\/strong> &#8211; Bateaux rapides priv\u00e9s de luxe avec billets, plong\u00e9e en apn\u00e9e, boissons et transfert.<\/p>\n<p style=\"text-align: center;\"><span style=\"color: #008080;\">Les plus belles <strong>activit\u00e9s de<\/strong> Sahl Hasheesh <strong>Activit\u00e9s familiales<\/strong>, <strong>Choses \u00e0 faire avec les enfants<\/strong>, Seniors, <strong>Lune de miel<\/strong> et <strong>Couple<\/strong>.<\/span><\/p>\n<p><strong>Faits marquants :<\/strong><\/p>\n<ul>\n<li>Un endroit pour faire de la plong\u00e9e avec masque et tuba et observer les dauphins.<\/li>\n<\/ul>\n<ul>\n<li>un Spot Snorkeling House Reef.<\/li>\n<li>2-5 heures \u00e0 Paradise Island Beach.<\/li>\n<\/ul>\n<p><strong>D\u00e9tails :<\/strong><\/p>\n<ul>\n<li>Disponibilit\u00e9 des visites : Tous les jours.<\/li>\n<li>Type de visite : Priv\u00e9.<\/li>\n<li>Heure de prise en charge : \u00e0 partir de 07h30 ou de 12h30.<\/li>\n<li>Heure de prise en charge : 13:00 ou 18:00.<\/li>\n<li>Accessible aux fauteuils roulants.<\/li>\n<li>Dur\u00e9e : 4-5 heures.<\/li>\n<\/ul>\n<p><strong>R\u00e9servez maintenant et payez plus tard :<\/strong><\/p>\n<ul>\n<li>Paiement en esp\u00e8ces sur place pour le guide.<\/li>\n<li>Paiement en livres \u00e9gyptiennes, $, \u20ac ou \u00a3.<\/li>\n<\/ul>\n<p><strong>Politique d&rsquo;annulation :<\/strong><\/p>\n<ul>\n<li>vous annulez jusqu&rsquo;\u00e0 24 heures \u00e0 l&rsquo;avance.<\/li>\n<li>Si l&rsquo;un des membres de votre famille annule la matin\u00e9e, vous payez 50 % des frais.<\/li>\n<\/ul>\n<p><strong>Qu&rsquo;est-ce qui est inclus ?<\/strong><\/p>\n<ul>\n<li>Transfert depuis les h\u00f4tels de Sahl Hasheesh \u00ab\u00a0Prise en charge et retour \u00e0 l&rsquo;h\u00f4tel\u00a0\u00bb.<\/li>\n<li>Toutes les taxes, les droits d&rsquo;entr\u00e9e et les frais de manutention.<\/li>\n<li>Eau min\u00e9rale + Cola.<\/li>\n<li>un site de plong\u00e9e avec masque et tuba.<\/li>\n<li>Un endroit pour faire de la plong\u00e9e avec masque et tuba et observer les dauphins.<\/li>\n<li>\u00c9quipement de plong\u00e9e avec tuba \u00ab\u00a0masques et palmes\u00a0\u00bb.<\/li>\n<li>2-5 heures \u00e0 <strong>Paradise Island<\/strong> <strong>Beach<\/strong>.<\/li>\n<\/ul>\n<p><strong>Exclusions ?<\/strong><\/p>\n<ul>\n<li>Pourboires.<\/li>\n<li>Boissons au restaurant Paradise Island.<\/li>\n<li>Tous les extras non mentionn\u00e9s.<\/li>\n<\/ul>\n<p><strong>Les prix :<\/strong><\/p>\n<ul>\n<li>avec les billets \u00ab\u00a02 personnes\u00a0\u00bb = 240$.<\/li>\n<li><strong>Jusqu&rsquo;\u00e0 2 personnes Billet suppl\u00e9mentaire = 5$ par personne.<\/strong><\/li>\n<\/ul>\n<p><strong>Critiques :<\/strong><\/p>\n<p>consultez notre Google Map Reviews comme Meilleur <a href=\"https:\/\/g.page\/r\/CUeYvkngP3wkEBM\/review\">Tour Op\u00e9rateur \u00e0 Hurghada<\/a> en ligne \u00e0 <a href=\"https:\/\/hurghadalovers.com\/\">Hurghada<\/a> Egypte.<\/p>\n<p><strong>R\u00e9servation :<\/strong><\/p>\n<p>Envoyez l&rsquo;h\u00f4tel + le num\u00e9ro de la chambre + la photo du passeport \u00e0 WhatsApp : <strong>+201112596434<\/strong><\/p>\n<p>Si vous \u00eates en Egypte, r\u00e9servez d\u00e8s maintenant en ligne et confirmez votre arriv\u00e9e \u00e0 l&rsquo;h\u00f4tel.<\/p>\n<p>&nbsp;<\/p>\n<p>&nbsp;<\/p>\n","protected":false},"excerpt":{"rendered":"<p><strong>Location de bateaux rapides \u00e0<\/strong> <strong>Sahl Hasheesh<\/strong> <strong>pour Dolphin House et Paradise Island<\/strong> &#8211; Bateaux rapides priv\u00e9s de luxe avec billets, plong\u00e9e en apn\u00e9e, boissons et transfert.<\/p>\n","protected":false},"featured_media":995748,"template":"","meta":{"_joinchat":[]},"product_brand":[],"product_cat":[29818],"product_tag":[53455,53464,53458,53445,53470,53447,53452,53467,53449,49496,53461],"class_list":{"0":"post-391653","1":"product","2":"type-product","3":"status-publish","4":"has-post-thumbnail","6":"product_cat-tour-fr","7":"product_tag-bateau-pirate-sahl-hasheesh","8":"product_tag-bateau-prive-sahl-hasheesh","9":"product_tag-bateau-rapide-sahl-hasheesh","10":"product_tag-dolphin-house-sahl-hasheesh-fr","11":"product_tag-excursion-en-bateau-prive-a-sahl-hasheesh","12":"product_tag-excursions-en-bateau-a-sahl-hasheesh","13":"product_tag-giftun-island-sahl-hasheesh-fr","14":"product_tag-location-de-bateaux-sahl-hasheesh","15":"product_tag-nager-avec-les-dauphins-sahl-hasheesh","16":"product_tag-orange-bay-island-sahl-hasheesh","17":"product_tag-sahl-hasheesh-boat-charters-fr","18":"tour_category-plongee-sous-marine-a-sahl-hasheesh","19":"tour_category-que-faire-a-sahl-hasheesh","21":"first","22":"instock","23":"sale","24":"shipping-taxable","25":"purchasable","26":"product-type-tour"},"yoast_head":"<!-- This site is optimized with the Yoast SEO Premium plugin v26.9 (Yoast SEO v27.2) - https:\/\/yoast.com\/product\/yoast-seo-premium-wordpress\/ -->\n<title>Location d&#039;un bateau rapide \u00e0 Sahl Hasheesh pour Dolphin House &amp; Paradise<\/title>\n<meta name=\"description\" content=\"Location de bateaux rapides \u00e0 Sahl Hasheesh pour Dolphin House et Paradise Island - Bateaux rapides priv\u00e9s de luxe avec billets, plong\u00e9e en apn\u00e9e, boissons et transfert.\" \/>\n<meta name=\"robots\" content=\"index, follow, max-snippet:-1, max-image-preview:large, max-video-preview:-1\" \/>\n<link rel=\"canonical\" href=\"https:\/\/hurghadalovers.com\/fr\/tours\/sahl-hasheesh-speedboat-rental-to-dolphin-house-paradise-island\/\" \/>\n<meta property=\"og:locale\" content=\"fr_FR\" \/>\n<meta property=\"og:type\" content=\"article\" \/>\n<meta property=\"og:title\" content=\"Location d&#039;un bateau rapide \u00e0 Sahl Hasheesh pour Dolphin House et Paradise Island\" \/>\n<meta property=\"og:description\" content=\"Location de bateaux rapides \u00e0 Sahl Hasheesh pour Dolphin House et Paradise Island - Bateaux rapides priv\u00e9s de luxe avec billets, plong\u00e9e en apn\u00e9e, boissons et transfert.\" \/>\n<meta property=\"og:url\" content=\"https:\/\/hurghadalovers.com\/fr\/tours\/sahl-hasheesh-speedboat-rental-to-dolphin-house-paradise-island\/\" \/>\n<meta property=\"og:site_name\" content=\"Hurghada Excursions &amp; Day Trips | Booking Best Prices Tours\" \/>\n<meta property=\"article:publisher\" content=\"https:\/\/www.facebook.com\/Hurghadaloversegypt\" \/>\n<meta property=\"article:modified_time\" content=\"2026-02-09T09:02:59+00:00\" \/>\n<meta property=\"og:image\" content=\"https:\/\/hurghadalovers.com\/wp-content\/uploads\/2023\/07\/Turtles-bay-Abu-Dabbab-Marsa-aLam.jpg\" \/>\n\t<meta property=\"og:image:width\" content=\"1111\" \/>\n\t<meta property=\"og:image:height\" content=\"609\" \/>\n\t<meta property=\"og:image:type\" content=\"image\/jpeg\" \/>\n<meta name=\"twitter:card\" content=\"summary_large_image\" \/>\n<meta name=\"twitter:label1\" content=\"Prix\" \/>\n\t<meta name=\"twitter:data1\" content=\"&euro;&nbsp;90\" \/>\n\t<meta name=\"twitter:label2\" content=\"Disponibilit\u00e9\" \/>\n\t<meta name=\"twitter:data2\" content=\"En stock\" \/>\n<script type=\"application\/ld+json\" class=\"yoast-schema-graph\">{\"@context\":\"https:\/\/schema.org\",\"@graph\":[{\"@type\":[\"WebPage\",\"ItemPage\"],\"@id\":\"https:\/\/hurghadalovers.com\/fr\/tours\/sahl-hasheesh-speedboat-rental-to-dolphin-house-paradise-island\/\",\"url\":\"https:\/\/hurghadalovers.com\/fr\/tours\/sahl-hasheesh-speedboat-rental-to-dolphin-house-paradise-island\/\",\"name\":\"Location d'un bateau rapide \u00e0 Sahl Hasheesh pour Dolphin House & Paradise\",\"isPartOf\":{\"@id\":\"https:\/\/hurghadalovers.com\/fr\/#website\"},\"primaryImageOfPage\":{\"@id\":\"https:\/\/hurghadalovers.com\/fr\/tours\/sahl-hasheesh-speedboat-rental-to-dolphin-house-paradise-island\/#primaryimage\"},\"image\":{\"@id\":\"https:\/\/hurghadalovers.com\/fr\/tours\/sahl-hasheesh-speedboat-rental-to-dolphin-house-paradise-island\/#primaryimage\"},\"thumbnailUrl\":\"https:\/\/hurghadalovers.com\/wp-content\/uploads\/2023\/07\/Turtles-bay-Abu-Dabbab-Marsa-aLam.jpg\",\"datePublished\":\"2023-08-31T19:11:26+00:00\",\"dateModified\":\"2026-02-09T09:02:59+00:00\",\"description\":\"Location de bateaux rapides \u00e0 Sahl Hasheesh pour Dolphin House et Paradise Island - Bateaux rapides priv\u00e9s de luxe avec billets, plong\u00e9e en apn\u00e9e, boissons et transfert.\",\"breadcrumb\":{\"@id\":\"https:\/\/hurghadalovers.com\/fr\/tours\/sahl-hasheesh-speedboat-rental-to-dolphin-house-paradise-island\/#breadcrumb\"},\"inLanguage\":\"fr-FR\",\"potentialAction\":[{\"@type\":\"ReadAction\",\"target\":[\"https:\/\/hurghadalovers.com\/fr\/tours\/sahl-hasheesh-speedboat-rental-to-dolphin-house-paradise-island\/\"]}]},{\"@type\":\"ImageObject\",\"inLanguage\":\"fr-FR\",\"@id\":\"https:\/\/hurghadalovers.com\/fr\/tours\/sahl-hasheesh-speedboat-rental-to-dolphin-house-paradise-island\/#primaryimage\",\"url\":\"https:\/\/hurghadalovers.com\/wp-content\/uploads\/2023\/07\/Turtles-bay-Abu-Dabbab-Marsa-aLam.jpg\",\"contentUrl\":\"https:\/\/hurghadalovers.com\/wp-content\/uploads\/2023\/07\/Turtles-bay-Abu-Dabbab-Marsa-aLam.jpg\",\"width\":1111,\"height\":609,\"caption\":\"Turtles-bay-Abu-Dabbab-Marsa-aLam\"},{\"@type\":\"BreadcrumbList\",\"@id\":\"https:\/\/hurghadalovers.com\/fr\/tours\/sahl-hasheesh-speedboat-rental-to-dolphin-house-paradise-island\/#breadcrumb\",\"itemListElement\":[{\"@type\":\"ListItem\",\"position\":1,\"name\":\"Home\",\"item\":\"https:\/\/hurghadalovers.com\/fr\/\"},{\"@type\":\"ListItem\",\"position\":2,\"name\":\"Shop\",\"item\":\"https:\/\/hurghadalovers.com\/fr\/shop\/\"},{\"@type\":\"ListItem\",\"position\":3,\"name\":\"Location d&rsquo;un bateau rapide \u00e0 Sahl Hasheesh pour Dolphin House et Paradise Island\"}]},{\"@type\":\"WebSite\",\"@id\":\"https:\/\/hurghadalovers.com\/fr\/#website\",\"url\":\"https:\/\/hurghadalovers.com\/fr\/\",\"name\":\"Hurghada Excursions & Day Trips | Booking Best Prices Tours\",\"description\":\"Hurghada Lovers - Best Tour Operator - Excursions &amp; Things to do for Family Day Trips with kids and Couples Romantic. Unique .Hidden gems\",\"publisher\":{\"@id\":\"https:\/\/hurghadalovers.com\/fr\/#organization\"},\"alternateName\":\"Hurghada Excursions\",\"potentialAction\":[{\"@type\":\"SearchAction\",\"target\":{\"@type\":\"EntryPoint\",\"urlTemplate\":\"https:\/\/hurghadalovers.com\/fr\/?s={search_term_string}\"},\"query-input\":{\"@type\":\"PropertyValueSpecification\",\"valueRequired\":true,\"valueName\":\"search_term_string\"}}],\"inLanguage\":\"fr-FR\"},{\"@type\":[\"Organization\",\"Place\",\"TravelAgency\"],\"@id\":\"https:\/\/hurghadalovers.com\/fr\/#organization\",\"name\":\"Hurghada Excursions\",\"url\":\"https:\/\/hurghadalovers.com\/fr\/\",\"logo\":{\"@id\":\"https:\/\/hurghadalovers.com\/fr\/tours\/sahl-hasheesh-speedboat-rental-to-dolphin-house-paradise-island\/#local-main-organization-logo\"},\"image\":{\"@id\":\"https:\/\/hurghadalovers.com\/fr\/tours\/sahl-hasheesh-speedboat-rental-to-dolphin-house-paradise-island\/#local-main-organization-logo\"},\"sameAs\":[\"https:\/\/www.facebook.com\/Hurghadaloversegypt\"],\"address\":{\"@id\":\"https:\/\/hurghadalovers.com\/fr\/tours\/sahl-hasheesh-speedboat-rental-to-dolphin-house-paradise-island\/#local-main-place-address\"},\"telephone\":[\"00201112596434\"],\"contactPoint\":{\"@type\":\"ContactPoint\",\"telephone\":\"00201112596434\",\"email\":\"weyouface@gmail.com\"},\"openingHoursSpecification\":{\"@type\":\"OpeningHoursSpecification\",\"dayOfWeek\":[\"Monday\",\"Tuesday\",\"Wednesday\",\"Thursday\",\"Friday\",\"Saturday\",\"Sunday\"],\"opens\":\"00:00\",\"closes\":\"23:59\"},\"email\":\"weyouface@gmail.com\",\"areaServed\":\"Luxor, Hurghada, El Gouna, Aswan, Sharm El Sheikh, Giza, Alexandria, Marsa Alam, Quseir, Soma Bay, Sahl Hasheesh, Red Sea, Makadi Bay, Cairo\",\"priceRange\":\"$\",\"currenciesAccepted\":\"euro\",\"paymentAccepted\":\"cash on site\"},{\"@type\":\"PostalAddress\",\"@id\":\"https:\/\/hurghadalovers.com\/fr\/tours\/sahl-hasheesh-speedboat-rental-to-dolphin-house-paradise-island\/#local-main-place-address\",\"streetAddress\":\"17 Banks street, Alkawther area, top nbk bank\",\"addressLocality\":\"hurghada\",\"postalCode\":\"84511\",\"addressRegion\":\"red sea\",\"addressCountry\":\"EG\"},{\"@type\":\"ImageObject\",\"inLanguage\":\"fr-FR\",\"@id\":\"https:\/\/hurghadalovers.com\/fr\/tours\/sahl-hasheesh-speedboat-rental-to-dolphin-house-paradise-island\/#local-main-organization-logo\",\"url\":\"https:\/\/hurghadalovers.com\/wp-content\/uploads\/2019\/10\/hurghada-excursions-logo.png\",\"contentUrl\":\"https:\/\/hurghadalovers.com\/wp-content\/uploads\/2019\/10\/hurghada-excursions-logo.png\",\"width\":272,\"height\":90,\"caption\":\"Hurghada Excursions\"}]}<\/script>\n<meta property=\"product:brand\" content=\"Plong\u00e9e sous-marine \u00e0 Sahl Hasheesh\" \/>\n<meta property=\"product:price:amount\" content=\"90\" \/>\n<meta property=\"product:price:currency\" content=\"EUR\" \/>\n<meta property=\"og:availability\" content=\"instock\" \/>\n<meta property=\"product:availability\" content=\"instock\" \/>\n<meta property=\"product:retailer_item_id\" content=\"Sahl402024\" \/>\n<meta property=\"product:condition\" content=\"new\" \/>\n<meta name=\"geo.placename\" content=\"hurghada\" \/>\n<meta name=\"geo.region\" content=\"\u00c9gypte\" \/>\n<!-- \/ Yoast SEO Premium plugin. -->","yoast_head_json":{"title":"Location d'un bateau rapide \u00e0 Sahl Hasheesh pour Dolphin House & Paradise","description":"Location de bateaux rapides \u00e0 Sahl Hasheesh pour Dolphin House et Paradise Island - Bateaux rapides priv\u00e9s de luxe avec billets, plong\u00e9e en apn\u00e9e, boissons et transfert.","robots":{"index":"index","follow":"follow","max-snippet":"max-snippet:-1","max-image-preview":"max-image-preview:large","max-video-preview":"max-video-preview:-1"},"canonical":"https:\/\/hurghadalovers.com\/fr\/tours\/sahl-hasheesh-speedboat-rental-to-dolphin-house-paradise-island\/","og_locale":"fr_FR","og_type":"article","og_title":"Location d'un bateau rapide \u00e0 Sahl Hasheesh pour Dolphin House et Paradise Island","og_description":"Location de bateaux rapides \u00e0 Sahl Hasheesh pour Dolphin House et Paradise Island - Bateaux rapides priv\u00e9s de luxe avec billets, plong\u00e9e en apn\u00e9e, boissons et transfert.","og_url":"https:\/\/hurghadalovers.com\/fr\/tours\/sahl-hasheesh-speedboat-rental-to-dolphin-house-paradise-island\/","og_site_name":"Hurghada Excursions &amp; Day Trips | Booking Best Prices Tours","article_publisher":"https:\/\/www.facebook.com\/Hurghadaloversegypt","article_modified_time":"2026-02-09T09:02:59+00:00","og_image":[{"width":1111,"height":609,"url":"https:\/\/hurghadalovers.com\/wp-content\/uploads\/2023\/07\/Turtles-bay-Abu-Dabbab-Marsa-aLam.jpg","type":"image\/jpeg"}],"twitter_card":"summary_large_image","twitter_misc":{"Prix":"&euro;&nbsp;90","Disponibilit\u00e9":"En stock"},"schema":{"@context":"https:\/\/schema.org","@graph":[{"@type":["WebPage","ItemPage"],"@id":"https:\/\/hurghadalovers.com\/fr\/tours\/sahl-hasheesh-speedboat-rental-to-dolphin-house-paradise-island\/","url":"https:\/\/hurghadalovers.com\/fr\/tours\/sahl-hasheesh-speedboat-rental-to-dolphin-house-paradise-island\/","name":"Location d'un bateau rapide \u00e0 Sahl Hasheesh pour Dolphin House & Paradise","isPartOf":{"@id":"https:\/\/hurghadalovers.com\/fr\/#website"},"primaryImageOfPage":{"@id":"https:\/\/hurghadalovers.com\/fr\/tours\/sahl-hasheesh-speedboat-rental-to-dolphin-house-paradise-island\/#primaryimage"},"image":{"@id":"https:\/\/hurghadalovers.com\/fr\/tours\/sahl-hasheesh-speedboat-rental-to-dolphin-house-paradise-island\/#primaryimage"},"thumbnailUrl":"https:\/\/hurghadalovers.com\/wp-content\/uploads\/2023\/07\/Turtles-bay-Abu-Dabbab-Marsa-aLam.jpg","datePublished":"2023-08-31T19:11:26+00:00","dateModified":"2026-02-09T09:02:59+00:00","description":"Location de bateaux rapides \u00e0 Sahl Hasheesh pour Dolphin House et Paradise Island - Bateaux rapides priv\u00e9s de luxe avec billets, plong\u00e9e en apn\u00e9e, boissons et transfert.","breadcrumb":{"@id":"https:\/\/hurghadalovers.com\/fr\/tours\/sahl-hasheesh-speedboat-rental-to-dolphin-house-paradise-island\/#breadcrumb"},"inLanguage":"fr-FR","potentialAction":[{"@type":"ReadAction","target":["https:\/\/hurghadalovers.com\/fr\/tours\/sahl-hasheesh-speedboat-rental-to-dolphin-house-paradise-island\/"]}]},{"@type":"ImageObject","inLanguage":"fr-FR","@id":"https:\/\/hurghadalovers.com\/fr\/tours\/sahl-hasheesh-speedboat-rental-to-dolphin-house-paradise-island\/#primaryimage","url":"https:\/\/hurghadalovers.com\/wp-content\/uploads\/2023\/07\/Turtles-bay-Abu-Dabbab-Marsa-aLam.jpg","contentUrl":"https:\/\/hurghadalovers.com\/wp-content\/uploads\/2023\/07\/Turtles-bay-Abu-Dabbab-Marsa-aLam.jpg","width":1111,"height":609,"caption":"Turtles-bay-Abu-Dabbab-Marsa-aLam"},{"@type":"BreadcrumbList","@id":"https:\/\/hurghadalovers.com\/fr\/tours\/sahl-hasheesh-speedboat-rental-to-dolphin-house-paradise-island\/#breadcrumb","itemListElement":[{"@type":"ListItem","position":1,"name":"Home","item":"https:\/\/hurghadalovers.com\/fr\/"},{"@type":"ListItem","position":2,"name":"Shop","item":"https:\/\/hurghadalovers.com\/fr\/shop\/"},{"@type":"ListItem","position":3,"name":"Location d&rsquo;un bateau rapide \u00e0 Sahl Hasheesh pour Dolphin House et Paradise Island"}]},{"@type":"WebSite","@id":"https:\/\/hurghadalovers.com\/fr\/#website","url":"https:\/\/hurghadalovers.com\/fr\/","name":"Hurghada Excursions & Day Trips | Booking Best Prices Tours","description":"Hurghada Lovers - Best Tour Operator - Excursions &amp; Things to do for Family Day Trips with kids and Couples Romantic. Unique .Hidden gems","publisher":{"@id":"https:\/\/hurghadalovers.com\/fr\/#organization"},"alternateName":"Hurghada Excursions","potentialAction":[{"@type":"SearchAction","target":{"@type":"EntryPoint","urlTemplate":"https:\/\/hurghadalovers.com\/fr\/?s={search_term_string}"},"query-input":{"@type":"PropertyValueSpecification","valueRequired":true,"valueName":"search_term_string"}}],"inLanguage":"fr-FR"},{"@type":["Organization","Place","TravelAgency"],"@id":"https:\/\/hurghadalovers.com\/fr\/#organization","name":"Hurghada Excursions","url":"https:\/\/hurghadalovers.com\/fr\/","logo":{"@id":"https:\/\/hurghadalovers.com\/fr\/tours\/sahl-hasheesh-speedboat-rental-to-dolphin-house-paradise-island\/#local-main-organization-logo"},"image":{"@id":"https:\/\/hurghadalovers.com\/fr\/tours\/sahl-hasheesh-speedboat-rental-to-dolphin-house-paradise-island\/#local-main-organization-logo"},"sameAs":["https:\/\/www.facebook.com\/Hurghadaloversegypt"],"address":{"@id":"https:\/\/hurghadalovers.com\/fr\/tours\/sahl-hasheesh-speedboat-rental-to-dolphin-house-paradise-island\/#local-main-place-address"},"telephone":["00201112596434"],"contactPoint":{"@type":"ContactPoint","telephone":"00201112596434","email":"weyouface@gmail.com"},"openingHoursSpecification":{"@type":"OpeningHoursSpecification","dayOfWeek":["Monday","Tuesday","Wednesday","Thursday","Friday","Saturday","Sunday"],"opens":"00:00","closes":"23:59"},"email":"weyouface@gmail.com","areaServed":"Luxor, Hurghada, El Gouna, Aswan, Sharm El Sheikh, Giza, Alexandria, Marsa Alam, Quseir, Soma Bay, Sahl Hasheesh, Red Sea, Makadi Bay, Cairo","priceRange":"$","currenciesAccepted":"euro","paymentAccepted":"cash on site"},{"@type":"PostalAddress","@id":"https:\/\/hurghadalovers.com\/fr\/tours\/sahl-hasheesh-speedboat-rental-to-dolphin-house-paradise-island\/#local-main-place-address","streetAddress":"17 Banks street, Alkawther area, top nbk bank","addressLocality":"hurghada","postalCode":"84511","addressRegion":"red sea","addressCountry":"EG"},{"@type":"ImageObject","inLanguage":"fr-FR","@id":"https:\/\/hurghadalovers.com\/fr\/tours\/sahl-hasheesh-speedboat-rental-to-dolphin-house-paradise-island\/#local-main-organization-logo","url":"https:\/\/hurghadalovers.com\/wp-content\/uploads\/2019\/10\/hurghada-excursions-logo.png","contentUrl":"https:\/\/hurghadalovers.com\/wp-content\/uploads\/2019\/10\/hurghada-excursions-logo.png","width":272,"height":90,"caption":"Hurghada Excursions"}]},"product_brand":"Plong\u00e9e sous-marine \u00e0 Sahl Hasheesh","product_price_amount":"90","product_price_currency":"EUR","og_availability":"instock","product_availability":"instock","product_retailer_item_id":"Sahl402024","product_condition":"new","geo.placename":"hurghada","geo.region":"\u00c9gypte"},"_links":{"self":[{"href":"https:\/\/hurghadalovers.com\/fr\/wp-json\/wp\/v2\/product\/391653","targetHints":{"allow":["GET"]}}],"collection":[{"href":"https:\/\/hurghadalovers.com\/fr\/wp-json\/wp\/v2\/product"}],"about":[{"href":"https:\/\/hurghadalovers.com\/fr\/wp-json\/wp\/v2\/types\/product"}],"wp:featuredmedia":[{"embeddable":true,"href":"https:\/\/hurghadalovers.com\/fr\/wp-json\/wp\/v2\/media\/995748"}],"wp:attachment":[{"href":"https:\/\/hurghadalovers.com\/fr\/wp-json\/wp\/v2\/media?parent=391653"}],"wp:term":[{"taxonomy":"product_brand","embeddable":true,"href":"https:\/\/hurghadalovers.com\/fr\/wp-json\/wp\/v2\/product_brand?post=391653"},{"taxonomy":"product_cat","embeddable":true,"href":"https:\/\/hurghadalovers.com\/fr\/wp-json\/wp\/v2\/product_cat?post=391653"},{"taxonomy":"product_tag","embeddable":true,"href":"https:\/\/hurghadalovers.com\/fr\/wp-json\/wp\/v2\/product_tag?post=391653"}],"curies":[{"name":"wp","href":"https:\/\/api.w.org\/{rel}","templated":true}]}}