{"id":391416,"date":"2023-08-31T18:20:00","date_gmt":"2023-08-31T18:24:05","guid":{"rendered":"https:\/\/hurghadalovers.com\/shop\/non class\u00e9\/bateau-a-voile-des-pirates-vers-lile-de-la-baie-dorange-depuis-sahl-hasheesh\/"},"modified":"2026-02-09T08:10:53","modified_gmt":"2026-02-09T08:10:53","slug":"pirates-bateau-a-voile-pour-orange-bay-island-de-sahl-hasheesh","status":"publish","type":"product","link":"https:\/\/hurghadalovers.com\/fr\/tours\/pirates-bateau-a-voile-pour-orange-bay-island-de-sahl-hasheesh\/","title":{"rendered":"Bateau \u00e0 voile des pirates vers l&rsquo;\u00eele de la baie d&rsquo;Orange depuis Sahl Hasheesh"},"content":{"rendered":"<p><strong>Bateau \u00e0 voile Pirates vers l&rsquo;\u00eele d&rsquo;Orange Bay depuis <\/strong><strong>Sahl Hasheesh<\/strong> avec d\u00e9jeuner VIP.<\/p>\n<p>Si vous \u00eates \u00e0 la recherche de la plus  un <strong>voilier luxueux<\/strong> pour passer une journ\u00e9e sp\u00e9ciale et profiter d&rsquo;un plus grand nombre d&rsquo;activit\u00e9s.  la <strong>vie priv\u00e9e<\/strong>, la prosp\u00e9rit\u00e9 et  <strong>luxe<\/strong>, manger les plus beaux plats d\u00e9licieux, des crevettes et des fruits de mer, se baigner dans les plus belles piscines de l&rsquo;\u00eele.  de <strong>r\u00e9cifs coralliens<\/strong> et de se rendre sur les plus belles plages de l&rsquo;Europe.  <strong>Giftun Island<\/strong>, rejoignez-nous maintenant&#8230;<\/p>\n<p style=\"text-align: center;\"><span style=\"color: #008000;\">Les plus belles <strong>activit\u00e9s de<\/strong> Sahl Hasheesh <strong>Activit\u00e9s familiales<\/strong>, <strong>Choses \u00e0 faire avec les enfants<\/strong>, Seniors, <strong>Lune de miel<\/strong> et <strong>Couple<\/strong>.<\/span><\/p>\n<p>&nbsp;<\/p>\n<p><strong>Faits marquants :<\/strong><\/p>\n<ul>\n<li>One Spot Snorkeling House Reef.<\/li>\n<li>1 heure \u00e0 Orange Bay Island Beach.<\/li>\n<\/ul>\n<p><strong>Bateau \u00e0 voile des pirates vers l&rsquo;\u00eele de la baie d&rsquo;Orange \u00e0 partir de <\/strong><strong>Sahl Hasheesh<\/strong> <strong>D\u00e9tails :<\/strong><\/p>\n<ul>\n<li>Disponibilit\u00e9 des visites : Tous les jours.<\/li>\n<li>Type d&rsquo;excursion : Groupe.<\/li>\n<li>Heure de prise en charge : \u00e0 partir de 07:30 A.M.<\/li>\n<li>Heure de prise en charge : 15h00.<\/li>\n<li>Accessible aux fauteuils roulants.<\/li>\n<li>Dur\u00e9e : 6 heures<\/li>\n<\/ul>\n<p><strong>R\u00e9servez maintenant et payez plus tard :<\/strong><\/p>\n<ul>\n<li>Paiement en esp\u00e8ces sur place pour le guide.<\/li>\n<li>Paiement en livres \u00e9gyptiennes, $, \u20ac ou \u00a3.<\/li>\n<\/ul>\n<p><strong>Politique d&rsquo;annulation :<\/strong><\/p>\n<ul>\n<li>vous annulez jusqu&rsquo;\u00e0 24 heures \u00e0 l&rsquo;avance.<\/li>\n<li>Si l&rsquo;un des membres de votre famille annule la matin\u00e9e, vous payez 50 % des frais.<\/li>\n<\/ul>\n<p><strong>Qu&rsquo;est-ce qui est inclus ?<\/strong><\/p>\n<ul>\n<li>Transfert depuis les h\u00f4tels de Sahl Hasheesh \u00ab\u00a0Prise en charge et retour \u00e0 l&rsquo;h\u00f4tel\u00a0\u00bb.<\/li>\n<li>Toutes les taxes, les droits d&rsquo;entr\u00e9e et les frais de manutention.<\/li>\n<li>Guide touristique.<\/li>\n<li>Eau min\u00e9rale + Cola + Lait + Caf\u00e9\/Th\u00e9.<\/li>\n<li>1 Lieu de plong\u00e9e avec tuba.<\/li>\n<li>\u00c9quipement de plong\u00e9e avec tuba \u00ab\u00a0masques et palmes\u00a0\u00bb.<\/li>\n<li>1 heure \u00e0 <strong>Orange Bay Island<\/strong> <strong>Beach<\/strong>.<\/li>\n<li>D\u00e9jeuner buffet VIP sur le bateau \u00ab\u00a0Soupe de fruits de mer \/ 3 types de salades fra\u00eeches \/ riz, p\u00e2tes, pommes de terre \/ Crevettes, Calamars, Poissons, Poulet &amp; Kofta \/ Fruits frais de saison\u00a0\u00bb.<\/li>\n<li>Gilets de sauvetage.<\/li>\n<\/ul>\n<p><strong>Exclusions ?<\/strong><\/p>\n<ul>\n<li>Pourboires.<\/li>\n<li>Boissons au restaurant Orange Bay Island.<\/li>\n<li>Photographie et photos pour le voyage.<\/li>\n<li>Nous proposons la location de maillots de bain pour femmes, hommes et enfants de toutes tailles \u00a0\u00bb 5$ par personne \u00ab\u00a0.<\/li>\n<li>Tous les extras non mentionn\u00e9s.<\/li>\n<\/ul>\n<p><strong>Les prix :<\/strong><\/p>\n<ul>\n<li><strong>Prix adulte = 90$ par personne<\/strong>.<\/li>\n<li>Prix pour les enfants \u00ab\u00a03-10\u2033= 50%.<\/li>\n<li>pour les enfants \u00ab\u00a00-3\u2033= Gratuit.<\/li>\n<\/ul>\n<p><strong>Critiques :<\/strong><\/p>\n<p>consultez notre Google Map Reviews comme Meilleur <a href=\"https:\/\/g.page\/r\/CUeYvkngP3wkEBM\/review\">Tour Op\u00e9rateur \u00e0 Hurghada<\/a> en ligne \u00e0 <a href=\"https:\/\/hurghadalovers.com\/\">Hurghada<\/a> Egypte.<\/p>\n<p><strong>R\u00e9servation :<\/strong><\/p>\n<p>Envoyez l&rsquo;h\u00f4tel + le num\u00e9ro de la chambre + la photo du passeport \u00e0 WhatsApp : <strong>+201112596434<\/strong><\/p>\n<p>Si vous \u00eates en Egypte, r\u00e9servez d\u00e8s maintenant en ligne et confirmez votre arriv\u00e9e \u00e0 l&rsquo;h\u00f4tel.<\/p>\n<p>&nbsp;<\/p>\n<p>&nbsp;<\/p>\n","protected":false},"excerpt":{"rendered":"<p><strong>Bateau \u00e0 voile Pirates vers l&rsquo;\u00eele d&rsquo;Orange Bay depuis <\/strong><strong>Sahl Hasheesh<\/strong> avec d\u00e9jeuner VIP. Si vous cherchez le <strong>voilier<\/strong> le plus <strong>luxueux<\/strong> pour passer une journ\u00e9e sp\u00e9ciale&#8230;<\/p>\n","protected":false},"featured_media":391212,"template":"","meta":{"_joinchat":[]},"product_brand":[],"product_cat":[29818],"product_tag":[49701,49706,53455,53464,53458,53316,53445,53470,49681,49690,53447,53452,53443,53441,53415,49687,53467,53449,53439,53461,53437],"class_list":{"0":"post-391416","1":"product","2":"type-product","3":"status-publish","4":"has-post-thumbnail","6":"product_cat-tour-fr","7":"product_tag-activites-interieures-pour-couples-sahl-hasheesh","8":"product_tag-activites-pour-les-enfants-de-2-ans-de-sahl-hasheesh","9":"product_tag-bateau-pirate-sahl-hasheesh","10":"product_tag-bateau-prive-sahl-hasheesh","11":"product_tag-bateau-rapide-sahl-hasheesh","12":"product_tag-choses-a-faire-en-famille-a-partir-de-sahl-hasheesh","13":"product_tag-dolphin-house-sahl-hasheesh-fr","14":"product_tag-excursion-en-bateau-prive-a-sahl-hasheesh","15":"product_tag-excursions-dune-journee-a-partir-de-sahl-hasheesh","16":"product_tag-excursions-dune-journee-a-partir-de-sahl-hasheesh-fr","17":"product_tag-excursions-en-bateau-a-sahl-hasheesh","18":"product_tag-giftun-island-sahl-hasheesh-fr","19":"product_tag-ile-dorange-bay-sahl-hasheesh","20":"product_tag-ile-du-paradis-sahl-hasheesh","21":"product_tag-journees-familiales-bon-marche-au-depart-de-sahl-hasheesh","22":"product_tag-lieux-a-visiter-a-sahl-hasheesh","23":"product_tag-location-de-bateaux-sahl-hasheesh","24":"product_tag-nager-avec-les-dauphins-sahl-hasheesh","25":"product_tag-plongee-sous-marine-sahl-hasheesh","26":"product_tag-sahl-hasheesh-boat-charters-fr","27":"product_tag-sahl-hasheesh-snorkeling-trips-fr","28":"tour_category-plongee-sous-marine-a-sahl-hasheesh","29":"tour_category-que-faire-a-sahl-hasheesh","31":"first","32":"instock","33":"sale","34":"shipping-taxable","35":"purchasable","36":"product-type-tour"},"yoast_head":"<!-- This site is optimized with the Yoast SEO Premium plugin v26.9 (Yoast SEO v27.2) - https:\/\/yoast.com\/product\/yoast-seo-premium-wordpress\/ -->\n<title>Bateau \u00e0 voile des pirates vers l&#039;\u00eele de la baie d&#039;Orange depuis Sahl Hasheesh<\/title>\n<meta name=\"description\" content=\"Bateau \u00e0 voile Pirates vers l&#039;\u00eele d&#039;Orange Bay depuis Sahl Hasheesh avec d\u00e9jeuner VIP. Si vous cherchez le voilier le plus luxueux pour passer une journ\u00e9e sp\u00e9ciale...\" \/>\n<meta name=\"robots\" content=\"index, follow, max-snippet:-1, max-image-preview:large, max-video-preview:-1\" \/>\n<link rel=\"canonical\" href=\"https:\/\/hurghadalovers.com\/fr\/tours\/pirates-bateau-a-voile-pour-orange-bay-island-de-sahl-hasheesh\/\" \/>\n<meta property=\"og:locale\" content=\"fr_FR\" \/>\n<meta property=\"og:type\" content=\"article\" \/>\n<meta property=\"og:title\" content=\"Bateau \u00e0 voile des pirates vers l&#039;\u00eele de la baie d&#039;Orange depuis Sahl Hasheesh\" \/>\n<meta property=\"og:description\" content=\"Bateau \u00e0 voile Pirates vers l&#039;\u00eele d&#039;Orange Bay depuis Sahl Hasheesh avec d\u00e9jeuner VIP. Si vous cherchez le voilier le plus luxueux pour passer une journ\u00e9e sp\u00e9ciale...\" \/>\n<meta property=\"og:url\" content=\"https:\/\/hurghadalovers.com\/fr\/tours\/pirates-bateau-a-voile-pour-orange-bay-island-de-sahl-hasheesh\/\" \/>\n<meta property=\"og:site_name\" content=\"Hurghada Excursions &amp; Day Trips | Booking Best Prices Tours\" \/>\n<meta property=\"article:publisher\" content=\"https:\/\/www.facebook.com\/Hurghadaloversegypt\" \/>\n<meta property=\"article:modified_time\" content=\"2026-02-09T08:10:53+00:00\" \/>\n<meta property=\"og:image\" content=\"https:\/\/hurghadalovers.com\/wp-content\/uploads\/2023\/08\/Pirates-Sailing-Boat-to-Orange-bay-Island-from-Sahl-Hasheesh.jpeg\" \/>\n\t<meta property=\"og:image:width\" content=\"1156\" \/>\n\t<meta property=\"og:image:height\" content=\"867\" \/>\n\t<meta property=\"og:image:type\" content=\"image\/jpeg\" \/>\n<meta name=\"twitter:card\" content=\"summary_large_image\" \/>\n<meta name=\"twitter:label1\" content=\"Prix\" \/>\n\t<meta name=\"twitter:data1\" content=\"&euro;&nbsp;90\" \/>\n\t<meta name=\"twitter:label2\" content=\"Disponibilit\u00e9\" \/>\n\t<meta name=\"twitter:data2\" content=\"En stock\" \/>\n<script type=\"application\/ld+json\" class=\"yoast-schema-graph\">{\"@context\":\"https:\/\/schema.org\",\"@graph\":[{\"@type\":[\"WebPage\",\"ItemPage\"],\"@id\":\"https:\/\/hurghadalovers.com\/fr\/tours\/pirates-bateau-a-voile-pour-orange-bay-island-de-sahl-hasheesh\/\",\"url\":\"https:\/\/hurghadalovers.com\/fr\/tours\/pirates-bateau-a-voile-pour-orange-bay-island-de-sahl-hasheesh\/\",\"name\":\"Bateau \u00e0 voile des pirates vers l'\u00eele de la baie d'Orange depuis Sahl Hasheesh\",\"isPartOf\":{\"@id\":\"https:\/\/hurghadalovers.com\/fr\/#website\"},\"primaryImageOfPage\":{\"@id\":\"https:\/\/hurghadalovers.com\/fr\/tours\/pirates-bateau-a-voile-pour-orange-bay-island-de-sahl-hasheesh\/#primaryimage\"},\"image\":{\"@id\":\"https:\/\/hurghadalovers.com\/fr\/tours\/pirates-bateau-a-voile-pour-orange-bay-island-de-sahl-hasheesh\/#primaryimage\"},\"thumbnailUrl\":\"https:\/\/hurghadalovers.com\/wp-content\/uploads\/2023\/08\/Pirates-Sailing-Boat-to-Orange-bay-Island-from-Sahl-Hasheesh.jpeg\",\"datePublished\":\"2023-08-31T18:24:05+00:00\",\"dateModified\":\"2026-02-09T08:10:53+00:00\",\"description\":\"Bateau \u00e0 voile Pirates vers l'\u00eele d'Orange Bay depuis Sahl Hasheesh avec d\u00e9jeuner VIP. Si vous cherchez le voilier le plus luxueux pour passer une journ\u00e9e sp\u00e9ciale...\",\"breadcrumb\":{\"@id\":\"https:\/\/hurghadalovers.com\/fr\/tours\/pirates-bateau-a-voile-pour-orange-bay-island-de-sahl-hasheesh\/#breadcrumb\"},\"inLanguage\":\"fr-FR\",\"potentialAction\":[{\"@type\":\"ReadAction\",\"target\":[\"https:\/\/hurghadalovers.com\/fr\/tours\/pirates-bateau-a-voile-pour-orange-bay-island-de-sahl-hasheesh\/\"]}]},{\"@type\":\"ImageObject\",\"inLanguage\":\"fr-FR\",\"@id\":\"https:\/\/hurghadalovers.com\/fr\/tours\/pirates-bateau-a-voile-pour-orange-bay-island-de-sahl-hasheesh\/#primaryimage\",\"url\":\"https:\/\/hurghadalovers.com\/wp-content\/uploads\/2023\/08\/Pirates-Sailing-Boat-to-Orange-bay-Island-from-Sahl-Hasheesh.jpeg\",\"contentUrl\":\"https:\/\/hurghadalovers.com\/wp-content\/uploads\/2023\/08\/Pirates-Sailing-Boat-to-Orange-bay-Island-from-Sahl-Hasheesh.jpeg\",\"width\":1156,\"height\":867,\"caption\":\"Bateau \u00e0 voile des pirates vers l'\u00eele de la baie d'Orange depuis Sahl Hasheesh\"},{\"@type\":\"BreadcrumbList\",\"@id\":\"https:\/\/hurghadalovers.com\/fr\/tours\/pirates-bateau-a-voile-pour-orange-bay-island-de-sahl-hasheesh\/#breadcrumb\",\"itemListElement\":[{\"@type\":\"ListItem\",\"position\":1,\"name\":\"Home\",\"item\":\"https:\/\/hurghadalovers.com\/fr\/\"},{\"@type\":\"ListItem\",\"position\":2,\"name\":\"Shop\",\"item\":\"https:\/\/hurghadalovers.com\/fr\/shop\/\"},{\"@type\":\"ListItem\",\"position\":3,\"name\":\"Bateau \u00e0 voile des pirates vers l&rsquo;\u00eele de la baie d&rsquo;Orange depuis Sahl Hasheesh\"}]},{\"@type\":\"WebSite\",\"@id\":\"https:\/\/hurghadalovers.com\/fr\/#website\",\"url\":\"https:\/\/hurghadalovers.com\/fr\/\",\"name\":\"Hurghada Excursions & Day Trips | Booking Best Prices Tours\",\"description\":\"Hurghada Lovers - Best Tour Operator - Excursions &amp; Things to do for Family Day Trips with kids and Couples Romantic. Unique .Hidden gems\",\"publisher\":{\"@id\":\"https:\/\/hurghadalovers.com\/fr\/#organization\"},\"alternateName\":\"Hurghada Excursions\",\"potentialAction\":[{\"@type\":\"SearchAction\",\"target\":{\"@type\":\"EntryPoint\",\"urlTemplate\":\"https:\/\/hurghadalovers.com\/fr\/?s={search_term_string}\"},\"query-input\":{\"@type\":\"PropertyValueSpecification\",\"valueRequired\":true,\"valueName\":\"search_term_string\"}}],\"inLanguage\":\"fr-FR\"},{\"@type\":[\"Organization\",\"Place\",\"TravelAgency\"],\"@id\":\"https:\/\/hurghadalovers.com\/fr\/#organization\",\"name\":\"Hurghada Excursions\",\"url\":\"https:\/\/hurghadalovers.com\/fr\/\",\"logo\":{\"@id\":\"https:\/\/hurghadalovers.com\/fr\/tours\/pirates-bateau-a-voile-pour-orange-bay-island-de-sahl-hasheesh\/#local-main-organization-logo\"},\"image\":{\"@id\":\"https:\/\/hurghadalovers.com\/fr\/tours\/pirates-bateau-a-voile-pour-orange-bay-island-de-sahl-hasheesh\/#local-main-organization-logo\"},\"sameAs\":[\"https:\/\/www.facebook.com\/Hurghadaloversegypt\"],\"address\":{\"@id\":\"https:\/\/hurghadalovers.com\/fr\/tours\/pirates-bateau-a-voile-pour-orange-bay-island-de-sahl-hasheesh\/#local-main-place-address\"},\"telephone\":[\"00201112596434\"],\"contactPoint\":{\"@type\":\"ContactPoint\",\"telephone\":\"00201112596434\",\"email\":\"weyouface@gmail.com\"},\"openingHoursSpecification\":{\"@type\":\"OpeningHoursSpecification\",\"dayOfWeek\":[\"Monday\",\"Tuesday\",\"Wednesday\",\"Thursday\",\"Friday\",\"Saturday\",\"Sunday\"],\"opens\":\"00:00\",\"closes\":\"23:59\"},\"email\":\"weyouface@gmail.com\",\"areaServed\":\"Luxor, Hurghada, El Gouna, Aswan, Sharm El Sheikh, Giza, Alexandria, Marsa Alam, Quseir, Soma Bay, Sahl Hasheesh, Red Sea, Makadi Bay, Cairo\",\"priceRange\":\"$\",\"currenciesAccepted\":\"euro\",\"paymentAccepted\":\"cash on site\"},{\"@type\":\"PostalAddress\",\"@id\":\"https:\/\/hurghadalovers.com\/fr\/tours\/pirates-bateau-a-voile-pour-orange-bay-island-de-sahl-hasheesh\/#local-main-place-address\",\"streetAddress\":\"17 Banks street, Alkawther area, top nbk bank\",\"addressLocality\":\"hurghada\",\"postalCode\":\"84511\",\"addressRegion\":\"red sea\",\"addressCountry\":\"EG\"},{\"@type\":\"ImageObject\",\"inLanguage\":\"fr-FR\",\"@id\":\"https:\/\/hurghadalovers.com\/fr\/tours\/pirates-bateau-a-voile-pour-orange-bay-island-de-sahl-hasheesh\/#local-main-organization-logo\",\"url\":\"https:\/\/hurghadalovers.com\/wp-content\/uploads\/2019\/10\/hurghada-excursions-logo.png\",\"contentUrl\":\"https:\/\/hurghadalovers.com\/wp-content\/uploads\/2019\/10\/hurghada-excursions-logo.png\",\"width\":272,\"height\":90,\"caption\":\"Hurghada Excursions\"}]}<\/script>\n<meta property=\"product:brand\" content=\"Plong\u00e9e sous-marine \u00e0 Sahl Hasheesh\" \/>\n<meta property=\"product:price:amount\" content=\"90\" \/>\n<meta property=\"product:price:currency\" content=\"EUR\" \/>\n<meta property=\"og:availability\" content=\"instock\" \/>\n<meta property=\"product:availability\" content=\"instock\" \/>\n<meta property=\"product:retailer_item_id\" content=\"Sahl342024\" \/>\n<meta property=\"product:condition\" content=\"new\" \/>\n<meta name=\"geo.placename\" content=\"hurghada\" \/>\n<meta name=\"geo.region\" content=\"\u00c9gypte\" \/>\n<!-- \/ Yoast SEO Premium plugin. -->","yoast_head_json":{"title":"Bateau \u00e0 voile des pirates vers l'\u00eele de la baie d'Orange depuis Sahl Hasheesh","description":"Bateau \u00e0 voile Pirates vers l'\u00eele d'Orange Bay depuis Sahl Hasheesh avec d\u00e9jeuner VIP. Si vous cherchez le voilier le plus luxueux pour passer une journ\u00e9e sp\u00e9ciale...","robots":{"index":"index","follow":"follow","max-snippet":"max-snippet:-1","max-image-preview":"max-image-preview:large","max-video-preview":"max-video-preview:-1"},"canonical":"https:\/\/hurghadalovers.com\/fr\/tours\/pirates-bateau-a-voile-pour-orange-bay-island-de-sahl-hasheesh\/","og_locale":"fr_FR","og_type":"article","og_title":"Bateau \u00e0 voile des pirates vers l'\u00eele de la baie d'Orange depuis Sahl Hasheesh","og_description":"Bateau \u00e0 voile Pirates vers l'\u00eele d'Orange Bay depuis Sahl Hasheesh avec d\u00e9jeuner VIP. Si vous cherchez le voilier le plus luxueux pour passer une journ\u00e9e sp\u00e9ciale...","og_url":"https:\/\/hurghadalovers.com\/fr\/tours\/pirates-bateau-a-voile-pour-orange-bay-island-de-sahl-hasheesh\/","og_site_name":"Hurghada Excursions &amp; Day Trips | Booking Best Prices Tours","article_publisher":"https:\/\/www.facebook.com\/Hurghadaloversegypt","article_modified_time":"2026-02-09T08:10:53+00:00","og_image":[{"width":1156,"height":867,"url":"https:\/\/hurghadalovers.com\/wp-content\/uploads\/2023\/08\/Pirates-Sailing-Boat-to-Orange-bay-Island-from-Sahl-Hasheesh.jpeg","type":"image\/jpeg"}],"twitter_card":"summary_large_image","twitter_misc":{"Prix":"&euro;&nbsp;90","Disponibilit\u00e9":"En stock"},"schema":{"@context":"https:\/\/schema.org","@graph":[{"@type":["WebPage","ItemPage"],"@id":"https:\/\/hurghadalovers.com\/fr\/tours\/pirates-bateau-a-voile-pour-orange-bay-island-de-sahl-hasheesh\/","url":"https:\/\/hurghadalovers.com\/fr\/tours\/pirates-bateau-a-voile-pour-orange-bay-island-de-sahl-hasheesh\/","name":"Bateau \u00e0 voile des pirates vers l'\u00eele de la baie d'Orange depuis Sahl Hasheesh","isPartOf":{"@id":"https:\/\/hurghadalovers.com\/fr\/#website"},"primaryImageOfPage":{"@id":"https:\/\/hurghadalovers.com\/fr\/tours\/pirates-bateau-a-voile-pour-orange-bay-island-de-sahl-hasheesh\/#primaryimage"},"image":{"@id":"https:\/\/hurghadalovers.com\/fr\/tours\/pirates-bateau-a-voile-pour-orange-bay-island-de-sahl-hasheesh\/#primaryimage"},"thumbnailUrl":"https:\/\/hurghadalovers.com\/wp-content\/uploads\/2023\/08\/Pirates-Sailing-Boat-to-Orange-bay-Island-from-Sahl-Hasheesh.jpeg","datePublished":"2023-08-31T18:24:05+00:00","dateModified":"2026-02-09T08:10:53+00:00","description":"Bateau \u00e0 voile Pirates vers l'\u00eele d'Orange Bay depuis Sahl Hasheesh avec d\u00e9jeuner VIP. Si vous cherchez le voilier le plus luxueux pour passer une journ\u00e9e sp\u00e9ciale...","breadcrumb":{"@id":"https:\/\/hurghadalovers.com\/fr\/tours\/pirates-bateau-a-voile-pour-orange-bay-island-de-sahl-hasheesh\/#breadcrumb"},"inLanguage":"fr-FR","potentialAction":[{"@type":"ReadAction","target":["https:\/\/hurghadalovers.com\/fr\/tours\/pirates-bateau-a-voile-pour-orange-bay-island-de-sahl-hasheesh\/"]}]},{"@type":"ImageObject","inLanguage":"fr-FR","@id":"https:\/\/hurghadalovers.com\/fr\/tours\/pirates-bateau-a-voile-pour-orange-bay-island-de-sahl-hasheesh\/#primaryimage","url":"https:\/\/hurghadalovers.com\/wp-content\/uploads\/2023\/08\/Pirates-Sailing-Boat-to-Orange-bay-Island-from-Sahl-Hasheesh.jpeg","contentUrl":"https:\/\/hurghadalovers.com\/wp-content\/uploads\/2023\/08\/Pirates-Sailing-Boat-to-Orange-bay-Island-from-Sahl-Hasheesh.jpeg","width":1156,"height":867,"caption":"Bateau \u00e0 voile des pirates vers l'\u00eele de la baie d'Orange depuis Sahl Hasheesh"},{"@type":"BreadcrumbList","@id":"https:\/\/hurghadalovers.com\/fr\/tours\/pirates-bateau-a-voile-pour-orange-bay-island-de-sahl-hasheesh\/#breadcrumb","itemListElement":[{"@type":"ListItem","position":1,"name":"Home","item":"https:\/\/hurghadalovers.com\/fr\/"},{"@type":"ListItem","position":2,"name":"Shop","item":"https:\/\/hurghadalovers.com\/fr\/shop\/"},{"@type":"ListItem","position":3,"name":"Bateau \u00e0 voile des pirates vers l&rsquo;\u00eele de la baie d&rsquo;Orange depuis Sahl Hasheesh"}]},{"@type":"WebSite","@id":"https:\/\/hurghadalovers.com\/fr\/#website","url":"https:\/\/hurghadalovers.com\/fr\/","name":"Hurghada Excursions & Day Trips | Booking Best Prices Tours","description":"Hurghada Lovers - Best Tour Operator - Excursions &amp; Things to do for Family Day Trips with kids and Couples Romantic. Unique .Hidden gems","publisher":{"@id":"https:\/\/hurghadalovers.com\/fr\/#organization"},"alternateName":"Hurghada Excursions","potentialAction":[{"@type":"SearchAction","target":{"@type":"EntryPoint","urlTemplate":"https:\/\/hurghadalovers.com\/fr\/?s={search_term_string}"},"query-input":{"@type":"PropertyValueSpecification","valueRequired":true,"valueName":"search_term_string"}}],"inLanguage":"fr-FR"},{"@type":["Organization","Place","TravelAgency"],"@id":"https:\/\/hurghadalovers.com\/fr\/#organization","name":"Hurghada Excursions","url":"https:\/\/hurghadalovers.com\/fr\/","logo":{"@id":"https:\/\/hurghadalovers.com\/fr\/tours\/pirates-bateau-a-voile-pour-orange-bay-island-de-sahl-hasheesh\/#local-main-organization-logo"},"image":{"@id":"https:\/\/hurghadalovers.com\/fr\/tours\/pirates-bateau-a-voile-pour-orange-bay-island-de-sahl-hasheesh\/#local-main-organization-logo"},"sameAs":["https:\/\/www.facebook.com\/Hurghadaloversegypt"],"address":{"@id":"https:\/\/hurghadalovers.com\/fr\/tours\/pirates-bateau-a-voile-pour-orange-bay-island-de-sahl-hasheesh\/#local-main-place-address"},"telephone":["00201112596434"],"contactPoint":{"@type":"ContactPoint","telephone":"00201112596434","email":"weyouface@gmail.com"},"openingHoursSpecification":{"@type":"OpeningHoursSpecification","dayOfWeek":["Monday","Tuesday","Wednesday","Thursday","Friday","Saturday","Sunday"],"opens":"00:00","closes":"23:59"},"email":"weyouface@gmail.com","areaServed":"Luxor, Hurghada, El Gouna, Aswan, Sharm El Sheikh, Giza, Alexandria, Marsa Alam, Quseir, Soma Bay, Sahl Hasheesh, Red Sea, Makadi Bay, Cairo","priceRange":"$","currenciesAccepted":"euro","paymentAccepted":"cash on site"},{"@type":"PostalAddress","@id":"https:\/\/hurghadalovers.com\/fr\/tours\/pirates-bateau-a-voile-pour-orange-bay-island-de-sahl-hasheesh\/#local-main-place-address","streetAddress":"17 Banks street, Alkawther area, top nbk bank","addressLocality":"hurghada","postalCode":"84511","addressRegion":"red sea","addressCountry":"EG"},{"@type":"ImageObject","inLanguage":"fr-FR","@id":"https:\/\/hurghadalovers.com\/fr\/tours\/pirates-bateau-a-voile-pour-orange-bay-island-de-sahl-hasheesh\/#local-main-organization-logo","url":"https:\/\/hurghadalovers.com\/wp-content\/uploads\/2019\/10\/hurghada-excursions-logo.png","contentUrl":"https:\/\/hurghadalovers.com\/wp-content\/uploads\/2019\/10\/hurghada-excursions-logo.png","width":272,"height":90,"caption":"Hurghada Excursions"}]},"product_brand":"Plong\u00e9e sous-marine \u00e0 Sahl Hasheesh","product_price_amount":"90","product_price_currency":"EUR","og_availability":"instock","product_availability":"instock","product_retailer_item_id":"Sahl342024","product_condition":"new","geo.placename":"hurghada","geo.region":"\u00c9gypte"},"_links":{"self":[{"href":"https:\/\/hurghadalovers.com\/fr\/wp-json\/wp\/v2\/product\/391416","targetHints":{"allow":["GET"]}}],"collection":[{"href":"https:\/\/hurghadalovers.com\/fr\/wp-json\/wp\/v2\/product"}],"about":[{"href":"https:\/\/hurghadalovers.com\/fr\/wp-json\/wp\/v2\/types\/product"}],"wp:featuredmedia":[{"embeddable":true,"href":"https:\/\/hurghadalovers.com\/fr\/wp-json\/wp\/v2\/media\/391212"}],"wp:attachment":[{"href":"https:\/\/hurghadalovers.com\/fr\/wp-json\/wp\/v2\/media?parent=391416"}],"wp:term":[{"taxonomy":"product_brand","embeddable":true,"href":"https:\/\/hurghadalovers.com\/fr\/wp-json\/wp\/v2\/product_brand?post=391416"},{"taxonomy":"product_cat","embeddable":true,"href":"https:\/\/hurghadalovers.com\/fr\/wp-json\/wp\/v2\/product_cat?post=391416"},{"taxonomy":"product_tag","embeddable":true,"href":"https:\/\/hurghadalovers.com\/fr\/wp-json\/wp\/v2\/product_tag?post=391416"}],"curies":[{"name":"wp","href":"https:\/\/api.w.org\/{rel}","templated":true}]}}