{"id":391019,"date":"2023-08-31T14:46:52","date_gmt":"2023-08-31T14:48:08","guid":{"rendered":"https:\/\/hurghadalovers.com\/shop\/non class\u00e9\/excursion-privee-dune-journee-de-sahl-hasheesh-a-abou-simbel-et-assouan-2-jours\/"},"modified":"2026-02-09T09:31:34","modified_gmt":"2026-02-09T09:31:34","slug":"excursion-privee-de-sahl-hasheesh-a-abu-simbel-aswan-2-jours","status":"publish","type":"product","link":"https:\/\/hurghadalovers.com\/fr\/tours\/excursion-privee-de-sahl-hasheesh-a-abu-simbel-aswan-2-jours\/","title":{"rendered":"Excursion priv\u00e9e d&rsquo;une journ\u00e9e de Sahl Hasheesh \u00e0 Abou Simbel et Assouan &#8211; 2 jours"},"content":{"rendered":"<p><strong>Excursion priv\u00e9e d&rsquo;une journ\u00e9e <\/strong> de<strong>Sahl Hasheesh<\/strong> <strong>\u00e0 Abou Simbel<\/strong> et Assouan &#8211; 2 jours avec guide priv\u00e9, billets et d\u00e9jeuner.<\/p>\n<p>D\u00e9couvrez les secrets du <strong>roi Rams\u00e8s II<\/strong>, l&rsquo;un des plus c\u00e9l\u00e8bres rois pharaons, et visitez les temples historiques les plus importants pour d\u00e9couvrir de nouveaux faits sur l&rsquo;ancienne <strong>civilisation<\/strong> \u00e9gyptienne <strong>pharaonique<\/strong>.<\/p>\n<p><strong>Faits marquants :<\/strong><\/p>\n<ul>\n<li>Le complexe du temple de Philae.<\/li>\n<li>L&rsquo;ob\u00e9lisque inachev\u00e9.<\/li>\n<li>Le haut barrage.<\/li>\n<li>Temples d&rsquo;Abou Simbel.<\/li>\n<li>D\u00e9jeuner au restaurant \u00ab\u00a0Vegetarians Food is available\u00a0\u00bb.<\/li>\n<\/ul>\n<p><strong>Excursion priv\u00e9e d&rsquo;une journ\u00e9e \u00e0 partir de <\/strong><strong>Sahl Hasheesh<\/strong> <strong>\u00e0 Abou Simbel D\u00e9tails :<\/strong><\/p>\n<ul>\n<li>Disponibilit\u00e9 des visites : Tous les jours.<\/li>\n<li>Type de visite : Priv\u00e9 en voiture ou en minibus.<\/li>\n<li>Heure de prise en charge : \u00e0 partir de 05:30 A.M.<\/li>\n<li>Demander \u00e0 l&rsquo;h\u00f4tel de recevoir votre sac de petit-d\u00e9jeuner le matin.<\/li>\n<li>Heure de prise en charge : 19:00.<\/li>\n<li>Accessible aux fauteuils roulants.<\/li>\n<li>Dur\u00e9e : 2 jours \/ 1 nuit.<\/li>\n<\/ul>\n<p><strong>R\u00e9servez maintenant et payez plus tard :<\/strong><\/p>\n<ul>\n<li>Paiement en esp\u00e8ces sur place pour le guide.<\/li>\n<li>Paiement en livres \u00e9gyptiennes, $, \u20ac ou \u00a3.<\/li>\n<\/ul>\n<p><strong>Politique d&rsquo;annulation :<\/strong><\/p>\n<ul>\n<li>vous annulez jusqu&rsquo;\u00e0 24 heures \u00e0 l&rsquo;avance.<\/li>\n<li>Si l&rsquo;un des membres de votre famille annule la matin\u00e9e, vous payez 50 % des frais.<\/li>\n<\/ul>\n<p><strong>Qu&rsquo;est-ce qui est inclus ?<\/strong><\/p>\n<ul>\n<li>Transfert depuis les h\u00f4tels de Sahl Hasheesh \u00ab\u00a0Prise en charge et retour \u00e0 l&rsquo;h\u00f4tel\u00a0\u00bb.<\/li>\n<li>Toutes les taxes, les droits d&rsquo;entr\u00e9e et les frais de manutention.<\/li>\n<li>Transferts.<\/li>\n<li>Guide touristique.<\/li>\n<li>Une nuit \u00e0 l&rsquo;h\u00f4tel avec petit d\u00e9jeuner.<\/li>\n<li>Boissons.<\/li>\n<li>2 D\u00e9jeuner au restaurant.<\/li>\n<\/ul>\n<p><strong>Exclusions ?<\/strong><\/p>\n<ul>\n<li>Pourboires.<\/li>\n<li>Tous les extras non mentionn\u00e9s.<\/li>\n<\/ul>\n<p><strong>Les prix :<\/strong><\/p>\n<ul>\n<li><strong>Prix adulte = \u00e0 partir de 300$ par personne<\/strong>.<\/li>\n<li>Prix pour les enfants \u00ab\u00a05-12\u2033= 50%.<\/li>\n<li>pour les enfants \u00ab\u00a00-5\u2033= Gratuit.<\/li>\n<\/ul>\n<p><strong>Critiques :<\/strong><\/p>\n<p>consultez notre Google Map Reviews comme Meilleur <a href=\"https:\/\/g.page\/r\/CUeYvkngP3wkEBM\/review\">Tour Op\u00e9rateur \u00e0 Hurghada<\/a> en ligne \u00e0 <a href=\"https:\/\/hurghadalovers.com\/\">Hurghada<\/a> Egypte.<\/p>\n<p><strong>R\u00e9servation :<\/strong><\/p>\n<p>Envoyez l&rsquo;h\u00f4tel + le num\u00e9ro de la chambre + la photo du passeport \u00e0 WhatsApp : <strong>+201112596434<\/strong><\/p>\n<p>Si vous \u00eates en Egypte, r\u00e9servez d\u00e8s maintenant en ligne et confirmez votre arriv\u00e9e \u00e0 l&rsquo;h\u00f4tel.<\/p>\n<p>&nbsp;<\/p>\n<p>&nbsp;<\/p>\n","protected":false},"excerpt":{"rendered":"<p><strong>Excursion priv\u00e9e d&rsquo;une journ\u00e9e <\/strong> de<strong>Sahl Hasheesh<\/strong> <strong>\u00e0 Abou Simbel<\/strong> et Assouan &#8211; 2 jours avec guide priv\u00e9, billets et d\u00e9jeuner. D\u00e9couvrez les secrets du <strong>roi Rams\u00e8s II<\/strong>, l&rsquo;un des plus c\u00e9l\u00e8bres rois pharaons.<\/p>\n","protected":false},"featured_media":390922,"template":"","meta":{"_joinchat":[]},"product_brand":[],"product_cat":[29818],"product_tag":[53421,53413,53432,53419,53424,53417,53409,53436,53426,49475,53429,53428,53434],"class_list":{"0":"post-391019","1":"product","2":"type-product","3":"status-publish","4":"has-post-thumbnail","6":"product_cat-tour-fr","7":"product_tag-bus-de-sahl-hasheesh-a-louxor","8":"product_tag-choses-a-faire-avec-des-enfants-en-bas-age-a-sahl-hasheesh","9":"product_tag-de-sahl-hasheesh-a-la-vallee-des-rois","10":"product_tag-excursion-a-louxor-depuis-sahl-hasheesh","11":"product_tag-excursion-dune-journee-a-louxor-depuis-sahl-hasheesh","12":"product_tag-excursion-dune-journee-de-sahl-hasheesh-a-louxor","13":"product_tag-lieux-de-divertissement-pour-la-famille-a-sahl-hasheesh","14":"product_tag-montgolfiere-sahl-hasheesh","15":"product_tag-sahl-hasheesh-tours-a-louxor","16":"product_tag-things-to-do-with-family-from-sahl-hasheesh","17":"product_tag-transfert-de-louxor-a-sahl-hasheesh","18":"product_tag-visite-de-louxor-depuis-sahl-hasheesh","19":"product_tag-visite-privee-de-louxor-depuis-sahl-hasheesh","20":"tour_category-louxor-excursions-dune-journee-depuis-sahl-hasheesh","21":"tour_category-que-faire-a-sahl-hasheesh","23":"first","24":"instock","25":"sale","26":"shipping-taxable","27":"purchasable","28":"product-type-tour"},"yoast_head":"<!-- This site is optimized with the Yoast SEO Premium plugin v26.9 (Yoast SEO v27.2) - https:\/\/yoast.com\/product\/yoast-seo-premium-wordpress\/ -->\n<title>Excursion priv\u00e9e d&#039;une journ\u00e9e de Sahl Hasheesh \u00e0 Abou Simbel et Assouan<\/title>\n<meta name=\"description\" content=\"Excursion priv\u00e9e d&#039;une journ\u00e9e de Sahl Hasheesh \u00e0 Abou Simbel et Assouan - 2 jours avec guide priv\u00e9, billets et d\u00e9jeuner. D\u00e9couvrez les secrets du roi Rams\u00e8s II...\" \/>\n<meta name=\"robots\" content=\"index, follow, max-snippet:-1, max-image-preview:large, max-video-preview:-1\" \/>\n<link rel=\"canonical\" href=\"https:\/\/hurghadalovers.com\/fr\/tours\/excursion-privee-de-sahl-hasheesh-a-abu-simbel-aswan-2-jours\/\" \/>\n<meta property=\"og:locale\" content=\"fr_FR\" \/>\n<meta property=\"og:type\" content=\"article\" \/>\n<meta property=\"og:title\" content=\"Excursion priv\u00e9e d&#039;une journ\u00e9e de Sahl Hasheesh \u00e0 Abou Simbel et Assouan - 2 jours\" \/>\n<meta property=\"og:description\" content=\"Excursion priv\u00e9e d&#039;une journ\u00e9e de Sahl Hasheesh \u00e0 Abou Simbel et Assouan - 2 jours avec guide priv\u00e9, billets et d\u00e9jeuner. D\u00e9couvrez les secrets du roi Rams\u00e8s II...\" \/>\n<meta property=\"og:url\" content=\"https:\/\/hurghadalovers.com\/fr\/tours\/excursion-privee-de-sahl-hasheesh-a-abu-simbel-aswan-2-jours\/\" \/>\n<meta property=\"og:site_name\" content=\"Hurghada Excursions &amp; Day Trips | Booking Best Prices Tours\" \/>\n<meta property=\"article:publisher\" content=\"https:\/\/www.facebook.com\/Hurghadaloversegypt\" \/>\n<meta property=\"article:modified_time\" content=\"2026-02-09T09:31:34+00:00\" \/>\n<meta property=\"og:image\" content=\"https:\/\/hurghadalovers.com\/wp-content\/uploads\/2023\/08\/Private-Day-Trip-from-Sahl-Hasheesh-to-Abu-Simbel.jpeg\" \/>\n\t<meta property=\"og:image:width\" content=\"1536\" \/>\n\t<meta property=\"og:image:height\" content=\"928\" \/>\n\t<meta property=\"og:image:type\" content=\"image\/jpeg\" \/>\n<meta name=\"twitter:card\" content=\"summary_large_image\" \/>\n<meta name=\"twitter:label1\" content=\"Prix\" \/>\n\t<meta name=\"twitter:data1\" content=\"&euro;&nbsp;350\" \/>\n\t<meta name=\"twitter:label2\" content=\"Disponibilit\u00e9\" \/>\n\t<meta name=\"twitter:data2\" content=\"En stock\" \/>\n<script type=\"application\/ld+json\" class=\"yoast-schema-graph\">{\"@context\":\"https:\/\/schema.org\",\"@graph\":[{\"@type\":[\"WebPage\",\"ItemPage\"],\"@id\":\"https:\/\/hurghadalovers.com\/fr\/tours\/excursion-privee-de-sahl-hasheesh-a-abu-simbel-aswan-2-jours\/\",\"url\":\"https:\/\/hurghadalovers.com\/fr\/tours\/excursion-privee-de-sahl-hasheesh-a-abu-simbel-aswan-2-jours\/\",\"name\":\"Excursion priv\u00e9e d'une journ\u00e9e de Sahl Hasheesh \u00e0 Abou Simbel et Assouan\",\"isPartOf\":{\"@id\":\"https:\/\/hurghadalovers.com\/fr\/#website\"},\"primaryImageOfPage\":{\"@id\":\"https:\/\/hurghadalovers.com\/fr\/tours\/excursion-privee-de-sahl-hasheesh-a-abu-simbel-aswan-2-jours\/#primaryimage\"},\"image\":{\"@id\":\"https:\/\/hurghadalovers.com\/fr\/tours\/excursion-privee-de-sahl-hasheesh-a-abu-simbel-aswan-2-jours\/#primaryimage\"},\"thumbnailUrl\":\"https:\/\/hurghadalovers.com\/wp-content\/uploads\/2023\/08\/Private-Day-Trip-from-Sahl-Hasheesh-to-Abu-Simbel.jpeg\",\"datePublished\":\"2023-08-31T14:48:08+00:00\",\"dateModified\":\"2026-02-09T09:31:34+00:00\",\"description\":\"Excursion priv\u00e9e d'une journ\u00e9e de Sahl Hasheesh \u00e0 Abou Simbel et Assouan - 2 jours avec guide priv\u00e9, billets et d\u00e9jeuner. D\u00e9couvrez les secrets du roi Rams\u00e8s II...\",\"breadcrumb\":{\"@id\":\"https:\/\/hurghadalovers.com\/fr\/tours\/excursion-privee-de-sahl-hasheesh-a-abu-simbel-aswan-2-jours\/#breadcrumb\"},\"inLanguage\":\"fr-FR\",\"potentialAction\":[{\"@type\":\"ReadAction\",\"target\":[\"https:\/\/hurghadalovers.com\/fr\/tours\/excursion-privee-de-sahl-hasheesh-a-abu-simbel-aswan-2-jours\/\"]}]},{\"@type\":\"ImageObject\",\"inLanguage\":\"fr-FR\",\"@id\":\"https:\/\/hurghadalovers.com\/fr\/tours\/excursion-privee-de-sahl-hasheesh-a-abu-simbel-aswan-2-jours\/#primaryimage\",\"url\":\"https:\/\/hurghadalovers.com\/wp-content\/uploads\/2023\/08\/Private-Day-Trip-from-Sahl-Hasheesh-to-Abu-Simbel.jpeg\",\"contentUrl\":\"https:\/\/hurghadalovers.com\/wp-content\/uploads\/2023\/08\/Private-Day-Trip-from-Sahl-Hasheesh-to-Abu-Simbel.jpeg\",\"width\":1536,\"height\":928,\"caption\":\"Private Day Trip from Sahl Hasheesh to Abu Simbel\"},{\"@type\":\"BreadcrumbList\",\"@id\":\"https:\/\/hurghadalovers.com\/fr\/tours\/excursion-privee-de-sahl-hasheesh-a-abu-simbel-aswan-2-jours\/#breadcrumb\",\"itemListElement\":[{\"@type\":\"ListItem\",\"position\":1,\"name\":\"Home\",\"item\":\"https:\/\/hurghadalovers.com\/fr\/\"},{\"@type\":\"ListItem\",\"position\":2,\"name\":\"Shop\",\"item\":\"https:\/\/hurghadalovers.com\/fr\/shop\/\"},{\"@type\":\"ListItem\",\"position\":3,\"name\":\"Excursion priv\u00e9e d&rsquo;une journ\u00e9e de Sahl Hasheesh \u00e0 Abou Simbel et Assouan &#8211; 2 jours\"}]},{\"@type\":\"WebSite\",\"@id\":\"https:\/\/hurghadalovers.com\/fr\/#website\",\"url\":\"https:\/\/hurghadalovers.com\/fr\/\",\"name\":\"Hurghada Excursions & Day Trips | Booking Best Prices Tours\",\"description\":\"Hurghada Lovers - Best Tour Operator - Excursions &amp; Things to do for Family Day Trips with kids and Couples Romantic. Unique .Hidden gems\",\"publisher\":{\"@id\":\"https:\/\/hurghadalovers.com\/fr\/#organization\"},\"alternateName\":\"Hurghada Excursions\",\"potentialAction\":[{\"@type\":\"SearchAction\",\"target\":{\"@type\":\"EntryPoint\",\"urlTemplate\":\"https:\/\/hurghadalovers.com\/fr\/?s={search_term_string}\"},\"query-input\":{\"@type\":\"PropertyValueSpecification\",\"valueRequired\":true,\"valueName\":\"search_term_string\"}}],\"inLanguage\":\"fr-FR\"},{\"@type\":[\"Organization\",\"Place\",\"TravelAgency\"],\"@id\":\"https:\/\/hurghadalovers.com\/fr\/#organization\",\"name\":\"Hurghada Excursions\",\"url\":\"https:\/\/hurghadalovers.com\/fr\/\",\"logo\":{\"@id\":\"https:\/\/hurghadalovers.com\/fr\/tours\/excursion-privee-de-sahl-hasheesh-a-abu-simbel-aswan-2-jours\/#local-main-organization-logo\"},\"image\":{\"@id\":\"https:\/\/hurghadalovers.com\/fr\/tours\/excursion-privee-de-sahl-hasheesh-a-abu-simbel-aswan-2-jours\/#local-main-organization-logo\"},\"sameAs\":[\"https:\/\/www.facebook.com\/Hurghadaloversegypt\"],\"address\":{\"@id\":\"https:\/\/hurghadalovers.com\/fr\/tours\/excursion-privee-de-sahl-hasheesh-a-abu-simbel-aswan-2-jours\/#local-main-place-address\"},\"telephone\":[\"00201112596434\"],\"contactPoint\":{\"@type\":\"ContactPoint\",\"telephone\":\"00201112596434\",\"email\":\"weyouface@gmail.com\"},\"openingHoursSpecification\":{\"@type\":\"OpeningHoursSpecification\",\"dayOfWeek\":[\"Monday\",\"Tuesday\",\"Wednesday\",\"Thursday\",\"Friday\",\"Saturday\",\"Sunday\"],\"opens\":\"00:00\",\"closes\":\"23:59\"},\"email\":\"weyouface@gmail.com\",\"areaServed\":\"Luxor, Hurghada, El Gouna, Aswan, Sharm El Sheikh, Giza, Alexandria, Marsa Alam, Quseir, Soma Bay, Sahl Hasheesh, Red Sea, Makadi Bay, Cairo\",\"priceRange\":\"$\",\"currenciesAccepted\":\"euro\",\"paymentAccepted\":\"cash on site\"},{\"@type\":\"PostalAddress\",\"@id\":\"https:\/\/hurghadalovers.com\/fr\/tours\/excursion-privee-de-sahl-hasheesh-a-abu-simbel-aswan-2-jours\/#local-main-place-address\",\"streetAddress\":\"17 Banks street, Alkawther area, top nbk bank\",\"addressLocality\":\"hurghada\",\"postalCode\":\"84511\",\"addressRegion\":\"red sea\",\"addressCountry\":\"EG\"},{\"@type\":\"ImageObject\",\"inLanguage\":\"fr-FR\",\"@id\":\"https:\/\/hurghadalovers.com\/fr\/tours\/excursion-privee-de-sahl-hasheesh-a-abu-simbel-aswan-2-jours\/#local-main-organization-logo\",\"url\":\"https:\/\/hurghadalovers.com\/wp-content\/uploads\/2019\/10\/hurghada-excursions-logo.png\",\"contentUrl\":\"https:\/\/hurghadalovers.com\/wp-content\/uploads\/2019\/10\/hurghada-excursions-logo.png\",\"width\":272,\"height\":90,\"caption\":\"Hurghada Excursions\"}]}<\/script>\n<meta property=\"product:brand\" content=\"Louxor Excursions d&#039;une journ\u00e9e depuis Sahl Hasheesh\" \/>\n<meta property=\"product:price:amount\" content=\"350\" \/>\n<meta property=\"product:price:currency\" content=\"EUR\" \/>\n<meta property=\"og:availability\" content=\"instock\" \/>\n<meta property=\"product:availability\" content=\"instock\" \/>\n<meta property=\"product:retailer_item_id\" content=\"Sahl222024\" \/>\n<meta property=\"product:condition\" content=\"new\" \/>\n<meta name=\"geo.placename\" content=\"hurghada\" \/>\n<meta name=\"geo.region\" content=\"\u00c9gypte\" \/>\n<!-- \/ Yoast SEO Premium plugin. -->","yoast_head_json":{"title":"Excursion priv\u00e9e d'une journ\u00e9e de Sahl Hasheesh \u00e0 Abou Simbel et Assouan","description":"Excursion priv\u00e9e d'une journ\u00e9e de Sahl Hasheesh \u00e0 Abou Simbel et Assouan - 2 jours avec guide priv\u00e9, billets et d\u00e9jeuner. D\u00e9couvrez les secrets du roi Rams\u00e8s II...","robots":{"index":"index","follow":"follow","max-snippet":"max-snippet:-1","max-image-preview":"max-image-preview:large","max-video-preview":"max-video-preview:-1"},"canonical":"https:\/\/hurghadalovers.com\/fr\/tours\/excursion-privee-de-sahl-hasheesh-a-abu-simbel-aswan-2-jours\/","og_locale":"fr_FR","og_type":"article","og_title":"Excursion priv\u00e9e d'une journ\u00e9e de Sahl Hasheesh \u00e0 Abou Simbel et Assouan - 2 jours","og_description":"Excursion priv\u00e9e d'une journ\u00e9e de Sahl Hasheesh \u00e0 Abou Simbel et Assouan - 2 jours avec guide priv\u00e9, billets et d\u00e9jeuner. D\u00e9couvrez les secrets du roi Rams\u00e8s II...","og_url":"https:\/\/hurghadalovers.com\/fr\/tours\/excursion-privee-de-sahl-hasheesh-a-abu-simbel-aswan-2-jours\/","og_site_name":"Hurghada Excursions &amp; Day Trips | Booking Best Prices Tours","article_publisher":"https:\/\/www.facebook.com\/Hurghadaloversegypt","article_modified_time":"2026-02-09T09:31:34+00:00","og_image":[{"width":1536,"height":928,"url":"https:\/\/hurghadalovers.com\/wp-content\/uploads\/2023\/08\/Private-Day-Trip-from-Sahl-Hasheesh-to-Abu-Simbel.jpeg","type":"image\/jpeg"}],"twitter_card":"summary_large_image","twitter_misc":{"Prix":"&euro;&nbsp;350","Disponibilit\u00e9":"En stock"},"schema":{"@context":"https:\/\/schema.org","@graph":[{"@type":["WebPage","ItemPage"],"@id":"https:\/\/hurghadalovers.com\/fr\/tours\/excursion-privee-de-sahl-hasheesh-a-abu-simbel-aswan-2-jours\/","url":"https:\/\/hurghadalovers.com\/fr\/tours\/excursion-privee-de-sahl-hasheesh-a-abu-simbel-aswan-2-jours\/","name":"Excursion priv\u00e9e d'une journ\u00e9e de Sahl Hasheesh \u00e0 Abou Simbel et Assouan","isPartOf":{"@id":"https:\/\/hurghadalovers.com\/fr\/#website"},"primaryImageOfPage":{"@id":"https:\/\/hurghadalovers.com\/fr\/tours\/excursion-privee-de-sahl-hasheesh-a-abu-simbel-aswan-2-jours\/#primaryimage"},"image":{"@id":"https:\/\/hurghadalovers.com\/fr\/tours\/excursion-privee-de-sahl-hasheesh-a-abu-simbel-aswan-2-jours\/#primaryimage"},"thumbnailUrl":"https:\/\/hurghadalovers.com\/wp-content\/uploads\/2023\/08\/Private-Day-Trip-from-Sahl-Hasheesh-to-Abu-Simbel.jpeg","datePublished":"2023-08-31T14:48:08+00:00","dateModified":"2026-02-09T09:31:34+00:00","description":"Excursion priv\u00e9e d'une journ\u00e9e de Sahl Hasheesh \u00e0 Abou Simbel et Assouan - 2 jours avec guide priv\u00e9, billets et d\u00e9jeuner. D\u00e9couvrez les secrets du roi Rams\u00e8s II...","breadcrumb":{"@id":"https:\/\/hurghadalovers.com\/fr\/tours\/excursion-privee-de-sahl-hasheesh-a-abu-simbel-aswan-2-jours\/#breadcrumb"},"inLanguage":"fr-FR","potentialAction":[{"@type":"ReadAction","target":["https:\/\/hurghadalovers.com\/fr\/tours\/excursion-privee-de-sahl-hasheesh-a-abu-simbel-aswan-2-jours\/"]}]},{"@type":"ImageObject","inLanguage":"fr-FR","@id":"https:\/\/hurghadalovers.com\/fr\/tours\/excursion-privee-de-sahl-hasheesh-a-abu-simbel-aswan-2-jours\/#primaryimage","url":"https:\/\/hurghadalovers.com\/wp-content\/uploads\/2023\/08\/Private-Day-Trip-from-Sahl-Hasheesh-to-Abu-Simbel.jpeg","contentUrl":"https:\/\/hurghadalovers.com\/wp-content\/uploads\/2023\/08\/Private-Day-Trip-from-Sahl-Hasheesh-to-Abu-Simbel.jpeg","width":1536,"height":928,"caption":"Private Day Trip from Sahl Hasheesh to Abu Simbel"},{"@type":"BreadcrumbList","@id":"https:\/\/hurghadalovers.com\/fr\/tours\/excursion-privee-de-sahl-hasheesh-a-abu-simbel-aswan-2-jours\/#breadcrumb","itemListElement":[{"@type":"ListItem","position":1,"name":"Home","item":"https:\/\/hurghadalovers.com\/fr\/"},{"@type":"ListItem","position":2,"name":"Shop","item":"https:\/\/hurghadalovers.com\/fr\/shop\/"},{"@type":"ListItem","position":3,"name":"Excursion priv\u00e9e d&rsquo;une journ\u00e9e de Sahl Hasheesh \u00e0 Abou Simbel et Assouan &#8211; 2 jours"}]},{"@type":"WebSite","@id":"https:\/\/hurghadalovers.com\/fr\/#website","url":"https:\/\/hurghadalovers.com\/fr\/","name":"Hurghada Excursions & Day Trips | Booking Best Prices Tours","description":"Hurghada Lovers - Best Tour Operator - Excursions &amp; Things to do for Family Day Trips with kids and Couples Romantic. Unique .Hidden gems","publisher":{"@id":"https:\/\/hurghadalovers.com\/fr\/#organization"},"alternateName":"Hurghada Excursions","potentialAction":[{"@type":"SearchAction","target":{"@type":"EntryPoint","urlTemplate":"https:\/\/hurghadalovers.com\/fr\/?s={search_term_string}"},"query-input":{"@type":"PropertyValueSpecification","valueRequired":true,"valueName":"search_term_string"}}],"inLanguage":"fr-FR"},{"@type":["Organization","Place","TravelAgency"],"@id":"https:\/\/hurghadalovers.com\/fr\/#organization","name":"Hurghada Excursions","url":"https:\/\/hurghadalovers.com\/fr\/","logo":{"@id":"https:\/\/hurghadalovers.com\/fr\/tours\/excursion-privee-de-sahl-hasheesh-a-abu-simbel-aswan-2-jours\/#local-main-organization-logo"},"image":{"@id":"https:\/\/hurghadalovers.com\/fr\/tours\/excursion-privee-de-sahl-hasheesh-a-abu-simbel-aswan-2-jours\/#local-main-organization-logo"},"sameAs":["https:\/\/www.facebook.com\/Hurghadaloversegypt"],"address":{"@id":"https:\/\/hurghadalovers.com\/fr\/tours\/excursion-privee-de-sahl-hasheesh-a-abu-simbel-aswan-2-jours\/#local-main-place-address"},"telephone":["00201112596434"],"contactPoint":{"@type":"ContactPoint","telephone":"00201112596434","email":"weyouface@gmail.com"},"openingHoursSpecification":{"@type":"OpeningHoursSpecification","dayOfWeek":["Monday","Tuesday","Wednesday","Thursday","Friday","Saturday","Sunday"],"opens":"00:00","closes":"23:59"},"email":"weyouface@gmail.com","areaServed":"Luxor, Hurghada, El Gouna, Aswan, Sharm El Sheikh, Giza, Alexandria, Marsa Alam, Quseir, Soma Bay, Sahl Hasheesh, Red Sea, Makadi Bay, Cairo","priceRange":"$","currenciesAccepted":"euro","paymentAccepted":"cash on site"},{"@type":"PostalAddress","@id":"https:\/\/hurghadalovers.com\/fr\/tours\/excursion-privee-de-sahl-hasheesh-a-abu-simbel-aswan-2-jours\/#local-main-place-address","streetAddress":"17 Banks street, Alkawther area, top nbk bank","addressLocality":"hurghada","postalCode":"84511","addressRegion":"red sea","addressCountry":"EG"},{"@type":"ImageObject","inLanguage":"fr-FR","@id":"https:\/\/hurghadalovers.com\/fr\/tours\/excursion-privee-de-sahl-hasheesh-a-abu-simbel-aswan-2-jours\/#local-main-organization-logo","url":"https:\/\/hurghadalovers.com\/wp-content\/uploads\/2019\/10\/hurghada-excursions-logo.png","contentUrl":"https:\/\/hurghadalovers.com\/wp-content\/uploads\/2019\/10\/hurghada-excursions-logo.png","width":272,"height":90,"caption":"Hurghada Excursions"}]},"product_brand":"Louxor Excursions d'une journ\u00e9e depuis Sahl Hasheesh","product_price_amount":"350","product_price_currency":"EUR","og_availability":"instock","product_availability":"instock","product_retailer_item_id":"Sahl222024","product_condition":"new","geo.placename":"hurghada","geo.region":"\u00c9gypte"},"_links":{"self":[{"href":"https:\/\/hurghadalovers.com\/fr\/wp-json\/wp\/v2\/product\/391019","targetHints":{"allow":["GET"]}}],"collection":[{"href":"https:\/\/hurghadalovers.com\/fr\/wp-json\/wp\/v2\/product"}],"about":[{"href":"https:\/\/hurghadalovers.com\/fr\/wp-json\/wp\/v2\/types\/product"}],"wp:featuredmedia":[{"embeddable":true,"href":"https:\/\/hurghadalovers.com\/fr\/wp-json\/wp\/v2\/media\/390922"}],"wp:attachment":[{"href":"https:\/\/hurghadalovers.com\/fr\/wp-json\/wp\/v2\/media?parent=391019"}],"wp:term":[{"taxonomy":"product_brand","embeddable":true,"href":"https:\/\/hurghadalovers.com\/fr\/wp-json\/wp\/v2\/product_brand?post=391019"},{"taxonomy":"product_cat","embeddable":true,"href":"https:\/\/hurghadalovers.com\/fr\/wp-json\/wp\/v2\/product_cat?post=391019"},{"taxonomy":"product_tag","embeddable":true,"href":"https:\/\/hurghadalovers.com\/fr\/wp-json\/wp\/v2\/product_tag?post=391019"}],"curies":[{"name":"wp","href":"https:\/\/api.w.org\/{rel}","templated":true}]}}