{"id":391015,"date":"2023-08-31T14:38:42","date_gmt":"2023-08-31T14:42:46","guid":{"rendered":"https:\/\/hurghadalovers.com\/shop\/non class\u00e9\/visite-privee-de-sahl-hasheesh-a-louxor-et-assouan-3-jours\/"},"modified":"2026-02-08T06:07:46","modified_gmt":"2026-02-08T06:07:46","slug":"private-sahl-hasheesh-tours-to-luxor-aswan-3-days","status":"publish","type":"product","link":"https:\/\/hurghadalovers.com\/fr\/tours\/private-sahl-hasheesh-tours-to-luxor-aswan-3-days\/","title":{"rendered":"Visite priv\u00e9e de Sahl Hasheesh \u00e0 Louxor et Assouan &#8211; 3 jours"},"content":{"rendered":"<p><strong>Circuit<\/strong> <strong>priv\u00e9 <\/strong> \u00e0<strong>Sahl Hasheesh<\/strong> <strong>vers Louxor<\/strong> et Assouan &#8211; 3 jours avec guide priv\u00e9, billets et d\u00e9jeuner.<\/p>\n<p>Un circuit sp\u00e9cial de 3 jours pour tous les amoureux de la civilisation ancienne de l&rsquo;\u00c9gypte afin de d\u00e9couvrir de nouveaux faits et secrets sur les rois des pharaons et de visiter les temples et les tombes royales les plus importants \u00e0 Louxor et Assouan et plus encore.<\/p>\n<p>&nbsp;<\/p>\n<p><strong>Faits marquants :<\/strong><\/p>\n<ul>\n<li>Temple de Karnak.<\/li>\n<li>Colosses de Memnon.<\/li>\n<li>Temple mortuaire d&rsquo;Hatchepsout.<\/li>\n<li>3 Tombes dans la Vall\u00e9e des Rois .<\/li>\n<li>Le complexe du temple de Philae.<\/li>\n<li>L&rsquo;ob\u00e9lisque inachev\u00e9.<\/li>\n<li>Temple d&rsquo;Edfu.<\/li>\n<li>Temple de Kom Ombo.<\/li>\n<li>Le haut barrage.<\/li>\n<li>Temples d&rsquo;Abou Simbel.<\/li>\n<li>D\u00e9jeuner au restaurant \u00ab\u00a0Vegetarians Food is available\u00a0\u00bb.<\/li>\n<\/ul>\n<p><strong>Priv\u00e9 <\/strong><strong>Sahl Hasheesh<\/strong> <strong>Excursions \u00e0 Louxor et Assouan D\u00e9tails :<\/strong><\/p>\n<ul>\n<li>Disponibilit\u00e9 des visites : Tous les jours.<\/li>\n<li>Type de visite : Priv\u00e9 en voiture ou en minibus.<\/li>\n<li>Heure de prise en charge : \u00e0 partir de 05:30 A.M.<\/li>\n<li>Demander \u00e0 l&rsquo;h\u00f4tel de recevoir votre sac de petit-d\u00e9jeuner le matin.<\/li>\n<li>Heure de prise en charge : 19:00.<\/li>\n<li>Accessible aux fauteuils roulants.<\/li>\n<li>Dur\u00e9e du s\u00e9jour : 3 jours \/ 2 nuits.<\/li>\n<\/ul>\n<p><strong>R\u00e9servez maintenant et payez plus tard :<\/strong><\/p>\n<ul>\n<li>Paiement en esp\u00e8ces sur place pour le guide.<\/li>\n<li>Paiement en livres \u00e9gyptiennes, $, \u20ac ou \u00a3.<\/li>\n<\/ul>\n<p><strong>Politique d&rsquo;annulation :<\/strong><\/p>\n<ul>\n<li>vous annulez jusqu&rsquo;\u00e0 24 heures \u00e0 l&rsquo;avance.<\/li>\n<li>Si l&rsquo;un des membres de votre famille annule la matin\u00e9e, vous payez 50 % des frais.<\/li>\n<\/ul>\n<p><strong>Qu&rsquo;est-ce qui est inclus ?<\/strong><\/p>\n<ul>\n<li>Transfert depuis les h\u00f4tels de Sahl Hasheesh \u00ab\u00a0Prise en charge et retour \u00e0 l&rsquo;h\u00f4tel\u00a0\u00bb.<\/li>\n<li>Toutes les taxes, les droits d&rsquo;entr\u00e9e et les frais de manutention.<\/li>\n<li>Transferts.<\/li>\n<li>Guide touristique.<\/li>\n<li>2 nuits d&rsquo;h\u00f4tel avec petit-d\u00e9jeuner.<\/li>\n<li>Boissons.<\/li>\n<li>3 D\u00e9jeuner au restaurant.<\/li>\n<\/ul>\n<p><strong>Exclusions ?<\/strong><\/p>\n<ul>\n<li>Pourboires.<\/li>\n<li>Excursion en felouque \u00ab\u00a0Croisi\u00e8re en bateau\u00a0\u00bb Pour 35 min= 10$.<\/li>\n<li>Tous les extras non mentionn\u00e9s.<\/li>\n<\/ul>\n<p><strong>Vous pouvez ajouter le premier jour ou vous d\u00e9tendre \u00e0 l&rsquo;h\u00f4tel :<\/strong><\/p>\n<ul>\n<li>Felucca priv\u00e9e de 30 minutes sur le Nil.<\/li>\n<li>Mus\u00e9e de la momification.<\/li>\n<\/ul>\n<p><strong>vous pouvez ajouter le deuxi\u00e8me jour :<\/strong><\/p>\n<ul>\n<li>La reine N\u00e9fertiti dans la vall\u00e9e des reines.<\/li>\n<li>Achats.<\/li>\n<li>OU visite du temple de Dendera<\/li>\n<li>Balade en montgolfi\u00e8re.<\/li>\n<\/ul>\n<p><strong>Les prix :<\/strong><\/p>\n<ul>\n<li><strong>Prix adulte = \u00e0 partir de 520$ par personne<\/strong>.<\/li>\n<li>Prix pour les enfants \u00ab\u00a05-12\u2033= 50%.<\/li>\n<li>pour les enfants \u00ab\u00a00-5\u2033= Gratuit.<\/li>\n<\/ul>\n<p><strong>Critiques :<\/strong><\/p>\n<p>consultez notre Google Map Reviews comme Meilleur <a href=\"https:\/\/g.page\/r\/CUeYvkngP3wkEBM\/review\">Tour Op\u00e9rateur \u00e0 Hurghada<\/a> en ligne \u00e0 <a href=\"https:\/\/hurghadalovers.com\/\">Hurghada<\/a> Egypte.<\/p>\n<p>&nbsp;<\/p>\n<p><strong>R\u00e9servation :<\/strong><\/p>\n<p>Envoyez l&rsquo;h\u00f4tel + le num\u00e9ro de la chambre + la photo du passeport \u00e0 WhatsApp : <strong>+201112596434<\/strong><\/p>\n<p>Si vous \u00eates en Egypte, r\u00e9servez d\u00e8s maintenant en ligne et confirmez votre arriv\u00e9e \u00e0 l&rsquo;h\u00f4tel.<\/p>\n<p>&nbsp;<\/p>\n<p>&nbsp;<\/p>\n","protected":false},"excerpt":{"rendered":"<p><strong>Circuit<\/strong> <strong>priv\u00e9 <\/strong> \u00e0<strong>Sahl Hasheesh<\/strong> <strong>vers Louxor<\/strong> et Assouan &#8211; 3 jours avec guide priv\u00e9, billets et d\u00e9jeuner. Un circuit sp\u00e9cial de 3 jours pour tous les amoureux de la civilisation ancienne de l&rsquo;\u00c9gypte<\/p>\n","protected":false},"featured_media":390887,"template":"","meta":{"_joinchat":[]},"product_brand":[],"product_cat":[29818],"product_tag":[53403,53405,53401,53421,53316,53432,53419,53424,53417,53395,53436,53393,53399,53426,52159,53429,53428,53434],"class_list":{"0":"post-391015","1":"product","2":"type-product","3":"status-publish","4":"has-post-thumbnail","6":"product_cat-tour-fr","7":"product_tag-activites-familiales-amusantes-a-sahl-hasheesh","8":"product_tag-activites-pour-les-adolescents-de-sahl-hasheesh","9":"product_tag-activites-romantiques-a-sahl-hasheesh","10":"product_tag-bus-de-sahl-hasheesh-a-louxor","11":"product_tag-choses-a-faire-en-famille-a-partir-de-sahl-hasheesh","12":"product_tag-de-sahl-hasheesh-a-la-vallee-des-rois","13":"product_tag-excursion-a-louxor-depuis-sahl-hasheesh","14":"product_tag-excursion-dune-journee-a-louxor-depuis-sahl-hasheesh","15":"product_tag-excursion-dune-journee-de-sahl-hasheesh-a-louxor","16":"product_tag-excursions-dune-journee-a-sahl-hasheesh-fr","17":"product_tag-montgolfiere-sahl-hasheesh","18":"product_tag-sahl-hasheesh-que-faire","19":"product_tag-sahl-hasheesh-romantic-tours-fr","20":"product_tag-sahl-hasheesh-tours-a-louxor","21":"product_tag-tours-prives-a-louxor","22":"product_tag-transfert-de-louxor-a-sahl-hasheesh","23":"product_tag-visite-de-louxor-depuis-sahl-hasheesh","24":"product_tag-visite-privee-de-louxor-depuis-sahl-hasheesh","25":"tour_category-louxor-excursions-dune-journee-depuis-sahl-hasheesh","26":"tour_category-que-faire-a-sahl-hasheesh","28":"first","29":"instock","30":"sale","31":"shipping-taxable","32":"purchasable","33":"product-type-tour"},"yoast_head":"<!-- This site is optimized with the Yoast SEO Premium plugin v26.9 (Yoast SEO v27.2) - https:\/\/yoast.com\/product\/yoast-seo-premium-wordpress\/ -->\n<title>Visite priv\u00e9e de Sahl Hasheesh \u00e0 Louxor et Assouan - 3 jours<\/title>\n<meta name=\"description\" content=\"Circuit priv\u00e9 \u00e0 Sahl Hasheesh vers Louxor et Assouan - 3 jours avec guide priv\u00e9, billets et d\u00e9jeuner. Un circuit sp\u00e9cial de 3 jours pour tous les amoureux de la civilisation antique\" \/>\n<meta name=\"robots\" content=\"index, follow, max-snippet:-1, max-image-preview:large, max-video-preview:-1\" \/>\n<link rel=\"canonical\" href=\"https:\/\/hurghadalovers.com\/fr\/tours\/private-sahl-hasheesh-tours-to-luxor-aswan-3-days\/\" \/>\n<meta property=\"og:locale\" content=\"fr_FR\" \/>\n<meta property=\"og:type\" content=\"article\" \/>\n<meta property=\"og:title\" content=\"Visite priv\u00e9e de Sahl Hasheesh \u00e0 Louxor et Assouan - 3 jours\" \/>\n<meta property=\"og:description\" content=\"Circuit priv\u00e9 \u00e0 Sahl Hasheesh vers Louxor et Assouan - 3 jours avec guide priv\u00e9, billets et d\u00e9jeuner. Un circuit sp\u00e9cial de 3 jours pour tous les amoureux de la civilisation antique\" \/>\n<meta property=\"og:url\" content=\"https:\/\/hurghadalovers.com\/fr\/tours\/private-sahl-hasheesh-tours-to-luxor-aswan-3-days\/\" \/>\n<meta property=\"og:site_name\" content=\"Hurghada Excursions &amp; Day Trips | Booking Best Prices Tours\" \/>\n<meta property=\"article:publisher\" content=\"https:\/\/www.facebook.com\/Hurghadaloversegypt\" \/>\n<meta property=\"article:modified_time\" content=\"2026-02-08T06:07:46+00:00\" \/>\n<meta property=\"og:image\" content=\"https:\/\/hurghadalovers.com\/wp-content\/uploads\/2023\/08\/Private-Sahl-Hasheesh-Tours-to-Luxor-Aswan-\u2013-3-Days.jpeg\" \/>\n\t<meta property=\"og:image:width\" content=\"1536\" \/>\n\t<meta property=\"og:image:height\" content=\"850\" \/>\n\t<meta property=\"og:image:type\" content=\"image\/jpeg\" \/>\n<meta name=\"twitter:card\" content=\"summary_large_image\" \/>\n<meta name=\"twitter:label1\" content=\"Prix\" \/>\n\t<meta name=\"twitter:data1\" content=\"&euro;&nbsp;520\" \/>\n\t<meta name=\"twitter:label2\" content=\"Disponibilit\u00e9\" \/>\n\t<meta name=\"twitter:data2\" content=\"En stock\" \/>\n<script type=\"application\/ld+json\" class=\"yoast-schema-graph\">{\"@context\":\"https:\/\/schema.org\",\"@graph\":[{\"@type\":[\"WebPage\",\"ItemPage\"],\"@id\":\"https:\/\/hurghadalovers.com\/fr\/tours\/private-sahl-hasheesh-tours-to-luxor-aswan-3-days\/\",\"url\":\"https:\/\/hurghadalovers.com\/fr\/tours\/private-sahl-hasheesh-tours-to-luxor-aswan-3-days\/\",\"name\":\"Visite priv\u00e9e de Sahl Hasheesh \u00e0 Louxor et Assouan - 3 jours\",\"isPartOf\":{\"@id\":\"https:\/\/hurghadalovers.com\/fr\/#website\"},\"primaryImageOfPage\":{\"@id\":\"https:\/\/hurghadalovers.com\/fr\/tours\/private-sahl-hasheesh-tours-to-luxor-aswan-3-days\/#primaryimage\"},\"image\":{\"@id\":\"https:\/\/hurghadalovers.com\/fr\/tours\/private-sahl-hasheesh-tours-to-luxor-aswan-3-days\/#primaryimage\"},\"thumbnailUrl\":\"https:\/\/hurghadalovers.com\/wp-content\/uploads\/2023\/08\/Private-Sahl-Hasheesh-Tours-to-Luxor-Aswan-\u2013-3-Days.jpeg\",\"datePublished\":\"2023-08-31T14:42:46+00:00\",\"dateModified\":\"2026-02-08T06:07:46+00:00\",\"description\":\"Circuit priv\u00e9 \u00e0 Sahl Hasheesh vers Louxor et Assouan - 3 jours avec guide priv\u00e9, billets et d\u00e9jeuner. Un circuit sp\u00e9cial de 3 jours pour tous les amoureux de la civilisation antique\",\"breadcrumb\":{\"@id\":\"https:\/\/hurghadalovers.com\/fr\/tours\/private-sahl-hasheesh-tours-to-luxor-aswan-3-days\/#breadcrumb\"},\"inLanguage\":\"fr-FR\",\"potentialAction\":[{\"@type\":\"ReadAction\",\"target\":[\"https:\/\/hurghadalovers.com\/fr\/tours\/private-sahl-hasheesh-tours-to-luxor-aswan-3-days\/\"]}]},{\"@type\":\"ImageObject\",\"inLanguage\":\"fr-FR\",\"@id\":\"https:\/\/hurghadalovers.com\/fr\/tours\/private-sahl-hasheesh-tours-to-luxor-aswan-3-days\/#primaryimage\",\"url\":\"https:\/\/hurghadalovers.com\/wp-content\/uploads\/2023\/08\/Private-Sahl-Hasheesh-Tours-to-Luxor-Aswan-\u2013-3-Days.jpeg\",\"contentUrl\":\"https:\/\/hurghadalovers.com\/wp-content\/uploads\/2023\/08\/Private-Sahl-Hasheesh-Tours-to-Luxor-Aswan-\u2013-3-Days.jpeg\",\"width\":1536,\"height\":850,\"caption\":\"Visite priv\u00e9e de Sahl Hasheesh \u00e0 Louxor et Assouan - 3 jours\"},{\"@type\":\"BreadcrumbList\",\"@id\":\"https:\/\/hurghadalovers.com\/fr\/tours\/private-sahl-hasheesh-tours-to-luxor-aswan-3-days\/#breadcrumb\",\"itemListElement\":[{\"@type\":\"ListItem\",\"position\":1,\"name\":\"Home\",\"item\":\"https:\/\/hurghadalovers.com\/fr\/\"},{\"@type\":\"ListItem\",\"position\":2,\"name\":\"Shop\",\"item\":\"https:\/\/hurghadalovers.com\/fr\/shop\/\"},{\"@type\":\"ListItem\",\"position\":3,\"name\":\"Visite priv\u00e9e de Sahl Hasheesh \u00e0 Louxor et Assouan &#8211; 3 jours\"}]},{\"@type\":\"WebSite\",\"@id\":\"https:\/\/hurghadalovers.com\/fr\/#website\",\"url\":\"https:\/\/hurghadalovers.com\/fr\/\",\"name\":\"Hurghada Excursions & Day Trips | Booking Best Prices Tours\",\"description\":\"Hurghada Lovers - Best Tour Operator - Excursions &amp; Things to do for Family Day Trips with kids and Couples Romantic. Unique .Hidden gems\",\"publisher\":{\"@id\":\"https:\/\/hurghadalovers.com\/fr\/#organization\"},\"alternateName\":\"Hurghada Excursions\",\"potentialAction\":[{\"@type\":\"SearchAction\",\"target\":{\"@type\":\"EntryPoint\",\"urlTemplate\":\"https:\/\/hurghadalovers.com\/fr\/?s={search_term_string}\"},\"query-input\":{\"@type\":\"PropertyValueSpecification\",\"valueRequired\":true,\"valueName\":\"search_term_string\"}}],\"inLanguage\":\"fr-FR\"},{\"@type\":[\"Organization\",\"Place\",\"TravelAgency\"],\"@id\":\"https:\/\/hurghadalovers.com\/fr\/#organization\",\"name\":\"Hurghada Excursions\",\"url\":\"https:\/\/hurghadalovers.com\/fr\/\",\"logo\":{\"@id\":\"https:\/\/hurghadalovers.com\/fr\/tours\/private-sahl-hasheesh-tours-to-luxor-aswan-3-days\/#local-main-organization-logo\"},\"image\":{\"@id\":\"https:\/\/hurghadalovers.com\/fr\/tours\/private-sahl-hasheesh-tours-to-luxor-aswan-3-days\/#local-main-organization-logo\"},\"sameAs\":[\"https:\/\/www.facebook.com\/Hurghadaloversegypt\"],\"address\":{\"@id\":\"https:\/\/hurghadalovers.com\/fr\/tours\/private-sahl-hasheesh-tours-to-luxor-aswan-3-days\/#local-main-place-address\"},\"telephone\":[\"00201112596434\"],\"contactPoint\":{\"@type\":\"ContactPoint\",\"telephone\":\"00201112596434\",\"email\":\"weyouface@gmail.com\"},\"openingHoursSpecification\":{\"@type\":\"OpeningHoursSpecification\",\"dayOfWeek\":[\"Monday\",\"Tuesday\",\"Wednesday\",\"Thursday\",\"Friday\",\"Saturday\",\"Sunday\"],\"opens\":\"00:00\",\"closes\":\"23:59\"},\"email\":\"weyouface@gmail.com\",\"areaServed\":\"Luxor, Hurghada, El Gouna, Aswan, Sharm El Sheikh, Giza, Alexandria, Marsa Alam, Quseir, Soma Bay, Sahl Hasheesh, Red Sea, Makadi Bay, Cairo\",\"priceRange\":\"$\",\"currenciesAccepted\":\"euro\",\"paymentAccepted\":\"cash on site\"},{\"@type\":\"PostalAddress\",\"@id\":\"https:\/\/hurghadalovers.com\/fr\/tours\/private-sahl-hasheesh-tours-to-luxor-aswan-3-days\/#local-main-place-address\",\"streetAddress\":\"17 Banks street, Alkawther area, top nbk bank\",\"addressLocality\":\"hurghada\",\"postalCode\":\"84511\",\"addressRegion\":\"red sea\",\"addressCountry\":\"EG\"},{\"@type\":\"ImageObject\",\"inLanguage\":\"fr-FR\",\"@id\":\"https:\/\/hurghadalovers.com\/fr\/tours\/private-sahl-hasheesh-tours-to-luxor-aswan-3-days\/#local-main-organization-logo\",\"url\":\"https:\/\/hurghadalovers.com\/wp-content\/uploads\/2019\/10\/hurghada-excursions-logo.png\",\"contentUrl\":\"https:\/\/hurghadalovers.com\/wp-content\/uploads\/2019\/10\/hurghada-excursions-logo.png\",\"width\":272,\"height\":90,\"caption\":\"Hurghada Excursions\"}]}<\/script>\n<meta property=\"product:brand\" content=\"Louxor Excursions d&#039;une journ\u00e9e depuis Sahl Hasheesh\" \/>\n<meta property=\"product:price:amount\" content=\"520\" \/>\n<meta property=\"product:price:currency\" content=\"EUR\" \/>\n<meta property=\"og:availability\" content=\"instock\" \/>\n<meta property=\"product:availability\" content=\"instock\" \/>\n<meta property=\"product:retailer_item_id\" content=\"Sahl202024\" \/>\n<meta property=\"product:condition\" content=\"new\" \/>\n<meta name=\"geo.placename\" content=\"hurghada\" \/>\n<meta name=\"geo.region\" content=\"\u00c9gypte\" \/>\n<!-- \/ Yoast SEO Premium plugin. -->","yoast_head_json":{"title":"Visite priv\u00e9e de Sahl Hasheesh \u00e0 Louxor et Assouan - 3 jours","description":"Circuit priv\u00e9 \u00e0 Sahl Hasheesh vers Louxor et Assouan - 3 jours avec guide priv\u00e9, billets et d\u00e9jeuner. Un circuit sp\u00e9cial de 3 jours pour tous les amoureux de la civilisation antique","robots":{"index":"index","follow":"follow","max-snippet":"max-snippet:-1","max-image-preview":"max-image-preview:large","max-video-preview":"max-video-preview:-1"},"canonical":"https:\/\/hurghadalovers.com\/fr\/tours\/private-sahl-hasheesh-tours-to-luxor-aswan-3-days\/","og_locale":"fr_FR","og_type":"article","og_title":"Visite priv\u00e9e de Sahl Hasheesh \u00e0 Louxor et Assouan - 3 jours","og_description":"Circuit priv\u00e9 \u00e0 Sahl Hasheesh vers Louxor et Assouan - 3 jours avec guide priv\u00e9, billets et d\u00e9jeuner. Un circuit sp\u00e9cial de 3 jours pour tous les amoureux de la civilisation antique","og_url":"https:\/\/hurghadalovers.com\/fr\/tours\/private-sahl-hasheesh-tours-to-luxor-aswan-3-days\/","og_site_name":"Hurghada Excursions &amp; Day Trips | Booking Best Prices Tours","article_publisher":"https:\/\/www.facebook.com\/Hurghadaloversegypt","article_modified_time":"2026-02-08T06:07:46+00:00","og_image":[{"width":1536,"height":850,"url":"https:\/\/hurghadalovers.com\/wp-content\/uploads\/2023\/08\/Private-Sahl-Hasheesh-Tours-to-Luxor-Aswan-\u2013-3-Days.jpeg","type":"image\/jpeg"}],"twitter_card":"summary_large_image","twitter_misc":{"Prix":"&euro;&nbsp;520","Disponibilit\u00e9":"En stock"},"schema":{"@context":"https:\/\/schema.org","@graph":[{"@type":["WebPage","ItemPage"],"@id":"https:\/\/hurghadalovers.com\/fr\/tours\/private-sahl-hasheesh-tours-to-luxor-aswan-3-days\/","url":"https:\/\/hurghadalovers.com\/fr\/tours\/private-sahl-hasheesh-tours-to-luxor-aswan-3-days\/","name":"Visite priv\u00e9e de Sahl Hasheesh \u00e0 Louxor et Assouan - 3 jours","isPartOf":{"@id":"https:\/\/hurghadalovers.com\/fr\/#website"},"primaryImageOfPage":{"@id":"https:\/\/hurghadalovers.com\/fr\/tours\/private-sahl-hasheesh-tours-to-luxor-aswan-3-days\/#primaryimage"},"image":{"@id":"https:\/\/hurghadalovers.com\/fr\/tours\/private-sahl-hasheesh-tours-to-luxor-aswan-3-days\/#primaryimage"},"thumbnailUrl":"https:\/\/hurghadalovers.com\/wp-content\/uploads\/2023\/08\/Private-Sahl-Hasheesh-Tours-to-Luxor-Aswan-\u2013-3-Days.jpeg","datePublished":"2023-08-31T14:42:46+00:00","dateModified":"2026-02-08T06:07:46+00:00","description":"Circuit priv\u00e9 \u00e0 Sahl Hasheesh vers Louxor et Assouan - 3 jours avec guide priv\u00e9, billets et d\u00e9jeuner. Un circuit sp\u00e9cial de 3 jours pour tous les amoureux de la civilisation antique","breadcrumb":{"@id":"https:\/\/hurghadalovers.com\/fr\/tours\/private-sahl-hasheesh-tours-to-luxor-aswan-3-days\/#breadcrumb"},"inLanguage":"fr-FR","potentialAction":[{"@type":"ReadAction","target":["https:\/\/hurghadalovers.com\/fr\/tours\/private-sahl-hasheesh-tours-to-luxor-aswan-3-days\/"]}]},{"@type":"ImageObject","inLanguage":"fr-FR","@id":"https:\/\/hurghadalovers.com\/fr\/tours\/private-sahl-hasheesh-tours-to-luxor-aswan-3-days\/#primaryimage","url":"https:\/\/hurghadalovers.com\/wp-content\/uploads\/2023\/08\/Private-Sahl-Hasheesh-Tours-to-Luxor-Aswan-\u2013-3-Days.jpeg","contentUrl":"https:\/\/hurghadalovers.com\/wp-content\/uploads\/2023\/08\/Private-Sahl-Hasheesh-Tours-to-Luxor-Aswan-\u2013-3-Days.jpeg","width":1536,"height":850,"caption":"Visite priv\u00e9e de Sahl Hasheesh \u00e0 Louxor et Assouan - 3 jours"},{"@type":"BreadcrumbList","@id":"https:\/\/hurghadalovers.com\/fr\/tours\/private-sahl-hasheesh-tours-to-luxor-aswan-3-days\/#breadcrumb","itemListElement":[{"@type":"ListItem","position":1,"name":"Home","item":"https:\/\/hurghadalovers.com\/fr\/"},{"@type":"ListItem","position":2,"name":"Shop","item":"https:\/\/hurghadalovers.com\/fr\/shop\/"},{"@type":"ListItem","position":3,"name":"Visite priv\u00e9e de Sahl Hasheesh \u00e0 Louxor et Assouan &#8211; 3 jours"}]},{"@type":"WebSite","@id":"https:\/\/hurghadalovers.com\/fr\/#website","url":"https:\/\/hurghadalovers.com\/fr\/","name":"Hurghada Excursions & Day Trips | Booking Best Prices Tours","description":"Hurghada Lovers - Best Tour Operator - Excursions &amp; Things to do for Family Day Trips with kids and Couples Romantic. Unique .Hidden gems","publisher":{"@id":"https:\/\/hurghadalovers.com\/fr\/#organization"},"alternateName":"Hurghada Excursions","potentialAction":[{"@type":"SearchAction","target":{"@type":"EntryPoint","urlTemplate":"https:\/\/hurghadalovers.com\/fr\/?s={search_term_string}"},"query-input":{"@type":"PropertyValueSpecification","valueRequired":true,"valueName":"search_term_string"}}],"inLanguage":"fr-FR"},{"@type":["Organization","Place","TravelAgency"],"@id":"https:\/\/hurghadalovers.com\/fr\/#organization","name":"Hurghada Excursions","url":"https:\/\/hurghadalovers.com\/fr\/","logo":{"@id":"https:\/\/hurghadalovers.com\/fr\/tours\/private-sahl-hasheesh-tours-to-luxor-aswan-3-days\/#local-main-organization-logo"},"image":{"@id":"https:\/\/hurghadalovers.com\/fr\/tours\/private-sahl-hasheesh-tours-to-luxor-aswan-3-days\/#local-main-organization-logo"},"sameAs":["https:\/\/www.facebook.com\/Hurghadaloversegypt"],"address":{"@id":"https:\/\/hurghadalovers.com\/fr\/tours\/private-sahl-hasheesh-tours-to-luxor-aswan-3-days\/#local-main-place-address"},"telephone":["00201112596434"],"contactPoint":{"@type":"ContactPoint","telephone":"00201112596434","email":"weyouface@gmail.com"},"openingHoursSpecification":{"@type":"OpeningHoursSpecification","dayOfWeek":["Monday","Tuesday","Wednesday","Thursday","Friday","Saturday","Sunday"],"opens":"00:00","closes":"23:59"},"email":"weyouface@gmail.com","areaServed":"Luxor, Hurghada, El Gouna, Aswan, Sharm El Sheikh, Giza, Alexandria, Marsa Alam, Quseir, Soma Bay, Sahl Hasheesh, Red Sea, Makadi Bay, Cairo","priceRange":"$","currenciesAccepted":"euro","paymentAccepted":"cash on site"},{"@type":"PostalAddress","@id":"https:\/\/hurghadalovers.com\/fr\/tours\/private-sahl-hasheesh-tours-to-luxor-aswan-3-days\/#local-main-place-address","streetAddress":"17 Banks street, Alkawther area, top nbk bank","addressLocality":"hurghada","postalCode":"84511","addressRegion":"red sea","addressCountry":"EG"},{"@type":"ImageObject","inLanguage":"fr-FR","@id":"https:\/\/hurghadalovers.com\/fr\/tours\/private-sahl-hasheesh-tours-to-luxor-aswan-3-days\/#local-main-organization-logo","url":"https:\/\/hurghadalovers.com\/wp-content\/uploads\/2019\/10\/hurghada-excursions-logo.png","contentUrl":"https:\/\/hurghadalovers.com\/wp-content\/uploads\/2019\/10\/hurghada-excursions-logo.png","width":272,"height":90,"caption":"Hurghada Excursions"}]},"product_brand":"Louxor Excursions d'une journ\u00e9e depuis Sahl Hasheesh","product_price_amount":"520","product_price_currency":"EUR","og_availability":"instock","product_availability":"instock","product_retailer_item_id":"Sahl202024","product_condition":"new","geo.placename":"hurghada","geo.region":"\u00c9gypte"},"_links":{"self":[{"href":"https:\/\/hurghadalovers.com\/fr\/wp-json\/wp\/v2\/product\/391015","targetHints":{"allow":["GET"]}}],"collection":[{"href":"https:\/\/hurghadalovers.com\/fr\/wp-json\/wp\/v2\/product"}],"about":[{"href":"https:\/\/hurghadalovers.com\/fr\/wp-json\/wp\/v2\/types\/product"}],"wp:featuredmedia":[{"embeddable":true,"href":"https:\/\/hurghadalovers.com\/fr\/wp-json\/wp\/v2\/media\/390887"}],"wp:attachment":[{"href":"https:\/\/hurghadalovers.com\/fr\/wp-json\/wp\/v2\/media?parent=391015"}],"wp:term":[{"taxonomy":"product_brand","embeddable":true,"href":"https:\/\/hurghadalovers.com\/fr\/wp-json\/wp\/v2\/product_brand?post=391015"},{"taxonomy":"product_cat","embeddable":true,"href":"https:\/\/hurghadalovers.com\/fr\/wp-json\/wp\/v2\/product_cat?post=391015"},{"taxonomy":"product_tag","embeddable":true,"href":"https:\/\/hurghadalovers.com\/fr\/wp-json\/wp\/v2\/product_tag?post=391015"}],"curies":[{"name":"wp","href":"https:\/\/api.w.org\/{rel}","templated":true}]}}