{"id":387966,"date":"2023-08-30T08:51:26","date_gmt":"2023-08-30T08:51:26","guid":{"rendered":"https:\/\/hurghadalovers.com\/shop\/non class\u00e9\/excursion-en-bateau-de-plongee-en-apnee-dans-la-baie-de-makadi\/"},"modified":"2026-02-08T15:33:32","modified_gmt":"2026-02-08T15:33:32","slug":"excursion-en-bateau-de-plongee-avec-tuba-depuis-la-baie-de-makadi","status":"publish","type":"product","link":"https:\/\/hurghadalovers.com\/fr\/tours\/excursion-en-bateau-de-plongee-avec-tuba-depuis-la-baie-de-makadi\/","title":{"rendered":"Excursion en bateau de plong\u00e9e en apn\u00e9e dans la baie de Makadi"},"content":{"rendered":"<p><strong>Excursion en bateau de plong\u00e9e en apn\u00e9e dans la baie de Makadi<\/strong> avec sports nautiques et d\u00e9jeuner, transfert.<\/p>\n<p style=\"text-align: center;\"><span style=\"color: #33cccc;\">Les plus belles baies de Makadi <strong>Activit\u00e9s familiales<\/strong>, <strong>choses \u00e0 faire avec les enfants<\/strong>, les personnes \u00e2g\u00e9es, les <strong>lunes de miel<\/strong> et les <strong>couples<\/strong>.<\/span><\/p>\n<p><strong>Faits marquants :<\/strong><\/p>\n<ul>\n<li>2 sites de plong\u00e9e avec masque et tuba sur le r\u00e9cif de House Reef.<\/li>\n<li>Sports nautiques \u00ab\u00a0Banana et Quattro\u00a0\u00bb.<\/li>\n<\/ul>\n<p><strong>D\u00e9tails :<\/strong><\/p>\n<ul>\n<li>Disponibilit\u00e9 des visites : Tous les jours.<\/li>\n<li>Type d&rsquo;excursion : Groupe.<\/li>\n<li>Heure de prise en charge : \u00e0 partir de 07:30 A.M.<\/li>\n<li>Heure de prise en charge : 17h00.<\/li>\n<li>Accessible aux fauteuils roulants.<\/li>\n<li>Dur\u00e9e : 8 heures<\/li>\n<\/ul>\n<p><strong>R\u00e9servez maintenant et payez plus tard :<\/strong><\/p>\n<ul>\n<li>Paiement en esp\u00e8ces sur place pour le guide.<\/li>\n<li>Paiement en livres \u00e9gyptiennes, $, \u20ac ou \u00a3.<\/li>\n<\/ul>\n<p><strong>Politique d&rsquo;annulation :<\/strong><\/p>\n<ul>\n<li>vous annulez jusqu&rsquo;\u00e0 24 heures \u00e0 l&rsquo;avance.<\/li>\n<li>Si l&rsquo;un des membres de votre famille annule la matin\u00e9e, vous payez 50 % des frais.<\/li>\n<\/ul>\n<p><strong>Qu&rsquo;est-ce qui est inclus ?<\/strong><\/p>\n<ul>\n<li>Transfert depuis les h\u00f4tels de la baie de Makadi \u00ab\u00a0Prise en charge et retour \u00e0 l&rsquo;h\u00f4tel\u00a0\u00bb.<\/li>\n<li>Toutes les taxes, les droits d&rsquo;entr\u00e9e et les frais de manutention.<\/li>\n<li>Guide touristique.<\/li>\n<li>Eau min\u00e9rale + Cola + Lait + Caf\u00e9\/Th\u00e9.<\/li>\n<li>2 sites de plong\u00e9e avec masque et tuba<\/li>\n<li>Sports nautiques \u00ab\u00a0Banana, Sofa boat\u00a0\u00bb.<\/li>\n<li>\u00c9quipement de plong\u00e9e avec tuba \u00ab\u00a0masques et palmes\u00a0\u00bb.<\/li>\n<li>D\u00e9jeuner buffet sur le bateau.<\/li>\n<li>Gilets de sauvetage.<\/li>\n<\/ul>\n<p><strong>Exclusions ?<\/strong><\/p>\n<ul>\n<li>Pourboires.<\/li>\n<li>Photographie et photos pour le voyage.<\/li>\n<li>Nous proposons la location de maillots de bain pour femmes, hommes et enfants de toutes tailles \u00a0\u00bb 5$ par personne \u00ab\u00a0.<\/li>\n<li>Tous les extras non mentionn\u00e9s.<\/li>\n<\/ul>\n<p><strong>Les prix :<\/strong><\/p>\n<ul>\n<li><strong>Prix adulte = 30$ par personne<\/strong>.<\/li>\n<li>Prix pour les enfants \u00ab\u00a03-10\u2033= 50%.<\/li>\n<li>pour les enfants \u00ab\u00a00-3\u2033= Gratuit.<\/li>\n<\/ul>\n<p><strong>Critiques :<\/strong><\/p>\n<p>consultez notre Google Map Reviews comme Meilleur <a href=\"https:\/\/g.page\/r\/CUeYvkngP3wkEBM\/review\">Tour Op\u00e9rateur \u00e0 Hurghada<\/a> en ligne \u00e0 <a href=\"https:\/\/hurghadalovers.com\/\">Hurghada<\/a> Egypte.<\/p>\n<p>&nbsp;<\/p>\n<p><strong>R\u00e9servation :<\/strong><\/p>\n<p>Envoyez l&rsquo;h\u00f4tel + le num\u00e9ro de la chambre + la photo du passeport \u00e0 WhatsApp : <strong>+201112596434<\/strong><\/p>\n<p>Si vous \u00eates en Egypte, r\u00e9servez d\u00e8s maintenant en ligne et confirmez votre arriv\u00e9e \u00e0 l&rsquo;h\u00f4tel.<\/p>\n<p>&nbsp;<\/p>\n<p>&nbsp;<\/p>\n","protected":false},"excerpt":{"rendered":"<p><strong>Excursion en bateau de plong\u00e9e en apn\u00e9e depuis la <\/strong><strong>baie de Makadi<\/strong> avec sports nautiques et d\u00e9jeuner, transfert.<\/p>\n<p style=\"text-align: center;\"><span style=\"color: #33cccc;\">Les plus belles baies de Makadi <strong>Activit\u00e9s familiales<\/strong>, <strong>choses \u00e0 faire avec les enfants<\/strong>, les personnes \u00e2g\u00e9es, les <strong>lunes de miel<\/strong> et les <strong>couples<\/strong>.<\/span><\/p>\n<p>&nbsp;<\/p>\n","protected":false},"featured_media":387892,"template":"","meta":{"_joinchat":[]},"product_brand":[],"product_cat":[29818],"product_tag":[],"class_list":{"0":"post-387966","1":"product","2":"type-product","3":"status-publish","4":"has-post-thumbnail","6":"product_cat-tour-fr","7":"tour_category-plongee-sous-marine-a-makadi-bay","8":"tour_category-que-faire-a-makadi-bay","10":"first","11":"instock","12":"sale","13":"shipping-taxable","14":"purchasable","15":"product-type-tour"},"yoast_head":"<!-- This site is optimized with the Yoast SEO Premium plugin v26.9 (Yoast SEO v27.2) - https:\/\/yoast.com\/product\/yoast-seo-premium-wordpress\/ -->\n<title>Excursion en bateau dans la baie de Makadi avec plong\u00e9e en apn\u00e9e et sports nautiques<\/title>\n<meta name=\"description\" content=\"Excursion en bateau de plong\u00e9e en apn\u00e9e dans la baie de Makadi avec sports nautiques et d\u00e9jeuner, transfert. Les plus belles baies de Makadi Activit\u00e9s familiales, Choses \u00e0 faire avec les enfants\" \/>\n<meta name=\"robots\" content=\"index, follow, max-snippet:-1, max-image-preview:large, max-video-preview:-1\" \/>\n<link rel=\"canonical\" href=\"https:\/\/hurghadalovers.com\/fr\/tours\/excursion-en-bateau-de-plongee-avec-tuba-depuis-la-baie-de-makadi\/\" \/>\n<meta property=\"og:locale\" content=\"fr_FR\" \/>\n<meta property=\"og:type\" content=\"article\" \/>\n<meta property=\"og:title\" content=\"Excursion en bateau de plong\u00e9e en apn\u00e9e dans la baie de Makadi\" \/>\n<meta property=\"og:description\" content=\"Excursion en bateau de plong\u00e9e en apn\u00e9e dans la baie de Makadi avec sports nautiques et d\u00e9jeuner, transfert. Les plus belles baies de Makadi Activit\u00e9s familiales, Choses \u00e0 faire avec les enfants\" \/>\n<meta property=\"og:url\" content=\"https:\/\/hurghadalovers.com\/fr\/tours\/excursion-en-bateau-de-plongee-avec-tuba-depuis-la-baie-de-makadi\/\" \/>\n<meta property=\"og:site_name\" content=\"Hurghada Excursions &amp; Day Trips | Booking Best Prices Tours\" \/>\n<meta property=\"article:publisher\" content=\"https:\/\/www.facebook.com\/Hurghadaloversegypt\" \/>\n<meta property=\"article:modified_time\" content=\"2026-02-08T15:33:32+00:00\" \/>\n<meta property=\"og:image\" content=\"https:\/\/hurghadalovers.com\/wp-content\/uploads\/2023\/08\/Makadi-Bay-Snorkeling-Boat-Trip.jpeg\" \/>\n\t<meta property=\"og:image:width\" content=\"1156\" \/>\n\t<meta property=\"og:image:height\" content=\"867\" \/>\n\t<meta property=\"og:image:type\" content=\"image\/jpeg\" \/>\n<meta name=\"twitter:card\" content=\"summary_large_image\" \/>\n<meta name=\"twitter:label1\" content=\"Prix\" \/>\n\t<meta name=\"twitter:data1\" content=\"&euro;&nbsp;30\" \/>\n\t<meta name=\"twitter:label2\" content=\"Disponibilit\u00e9\" \/>\n\t<meta name=\"twitter:data2\" content=\"En stock\" \/>\n<script type=\"application\/ld+json\" class=\"yoast-schema-graph\">{\"@context\":\"https:\/\/schema.org\",\"@graph\":[{\"@type\":[\"WebPage\",\"ItemPage\"],\"@id\":\"https:\/\/hurghadalovers.com\/fr\/tours\/excursion-en-bateau-de-plongee-avec-tuba-depuis-la-baie-de-makadi\/\",\"url\":\"https:\/\/hurghadalovers.com\/fr\/tours\/excursion-en-bateau-de-plongee-avec-tuba-depuis-la-baie-de-makadi\/\",\"name\":\"Excursion en bateau dans la baie de Makadi avec plong\u00e9e en apn\u00e9e et sports nautiques\",\"isPartOf\":{\"@id\":\"https:\/\/hurghadalovers.com\/fr\/#website\"},\"primaryImageOfPage\":{\"@id\":\"https:\/\/hurghadalovers.com\/fr\/tours\/excursion-en-bateau-de-plongee-avec-tuba-depuis-la-baie-de-makadi\/#primaryimage\"},\"image\":{\"@id\":\"https:\/\/hurghadalovers.com\/fr\/tours\/excursion-en-bateau-de-plongee-avec-tuba-depuis-la-baie-de-makadi\/#primaryimage\"},\"thumbnailUrl\":\"https:\/\/hurghadalovers.com\/wp-content\/uploads\/2023\/08\/Makadi-Bay-Snorkeling-Boat-Trip.jpeg\",\"datePublished\":\"2023-08-30T08:51:26+00:00\",\"dateModified\":\"2026-02-08T15:33:32+00:00\",\"description\":\"Excursion en bateau de plong\u00e9e en apn\u00e9e dans la baie de Makadi avec sports nautiques et d\u00e9jeuner, transfert. Les plus belles baies de Makadi Activit\u00e9s familiales, Choses \u00e0 faire avec les enfants\",\"breadcrumb\":{\"@id\":\"https:\/\/hurghadalovers.com\/fr\/tours\/excursion-en-bateau-de-plongee-avec-tuba-depuis-la-baie-de-makadi\/#breadcrumb\"},\"inLanguage\":\"fr-FR\",\"potentialAction\":[{\"@type\":\"ReadAction\",\"target\":[\"https:\/\/hurghadalovers.com\/fr\/tours\/excursion-en-bateau-de-plongee-avec-tuba-depuis-la-baie-de-makadi\/\"]}]},{\"@type\":\"ImageObject\",\"inLanguage\":\"fr-FR\",\"@id\":\"https:\/\/hurghadalovers.com\/fr\/tours\/excursion-en-bateau-de-plongee-avec-tuba-depuis-la-baie-de-makadi\/#primaryimage\",\"url\":\"https:\/\/hurghadalovers.com\/wp-content\/uploads\/2023\/08\/Makadi-Bay-Snorkeling-Boat-Trip.jpeg\",\"contentUrl\":\"https:\/\/hurghadalovers.com\/wp-content\/uploads\/2023\/08\/Makadi-Bay-Snorkeling-Boat-Trip.jpeg\",\"width\":1156,\"height\":867,\"caption\":\"Excursion en bateau de plong\u00e9e en apn\u00e9e dans la baie de Makadi\"},{\"@type\":\"BreadcrumbList\",\"@id\":\"https:\/\/hurghadalovers.com\/fr\/tours\/excursion-en-bateau-de-plongee-avec-tuba-depuis-la-baie-de-makadi\/#breadcrumb\",\"itemListElement\":[{\"@type\":\"ListItem\",\"position\":1,\"name\":\"Home\",\"item\":\"https:\/\/hurghadalovers.com\/fr\/\"},{\"@type\":\"ListItem\",\"position\":2,\"name\":\"Shop\",\"item\":\"https:\/\/hurghadalovers.com\/fr\/shop\/\"},{\"@type\":\"ListItem\",\"position\":3,\"name\":\"Excursion en bateau de plong\u00e9e en apn\u00e9e dans la baie de Makadi\"}]},{\"@type\":\"WebSite\",\"@id\":\"https:\/\/hurghadalovers.com\/fr\/#website\",\"url\":\"https:\/\/hurghadalovers.com\/fr\/\",\"name\":\"Hurghada Excursions & Day Trips | Booking Best Prices Tours\",\"description\":\"Hurghada Lovers - Best Tour Operator - Excursions &amp; Things to do for Family Day Trips with kids and Couples Romantic. Unique .Hidden gems\",\"publisher\":{\"@id\":\"https:\/\/hurghadalovers.com\/fr\/#organization\"},\"alternateName\":\"Hurghada Excursions\",\"potentialAction\":[{\"@type\":\"SearchAction\",\"target\":{\"@type\":\"EntryPoint\",\"urlTemplate\":\"https:\/\/hurghadalovers.com\/fr\/?s={search_term_string}\"},\"query-input\":{\"@type\":\"PropertyValueSpecification\",\"valueRequired\":true,\"valueName\":\"search_term_string\"}}],\"inLanguage\":\"fr-FR\"},{\"@type\":[\"Organization\",\"Place\",\"TravelAgency\"],\"@id\":\"https:\/\/hurghadalovers.com\/fr\/#organization\",\"name\":\"Hurghada Excursions\",\"url\":\"https:\/\/hurghadalovers.com\/fr\/\",\"logo\":{\"@id\":\"https:\/\/hurghadalovers.com\/fr\/tours\/excursion-en-bateau-de-plongee-avec-tuba-depuis-la-baie-de-makadi\/#local-main-organization-logo\"},\"image\":{\"@id\":\"https:\/\/hurghadalovers.com\/fr\/tours\/excursion-en-bateau-de-plongee-avec-tuba-depuis-la-baie-de-makadi\/#local-main-organization-logo\"},\"sameAs\":[\"https:\/\/www.facebook.com\/Hurghadaloversegypt\"],\"address\":{\"@id\":\"https:\/\/hurghadalovers.com\/fr\/tours\/excursion-en-bateau-de-plongee-avec-tuba-depuis-la-baie-de-makadi\/#local-main-place-address\"},\"telephone\":[\"00201112596434\"],\"contactPoint\":{\"@type\":\"ContactPoint\",\"telephone\":\"00201112596434\",\"email\":\"weyouface@gmail.com\"},\"openingHoursSpecification\":{\"@type\":\"OpeningHoursSpecification\",\"dayOfWeek\":[\"Monday\",\"Tuesday\",\"Wednesday\",\"Thursday\",\"Friday\",\"Saturday\",\"Sunday\"],\"opens\":\"00:00\",\"closes\":\"23:59\"},\"email\":\"weyouface@gmail.com\",\"areaServed\":\"Luxor, Hurghada, El Gouna, Aswan, Sharm El Sheikh, Giza, Alexandria, Marsa Alam, Quseir, Soma Bay, Sahl Hasheesh, Red Sea, Makadi Bay, Cairo\",\"priceRange\":\"$\",\"currenciesAccepted\":\"euro\",\"paymentAccepted\":\"cash on site\"},{\"@type\":\"PostalAddress\",\"@id\":\"https:\/\/hurghadalovers.com\/fr\/tours\/excursion-en-bateau-de-plongee-avec-tuba-depuis-la-baie-de-makadi\/#local-main-place-address\",\"streetAddress\":\"17 Banks street, Alkawther area, top nbk bank\",\"addressLocality\":\"hurghada\",\"postalCode\":\"84511\",\"addressRegion\":\"red sea\",\"addressCountry\":\"EG\"},{\"@type\":\"ImageObject\",\"inLanguage\":\"fr-FR\",\"@id\":\"https:\/\/hurghadalovers.com\/fr\/tours\/excursion-en-bateau-de-plongee-avec-tuba-depuis-la-baie-de-makadi\/#local-main-organization-logo\",\"url\":\"https:\/\/hurghadalovers.com\/wp-content\/uploads\/2019\/10\/hurghada-excursions-logo.png\",\"contentUrl\":\"https:\/\/hurghadalovers.com\/wp-content\/uploads\/2019\/10\/hurghada-excursions-logo.png\",\"width\":272,\"height\":90,\"caption\":\"Hurghada Excursions\"}]}<\/script>\n<meta property=\"product:brand\" content=\"Plong\u00e9e sous-marine \u00e0 Makadi bay\" \/>\n<meta property=\"product:price:amount\" content=\"30\" \/>\n<meta property=\"product:price:currency\" content=\"EUR\" \/>\n<meta property=\"og:availability\" content=\"instock\" \/>\n<meta property=\"product:availability\" content=\"instock\" \/>\n<meta property=\"product:retailer_item_id\" content=\"MakadiSnorkeling052024\" \/>\n<meta property=\"product:condition\" content=\"new\" \/>\n<meta name=\"geo.placename\" content=\"hurghada\" \/>\n<meta name=\"geo.region\" content=\"\u00c9gypte\" \/>\n<!-- \/ Yoast SEO Premium plugin. -->","yoast_head_json":{"title":"Excursion en bateau dans la baie de Makadi avec plong\u00e9e en apn\u00e9e et sports nautiques","description":"Excursion en bateau de plong\u00e9e en apn\u00e9e dans la baie de Makadi avec sports nautiques et d\u00e9jeuner, transfert. Les plus belles baies de Makadi Activit\u00e9s familiales, Choses \u00e0 faire avec les enfants","robots":{"index":"index","follow":"follow","max-snippet":"max-snippet:-1","max-image-preview":"max-image-preview:large","max-video-preview":"max-video-preview:-1"},"canonical":"https:\/\/hurghadalovers.com\/fr\/tours\/excursion-en-bateau-de-plongee-avec-tuba-depuis-la-baie-de-makadi\/","og_locale":"fr_FR","og_type":"article","og_title":"Excursion en bateau de plong\u00e9e en apn\u00e9e dans la baie de Makadi","og_description":"Excursion en bateau de plong\u00e9e en apn\u00e9e dans la baie de Makadi avec sports nautiques et d\u00e9jeuner, transfert. Les plus belles baies de Makadi Activit\u00e9s familiales, Choses \u00e0 faire avec les enfants","og_url":"https:\/\/hurghadalovers.com\/fr\/tours\/excursion-en-bateau-de-plongee-avec-tuba-depuis-la-baie-de-makadi\/","og_site_name":"Hurghada Excursions &amp; Day Trips | Booking Best Prices Tours","article_publisher":"https:\/\/www.facebook.com\/Hurghadaloversegypt","article_modified_time":"2026-02-08T15:33:32+00:00","og_image":[{"width":1156,"height":867,"url":"https:\/\/hurghadalovers.com\/wp-content\/uploads\/2023\/08\/Makadi-Bay-Snorkeling-Boat-Trip.jpeg","type":"image\/jpeg"}],"twitter_card":"summary_large_image","twitter_misc":{"Prix":"&euro;&nbsp;30","Disponibilit\u00e9":"En stock"},"schema":{"@context":"https:\/\/schema.org","@graph":[{"@type":["WebPage","ItemPage"],"@id":"https:\/\/hurghadalovers.com\/fr\/tours\/excursion-en-bateau-de-plongee-avec-tuba-depuis-la-baie-de-makadi\/","url":"https:\/\/hurghadalovers.com\/fr\/tours\/excursion-en-bateau-de-plongee-avec-tuba-depuis-la-baie-de-makadi\/","name":"Excursion en bateau dans la baie de Makadi avec plong\u00e9e en apn\u00e9e et sports nautiques","isPartOf":{"@id":"https:\/\/hurghadalovers.com\/fr\/#website"},"primaryImageOfPage":{"@id":"https:\/\/hurghadalovers.com\/fr\/tours\/excursion-en-bateau-de-plongee-avec-tuba-depuis-la-baie-de-makadi\/#primaryimage"},"image":{"@id":"https:\/\/hurghadalovers.com\/fr\/tours\/excursion-en-bateau-de-plongee-avec-tuba-depuis-la-baie-de-makadi\/#primaryimage"},"thumbnailUrl":"https:\/\/hurghadalovers.com\/wp-content\/uploads\/2023\/08\/Makadi-Bay-Snorkeling-Boat-Trip.jpeg","datePublished":"2023-08-30T08:51:26+00:00","dateModified":"2026-02-08T15:33:32+00:00","description":"Excursion en bateau de plong\u00e9e en apn\u00e9e dans la baie de Makadi avec sports nautiques et d\u00e9jeuner, transfert. Les plus belles baies de Makadi Activit\u00e9s familiales, Choses \u00e0 faire avec les enfants","breadcrumb":{"@id":"https:\/\/hurghadalovers.com\/fr\/tours\/excursion-en-bateau-de-plongee-avec-tuba-depuis-la-baie-de-makadi\/#breadcrumb"},"inLanguage":"fr-FR","potentialAction":[{"@type":"ReadAction","target":["https:\/\/hurghadalovers.com\/fr\/tours\/excursion-en-bateau-de-plongee-avec-tuba-depuis-la-baie-de-makadi\/"]}]},{"@type":"ImageObject","inLanguage":"fr-FR","@id":"https:\/\/hurghadalovers.com\/fr\/tours\/excursion-en-bateau-de-plongee-avec-tuba-depuis-la-baie-de-makadi\/#primaryimage","url":"https:\/\/hurghadalovers.com\/wp-content\/uploads\/2023\/08\/Makadi-Bay-Snorkeling-Boat-Trip.jpeg","contentUrl":"https:\/\/hurghadalovers.com\/wp-content\/uploads\/2023\/08\/Makadi-Bay-Snorkeling-Boat-Trip.jpeg","width":1156,"height":867,"caption":"Excursion en bateau de plong\u00e9e en apn\u00e9e dans la baie de Makadi"},{"@type":"BreadcrumbList","@id":"https:\/\/hurghadalovers.com\/fr\/tours\/excursion-en-bateau-de-plongee-avec-tuba-depuis-la-baie-de-makadi\/#breadcrumb","itemListElement":[{"@type":"ListItem","position":1,"name":"Home","item":"https:\/\/hurghadalovers.com\/fr\/"},{"@type":"ListItem","position":2,"name":"Shop","item":"https:\/\/hurghadalovers.com\/fr\/shop\/"},{"@type":"ListItem","position":3,"name":"Excursion en bateau de plong\u00e9e en apn\u00e9e dans la baie de Makadi"}]},{"@type":"WebSite","@id":"https:\/\/hurghadalovers.com\/fr\/#website","url":"https:\/\/hurghadalovers.com\/fr\/","name":"Hurghada Excursions & Day Trips | Booking Best Prices Tours","description":"Hurghada Lovers - Best Tour Operator - Excursions &amp; Things to do for Family Day Trips with kids and Couples Romantic. Unique .Hidden gems","publisher":{"@id":"https:\/\/hurghadalovers.com\/fr\/#organization"},"alternateName":"Hurghada Excursions","potentialAction":[{"@type":"SearchAction","target":{"@type":"EntryPoint","urlTemplate":"https:\/\/hurghadalovers.com\/fr\/?s={search_term_string}"},"query-input":{"@type":"PropertyValueSpecification","valueRequired":true,"valueName":"search_term_string"}}],"inLanguage":"fr-FR"},{"@type":["Organization","Place","TravelAgency"],"@id":"https:\/\/hurghadalovers.com\/fr\/#organization","name":"Hurghada Excursions","url":"https:\/\/hurghadalovers.com\/fr\/","logo":{"@id":"https:\/\/hurghadalovers.com\/fr\/tours\/excursion-en-bateau-de-plongee-avec-tuba-depuis-la-baie-de-makadi\/#local-main-organization-logo"},"image":{"@id":"https:\/\/hurghadalovers.com\/fr\/tours\/excursion-en-bateau-de-plongee-avec-tuba-depuis-la-baie-de-makadi\/#local-main-organization-logo"},"sameAs":["https:\/\/www.facebook.com\/Hurghadaloversegypt"],"address":{"@id":"https:\/\/hurghadalovers.com\/fr\/tours\/excursion-en-bateau-de-plongee-avec-tuba-depuis-la-baie-de-makadi\/#local-main-place-address"},"telephone":["00201112596434"],"contactPoint":{"@type":"ContactPoint","telephone":"00201112596434","email":"weyouface@gmail.com"},"openingHoursSpecification":{"@type":"OpeningHoursSpecification","dayOfWeek":["Monday","Tuesday","Wednesday","Thursday","Friday","Saturday","Sunday"],"opens":"00:00","closes":"23:59"},"email":"weyouface@gmail.com","areaServed":"Luxor, Hurghada, El Gouna, Aswan, Sharm El Sheikh, Giza, Alexandria, Marsa Alam, Quseir, Soma Bay, Sahl Hasheesh, Red Sea, Makadi Bay, Cairo","priceRange":"$","currenciesAccepted":"euro","paymentAccepted":"cash on site"},{"@type":"PostalAddress","@id":"https:\/\/hurghadalovers.com\/fr\/tours\/excursion-en-bateau-de-plongee-avec-tuba-depuis-la-baie-de-makadi\/#local-main-place-address","streetAddress":"17 Banks street, Alkawther area, top nbk bank","addressLocality":"hurghada","postalCode":"84511","addressRegion":"red sea","addressCountry":"EG"},{"@type":"ImageObject","inLanguage":"fr-FR","@id":"https:\/\/hurghadalovers.com\/fr\/tours\/excursion-en-bateau-de-plongee-avec-tuba-depuis-la-baie-de-makadi\/#local-main-organization-logo","url":"https:\/\/hurghadalovers.com\/wp-content\/uploads\/2019\/10\/hurghada-excursions-logo.png","contentUrl":"https:\/\/hurghadalovers.com\/wp-content\/uploads\/2019\/10\/hurghada-excursions-logo.png","width":272,"height":90,"caption":"Hurghada Excursions"}]},"product_brand":"Plong\u00e9e sous-marine \u00e0 Makadi bay","product_price_amount":"30","product_price_currency":"EUR","og_availability":"instock","product_availability":"instock","product_retailer_item_id":"MakadiSnorkeling052024","product_condition":"new","geo.placename":"hurghada","geo.region":"\u00c9gypte"},"_links":{"self":[{"href":"https:\/\/hurghadalovers.com\/fr\/wp-json\/wp\/v2\/product\/387966","targetHints":{"allow":["GET"]}}],"collection":[{"href":"https:\/\/hurghadalovers.com\/fr\/wp-json\/wp\/v2\/product"}],"about":[{"href":"https:\/\/hurghadalovers.com\/fr\/wp-json\/wp\/v2\/types\/product"}],"wp:featuredmedia":[{"embeddable":true,"href":"https:\/\/hurghadalovers.com\/fr\/wp-json\/wp\/v2\/media\/387892"}],"wp:attachment":[{"href":"https:\/\/hurghadalovers.com\/fr\/wp-json\/wp\/v2\/media?parent=387966"}],"wp:term":[{"taxonomy":"product_brand","embeddable":true,"href":"https:\/\/hurghadalovers.com\/fr\/wp-json\/wp\/v2\/product_brand?post=387966"},{"taxonomy":"product_cat","embeddable":true,"href":"https:\/\/hurghadalovers.com\/fr\/wp-json\/wp\/v2\/product_cat?post=387966"},{"taxonomy":"product_tag","embeddable":true,"href":"https:\/\/hurghadalovers.com\/fr\/wp-json\/wp\/v2\/product_tag?post=387966"}],"curies":[{"name":"wp","href":"https:\/\/api.w.org\/{rel}","templated":true}]}}