{"id":387837,"date":"2023-08-30T08:17:41","date_gmt":"2023-08-30T08:17:41","guid":{"rendered":"https:\/\/hurghadalovers.com\/shop\/non%20class\u00e9\/bateau-a-voile-pirates-vers-lile-dorange-bay-depuis-la-baie-de-makadi\/"},"modified":"2026-02-08T09:16:26","modified_gmt":"2026-02-08T09:16:26","slug":"pirates-bateau-a-voile-pour-orange-bay-island-de-makadi-bay","status":"publish","type":"product","link":"https:\/\/hurghadalovers.com\/fr\/tours\/pirates-bateau-a-voile-pour-orange-bay-island-de-makadi-bay\/","title":{"rendered":"Bateau \u00e0 voile Pirates vers l&rsquo;\u00eele d&rsquo;Orange Bay depuis la baie de Makadi"},"content":{"rendered":"<p><strong>Bateau \u00e0 voile Pirates vers l&rsquo;\u00eele d&rsquo;Orange Bay depuis la <\/strong><strong>baie de Makadi<\/strong> avec d\u00e9jeuner VIP.<\/p>\n<p>Si vous \u00eates \u00e0 la recherche de la plus  un <strong>voilier luxueux<\/strong> pour passer une journ\u00e9e sp\u00e9ciale et profiter d&rsquo;un plus grand nombre d&rsquo;activit\u00e9s.  la <strong>vie priv\u00e9e<\/strong>, la prosp\u00e9rit\u00e9 et  <strong>luxe<\/strong>, manger les plus beaux plats d\u00e9licieux, des crevettes et des fruits de mer, se baigner dans les plus belles piscines de l&rsquo;\u00eele.  de <strong>r\u00e9cifs coralliens<\/strong> et de se rendre sur les plus belles plages de l&rsquo;Europe.  <strong>Giftun Island<\/strong>, rejoignez-nous maintenant&#8230;<\/p>\n<p style=\"text-align: center;\"><span style=\"color: #00ccff;\">Les plus belles baies de Makadi <strong>Activit\u00e9s familiales<\/strong>, <strong>choses \u00e0 faire avec les enfants<\/strong>, les personnes \u00e2g\u00e9es, les <strong>lunes de miel<\/strong> et les <strong>couples<\/strong>.<\/span><\/p>\n<p>&nbsp;<\/p>\n<p><strong>Faits marquants :<\/strong><\/p>\n<ul>\n<li>One Spot Snorkeling House Reef.<\/li>\n<li>1 heure \u00e0 Orange Bay Island Beach.<\/li>\n<\/ul>\n<p><strong>Bateau \u00e0 voile Pirates vers l&rsquo;\u00eele de la baie d&rsquo;Orange \u00e0 partir de <\/strong><strong>la baie de Makadi<\/strong> <strong>D\u00e9tails :<\/strong><\/p>\n<ul>\n<li>Disponibilit\u00e9 des visites : Tous les jours.<\/li>\n<li>Type d&rsquo;excursion : Groupe.<\/li>\n<li>Heure de prise en charge : \u00e0 partir de 07:30 A.M.<\/li>\n<li>Heure de prise en charge : 15h00.<\/li>\n<li>Accessible aux fauteuils roulants.<\/li>\n<li>Dur\u00e9e : 6 heures<\/li>\n<\/ul>\n<p><strong>R\u00e9servez maintenant et payez plus tard :<\/strong><\/p>\n<ul>\n<li>Paiement en esp\u00e8ces sur place pour le guide.<\/li>\n<li>Paiement en livres \u00e9gyptiennes, $, \u20ac ou \u00a3.<\/li>\n<\/ul>\n<p><strong>Politique d&rsquo;annulation :<\/strong><\/p>\n<ul>\n<li>vous annulez jusqu&rsquo;\u00e0 24 heures \u00e0 l&rsquo;avance.<\/li>\n<li>Si l&rsquo;un des membres de votre famille annule la matin\u00e9e, vous payez 50 % des frais.<\/li>\n<\/ul>\n<p><strong>Qu&rsquo;est-ce qui est inclus ?<\/strong><\/p>\n<ul>\n<li>Transfert depuis les h\u00f4tels de la baie de Makadi \u00ab\u00a0Prise en charge et retour \u00e0 l&rsquo;h\u00f4tel\u00a0\u00bb.<\/li>\n<li>Toutes les taxes, les droits d&rsquo;entr\u00e9e et les frais de manutention.<\/li>\n<li>Guide touristique.<\/li>\n<li>Eau min\u00e9rale + Cola + Lait + Caf\u00e9\/Th\u00e9.<\/li>\n<li>1 Lieu de plong\u00e9e avec tuba.<\/li>\n<li>\u00c9quipement de plong\u00e9e avec tuba \u00ab\u00a0masques et palmes\u00a0\u00bb.<\/li>\n<li>1 heure \u00e0 <strong>Orange Bay Island<\/strong> <strong>Beach<\/strong>.<\/li>\n<li>D\u00e9jeuner buffet VIP sur le bateau \u00ab\u00a0Soupe de fruits de mer \/ 3 types de salades fra\u00eeches \/ riz, p\u00e2tes, pommes de terre \/ Crevettes, Calamars, Poissons, Poulet &amp; Kofta \/ Fruits frais de saison\u00a0\u00bb.<\/li>\n<li>Gilets de sauvetage.<\/li>\n<\/ul>\n<p><strong>Exclusions ?<\/strong><\/p>\n<ul>\n<li>Pourboires.<\/li>\n<li>Boissons au restaurant Orange Bay Island.<\/li>\n<li>Photographie et photos pour le voyage.<\/li>\n<li>Nous proposons la location de maillots de bain pour femmes, hommes et enfants de toutes tailles \u00a0\u00bb 5$ par personne \u00ab\u00a0.<\/li>\n<li>Tous les extras non mentionn\u00e9s.<\/li>\n<\/ul>\n<p><strong>Les prix :<\/strong><\/p>\n<ul>\n<li><strong>Prix adulte = 90$ par personne<\/strong>.<\/li>\n<li>Prix pour les enfants \u00ab\u00a03-10\u2033= 50%.<\/li>\n<li>pour les enfants \u00ab\u00a00-3\u2033= Gratuit.<\/li>\n<\/ul>\n<p><strong>Critiques :<\/strong><\/p>\n<p>consultez notre Google Map Reviews comme Meilleur <a href=\"https:\/\/g.page\/r\/CUeYvkngP3wkEBM\/review\">Tour Op\u00e9rateur \u00e0 Hurghada<\/a> en ligne \u00e0 <a href=\"https:\/\/hurghadalovers.com\/\">Hurghada<\/a> Egypte.<\/p>\n<p><strong>R\u00e9servation :<\/strong><\/p>\n<p>Envoyez l&rsquo;h\u00f4tel + le num\u00e9ro de la chambre + la photo du passeport \u00e0 WhatsApp : <strong>+201112596434<\/strong><\/p>\n<p>Si vous \u00eates en Egypte, r\u00e9servez d\u00e8s maintenant en ligne et confirmez votre arriv\u00e9e \u00e0 l&rsquo;h\u00f4tel.<\/p>\n<p>&nbsp;<\/p>\n<p>&nbsp;<\/p>\n","protected":false},"excerpt":{"rendered":"<p>Bateau \u00e0 voile Pirates vers l&rsquo;\u00eele d&rsquo;Orange Bay depuis la baie de Makadi avec d\u00e9jeuner VIP. Choses \u00e0 faire avec les enfants, les personnes \u00e2g\u00e9es, les lunes de miel et les couples. <span style=\"color: #00ccff;\">Les plus belles <strong>activit\u00e9s familiales de<\/strong> la baie de Makadi<\/span><\/p>\n","protected":false},"featured_media":387731,"template":"","meta":{"_joinchat":[]},"product_brand":[],"product_cat":[29818],"product_tag":[],"class_list":{"0":"post-387837","1":"product","2":"type-product","3":"status-publish","4":"has-post-thumbnail","6":"product_cat-tour-fr","7":"tour_category-plongee-sous-marine-a-makadi-bay","8":"tour_category-que-faire-a-makadi-bay","10":"first","11":"instock","12":"sale","13":"shipping-taxable","14":"purchasable","15":"product-type-tour"},"yoast_head":"<!-- This site is optimized with the Yoast SEO Premium plugin v26.9 (Yoast SEO v27.2) - https:\/\/yoast.com\/product\/yoast-seo-premium-wordpress\/ -->\n<title>Bateau \u00e0 voile Pirates vers l&#039;\u00eele d&#039;Orange Bay depuis Makadi Bay VIP<\/title>\n<meta name=\"description\" content=\"Bateau \u00e0 voile Pirates vers l&#039;\u00eele d&#039;Orange Bay depuis la baie de Makadi avec d\u00e9jeuner VIP. Choses \u00e0 faire avec des enfants, des personnes \u00e2g\u00e9es, en lune de miel ou en couple. Familial\" \/>\n<meta name=\"robots\" content=\"index, follow, max-snippet:-1, max-image-preview:large, max-video-preview:-1\" \/>\n<link rel=\"canonical\" href=\"https:\/\/hurghadalovers.com\/fr\/tours\/pirates-bateau-a-voile-pour-orange-bay-island-de-makadi-bay\/\" \/>\n<meta property=\"og:locale\" content=\"fr_FR\" \/>\n<meta property=\"og:type\" content=\"article\" \/>\n<meta property=\"og:title\" content=\"Bateau \u00e0 voile Pirates vers l&#039;\u00eele d&#039;Orange Bay depuis la baie de Makadi\" \/>\n<meta property=\"og:description\" content=\"Bateau \u00e0 voile Pirates vers l&#039;\u00eele d&#039;Orange Bay depuis la baie de Makadi avec d\u00e9jeuner VIP. Choses \u00e0 faire avec des enfants, des personnes \u00e2g\u00e9es, en lune de miel ou en couple. Familial\" \/>\n<meta property=\"og:url\" content=\"https:\/\/hurghadalovers.com\/fr\/tours\/pirates-bateau-a-voile-pour-orange-bay-island-de-makadi-bay\/\" \/>\n<meta property=\"og:site_name\" content=\"Hurghada Excursions &amp; Day Trips | Booking Best Prices Tours\" \/>\n<meta property=\"article:publisher\" content=\"https:\/\/www.facebook.com\/Hurghadaloversegypt\" \/>\n<meta property=\"article:modified_time\" content=\"2026-02-08T09:16:26+00:00\" \/>\n<meta property=\"og:image\" content=\"https:\/\/hurghadalovers.com\/wp-content\/uploads\/2023\/08\/Pirates-Sailing-Boat-to-Orange-bay-Island-from-Makadi-Bay-VIP.jpeg\" \/>\n\t<meta property=\"og:image:width\" content=\"1156\" \/>\n\t<meta property=\"og:image:height\" content=\"867\" \/>\n\t<meta property=\"og:image:type\" content=\"image\/jpeg\" \/>\n<meta name=\"twitter:card\" content=\"summary_large_image\" \/>\n<meta name=\"twitter:label1\" content=\"Prix\" \/>\n\t<meta name=\"twitter:data1\" content=\"&euro;&nbsp;90\" \/>\n\t<meta name=\"twitter:label2\" content=\"Disponibilit\u00e9\" \/>\n\t<meta name=\"twitter:data2\" content=\"En stock\" \/>\n<script type=\"application\/ld+json\" class=\"yoast-schema-graph\">{\"@context\":\"https:\/\/schema.org\",\"@graph\":[{\"@type\":[\"WebPage\",\"ItemPage\"],\"@id\":\"https:\/\/hurghadalovers.com\/fr\/tours\/pirates-bateau-a-voile-pour-orange-bay-island-de-makadi-bay\/\",\"url\":\"https:\/\/hurghadalovers.com\/fr\/tours\/pirates-bateau-a-voile-pour-orange-bay-island-de-makadi-bay\/\",\"name\":\"Bateau \u00e0 voile Pirates vers l'\u00eele d'Orange Bay depuis Makadi Bay VIP\",\"isPartOf\":{\"@id\":\"https:\/\/hurghadalovers.com\/fr\/#website\"},\"primaryImageOfPage\":{\"@id\":\"https:\/\/hurghadalovers.com\/fr\/tours\/pirates-bateau-a-voile-pour-orange-bay-island-de-makadi-bay\/#primaryimage\"},\"image\":{\"@id\":\"https:\/\/hurghadalovers.com\/fr\/tours\/pirates-bateau-a-voile-pour-orange-bay-island-de-makadi-bay\/#primaryimage\"},\"thumbnailUrl\":\"https:\/\/hurghadalovers.com\/wp-content\/uploads\/2023\/08\/Pirates-Sailing-Boat-to-Orange-bay-Island-from-Makadi-Bay-VIP.jpeg\",\"datePublished\":\"2023-08-30T08:17:41+00:00\",\"dateModified\":\"2026-02-08T09:16:26+00:00\",\"description\":\"Bateau \u00e0 voile Pirates vers l'\u00eele d'Orange Bay depuis la baie de Makadi avec d\u00e9jeuner VIP. Choses \u00e0 faire avec des enfants, des personnes \u00e2g\u00e9es, en lune de miel ou en couple. Familial\",\"breadcrumb\":{\"@id\":\"https:\/\/hurghadalovers.com\/fr\/tours\/pirates-bateau-a-voile-pour-orange-bay-island-de-makadi-bay\/#breadcrumb\"},\"inLanguage\":\"fr-FR\",\"potentialAction\":[{\"@type\":\"ReadAction\",\"target\":[\"https:\/\/hurghadalovers.com\/fr\/tours\/pirates-bateau-a-voile-pour-orange-bay-island-de-makadi-bay\/\"]}]},{\"@type\":\"ImageObject\",\"inLanguage\":\"fr-FR\",\"@id\":\"https:\/\/hurghadalovers.com\/fr\/tours\/pirates-bateau-a-voile-pour-orange-bay-island-de-makadi-bay\/#primaryimage\",\"url\":\"https:\/\/hurghadalovers.com\/wp-content\/uploads\/2023\/08\/Pirates-Sailing-Boat-to-Orange-bay-Island-from-Makadi-Bay-VIP.jpeg\",\"contentUrl\":\"https:\/\/hurghadalovers.com\/wp-content\/uploads\/2023\/08\/Pirates-Sailing-Boat-to-Orange-bay-Island-from-Makadi-Bay-VIP.jpeg\",\"width\":1156,\"height\":867,\"caption\":\"Pirates Sailing Boat to Orange bay Island from\u00a0Makadi Bay VIP\"},{\"@type\":\"BreadcrumbList\",\"@id\":\"https:\/\/hurghadalovers.com\/fr\/tours\/pirates-bateau-a-voile-pour-orange-bay-island-de-makadi-bay\/#breadcrumb\",\"itemListElement\":[{\"@type\":\"ListItem\",\"position\":1,\"name\":\"Home\",\"item\":\"https:\/\/hurghadalovers.com\/fr\/\"},{\"@type\":\"ListItem\",\"position\":2,\"name\":\"Shop\",\"item\":\"https:\/\/hurghadalovers.com\/fr\/shop\/\"},{\"@type\":\"ListItem\",\"position\":3,\"name\":\"Bateau \u00e0 voile Pirates vers l&#8217;\u00eele d&#8217;Orange Bay depuis la baie de Makadi\"}]},{\"@type\":\"WebSite\",\"@id\":\"https:\/\/hurghadalovers.com\/fr\/#website\",\"url\":\"https:\/\/hurghadalovers.com\/fr\/\",\"name\":\"Hurghada Excursions & Day Trips | Booking Best Prices Tours\",\"description\":\"Hurghada Lovers - Best Tour Operator - Excursions &amp; Things to do for Family Day Trips with kids and Couples Romantic. Unique .Hidden gems\",\"publisher\":{\"@id\":\"https:\/\/hurghadalovers.com\/fr\/#organization\"},\"alternateName\":\"Hurghada Excursions\",\"potentialAction\":[{\"@type\":\"SearchAction\",\"target\":{\"@type\":\"EntryPoint\",\"urlTemplate\":\"https:\/\/hurghadalovers.com\/fr\/?s={search_term_string}\"},\"query-input\":{\"@type\":\"PropertyValueSpecification\",\"valueRequired\":true,\"valueName\":\"search_term_string\"}}],\"inLanguage\":\"fr-FR\"},{\"@type\":[\"Organization\",\"Place\",\"TravelAgency\"],\"@id\":\"https:\/\/hurghadalovers.com\/fr\/#organization\",\"name\":\"Hurghada Excursions\",\"url\":\"https:\/\/hurghadalovers.com\/fr\/\",\"logo\":{\"@id\":\"https:\/\/hurghadalovers.com\/fr\/tours\/pirates-bateau-a-voile-pour-orange-bay-island-de-makadi-bay\/#local-main-organization-logo\"},\"image\":{\"@id\":\"https:\/\/hurghadalovers.com\/fr\/tours\/pirates-bateau-a-voile-pour-orange-bay-island-de-makadi-bay\/#local-main-organization-logo\"},\"sameAs\":[\"https:\/\/www.facebook.com\/Hurghadaloversegypt\"],\"address\":{\"@id\":\"https:\/\/hurghadalovers.com\/fr\/tours\/pirates-bateau-a-voile-pour-orange-bay-island-de-makadi-bay\/#local-main-place-address\"},\"telephone\":[\"00201112596434\"],\"contactPoint\":{\"@type\":\"ContactPoint\",\"telephone\":\"00201112596434\",\"email\":\"weyouface@gmail.com\"},\"openingHoursSpecification\":{\"@type\":\"OpeningHoursSpecification\",\"dayOfWeek\":[\"Monday\",\"Tuesday\",\"Wednesday\",\"Thursday\",\"Friday\",\"Saturday\",\"Sunday\"],\"opens\":\"00:00\",\"closes\":\"23:59\"},\"email\":\"weyouface@gmail.com\",\"areaServed\":\"Luxor, Hurghada, El Gouna, Aswan, Sharm El Sheikh, Giza, Alexandria, Marsa Alam, Quseir, Soma Bay, Sahl Hasheesh, Red Sea, Makadi Bay, Cairo\",\"priceRange\":\"$\",\"currenciesAccepted\":\"euro\",\"paymentAccepted\":\"cash on site\"},{\"@type\":\"PostalAddress\",\"@id\":\"https:\/\/hurghadalovers.com\/fr\/tours\/pirates-bateau-a-voile-pour-orange-bay-island-de-makadi-bay\/#local-main-place-address\",\"streetAddress\":\"17 Banks street, Alkawther area, top nbk bank\",\"addressLocality\":\"hurghada\",\"postalCode\":\"84511\",\"addressRegion\":\"red sea\",\"addressCountry\":\"EG\"},{\"@type\":\"ImageObject\",\"inLanguage\":\"fr-FR\",\"@id\":\"https:\/\/hurghadalovers.com\/fr\/tours\/pirates-bateau-a-voile-pour-orange-bay-island-de-makadi-bay\/#local-main-organization-logo\",\"url\":\"https:\/\/hurghadalovers.com\/wp-content\/uploads\/2019\/10\/hurghada-excursions-logo.png\",\"contentUrl\":\"https:\/\/hurghadalovers.com\/wp-content\/uploads\/2019\/10\/hurghada-excursions-logo.png\",\"width\":272,\"height\":90,\"caption\":\"Hurghada Excursions\"}]}<\/script>\n<meta property=\"product:brand\" content=\"Plong\u00e9e sous-marine \u00e0 Makadi bay\" \/>\n<meta property=\"product:price:amount\" content=\"90\" \/>\n<meta property=\"product:price:currency\" content=\"EUR\" \/>\n<meta property=\"og:availability\" content=\"instock\" \/>\n<meta property=\"product:availability\" content=\"instock\" \/>\n<meta property=\"product:retailer_item_id\" content=\"MakadiSnorkeling022024\" \/>\n<meta property=\"product:condition\" content=\"new\" \/>\n<meta name=\"geo.placename\" content=\"hurghada\" \/>\n<meta name=\"geo.region\" content=\"\u00c9gypte\" \/>\n<!-- \/ Yoast SEO Premium plugin. -->","yoast_head_json":{"title":"Bateau \u00e0 voile Pirates vers l'\u00eele d'Orange Bay depuis Makadi Bay VIP","description":"Bateau \u00e0 voile Pirates vers l'\u00eele d'Orange Bay depuis la baie de Makadi avec d\u00e9jeuner VIP. Choses \u00e0 faire avec des enfants, des personnes \u00e2g\u00e9es, en lune de miel ou en couple. Familial","robots":{"index":"index","follow":"follow","max-snippet":"max-snippet:-1","max-image-preview":"max-image-preview:large","max-video-preview":"max-video-preview:-1"},"canonical":"https:\/\/hurghadalovers.com\/fr\/tours\/pirates-bateau-a-voile-pour-orange-bay-island-de-makadi-bay\/","og_locale":"fr_FR","og_type":"article","og_title":"Bateau \u00e0 voile Pirates vers l'\u00eele d'Orange Bay depuis la baie de Makadi","og_description":"Bateau \u00e0 voile Pirates vers l'\u00eele d'Orange Bay depuis la baie de Makadi avec d\u00e9jeuner VIP. Choses \u00e0 faire avec des enfants, des personnes \u00e2g\u00e9es, en lune de miel ou en couple. Familial","og_url":"https:\/\/hurghadalovers.com\/fr\/tours\/pirates-bateau-a-voile-pour-orange-bay-island-de-makadi-bay\/","og_site_name":"Hurghada Excursions &amp; Day Trips | Booking Best Prices Tours","article_publisher":"https:\/\/www.facebook.com\/Hurghadaloversegypt","article_modified_time":"2026-02-08T09:16:26+00:00","og_image":[{"width":1156,"height":867,"url":"https:\/\/hurghadalovers.com\/wp-content\/uploads\/2023\/08\/Pirates-Sailing-Boat-to-Orange-bay-Island-from-Makadi-Bay-VIP.jpeg","type":"image\/jpeg"}],"twitter_card":"summary_large_image","twitter_misc":{"Prix":"&euro;&nbsp;90","Disponibilit\u00e9":"En stock"},"schema":{"@context":"https:\/\/schema.org","@graph":[{"@type":["WebPage","ItemPage"],"@id":"https:\/\/hurghadalovers.com\/fr\/tours\/pirates-bateau-a-voile-pour-orange-bay-island-de-makadi-bay\/","url":"https:\/\/hurghadalovers.com\/fr\/tours\/pirates-bateau-a-voile-pour-orange-bay-island-de-makadi-bay\/","name":"Bateau \u00e0 voile Pirates vers l'\u00eele d'Orange Bay depuis Makadi Bay VIP","isPartOf":{"@id":"https:\/\/hurghadalovers.com\/fr\/#website"},"primaryImageOfPage":{"@id":"https:\/\/hurghadalovers.com\/fr\/tours\/pirates-bateau-a-voile-pour-orange-bay-island-de-makadi-bay\/#primaryimage"},"image":{"@id":"https:\/\/hurghadalovers.com\/fr\/tours\/pirates-bateau-a-voile-pour-orange-bay-island-de-makadi-bay\/#primaryimage"},"thumbnailUrl":"https:\/\/hurghadalovers.com\/wp-content\/uploads\/2023\/08\/Pirates-Sailing-Boat-to-Orange-bay-Island-from-Makadi-Bay-VIP.jpeg","datePublished":"2023-08-30T08:17:41+00:00","dateModified":"2026-02-08T09:16:26+00:00","description":"Bateau \u00e0 voile Pirates vers l'\u00eele d'Orange Bay depuis la baie de Makadi avec d\u00e9jeuner VIP. Choses \u00e0 faire avec des enfants, des personnes \u00e2g\u00e9es, en lune de miel ou en couple. Familial","breadcrumb":{"@id":"https:\/\/hurghadalovers.com\/fr\/tours\/pirates-bateau-a-voile-pour-orange-bay-island-de-makadi-bay\/#breadcrumb"},"inLanguage":"fr-FR","potentialAction":[{"@type":"ReadAction","target":["https:\/\/hurghadalovers.com\/fr\/tours\/pirates-bateau-a-voile-pour-orange-bay-island-de-makadi-bay\/"]}]},{"@type":"ImageObject","inLanguage":"fr-FR","@id":"https:\/\/hurghadalovers.com\/fr\/tours\/pirates-bateau-a-voile-pour-orange-bay-island-de-makadi-bay\/#primaryimage","url":"https:\/\/hurghadalovers.com\/wp-content\/uploads\/2023\/08\/Pirates-Sailing-Boat-to-Orange-bay-Island-from-Makadi-Bay-VIP.jpeg","contentUrl":"https:\/\/hurghadalovers.com\/wp-content\/uploads\/2023\/08\/Pirates-Sailing-Boat-to-Orange-bay-Island-from-Makadi-Bay-VIP.jpeg","width":1156,"height":867,"caption":"Pirates Sailing Boat to Orange bay Island from\u00a0Makadi Bay VIP"},{"@type":"BreadcrumbList","@id":"https:\/\/hurghadalovers.com\/fr\/tours\/pirates-bateau-a-voile-pour-orange-bay-island-de-makadi-bay\/#breadcrumb","itemListElement":[{"@type":"ListItem","position":1,"name":"Home","item":"https:\/\/hurghadalovers.com\/fr\/"},{"@type":"ListItem","position":2,"name":"Shop","item":"https:\/\/hurghadalovers.com\/fr\/shop\/"},{"@type":"ListItem","position":3,"name":"Bateau \u00e0 voile Pirates vers l&#8217;\u00eele d&#8217;Orange Bay depuis la baie de Makadi"}]},{"@type":"WebSite","@id":"https:\/\/hurghadalovers.com\/fr\/#website","url":"https:\/\/hurghadalovers.com\/fr\/","name":"Hurghada Excursions & Day Trips | Booking Best Prices Tours","description":"Hurghada Lovers - Best Tour Operator - Excursions &amp; Things to do for Family Day Trips with kids and Couples Romantic. Unique .Hidden gems","publisher":{"@id":"https:\/\/hurghadalovers.com\/fr\/#organization"},"alternateName":"Hurghada Excursions","potentialAction":[{"@type":"SearchAction","target":{"@type":"EntryPoint","urlTemplate":"https:\/\/hurghadalovers.com\/fr\/?s={search_term_string}"},"query-input":{"@type":"PropertyValueSpecification","valueRequired":true,"valueName":"search_term_string"}}],"inLanguage":"fr-FR"},{"@type":["Organization","Place","TravelAgency"],"@id":"https:\/\/hurghadalovers.com\/fr\/#organization","name":"Hurghada Excursions","url":"https:\/\/hurghadalovers.com\/fr\/","logo":{"@id":"https:\/\/hurghadalovers.com\/fr\/tours\/pirates-bateau-a-voile-pour-orange-bay-island-de-makadi-bay\/#local-main-organization-logo"},"image":{"@id":"https:\/\/hurghadalovers.com\/fr\/tours\/pirates-bateau-a-voile-pour-orange-bay-island-de-makadi-bay\/#local-main-organization-logo"},"sameAs":["https:\/\/www.facebook.com\/Hurghadaloversegypt"],"address":{"@id":"https:\/\/hurghadalovers.com\/fr\/tours\/pirates-bateau-a-voile-pour-orange-bay-island-de-makadi-bay\/#local-main-place-address"},"telephone":["00201112596434"],"contactPoint":{"@type":"ContactPoint","telephone":"00201112596434","email":"weyouface@gmail.com"},"openingHoursSpecification":{"@type":"OpeningHoursSpecification","dayOfWeek":["Monday","Tuesday","Wednesday","Thursday","Friday","Saturday","Sunday"],"opens":"00:00","closes":"23:59"},"email":"weyouface@gmail.com","areaServed":"Luxor, Hurghada, El Gouna, Aswan, Sharm El Sheikh, Giza, Alexandria, Marsa Alam, Quseir, Soma Bay, Sahl Hasheesh, Red Sea, Makadi Bay, Cairo","priceRange":"$","currenciesAccepted":"euro","paymentAccepted":"cash on site"},{"@type":"PostalAddress","@id":"https:\/\/hurghadalovers.com\/fr\/tours\/pirates-bateau-a-voile-pour-orange-bay-island-de-makadi-bay\/#local-main-place-address","streetAddress":"17 Banks street, Alkawther area, top nbk bank","addressLocality":"hurghada","postalCode":"84511","addressRegion":"red sea","addressCountry":"EG"},{"@type":"ImageObject","inLanguage":"fr-FR","@id":"https:\/\/hurghadalovers.com\/fr\/tours\/pirates-bateau-a-voile-pour-orange-bay-island-de-makadi-bay\/#local-main-organization-logo","url":"https:\/\/hurghadalovers.com\/wp-content\/uploads\/2019\/10\/hurghada-excursions-logo.png","contentUrl":"https:\/\/hurghadalovers.com\/wp-content\/uploads\/2019\/10\/hurghada-excursions-logo.png","width":272,"height":90,"caption":"Hurghada Excursions"}]},"product_brand":"Plong\u00e9e sous-marine \u00e0 Makadi bay","product_price_amount":"90","product_price_currency":"EUR","og_availability":"instock","product_availability":"instock","product_retailer_item_id":"MakadiSnorkeling022024","product_condition":"new","geo.placename":"hurghada","geo.region":"\u00c9gypte"},"_links":{"self":[{"href":"https:\/\/hurghadalovers.com\/fr\/wp-json\/wp\/v2\/product\/387837","targetHints":{"allow":["GET"]}}],"collection":[{"href":"https:\/\/hurghadalovers.com\/fr\/wp-json\/wp\/v2\/product"}],"about":[{"href":"https:\/\/hurghadalovers.com\/fr\/wp-json\/wp\/v2\/types\/product"}],"wp:featuredmedia":[{"embeddable":true,"href":"https:\/\/hurghadalovers.com\/fr\/wp-json\/wp\/v2\/media\/387731"}],"wp:attachment":[{"href":"https:\/\/hurghadalovers.com\/fr\/wp-json\/wp\/v2\/media?parent=387837"}],"wp:term":[{"taxonomy":"product_brand","embeddable":true,"href":"https:\/\/hurghadalovers.com\/fr\/wp-json\/wp\/v2\/product_brand?post=387837"},{"taxonomy":"product_cat","embeddable":true,"href":"https:\/\/hurghadalovers.com\/fr\/wp-json\/wp\/v2\/product_cat?post=387837"},{"taxonomy":"product_tag","embeddable":true,"href":"https:\/\/hurghadalovers.com\/fr\/wp-json\/wp\/v2\/product_tag?post=387837"}],"curies":[{"name":"wp","href":"https:\/\/api.w.org\/{rel}","templated":true}]}}