{"id":387059,"date":"2023-08-29T18:30:08","date_gmt":"2023-08-29T18:30:08","guid":{"rendered":"https:\/\/hurghadalovers.com\/shop\/non%20class\u00e9\/transferts-prives-en-taxi-de-la-baie-de-makadi\/"},"modified":"2026-02-09T19:59:44","modified_gmt":"2026-02-09T19:59:44","slug":"transferts-prives-makadi-bay-taxi-a-luxor-le-caire","status":"publish","type":"product","link":"https:\/\/hurghadalovers.com\/fr\/tours\/transferts-prives-makadi-bay-taxi-a-luxor-le-caire\/","title":{"rendered":"Transferts priv\u00e9s en taxi de la baie de Makadi"},"content":{"rendered":"<p>Transfert <strong>priv\u00e9 <\/strong> en <strong>taxi<\/strong> de<strong>Makadi Bay<\/strong> vers Louxor, Le Caire | R\u00e9servation Prix bas Service touristique Transfert en minivan de luxe et voiture VIP vers Marsa alam, EL Gouna, Soma bay, Hurghada (HRG) A\u00e9roport | Paiement sur place.<\/p>\n<p><strong>D\u00e9tails :<\/strong><\/p>\n<ul>\n<li>Type d&rsquo;excursion : Priv\u00e9 de luxe en voiture ou en minibus.<\/li>\n<li>R\u00e9servation Taxi Voiture, Minivan, Disponibilit\u00e9 : Tous les jours.<\/li>\n<li>Accessible aux fauteuils roulants.<\/li>\n<li>Heure de prise en charge de Makadi Bay \u00e0 Louxor : 05:00 A.M.<\/li>\n<li>Heure de prise en charge de la baie de Makadi au Caire : 12h30.<\/li>\n<li>Heure de prise en charge des h\u00f4tels de la baie de Makadi \u00e0 l&rsquo;a\u00e9roport d&rsquo;Hurghada (HRG), \u00e0 la marina d&rsquo;Hurghada : \u00e0 votre convenance.<\/li>\n<\/ul>\n<p><strong>R\u00e9servez maintenant et payez plus tard :<\/strong><\/p>\n<ul>\n<li>Paiement en esp\u00e8ces sur place pour le guide.<\/li>\n<li>Paiement en livres \u00e9gyptiennes, $, \u20ac ou \u00a3.<\/li>\n<\/ul>\n<p><strong>Politique d&rsquo;annulation :<\/strong><\/p>\n<ul>\n<li>vous annulez jusqu&rsquo;\u00e0 24 heures \u00e0 l&rsquo;avance.<\/li>\n<li>Si l&rsquo;un des membres de votre famille annule la matin\u00e9e, vous payez 50 % des frais.<\/li>\n<\/ul>\n<p><strong>Qu&rsquo;est-ce qui est inclus ?<\/strong><\/p>\n<ul>\n<li>Transfert depuis les h\u00f4tels de la baie de Makadi \u00ab\u00a0Prise en charge et retour \u00e0 l&rsquo;h\u00f4tel\u00a0\u00bb.<\/li>\n<li>Toutes les taxes, les droits d&rsquo;entr\u00e9e et les frais de manutention.<\/li>\n<li>Transferts.<\/li>\n<li>Boissons.<\/li>\n<\/ul>\n<p><strong>Exclusions ?<\/strong><\/p>\n<ul>\n<li>Pourboires.<\/li>\n<\/ul>\n<p><strong>Transfert priv\u00e9 <\/strong><strong>Baie de Makadi<\/strong> <strong>\u00e0 Louxor :<\/strong><\/p>\n<p>Prix Taxi\/ Voiture \u00a0\u00bb 3 places \u00a0\u00bb = 170$ Prix par voiture priv\u00e9e.<\/p>\n<p>Prix Minivan \u00ab\u00a08 places\u00a0\u00bb = 200$ Prix par Minivan\/Minibus priv\u00e9.<\/p>\n<p>Distance entre la baie de Makadi et Louxor = 320 km<\/p>\n<p>Dur\u00e9e du trajet entre Makadi Bay et Louxor = 4 heures.<\/p>\n<p>Il y a 2 arr\u00eats \u00a0\u00bb 20 min Break, 20 Tourist checkpoints in Safaga \u00ab\u00a0.<\/p>\n<p><strong> <\/strong><\/p>\n<p><strong>Transfert priv\u00e9 <\/strong><strong>Baie de Makadi<\/strong> <strong>vers Le Caire, Pyramides de Gizeh :<\/strong><\/p>\n<p>Prix Taxi\/ Voiture \u00a0\u00bb 3 places \u00a0\u00bb = 180$ Prix par voiture priv\u00e9e.<\/p>\n<p>Prix Minivan \u00ab\u00a08 places\u00a0\u00bb = 220$ Prix par Minivan\/Minibus priv\u00e9.<\/p>\n<p>Distance entre la baie de Makadi et Le Caire = 390 km<\/p>\n<p>Dur\u00e9e du trajet entre la baie de Makadi et Le Caire = 7h30<\/p>\n<p>Il y a 3 arr\u00eats \u00a0\u00bb 20 min Pause dans le safran Ras Ghareb, 15-30 min Point de contr\u00f4le touristique \u00ab\u00a0.<\/p>\n<p><strong>Transfert priv\u00e9 <\/strong><strong>Baie de Makadi<\/strong> <strong>depuis ou vers l&rsquo;a\u00e9roport d&rsquo;Hurghada (HRG) :<\/strong><\/p>\n<p>Prix Taxi\/ Voiture \u00a0\u00bb 3 &#8211; 6 places \u00a0\u00bb = 30$ Prix par voiture priv\u00e9e.<\/p>\n<p>Prix Minivan \u00ab\u00a012 places\u00a0\u00bb = 40$ Prix par Minivan\/Minibus priv\u00e9.<\/p>\n<p><strong> <\/strong><\/p>\n<p><strong>Transfert priv\u00e9 <\/strong><strong>Baie de Makadi<\/strong> <strong>jusqu&rsquo;\u00e0 la marina d&rsquo;Hurghada :<\/strong><\/p>\n<p>Prix Taxi\/ Voiture \u00a0\u00bb 3 &#8211; 6 places \u00a0\u00bb 4hr = 45$ Prix par voiture priv\u00e9e.<\/p>\n<p>Prix Minivan \u00ab\u00a012 places\u00a0\u00bb 4hr = 75$ Prix par Minivan\/Minibus priv\u00e9.<\/p>\n<p><strong> <\/strong><\/p>\n<p><strong>Transfert priv\u00e9 <\/strong><strong>Baie de Makadi<\/strong> <strong>vers les h\u00f4tels d&rsquo;El Gouna :<\/strong><\/p>\n<p>Prix Taxi\/ Voiture \u00a0\u00bb 3 &#8211; 6 places \u00a0\u00bb = 55$ Prix par voiture priv\u00e9e.<\/p>\n<p>Prix Minivan \u00ab\u00a012 places\u00a0\u00bb = 70$ Prix par Minivan\/Minibus priv\u00e9.<\/p>\n<p>Distance entre Makadi Bay et El Gouna = 80 km<\/p>\n<p>Temps entre Makadi Bay et El Gouna = 70 min.<\/p>\n<p><strong>Transferts priv\u00e9s vers l&rsquo;a\u00e9roport du Caire<\/strong><\/p>\n<p>Si vous avez besoin de vous rendre \u00e0 l&rsquo;a\u00e9roport du Caire et d&rsquo;\u00eatre transf\u00e9r\u00e9 vers les villes touristiques d&rsquo;Egypte, vous pouvez nous faire confiance pour vous fournir un service de luxe de voitures priv\u00e9es, de bus et de limousines.<\/p>\n<p><strong>Taxi de <\/strong><strong>Baie de Makadi<\/strong> <strong>\u00e0 Marsa Alam<\/strong><\/p>\n<p>Si vous \u00eates arriv\u00e9 \u00e0 l&rsquo;a\u00e9roport d&rsquo;Hurghada ou si vous avez besoin d&rsquo;une voiture ou d&rsquo;un bus pour vous rendre au Caire ou \u00e0 Louxor, appelez-nous d\u00e8s maintenant.<\/p>\n<p>1 \u00e0 3 personnes (voiture individuelle) = 90 $.<\/p>\n<p>4 \u00e0 8 personnes (minibus) = 120 $.<\/p>\n<p><strong>Critiques :<\/strong><\/p>\n<p>consultez notre Google Map Reviews comme Meilleur <a href=\"https:\/\/g.page\/r\/CUeYvkngP3wkEBM\/review\">Tour Op\u00e9rateur \u00e0 Hurghada<\/a> en ligne \u00e0 <a href=\"https:\/\/hurghadalovers.com\/\">Hurghada<\/a> Egypte.<\/p>\n<p><strong>R\u00e9servation :<\/strong><\/p>\n<p>Envoyez l&rsquo;h\u00f4tel + le num\u00e9ro de la chambre + la photo du passeport \u00e0 WhatsApp : <strong>+201112596434<\/strong><\/p>\n<p>Si vous \u00eates en Egypte, r\u00e9servez d\u00e8s maintenant en ligne et confirmez votre arriv\u00e9e \u00e0 l&rsquo;h\u00f4tel.<\/p>\n<p>&nbsp;<\/p>\n<p>&nbsp;<\/p>\n","protected":false},"excerpt":{"rendered":"<p>Transfert priv\u00e9 en taxi de Makadi Bay vers Louxor, Le Caire | R\u00e9servation Prix bas Service touristique Transfert en minivan de luxe et voiture VIP vers Marsa alam, EL Gouna, Soma bay, Hurghada (HRG) A\u00e9roport | Paiement sur place.<\/p>\n","protected":false},"featured_media":931095,"template":"","meta":{"_joinchat":[]},"product_brand":[],"product_cat":[29818],"product_tag":[],"class_list":{"0":"post-387059","1":"product","2":"type-product","3":"status-publish","4":"has-post-thumbnail","6":"product_cat-tour-fr","7":"tour_category-le-caire-excursions-dune-journee-depuis-makadi-bay","8":"tour_category-louxor-excursions-dune-journee-depuis-makadi-bay","9":"tour_category-que-faire-a-makadi-bay","11":"first","12":"instock","13":"sale","14":"shipping-taxable","15":"purchasable","16":"product-type-tour"},"yoast_head":"<!-- This site is optimized with the Yoast SEO Premium plugin v26.9 (Yoast SEO v27.2) - https:\/\/yoast.com\/product\/yoast-seo-premium-wordpress\/ -->\n<title>Transferts priv\u00e9s en taxi de la baie de Makadi vers Louxor, Le Caire, Le luxe. Vip Car<\/title>\n<meta name=\"description\" content=\"Private Makadi Bay Taxi Transfers to Luxor, Cairo | Booking Cheap Prices Tourist Service Transfer by Luxury Minivan and Vip Car to Marsa alam, EL Gouna\" \/>\n<meta name=\"robots\" content=\"index, follow, max-snippet:-1, max-image-preview:large, max-video-preview:-1\" \/>\n<link rel=\"canonical\" href=\"https:\/\/hurghadalovers.com\/fr\/tours\/transferts-prives-makadi-bay-taxi-a-luxor-le-caire\/\" \/>\n<meta property=\"og:locale\" content=\"fr_FR\" \/>\n<meta property=\"og:type\" content=\"article\" \/>\n<meta property=\"og:title\" content=\"Transferts priv\u00e9s en taxi de la baie de Makadi\" \/>\n<meta property=\"og:description\" content=\"Private Makadi Bay Taxi Transfers to Luxor, Cairo | Booking Cheap Prices Tourist Service Transfer by Luxury Minivan and Vip Car to Marsa alam, EL Gouna\" \/>\n<meta property=\"og:url\" content=\"https:\/\/hurghadalovers.com\/fr\/tours\/transferts-prives-makadi-bay-taxi-a-luxor-le-caire\/\" \/>\n<meta property=\"og:site_name\" content=\"Hurghada Excursions &amp; Day Trips | Booking Best Prices Tours\" \/>\n<meta property=\"article:publisher\" content=\"https:\/\/www.facebook.com\/Hurghadaloversegypt\" \/>\n<meta property=\"article:modified_time\" content=\"2026-02-09T19:59:44+00:00\" \/>\n<meta property=\"og:image\" content=\"https:\/\/hurghadalovers.com\/wp-content\/uploads\/2023\/08\/Private-Hurghada-Taxi-Transfers.jpeg\" \/>\n\t<meta property=\"og:image:width\" content=\"1600\" \/>\n\t<meta property=\"og:image:height\" content=\"1204\" \/>\n\t<meta property=\"og:image:type\" content=\"image\/jpeg\" \/>\n<meta name=\"twitter:card\" content=\"summary_large_image\" \/>\n<meta name=\"twitter:label1\" content=\"Prix\" \/>\n\t<meta name=\"twitter:data1\" content=\"&euro;&nbsp;30\" \/>\n\t<meta name=\"twitter:label2\" content=\"Disponibilit\u00e9\" \/>\n\t<meta name=\"twitter:data2\" content=\"En stock\" \/>\n<script type=\"application\/ld+json\" class=\"yoast-schema-graph\">{\"@context\":\"https:\/\/schema.org\",\"@graph\":[{\"@type\":[\"WebPage\",\"ItemPage\"],\"@id\":\"https:\/\/hurghadalovers.com\/fr\/tours\/transferts-prives-makadi-bay-taxi-a-luxor-le-caire\/\",\"url\":\"https:\/\/hurghadalovers.com\/fr\/tours\/transferts-prives-makadi-bay-taxi-a-luxor-le-caire\/\",\"name\":\"Transferts priv\u00e9s en taxi de la baie de Makadi vers Louxor, Le Caire, Le luxe. Vip Car\",\"isPartOf\":{\"@id\":\"https:\/\/hurghadalovers.com\/fr\/#website\"},\"primaryImageOfPage\":{\"@id\":\"https:\/\/hurghadalovers.com\/fr\/tours\/transferts-prives-makadi-bay-taxi-a-luxor-le-caire\/#primaryimage\"},\"image\":{\"@id\":\"https:\/\/hurghadalovers.com\/fr\/tours\/transferts-prives-makadi-bay-taxi-a-luxor-le-caire\/#primaryimage\"},\"thumbnailUrl\":\"https:\/\/hurghadalovers.com\/wp-content\/uploads\/2023\/08\/Private-Hurghada-Taxi-Transfers.jpeg\",\"datePublished\":\"2023-08-29T18:30:08+00:00\",\"dateModified\":\"2026-02-09T19:59:44+00:00\",\"description\":\"Private Makadi Bay Taxi Transfers to Luxor, Cairo | Booking Cheap Prices Tourist Service Transfer by Luxury Minivan and Vip Car to Marsa alam, EL Gouna\",\"breadcrumb\":{\"@id\":\"https:\/\/hurghadalovers.com\/fr\/tours\/transferts-prives-makadi-bay-taxi-a-luxor-le-caire\/#breadcrumb\"},\"inLanguage\":\"fr-FR\",\"potentialAction\":[{\"@type\":\"ReadAction\",\"target\":[\"https:\/\/hurghadalovers.com\/fr\/tours\/transferts-prives-makadi-bay-taxi-a-luxor-le-caire\/\"]}]},{\"@type\":\"ImageObject\",\"inLanguage\":\"fr-FR\",\"@id\":\"https:\/\/hurghadalovers.com\/fr\/tours\/transferts-prives-makadi-bay-taxi-a-luxor-le-caire\/#primaryimage\",\"url\":\"https:\/\/hurghadalovers.com\/wp-content\/uploads\/2023\/08\/Private-Hurghada-Taxi-Transfers.jpeg\",\"contentUrl\":\"https:\/\/hurghadalovers.com\/wp-content\/uploads\/2023\/08\/Private-Hurghada-Taxi-Transfers.jpeg\",\"width\":1600,\"height\":1204,\"caption\":\"Private Hurghada Taxi Transfers\"},{\"@type\":\"BreadcrumbList\",\"@id\":\"https:\/\/hurghadalovers.com\/fr\/tours\/transferts-prives-makadi-bay-taxi-a-luxor-le-caire\/#breadcrumb\",\"itemListElement\":[{\"@type\":\"ListItem\",\"position\":1,\"name\":\"Home\",\"item\":\"https:\/\/hurghadalovers.com\/fr\/\"},{\"@type\":\"ListItem\",\"position\":2,\"name\":\"Shop\",\"item\":\"https:\/\/hurghadalovers.com\/fr\/shop\/\"},{\"@type\":\"ListItem\",\"position\":3,\"name\":\"Transferts priv\u00e9s en taxi de la baie de Makadi\"}]},{\"@type\":\"WebSite\",\"@id\":\"https:\/\/hurghadalovers.com\/fr\/#website\",\"url\":\"https:\/\/hurghadalovers.com\/fr\/\",\"name\":\"Hurghada Excursions & Day Trips | Booking Best Prices Tours\",\"description\":\"Hurghada Lovers - Best Tour Operator - Excursions &amp; Things to do for Family Day Trips with kids and Couples Romantic. Unique .Hidden gems\",\"publisher\":{\"@id\":\"https:\/\/hurghadalovers.com\/fr\/#organization\"},\"alternateName\":\"Hurghada Excursions\",\"potentialAction\":[{\"@type\":\"SearchAction\",\"target\":{\"@type\":\"EntryPoint\",\"urlTemplate\":\"https:\/\/hurghadalovers.com\/fr\/?s={search_term_string}\"},\"query-input\":{\"@type\":\"PropertyValueSpecification\",\"valueRequired\":true,\"valueName\":\"search_term_string\"}}],\"inLanguage\":\"fr-FR\"},{\"@type\":[\"Organization\",\"Place\",\"TravelAgency\"],\"@id\":\"https:\/\/hurghadalovers.com\/fr\/#organization\",\"name\":\"Hurghada Excursions\",\"url\":\"https:\/\/hurghadalovers.com\/fr\/\",\"logo\":{\"@id\":\"https:\/\/hurghadalovers.com\/fr\/tours\/transferts-prives-makadi-bay-taxi-a-luxor-le-caire\/#local-main-organization-logo\"},\"image\":{\"@id\":\"https:\/\/hurghadalovers.com\/fr\/tours\/transferts-prives-makadi-bay-taxi-a-luxor-le-caire\/#local-main-organization-logo\"},\"sameAs\":[\"https:\/\/www.facebook.com\/Hurghadaloversegypt\"],\"address\":{\"@id\":\"https:\/\/hurghadalovers.com\/fr\/tours\/transferts-prives-makadi-bay-taxi-a-luxor-le-caire\/#local-main-place-address\"},\"telephone\":[\"00201112596434\"],\"contactPoint\":{\"@type\":\"ContactPoint\",\"telephone\":\"00201112596434\",\"email\":\"weyouface@gmail.com\"},\"openingHoursSpecification\":{\"@type\":\"OpeningHoursSpecification\",\"dayOfWeek\":[\"Monday\",\"Tuesday\",\"Wednesday\",\"Thursday\",\"Friday\",\"Saturday\",\"Sunday\"],\"opens\":\"00:00\",\"closes\":\"23:59\"},\"email\":\"weyouface@gmail.com\",\"areaServed\":\"Luxor, Hurghada, El Gouna, Aswan, Sharm El Sheikh, Giza, Alexandria, Marsa Alam, Quseir, Soma Bay, Sahl Hasheesh, Red Sea, Makadi Bay, Cairo\",\"priceRange\":\"$\",\"currenciesAccepted\":\"euro\",\"paymentAccepted\":\"cash on site\"},{\"@type\":\"PostalAddress\",\"@id\":\"https:\/\/hurghadalovers.com\/fr\/tours\/transferts-prives-makadi-bay-taxi-a-luxor-le-caire\/#local-main-place-address\",\"streetAddress\":\"17 Banks street, Alkawther area, top nbk bank\",\"addressLocality\":\"hurghada\",\"postalCode\":\"84511\",\"addressRegion\":\"red sea\",\"addressCountry\":\"EG\"},{\"@type\":\"ImageObject\",\"inLanguage\":\"fr-FR\",\"@id\":\"https:\/\/hurghadalovers.com\/fr\/tours\/transferts-prives-makadi-bay-taxi-a-luxor-le-caire\/#local-main-organization-logo\",\"url\":\"https:\/\/hurghadalovers.com\/wp-content\/uploads\/2019\/10\/hurghada-excursions-logo.png\",\"contentUrl\":\"https:\/\/hurghadalovers.com\/wp-content\/uploads\/2019\/10\/hurghada-excursions-logo.png\",\"width\":272,\"height\":90,\"caption\":\"Hurghada Excursions\"}]}<\/script>\n<meta property=\"product:brand\" content=\"Le Caire Excursions d&#039;une journ\u00e9e depuis Makadi bay\" \/>\n<meta property=\"product:price:amount\" content=\"30\" \/>\n<meta property=\"product:price:currency\" content=\"EUR\" \/>\n<meta property=\"og:availability\" content=\"instock\" \/>\n<meta property=\"product:availability\" content=\"instock\" \/>\n<meta property=\"product:retailer_item_id\" content=\"MakadiBay102024\" \/>\n<meta property=\"product:condition\" content=\"new\" \/>\n<meta name=\"geo.placename\" content=\"hurghada\" \/>\n<meta name=\"geo.region\" content=\"\u00c9gypte\" \/>\n<!-- \/ Yoast SEO Premium plugin. -->","yoast_head_json":{"title":"Transferts priv\u00e9s en taxi de la baie de Makadi vers Louxor, Le Caire, Le luxe. Vip Car","description":"Private Makadi Bay Taxi Transfers to Luxor, Cairo | Booking Cheap Prices Tourist Service Transfer by Luxury Minivan and Vip Car to Marsa alam, EL Gouna","robots":{"index":"index","follow":"follow","max-snippet":"max-snippet:-1","max-image-preview":"max-image-preview:large","max-video-preview":"max-video-preview:-1"},"canonical":"https:\/\/hurghadalovers.com\/fr\/tours\/transferts-prives-makadi-bay-taxi-a-luxor-le-caire\/","og_locale":"fr_FR","og_type":"article","og_title":"Transferts priv\u00e9s en taxi de la baie de Makadi","og_description":"Private Makadi Bay Taxi Transfers to Luxor, Cairo | Booking Cheap Prices Tourist Service Transfer by Luxury Minivan and Vip Car to Marsa alam, EL Gouna","og_url":"https:\/\/hurghadalovers.com\/fr\/tours\/transferts-prives-makadi-bay-taxi-a-luxor-le-caire\/","og_site_name":"Hurghada Excursions &amp; Day Trips | Booking Best Prices Tours","article_publisher":"https:\/\/www.facebook.com\/Hurghadaloversegypt","article_modified_time":"2026-02-09T19:59:44+00:00","og_image":[{"width":1600,"height":1204,"url":"https:\/\/hurghadalovers.com\/wp-content\/uploads\/2023\/08\/Private-Hurghada-Taxi-Transfers.jpeg","type":"image\/jpeg"}],"twitter_card":"summary_large_image","twitter_misc":{"Prix":"&euro;&nbsp;30","Disponibilit\u00e9":"En stock"},"schema":{"@context":"https:\/\/schema.org","@graph":[{"@type":["WebPage","ItemPage"],"@id":"https:\/\/hurghadalovers.com\/fr\/tours\/transferts-prives-makadi-bay-taxi-a-luxor-le-caire\/","url":"https:\/\/hurghadalovers.com\/fr\/tours\/transferts-prives-makadi-bay-taxi-a-luxor-le-caire\/","name":"Transferts priv\u00e9s en taxi de la baie de Makadi vers Louxor, Le Caire, Le luxe. Vip Car","isPartOf":{"@id":"https:\/\/hurghadalovers.com\/fr\/#website"},"primaryImageOfPage":{"@id":"https:\/\/hurghadalovers.com\/fr\/tours\/transferts-prives-makadi-bay-taxi-a-luxor-le-caire\/#primaryimage"},"image":{"@id":"https:\/\/hurghadalovers.com\/fr\/tours\/transferts-prives-makadi-bay-taxi-a-luxor-le-caire\/#primaryimage"},"thumbnailUrl":"https:\/\/hurghadalovers.com\/wp-content\/uploads\/2023\/08\/Private-Hurghada-Taxi-Transfers.jpeg","datePublished":"2023-08-29T18:30:08+00:00","dateModified":"2026-02-09T19:59:44+00:00","description":"Private Makadi Bay Taxi Transfers to Luxor, Cairo | Booking Cheap Prices Tourist Service Transfer by Luxury Minivan and Vip Car to Marsa alam, EL Gouna","breadcrumb":{"@id":"https:\/\/hurghadalovers.com\/fr\/tours\/transferts-prives-makadi-bay-taxi-a-luxor-le-caire\/#breadcrumb"},"inLanguage":"fr-FR","potentialAction":[{"@type":"ReadAction","target":["https:\/\/hurghadalovers.com\/fr\/tours\/transferts-prives-makadi-bay-taxi-a-luxor-le-caire\/"]}]},{"@type":"ImageObject","inLanguage":"fr-FR","@id":"https:\/\/hurghadalovers.com\/fr\/tours\/transferts-prives-makadi-bay-taxi-a-luxor-le-caire\/#primaryimage","url":"https:\/\/hurghadalovers.com\/wp-content\/uploads\/2023\/08\/Private-Hurghada-Taxi-Transfers.jpeg","contentUrl":"https:\/\/hurghadalovers.com\/wp-content\/uploads\/2023\/08\/Private-Hurghada-Taxi-Transfers.jpeg","width":1600,"height":1204,"caption":"Private Hurghada Taxi Transfers"},{"@type":"BreadcrumbList","@id":"https:\/\/hurghadalovers.com\/fr\/tours\/transferts-prives-makadi-bay-taxi-a-luxor-le-caire\/#breadcrumb","itemListElement":[{"@type":"ListItem","position":1,"name":"Home","item":"https:\/\/hurghadalovers.com\/fr\/"},{"@type":"ListItem","position":2,"name":"Shop","item":"https:\/\/hurghadalovers.com\/fr\/shop\/"},{"@type":"ListItem","position":3,"name":"Transferts priv\u00e9s en taxi de la baie de Makadi"}]},{"@type":"WebSite","@id":"https:\/\/hurghadalovers.com\/fr\/#website","url":"https:\/\/hurghadalovers.com\/fr\/","name":"Hurghada Excursions & Day Trips | Booking Best Prices Tours","description":"Hurghada Lovers - Best Tour Operator - Excursions &amp; Things to do for Family Day Trips with kids and Couples Romantic. Unique .Hidden gems","publisher":{"@id":"https:\/\/hurghadalovers.com\/fr\/#organization"},"alternateName":"Hurghada Excursions","potentialAction":[{"@type":"SearchAction","target":{"@type":"EntryPoint","urlTemplate":"https:\/\/hurghadalovers.com\/fr\/?s={search_term_string}"},"query-input":{"@type":"PropertyValueSpecification","valueRequired":true,"valueName":"search_term_string"}}],"inLanguage":"fr-FR"},{"@type":["Organization","Place","TravelAgency"],"@id":"https:\/\/hurghadalovers.com\/fr\/#organization","name":"Hurghada Excursions","url":"https:\/\/hurghadalovers.com\/fr\/","logo":{"@id":"https:\/\/hurghadalovers.com\/fr\/tours\/transferts-prives-makadi-bay-taxi-a-luxor-le-caire\/#local-main-organization-logo"},"image":{"@id":"https:\/\/hurghadalovers.com\/fr\/tours\/transferts-prives-makadi-bay-taxi-a-luxor-le-caire\/#local-main-organization-logo"},"sameAs":["https:\/\/www.facebook.com\/Hurghadaloversegypt"],"address":{"@id":"https:\/\/hurghadalovers.com\/fr\/tours\/transferts-prives-makadi-bay-taxi-a-luxor-le-caire\/#local-main-place-address"},"telephone":["00201112596434"],"contactPoint":{"@type":"ContactPoint","telephone":"00201112596434","email":"weyouface@gmail.com"},"openingHoursSpecification":{"@type":"OpeningHoursSpecification","dayOfWeek":["Monday","Tuesday","Wednesday","Thursday","Friday","Saturday","Sunday"],"opens":"00:00","closes":"23:59"},"email":"weyouface@gmail.com","areaServed":"Luxor, Hurghada, El Gouna, Aswan, Sharm El Sheikh, Giza, Alexandria, Marsa Alam, Quseir, Soma Bay, Sahl Hasheesh, Red Sea, Makadi Bay, Cairo","priceRange":"$","currenciesAccepted":"euro","paymentAccepted":"cash on site"},{"@type":"PostalAddress","@id":"https:\/\/hurghadalovers.com\/fr\/tours\/transferts-prives-makadi-bay-taxi-a-luxor-le-caire\/#local-main-place-address","streetAddress":"17 Banks street, Alkawther area, top nbk bank","addressLocality":"hurghada","postalCode":"84511","addressRegion":"red sea","addressCountry":"EG"},{"@type":"ImageObject","inLanguage":"fr-FR","@id":"https:\/\/hurghadalovers.com\/fr\/tours\/transferts-prives-makadi-bay-taxi-a-luxor-le-caire\/#local-main-organization-logo","url":"https:\/\/hurghadalovers.com\/wp-content\/uploads\/2019\/10\/hurghada-excursions-logo.png","contentUrl":"https:\/\/hurghadalovers.com\/wp-content\/uploads\/2019\/10\/hurghada-excursions-logo.png","width":272,"height":90,"caption":"Hurghada Excursions"}]},"product_brand":"Le Caire Excursions d'une journ\u00e9e depuis Makadi bay","product_price_amount":"30","product_price_currency":"EUR","og_availability":"instock","product_availability":"instock","product_retailer_item_id":"MakadiBay102024","product_condition":"new","geo.placename":"hurghada","geo.region":"\u00c9gypte"},"_links":{"self":[{"href":"https:\/\/hurghadalovers.com\/fr\/wp-json\/wp\/v2\/product\/387059","targetHints":{"allow":["GET"]}}],"collection":[{"href":"https:\/\/hurghadalovers.com\/fr\/wp-json\/wp\/v2\/product"}],"about":[{"href":"https:\/\/hurghadalovers.com\/fr\/wp-json\/wp\/v2\/types\/product"}],"wp:featuredmedia":[{"embeddable":true,"href":"https:\/\/hurghadalovers.com\/fr\/wp-json\/wp\/v2\/media\/931095"}],"wp:attachment":[{"href":"https:\/\/hurghadalovers.com\/fr\/wp-json\/wp\/v2\/media?parent=387059"}],"wp:term":[{"taxonomy":"product_brand","embeddable":true,"href":"https:\/\/hurghadalovers.com\/fr\/wp-json\/wp\/v2\/product_brand?post=387059"},{"taxonomy":"product_cat","embeddable":true,"href":"https:\/\/hurghadalovers.com\/fr\/wp-json\/wp\/v2\/product_cat?post=387059"},{"taxonomy":"product_tag","embeddable":true,"href":"https:\/\/hurghadalovers.com\/fr\/wp-json\/wp\/v2\/product_tag?post=387059"}],"curies":[{"name":"wp","href":"https:\/\/api.w.org\/{rel}","templated":true}]}}