{"id":386459,"date":"2023-08-29T15:37:46","date_gmt":"2023-08-29T15:38:21","guid":{"rendered":"https:\/\/hurghadalovers.com\/shop\/non%20class\u00e9\/excursion-privee-au-caire-depuis-makadi-bay-pour-visiter-les-pyramides-de-gizeh-le-sphinx-saqqara-et-dahshur\/"},"modified":"2026-02-08T07:12:55","modified_gmt":"2026-02-08T07:12:55","slug":"excursion-privee-au-caire-depuis-la-baie-de-makadi","status":"publish","type":"product","link":"https:\/\/hurghadalovers.com\/fr\/tours\/excursion-privee-au-caire-depuis-la-baie-de-makadi\/","title":{"rendered":"Excursion priv\u00e9e au Caire depuis Makadi Bay pour visiter les pyramides de Gizeh, le Sphinx, Saqqara et Dahshur"},"content":{"rendered":"<p><strong>Excursion priv\u00e9e au Caire depuis <\/strong><strong>Makadi Bay<\/strong> pour visiter les pyramides de Gizeh, le Sphinx, Saqqara et Dahshur avec guide priv\u00e9, billets et d\u00e9jeuner.<\/p>\n<p>D\u00e9couvrez l&rsquo;histoire de la civilisation \u00e9gyptienne antique, les secrets des pharaons de la quatri\u00e8me dynastie et la fa\u00e7on dont les pyramides ont \u00e9t\u00e9 construites gr\u00e2ce \u00e0 une excursion d&rsquo;une journ\u00e9e unique et agr\u00e9able.<\/p>\n<p>&nbsp;<\/p>\n<p><strong>Faits marquants :<\/strong><\/p>\n<ul>\n<li>Visite des pyramides de Gizeh.<\/li>\n<li>Visite du Grand Sphinx.<\/li>\n<li>Visite de Saqqara.<\/li>\n<li>Visiter Dahshur.<\/li>\n<li>D\u00e9jeuner au restaurant.<\/li>\n<\/ul>\n<p><strong>D\u00e9tails :<\/strong><\/p>\n<ul>\n<li>Disponibilit\u00e9 des visites : Tous les jours.<\/li>\n<li>Type de visite : Priv\u00e9 en voiture ou en minibus.<\/li>\n<li>Heure de prise en charge : \u00e0 partir de 01:00 A.M.<\/li>\n<li>Demander \u00e0 l&rsquo;h\u00f4tel de recevoir votre sac de petit-d\u00e9jeuner le matin.<\/li>\n<li>Heure de prise en charge : 22:30.<\/li>\n<li>Accessible aux fauteuils roulants.<\/li>\n<li>Dur\u00e9e : 22 heures<\/li>\n<\/ul>\n<p><strong>R\u00e9servez maintenant et payez plus tard :<\/strong><\/p>\n<ul>\n<li>Paiement en esp\u00e8ces sur place pour le guide.<\/li>\n<li>Paiement en livres \u00e9gyptiennes, $, \u20ac ou \u00a3.<\/li>\n<\/ul>\n<p><strong>Politique d&rsquo;annulation :<\/strong><\/p>\n<ul>\n<li>vous annulez jusqu&rsquo;\u00e0 24 heures \u00e0 l&rsquo;avance.<\/li>\n<li>Si l&rsquo;un des membres de votre famille annule la matin\u00e9e, vous payez 50 % des frais.<\/li>\n<\/ul>\n<p><strong>Qu&rsquo;est-ce que l&rsquo;excursion priv\u00e9e au Caire \u00e0 partir de <\/strong><strong>Baie de Makadi<\/strong> <strong>Inclus dans l&rsquo;excursion ?<\/strong><\/p>\n<ul>\n<li>Transfert depuis les h\u00f4tels de la baie de Makadi \u00ab\u00a0Prise en charge et retour \u00e0 l&rsquo;h\u00f4tel\u00a0\u00bb.<\/li>\n<li>Toutes les taxes, les droits d&rsquo;entr\u00e9e et les frais de manutention.<\/li>\n<li>Guide touristique.<\/li>\n<li>D\u00e9jeuner au restaurant.<\/li>\n<\/ul>\n<p><strong>Exclusions ?<\/strong><\/p>\n<ul>\n<li>Pourboires.<\/li>\n<li>Boissons.<\/li>\n<li>Excursion en felouque \u00ab\u00a0Croisi\u00e8re en bateau\u00a0\u00bb Pour 35 min= 10$.<\/li>\n<li>Cal\u00e8che dans la zone des pyramides.<\/li>\n<li>Billet d&rsquo;entr\u00e9e \u00e0 la Grande Pyramide de Kh\u00e9ops.<\/li>\n<li>Tous les extras non mentionn\u00e9s.<\/li>\n<\/ul>\n<p><strong>Les prix :<\/strong><\/p>\n<ul>\n<li><strong>Prix adulte = \u00e0 partir de 160$ par personne<\/strong>.<\/li>\n<li>Prix pour les enfants \u00ab\u00a05-12\u2033= 50%.<\/li>\n<li>pour les enfants \u00ab\u00a00-5\u2033= Gratuit.<\/li>\n<\/ul>\n<p><strong>Critiques :<\/strong><\/p>\n<p>consultez notre Google Map Reviews comme Meilleur <a href=\"https:\/\/g.page\/r\/CUeYvkngP3wkEBM\/review\">Tour Op\u00e9rateur \u00e0 Hurghada<\/a> en ligne \u00e0 <a href=\"https:\/\/hurghadalovers.com\/\">Hurghada<\/a> Egypte.<\/p>\n<p><strong>R\u00e9servation :<\/strong><\/p>\n<p>Envoyez l&rsquo;h\u00f4tel + le num\u00e9ro de la chambre + la photo du passeport \u00e0 WhatsApp : <strong>+201112596434<\/strong><\/p>\n<p>Si vous \u00eates en Egypte, r\u00e9servez d\u00e8s maintenant en ligne et confirmez votre arriv\u00e9e \u00e0 l&rsquo;h\u00f4tel.<\/p>\n<p>D\u00e9couvrez les secrets que vous ne connaissiez pas auparavant sur la fa\u00e7on dont les pyramides de Gizeh et la pyramide \u00e0 degr\u00e9s de Dj\u00e9ser ont \u00e9t\u00e9 construites dans la r\u00e9gion de Saqqarah, qui a \u00e9t\u00e9 construite par le roi Zoser, l\u2019un des c\u00e9l\u00e8bres rois pharaons \u00e9gyptiens\u00a0 \u00e0 travers l\u2019histoire.<\/p>\n<p>Il a d\u00e9couvert l\u2019histoire de l\u2019ancienne civilisation pharaonique apr\u00e8s avoir visit\u00e9 la Vall\u00e9e des Temples et la zone arch\u00e9ologique de Memphis.<\/p>\n<p>Gr\u00e2ce \u00e0 une visite priv\u00e9e de 8 heures, le suspense et l\u2019excitation r\u00e9elle commencent et un voyage dans le monde cach\u00e9 de la civilisation pharaonique de l\u2019\u00c9gypte et en apprenant \u00e0 conna\u00eetre les monuments pharaoniques les plus importants qui ont plus de 5000 ans avant JC, il y aura un guide professionnel qui expliquera les faits et l\u2019histoire de la construction de chacune des trois pyramides. Khufu, Khafre, Menkaure\u00a0\u00bb et fournir un soutien et r\u00e9pondre \u00e0 toutes vos questions auxquelles vous cherchez une r\u00e9ponse, en particulier les mythes et les miracles des pharaons dans la construction des pyramides et du Sphinx.<\/p>\n<p>&nbsp;<\/p>\n<p><strong>Pyramides de Gizeh, Sphinx<\/strong><\/p>\n<p>Pour une visite de 3 heures, le guide commence par une explication de tous les d\u00e9tails et faits de la construction de la grande pyramide du roi Kh\u00e9ops, puis se rend \u00e0 la pyramide du roi Khafre, puis \u00e0 la pyramide du roi Minkoa.<\/p>\n<p>La Grande Pyramide a \u00e9t\u00e9 construite \u00e0 l\u2019\u00e9poque de la Quatri\u00e8me Dynastie 2560-2540 av. J.-C. Hauteur : 146,5 m\u00e8tres (481 pieds) dans le pass\u00e9 et la superficie de base : 230,4 m\u00e8tres (756 pieds) L\u2019architecte : Ham Iono a con\u00e7u la conception architecturale de la pyramide et a suivi la construction jusqu\u2019\u00e0 son ach\u00e8vement.<\/p>\n<p>Pendant la visite, vous pouvez librement prendre des photos et grimper sur les rochers de pierre et les niveaux de la pyramide sans crainte, vous pouvez \u00e9galement monter \u00e0 dos de chameau et \u00e0 cheval pour un court voyage autour des trois pyramides.<\/p>\n<p>Ensuite, nous allons au Sphinx de Gizeh, qui est situ\u00e9 directement en face des pyramides de Gizeh comme un garde pour eux \u00e0 travers l\u2019histoire. Vous pouvez prendre des photos avec votre t\u00e9l\u00e9phone portable ou votre appareil photo devant la statue tout en d\u00e9couvrant les secrets de sa construction et quelle est l\u2019interpr\u00e9tation de l\u2019\u00e9criture \u00e9gyptienne antique sur le tableau des r\u00eaves.<\/p>\n<p>Le Grand Sphinx a \u00e9t\u00e9 construit \u00e0 l\u2019\u00e9poque du roi Khafre entre 2558-2532 av. J.-C., en regardant vers l\u2019est, avec une longueur de 73,5 m\u00e8tres, une longueur des pieds avant : 15 m\u00e8tres, une largeur: 19,3 m et une hauteur: 20 m<\/p>\n<p><strong>\u00a0<\/strong><\/p>\n<p><strong>R\u00e9gion de Saqqarah<\/strong><\/p>\n<p>Une visite de deux heures pour visiter la pyramide \u00e0 degr\u00e9s de Saqqarah dans le gouvernorat de Gizeh, connue sous le nom de pyramide de Dj\u00e9ser, qui a \u00e9t\u00e9 construite par le roi Dj\u00e9ser comme une tombe priv\u00e9e pour lui et la famille royale pharaonique.<\/p>\n<p>Hauteur : 62 m, la base de la pyramide est d\u2019environ : 125 m * 109 m. Le calcaire a \u00e9t\u00e9 utilis\u00e9 dans la construction de la pyramide et de ses terrasses. La pyramide a \u00e9t\u00e9 construite au 27\u00e8me si\u00e8cle avant JC, et l\u2019architecte : Imhotep a con\u00e7u et suivi toute la construction de la pyramide.<\/p>\n<p>L\u2019un des faits \u00e9tranges \u00e0 propos de la pyramide de Dj\u00e9ser est qu\u2019elle contient un couloir d\u2019une longueur de 365 m\u00e8tres et 400 salles souterraines, en plus de plus de 40 000 sculptures pharaoniques sur les murs, les sols et les couloirs \u00e0 l\u2019int\u00e9rieur de la pyramide.<\/p>\n<p><strong>\u00a0<\/strong><\/p>\n<p><strong>Memphis<\/strong><\/p>\n<p>Une visite sp\u00e9ciale d\u2019une heure qui visite l\u2019ancienne capitale pharaonique de l\u2019\u00c9gypte. Memphis est l\u2019une des plus anciennes capitales de l\u2019\u00c9gypte ancienne, et son \u00e2ge remonte \u00e0 plus de 3100 av. J.-C. Vous y trouverez la statue du roi Rams\u00e8s II, le Sphinx en alb\u00e2tre et d\u2019autres reliques pharaoniques.<\/p>\n<p>&nbsp;<\/p>\n<p>&nbsp;<\/p>\n<p>&nbsp;<\/p>\n<p><strong>La pyramide de Saqqarah veut-elle le d\u00e9tour ?<\/strong><\/p>\n<p>Oui, il vaut la peine d\u2019\u00eatre visit\u00e9, car il est consid\u00e9r\u00e9 comme le premier tombeau pharaonique construit sous la forme d\u2019une pyramide et pour en apprendre davantage sur les techniques architecturales qui ont \u00e9t\u00e9 utilis\u00e9es dans la construction de la pyramide.<\/p>\n<p>&nbsp;<\/p>\n<p><strong>Pouvez-vous visiter les pyramides de Gizeh ?<\/strong><\/p>\n<p>Oui, vous pouvez vous promener librement \u00e0 l\u2019int\u00e9rieur de la Grande Pyramide et entrer dans la salle fun\u00e9raire du roi Kh\u00e9ops. Il y a des frais sp\u00e9ciaux pour entrer dans la Grande Pyramide et la pyramide du roi Khafre.<\/p>\n<p>&nbsp;<\/p>\n<p><strong>Pouvez-vous aller \u00e0 l\u2019int\u00e9rieur du Sphinx ?<\/strong><\/p>\n<p>Aucune entr\u00e9e n\u2019est autoris\u00e9e \u00e0 l\u2019int\u00e9rieur du Sphinx, vous pouvez simplement vous promener librement autour de la statue et prendre des photos.<\/p>\n<p>&nbsp;<\/p>\n<p><strong>Dois-je couvrir mes cheveux dans les pyramides ?<\/strong><\/p>\n<p>Il est pr\u00e9f\u00e9rable de ne couvrir les cheveux que lors de la visite de mosqu\u00e9es en \u00c9gypte, mais lors de la visite de lieux arch\u00e9ologiques tels que les pyramides de Gizeh et la r\u00e9gion de Saqqarah, vous \u00eates libre.<\/p>\n<p>&nbsp;<\/p>\n<p>&nbsp;<\/p>\n","protected":false},"excerpt":{"rendered":"<p><strong>Excursion priv\u00e9e au Caire depuis <\/strong><strong>Makadi Bay<\/strong> pour visiter les pyramides de Gizeh, le Sphinx, Saqqara et Dahshur avec guide priv\u00e9, billets et d\u00e9jeuner. D\u00e9couvrez l&rsquo;histoire de la civilisation \u00e9gyptienne antique&#8230;<\/p>\n<p>&nbsp;<\/p>\n","protected":false},"featured_media":995425,"template":"","meta":{"_joinchat":[]},"product_brand":[],"product_cat":[29818],"product_tag":[],"class_list":{"0":"post-386459","1":"product","2":"type-product","3":"status-publish","4":"has-post-thumbnail","6":"product_cat-tour-fr","7":"tour_category-le-caire-excursions-dune-journee-depuis-makadi-bay","8":"tour_category-que-faire-a-makadi-bay","10":"first","11":"instock","12":"sale","13":"shipping-taxable","14":"purchasable","15":"product-type-tour"},"yoast_head":"<!-- This site is optimized with the Yoast SEO Premium plugin v26.9 (Yoast SEO v27.2) - https:\/\/yoast.com\/product\/yoast-seo-premium-wordpress\/ -->\n<title>Excursion priv\u00e9e au Caire depuis la baie de Makadi pour visiter les pyramides de Gizeh et Saqqara<\/title>\n<meta name=\"description\" content=\"Excursion priv\u00e9e au Caire depuis Makadi Bay pour visiter les pyramides de Gizeh, le Sphinx, Saqqara et Dahshur avec guide priv\u00e9, billets et d\u00e9jeuner.\" \/>\n<meta name=\"robots\" content=\"index, follow, max-snippet:-1, max-image-preview:large, max-video-preview:-1\" \/>\n<link rel=\"canonical\" href=\"https:\/\/hurghadalovers.com\/fr\/tours\/excursion-privee-au-caire-depuis-la-baie-de-makadi\/\" \/>\n<meta property=\"og:locale\" content=\"fr_FR\" \/>\n<meta property=\"og:type\" content=\"article\" \/>\n<meta property=\"og:title\" content=\"Excursion priv\u00e9e au Caire depuis Makadi Bay pour visiter les pyramides de Gizeh, le Sphinx, Saqqara et Dahshur\" \/>\n<meta property=\"og:description\" content=\"Excursion priv\u00e9e au Caire depuis Makadi Bay pour visiter les pyramides de Gizeh, le Sphinx, Saqqara et Dahshur avec guide priv\u00e9, billets et d\u00e9jeuner.\" \/>\n<meta property=\"og:url\" content=\"https:\/\/hurghadalovers.com\/fr\/tours\/excursion-privee-au-caire-depuis-la-baie-de-makadi\/\" \/>\n<meta property=\"og:site_name\" content=\"Hurghada Excursions &amp; Day Trips | Booking Best Prices Tours\" \/>\n<meta property=\"article:publisher\" content=\"https:\/\/www.facebook.com\/Hurghadaloversegypt\" \/>\n<meta property=\"article:modified_time\" content=\"2026-02-08T07:12:55+00:00\" \/>\n<meta property=\"og:image\" content=\"https:\/\/hurghadalovers.com\/wp-content\/uploads\/2023\/08\/Makadi-bay-Private-Day-Trip-to-Pyramids-and-Sakkara-Memphis-2025.jpeg\" \/>\n\t<meta property=\"og:image:width\" content=\"1600\" \/>\n\t<meta property=\"og:image:height\" content=\"1200\" \/>\n\t<meta property=\"og:image:type\" content=\"image\/jpeg\" \/>\n<meta name=\"twitter:card\" content=\"summary_large_image\" \/>\n<meta name=\"twitter:label1\" content=\"Prix\" \/>\n\t<meta name=\"twitter:data1\" content=\"&euro;&nbsp;170\" \/>\n\t<meta name=\"twitter:label2\" content=\"Disponibilit\u00e9\" \/>\n\t<meta name=\"twitter:data2\" content=\"En stock\" \/>\n<script type=\"application\/ld+json\" class=\"yoast-schema-graph\">{\"@context\":\"https:\/\/schema.org\",\"@graph\":[{\"@type\":[\"WebPage\",\"ItemPage\"],\"@id\":\"https:\/\/hurghadalovers.com\/fr\/tours\/excursion-privee-au-caire-depuis-la-baie-de-makadi\/\",\"url\":\"https:\/\/hurghadalovers.com\/fr\/tours\/excursion-privee-au-caire-depuis-la-baie-de-makadi\/\",\"name\":\"Excursion priv\u00e9e au Caire depuis la baie de Makadi pour visiter les pyramides de Gizeh et Saqqara\",\"isPartOf\":{\"@id\":\"https:\/\/hurghadalovers.com\/fr\/#website\"},\"primaryImageOfPage\":{\"@id\":\"https:\/\/hurghadalovers.com\/fr\/tours\/excursion-privee-au-caire-depuis-la-baie-de-makadi\/#primaryimage\"},\"image\":{\"@id\":\"https:\/\/hurghadalovers.com\/fr\/tours\/excursion-privee-au-caire-depuis-la-baie-de-makadi\/#primaryimage\"},\"thumbnailUrl\":\"https:\/\/hurghadalovers.com\/wp-content\/uploads\/2023\/08\/Makadi-bay-Private-Day-Trip-to-Pyramids-and-Sakkara-Memphis-2025.jpeg\",\"datePublished\":\"2023-08-29T15:38:21+00:00\",\"dateModified\":\"2026-02-08T07:12:55+00:00\",\"description\":\"Excursion priv\u00e9e au Caire depuis Makadi Bay pour visiter les pyramides de Gizeh, le Sphinx, Saqqara et Dahshur avec guide priv\u00e9, billets et d\u00e9jeuner.\",\"breadcrumb\":{\"@id\":\"https:\/\/hurghadalovers.com\/fr\/tours\/excursion-privee-au-caire-depuis-la-baie-de-makadi\/#breadcrumb\"},\"inLanguage\":\"fr-FR\",\"potentialAction\":[{\"@type\":\"ReadAction\",\"target\":[\"https:\/\/hurghadalovers.com\/fr\/tours\/excursion-privee-au-caire-depuis-la-baie-de-makadi\/\"]}]},{\"@type\":\"ImageObject\",\"inLanguage\":\"fr-FR\",\"@id\":\"https:\/\/hurghadalovers.com\/fr\/tours\/excursion-privee-au-caire-depuis-la-baie-de-makadi\/#primaryimage\",\"url\":\"https:\/\/hurghadalovers.com\/wp-content\/uploads\/2023\/08\/Makadi-bay-Private-Day-Trip-to-Pyramids-and-Sakkara-Memphis-2025.jpeg\",\"contentUrl\":\"https:\/\/hurghadalovers.com\/wp-content\/uploads\/2023\/08\/Makadi-bay-Private-Day-Trip-to-Pyramids-and-Sakkara-Memphis-2025.jpeg\",\"width\":1600,\"height\":1200,\"caption\":\"Makadi bay Private Day Trip to Pyramids and Sakkara, Memphis 2025\"},{\"@type\":\"BreadcrumbList\",\"@id\":\"https:\/\/hurghadalovers.com\/fr\/tours\/excursion-privee-au-caire-depuis-la-baie-de-makadi\/#breadcrumb\",\"itemListElement\":[{\"@type\":\"ListItem\",\"position\":1,\"name\":\"Home\",\"item\":\"https:\/\/hurghadalovers.com\/fr\/\"},{\"@type\":\"ListItem\",\"position\":2,\"name\":\"Shop\",\"item\":\"https:\/\/hurghadalovers.com\/fr\/shop\/\"},{\"@type\":\"ListItem\",\"position\":3,\"name\":\"Excursion priv\u00e9e au Caire depuis Makadi Bay pour visiter les pyramides de Gizeh, le Sphinx, Saqqara et Dahshur\"}]},{\"@type\":\"WebSite\",\"@id\":\"https:\/\/hurghadalovers.com\/fr\/#website\",\"url\":\"https:\/\/hurghadalovers.com\/fr\/\",\"name\":\"Hurghada Excursions & Day Trips | Booking Best Prices Tours\",\"description\":\"Hurghada Lovers - Best Tour Operator - Excursions &amp; Things to do for Family Day Trips with kids and Couples Romantic. Unique .Hidden gems\",\"publisher\":{\"@id\":\"https:\/\/hurghadalovers.com\/fr\/#organization\"},\"alternateName\":\"Hurghada Excursions\",\"potentialAction\":[{\"@type\":\"SearchAction\",\"target\":{\"@type\":\"EntryPoint\",\"urlTemplate\":\"https:\/\/hurghadalovers.com\/fr\/?s={search_term_string}\"},\"query-input\":{\"@type\":\"PropertyValueSpecification\",\"valueRequired\":true,\"valueName\":\"search_term_string\"}}],\"inLanguage\":\"fr-FR\"},{\"@type\":[\"Organization\",\"Place\",\"TravelAgency\"],\"@id\":\"https:\/\/hurghadalovers.com\/fr\/#organization\",\"name\":\"Hurghada Excursions\",\"url\":\"https:\/\/hurghadalovers.com\/fr\/\",\"logo\":{\"@id\":\"https:\/\/hurghadalovers.com\/fr\/tours\/excursion-privee-au-caire-depuis-la-baie-de-makadi\/#local-main-organization-logo\"},\"image\":{\"@id\":\"https:\/\/hurghadalovers.com\/fr\/tours\/excursion-privee-au-caire-depuis-la-baie-de-makadi\/#local-main-organization-logo\"},\"sameAs\":[\"https:\/\/www.facebook.com\/Hurghadaloversegypt\"],\"address\":{\"@id\":\"https:\/\/hurghadalovers.com\/fr\/tours\/excursion-privee-au-caire-depuis-la-baie-de-makadi\/#local-main-place-address\"},\"telephone\":[\"00201112596434\"],\"contactPoint\":{\"@type\":\"ContactPoint\",\"telephone\":\"00201112596434\",\"email\":\"weyouface@gmail.com\"},\"openingHoursSpecification\":{\"@type\":\"OpeningHoursSpecification\",\"dayOfWeek\":[\"Monday\",\"Tuesday\",\"Wednesday\",\"Thursday\",\"Friday\",\"Saturday\",\"Sunday\"],\"opens\":\"00:00\",\"closes\":\"23:59\"},\"email\":\"weyouface@gmail.com\",\"areaServed\":\"Luxor, Hurghada, El Gouna, Aswan, Sharm El Sheikh, Giza, Alexandria, Marsa Alam, Quseir, Soma Bay, Sahl Hasheesh, Red Sea, Makadi Bay, Cairo\",\"priceRange\":\"$\",\"currenciesAccepted\":\"euro\",\"paymentAccepted\":\"cash on site\"},{\"@type\":\"PostalAddress\",\"@id\":\"https:\/\/hurghadalovers.com\/fr\/tours\/excursion-privee-au-caire-depuis-la-baie-de-makadi\/#local-main-place-address\",\"streetAddress\":\"17 Banks street, Alkawther area, top nbk bank\",\"addressLocality\":\"hurghada\",\"postalCode\":\"84511\",\"addressRegion\":\"red sea\",\"addressCountry\":\"EG\"},{\"@type\":\"ImageObject\",\"inLanguage\":\"fr-FR\",\"@id\":\"https:\/\/hurghadalovers.com\/fr\/tours\/excursion-privee-au-caire-depuis-la-baie-de-makadi\/#local-main-organization-logo\",\"url\":\"https:\/\/hurghadalovers.com\/wp-content\/uploads\/2019\/10\/hurghada-excursions-logo.png\",\"contentUrl\":\"https:\/\/hurghadalovers.com\/wp-content\/uploads\/2019\/10\/hurghada-excursions-logo.png\",\"width\":272,\"height\":90,\"caption\":\"Hurghada Excursions\"}]}<\/script>\n<meta property=\"product:brand\" content=\"Le Caire Excursions d&#039;une journ\u00e9e depuis Makadi bay\" \/>\n<meta property=\"product:price:amount\" content=\"170\" \/>\n<meta property=\"product:price:currency\" content=\"EUR\" \/>\n<meta property=\"og:availability\" content=\"instock\" \/>\n<meta property=\"product:availability\" content=\"instock\" \/>\n<meta property=\"product:retailer_item_id\" content=\"MakadiBay012024\" \/>\n<meta property=\"product:condition\" content=\"new\" \/>\n<meta name=\"geo.placename\" content=\"hurghada\" \/>\n<meta name=\"geo.region\" content=\"\u00c9gypte\" \/>\n<!-- \/ Yoast SEO Premium plugin. -->","yoast_head_json":{"title":"Excursion priv\u00e9e au Caire depuis la baie de Makadi pour visiter les pyramides de Gizeh et Saqqara","description":"Excursion priv\u00e9e au Caire depuis Makadi Bay pour visiter les pyramides de Gizeh, le Sphinx, Saqqara et Dahshur avec guide priv\u00e9, billets et d\u00e9jeuner.","robots":{"index":"index","follow":"follow","max-snippet":"max-snippet:-1","max-image-preview":"max-image-preview:large","max-video-preview":"max-video-preview:-1"},"canonical":"https:\/\/hurghadalovers.com\/fr\/tours\/excursion-privee-au-caire-depuis-la-baie-de-makadi\/","og_locale":"fr_FR","og_type":"article","og_title":"Excursion priv\u00e9e au Caire depuis Makadi Bay pour visiter les pyramides de Gizeh, le Sphinx, Saqqara et Dahshur","og_description":"Excursion priv\u00e9e au Caire depuis Makadi Bay pour visiter les pyramides de Gizeh, le Sphinx, Saqqara et Dahshur avec guide priv\u00e9, billets et d\u00e9jeuner.","og_url":"https:\/\/hurghadalovers.com\/fr\/tours\/excursion-privee-au-caire-depuis-la-baie-de-makadi\/","og_site_name":"Hurghada Excursions &amp; Day Trips | Booking Best Prices Tours","article_publisher":"https:\/\/www.facebook.com\/Hurghadaloversegypt","article_modified_time":"2026-02-08T07:12:55+00:00","og_image":[{"width":1600,"height":1200,"url":"https:\/\/hurghadalovers.com\/wp-content\/uploads\/2023\/08\/Makadi-bay-Private-Day-Trip-to-Pyramids-and-Sakkara-Memphis-2025.jpeg","type":"image\/jpeg"}],"twitter_card":"summary_large_image","twitter_misc":{"Prix":"&euro;&nbsp;170","Disponibilit\u00e9":"En stock"},"schema":{"@context":"https:\/\/schema.org","@graph":[{"@type":["WebPage","ItemPage"],"@id":"https:\/\/hurghadalovers.com\/fr\/tours\/excursion-privee-au-caire-depuis-la-baie-de-makadi\/","url":"https:\/\/hurghadalovers.com\/fr\/tours\/excursion-privee-au-caire-depuis-la-baie-de-makadi\/","name":"Excursion priv\u00e9e au Caire depuis la baie de Makadi pour visiter les pyramides de Gizeh et Saqqara","isPartOf":{"@id":"https:\/\/hurghadalovers.com\/fr\/#website"},"primaryImageOfPage":{"@id":"https:\/\/hurghadalovers.com\/fr\/tours\/excursion-privee-au-caire-depuis-la-baie-de-makadi\/#primaryimage"},"image":{"@id":"https:\/\/hurghadalovers.com\/fr\/tours\/excursion-privee-au-caire-depuis-la-baie-de-makadi\/#primaryimage"},"thumbnailUrl":"https:\/\/hurghadalovers.com\/wp-content\/uploads\/2023\/08\/Makadi-bay-Private-Day-Trip-to-Pyramids-and-Sakkara-Memphis-2025.jpeg","datePublished":"2023-08-29T15:38:21+00:00","dateModified":"2026-02-08T07:12:55+00:00","description":"Excursion priv\u00e9e au Caire depuis Makadi Bay pour visiter les pyramides de Gizeh, le Sphinx, Saqqara et Dahshur avec guide priv\u00e9, billets et d\u00e9jeuner.","breadcrumb":{"@id":"https:\/\/hurghadalovers.com\/fr\/tours\/excursion-privee-au-caire-depuis-la-baie-de-makadi\/#breadcrumb"},"inLanguage":"fr-FR","potentialAction":[{"@type":"ReadAction","target":["https:\/\/hurghadalovers.com\/fr\/tours\/excursion-privee-au-caire-depuis-la-baie-de-makadi\/"]}]},{"@type":"ImageObject","inLanguage":"fr-FR","@id":"https:\/\/hurghadalovers.com\/fr\/tours\/excursion-privee-au-caire-depuis-la-baie-de-makadi\/#primaryimage","url":"https:\/\/hurghadalovers.com\/wp-content\/uploads\/2023\/08\/Makadi-bay-Private-Day-Trip-to-Pyramids-and-Sakkara-Memphis-2025.jpeg","contentUrl":"https:\/\/hurghadalovers.com\/wp-content\/uploads\/2023\/08\/Makadi-bay-Private-Day-Trip-to-Pyramids-and-Sakkara-Memphis-2025.jpeg","width":1600,"height":1200,"caption":"Makadi bay Private Day Trip to Pyramids and Sakkara, Memphis 2025"},{"@type":"BreadcrumbList","@id":"https:\/\/hurghadalovers.com\/fr\/tours\/excursion-privee-au-caire-depuis-la-baie-de-makadi\/#breadcrumb","itemListElement":[{"@type":"ListItem","position":1,"name":"Home","item":"https:\/\/hurghadalovers.com\/fr\/"},{"@type":"ListItem","position":2,"name":"Shop","item":"https:\/\/hurghadalovers.com\/fr\/shop\/"},{"@type":"ListItem","position":3,"name":"Excursion priv\u00e9e au Caire depuis Makadi Bay pour visiter les pyramides de Gizeh, le Sphinx, Saqqara et Dahshur"}]},{"@type":"WebSite","@id":"https:\/\/hurghadalovers.com\/fr\/#website","url":"https:\/\/hurghadalovers.com\/fr\/","name":"Hurghada Excursions & Day Trips | Booking Best Prices Tours","description":"Hurghada Lovers - Best Tour Operator - Excursions &amp; Things to do for Family Day Trips with kids and Couples Romantic. Unique .Hidden gems","publisher":{"@id":"https:\/\/hurghadalovers.com\/fr\/#organization"},"alternateName":"Hurghada Excursions","potentialAction":[{"@type":"SearchAction","target":{"@type":"EntryPoint","urlTemplate":"https:\/\/hurghadalovers.com\/fr\/?s={search_term_string}"},"query-input":{"@type":"PropertyValueSpecification","valueRequired":true,"valueName":"search_term_string"}}],"inLanguage":"fr-FR"},{"@type":["Organization","Place","TravelAgency"],"@id":"https:\/\/hurghadalovers.com\/fr\/#organization","name":"Hurghada Excursions","url":"https:\/\/hurghadalovers.com\/fr\/","logo":{"@id":"https:\/\/hurghadalovers.com\/fr\/tours\/excursion-privee-au-caire-depuis-la-baie-de-makadi\/#local-main-organization-logo"},"image":{"@id":"https:\/\/hurghadalovers.com\/fr\/tours\/excursion-privee-au-caire-depuis-la-baie-de-makadi\/#local-main-organization-logo"},"sameAs":["https:\/\/www.facebook.com\/Hurghadaloversegypt"],"address":{"@id":"https:\/\/hurghadalovers.com\/fr\/tours\/excursion-privee-au-caire-depuis-la-baie-de-makadi\/#local-main-place-address"},"telephone":["00201112596434"],"contactPoint":{"@type":"ContactPoint","telephone":"00201112596434","email":"weyouface@gmail.com"},"openingHoursSpecification":{"@type":"OpeningHoursSpecification","dayOfWeek":["Monday","Tuesday","Wednesday","Thursday","Friday","Saturday","Sunday"],"opens":"00:00","closes":"23:59"},"email":"weyouface@gmail.com","areaServed":"Luxor, Hurghada, El Gouna, Aswan, Sharm El Sheikh, Giza, Alexandria, Marsa Alam, Quseir, Soma Bay, Sahl Hasheesh, Red Sea, Makadi Bay, Cairo","priceRange":"$","currenciesAccepted":"euro","paymentAccepted":"cash on site"},{"@type":"PostalAddress","@id":"https:\/\/hurghadalovers.com\/fr\/tours\/excursion-privee-au-caire-depuis-la-baie-de-makadi\/#local-main-place-address","streetAddress":"17 Banks street, Alkawther area, top nbk bank","addressLocality":"hurghada","postalCode":"84511","addressRegion":"red sea","addressCountry":"EG"},{"@type":"ImageObject","inLanguage":"fr-FR","@id":"https:\/\/hurghadalovers.com\/fr\/tours\/excursion-privee-au-caire-depuis-la-baie-de-makadi\/#local-main-organization-logo","url":"https:\/\/hurghadalovers.com\/wp-content\/uploads\/2019\/10\/hurghada-excursions-logo.png","contentUrl":"https:\/\/hurghadalovers.com\/wp-content\/uploads\/2019\/10\/hurghada-excursions-logo.png","width":272,"height":90,"caption":"Hurghada Excursions"}]},"product_brand":"Le Caire Excursions d'une journ\u00e9e depuis Makadi bay","product_price_amount":"170","product_price_currency":"EUR","og_availability":"instock","product_availability":"instock","product_retailer_item_id":"MakadiBay012024","product_condition":"new","geo.placename":"hurghada","geo.region":"\u00c9gypte"},"_links":{"self":[{"href":"https:\/\/hurghadalovers.com\/fr\/wp-json\/wp\/v2\/product\/386459","targetHints":{"allow":["GET"]}}],"collection":[{"href":"https:\/\/hurghadalovers.com\/fr\/wp-json\/wp\/v2\/product"}],"about":[{"href":"https:\/\/hurghadalovers.com\/fr\/wp-json\/wp\/v2\/types\/product"}],"wp:featuredmedia":[{"embeddable":true,"href":"https:\/\/hurghadalovers.com\/fr\/wp-json\/wp\/v2\/media\/995425"}],"wp:attachment":[{"href":"https:\/\/hurghadalovers.com\/fr\/wp-json\/wp\/v2\/media?parent=386459"}],"wp:term":[{"taxonomy":"product_brand","embeddable":true,"href":"https:\/\/hurghadalovers.com\/fr\/wp-json\/wp\/v2\/product_brand?post=386459"},{"taxonomy":"product_cat","embeddable":true,"href":"https:\/\/hurghadalovers.com\/fr\/wp-json\/wp\/v2\/product_cat?post=386459"},{"taxonomy":"product_tag","embeddable":true,"href":"https:\/\/hurghadalovers.com\/fr\/wp-json\/wp\/v2\/product_tag?post=386459"}],"curies":[{"name":"wp","href":"https:\/\/api.w.org\/{rel}","templated":true}]}}