{"id":386130,"date":"2023-08-28T10:18:18","date_gmt":"2023-08-28T10:18:18","guid":{"rendered":"https:\/\/hurghadalovers.com\/shop\/non class\u00e9\/excursion-en-bateau-de-plongee-sous-marine-dans-la-baie-de-soma-pour-les-debutants\/"},"modified":"2026-02-08T18:30:13","modified_gmt":"2026-02-08T18:30:13","slug":"soma-bay-scuba-diving-boat-trip-for-beginners","status":"publish","type":"product","link":"https:\/\/hurghadalovers.com\/fr\/tours\/soma-bay-scuba-diving-boat-trip-for-beginners\/","title":{"rendered":"Excursion en bateau de plong\u00e9e sous-marine dans la baie de Soma pour les d\u00e9butants"},"content":{"rendered":"<p><strong>Excursion en bateau de plong\u00e9e pour les d\u00e9butants \u00e0 partir de <\/strong><strong>Soma bay<\/strong> avec d\u00e9jeuner, boissons, \u00e9quipement de plong\u00e9e et transfert.<\/p>\n<p style=\"text-align: center;\"><span style=\"color: #00ccff;\"><strong>Bateau de luxe<\/strong><strong> | <\/strong><strong>Instructeur de plong\u00e9e professionnel<\/strong><strong> | <\/strong><strong>Meilleurs sites de plong\u00e9e et r\u00e9cifs<\/strong><strong> Mer Rouge.<\/strong><\/span><\/p>\n<p><strong>Faits marquants :<\/strong><\/p>\n<ul>\n<li>2 arr\u00eats de plong\u00e9e sous-marine \u00ab\u00a015 minutes \u00e0 chaque arr\u00eat\u00a0\u00bb.<\/li>\n<\/ul>\n<p><strong>D\u00e9tails :<\/strong><\/p>\n<ul>\n<li>Disponibilit\u00e9 des visites : Tous les jours.<\/li>\n<li>Type de visite : Groupe ou priv\u00e9.<\/li>\n<li>Heure de prise en charge : \u00e0 partir de 07:30 A.M.<\/li>\n<li>Heure de prise en charge : 16h00.<\/li>\n<li>Accessible aux fauteuils roulants.<\/li>\n<li>Dur\u00e9e du voyage : 7 heures<\/li>\n<\/ul>\n<p><strong>R\u00e9servez maintenant et payez plus tard :<\/strong><\/p>\n<ul>\n<li>Paiement en esp\u00e8ces sur place pour le guide.<\/li>\n<li>Paiement en livres \u00e9gyptiennes, $, \u20ac ou \u00a3.<\/li>\n<\/ul>\n<p><strong>Politique d&rsquo;annulation :<\/strong><\/p>\n<ul>\n<li>vous annulez jusqu&rsquo;\u00e0 24 heures \u00e0 l&rsquo;avance.<\/li>\n<li>Si l&rsquo;un des membres de votre famille annule la matin\u00e9e, vous payez 50 % des frais.<\/li>\n<\/ul>\n<p><strong>Qu&rsquo;est-ce qui est inclus ?<\/strong><\/p>\n<ul>\n<li>Transfert depuis l&rsquo;h\u00f4tel Soma bay \u00ab\u00a0Prise en charge et retour \u00e0 l&rsquo;h\u00f4tel\u00a0\u00bb.<\/li>\n<li>Toutes les taxes, les droits d&rsquo;entr\u00e9e et les frais de manutention.<\/li>\n<li>Eau min\u00e9rale + Cola.<\/li>\n<li>Instructeur de plong\u00e9e professionnel.<\/li>\n<li>Equipement de plong\u00e9e et de snorkeling \u00ab\u00a0Masques et palmes\u00a0\u00bb.<\/li>\n<li>D\u00e9jeuner buffet VIP sur le bateau.<\/li>\n<li>Gilets de sauvetage.<\/li>\n<\/ul>\n<p><strong>Exclusions ?<\/strong><\/p>\n<ul>\n<li>Pourboires.<\/li>\n<li>Photographie et photos pour le voyage.<\/li>\n<li>Nous proposons la location de maillots de bain pour femmes, hommes et enfants de toutes tailles \u00a0\u00bb 5$ par personne \u00ab\u00a0.<\/li>\n<li>Tous les extras non mentionn\u00e9s.<\/li>\n<\/ul>\n<p><strong>Les prix :<\/strong><\/p>\n<p><strong>Prix adulte = <\/strong><strong>50$ par personne<\/strong>.<\/p>\n<p><strong>Critiques :<\/strong><\/p>\n<p>consultez notre Google Map Reviews comme Meilleur <a href=\"https:\/\/g.page\/r\/CUeYvkngP3wkEBM\/review\">Tour Op\u00e9rateur \u00e0 Hurghada<\/a> en ligne \u00e0 <a href=\"https:\/\/hurghadalovers.com\/\">Hurghada<\/a> Egypte.<\/p>\n<p><strong>R\u00e9servation :<\/strong><\/p>\n<p>Envoyez l&rsquo;h\u00f4tel + le num\u00e9ro de la chambre + la photo du passeport \u00e0 WhatsApp : <strong>+201112596434<\/strong><\/p>\n<p>Si vous \u00eates en Egypte, r\u00e9servez d\u00e8s maintenant en ligne et confirmez votre arriv\u00e9e \u00e0 l&rsquo;h\u00f4tel.<\/p>\n<p>&nbsp;<\/p>\n<p>&nbsp;<\/p>\n","protected":false},"excerpt":{"rendered":"<p><strong>Excursion en bateau de plong\u00e9e pour les d\u00e9butants \u00e0 partir de <\/strong><strong>Soma bay<\/strong> avec d\u00e9jeuner, boissons, \u00e9quipement de plong\u00e9e et transfert.<\/p>\n<p style=\"text-align: center;\"><span style=\"color: #00ccff;\"><strong>Bateau de luxe<\/strong><strong> | <\/strong><strong>Instructeur de plong\u00e9e professionnel<\/strong><strong> | <\/strong><strong>Meilleurs sites de plong\u00e9e et r\u00e9cifs<\/strong><strong> Mer Rouge.<\/strong><\/span><\/p>\n<p>&nbsp;<\/p>\n","protected":false},"featured_media":386055,"template":"","meta":{"_joinchat":[]},"product_brand":[],"product_cat":[29818],"product_tag":[56680,56655,56674,56649,56420,56413,56643,56663,56668,56427,56537,56275,56285,56293,56423,56289,56281,56416],"class_list":{"0":"post-386130","1":"product","2":"type-product","3":"status-publish","4":"has-post-thumbnail","6":"product_cat-tour-fr","7":"product_tag-activites-dinterieur-de-soma-bay","8":"product_tag-activites-de-la-baie-de-soma-pour-les-couples","9":"product_tag-activites-pour-enfants-de-soma-bay-2","10":"product_tag-activites-romantiques-a-faire-a-partir-de-soma-bay","11":"product_tag-bateau-prive-soma-bay","12":"product_tag-bateau-rapide-soma-bay","13":"product_tag-choses-a-faire-a-soma-bay","14":"product_tag-choses-a-faire-a-soma-bay-pour-les-couples","15":"product_tag-choses-a-faire-avec-les-enfants-a-partir-de-soma-bay","16":"product_tag-excursion-en-bateau-prive-dans-la-baie-de-soma","17":"product_tag-excursions-dans-la-baie-de-soma","18":"product_tag-excursions-de-plongee-en-apnee-dans-la-baie-de-soma","19":"product_tag-excursions-en-bateau-dans-la-baie-de-soma","20":"product_tag-ile-giftun-baie-de-soma","21":"product_tag-location-de-bateaux-soma-bay","22":"product_tag-nager-avec-les-dauphins-soma-bay","23":"product_tag-plongee-sous-marine-a-soma-bay","24":"product_tag-soma-bay-boat-charters-fr","25":"tour_category-plongee-sous-marine-a-soma-bay","26":"tour_category-que-faire-a-soma-bay","28":"first","29":"instock","30":"sale","31":"shipping-taxable","32":"purchasable","33":"product-type-tour"},"yoast_head":"<!-- This site is optimized with the Yoast SEO Premium plugin v26.9 (Yoast SEO v27.2) - https:\/\/yoast.com\/product\/yoast-seo-premium-wordpress\/ -->\n<title>Excursion en bateau de plong\u00e9e sous-marine pour les d\u00e9butants dans la baie de Soma avec d\u00e9jeuner<\/title>\n<meta name=\"description\" content=\"Excursion en bateau de plong\u00e9e sous-marine \u00e0 Soma bay pour les d\u00e9butants avec d\u00e9jeuner, boissons, \u00e9quipement de plong\u00e9e et transfert.bateau de luxe | instructeur de plong\u00e9e professionnel | meilleurs sites de plong\u00e9e\" \/>\n<meta name=\"robots\" content=\"index, follow, max-snippet:-1, max-image-preview:large, max-video-preview:-1\" \/>\n<link rel=\"canonical\" href=\"https:\/\/hurghadalovers.com\/fr\/tours\/soma-bay-scuba-diving-boat-trip-for-beginners\/\" \/>\n<meta property=\"og:locale\" content=\"fr_FR\" \/>\n<meta property=\"og:type\" content=\"article\" \/>\n<meta property=\"og:title\" content=\"Excursion en bateau de plong\u00e9e sous-marine dans la baie de Soma pour les d\u00e9butants\" \/>\n<meta property=\"og:description\" content=\"Excursion en bateau de plong\u00e9e sous-marine \u00e0 Soma bay pour les d\u00e9butants avec d\u00e9jeuner, boissons, \u00e9quipement de plong\u00e9e et transfert.bateau de luxe | instructeur de plong\u00e9e professionnel | meilleurs sites de plong\u00e9e\" \/>\n<meta property=\"og:url\" content=\"https:\/\/hurghadalovers.com\/fr\/tours\/soma-bay-scuba-diving-boat-trip-for-beginners\/\" \/>\n<meta property=\"og:site_name\" content=\"Hurghada Excursions &amp; Day Trips | Booking Best Prices Tours\" \/>\n<meta property=\"article:publisher\" content=\"https:\/\/www.facebook.com\/Hurghadaloversegypt\" \/>\n<meta property=\"article:modified_time\" content=\"2026-02-08T18:30:13+00:00\" \/>\n<meta property=\"og:image\" content=\"https:\/\/hurghadalovers.com\/wp-content\/uploads\/2023\/08\/Soma-bay-Scuba-Diving-Boat-Trip-for-Beginners.png\" \/>\n\t<meta property=\"og:image:width\" content=\"846\" \/>\n\t<meta property=\"og:image:height\" content=\"543\" \/>\n\t<meta property=\"og:image:type\" content=\"image\/png\" \/>\n<meta name=\"twitter:card\" content=\"summary_large_image\" \/>\n<meta name=\"twitter:label1\" content=\"Prix\" \/>\n\t<meta name=\"twitter:data1\" content=\"&euro;&nbsp;55\" \/>\n\t<meta name=\"twitter:label2\" content=\"Disponibilit\u00e9\" \/>\n\t<meta name=\"twitter:data2\" content=\"En stock\" \/>\n<script type=\"application\/ld+json\" class=\"yoast-schema-graph\">{\"@context\":\"https:\/\/schema.org\",\"@graph\":[{\"@type\":[\"WebPage\",\"ItemPage\"],\"@id\":\"https:\/\/hurghadalovers.com\/fr\/tours\/soma-bay-scuba-diving-boat-trip-for-beginners\/\",\"url\":\"https:\/\/hurghadalovers.com\/fr\/tours\/soma-bay-scuba-diving-boat-trip-for-beginners\/\",\"name\":\"Excursion en bateau de plong\u00e9e sous-marine pour les d\u00e9butants dans la baie de Soma avec d\u00e9jeuner\",\"isPartOf\":{\"@id\":\"https:\/\/hurghadalovers.com\/fr\/#website\"},\"primaryImageOfPage\":{\"@id\":\"https:\/\/hurghadalovers.com\/fr\/tours\/soma-bay-scuba-diving-boat-trip-for-beginners\/#primaryimage\"},\"image\":{\"@id\":\"https:\/\/hurghadalovers.com\/fr\/tours\/soma-bay-scuba-diving-boat-trip-for-beginners\/#primaryimage\"},\"thumbnailUrl\":\"https:\/\/hurghadalovers.com\/wp-content\/uploads\/2023\/08\/Soma-bay-Scuba-Diving-Boat-Trip-for-Beginners.png\",\"datePublished\":\"2023-08-28T10:18:18+00:00\",\"dateModified\":\"2026-02-08T18:30:13+00:00\",\"description\":\"Excursion en bateau de plong\u00e9e sous-marine \u00e0 Soma bay pour les d\u00e9butants avec d\u00e9jeuner, boissons, \u00e9quipement de plong\u00e9e et transfert.bateau de luxe | instructeur de plong\u00e9e professionnel | meilleurs sites de plong\u00e9e\",\"breadcrumb\":{\"@id\":\"https:\/\/hurghadalovers.com\/fr\/tours\/soma-bay-scuba-diving-boat-trip-for-beginners\/#breadcrumb\"},\"inLanguage\":\"fr-FR\",\"potentialAction\":[{\"@type\":\"ReadAction\",\"target\":[\"https:\/\/hurghadalovers.com\/fr\/tours\/soma-bay-scuba-diving-boat-trip-for-beginners\/\"]}]},{\"@type\":\"ImageObject\",\"inLanguage\":\"fr-FR\",\"@id\":\"https:\/\/hurghadalovers.com\/fr\/tours\/soma-bay-scuba-diving-boat-trip-for-beginners\/#primaryimage\",\"url\":\"https:\/\/hurghadalovers.com\/wp-content\/uploads\/2023\/08\/Soma-bay-Scuba-Diving-Boat-Trip-for-Beginners.png\",\"contentUrl\":\"https:\/\/hurghadalovers.com\/wp-content\/uploads\/2023\/08\/Soma-bay-Scuba-Diving-Boat-Trip-for-Beginners.png\",\"width\":846,\"height\":543,\"caption\":\"Excursion en bateau de plong\u00e9e sous-marine dans la baie de Soma pour les d\u00e9butants\"},{\"@type\":\"BreadcrumbList\",\"@id\":\"https:\/\/hurghadalovers.com\/fr\/tours\/soma-bay-scuba-diving-boat-trip-for-beginners\/#breadcrumb\",\"itemListElement\":[{\"@type\":\"ListItem\",\"position\":1,\"name\":\"Home\",\"item\":\"https:\/\/hurghadalovers.com\/fr\/\"},{\"@type\":\"ListItem\",\"position\":2,\"name\":\"Shop\",\"item\":\"https:\/\/hurghadalovers.com\/fr\/shop\/\"},{\"@type\":\"ListItem\",\"position\":3,\"name\":\"Excursion en bateau de plong\u00e9e sous-marine dans la baie de Soma pour les d\u00e9butants\"}]},{\"@type\":\"WebSite\",\"@id\":\"https:\/\/hurghadalovers.com\/fr\/#website\",\"url\":\"https:\/\/hurghadalovers.com\/fr\/\",\"name\":\"Hurghada Excursions & Day Trips | Booking Best Prices Tours\",\"description\":\"Hurghada Lovers - Best Tour Operator - Excursions &amp; Things to do for Family Day Trips with kids and Couples Romantic. Unique .Hidden gems\",\"publisher\":{\"@id\":\"https:\/\/hurghadalovers.com\/fr\/#organization\"},\"alternateName\":\"Hurghada Excursions\",\"potentialAction\":[{\"@type\":\"SearchAction\",\"target\":{\"@type\":\"EntryPoint\",\"urlTemplate\":\"https:\/\/hurghadalovers.com\/fr\/?s={search_term_string}\"},\"query-input\":{\"@type\":\"PropertyValueSpecification\",\"valueRequired\":true,\"valueName\":\"search_term_string\"}}],\"inLanguage\":\"fr-FR\"},{\"@type\":[\"Organization\",\"Place\",\"TravelAgency\"],\"@id\":\"https:\/\/hurghadalovers.com\/fr\/#organization\",\"name\":\"Hurghada Excursions\",\"url\":\"https:\/\/hurghadalovers.com\/fr\/\",\"logo\":{\"@id\":\"https:\/\/hurghadalovers.com\/fr\/tours\/soma-bay-scuba-diving-boat-trip-for-beginners\/#local-main-organization-logo\"},\"image\":{\"@id\":\"https:\/\/hurghadalovers.com\/fr\/tours\/soma-bay-scuba-diving-boat-trip-for-beginners\/#local-main-organization-logo\"},\"sameAs\":[\"https:\/\/www.facebook.com\/Hurghadaloversegypt\"],\"address\":{\"@id\":\"https:\/\/hurghadalovers.com\/fr\/tours\/soma-bay-scuba-diving-boat-trip-for-beginners\/#local-main-place-address\"},\"telephone\":[\"00201112596434\"],\"contactPoint\":{\"@type\":\"ContactPoint\",\"telephone\":\"00201112596434\",\"email\":\"weyouface@gmail.com\"},\"openingHoursSpecification\":{\"@type\":\"OpeningHoursSpecification\",\"dayOfWeek\":[\"Monday\",\"Tuesday\",\"Wednesday\",\"Thursday\",\"Friday\",\"Saturday\",\"Sunday\"],\"opens\":\"00:00\",\"closes\":\"23:59\"},\"email\":\"weyouface@gmail.com\",\"areaServed\":\"Luxor, Hurghada, El Gouna, Aswan, Sharm El Sheikh, Giza, Alexandria, Marsa Alam, Quseir, Soma Bay, Sahl Hasheesh, Red Sea, Makadi Bay, Cairo\",\"priceRange\":\"$\",\"currenciesAccepted\":\"euro\",\"paymentAccepted\":\"cash on site\"},{\"@type\":\"PostalAddress\",\"@id\":\"https:\/\/hurghadalovers.com\/fr\/tours\/soma-bay-scuba-diving-boat-trip-for-beginners\/#local-main-place-address\",\"streetAddress\":\"17 Banks street, Alkawther area, top nbk bank\",\"addressLocality\":\"hurghada\",\"postalCode\":\"84511\",\"addressRegion\":\"red sea\",\"addressCountry\":\"EG\"},{\"@type\":\"ImageObject\",\"inLanguage\":\"fr-FR\",\"@id\":\"https:\/\/hurghadalovers.com\/fr\/tours\/soma-bay-scuba-diving-boat-trip-for-beginners\/#local-main-organization-logo\",\"url\":\"https:\/\/hurghadalovers.com\/wp-content\/uploads\/2019\/10\/hurghada-excursions-logo.png\",\"contentUrl\":\"https:\/\/hurghadalovers.com\/wp-content\/uploads\/2019\/10\/hurghada-excursions-logo.png\",\"width\":272,\"height\":90,\"caption\":\"Hurghada Excursions\"}]}<\/script>\n<meta property=\"product:brand\" content=\"Plong\u00e9e sous-marine \u00e0 Soma bay\" \/>\n<meta property=\"product:price:amount\" content=\"55\" \/>\n<meta property=\"product:price:currency\" content=\"EUR\" \/>\n<meta property=\"og:availability\" content=\"instock\" \/>\n<meta property=\"product:availability\" content=\"instock\" \/>\n<meta property=\"product:retailer_item_id\" content=\"SomaSnorkeling042024\" \/>\n<meta property=\"product:condition\" content=\"new\" \/>\n<meta name=\"geo.placename\" content=\"hurghada\" \/>\n<meta name=\"geo.region\" content=\"\u00c9gypte\" \/>\n<!-- \/ Yoast SEO Premium plugin. -->","yoast_head_json":{"title":"Excursion en bateau de plong\u00e9e sous-marine pour les d\u00e9butants dans la baie de Soma avec d\u00e9jeuner","description":"Excursion en bateau de plong\u00e9e sous-marine \u00e0 Soma bay pour les d\u00e9butants avec d\u00e9jeuner, boissons, \u00e9quipement de plong\u00e9e et transfert.bateau de luxe | instructeur de plong\u00e9e professionnel | meilleurs sites de plong\u00e9e","robots":{"index":"index","follow":"follow","max-snippet":"max-snippet:-1","max-image-preview":"max-image-preview:large","max-video-preview":"max-video-preview:-1"},"canonical":"https:\/\/hurghadalovers.com\/fr\/tours\/soma-bay-scuba-diving-boat-trip-for-beginners\/","og_locale":"fr_FR","og_type":"article","og_title":"Excursion en bateau de plong\u00e9e sous-marine dans la baie de Soma pour les d\u00e9butants","og_description":"Excursion en bateau de plong\u00e9e sous-marine \u00e0 Soma bay pour les d\u00e9butants avec d\u00e9jeuner, boissons, \u00e9quipement de plong\u00e9e et transfert.bateau de luxe | instructeur de plong\u00e9e professionnel | meilleurs sites de plong\u00e9e","og_url":"https:\/\/hurghadalovers.com\/fr\/tours\/soma-bay-scuba-diving-boat-trip-for-beginners\/","og_site_name":"Hurghada Excursions &amp; Day Trips | Booking Best Prices Tours","article_publisher":"https:\/\/www.facebook.com\/Hurghadaloversegypt","article_modified_time":"2026-02-08T18:30:13+00:00","og_image":[{"width":846,"height":543,"url":"https:\/\/hurghadalovers.com\/wp-content\/uploads\/2023\/08\/Soma-bay-Scuba-Diving-Boat-Trip-for-Beginners.png","type":"image\/png"}],"twitter_card":"summary_large_image","twitter_misc":{"Prix":"&euro;&nbsp;55","Disponibilit\u00e9":"En stock"},"schema":{"@context":"https:\/\/schema.org","@graph":[{"@type":["WebPage","ItemPage"],"@id":"https:\/\/hurghadalovers.com\/fr\/tours\/soma-bay-scuba-diving-boat-trip-for-beginners\/","url":"https:\/\/hurghadalovers.com\/fr\/tours\/soma-bay-scuba-diving-boat-trip-for-beginners\/","name":"Excursion en bateau de plong\u00e9e sous-marine pour les d\u00e9butants dans la baie de Soma avec d\u00e9jeuner","isPartOf":{"@id":"https:\/\/hurghadalovers.com\/fr\/#website"},"primaryImageOfPage":{"@id":"https:\/\/hurghadalovers.com\/fr\/tours\/soma-bay-scuba-diving-boat-trip-for-beginners\/#primaryimage"},"image":{"@id":"https:\/\/hurghadalovers.com\/fr\/tours\/soma-bay-scuba-diving-boat-trip-for-beginners\/#primaryimage"},"thumbnailUrl":"https:\/\/hurghadalovers.com\/wp-content\/uploads\/2023\/08\/Soma-bay-Scuba-Diving-Boat-Trip-for-Beginners.png","datePublished":"2023-08-28T10:18:18+00:00","dateModified":"2026-02-08T18:30:13+00:00","description":"Excursion en bateau de plong\u00e9e sous-marine \u00e0 Soma bay pour les d\u00e9butants avec d\u00e9jeuner, boissons, \u00e9quipement de plong\u00e9e et transfert.bateau de luxe | instructeur de plong\u00e9e professionnel | meilleurs sites de plong\u00e9e","breadcrumb":{"@id":"https:\/\/hurghadalovers.com\/fr\/tours\/soma-bay-scuba-diving-boat-trip-for-beginners\/#breadcrumb"},"inLanguage":"fr-FR","potentialAction":[{"@type":"ReadAction","target":["https:\/\/hurghadalovers.com\/fr\/tours\/soma-bay-scuba-diving-boat-trip-for-beginners\/"]}]},{"@type":"ImageObject","inLanguage":"fr-FR","@id":"https:\/\/hurghadalovers.com\/fr\/tours\/soma-bay-scuba-diving-boat-trip-for-beginners\/#primaryimage","url":"https:\/\/hurghadalovers.com\/wp-content\/uploads\/2023\/08\/Soma-bay-Scuba-Diving-Boat-Trip-for-Beginners.png","contentUrl":"https:\/\/hurghadalovers.com\/wp-content\/uploads\/2023\/08\/Soma-bay-Scuba-Diving-Boat-Trip-for-Beginners.png","width":846,"height":543,"caption":"Excursion en bateau de plong\u00e9e sous-marine dans la baie de Soma pour les d\u00e9butants"},{"@type":"BreadcrumbList","@id":"https:\/\/hurghadalovers.com\/fr\/tours\/soma-bay-scuba-diving-boat-trip-for-beginners\/#breadcrumb","itemListElement":[{"@type":"ListItem","position":1,"name":"Home","item":"https:\/\/hurghadalovers.com\/fr\/"},{"@type":"ListItem","position":2,"name":"Shop","item":"https:\/\/hurghadalovers.com\/fr\/shop\/"},{"@type":"ListItem","position":3,"name":"Excursion en bateau de plong\u00e9e sous-marine dans la baie de Soma pour les d\u00e9butants"}]},{"@type":"WebSite","@id":"https:\/\/hurghadalovers.com\/fr\/#website","url":"https:\/\/hurghadalovers.com\/fr\/","name":"Hurghada Excursions & Day Trips | Booking Best Prices Tours","description":"Hurghada Lovers - Best Tour Operator - Excursions &amp; Things to do for Family Day Trips with kids and Couples Romantic. Unique .Hidden gems","publisher":{"@id":"https:\/\/hurghadalovers.com\/fr\/#organization"},"alternateName":"Hurghada Excursions","potentialAction":[{"@type":"SearchAction","target":{"@type":"EntryPoint","urlTemplate":"https:\/\/hurghadalovers.com\/fr\/?s={search_term_string}"},"query-input":{"@type":"PropertyValueSpecification","valueRequired":true,"valueName":"search_term_string"}}],"inLanguage":"fr-FR"},{"@type":["Organization","Place","TravelAgency"],"@id":"https:\/\/hurghadalovers.com\/fr\/#organization","name":"Hurghada Excursions","url":"https:\/\/hurghadalovers.com\/fr\/","logo":{"@id":"https:\/\/hurghadalovers.com\/fr\/tours\/soma-bay-scuba-diving-boat-trip-for-beginners\/#local-main-organization-logo"},"image":{"@id":"https:\/\/hurghadalovers.com\/fr\/tours\/soma-bay-scuba-diving-boat-trip-for-beginners\/#local-main-organization-logo"},"sameAs":["https:\/\/www.facebook.com\/Hurghadaloversegypt"],"address":{"@id":"https:\/\/hurghadalovers.com\/fr\/tours\/soma-bay-scuba-diving-boat-trip-for-beginners\/#local-main-place-address"},"telephone":["00201112596434"],"contactPoint":{"@type":"ContactPoint","telephone":"00201112596434","email":"weyouface@gmail.com"},"openingHoursSpecification":{"@type":"OpeningHoursSpecification","dayOfWeek":["Monday","Tuesday","Wednesday","Thursday","Friday","Saturday","Sunday"],"opens":"00:00","closes":"23:59"},"email":"weyouface@gmail.com","areaServed":"Luxor, Hurghada, El Gouna, Aswan, Sharm El Sheikh, Giza, Alexandria, Marsa Alam, Quseir, Soma Bay, Sahl Hasheesh, Red Sea, Makadi Bay, Cairo","priceRange":"$","currenciesAccepted":"euro","paymentAccepted":"cash on site"},{"@type":"PostalAddress","@id":"https:\/\/hurghadalovers.com\/fr\/tours\/soma-bay-scuba-diving-boat-trip-for-beginners\/#local-main-place-address","streetAddress":"17 Banks street, Alkawther area, top nbk bank","addressLocality":"hurghada","postalCode":"84511","addressRegion":"red sea","addressCountry":"EG"},{"@type":"ImageObject","inLanguage":"fr-FR","@id":"https:\/\/hurghadalovers.com\/fr\/tours\/soma-bay-scuba-diving-boat-trip-for-beginners\/#local-main-organization-logo","url":"https:\/\/hurghadalovers.com\/wp-content\/uploads\/2019\/10\/hurghada-excursions-logo.png","contentUrl":"https:\/\/hurghadalovers.com\/wp-content\/uploads\/2019\/10\/hurghada-excursions-logo.png","width":272,"height":90,"caption":"Hurghada Excursions"}]},"product_brand":"Plong\u00e9e sous-marine \u00e0 Soma bay","product_price_amount":"55","product_price_currency":"EUR","og_availability":"instock","product_availability":"instock","product_retailer_item_id":"SomaSnorkeling042024","product_condition":"new","geo.placename":"hurghada","geo.region":"\u00c9gypte"},"_links":{"self":[{"href":"https:\/\/hurghadalovers.com\/fr\/wp-json\/wp\/v2\/product\/386130","targetHints":{"allow":["GET"]}}],"collection":[{"href":"https:\/\/hurghadalovers.com\/fr\/wp-json\/wp\/v2\/product"}],"about":[{"href":"https:\/\/hurghadalovers.com\/fr\/wp-json\/wp\/v2\/types\/product"}],"wp:featuredmedia":[{"embeddable":true,"href":"https:\/\/hurghadalovers.com\/fr\/wp-json\/wp\/v2\/media\/386055"}],"wp:attachment":[{"href":"https:\/\/hurghadalovers.com\/fr\/wp-json\/wp\/v2\/media?parent=386130"}],"wp:term":[{"taxonomy":"product_brand","embeddable":true,"href":"https:\/\/hurghadalovers.com\/fr\/wp-json\/wp\/v2\/product_brand?post=386130"},{"taxonomy":"product_cat","embeddable":true,"href":"https:\/\/hurghadalovers.com\/fr\/wp-json\/wp\/v2\/product_cat?post=386130"},{"taxonomy":"product_tag","embeddable":true,"href":"https:\/\/hurghadalovers.com\/fr\/wp-json\/wp\/v2\/product_tag?post=386130"}],"curies":[{"name":"wp","href":"https:\/\/api.w.org\/{rel}","templated":true}]}}