{"id":385865,"date":"2023-08-27T20:45:48","date_gmt":"2023-08-27T20:45:48","guid":{"rendered":"https:\/\/hurghadalovers.com\/shop\/non class\u00e9\/excursion-matinale-en-quad-a-partir-de-soma-bay\/"},"modified":"2026-01-13T19:41:51","modified_gmt":"2026-01-13T19:41:51","slug":"excursion-matinale-en-quad-a-partir-de-soma-bay","status":"publish","type":"product","link":"https:\/\/hurghadalovers.com\/fr\/tours\/excursion-matinale-en-quad-a-partir-de-soma-bay\/","title":{"rendered":"Excursion matinale en quad \u00e0 partir de Soma bay"},"content":{"rendered":"<p>Randonn\u00e9e <strong>matinale en quad \u00e0 partir de Soma bay<\/strong> Safari dans le d\u00e9sert jusqu&rsquo;au <strong>village b\u00e9douin<\/strong> avec promenade \u00e0 dos de chameau.<\/p>\n<p>Vous avez h\u00e2te de voir les <strong>montagnes<\/strong> et les plateaux et de prendre des photos avec vos amis ? Participez aux meilleurs <strong>safaris<\/strong> dans les villages b\u00e9douins, <strong>montez \u00e0 dos de chameau<\/strong>, observez la vie des B\u00e9douins, escaladez les montagnes et vivez une exp\u00e9rience passionnante dans le d\u00e9sert pour \u00e9vacuer l&rsquo;<strong>adr\u00e9naline<\/strong> de votre corps.<\/p>\n<p style=\"text-align: center;\"><span style=\"color: #ff9900;\">Meilleures choses \u00e0 faire \u00e0 Soma bay pour une <strong>lune de miel<\/strong> <strong>romantique<\/strong> et <strong>en couple<\/strong><\/span><\/p>\n<p><strong>Faits marquants :<\/strong><\/p>\n<ol>\n<li>Balade en quad.<\/li>\n<li>Promenade \u00e0 dos de chameau.<\/li>\n<li>Village b\u00e9douin.<\/li>\n<\/ol>\n<p><strong>Matin<\/strong> <strong>D\u00e9tails de l&rsquo;excursion en quad :<\/strong><\/p>\n<ul>\n<li>Disponibilit\u00e9 des visites : Tous les jours.<\/li>\n<li>Type d&rsquo;excursion : Groupe.<\/li>\n<li>Heure de prise en charge : \u00e0 partir de 07h30.<\/li>\n<li>Heure de prise en charge : Heure du coucher du soleil.<\/li>\n<li>Dur\u00e9e : 3 heures<\/li>\n<\/ul>\n<p><strong>R\u00e9servez maintenant et payez plus tard :<\/strong><\/p>\n<ul>\n<li>Paiement en esp\u00e8ces sur place pour le guide.<\/li>\n<li>Paiement en livres \u00e9gyptiennes, $, \u20ac ou \u00a3.<\/li>\n<\/ul>\n<p><strong>Politique d&rsquo;annulation :<\/strong><\/p>\n<ul>\n<li>vous annulez jusqu&rsquo;\u00e0 24 heures \u00e0 l&rsquo;avance.<\/li>\n<li>Si l&rsquo;un des membres de votre famille annule la matin\u00e9e, vous payez 50 % des frais.<\/li>\n<\/ul>\n<p><strong>Qu&rsquo;est-ce qui est inclus ?<\/strong><\/p>\n<ul>\n<li>Transfert depuis l&rsquo;h\u00f4tel Soma bay \u00ab\u00a0Prise en charge et retour \u00e0 l&rsquo;h\u00f4tel\u00a0\u00bb.<\/li>\n<li>Toutes les taxes, les droits d&rsquo;entr\u00e9e et les frais de manutention.<\/li>\n<li>Transferts.<\/li>\n<li>Guide touristique.<\/li>\n<li>Casque.<\/li>\n<\/ul>\n<p><strong>Exclusions ?<\/strong><\/p>\n<ul>\n<li>Foulard<\/li>\n<li>Lunettes de protection<\/li>\n<li>Pourboires.<\/li>\n<li>Photographie pour le voyage.<\/li>\n<li>Tous les extras non mentionn\u00e9s.<strong> <\/strong><\/li>\n<\/ul>\n<p><strong>Les prix :<\/strong><\/p>\n<p><strong>Prix adulte = <\/strong><strong>30$<\/strong><strong> par personne<\/strong>.<\/p>\n<p><strong>Critiques :<\/strong><\/p>\n<p>consultez notre Google Map Reviews comme Meilleur <a href=\"https:\/\/g.page\/r\/CUeYvkngP3wkEBM\/review\">Tour Op\u00e9rateur \u00e0 Hurghada<\/a> en ligne \u00e0 <a href=\"https:\/\/hurghadalovers.com\/\">Hurghada<\/a> Egypte.<\/p>\n<p>&nbsp;<\/p>\n<p><strong>R\u00e9servation :<\/strong><\/p>\n<p>Envoyez l&rsquo;h\u00f4tel + le num\u00e9ro de la chambre + la photo du passeport \u00e0 WhatsApp : <strong>+201112596434<\/strong><\/p>\n<p>Si vous \u00eates en Egypte, r\u00e9servez d\u00e8s maintenant en ligne et confirmez votre arriv\u00e9e \u00e0 l&rsquo;h\u00f4tel.<\/p>\n<p>&nbsp;<\/p>\n<p>&nbsp;<\/p>\n","protected":false},"excerpt":{"rendered":"<p>Randonn\u00e9e matinale en quad \u00e0 partir de Soma bay Safari dans le d\u00e9sert jusqu&rsquo;au village b\u00e9douin avec promenade \u00e0 dos de chameau. Meilleures choses \u00e0 faire \u00e0 Soma bay pour une lune de miel romantique et en couple<\/p>\n","protected":false},"featured_media":932448,"template":"","meta":{"_joinchat":[]},"product_brand":[],"product_cat":[29818],"product_tag":[56680,56541,56655,56674,56649,56619,56643,56663,56668,56546,56537,56600,56631,56614,56625,56589,56609,56595,56637],"class_list":{"0":"post-385865","1":"product","2":"type-product","3":"status-publish","4":"has-post-thumbnail","6":"product_cat-tour-fr","7":"product_tag-activites-dinterieur-de-soma-bay","8":"product_tag-activites-dans-la-baie-de-soma","9":"product_tag-activites-de-la-baie-de-soma-pour-les-couples","10":"product_tag-activites-pour-enfants-de-soma-bay-2","11":"product_tag-activites-romantiques-a-faire-a-partir-de-soma-bay","12":"product_tag-atv-soma-bay-fr","13":"product_tag-choses-a-faire-a-soma-bay","14":"product_tag-choses-a-faire-a-soma-bay-pour-les-couples","15":"product_tag-choses-a-faire-avec-les-enfants-a-partir-de-soma-bay","16":"product_tag-excursions-dune-journee-dans-la-baie-de-soma","17":"product_tag-excursions-dans-la-baie-de-soma","18":"product_tag-observation-des-etoiles-soma-bay","19":"product_tag-randonnee-a-dos-de-chameau-soma-bay","20":"product_tag-randonnee-en-quad-a-soma-bay","21":"product_tag-safari-a-soma-bay","22":"product_tag-safari-dans-le-desert-soma-bay","23":"product_tag-safari-sahara-soma-bay-fr-2","24":"product_tag-soma-bay-buggy-safari-fr","25":"product_tag-village-bedouin-soma-bay","26":"tour_category-que-faire-a-soma-bay","27":"tour_category-safari-en-quad-a-soma-bay","29":"first","30":"instock","31":"sale","32":"shipping-taxable","33":"purchasable","34":"product-type-tour"},"yoast_head":"<!-- This site is optimized with the Yoast SEO Premium plugin v26.9 (Yoast SEO v27.2) - https:\/\/yoast.com\/product\/yoast-seo-premium-wordpress\/ -->\n<title>Excursion matinale en quad au d\u00e9part de Soma bay Desert Safari<\/title>\n<meta name=\"description\" content=\"Randonn\u00e9e matinale en quad \u00e0 partir de Soma bay Safari dans le d\u00e9sert jusqu&#039;au village b\u00e9douin avec promenade \u00e0 dos de chameau. Meilleures choses \u00e0 faire \u00e0 Soma bay pour une lune de miel romantique et en couple\" \/>\n<meta name=\"robots\" content=\"index, follow, max-snippet:-1, max-image-preview:large, max-video-preview:-1\" \/>\n<link rel=\"canonical\" href=\"https:\/\/hurghadalovers.com\/fr\/tours\/excursion-matinale-en-quad-a-partir-de-soma-bay\/\" \/>\n<meta property=\"og:locale\" content=\"fr_FR\" \/>\n<meta property=\"og:type\" content=\"article\" \/>\n<meta property=\"og:title\" content=\"Excursion matinale en quad \u00e0 partir de Soma bay\" \/>\n<meta property=\"og:description\" content=\"Randonn\u00e9e matinale en quad \u00e0 partir de Soma bay Safari dans le d\u00e9sert jusqu&#039;au village b\u00e9douin avec promenade \u00e0 dos de chameau. Meilleures choses \u00e0 faire \u00e0 Soma bay pour une lune de miel romantique et en couple\" \/>\n<meta property=\"og:url\" content=\"https:\/\/hurghadalovers.com\/fr\/tours\/excursion-matinale-en-quad-a-partir-de-soma-bay\/\" \/>\n<meta property=\"og:site_name\" content=\"Hurghada Excursions &amp; Day Trips | Booking Best Prices Tours\" \/>\n<meta property=\"article:publisher\" content=\"https:\/\/www.facebook.com\/Hurghadaloversegypt\" \/>\n<meta property=\"article:modified_time\" content=\"2026-01-13T19:41:51+00:00\" \/>\n<meta property=\"og:image\" content=\"https:\/\/hurghadalovers.com\/wp-content\/uploads\/2023\/08\/Hurghada-Quad-Biking-on-the-Beach-Trip.jpeg\" \/>\n\t<meta property=\"og:image:width\" content=\"1156\" \/>\n\t<meta property=\"og:image:height\" content=\"867\" \/>\n\t<meta property=\"og:image:type\" content=\"image\/jpeg\" \/>\n<meta name=\"twitter:card\" content=\"summary_large_image\" \/>\n<meta name=\"twitter:label1\" content=\"Prix\" \/>\n\t<meta name=\"twitter:data1\" content=\"&euro;&nbsp;40\" \/>\n\t<meta name=\"twitter:label2\" content=\"Disponibilit\u00e9\" \/>\n\t<meta name=\"twitter:data2\" content=\"En stock\" \/>\n<script type=\"application\/ld+json\" class=\"yoast-schema-graph\">{\"@context\":\"https:\/\/schema.org\",\"@graph\":[{\"@type\":[\"WebPage\",\"ItemPage\"],\"@id\":\"https:\/\/hurghadalovers.com\/fr\/tours\/excursion-matinale-en-quad-a-partir-de-soma-bay\/\",\"url\":\"https:\/\/hurghadalovers.com\/fr\/tours\/excursion-matinale-en-quad-a-partir-de-soma-bay\/\",\"name\":\"Excursion matinale en quad au d\u00e9part de Soma bay Desert Safari\",\"isPartOf\":{\"@id\":\"https:\/\/hurghadalovers.com\/fr\/#website\"},\"primaryImageOfPage\":{\"@id\":\"https:\/\/hurghadalovers.com\/fr\/tours\/excursion-matinale-en-quad-a-partir-de-soma-bay\/#primaryimage\"},\"image\":{\"@id\":\"https:\/\/hurghadalovers.com\/fr\/tours\/excursion-matinale-en-quad-a-partir-de-soma-bay\/#primaryimage\"},\"thumbnailUrl\":\"https:\/\/hurghadalovers.com\/wp-content\/uploads\/2023\/08\/Hurghada-Quad-Biking-on-the-Beach-Trip.jpeg\",\"datePublished\":\"2023-08-27T20:45:48+00:00\",\"dateModified\":\"2026-01-13T19:41:51+00:00\",\"description\":\"Randonn\u00e9e matinale en quad \u00e0 partir de Soma bay Safari dans le d\u00e9sert jusqu'au village b\u00e9douin avec promenade \u00e0 dos de chameau. Meilleures choses \u00e0 faire \u00e0 Soma bay pour une lune de miel romantique et en couple\",\"breadcrumb\":{\"@id\":\"https:\/\/hurghadalovers.com\/fr\/tours\/excursion-matinale-en-quad-a-partir-de-soma-bay\/#breadcrumb\"},\"inLanguage\":\"fr-FR\",\"potentialAction\":[{\"@type\":\"ReadAction\",\"target\":[\"https:\/\/hurghadalovers.com\/fr\/tours\/excursion-matinale-en-quad-a-partir-de-soma-bay\/\"]}]},{\"@type\":\"ImageObject\",\"inLanguage\":\"fr-FR\",\"@id\":\"https:\/\/hurghadalovers.com\/fr\/tours\/excursion-matinale-en-quad-a-partir-de-soma-bay\/#primaryimage\",\"url\":\"https:\/\/hurghadalovers.com\/wp-content\/uploads\/2023\/08\/Hurghada-Quad-Biking-on-the-Beach-Trip.jpeg\",\"contentUrl\":\"https:\/\/hurghadalovers.com\/wp-content\/uploads\/2023\/08\/Hurghada-Quad-Biking-on-the-Beach-Trip.jpeg\",\"width\":1156,\"height\":867,\"caption\":\"Hurghada Quad Biking on the Beach Trip\"},{\"@type\":\"BreadcrumbList\",\"@id\":\"https:\/\/hurghadalovers.com\/fr\/tours\/excursion-matinale-en-quad-a-partir-de-soma-bay\/#breadcrumb\",\"itemListElement\":[{\"@type\":\"ListItem\",\"position\":1,\"name\":\"Home\",\"item\":\"https:\/\/hurghadalovers.com\/fr\/\"},{\"@type\":\"ListItem\",\"position\":2,\"name\":\"Shop\",\"item\":\"https:\/\/hurghadalovers.com\/fr\/shop\/\"},{\"@type\":\"ListItem\",\"position\":3,\"name\":\"Excursion matinale en quad \u00e0 partir de Soma bay\"}]},{\"@type\":\"WebSite\",\"@id\":\"https:\/\/hurghadalovers.com\/fr\/#website\",\"url\":\"https:\/\/hurghadalovers.com\/fr\/\",\"name\":\"Hurghada Excursions & Day Trips | Booking Best Prices Tours\",\"description\":\"Hurghada Lovers - Best Tour Operator - Excursions &amp; Things to do for Family Day Trips with kids and Couples Romantic. Unique .Hidden gems\",\"publisher\":{\"@id\":\"https:\/\/hurghadalovers.com\/fr\/#organization\"},\"alternateName\":\"Hurghada Excursions\",\"potentialAction\":[{\"@type\":\"SearchAction\",\"target\":{\"@type\":\"EntryPoint\",\"urlTemplate\":\"https:\/\/hurghadalovers.com\/fr\/?s={search_term_string}\"},\"query-input\":{\"@type\":\"PropertyValueSpecification\",\"valueRequired\":true,\"valueName\":\"search_term_string\"}}],\"inLanguage\":\"fr-FR\"},{\"@type\":[\"Organization\",\"Place\",\"TravelAgency\"],\"@id\":\"https:\/\/hurghadalovers.com\/fr\/#organization\",\"name\":\"Hurghada Excursions\",\"url\":\"https:\/\/hurghadalovers.com\/fr\/\",\"logo\":{\"@id\":\"https:\/\/hurghadalovers.com\/fr\/tours\/excursion-matinale-en-quad-a-partir-de-soma-bay\/#local-main-organization-logo\"},\"image\":{\"@id\":\"https:\/\/hurghadalovers.com\/fr\/tours\/excursion-matinale-en-quad-a-partir-de-soma-bay\/#local-main-organization-logo\"},\"sameAs\":[\"https:\/\/www.facebook.com\/Hurghadaloversegypt\"],\"address\":{\"@id\":\"https:\/\/hurghadalovers.com\/fr\/tours\/excursion-matinale-en-quad-a-partir-de-soma-bay\/#local-main-place-address\"},\"telephone\":[\"00201112596434\"],\"contactPoint\":{\"@type\":\"ContactPoint\",\"telephone\":\"00201112596434\",\"email\":\"weyouface@gmail.com\"},\"openingHoursSpecification\":{\"@type\":\"OpeningHoursSpecification\",\"dayOfWeek\":[\"Monday\",\"Tuesday\",\"Wednesday\",\"Thursday\",\"Friday\",\"Saturday\",\"Sunday\"],\"opens\":\"00:00\",\"closes\":\"23:59\"},\"email\":\"weyouface@gmail.com\",\"areaServed\":\"Luxor, Hurghada, El Gouna, Aswan, Sharm El Sheikh, Giza, Alexandria, Marsa Alam, Quseir, Soma Bay, Sahl Hasheesh, Red Sea, Makadi Bay, Cairo\",\"priceRange\":\"$\",\"currenciesAccepted\":\"euro\",\"paymentAccepted\":\"cash on site\"},{\"@type\":\"PostalAddress\",\"@id\":\"https:\/\/hurghadalovers.com\/fr\/tours\/excursion-matinale-en-quad-a-partir-de-soma-bay\/#local-main-place-address\",\"streetAddress\":\"17 Banks street, Alkawther area, top nbk bank\",\"addressLocality\":\"hurghada\",\"postalCode\":\"84511\",\"addressRegion\":\"red sea\",\"addressCountry\":\"EG\"},{\"@type\":\"ImageObject\",\"inLanguage\":\"fr-FR\",\"@id\":\"https:\/\/hurghadalovers.com\/fr\/tours\/excursion-matinale-en-quad-a-partir-de-soma-bay\/#local-main-organization-logo\",\"url\":\"https:\/\/hurghadalovers.com\/wp-content\/uploads\/2019\/10\/hurghada-excursions-logo.png\",\"contentUrl\":\"https:\/\/hurghadalovers.com\/wp-content\/uploads\/2019\/10\/hurghada-excursions-logo.png\",\"width\":272,\"height\":90,\"caption\":\"Hurghada Excursions\"}]}<\/script>\n<meta property=\"product:brand\" content=\"Que faire \u00e0 Soma bay\" \/>\n<meta property=\"product:price:amount\" content=\"40\" \/>\n<meta property=\"product:price:currency\" content=\"EUR\" \/>\n<meta property=\"og:availability\" content=\"instock\" \/>\n<meta property=\"product:availability\" content=\"instock\" \/>\n<meta property=\"product:retailer_item_id\" content=\"Soma202405\" \/>\n<meta property=\"product:condition\" content=\"new\" \/>\n<meta name=\"geo.placename\" content=\"hurghada\" \/>\n<meta name=\"geo.region\" content=\"\u00c9gypte\" \/>\n<!-- \/ Yoast SEO Premium plugin. -->","yoast_head_json":{"title":"Excursion matinale en quad au d\u00e9part de Soma bay Desert Safari","description":"Randonn\u00e9e matinale en quad \u00e0 partir de Soma bay Safari dans le d\u00e9sert jusqu'au village b\u00e9douin avec promenade \u00e0 dos de chameau. Meilleures choses \u00e0 faire \u00e0 Soma bay pour une lune de miel romantique et en couple","robots":{"index":"index","follow":"follow","max-snippet":"max-snippet:-1","max-image-preview":"max-image-preview:large","max-video-preview":"max-video-preview:-1"},"canonical":"https:\/\/hurghadalovers.com\/fr\/tours\/excursion-matinale-en-quad-a-partir-de-soma-bay\/","og_locale":"fr_FR","og_type":"article","og_title":"Excursion matinale en quad \u00e0 partir de Soma bay","og_description":"Randonn\u00e9e matinale en quad \u00e0 partir de Soma bay Safari dans le d\u00e9sert jusqu'au village b\u00e9douin avec promenade \u00e0 dos de chameau. Meilleures choses \u00e0 faire \u00e0 Soma bay pour une lune de miel romantique et en couple","og_url":"https:\/\/hurghadalovers.com\/fr\/tours\/excursion-matinale-en-quad-a-partir-de-soma-bay\/","og_site_name":"Hurghada Excursions &amp; Day Trips | Booking Best Prices Tours","article_publisher":"https:\/\/www.facebook.com\/Hurghadaloversegypt","article_modified_time":"2026-01-13T19:41:51+00:00","og_image":[{"width":1156,"height":867,"url":"https:\/\/hurghadalovers.com\/wp-content\/uploads\/2023\/08\/Hurghada-Quad-Biking-on-the-Beach-Trip.jpeg","type":"image\/jpeg"}],"twitter_card":"summary_large_image","twitter_misc":{"Prix":"&euro;&nbsp;40","Disponibilit\u00e9":"En stock"},"schema":{"@context":"https:\/\/schema.org","@graph":[{"@type":["WebPage","ItemPage"],"@id":"https:\/\/hurghadalovers.com\/fr\/tours\/excursion-matinale-en-quad-a-partir-de-soma-bay\/","url":"https:\/\/hurghadalovers.com\/fr\/tours\/excursion-matinale-en-quad-a-partir-de-soma-bay\/","name":"Excursion matinale en quad au d\u00e9part de Soma bay Desert Safari","isPartOf":{"@id":"https:\/\/hurghadalovers.com\/fr\/#website"},"primaryImageOfPage":{"@id":"https:\/\/hurghadalovers.com\/fr\/tours\/excursion-matinale-en-quad-a-partir-de-soma-bay\/#primaryimage"},"image":{"@id":"https:\/\/hurghadalovers.com\/fr\/tours\/excursion-matinale-en-quad-a-partir-de-soma-bay\/#primaryimage"},"thumbnailUrl":"https:\/\/hurghadalovers.com\/wp-content\/uploads\/2023\/08\/Hurghada-Quad-Biking-on-the-Beach-Trip.jpeg","datePublished":"2023-08-27T20:45:48+00:00","dateModified":"2026-01-13T19:41:51+00:00","description":"Randonn\u00e9e matinale en quad \u00e0 partir de Soma bay Safari dans le d\u00e9sert jusqu'au village b\u00e9douin avec promenade \u00e0 dos de chameau. Meilleures choses \u00e0 faire \u00e0 Soma bay pour une lune de miel romantique et en couple","breadcrumb":{"@id":"https:\/\/hurghadalovers.com\/fr\/tours\/excursion-matinale-en-quad-a-partir-de-soma-bay\/#breadcrumb"},"inLanguage":"fr-FR","potentialAction":[{"@type":"ReadAction","target":["https:\/\/hurghadalovers.com\/fr\/tours\/excursion-matinale-en-quad-a-partir-de-soma-bay\/"]}]},{"@type":"ImageObject","inLanguage":"fr-FR","@id":"https:\/\/hurghadalovers.com\/fr\/tours\/excursion-matinale-en-quad-a-partir-de-soma-bay\/#primaryimage","url":"https:\/\/hurghadalovers.com\/wp-content\/uploads\/2023\/08\/Hurghada-Quad-Biking-on-the-Beach-Trip.jpeg","contentUrl":"https:\/\/hurghadalovers.com\/wp-content\/uploads\/2023\/08\/Hurghada-Quad-Biking-on-the-Beach-Trip.jpeg","width":1156,"height":867,"caption":"Hurghada Quad Biking on the Beach Trip"},{"@type":"BreadcrumbList","@id":"https:\/\/hurghadalovers.com\/fr\/tours\/excursion-matinale-en-quad-a-partir-de-soma-bay\/#breadcrumb","itemListElement":[{"@type":"ListItem","position":1,"name":"Home","item":"https:\/\/hurghadalovers.com\/fr\/"},{"@type":"ListItem","position":2,"name":"Shop","item":"https:\/\/hurghadalovers.com\/fr\/shop\/"},{"@type":"ListItem","position":3,"name":"Excursion matinale en quad \u00e0 partir de Soma bay"}]},{"@type":"WebSite","@id":"https:\/\/hurghadalovers.com\/fr\/#website","url":"https:\/\/hurghadalovers.com\/fr\/","name":"Hurghada Excursions & Day Trips | Booking Best Prices Tours","description":"Hurghada Lovers - Best Tour Operator - Excursions &amp; Things to do for Family Day Trips with kids and Couples Romantic. Unique .Hidden gems","publisher":{"@id":"https:\/\/hurghadalovers.com\/fr\/#organization"},"alternateName":"Hurghada Excursions","potentialAction":[{"@type":"SearchAction","target":{"@type":"EntryPoint","urlTemplate":"https:\/\/hurghadalovers.com\/fr\/?s={search_term_string}"},"query-input":{"@type":"PropertyValueSpecification","valueRequired":true,"valueName":"search_term_string"}}],"inLanguage":"fr-FR"},{"@type":["Organization","Place","TravelAgency"],"@id":"https:\/\/hurghadalovers.com\/fr\/#organization","name":"Hurghada Excursions","url":"https:\/\/hurghadalovers.com\/fr\/","logo":{"@id":"https:\/\/hurghadalovers.com\/fr\/tours\/excursion-matinale-en-quad-a-partir-de-soma-bay\/#local-main-organization-logo"},"image":{"@id":"https:\/\/hurghadalovers.com\/fr\/tours\/excursion-matinale-en-quad-a-partir-de-soma-bay\/#local-main-organization-logo"},"sameAs":["https:\/\/www.facebook.com\/Hurghadaloversegypt"],"address":{"@id":"https:\/\/hurghadalovers.com\/fr\/tours\/excursion-matinale-en-quad-a-partir-de-soma-bay\/#local-main-place-address"},"telephone":["00201112596434"],"contactPoint":{"@type":"ContactPoint","telephone":"00201112596434","email":"weyouface@gmail.com"},"openingHoursSpecification":{"@type":"OpeningHoursSpecification","dayOfWeek":["Monday","Tuesday","Wednesday","Thursday","Friday","Saturday","Sunday"],"opens":"00:00","closes":"23:59"},"email":"weyouface@gmail.com","areaServed":"Luxor, Hurghada, El Gouna, Aswan, Sharm El Sheikh, Giza, Alexandria, Marsa Alam, Quseir, Soma Bay, Sahl Hasheesh, Red Sea, Makadi Bay, Cairo","priceRange":"$","currenciesAccepted":"euro","paymentAccepted":"cash on site"},{"@type":"PostalAddress","@id":"https:\/\/hurghadalovers.com\/fr\/tours\/excursion-matinale-en-quad-a-partir-de-soma-bay\/#local-main-place-address","streetAddress":"17 Banks street, Alkawther area, top nbk bank","addressLocality":"hurghada","postalCode":"84511","addressRegion":"red sea","addressCountry":"EG"},{"@type":"ImageObject","inLanguage":"fr-FR","@id":"https:\/\/hurghadalovers.com\/fr\/tours\/excursion-matinale-en-quad-a-partir-de-soma-bay\/#local-main-organization-logo","url":"https:\/\/hurghadalovers.com\/wp-content\/uploads\/2019\/10\/hurghada-excursions-logo.png","contentUrl":"https:\/\/hurghadalovers.com\/wp-content\/uploads\/2019\/10\/hurghada-excursions-logo.png","width":272,"height":90,"caption":"Hurghada Excursions"}]},"product_brand":"Que faire \u00e0 Soma bay","product_price_amount":"40","product_price_currency":"EUR","og_availability":"instock","product_availability":"instock","product_retailer_item_id":"Soma202405","product_condition":"new","geo.placename":"hurghada","geo.region":"\u00c9gypte"},"_links":{"self":[{"href":"https:\/\/hurghadalovers.com\/fr\/wp-json\/wp\/v2\/product\/385865","targetHints":{"allow":["GET"]}}],"collection":[{"href":"https:\/\/hurghadalovers.com\/fr\/wp-json\/wp\/v2\/product"}],"about":[{"href":"https:\/\/hurghadalovers.com\/fr\/wp-json\/wp\/v2\/types\/product"}],"wp:featuredmedia":[{"embeddable":true,"href":"https:\/\/hurghadalovers.com\/fr\/wp-json\/wp\/v2\/media\/932448"}],"wp:attachment":[{"href":"https:\/\/hurghadalovers.com\/fr\/wp-json\/wp\/v2\/media?parent=385865"}],"wp:term":[{"taxonomy":"product_brand","embeddable":true,"href":"https:\/\/hurghadalovers.com\/fr\/wp-json\/wp\/v2\/product_brand?post=385865"},{"taxonomy":"product_cat","embeddable":true,"href":"https:\/\/hurghadalovers.com\/fr\/wp-json\/wp\/v2\/product_cat?post=385865"},{"taxonomy":"product_tag","embeddable":true,"href":"https:\/\/hurghadalovers.com\/fr\/wp-json\/wp\/v2\/product_tag?post=385865"}],"curies":[{"name":"wp","href":"https:\/\/api.w.org\/{rel}","templated":true}]}}