{"id":384159,"date":"2023-08-26T20:26:44","date_gmt":"2023-08-26T20:30:57","guid":{"rendered":"https:\/\/hurghadalovers.com\/shop\/non%20class\u00e9\/soma-bay-a-louxor-excursion-dune-journee-a-la-vallee-des-reines-en-bus\/"},"modified":"2026-02-07T15:33:22","modified_gmt":"2026-02-07T15:33:22","slug":"soma-bay-to-luxor-excursion-dun-jour-a-la-vallee-des-reines","status":"publish","type":"product","link":"https:\/\/hurghadalovers.com\/fr\/tours\/soma-bay-to-luxor-excursion-dun-jour-a-la-vallee-des-reines\/","title":{"rendered":"Soma bay \u00e0 Louxor Excursion d&rsquo;une journ\u00e9e \u00e0 la Vall\u00e9e des Reines en bus"},"content":{"rendered":"<p><strong>Excursion de jour de la<\/strong> <strong>baie de Soma<\/strong> <strong>\u00e0 Louxor \u00e0 la Vall\u00e9e des Reines en bus<\/strong> avec guide priv\u00e9, d\u00e9jeuner, billets et transfert pour visiter le Temple de Karnak, le Temple d&rsquo;Hatchepsout, les Colosses de Memnon.<\/p>\n<p style=\"text-align: center;\"><span style=\"color: #993300;\"><strong>D\u00e9couvrez les secrets de la civilisation pharaonique<\/strong><\/span><\/p>\n<p>&nbsp;<\/p>\n<p><strong>Faits marquants :<\/strong><\/p>\n<ol>\n<li>Temple de Karnak.<\/li>\n<li>D\u00e9jeuner au restaurant \u00ab\u00a0Vegetarians Food is available\u00a0\u00bb.<\/li>\n<li>5min Felucca sur le Nil.<\/li>\n<li>Colosses de Memnon.<\/li>\n<li>Temple mortuaire d&rsquo;Hatchepsout.<\/li>\n<li>La vall\u00e9e des reines.<\/li>\n<\/ol>\n<p><strong>Baie de Soma<\/strong> <strong>Excursion d&rsquo;une journ\u00e9e \u00e0 Louxor et \u00e0 la Vall\u00e9e des Reines en bus D\u00e9tails :<\/strong><\/p>\n<ul>\n<li>Disponibilit\u00e9 des visites : Tous les jours.<\/li>\n<li>Type d&rsquo;excursion : Groupe.<\/li>\n<li>Heure de prise en charge : \u00e0 partir de 05:00 A.M.<\/li>\n<li>Demander \u00e0 l&rsquo;h\u00f4tel de recevoir votre sac de petit-d\u00e9jeuner le matin.<\/li>\n<li>Heure de prise en charge : 19:30.<\/li>\n<li>Accessible aux fauteuils roulants.<\/li>\n<li>Dur\u00e9e : 20 heures<\/li>\n<\/ul>\n<p><strong>R\u00e9servez maintenant et payez plus tard :<\/strong><\/p>\n<ul>\n<li>Paiement en esp\u00e8ces sur place pour le guide.<\/li>\n<li>Paiement en livres \u00e9gyptiennes, $, \u20ac ou \u00a3.<\/li>\n<\/ul>\n<p><strong>Politique d&rsquo;annulation :<\/strong><\/p>\n<ul>\n<li>vous annulez jusqu&rsquo;\u00e0 24 heures \u00e0 l&rsquo;avance.<\/li>\n<li>Si l&rsquo;un des membres de votre famille annule la matin\u00e9e, vous payez 50 % des frais.<\/li>\n<\/ul>\n<p><strong>Qu&rsquo;est-ce qui est inclus ?<\/strong><\/p>\n<ul>\n<li>Transfert depuis l&rsquo;h\u00f4tel Soma bay \u00ab\u00a0Prise en charge et retour \u00e0 l&rsquo;h\u00f4tel\u00a0\u00bb.<\/li>\n<li>Toutes les taxes, les billets, les droits d&rsquo;entr\u00e9e et les frais de manutention.<\/li>\n<li>Transferts.<\/li>\n<li>Guide touristique.<\/li>\n<li>D\u00e9jeuner au restaurant.<\/li>\n<\/ul>\n<p><strong>Exclusions ?<\/strong><\/p>\n<ul>\n<li>Pourboires.<\/li>\n<li>Excursion en felouque \u00ab\u00a0Croisi\u00e8re en bateau\u00a0\u00bb Pour 35 min= 10$.<\/li>\n<li>Tous les extras non mentionn\u00e9s.<\/li>\n<\/ul>\n<p><strong>Les prix :<\/strong><\/p>\n<ul>\n<li><strong>Prix adulte = <\/strong><strong>65$<\/strong><strong> par personne<\/strong>.<\/li>\n<li>Prix pour les enfants \u00ab\u00a05-12\u2033= 50%.<\/li>\n<li>pour les enfants \u00ab\u00a00-5\u2033= Gratuit.<\/li>\n<\/ul>\n<p>&nbsp;<\/p>\n<p><strong>Critiques :<\/strong><\/p>\n<p>consultez notre Google Map Reviews comme Meilleur <a href=\"https:\/\/g.page\/r\/CUeYvkngP3wkEBM\/review\">Tour Op\u00e9rateur \u00e0 Hurghada<\/a> en ligne \u00e0 <a href=\"https:\/\/hurghadalovers.com\/\">Hurghada<\/a> Egypte.<\/p>\n<p>&nbsp;<\/p>\n<p><strong>R\u00e9servation :<\/strong><\/p>\n<p>Envoyez l&rsquo;h\u00f4tel + le num\u00e9ro de la chambre + la photo du passeport \u00e0 WhatsApp : <strong>+201112596434<\/strong><\/p>\n<p>Si vous \u00eates en Egypte, r\u00e9servez d\u00e8s maintenant en ligne et confirmez votre arriv\u00e9e \u00e0 l&rsquo;h\u00f4tel.<\/p>\n<p>&nbsp;<\/p>\n<p>&nbsp;<\/p>\n","protected":false},"excerpt":{"rendered":"<p><strong>Excursion de jour de la<\/strong> <strong>baie de Soma<\/strong> <strong>\u00e0 Louxor \u00e0 la Vall\u00e9e des Reines en bus<\/strong> avec guide priv\u00e9, d\u00e9jeuner, billets et transfert pour visiter le Temple de Karnak, le Temple d&rsquo;Hatchepsout, les Colosses de Memnon.<\/p>\n","protected":false},"featured_media":384113,"template":"","meta":{"_joinchat":[]},"product_brand":[],"product_cat":[29818],"product_tag":[56756,56692,56582,56270,56714,56458,49401,56453,56463,56448,56762,56708,56697,56702,56483,56468,56473],"class_list":{"0":"post-384159","1":"product","2":"type-product","3":"status-publish","4":"has-post-thumbnail","6":"product_cat-tour-fr","7":"product_tag-a-voir-a-soma-bay","8":"product_tag-activites-familiales-a-soma-bay-fr","9":"product_tag-activites-interieures-pour-couples-soma-bay","10":"product_tag-activites-pour-enfants-a-soma-bay","11":"product_tag-activites-romantiques-pour-les-couples-a-soma-bay","12":"product_tag-bus-de-soma-bay-a-louxor","13":"product_tag-day-trips-from-soma-bay","14":"product_tag-excursion-a-louxor-depuis-soma-bay","15":"product_tag-excursion-dune-journee-a-louxor-depuis-soma-bay","16":"product_tag-excursion-dune-journee-de-la-baie-de-soma-a-louxor","17":"product_tag-excursions-dune-journee-a-partir-de-soma-bay-fr","18":"product_tag-excursions-dune-journee-a-partir-de-soma-bay","19":"product_tag-journees-familiales-au-depart-de-soma-bay","20":"product_tag-lieux-a-visiter-a-soma-bay","21":"product_tag-transfert-de-louxor-a-soma-bay","22":"product_tag-visite-de-la-baie-de-soma-a-louxor","23":"product_tag-visite-de-louxor-depuis-soma-bay","24":"tour_category-louxor-excursions-dune-journee-depuis-soma-bay","25":"tour_category-que-faire-a-soma-bay","27":"first","28":"instock","29":"sale","30":"shipping-taxable","31":"purchasable","32":"product-type-tour"},"yoast_head":"<!-- This site is optimized with the Yoast SEO Premium plugin v26.9 (Yoast SEO v27.2) - https:\/\/yoast.com\/product\/yoast-seo-premium-wordpress\/ -->\n<title>Soma bay \u00e0 Louxor Excursion d&#039;une journ\u00e9e \u00e0 la Vall\u00e9e des Reines en bus<\/title>\n<meta name=\"description\" content=\"Excursion de jour de la baie de Soma \u00e0 Louxor \u00e0 la Vall\u00e9e des Reines en bus avec guide priv\u00e9, d\u00e9jeuner, billets et transfert pour visiter le Temple de Karnak, le Temple d&#039;Hatchepsout.\" \/>\n<meta name=\"robots\" content=\"index, follow, max-snippet:-1, max-image-preview:large, max-video-preview:-1\" \/>\n<link rel=\"canonical\" href=\"https:\/\/hurghadalovers.com\/fr\/tours\/soma-bay-to-luxor-excursion-dun-jour-a-la-vallee-des-reines\/\" \/>\n<meta property=\"og:locale\" content=\"fr_FR\" \/>\n<meta property=\"og:type\" content=\"article\" \/>\n<meta property=\"og:title\" content=\"Soma bay \u00e0 Louxor Excursion d&#039;une journ\u00e9e \u00e0 la Vall\u00e9e des Reines en bus\" \/>\n<meta property=\"og:description\" content=\"Excursion de jour de la baie de Soma \u00e0 Louxor \u00e0 la Vall\u00e9e des Reines en bus avec guide priv\u00e9, d\u00e9jeuner, billets et transfert pour visiter le Temple de Karnak, le Temple d&#039;Hatchepsout.\" \/>\n<meta property=\"og:url\" content=\"https:\/\/hurghadalovers.com\/fr\/tours\/soma-bay-to-luxor-excursion-dun-jour-a-la-vallee-des-reines\/\" \/>\n<meta property=\"og:site_name\" content=\"Hurghada Excursions &amp; Day Trips | Booking Best Prices Tours\" \/>\n<meta property=\"article:publisher\" content=\"https:\/\/www.facebook.com\/Hurghadaloversegypt\" \/>\n<meta property=\"article:modified_time\" content=\"2026-02-07T15:33:22+00:00\" \/>\n<meta property=\"og:image\" content=\"https:\/\/hurghadalovers.com\/wp-content\/uploads\/2023\/08\/Soma-bay-To-Luxor-Day-Trip-to-Valley-of-The-Queens-by-Bus.jpeg\" \/>\n\t<meta property=\"og:image:width\" content=\"1536\" \/>\n\t<meta property=\"og:image:height\" content=\"1024\" \/>\n\t<meta property=\"og:image:type\" content=\"image\/jpeg\" \/>\n<meta name=\"twitter:card\" content=\"summary_large_image\" \/>\n<meta name=\"twitter:label1\" content=\"Prix\" \/>\n\t<meta name=\"twitter:data1\" content=\"&euro;&nbsp;65\" \/>\n\t<meta name=\"twitter:label2\" content=\"Disponibilit\u00e9\" \/>\n\t<meta name=\"twitter:data2\" content=\"En stock\" \/>\n<script type=\"application\/ld+json\" class=\"yoast-schema-graph\">{\"@context\":\"https:\/\/schema.org\",\"@graph\":[{\"@type\":[\"WebPage\",\"ItemPage\"],\"@id\":\"https:\/\/hurghadalovers.com\/fr\/tours\/soma-bay-to-luxor-excursion-dun-jour-a-la-vallee-des-reines\/\",\"url\":\"https:\/\/hurghadalovers.com\/fr\/tours\/soma-bay-to-luxor-excursion-dun-jour-a-la-vallee-des-reines\/\",\"name\":\"Soma bay \u00e0 Louxor Excursion d'une journ\u00e9e \u00e0 la Vall\u00e9e des Reines en bus\",\"isPartOf\":{\"@id\":\"https:\/\/hurghadalovers.com\/fr\/#website\"},\"primaryImageOfPage\":{\"@id\":\"https:\/\/hurghadalovers.com\/fr\/tours\/soma-bay-to-luxor-excursion-dun-jour-a-la-vallee-des-reines\/#primaryimage\"},\"image\":{\"@id\":\"https:\/\/hurghadalovers.com\/fr\/tours\/soma-bay-to-luxor-excursion-dun-jour-a-la-vallee-des-reines\/#primaryimage\"},\"thumbnailUrl\":\"https:\/\/hurghadalovers.com\/wp-content\/uploads\/2023\/08\/Soma-bay-To-Luxor-Day-Trip-to-Valley-of-The-Queens-by-Bus.jpeg\",\"datePublished\":\"2023-08-26T20:30:57+00:00\",\"dateModified\":\"2026-02-07T15:33:22+00:00\",\"description\":\"Excursion de jour de la baie de Soma \u00e0 Louxor \u00e0 la Vall\u00e9e des Reines en bus avec guide priv\u00e9, d\u00e9jeuner, billets et transfert pour visiter le Temple de Karnak, le Temple d'Hatchepsout.\",\"breadcrumb\":{\"@id\":\"https:\/\/hurghadalovers.com\/fr\/tours\/soma-bay-to-luxor-excursion-dun-jour-a-la-vallee-des-reines\/#breadcrumb\"},\"inLanguage\":\"fr-FR\",\"potentialAction\":[{\"@type\":\"ReadAction\",\"target\":[\"https:\/\/hurghadalovers.com\/fr\/tours\/soma-bay-to-luxor-excursion-dun-jour-a-la-vallee-des-reines\/\"]}]},{\"@type\":\"ImageObject\",\"inLanguage\":\"fr-FR\",\"@id\":\"https:\/\/hurghadalovers.com\/fr\/tours\/soma-bay-to-luxor-excursion-dun-jour-a-la-vallee-des-reines\/#primaryimage\",\"url\":\"https:\/\/hurghadalovers.com\/wp-content\/uploads\/2023\/08\/Soma-bay-To-Luxor-Day-Trip-to-Valley-of-The-Queens-by-Bus.jpeg\",\"contentUrl\":\"https:\/\/hurghadalovers.com\/wp-content\/uploads\/2023\/08\/Soma-bay-To-Luxor-Day-Trip-to-Valley-of-The-Queens-by-Bus.jpeg\",\"width\":1536,\"height\":1024,\"caption\":\"Soma bay \u00e0 Louxor Excursion d'une journ\u00e9e \u00e0 la Vall\u00e9e des Reines en bus\"},{\"@type\":\"BreadcrumbList\",\"@id\":\"https:\/\/hurghadalovers.com\/fr\/tours\/soma-bay-to-luxor-excursion-dun-jour-a-la-vallee-des-reines\/#breadcrumb\",\"itemListElement\":[{\"@type\":\"ListItem\",\"position\":1,\"name\":\"Home\",\"item\":\"https:\/\/hurghadalovers.com\/fr\/\"},{\"@type\":\"ListItem\",\"position\":2,\"name\":\"Shop\",\"item\":\"https:\/\/hurghadalovers.com\/fr\/shop\/\"},{\"@type\":\"ListItem\",\"position\":3,\"name\":\"Soma bay \u00e0 Louxor Excursion d&rsquo;une journ\u00e9e \u00e0 la Vall\u00e9e des Reines en bus\"}]},{\"@type\":\"WebSite\",\"@id\":\"https:\/\/hurghadalovers.com\/fr\/#website\",\"url\":\"https:\/\/hurghadalovers.com\/fr\/\",\"name\":\"Hurghada Excursions & Day Trips | Booking Best Prices Tours\",\"description\":\"Hurghada Lovers - Best Tour Operator - Excursions &amp; Things to do for Family Day Trips with kids and Couples Romantic. Unique .Hidden gems\",\"publisher\":{\"@id\":\"https:\/\/hurghadalovers.com\/fr\/#organization\"},\"alternateName\":\"Hurghada Excursions\",\"potentialAction\":[{\"@type\":\"SearchAction\",\"target\":{\"@type\":\"EntryPoint\",\"urlTemplate\":\"https:\/\/hurghadalovers.com\/fr\/?s={search_term_string}\"},\"query-input\":{\"@type\":\"PropertyValueSpecification\",\"valueRequired\":true,\"valueName\":\"search_term_string\"}}],\"inLanguage\":\"fr-FR\"},{\"@type\":[\"Organization\",\"Place\",\"TravelAgency\"],\"@id\":\"https:\/\/hurghadalovers.com\/fr\/#organization\",\"name\":\"Hurghada Excursions\",\"url\":\"https:\/\/hurghadalovers.com\/fr\/\",\"logo\":{\"@id\":\"https:\/\/hurghadalovers.com\/fr\/tours\/soma-bay-to-luxor-excursion-dun-jour-a-la-vallee-des-reines\/#local-main-organization-logo\"},\"image\":{\"@id\":\"https:\/\/hurghadalovers.com\/fr\/tours\/soma-bay-to-luxor-excursion-dun-jour-a-la-vallee-des-reines\/#local-main-organization-logo\"},\"sameAs\":[\"https:\/\/www.facebook.com\/Hurghadaloversegypt\"],\"address\":{\"@id\":\"https:\/\/hurghadalovers.com\/fr\/tours\/soma-bay-to-luxor-excursion-dun-jour-a-la-vallee-des-reines\/#local-main-place-address\"},\"telephone\":[\"00201112596434\"],\"contactPoint\":{\"@type\":\"ContactPoint\",\"telephone\":\"00201112596434\",\"email\":\"weyouface@gmail.com\"},\"openingHoursSpecification\":{\"@type\":\"OpeningHoursSpecification\",\"dayOfWeek\":[\"Monday\",\"Tuesday\",\"Wednesday\",\"Thursday\",\"Friday\",\"Saturday\",\"Sunday\"],\"opens\":\"00:00\",\"closes\":\"23:59\"},\"email\":\"weyouface@gmail.com\",\"areaServed\":\"Luxor, Hurghada, El Gouna, Aswan, Sharm El Sheikh, Giza, Alexandria, Marsa Alam, Quseir, Soma Bay, Sahl Hasheesh, Red Sea, Makadi Bay, Cairo\",\"priceRange\":\"$\",\"currenciesAccepted\":\"euro\",\"paymentAccepted\":\"cash on site\"},{\"@type\":\"PostalAddress\",\"@id\":\"https:\/\/hurghadalovers.com\/fr\/tours\/soma-bay-to-luxor-excursion-dun-jour-a-la-vallee-des-reines\/#local-main-place-address\",\"streetAddress\":\"17 Banks street, Alkawther area, top nbk bank\",\"addressLocality\":\"hurghada\",\"postalCode\":\"84511\",\"addressRegion\":\"red sea\",\"addressCountry\":\"EG\"},{\"@type\":\"ImageObject\",\"inLanguage\":\"fr-FR\",\"@id\":\"https:\/\/hurghadalovers.com\/fr\/tours\/soma-bay-to-luxor-excursion-dun-jour-a-la-vallee-des-reines\/#local-main-organization-logo\",\"url\":\"https:\/\/hurghadalovers.com\/wp-content\/uploads\/2019\/10\/hurghada-excursions-logo.png\",\"contentUrl\":\"https:\/\/hurghadalovers.com\/wp-content\/uploads\/2019\/10\/hurghada-excursions-logo.png\",\"width\":272,\"height\":90,\"caption\":\"Hurghada Excursions\"}]}<\/script>\n<meta property=\"product:brand\" content=\"Louxor Excursions d&#039;une journ\u00e9e depuis Soma bay\" \/>\n<meta property=\"product:price:amount\" content=\"65\" \/>\n<meta property=\"product:price:currency\" content=\"EUR\" \/>\n<meta property=\"og:availability\" content=\"instock\" \/>\n<meta property=\"product:availability\" content=\"instock\" \/>\n<meta property=\"product:retailer_item_id\" content=\"PrivateSomabay352024\" \/>\n<meta property=\"product:condition\" content=\"new\" \/>\n<meta name=\"geo.placename\" content=\"hurghada\" \/>\n<meta name=\"geo.region\" content=\"\u00c9gypte\" \/>\n<!-- \/ Yoast SEO Premium plugin. -->","yoast_head_json":{"title":"Soma bay \u00e0 Louxor Excursion d'une journ\u00e9e \u00e0 la Vall\u00e9e des Reines en bus","description":"Excursion de jour de la baie de Soma \u00e0 Louxor \u00e0 la Vall\u00e9e des Reines en bus avec guide priv\u00e9, d\u00e9jeuner, billets et transfert pour visiter le Temple de Karnak, le Temple d'Hatchepsout.","robots":{"index":"index","follow":"follow","max-snippet":"max-snippet:-1","max-image-preview":"max-image-preview:large","max-video-preview":"max-video-preview:-1"},"canonical":"https:\/\/hurghadalovers.com\/fr\/tours\/soma-bay-to-luxor-excursion-dun-jour-a-la-vallee-des-reines\/","og_locale":"fr_FR","og_type":"article","og_title":"Soma bay \u00e0 Louxor Excursion d'une journ\u00e9e \u00e0 la Vall\u00e9e des Reines en bus","og_description":"Excursion de jour de la baie de Soma \u00e0 Louxor \u00e0 la Vall\u00e9e des Reines en bus avec guide priv\u00e9, d\u00e9jeuner, billets et transfert pour visiter le Temple de Karnak, le Temple d'Hatchepsout.","og_url":"https:\/\/hurghadalovers.com\/fr\/tours\/soma-bay-to-luxor-excursion-dun-jour-a-la-vallee-des-reines\/","og_site_name":"Hurghada Excursions &amp; Day Trips | Booking Best Prices Tours","article_publisher":"https:\/\/www.facebook.com\/Hurghadaloversegypt","article_modified_time":"2026-02-07T15:33:22+00:00","og_image":[{"width":1536,"height":1024,"url":"https:\/\/hurghadalovers.com\/wp-content\/uploads\/2023\/08\/Soma-bay-To-Luxor-Day-Trip-to-Valley-of-The-Queens-by-Bus.jpeg","type":"image\/jpeg"}],"twitter_card":"summary_large_image","twitter_misc":{"Prix":"&euro;&nbsp;65","Disponibilit\u00e9":"En stock"},"schema":{"@context":"https:\/\/schema.org","@graph":[{"@type":["WebPage","ItemPage"],"@id":"https:\/\/hurghadalovers.com\/fr\/tours\/soma-bay-to-luxor-excursion-dun-jour-a-la-vallee-des-reines\/","url":"https:\/\/hurghadalovers.com\/fr\/tours\/soma-bay-to-luxor-excursion-dun-jour-a-la-vallee-des-reines\/","name":"Soma bay \u00e0 Louxor Excursion d'une journ\u00e9e \u00e0 la Vall\u00e9e des Reines en bus","isPartOf":{"@id":"https:\/\/hurghadalovers.com\/fr\/#website"},"primaryImageOfPage":{"@id":"https:\/\/hurghadalovers.com\/fr\/tours\/soma-bay-to-luxor-excursion-dun-jour-a-la-vallee-des-reines\/#primaryimage"},"image":{"@id":"https:\/\/hurghadalovers.com\/fr\/tours\/soma-bay-to-luxor-excursion-dun-jour-a-la-vallee-des-reines\/#primaryimage"},"thumbnailUrl":"https:\/\/hurghadalovers.com\/wp-content\/uploads\/2023\/08\/Soma-bay-To-Luxor-Day-Trip-to-Valley-of-The-Queens-by-Bus.jpeg","datePublished":"2023-08-26T20:30:57+00:00","dateModified":"2026-02-07T15:33:22+00:00","description":"Excursion de jour de la baie de Soma \u00e0 Louxor \u00e0 la Vall\u00e9e des Reines en bus avec guide priv\u00e9, d\u00e9jeuner, billets et transfert pour visiter le Temple de Karnak, le Temple d'Hatchepsout.","breadcrumb":{"@id":"https:\/\/hurghadalovers.com\/fr\/tours\/soma-bay-to-luxor-excursion-dun-jour-a-la-vallee-des-reines\/#breadcrumb"},"inLanguage":"fr-FR","potentialAction":[{"@type":"ReadAction","target":["https:\/\/hurghadalovers.com\/fr\/tours\/soma-bay-to-luxor-excursion-dun-jour-a-la-vallee-des-reines\/"]}]},{"@type":"ImageObject","inLanguage":"fr-FR","@id":"https:\/\/hurghadalovers.com\/fr\/tours\/soma-bay-to-luxor-excursion-dun-jour-a-la-vallee-des-reines\/#primaryimage","url":"https:\/\/hurghadalovers.com\/wp-content\/uploads\/2023\/08\/Soma-bay-To-Luxor-Day-Trip-to-Valley-of-The-Queens-by-Bus.jpeg","contentUrl":"https:\/\/hurghadalovers.com\/wp-content\/uploads\/2023\/08\/Soma-bay-To-Luxor-Day-Trip-to-Valley-of-The-Queens-by-Bus.jpeg","width":1536,"height":1024,"caption":"Soma bay \u00e0 Louxor Excursion d'une journ\u00e9e \u00e0 la Vall\u00e9e des Reines en bus"},{"@type":"BreadcrumbList","@id":"https:\/\/hurghadalovers.com\/fr\/tours\/soma-bay-to-luxor-excursion-dun-jour-a-la-vallee-des-reines\/#breadcrumb","itemListElement":[{"@type":"ListItem","position":1,"name":"Home","item":"https:\/\/hurghadalovers.com\/fr\/"},{"@type":"ListItem","position":2,"name":"Shop","item":"https:\/\/hurghadalovers.com\/fr\/shop\/"},{"@type":"ListItem","position":3,"name":"Soma bay \u00e0 Louxor Excursion d&rsquo;une journ\u00e9e \u00e0 la Vall\u00e9e des Reines en bus"}]},{"@type":"WebSite","@id":"https:\/\/hurghadalovers.com\/fr\/#website","url":"https:\/\/hurghadalovers.com\/fr\/","name":"Hurghada Excursions & Day Trips | Booking Best Prices Tours","description":"Hurghada Lovers - Best Tour Operator - Excursions &amp; Things to do for Family Day Trips with kids and Couples Romantic. Unique .Hidden gems","publisher":{"@id":"https:\/\/hurghadalovers.com\/fr\/#organization"},"alternateName":"Hurghada Excursions","potentialAction":[{"@type":"SearchAction","target":{"@type":"EntryPoint","urlTemplate":"https:\/\/hurghadalovers.com\/fr\/?s={search_term_string}"},"query-input":{"@type":"PropertyValueSpecification","valueRequired":true,"valueName":"search_term_string"}}],"inLanguage":"fr-FR"},{"@type":["Organization","Place","TravelAgency"],"@id":"https:\/\/hurghadalovers.com\/fr\/#organization","name":"Hurghada Excursions","url":"https:\/\/hurghadalovers.com\/fr\/","logo":{"@id":"https:\/\/hurghadalovers.com\/fr\/tours\/soma-bay-to-luxor-excursion-dun-jour-a-la-vallee-des-reines\/#local-main-organization-logo"},"image":{"@id":"https:\/\/hurghadalovers.com\/fr\/tours\/soma-bay-to-luxor-excursion-dun-jour-a-la-vallee-des-reines\/#local-main-organization-logo"},"sameAs":["https:\/\/www.facebook.com\/Hurghadaloversegypt"],"address":{"@id":"https:\/\/hurghadalovers.com\/fr\/tours\/soma-bay-to-luxor-excursion-dun-jour-a-la-vallee-des-reines\/#local-main-place-address"},"telephone":["00201112596434"],"contactPoint":{"@type":"ContactPoint","telephone":"00201112596434","email":"weyouface@gmail.com"},"openingHoursSpecification":{"@type":"OpeningHoursSpecification","dayOfWeek":["Monday","Tuesday","Wednesday","Thursday","Friday","Saturday","Sunday"],"opens":"00:00","closes":"23:59"},"email":"weyouface@gmail.com","areaServed":"Luxor, Hurghada, El Gouna, Aswan, Sharm El Sheikh, Giza, Alexandria, Marsa Alam, Quseir, Soma Bay, Sahl Hasheesh, Red Sea, Makadi Bay, Cairo","priceRange":"$","currenciesAccepted":"euro","paymentAccepted":"cash on site"},{"@type":"PostalAddress","@id":"https:\/\/hurghadalovers.com\/fr\/tours\/soma-bay-to-luxor-excursion-dun-jour-a-la-vallee-des-reines\/#local-main-place-address","streetAddress":"17 Banks street, Alkawther area, top nbk bank","addressLocality":"hurghada","postalCode":"84511","addressRegion":"red sea","addressCountry":"EG"},{"@type":"ImageObject","inLanguage":"fr-FR","@id":"https:\/\/hurghadalovers.com\/fr\/tours\/soma-bay-to-luxor-excursion-dun-jour-a-la-vallee-des-reines\/#local-main-organization-logo","url":"https:\/\/hurghadalovers.com\/wp-content\/uploads\/2019\/10\/hurghada-excursions-logo.png","contentUrl":"https:\/\/hurghadalovers.com\/wp-content\/uploads\/2019\/10\/hurghada-excursions-logo.png","width":272,"height":90,"caption":"Hurghada Excursions"}]},"product_brand":"Louxor Excursions d'une journ\u00e9e depuis Soma bay","product_price_amount":"65","product_price_currency":"EUR","og_availability":"instock","product_availability":"instock","product_retailer_item_id":"PrivateSomabay352024","product_condition":"new","geo.placename":"hurghada","geo.region":"\u00c9gypte"},"_links":{"self":[{"href":"https:\/\/hurghadalovers.com\/fr\/wp-json\/wp\/v2\/product\/384159","targetHints":{"allow":["GET"]}}],"collection":[{"href":"https:\/\/hurghadalovers.com\/fr\/wp-json\/wp\/v2\/product"}],"about":[{"href":"https:\/\/hurghadalovers.com\/fr\/wp-json\/wp\/v2\/types\/product"}],"wp:featuredmedia":[{"embeddable":true,"href":"https:\/\/hurghadalovers.com\/fr\/wp-json\/wp\/v2\/media\/384113"}],"wp:attachment":[{"href":"https:\/\/hurghadalovers.com\/fr\/wp-json\/wp\/v2\/media?parent=384159"}],"wp:term":[{"taxonomy":"product_brand","embeddable":true,"href":"https:\/\/hurghadalovers.com\/fr\/wp-json\/wp\/v2\/product_brand?post=384159"},{"taxonomy":"product_cat","embeddable":true,"href":"https:\/\/hurghadalovers.com\/fr\/wp-json\/wp\/v2\/product_cat?post=384159"},{"taxonomy":"product_tag","embeddable":true,"href":"https:\/\/hurghadalovers.com\/fr\/wp-json\/wp\/v2\/product_tag?post=384159"}],"curies":[{"name":"wp","href":"https:\/\/api.w.org\/{rel}","templated":true}]}}