{"id":383535,"date":"2023-08-26T11:27:28","date_gmt":"2023-08-26T11:44:21","guid":{"rendered":"https:\/\/hurghadalovers.com\/shop\/non class\u00e9\/excursion-privee-dune-journee-au-caire-islamique-a-partir-de-soma-bay\/"},"modified":"2026-01-23T00:41:06","modified_gmt":"2026-01-23T00:41:06","slug":"excursion-privee-dune-journee-au-caire-islamique-a-partir-de-soma-bay","status":"publish","type":"product","link":"https:\/\/hurghadalovers.com\/fr\/tours\/excursion-privee-dune-journee-au-caire-islamique-a-partir-de-soma-bay\/","title":{"rendered":"Excursion priv\u00e9e d&rsquo;une journ\u00e9e au Caire islamique \u00e0 partir de Soma bay"},"content":{"rendered":"<p><strong>Excursion priv\u00e9e d&rsquo;une journ\u00e9e au Caire islamique depuis <\/strong><strong>Soma bay<\/strong> avec guide priv\u00e9, billets et d\u00e9jeuner.<\/p>\n<p>Une journ\u00e9e sp\u00e9ciale pour visiter les monuments islamiques du Vieux Caire et d\u00e9couvrir les secrets de la construction des mosqu\u00e9es du patrimoine historique \u00e9gyptien.<\/p>\n<p>&nbsp;<\/p>\n<p><strong>Faits marquants :<\/strong><\/p>\n<ul>\n<li>Khan Al-Khalili<\/li>\n<li>La citadelle du Caire \u00ab\u00a0Citadelle de Saladin\u00a0\u00bb.<\/li>\n<li>Mosqu\u00e9e de Muhammad Ali.<\/li>\n<li>Mosqu\u00e9e et Madrasa du Sultan Hassan.<\/li>\n<li>Mosqu\u00e9e Al Rifai.<\/li>\n<li>Mosqu\u00e9e Ibn Tulun<\/li>\n<li>Bab Zuweila.<\/li>\n<li>D\u00e9jeuner au restaurant.<\/li>\n<\/ul>\n<p><strong>Excursion priv\u00e9e d&rsquo;une journ\u00e9e au Caire islamique au d\u00e9part de <\/strong><strong>baie de Soma<\/strong> <strong>D\u00e9tails :<\/strong><\/p>\n<ul>\n<li>Disponibilit\u00e9 des visites : Tous les jours.<\/li>\n<li>Type de visite : Priv\u00e9 en voiture ou en minibus.<\/li>\n<li>Heure de prise en charge : \u00e0 partir de 01:30 A.M.<\/li>\n<li>Demander \u00e0 l&rsquo;h\u00f4tel de recevoir votre sac de petit-d\u00e9jeuner le matin.<\/li>\n<li>Heure de prise en charge : 21:30.<\/li>\n<li>Accessible aux fauteuils roulants.<\/li>\n<li>Dur\u00e9e : 22 heures<\/li>\n<\/ul>\n<p><strong>R\u00e9servez maintenant et payez plus tard :<\/strong><\/p>\n<ul>\n<li>Paiement en esp\u00e8ces sur place pour le guide.<\/li>\n<li>Paiement en livres \u00e9gyptiennes, $, \u20ac ou \u00a3.<\/li>\n<\/ul>\n<p><strong>Politique d&rsquo;annulation :<\/strong><\/p>\n<ul>\n<li>vous annulez jusqu&rsquo;\u00e0 24 heures \u00e0 l&rsquo;avance.<\/li>\n<li>Si l&rsquo;un des membres de votre famille annule la matin\u00e9e, vous payez 50 % des frais.<\/li>\n<\/ul>\n<p><strong>Qu&rsquo;est-ce qui est inclus ?<\/strong><\/p>\n<ul>\n<li>Transfert depuis l&rsquo;h\u00f4tel Soma bay \u00ab\u00a0Prise en charge et retour \u00e0 l&rsquo;h\u00f4tel\u00a0\u00bb.<\/li>\n<li>Toutes les taxes, les droits d&rsquo;entr\u00e9e et les frais de manutention.<\/li>\n<li>Transferts.<\/li>\n<li>Guide touristique.<\/li>\n<li>Boissons.<\/li>\n<li>D\u00e9jeuner au restaurant.<\/li>\n<\/ul>\n<p><strong>Exclusions ?<\/strong><\/p>\n<ul>\n<li>Pourboires.<\/li>\n<li>Excursion en felouque \u00ab\u00a0Croisi\u00e8re en bateau\u00a0\u00bb Pour 35 min= 10$.<\/li>\n<li>Tous les extras non mentionn\u00e9s.<\/li>\n<\/ul>\n<p><strong>Les prix :<\/strong><\/p>\n<ul>\n<li><strong>Prix adulte = \u00e0 partir de<\/strong><strong>160$ par personne<\/strong>.<\/li>\n<li>Prix pour les enfants \u00ab\u00a05-12\u2033= 50%.<\/li>\n<li>pour les enfants \u00ab\u00a00-5\u2033= Gratuit.<\/li>\n<\/ul>\n<p><strong>Critiques :<\/strong><\/p>\n<p>consultez notre Google Map Reviews comme Meilleur <a href=\"https:\/\/g.page\/r\/CUeYvkngP3wkEBM\/review\">Tour Op\u00e9rateur \u00e0 Hurghada<\/a> en ligne \u00e0 <a href=\"https:\/\/hurghadalovers.com\/\">Hurghada<\/a> Egypte.<\/p>\n<p>&nbsp;<\/p>\n<p><strong>R\u00e9servation :<\/strong><\/p>\n<p>Envoyez l&rsquo;h\u00f4tel + le num\u00e9ro de la chambre + la photo du passeport \u00e0 WhatsApp : <strong>+201112596434<\/strong><\/p>\n<p>Si vous \u00eates en Egypte, r\u00e9servez d\u00e8s maintenant en ligne et confirmez votre arriv\u00e9e \u00e0 l&rsquo;h\u00f4tel.<\/p>\n<p>&nbsp;<\/p>\n<p>&nbsp;<\/p>\n","protected":false},"excerpt":{"rendered":"<p>Excursion priv\u00e9e d&rsquo;une journ\u00e9e au Caire islamique depuis Soma bay avec guide priv\u00e9, billets et d\u00e9jeuner. Khan Al-Khalili. Citadelle du Caire. Mosqu\u00e9e de Muhammad Ali &#8230;<\/p>\n","protected":false},"featured_media":383396,"template":"","meta":{"_joinchat":[]},"product_brand":[],"product_cat":[29818],"product_tag":[56250,49401,56495,56497,56511,56254,56246,56502,56506],"class_list":{"0":"post-383535","1":"product","2":"type-product","3":"status-publish","4":"has-post-thumbnail","6":"product_cat-tour-fr","7":"product_tag-choses-a-faire-avec-des-enfants-en-bas-age-a-partir-de-soma-bay","8":"product_tag-day-trips-from-soma-bay","9":"product_tag-de-la-baie-de-soma-aux-pyramides","10":"product_tag-excursion-dune-journee-au-caire-depuis-soma-bay","11":"product_tag-excursion-dune-journee-de-la-baie-de-soma-aux-pyramides","12":"product_tag-journees-familiales-bon-marche-au-depart-de-soma-bay","13":"product_tag-lieux-de-divertissement-familial-de-soma-bay","14":"product_tag-pyramides-de-la-baie-de-soma","15":"product_tag-voyage-de-soma-bay-au-caire","16":"tour_category-le-caire-excursions-dune-journee-depuis-soma-bay","17":"tour_category-que-faire-a-soma-bay","19":"first","20":"instock","21":"sale","22":"shipping-taxable","23":"purchasable","24":"product-type-tour"},"yoast_head":"<!-- This site is optimized with the Yoast SEO Premium plugin v26.9 (Yoast SEO v27.2) - https:\/\/yoast.com\/product\/yoast-seo-premium-wordpress\/ -->\n<title>Excursion priv\u00e9e d&#039;une journ\u00e9e au Caire islamique \u00e0 partir de Soma bay avec guide priv\u00e9<\/title>\n<meta name=\"description\" content=\"Excursion priv\u00e9e d&#039;une journ\u00e9e au Caire islamique depuis Soma bay avec guide priv\u00e9, billets et d\u00e9jeuner. Khan Al-Khalili. Citadelle du Caire. Mosqu\u00e9e de Muhammad Ali ...\" \/>\n<meta name=\"robots\" content=\"index, follow, max-snippet:-1, max-image-preview:large, max-video-preview:-1\" \/>\n<link rel=\"canonical\" href=\"https:\/\/hurghadalovers.com\/fr\/tours\/excursion-privee-dune-journee-au-caire-islamique-a-partir-de-soma-bay\/\" \/>\n<meta property=\"og:locale\" content=\"fr_FR\" \/>\n<meta property=\"og:type\" content=\"article\" \/>\n<meta property=\"og:title\" content=\"Excursion priv\u00e9e d&#039;une journ\u00e9e au Caire islamique \u00e0 partir de Soma bay\" \/>\n<meta property=\"og:description\" content=\"Excursion priv\u00e9e d&#039;une journ\u00e9e au Caire islamique depuis Soma bay avec guide priv\u00e9, billets et d\u00e9jeuner. Khan Al-Khalili. Citadelle du Caire. Mosqu\u00e9e de Muhammad Ali ...\" \/>\n<meta property=\"og:url\" content=\"https:\/\/hurghadalovers.com\/fr\/tours\/excursion-privee-dune-journee-au-caire-islamique-a-partir-de-soma-bay\/\" \/>\n<meta property=\"og:site_name\" content=\"Hurghada Excursions &amp; Day Trips | Booking Best Prices Tours\" \/>\n<meta property=\"article:publisher\" content=\"https:\/\/www.facebook.com\/Hurghadaloversegypt\" \/>\n<meta property=\"article:modified_time\" content=\"2026-01-23T00:41:06+00:00\" \/>\n<meta property=\"og:image\" content=\"https:\/\/hurghadalovers.com\/wp-content\/uploads\/2023\/08\/Private-Day-Trip-to-Islamic-Cairo-from-Soma-bay.jpeg\" \/>\n\t<meta property=\"og:image:width\" content=\"1555\" \/>\n\t<meta property=\"og:image:height\" content=\"892\" \/>\n\t<meta property=\"og:image:type\" content=\"image\/jpeg\" \/>\n<meta name=\"twitter:card\" content=\"summary_large_image\" \/>\n<meta name=\"twitter:label1\" content=\"Prix\" \/>\n\t<meta name=\"twitter:data1\" content=\"&euro;&nbsp;160\" \/>\n\t<meta name=\"twitter:label2\" content=\"Disponibilit\u00e9\" \/>\n\t<meta name=\"twitter:data2\" content=\"En stock\" \/>\n<script type=\"application\/ld+json\" class=\"yoast-schema-graph\">{\"@context\":\"https:\/\/schema.org\",\"@graph\":[{\"@type\":[\"WebPage\",\"ItemPage\"],\"@id\":\"https:\/\/hurghadalovers.com\/fr\/tours\/excursion-privee-dune-journee-au-caire-islamique-a-partir-de-soma-bay\/\",\"url\":\"https:\/\/hurghadalovers.com\/fr\/tours\/excursion-privee-dune-journee-au-caire-islamique-a-partir-de-soma-bay\/\",\"name\":\"Excursion priv\u00e9e d'une journ\u00e9e au Caire islamique \u00e0 partir de Soma bay avec guide priv\u00e9\",\"isPartOf\":{\"@id\":\"https:\/\/hurghadalovers.com\/fr\/#website\"},\"primaryImageOfPage\":{\"@id\":\"https:\/\/hurghadalovers.com\/fr\/tours\/excursion-privee-dune-journee-au-caire-islamique-a-partir-de-soma-bay\/#primaryimage\"},\"image\":{\"@id\":\"https:\/\/hurghadalovers.com\/fr\/tours\/excursion-privee-dune-journee-au-caire-islamique-a-partir-de-soma-bay\/#primaryimage\"},\"thumbnailUrl\":\"https:\/\/hurghadalovers.com\/wp-content\/uploads\/2023\/08\/Private-Day-Trip-to-Islamic-Cairo-from-Soma-bay.jpeg\",\"datePublished\":\"2023-08-26T11:44:21+00:00\",\"dateModified\":\"2026-01-23T00:41:06+00:00\",\"description\":\"Excursion priv\u00e9e d'une journ\u00e9e au Caire islamique depuis Soma bay avec guide priv\u00e9, billets et d\u00e9jeuner. Khan Al-Khalili. Citadelle du Caire. Mosqu\u00e9e de Muhammad Ali ...\",\"breadcrumb\":{\"@id\":\"https:\/\/hurghadalovers.com\/fr\/tours\/excursion-privee-dune-journee-au-caire-islamique-a-partir-de-soma-bay\/#breadcrumb\"},\"inLanguage\":\"fr-FR\",\"potentialAction\":[{\"@type\":\"ReadAction\",\"target\":[\"https:\/\/hurghadalovers.com\/fr\/tours\/excursion-privee-dune-journee-au-caire-islamique-a-partir-de-soma-bay\/\"]}]},{\"@type\":\"ImageObject\",\"inLanguage\":\"fr-FR\",\"@id\":\"https:\/\/hurghadalovers.com\/fr\/tours\/excursion-privee-dune-journee-au-caire-islamique-a-partir-de-soma-bay\/#primaryimage\",\"url\":\"https:\/\/hurghadalovers.com\/wp-content\/uploads\/2023\/08\/Private-Day-Trip-to-Islamic-Cairo-from-Soma-bay.jpeg\",\"contentUrl\":\"https:\/\/hurghadalovers.com\/wp-content\/uploads\/2023\/08\/Private-Day-Trip-to-Islamic-Cairo-from-Soma-bay.jpeg\",\"width\":1555,\"height\":892,\"caption\":\"Private Day Trip to Islamic Cairo from Soma bay\"},{\"@type\":\"BreadcrumbList\",\"@id\":\"https:\/\/hurghadalovers.com\/fr\/tours\/excursion-privee-dune-journee-au-caire-islamique-a-partir-de-soma-bay\/#breadcrumb\",\"itemListElement\":[{\"@type\":\"ListItem\",\"position\":1,\"name\":\"Home\",\"item\":\"https:\/\/hurghadalovers.com\/fr\/\"},{\"@type\":\"ListItem\",\"position\":2,\"name\":\"Shop\",\"item\":\"https:\/\/hurghadalovers.com\/fr\/shop\/\"},{\"@type\":\"ListItem\",\"position\":3,\"name\":\"Excursion priv\u00e9e d&rsquo;une journ\u00e9e au Caire islamique \u00e0 partir de Soma bay\"}]},{\"@type\":\"WebSite\",\"@id\":\"https:\/\/hurghadalovers.com\/fr\/#website\",\"url\":\"https:\/\/hurghadalovers.com\/fr\/\",\"name\":\"Hurghada Excursions & Day Trips | Booking Best Prices Tours\",\"description\":\"Hurghada Lovers - Best Tour Operator - Excursions &amp; Things to do for Family Day Trips with kids and Couples Romantic. Unique .Hidden gems\",\"publisher\":{\"@id\":\"https:\/\/hurghadalovers.com\/fr\/#organization\"},\"alternateName\":\"Hurghada Excursions\",\"potentialAction\":[{\"@type\":\"SearchAction\",\"target\":{\"@type\":\"EntryPoint\",\"urlTemplate\":\"https:\/\/hurghadalovers.com\/fr\/?s={search_term_string}\"},\"query-input\":{\"@type\":\"PropertyValueSpecification\",\"valueRequired\":true,\"valueName\":\"search_term_string\"}}],\"inLanguage\":\"fr-FR\"},{\"@type\":[\"Organization\",\"Place\",\"TravelAgency\"],\"@id\":\"https:\/\/hurghadalovers.com\/fr\/#organization\",\"name\":\"Hurghada Excursions\",\"url\":\"https:\/\/hurghadalovers.com\/fr\/\",\"logo\":{\"@id\":\"https:\/\/hurghadalovers.com\/fr\/tours\/excursion-privee-dune-journee-au-caire-islamique-a-partir-de-soma-bay\/#local-main-organization-logo\"},\"image\":{\"@id\":\"https:\/\/hurghadalovers.com\/fr\/tours\/excursion-privee-dune-journee-au-caire-islamique-a-partir-de-soma-bay\/#local-main-organization-logo\"},\"sameAs\":[\"https:\/\/www.facebook.com\/Hurghadaloversegypt\"],\"address\":{\"@id\":\"https:\/\/hurghadalovers.com\/fr\/tours\/excursion-privee-dune-journee-au-caire-islamique-a-partir-de-soma-bay\/#local-main-place-address\"},\"telephone\":[\"00201112596434\"],\"contactPoint\":{\"@type\":\"ContactPoint\",\"telephone\":\"00201112596434\",\"email\":\"weyouface@gmail.com\"},\"openingHoursSpecification\":{\"@type\":\"OpeningHoursSpecification\",\"dayOfWeek\":[\"Monday\",\"Tuesday\",\"Wednesday\",\"Thursday\",\"Friday\",\"Saturday\",\"Sunday\"],\"opens\":\"00:00\",\"closes\":\"23:59\"},\"email\":\"weyouface@gmail.com\",\"areaServed\":\"Luxor, Hurghada, El Gouna, Aswan, Sharm El Sheikh, Giza, Alexandria, Marsa Alam, Quseir, Soma Bay, Sahl Hasheesh, Red Sea, Makadi Bay, Cairo\",\"priceRange\":\"$\",\"currenciesAccepted\":\"euro\",\"paymentAccepted\":\"cash on site\"},{\"@type\":\"PostalAddress\",\"@id\":\"https:\/\/hurghadalovers.com\/fr\/tours\/excursion-privee-dune-journee-au-caire-islamique-a-partir-de-soma-bay\/#local-main-place-address\",\"streetAddress\":\"17 Banks street, Alkawther area, top nbk bank\",\"addressLocality\":\"hurghada\",\"postalCode\":\"84511\",\"addressRegion\":\"red sea\",\"addressCountry\":\"EG\"},{\"@type\":\"ImageObject\",\"inLanguage\":\"fr-FR\",\"@id\":\"https:\/\/hurghadalovers.com\/fr\/tours\/excursion-privee-dune-journee-au-caire-islamique-a-partir-de-soma-bay\/#local-main-organization-logo\",\"url\":\"https:\/\/hurghadalovers.com\/wp-content\/uploads\/2019\/10\/hurghada-excursions-logo.png\",\"contentUrl\":\"https:\/\/hurghadalovers.com\/wp-content\/uploads\/2019\/10\/hurghada-excursions-logo.png\",\"width\":272,\"height\":90,\"caption\":\"Hurghada Excursions\"}]}<\/script>\n<meta property=\"product:brand\" content=\"Le Caire Excursions d&#039;une journ\u00e9e depuis Soma bay\" \/>\n<meta property=\"product:price:amount\" content=\"160\" \/>\n<meta property=\"product:price:currency\" content=\"EUR\" \/>\n<meta property=\"og:availability\" content=\"instock\" \/>\n<meta property=\"product:availability\" content=\"instock\" \/>\n<meta property=\"product:retailer_item_id\" content=\"Somabay102024\" \/>\n<meta property=\"product:condition\" content=\"new\" \/>\n<meta name=\"geo.placename\" content=\"hurghada\" \/>\n<meta name=\"geo.region\" content=\"\u00c9gypte\" \/>\n<!-- \/ Yoast SEO Premium plugin. -->","yoast_head_json":{"title":"Excursion priv\u00e9e d'une journ\u00e9e au Caire islamique \u00e0 partir de Soma bay avec guide priv\u00e9","description":"Excursion priv\u00e9e d'une journ\u00e9e au Caire islamique depuis Soma bay avec guide priv\u00e9, billets et d\u00e9jeuner. Khan Al-Khalili. Citadelle du Caire. Mosqu\u00e9e de Muhammad Ali ...","robots":{"index":"index","follow":"follow","max-snippet":"max-snippet:-1","max-image-preview":"max-image-preview:large","max-video-preview":"max-video-preview:-1"},"canonical":"https:\/\/hurghadalovers.com\/fr\/tours\/excursion-privee-dune-journee-au-caire-islamique-a-partir-de-soma-bay\/","og_locale":"fr_FR","og_type":"article","og_title":"Excursion priv\u00e9e d'une journ\u00e9e au Caire islamique \u00e0 partir de Soma bay","og_description":"Excursion priv\u00e9e d'une journ\u00e9e au Caire islamique depuis Soma bay avec guide priv\u00e9, billets et d\u00e9jeuner. Khan Al-Khalili. Citadelle du Caire. Mosqu\u00e9e de Muhammad Ali ...","og_url":"https:\/\/hurghadalovers.com\/fr\/tours\/excursion-privee-dune-journee-au-caire-islamique-a-partir-de-soma-bay\/","og_site_name":"Hurghada Excursions &amp; Day Trips | Booking Best Prices Tours","article_publisher":"https:\/\/www.facebook.com\/Hurghadaloversegypt","article_modified_time":"2026-01-23T00:41:06+00:00","og_image":[{"width":1555,"height":892,"url":"https:\/\/hurghadalovers.com\/wp-content\/uploads\/2023\/08\/Private-Day-Trip-to-Islamic-Cairo-from-Soma-bay.jpeg","type":"image\/jpeg"}],"twitter_card":"summary_large_image","twitter_misc":{"Prix":"&euro;&nbsp;160","Disponibilit\u00e9":"En stock"},"schema":{"@context":"https:\/\/schema.org","@graph":[{"@type":["WebPage","ItemPage"],"@id":"https:\/\/hurghadalovers.com\/fr\/tours\/excursion-privee-dune-journee-au-caire-islamique-a-partir-de-soma-bay\/","url":"https:\/\/hurghadalovers.com\/fr\/tours\/excursion-privee-dune-journee-au-caire-islamique-a-partir-de-soma-bay\/","name":"Excursion priv\u00e9e d'une journ\u00e9e au Caire islamique \u00e0 partir de Soma bay avec guide priv\u00e9","isPartOf":{"@id":"https:\/\/hurghadalovers.com\/fr\/#website"},"primaryImageOfPage":{"@id":"https:\/\/hurghadalovers.com\/fr\/tours\/excursion-privee-dune-journee-au-caire-islamique-a-partir-de-soma-bay\/#primaryimage"},"image":{"@id":"https:\/\/hurghadalovers.com\/fr\/tours\/excursion-privee-dune-journee-au-caire-islamique-a-partir-de-soma-bay\/#primaryimage"},"thumbnailUrl":"https:\/\/hurghadalovers.com\/wp-content\/uploads\/2023\/08\/Private-Day-Trip-to-Islamic-Cairo-from-Soma-bay.jpeg","datePublished":"2023-08-26T11:44:21+00:00","dateModified":"2026-01-23T00:41:06+00:00","description":"Excursion priv\u00e9e d'une journ\u00e9e au Caire islamique depuis Soma bay avec guide priv\u00e9, billets et d\u00e9jeuner. Khan Al-Khalili. Citadelle du Caire. Mosqu\u00e9e de Muhammad Ali ...","breadcrumb":{"@id":"https:\/\/hurghadalovers.com\/fr\/tours\/excursion-privee-dune-journee-au-caire-islamique-a-partir-de-soma-bay\/#breadcrumb"},"inLanguage":"fr-FR","potentialAction":[{"@type":"ReadAction","target":["https:\/\/hurghadalovers.com\/fr\/tours\/excursion-privee-dune-journee-au-caire-islamique-a-partir-de-soma-bay\/"]}]},{"@type":"ImageObject","inLanguage":"fr-FR","@id":"https:\/\/hurghadalovers.com\/fr\/tours\/excursion-privee-dune-journee-au-caire-islamique-a-partir-de-soma-bay\/#primaryimage","url":"https:\/\/hurghadalovers.com\/wp-content\/uploads\/2023\/08\/Private-Day-Trip-to-Islamic-Cairo-from-Soma-bay.jpeg","contentUrl":"https:\/\/hurghadalovers.com\/wp-content\/uploads\/2023\/08\/Private-Day-Trip-to-Islamic-Cairo-from-Soma-bay.jpeg","width":1555,"height":892,"caption":"Private Day Trip to Islamic Cairo from Soma bay"},{"@type":"BreadcrumbList","@id":"https:\/\/hurghadalovers.com\/fr\/tours\/excursion-privee-dune-journee-au-caire-islamique-a-partir-de-soma-bay\/#breadcrumb","itemListElement":[{"@type":"ListItem","position":1,"name":"Home","item":"https:\/\/hurghadalovers.com\/fr\/"},{"@type":"ListItem","position":2,"name":"Shop","item":"https:\/\/hurghadalovers.com\/fr\/shop\/"},{"@type":"ListItem","position":3,"name":"Excursion priv\u00e9e d&rsquo;une journ\u00e9e au Caire islamique \u00e0 partir de Soma bay"}]},{"@type":"WebSite","@id":"https:\/\/hurghadalovers.com\/fr\/#website","url":"https:\/\/hurghadalovers.com\/fr\/","name":"Hurghada Excursions & Day Trips | Booking Best Prices Tours","description":"Hurghada Lovers - Best Tour Operator - Excursions &amp; Things to do for Family Day Trips with kids and Couples Romantic. Unique .Hidden gems","publisher":{"@id":"https:\/\/hurghadalovers.com\/fr\/#organization"},"alternateName":"Hurghada Excursions","potentialAction":[{"@type":"SearchAction","target":{"@type":"EntryPoint","urlTemplate":"https:\/\/hurghadalovers.com\/fr\/?s={search_term_string}"},"query-input":{"@type":"PropertyValueSpecification","valueRequired":true,"valueName":"search_term_string"}}],"inLanguage":"fr-FR"},{"@type":["Organization","Place","TravelAgency"],"@id":"https:\/\/hurghadalovers.com\/fr\/#organization","name":"Hurghada Excursions","url":"https:\/\/hurghadalovers.com\/fr\/","logo":{"@id":"https:\/\/hurghadalovers.com\/fr\/tours\/excursion-privee-dune-journee-au-caire-islamique-a-partir-de-soma-bay\/#local-main-organization-logo"},"image":{"@id":"https:\/\/hurghadalovers.com\/fr\/tours\/excursion-privee-dune-journee-au-caire-islamique-a-partir-de-soma-bay\/#local-main-organization-logo"},"sameAs":["https:\/\/www.facebook.com\/Hurghadaloversegypt"],"address":{"@id":"https:\/\/hurghadalovers.com\/fr\/tours\/excursion-privee-dune-journee-au-caire-islamique-a-partir-de-soma-bay\/#local-main-place-address"},"telephone":["00201112596434"],"contactPoint":{"@type":"ContactPoint","telephone":"00201112596434","email":"weyouface@gmail.com"},"openingHoursSpecification":{"@type":"OpeningHoursSpecification","dayOfWeek":["Monday","Tuesday","Wednesday","Thursday","Friday","Saturday","Sunday"],"opens":"00:00","closes":"23:59"},"email":"weyouface@gmail.com","areaServed":"Luxor, Hurghada, El Gouna, Aswan, Sharm El Sheikh, Giza, Alexandria, Marsa Alam, Quseir, Soma Bay, Sahl Hasheesh, Red Sea, Makadi Bay, Cairo","priceRange":"$","currenciesAccepted":"euro","paymentAccepted":"cash on site"},{"@type":"PostalAddress","@id":"https:\/\/hurghadalovers.com\/fr\/tours\/excursion-privee-dune-journee-au-caire-islamique-a-partir-de-soma-bay\/#local-main-place-address","streetAddress":"17 Banks street, Alkawther area, top nbk bank","addressLocality":"hurghada","postalCode":"84511","addressRegion":"red sea","addressCountry":"EG"},{"@type":"ImageObject","inLanguage":"fr-FR","@id":"https:\/\/hurghadalovers.com\/fr\/tours\/excursion-privee-dune-journee-au-caire-islamique-a-partir-de-soma-bay\/#local-main-organization-logo","url":"https:\/\/hurghadalovers.com\/wp-content\/uploads\/2019\/10\/hurghada-excursions-logo.png","contentUrl":"https:\/\/hurghadalovers.com\/wp-content\/uploads\/2019\/10\/hurghada-excursions-logo.png","width":272,"height":90,"caption":"Hurghada Excursions"}]},"product_brand":"Le Caire Excursions d'une journ\u00e9e depuis Soma bay","product_price_amount":"160","product_price_currency":"EUR","og_availability":"instock","product_availability":"instock","product_retailer_item_id":"Somabay102024","product_condition":"new","geo.placename":"hurghada","geo.region":"\u00c9gypte"},"_links":{"self":[{"href":"https:\/\/hurghadalovers.com\/fr\/wp-json\/wp\/v2\/product\/383535","targetHints":{"allow":["GET"]}}],"collection":[{"href":"https:\/\/hurghadalovers.com\/fr\/wp-json\/wp\/v2\/product"}],"about":[{"href":"https:\/\/hurghadalovers.com\/fr\/wp-json\/wp\/v2\/types\/product"}],"wp:featuredmedia":[{"embeddable":true,"href":"https:\/\/hurghadalovers.com\/fr\/wp-json\/wp\/v2\/media\/383396"}],"wp:attachment":[{"href":"https:\/\/hurghadalovers.com\/fr\/wp-json\/wp\/v2\/media?parent=383535"}],"wp:term":[{"taxonomy":"product_brand","embeddable":true,"href":"https:\/\/hurghadalovers.com\/fr\/wp-json\/wp\/v2\/product_brand?post=383535"},{"taxonomy":"product_cat","embeddable":true,"href":"https:\/\/hurghadalovers.com\/fr\/wp-json\/wp\/v2\/product_cat?post=383535"},{"taxonomy":"product_tag","embeddable":true,"href":"https:\/\/hurghadalovers.com\/fr\/wp-json\/wp\/v2\/product_tag?post=383535"}],"curies":[{"name":"wp","href":"https:\/\/api.w.org\/{rel}","templated":true}]}}