{"id":380694,"date":"2025-09-30T12:00:56","date_gmt":"2025-09-30T12:00:56","guid":{"rendered":"https:\/\/hurghadalovers.com\/shop\/non%20class\u00e9\/excursion-en-bateau-de-plongee-en-apnee-a-partir-dhurghada\/"},"modified":"2026-01-11T20:59:37","modified_gmt":"2026-01-11T20:59:37","slug":"excursion-en-bateau-de-plongee-avec-tuba-au-depart-de-hurghada","status":"publish","type":"product","link":"https:\/\/hurghadalovers.com\/fr\/tours\/excursion-en-bateau-de-plongee-avec-tuba-au-depart-de-hurghada\/","title":{"rendered":"Voyage sur l&rsquo;\u00eele de Giftoun Hurghada"},"content":{"rendered":"<p><strong>Voyage sur l&rsquo;\u00eele de Giftoun, Excursion en bateau de plong\u00e9e en apn\u00e9e depuis Hurghada<\/strong> avec sports nautiques et d\u00e9jeuner, transfert.<\/p>\n<p style=\"text-align: left;\">Les plus belles villes d&rsquo;Hurghada <span style=\"color: #00ccff;\"><strong>Activit\u00e9s familiales<\/strong><\/span>, <span style=\"color: #00ccff;\"><strong>Choses \u00e0 faire avec les enfants <\/strong><\/span>Les seniors, <span style=\"color: #993366;\"><strong>Lune de miel <\/strong><\/span>et <span style=\"color: #993366;\"><strong>Couple<\/strong><\/span>.<\/p>\n<p><strong>Voyage sur l&rsquo;\u00eele de Giftoun Faits marquants :<\/strong><\/p>\n<ul>\n<li>2 sites de plong\u00e9e avec masque et tuba sur le r\u00e9cif de House Reef.<\/li>\n<li>Sports nautiques \u00ab\u00a0Banana et Quattro\u00a0\u00bb.<\/li>\n<\/ul>\n<p><strong>Voyage sur l&rsquo;\u00eele de Giftoun Meilleurs prix Giftoun Snorkeling Island Hurghada Beach <\/strong><\/p>\n<p>L&rsquo;\u00eele de <strong>Giftoun<\/strong> dans la mer Rouge de Hurghada est un endroit pour se reposer et se d\u00e9tendre sur la plage de sable.<\/p>\n<p>Visitez <strong>Giftoun<\/strong> avec votre famille pendant vos vacances dans les stations baln\u00e9aires de Hurghada. Promenez-vous le long de la plage de sable blanc comme neige, reposez-vous pendant que vos enfants jouent dans le sable ou reposez-vous seul loin de l&rsquo;agitation des vacanciers<\/p>\n<p><strong>Points forts de la tourn\u00e9e :<\/strong><\/p>\n<ol>\n<li>Visitez l&rsquo;un des plus beaux paradis sous-marins de la mer Rouge<\/li>\n<li>D\u00e9couvrez les dauphins lors de notre excursion en bateau<\/li>\n<li>Reposez-vous sur le solarium du bateau<\/li>\n<li>Profitez d&rsquo;un d\u00e9jeuner local \u00e0 bord<\/li>\n<\/ol>\n<p><strong>5. Promenez-vous le long de la plage de sable blanc de l&rsquo;\u00eele de Giftoun <\/strong><\/p>\n<p><strong>Excursion en bateau de plong\u00e9e en apn\u00e9e \u00e0 partir d&rsquo;Hurghada D\u00e9tails :<\/strong><\/p>\n<ul>\n<li>Disponibilit\u00e9 des visites : Tous les jours.<\/li>\n<li>Type d&rsquo;excursion : Groupe.<\/li>\n<li>Heure de prise en charge : \u00e0 partir de 08:00 A.M.<\/li>\n<li>Heure de prise en charge : 17h00.<\/li>\n<li>Accessible aux fauteuils roulants.<\/li>\n<li>Dur\u00e9e : 8 heures<\/li>\n<\/ul>\n<p><strong>R\u00e9servez maintenant et payez plus tard :<\/strong><\/p>\n<ul>\n<li>Paiement en esp\u00e8ces sur place pour le guide.<\/li>\n<li>Paiement en livres \u00e9gyptiennes, $, \u20ac ou \u00a3.<\/li>\n<\/ul>\n<p><strong>Politique d&rsquo;annulation :<\/strong><\/p>\n<ul>\n<li>vous annulez jusqu&rsquo;\u00e0 24 heures \u00e0 l&rsquo;avance.<\/li>\n<li>Si l&rsquo;un des membres de votre famille annule la matin\u00e9e, vous payez 50 % des frais.<\/li>\n<\/ul>\n<p><strong>Qu&rsquo;est-ce qui est inclus ?<\/strong><\/p>\n<ul>\n<li>Transfert depuis les h\u00f4tels d&rsquo;Hurghada \u00ab\u00a0Prise en charge et retour \u00e0 l&rsquo;h\u00f4tel\u00a0\u00bb.<\/li>\n<li>Toutes les taxes, les droits d&rsquo;entr\u00e9e et les frais de manutention.<\/li>\n<li>Guide touristique.<\/li>\n<li>Eau min\u00e9rale + Cola + Lait + Caf\u00e9\/Th\u00e9.<\/li>\n<li>2 sites de plong\u00e9e avec masque et tuba<\/li>\n<li>Sports nautiques \u00ab\u00a0Banana, Sofa boat\u00a0\u00bb.<\/li>\n<li>\u00c9quipement de plong\u00e9e avec tuba \u00ab\u00a0masques et palmes\u00a0\u00bb.<\/li>\n<li>D\u00e9jeuner buffet sur le bateau.<\/li>\n<li>Gilets de sauvetage.<\/li>\n<\/ul>\n<p><strong>Exclusions ?<\/strong><\/p>\n<ul>\n<li>Pourboires.<\/li>\n<li>Photographie et photos pour le voyage.<\/li>\n<li>Nous proposons la location de maillots de bain pour femmes, hommes et enfants de toutes tailles \u00a0\u00bb 5$ par personne \u00ab\u00a0.<\/li>\n<li>Tous les extras non mentionn\u00e9s.<\/li>\n<\/ul>\n<p><strong>Excursion en bateau de plong\u00e9e en apn\u00e9e \u00e0 partir d&rsquo;Hurghada Prix :<\/strong><\/p>\n<ul>\n<li><strong>Prix adulte = <\/strong><strong>20$<\/strong><strong> par personne<\/strong>.<\/li>\n<li>Prix pour les enfants \u00ab\u00a05-12\u2033= 50%.<\/li>\n<li>pour les enfants \u00ab\u00a00-5\u2033= Gratuit.<\/li>\n<\/ul>\n<p><strong>Critiques :<\/strong><\/p>\n<p>consultez notre Google Map Reviews comme Meilleur <a href=\"https:\/\/g.page\/r\/CUeYvkngP3wkEBM\/review\">Tour Op\u00e9rateur \u00e0 Hurghada<\/a> en ligne \u00e0 <a href=\"https:\/\/hurghadalovers.com\/\">Hurghada<\/a> Egypte.<\/p>\n<p>&nbsp;<\/p>\n<p><strong>Remarque : <\/strong><\/p>\n<p>Nous proposons \u00e9galement des circuits avec transfert depuis votre h\u00f4tel \u00e0 El Goua, Soma bay, Makadi bay, Sahl Hasheesh, Safaga avec un co\u00fbt suppl\u00e9mentaire de 10$ par personne.<\/p>\n<p>&nbsp;<\/p>\n<p><strong>R\u00e9servation :<\/strong><\/p>\n<p>Envoyez l&rsquo;h\u00f4tel + le num\u00e9ro de la chambre + la photo du passeport \u00e0 WhatsApp : <strong>+201112596434<\/strong><\/p>\n<p>Si vous \u00eates en Egypte, r\u00e9servez d\u00e8s maintenant en ligne et confirmez votre arriv\u00e9e \u00e0 l&rsquo;h\u00f4tel.<\/p>\n<p><strong>Programme de voyage sur l&rsquo;\u00eele <\/strong><strong>Giftoun<\/strong><strong>\u00a0:<\/strong><\/p>\n<p>Depuis le hall de votre h\u00f4tel \u00e0 Hurghada, nous venons vous chercher le matin pour un transfert vers un bateau, qui vous attend d\u00e9j\u00e0 pour une passionnante plong\u00e9e sous-marine au large de l&rsquo;\u00eele de Giftoun.Pendant le voyage, nous nous arr\u00eatons pour d\u00e9couvrir les plus beaux sites de plong\u00e9e de la Mer Rouge.<\/p>\n<p>Il est maintenant temps de plonger dans les eaux fra\u00eeches et de d\u00e9couvrir le monde marin fascinant avec toutes sortes de poissons color\u00e9s s&rsquo;\u00e9battant sur un grand r\u00e9cif de corail.Voulez-vous savoir quel poisson vous avez vu ? Presque toutes les boutiques de souvenirs d&rsquo;Hurghada proposent de petits livrets avec l&rsquo;inscription \u00ab\u00a0cr\u00e9atures marines de la mer Rouge\u00a0\u00bb.<\/p>\n<p>Les autorit\u00e9s \u00e9gyptiennes s&rsquo;appliquent strictement \u00e0 la conservation de la nature, veuillez donc nager \u00e0 une distance suffisante des r\u00e9cifs coralliens sans les toucher.<\/p>\n<p>Pendant l&rsquo;arr\u00eat, vous pouvez manger sur le pont pour le d\u00e9jeuner.Apr\u00e8s avoir navigu\u00e9 vers les \u00eeles Giftoun, vous avez la possibilit\u00e9 de pratiquer divers sports nautiques ou simplement de vous d\u00e9tendre sur la plage.<\/p>\n<p>Plage de sable blanc et eaux turquoises. De quoi d&rsquo;autre avez-vous besoin pour vous d\u00e9tendre ? Passez une heure sur l&rsquo;\u00eele de Giftoun et ressentez la d\u00e9tente et le plaisir de regarder la mer avant de retourner sur le continent. De l\u00e0, nous vous ram\u00e8nerons \u00e0 votre h\u00f4tel.<\/p>\n<p><strong>R\u00e9servations de voyage sur l&rsquo;\u00eele Giftoun\u00a0:<\/strong><\/p>\n<p>Votre r\u00e9servation est consid\u00e9r\u00e9e comme confirm\u00e9e apr\u00e8s r\u00e9ception de l&rsquo;acompteExcursions de Hurghada au parc national de l&rsquo;\u00eele Giftoun, \u00e0 proximit\u00e9 des vacances dans les Cara\u00efbes, o\u00f9 des plages de sable blanc, une eau bleu azur, de beaux coraux et tout cela vous attend lors de notre excursion sur l&rsquo;\u00eele Giftoun.R\u00e9alisez vos r\u00eaves de d\u00e9tente sur l&rsquo;\u00eele avec cette visite.<\/p>\n<p>Il est consid\u00e9r\u00e9 comme l&rsquo;un des incontournables pour tous les vacanciers en Egypte. Rejoignez-nous sur l&rsquo;\u00eele GiftunJetez un \u0153il \u00e0 notre large gamme d&rsquo;excursions au d\u00e9part de Hurghada, notamment :<\/p>\n<p>Le Caire depuis Hurghada-Louxor depuis Hurghada-plong\u00e9e Hurghada-plong\u00e9e sous-marine Hurghada-safari Hurghada-Quadrotour Hurghada. Et vous pouvez \u00eatre s\u00fbr que nous proposons des voyages extra-classes<\/p>\n<p>&nbsp;<\/p>\n","protected":false},"excerpt":{"rendered":"<p>Excursion en bateau de plong\u00e9e en apn\u00e9e depuis Hurghada avec sports nautiques et d\u00e9jeuner, transfert vers les plus beaux sites d&rsquo;Hurghada Activit\u00e9s familiales, choses \u00e0 faire avec les enfants, les personnes \u00e2g\u00e9es, les lunes de miel et les couples.<\/p>\n","protected":false},"featured_media":380648,"template":"","meta":{"_joinchat":[]},"product_brand":[],"product_cat":[29818],"product_tag":[60835,60654,60713,60722,60701,60710,60833,60650,60827,60819,60829,60825,60823,60831,60674,60749,60821],"class_list":{"0":"post-380694","1":"product","2":"type-product","3":"status-publish","4":"has-post-thumbnail","6":"product_cat-tour-fr","7":"product_tag-activites-dinterieur-a-hurghada","8":"product_tag-activites-familiales-a-faire-a-hurghada","9":"product_tag-activites-familiales-a-hurghada","10":"product_tag-activites-familiales-amusantes-a-hurghada","11":"product_tag-activites-pour-enfants-a-hurghada","12":"product_tag-activites-pour-les-tout-petits-a-hurghada","13":"product_tag-bateau-pirate-hurghada","14":"product_tag-choses-a-faire-avec-des-enfants-a-hurghada","15":"product_tag-dolphin-house-hurghada-fr","16":"product_tag-excursions-de-plongee-en-apnee-a-hurghada","17":"product_tag-excursions-en-bateau-a-hurghada","18":"product_tag-ile-dorange-bay-hurghada","19":"product_tag-ile-du-paradis-hurghada","20":"product_tag-ile-giftun-hurghada","21":"product_tag-journees-en-famille-au-depart-dhurghada","22":"product_tag-nager-avec-les-dauphins-hurghada","23":"product_tag-plongee-sous-marine-a-hurghada","24":"tour_category-hurghada-snorkeling-trips-fr","25":"tour_category-que-faire-a-hurghada","27":"first","28":"instock","29":"sale","30":"shipping-taxable","31":"purchasable","32":"product-type-tour"},"yoast_head":"<!-- This site is optimized with the Yoast SEO Premium plugin v26.9 (Yoast SEO v27.2) - https:\/\/yoast.com\/product\/yoast-seo-premium-wordpress\/ -->\n<title>Voyage sur l&#039;\u00eele de Giftoun, Excursion en bateau de plong\u00e9e<\/title>\n<meta name=\"description\" content=\"Voyage sur l&#039;\u00eele de Giftoun, Excursion en bateau de plong\u00e9e en apn\u00e9e depuis Hurghada avec sports nautiques et d\u00e9jeuner, transfert.\" \/>\n<meta name=\"robots\" content=\"index, follow, max-snippet:-1, max-image-preview:large, max-video-preview:-1\" \/>\n<link rel=\"canonical\" href=\"https:\/\/hurghadalovers.com\/fr\/tours\/excursion-en-bateau-de-plongee-avec-tuba-au-depart-de-hurghada\/\" \/>\n<meta property=\"og:locale\" content=\"fr_FR\" \/>\n<meta property=\"og:type\" content=\"article\" \/>\n<meta property=\"og:title\" content=\"Voyage sur l&#039;\u00eele de Giftoun Hurghada\" \/>\n<meta property=\"og:description\" content=\"Voyage sur l&#039;\u00eele de Giftoun, Excursion en bateau de plong\u00e9e en apn\u00e9e depuis Hurghada avec sports nautiques et d\u00e9jeuner, transfert.\" \/>\n<meta property=\"og:url\" content=\"https:\/\/hurghadalovers.com\/fr\/tours\/excursion-en-bateau-de-plongee-avec-tuba-au-depart-de-hurghada\/\" \/>\n<meta property=\"og:site_name\" content=\"Hurghada Excursions &amp; Day Trips | Booking Best Prices Tours\" \/>\n<meta property=\"article:publisher\" content=\"https:\/\/www.facebook.com\/Hurghadaloversegypt\" \/>\n<meta property=\"article:modified_time\" content=\"2026-01-11T20:59:37+00:00\" \/>\n<meta property=\"og:image\" content=\"https:\/\/hurghadalovers.com\/wp-content\/uploads\/2023\/08\/Snorkeling-Boat-Trip-from-Hurghada.jpeg\" \/>\n\t<meta property=\"og:image:width\" content=\"1156\" \/>\n\t<meta property=\"og:image:height\" content=\"867\" \/>\n\t<meta property=\"og:image:type\" content=\"image\/jpeg\" \/>\n<meta name=\"twitter:card\" content=\"summary_large_image\" \/>\n<meta name=\"twitter:label1\" content=\"Prix\" \/>\n\t<meta name=\"twitter:data1\" content=\"&euro;&nbsp;25\" \/>\n\t<meta name=\"twitter:label2\" content=\"Disponibilit\u00e9\" \/>\n\t<meta name=\"twitter:data2\" content=\"En stock\" \/>\n<script type=\"application\/ld+json\" class=\"yoast-schema-graph\">{\"@context\":\"https:\/\/schema.org\",\"@graph\":[{\"@type\":[\"WebPage\",\"ItemPage\"],\"@id\":\"https:\/\/hurghadalovers.com\/fr\/tours\/excursion-en-bateau-de-plongee-avec-tuba-au-depart-de-hurghada\/\",\"url\":\"https:\/\/hurghadalovers.com\/fr\/tours\/excursion-en-bateau-de-plongee-avec-tuba-au-depart-de-hurghada\/\",\"name\":\"Voyage sur l'\u00eele de Giftoun, Excursion en bateau de plong\u00e9e\",\"isPartOf\":{\"@id\":\"https:\/\/hurghadalovers.com\/fr\/#website\"},\"primaryImageOfPage\":{\"@id\":\"https:\/\/hurghadalovers.com\/fr\/tours\/excursion-en-bateau-de-plongee-avec-tuba-au-depart-de-hurghada\/#primaryimage\"},\"image\":{\"@id\":\"https:\/\/hurghadalovers.com\/fr\/tours\/excursion-en-bateau-de-plongee-avec-tuba-au-depart-de-hurghada\/#primaryimage\"},\"thumbnailUrl\":\"https:\/\/hurghadalovers.com\/wp-content\/uploads\/2023\/08\/Snorkeling-Boat-Trip-from-Hurghada.jpeg\",\"datePublished\":\"2025-09-30T12:00:56+00:00\",\"dateModified\":\"2026-01-11T20:59:37+00:00\",\"description\":\"Voyage sur l'\u00eele de Giftoun, Excursion en bateau de plong\u00e9e en apn\u00e9e depuis Hurghada avec sports nautiques et d\u00e9jeuner, transfert.\",\"breadcrumb\":{\"@id\":\"https:\/\/hurghadalovers.com\/fr\/tours\/excursion-en-bateau-de-plongee-avec-tuba-au-depart-de-hurghada\/#breadcrumb\"},\"inLanguage\":\"fr-FR\",\"potentialAction\":[{\"@type\":\"ReadAction\",\"target\":[\"https:\/\/hurghadalovers.com\/fr\/tours\/excursion-en-bateau-de-plongee-avec-tuba-au-depart-de-hurghada\/\"]}]},{\"@type\":\"ImageObject\",\"inLanguage\":\"fr-FR\",\"@id\":\"https:\/\/hurghadalovers.com\/fr\/tours\/excursion-en-bateau-de-plongee-avec-tuba-au-depart-de-hurghada\/#primaryimage\",\"url\":\"https:\/\/hurghadalovers.com\/wp-content\/uploads\/2023\/08\/Snorkeling-Boat-Trip-from-Hurghada.jpeg\",\"contentUrl\":\"https:\/\/hurghadalovers.com\/wp-content\/uploads\/2023\/08\/Snorkeling-Boat-Trip-from-Hurghada.jpeg\",\"width\":1156,\"height\":867,\"caption\":\"Excursion en bateau de plong\u00e9e en apn\u00e9e \u00e0 partir d'Hurghada\"},{\"@type\":\"BreadcrumbList\",\"@id\":\"https:\/\/hurghadalovers.com\/fr\/tours\/excursion-en-bateau-de-plongee-avec-tuba-au-depart-de-hurghada\/#breadcrumb\",\"itemListElement\":[{\"@type\":\"ListItem\",\"position\":1,\"name\":\"Home\",\"item\":\"https:\/\/hurghadalovers.com\/fr\/\"},{\"@type\":\"ListItem\",\"position\":2,\"name\":\"Shop\",\"item\":\"https:\/\/hurghadalovers.com\/fr\/shop\/\"},{\"@type\":\"ListItem\",\"position\":3,\"name\":\"Voyage sur l&rsquo;\u00eele de Giftoun Hurghada\"}]},{\"@type\":\"WebSite\",\"@id\":\"https:\/\/hurghadalovers.com\/fr\/#website\",\"url\":\"https:\/\/hurghadalovers.com\/fr\/\",\"name\":\"Hurghada Excursions & Day Trips | Booking Best Prices Tours\",\"description\":\"Hurghada Lovers - Best Tour Operator - Excursions &amp; Things to do for Family Day Trips with kids and Couples Romantic. Unique .Hidden gems\",\"publisher\":{\"@id\":\"https:\/\/hurghadalovers.com\/fr\/#organization\"},\"alternateName\":\"Hurghada Excursions\",\"potentialAction\":[{\"@type\":\"SearchAction\",\"target\":{\"@type\":\"EntryPoint\",\"urlTemplate\":\"https:\/\/hurghadalovers.com\/fr\/?s={search_term_string}\"},\"query-input\":{\"@type\":\"PropertyValueSpecification\",\"valueRequired\":true,\"valueName\":\"search_term_string\"}}],\"inLanguage\":\"fr-FR\"},{\"@type\":[\"Organization\",\"Place\",\"TravelAgency\"],\"@id\":\"https:\/\/hurghadalovers.com\/fr\/#organization\",\"name\":\"Hurghada Excursions\",\"url\":\"https:\/\/hurghadalovers.com\/fr\/\",\"logo\":{\"@id\":\"https:\/\/hurghadalovers.com\/fr\/tours\/excursion-en-bateau-de-plongee-avec-tuba-au-depart-de-hurghada\/#local-main-organization-logo\"},\"image\":{\"@id\":\"https:\/\/hurghadalovers.com\/fr\/tours\/excursion-en-bateau-de-plongee-avec-tuba-au-depart-de-hurghada\/#local-main-organization-logo\"},\"sameAs\":[\"https:\/\/www.facebook.com\/Hurghadaloversegypt\"],\"address\":{\"@id\":\"https:\/\/hurghadalovers.com\/fr\/tours\/excursion-en-bateau-de-plongee-avec-tuba-au-depart-de-hurghada\/#local-main-place-address\"},\"telephone\":[\"00201112596434\"],\"contactPoint\":{\"@type\":\"ContactPoint\",\"telephone\":\"00201112596434\",\"email\":\"weyouface@gmail.com\"},\"openingHoursSpecification\":{\"@type\":\"OpeningHoursSpecification\",\"dayOfWeek\":[\"Monday\",\"Tuesday\",\"Wednesday\",\"Thursday\",\"Friday\",\"Saturday\",\"Sunday\"],\"opens\":\"00:00\",\"closes\":\"23:59\"},\"email\":\"weyouface@gmail.com\",\"areaServed\":\"Luxor, Hurghada, El Gouna, Aswan, Sharm El Sheikh, Giza, Alexandria, Marsa Alam, Quseir, Soma Bay, Sahl Hasheesh, Red Sea, Makadi Bay, Cairo\",\"priceRange\":\"$\",\"currenciesAccepted\":\"euro\",\"paymentAccepted\":\"cash on site\"},{\"@type\":\"PostalAddress\",\"@id\":\"https:\/\/hurghadalovers.com\/fr\/tours\/excursion-en-bateau-de-plongee-avec-tuba-au-depart-de-hurghada\/#local-main-place-address\",\"streetAddress\":\"17 Banks street, Alkawther area, top nbk bank\",\"addressLocality\":\"hurghada\",\"postalCode\":\"84511\",\"addressRegion\":\"red sea\",\"addressCountry\":\"EG\"},{\"@type\":\"ImageObject\",\"inLanguage\":\"fr-FR\",\"@id\":\"https:\/\/hurghadalovers.com\/fr\/tours\/excursion-en-bateau-de-plongee-avec-tuba-au-depart-de-hurghada\/#local-main-organization-logo\",\"url\":\"https:\/\/hurghadalovers.com\/wp-content\/uploads\/2019\/10\/hurghada-excursions-logo.png\",\"contentUrl\":\"https:\/\/hurghadalovers.com\/wp-content\/uploads\/2019\/10\/hurghada-excursions-logo.png\",\"width\":272,\"height\":90,\"caption\":\"Hurghada Excursions\"}]}<\/script>\n<meta property=\"product:brand\" content=\"Plong\u00e9e sous-marine \u00e0 Hurghada\" \/>\n<meta property=\"product:price:amount\" content=\"25\" \/>\n<meta property=\"product:price:currency\" content=\"EUR\" \/>\n<meta property=\"og:availability\" content=\"instock\" \/>\n<meta property=\"product:availability\" content=\"instock\" \/>\n<meta property=\"product:retailer_item_id\" content=\"Snorkeling062024\" \/>\n<meta property=\"product:condition\" content=\"new\" \/>\n<meta name=\"geo.placename\" content=\"hurghada\" \/>\n<meta name=\"geo.region\" content=\"\u00c9gypte\" \/>\n<!-- \/ Yoast SEO Premium plugin. -->","yoast_head_json":{"title":"Voyage sur l'\u00eele de Giftoun, Excursion en bateau de plong\u00e9e","description":"Voyage sur l'\u00eele de Giftoun, Excursion en bateau de plong\u00e9e en apn\u00e9e depuis Hurghada avec sports nautiques et d\u00e9jeuner, transfert.","robots":{"index":"index","follow":"follow","max-snippet":"max-snippet:-1","max-image-preview":"max-image-preview:large","max-video-preview":"max-video-preview:-1"},"canonical":"https:\/\/hurghadalovers.com\/fr\/tours\/excursion-en-bateau-de-plongee-avec-tuba-au-depart-de-hurghada\/","og_locale":"fr_FR","og_type":"article","og_title":"Voyage sur l'\u00eele de Giftoun Hurghada","og_description":"Voyage sur l'\u00eele de Giftoun, Excursion en bateau de plong\u00e9e en apn\u00e9e depuis Hurghada avec sports nautiques et d\u00e9jeuner, transfert.","og_url":"https:\/\/hurghadalovers.com\/fr\/tours\/excursion-en-bateau-de-plongee-avec-tuba-au-depart-de-hurghada\/","og_site_name":"Hurghada Excursions &amp; Day Trips | Booking Best Prices Tours","article_publisher":"https:\/\/www.facebook.com\/Hurghadaloversegypt","article_modified_time":"2026-01-11T20:59:37+00:00","og_image":[{"width":1156,"height":867,"url":"https:\/\/hurghadalovers.com\/wp-content\/uploads\/2023\/08\/Snorkeling-Boat-Trip-from-Hurghada.jpeg","type":"image\/jpeg"}],"twitter_card":"summary_large_image","twitter_misc":{"Prix":"&euro;&nbsp;25","Disponibilit\u00e9":"En stock"},"schema":{"@context":"https:\/\/schema.org","@graph":[{"@type":["WebPage","ItemPage"],"@id":"https:\/\/hurghadalovers.com\/fr\/tours\/excursion-en-bateau-de-plongee-avec-tuba-au-depart-de-hurghada\/","url":"https:\/\/hurghadalovers.com\/fr\/tours\/excursion-en-bateau-de-plongee-avec-tuba-au-depart-de-hurghada\/","name":"Voyage sur l'\u00eele de Giftoun, Excursion en bateau de plong\u00e9e","isPartOf":{"@id":"https:\/\/hurghadalovers.com\/fr\/#website"},"primaryImageOfPage":{"@id":"https:\/\/hurghadalovers.com\/fr\/tours\/excursion-en-bateau-de-plongee-avec-tuba-au-depart-de-hurghada\/#primaryimage"},"image":{"@id":"https:\/\/hurghadalovers.com\/fr\/tours\/excursion-en-bateau-de-plongee-avec-tuba-au-depart-de-hurghada\/#primaryimage"},"thumbnailUrl":"https:\/\/hurghadalovers.com\/wp-content\/uploads\/2023\/08\/Snorkeling-Boat-Trip-from-Hurghada.jpeg","datePublished":"2025-09-30T12:00:56+00:00","dateModified":"2026-01-11T20:59:37+00:00","description":"Voyage sur l'\u00eele de Giftoun, Excursion en bateau de plong\u00e9e en apn\u00e9e depuis Hurghada avec sports nautiques et d\u00e9jeuner, transfert.","breadcrumb":{"@id":"https:\/\/hurghadalovers.com\/fr\/tours\/excursion-en-bateau-de-plongee-avec-tuba-au-depart-de-hurghada\/#breadcrumb"},"inLanguage":"fr-FR","potentialAction":[{"@type":"ReadAction","target":["https:\/\/hurghadalovers.com\/fr\/tours\/excursion-en-bateau-de-plongee-avec-tuba-au-depart-de-hurghada\/"]}]},{"@type":"ImageObject","inLanguage":"fr-FR","@id":"https:\/\/hurghadalovers.com\/fr\/tours\/excursion-en-bateau-de-plongee-avec-tuba-au-depart-de-hurghada\/#primaryimage","url":"https:\/\/hurghadalovers.com\/wp-content\/uploads\/2023\/08\/Snorkeling-Boat-Trip-from-Hurghada.jpeg","contentUrl":"https:\/\/hurghadalovers.com\/wp-content\/uploads\/2023\/08\/Snorkeling-Boat-Trip-from-Hurghada.jpeg","width":1156,"height":867,"caption":"Excursion en bateau de plong\u00e9e en apn\u00e9e \u00e0 partir d'Hurghada"},{"@type":"BreadcrumbList","@id":"https:\/\/hurghadalovers.com\/fr\/tours\/excursion-en-bateau-de-plongee-avec-tuba-au-depart-de-hurghada\/#breadcrumb","itemListElement":[{"@type":"ListItem","position":1,"name":"Home","item":"https:\/\/hurghadalovers.com\/fr\/"},{"@type":"ListItem","position":2,"name":"Shop","item":"https:\/\/hurghadalovers.com\/fr\/shop\/"},{"@type":"ListItem","position":3,"name":"Voyage sur l&rsquo;\u00eele de Giftoun Hurghada"}]},{"@type":"WebSite","@id":"https:\/\/hurghadalovers.com\/fr\/#website","url":"https:\/\/hurghadalovers.com\/fr\/","name":"Hurghada Excursions & Day Trips | Booking Best Prices Tours","description":"Hurghada Lovers - Best Tour Operator - Excursions &amp; Things to do for Family Day Trips with kids and Couples Romantic. Unique .Hidden gems","publisher":{"@id":"https:\/\/hurghadalovers.com\/fr\/#organization"},"alternateName":"Hurghada Excursions","potentialAction":[{"@type":"SearchAction","target":{"@type":"EntryPoint","urlTemplate":"https:\/\/hurghadalovers.com\/fr\/?s={search_term_string}"},"query-input":{"@type":"PropertyValueSpecification","valueRequired":true,"valueName":"search_term_string"}}],"inLanguage":"fr-FR"},{"@type":["Organization","Place","TravelAgency"],"@id":"https:\/\/hurghadalovers.com\/fr\/#organization","name":"Hurghada Excursions","url":"https:\/\/hurghadalovers.com\/fr\/","logo":{"@id":"https:\/\/hurghadalovers.com\/fr\/tours\/excursion-en-bateau-de-plongee-avec-tuba-au-depart-de-hurghada\/#local-main-organization-logo"},"image":{"@id":"https:\/\/hurghadalovers.com\/fr\/tours\/excursion-en-bateau-de-plongee-avec-tuba-au-depart-de-hurghada\/#local-main-organization-logo"},"sameAs":["https:\/\/www.facebook.com\/Hurghadaloversegypt"],"address":{"@id":"https:\/\/hurghadalovers.com\/fr\/tours\/excursion-en-bateau-de-plongee-avec-tuba-au-depart-de-hurghada\/#local-main-place-address"},"telephone":["00201112596434"],"contactPoint":{"@type":"ContactPoint","telephone":"00201112596434","email":"weyouface@gmail.com"},"openingHoursSpecification":{"@type":"OpeningHoursSpecification","dayOfWeek":["Monday","Tuesday","Wednesday","Thursday","Friday","Saturday","Sunday"],"opens":"00:00","closes":"23:59"},"email":"weyouface@gmail.com","areaServed":"Luxor, Hurghada, El Gouna, Aswan, Sharm El Sheikh, Giza, Alexandria, Marsa Alam, Quseir, Soma Bay, Sahl Hasheesh, Red Sea, Makadi Bay, Cairo","priceRange":"$","currenciesAccepted":"euro","paymentAccepted":"cash on site"},{"@type":"PostalAddress","@id":"https:\/\/hurghadalovers.com\/fr\/tours\/excursion-en-bateau-de-plongee-avec-tuba-au-depart-de-hurghada\/#local-main-place-address","streetAddress":"17 Banks street, Alkawther area, top nbk bank","addressLocality":"hurghada","postalCode":"84511","addressRegion":"red sea","addressCountry":"EG"},{"@type":"ImageObject","inLanguage":"fr-FR","@id":"https:\/\/hurghadalovers.com\/fr\/tours\/excursion-en-bateau-de-plongee-avec-tuba-au-depart-de-hurghada\/#local-main-organization-logo","url":"https:\/\/hurghadalovers.com\/wp-content\/uploads\/2019\/10\/hurghada-excursions-logo.png","contentUrl":"https:\/\/hurghadalovers.com\/wp-content\/uploads\/2019\/10\/hurghada-excursions-logo.png","width":272,"height":90,"caption":"Hurghada Excursions"}]},"product_brand":"Plong\u00e9e sous-marine \u00e0 Hurghada","product_price_amount":"25","product_price_currency":"EUR","og_availability":"instock","product_availability":"instock","product_retailer_item_id":"Snorkeling062024","product_condition":"new","geo.placename":"hurghada","geo.region":"\u00c9gypte"},"_links":{"self":[{"href":"https:\/\/hurghadalovers.com\/fr\/wp-json\/wp\/v2\/product\/380694","targetHints":{"allow":["GET"]}}],"collection":[{"href":"https:\/\/hurghadalovers.com\/fr\/wp-json\/wp\/v2\/product"}],"about":[{"href":"https:\/\/hurghadalovers.com\/fr\/wp-json\/wp\/v2\/types\/product"}],"wp:featuredmedia":[{"embeddable":true,"href":"https:\/\/hurghadalovers.com\/fr\/wp-json\/wp\/v2\/media\/380648"}],"wp:attachment":[{"href":"https:\/\/hurghadalovers.com\/fr\/wp-json\/wp\/v2\/media?parent=380694"}],"wp:term":[{"taxonomy":"product_brand","embeddable":true,"href":"https:\/\/hurghadalovers.com\/fr\/wp-json\/wp\/v2\/product_brand?post=380694"},{"taxonomy":"product_cat","embeddable":true,"href":"https:\/\/hurghadalovers.com\/fr\/wp-json\/wp\/v2\/product_cat?post=380694"},{"taxonomy":"product_tag","embeddable":true,"href":"https:\/\/hurghadalovers.com\/fr\/wp-json\/wp\/v2\/product_tag?post=380694"}],"curies":[{"name":"wp","href":"https:\/\/api.w.org\/{rel}","templated":true}]}}