{"id":380289,"date":"2024-04-22T11:00:55","date_gmt":"2024-04-22T11:00:55","guid":{"rendered":"https:\/\/hurghadalovers.com\/shop\/non%20class\u00e9\/safari-en-super-jeep-au-depart-dhurghada\/"},"modified":"2026-02-08T12:57:21","modified_gmt":"2026-02-08T12:57:21","slug":"super-jeep-safari-trip-from-hurghada","status":"publish","type":"product","link":"https:\/\/hurghadalovers.com\/fr\/tours\/super-jeep-safari-trip-from-hurghada\/","title":{"rendered":"Safari en super jeep au d\u00e9part d&rsquo;Hurghada"},"content":{"rendered":"<p>Safari en super jeep au d\u00e9part d&rsquo;Hurghada dans le d\u00e9sert avec ATV Quad Bike, Spider Car et 4\u00d74 Car vers le village b\u00e9douin avec balade \u00e0 dos de chameau puis d\u00eener BBQ + spectacle traditionnel.<\/p>\n<p style=\"text-align: left;\"><span style=\"color: #ff6600;\"> Meilleures choses \u00e0 faire \u00e0 Hurghada pour <span style=\"color: #33cccc;\"><strong>Famille avec enfants <\/strong><\/span>pour les <strong>personnes \u00e2g\u00e9es<\/strong> et <span style=\"color: #993366;\"><strong>romantiques <\/strong><\/span>et <span style=\"color: #993366;\"><strong>Couples Lune de miel<\/strong><br \/>\n<\/span><\/span><\/p>\n<p>&nbsp;<\/p>\n<p><strong>Safari en super jeep au d\u00e9part d&rsquo;Hurghada Faits marquants :<\/strong><\/p>\n<ol>\n<li>Voiture Jeep 4\u00d74.<\/li>\n<li>Balade en quad.<\/li>\n<li>Voiture araign\u00e9e.<\/li>\n<li>Promenade \u00e0 dos de chameau.<\/li>\n<li>Village b\u00e9douin.<\/li>\n<li>D\u00eener barbecue.<\/li>\n<li>Salon de l&rsquo;Orient.<\/li>\n<\/ol>\n<p><strong>Safari en super jeep au d\u00e9part d&rsquo;Hurghada D\u00e9tails :<\/strong><\/p>\n<ul>\n<li>Disponibilit\u00e9 des visites : Tous les jours.<\/li>\n<li>Type d&rsquo;excursion : Groupe.<\/li>\n<li>Heure de prise en charge : \u00e0 partir de 11 h 45&#8230;<\/li>\n<li>Heure de prise en charge : 19:00.<\/li>\n<li>Dur\u00e9e du voyage : 7 heures<\/li>\n<\/ul>\n<p><strong>Safari Hurghada Egypte meilleurs prix 4\u00d74 Safari Hurghada Excursions chameau \u00e9quitation village b\u00e9douin visite du d\u00e9sert<\/strong><\/p>\n<p>Rejoignez notre voyage safari \u00e0 Hurghada dans un village b\u00e9douin traditionnel. D\u00e9couvrez le paysage d\u00e9sertique \u00e0 couper le souffle avec ses dunes de sable. Montez \u00e0 dos de chameaux comme des B\u00e9douins.<\/p>\n<p><strong>\u00a0<\/strong><\/p>\n<p><strong>Faits saillants de notre visite :<\/strong><\/p>\n<ol>\n<li>4\u00d74 \u00e0 travers le d\u00e9sert de Hurghada jusqu\u2019\u00e0 un village b\u00e9douin<\/li>\n<li>Une visite au village b\u00e9douin avec une introduction au mode de vie des B\u00e9douins, nomades du Sahara<\/li>\n<li>Comme boisson gazeuse, essayez le th\u00e9 b\u00e9douin<\/li>\n<li>\u00c9quitation \u00e0 chameau dans le d\u00e9sert<\/li>\n<li>D\u00eener barbecue<\/li>\n<li>Coucher de soleil dans le d\u00e9sert<\/li>\n<\/ol>\n<p><strong>Programme:<\/strong><\/p>\n<p>Nous quittons Hurghada derri\u00e8re nous et montons une jeep \u00e0 travers le d\u00e9sert jusqu\u2019\u00e0 un village b\u00e9douin<\/p>\n<p>Profitez du paysage d\u00e9sertique avec ses dunes de sable en constante \u00e9volution et ses vues sur les contours accident\u00e9s des montagnes en arri\u00e8re-plan.<\/p>\n<p>Une fois dans un village b\u00e9douin, vous pourrez d\u00e9guster une tasse de th\u00e9 b\u00e9douin, puis vous promener dans le village et regarder les femmes b\u00e9douines cuire du pain et si elles ont la chance de go\u00fbter un magnifique pain frais cuit sur pierre<\/p>\n<p>Pr\u00eat \u00e0 rouler ? Votre bateau du d\u00e9sert est-il pr\u00eat ? Ne vous inqui\u00e9tez pas, les B\u00e9douins vous aideront \u00e0 monter \u00e0 dos de chameau. Lentement, la journ\u00e9e se termine et vous irez dans l\u2019une des collines voisines pour profiter du magnifique coucher de soleil.<\/p>\n<p>Profitez d\u2019un coucher de soleil fantastique dans le d\u00e9sert pendant que vous attendez avec impatience un d\u00eener barbecue que nous servons avec un spectacle oriental en soir\u00e9e avec danse du ventre, Tanoura et un spectacle fakir.<\/p>\n<p>Apr\u00e8s le spectacle, sous l\u2019impression romantique d\u2019un ciel \u00e9toil\u00e9 clair dans le d\u00e9sert, nous retournons \u00e0 notre h\u00f4tel<\/p>\n<p><strong>Qui comprend :<\/strong><\/p>\n<ol>\n<li>Transfert de l\u2019h\u00f4tel et retour par notre jeep safari<\/li>\n<li>D\u00e9sert de Hurghada safari en 4\u00d74<\/li>\n<li>Visitez le village b\u00e9douin de Hurghada<\/li>\n<li>\u00c9quitation \u00e0 chameau<\/li>\n<li>D\u00eener barbecue<\/li>\n<li>Boissons gazeuses<\/li>\n<li>Dance Orientale et Derviche<\/li>\n<\/ol>\n<p><strong>\u00a0<\/strong><\/p>\n<p><strong>R\u00e9servation Safari Hurghada Egypte :<\/strong><\/p>\n<p>Votre r\u00e9servation est consid\u00e9r\u00e9e comme confirm\u00e9e apr\u00e8s r\u00e9ception de l\u2019acompte<\/p>\n<p>Conduire une 4\u00d74 est une aventure de survie dans le d\u00e9sert et le village b\u00e9douin est exotique, o\u00f9 les habitants du d\u00e9sert d\u2019Egypte vous accueillent avec du th\u00e9 b\u00e9douin et leur hospitalit\u00e9. Les femmes b\u00e9douines vous montreront l\u2019art de cuire du pain. Passez \u00e0 la boutique du village o\u00f9 vous pourrez acheter des produits locaux.<\/p>\n<p>Pour tous les vacanciers \u00e0 Hurghada Egypte : 4\u00d74 \u00e9quitations est amusant et exotique o\u00f9 en outre vous visitez le terrarium et pouvez monter \u00e0 dos de chameau.<\/p>\n<p>Apr\u00e8s le Tour du d\u00e9sert de Hurghada en 4\u00d74 ou en VTT Vous pouvez choisir plus de voyages parmi nos offres Que diriez-vous d\u2019une excursion sous-marine ? R\u00e9servez votre voyage et d\u00e9couvrez le monde sous-marin de la mer Rouge<\/p>\n<p><strong>R\u00e9servez maintenant et payez plus tard :<\/strong><\/p>\n<ul>\n<li>Paiement en esp\u00e8ces sur place pour le guide.<\/li>\n<li>Paiement en livres \u00e9gyptiennes, $, \u20ac ou \u00a3.<\/li>\n<\/ul>\n<p><strong>Politique d&rsquo;annulation :<\/strong><\/p>\n<ul>\n<li>vous annulez jusqu&rsquo;\u00e0 24 heures \u00e0 l&rsquo;avance.<\/li>\n<li>Si l&rsquo;un des membres de votre famille annule la matin\u00e9e, vous payez 50 % des frais.<\/li>\n<\/ul>\n<p><strong>Qu&rsquo;est-ce qui est inclus ?<\/strong><\/p>\n<ul>\n<li>Transfert depuis les h\u00f4tels d&rsquo;Hurghada \u00ab\u00a0Prise en charge et retour \u00e0 l&rsquo;h\u00f4tel\u00a0\u00bb.<\/li>\n<li>Toutes les taxes, les droits d&rsquo;entr\u00e9e et les frais de manutention.<\/li>\n<li>Transferts.<\/li>\n<li>Guide touristique.<\/li>\n<li>Casque.<\/li>\n<\/ul>\n<p><strong>Exclusions ?<\/strong><\/p>\n<ul>\n<li>Foulard<\/li>\n<li>Lunettes de protection<\/li>\n<li>Pourboires.<\/li>\n<li>Photographie pour le voyage.<\/li>\n<li>Tous les extras non mentionn\u00e9s.<\/li>\n<\/ul>\n<p><strong>Super Jeep Safari Trip au d\u00e9part d&rsquo;Hurghada Prix :<\/strong><\/p>\n<ul>\n<li><strong>Prix adulte = <\/strong><strong>25$<\/strong><strong> par personne<\/strong>.<\/li>\n<li>Prix pour les enfants \u00ab\u00a05-12\u2033= 50%.<\/li>\n<li>pour les enfants \u00ab\u00a00-5\u2033= Gratuit.<\/li>\n<\/ul>\n<p><strong>Critiques :<\/strong><\/p>\n<p>consultez notre Google Map Reviews comme Meilleur <a href=\"https:\/\/g.page\/r\/CUeYvkngP3wkEBM\/review\">Tour Op\u00e9rateur \u00e0 Hurghada<\/a> en ligne \u00e0 <a href=\"https:\/\/hurghadalovers.com\/\">Hurghada<\/a> Egypte.<\/p>\n<p>&nbsp;<\/p>\n<p><strong>Remarque : <\/strong><\/p>\n<p>Nous proposons \u00e9galement des circuits avec transfert depuis votre h\u00f4tel \u00e0 El Goua, Soma bay, Makadi bay, Sahl Hasheesh, Safaga avec un co\u00fbt suppl\u00e9mentaire de 10$ par personne.<\/p>\n<p>&nbsp;<\/p>\n<p><strong>R\u00e9servation :<\/strong><\/p>\n<p>Envoyez l&rsquo;h\u00f4tel + le num\u00e9ro de la chambre + la photo du passeport \u00e0 WhatsApp : <strong>+201112596434<\/strong><\/p>\n<p>Si vous \u00eates en Egypte, r\u00e9servez d\u00e8s maintenant en ligne et confirmez votre arriv\u00e9e \u00e0 l&rsquo;h\u00f4tel.<\/p>\n<p>&nbsp;<\/p>\n","protected":false},"excerpt":{"rendered":"<p><strong>Super Jeep Safari Trip depuis Hurghada<\/strong> Safari dans le d\u00e9sert avec ATV Quad Bike, Spider Car et 4\u00d74 Car vers le village b\u00e9douin avec balade \u00e0 dos de chameau puis d\u00eener BBQ + spectacle traditionnel.<\/p>\n","protected":false},"featured_media":487214,"template":"","meta":{"_joinchat":[]},"product_brand":[],"product_cat":[29818],"product_tag":[60803],"class_list":{"0":"post-380289","1":"product","2":"type-product","3":"status-publish","4":"has-post-thumbnail","6":"product_cat-tour-fr","7":"product_tag-safari-a-hurghada","8":"tour_category-que-faire-a-hurghada","9":"tour_category-safari-hurghada-trips-fr","11":"first","12":"instock","13":"sale","14":"shipping-taxable","15":"purchasable","16":"product-type-tour"},"yoast_head":"<!-- This site is optimized with the Yoast SEO Premium plugin v26.9 (Yoast SEO v27.2) - https:\/\/yoast.com\/product\/yoast-seo-premium-wordpress\/ -->\n<title>Safari en super jeep au d\u00e9part d&#039;Hurghada dans le d\u00e9sert avec ATV<\/title>\n<meta name=\"description\" content=\"Safari en super jeep au d\u00e9part d&#039;Hurghada dans le d\u00e9sert avec ATV Quad Bike, Spider Car et 4\u00d74 Car jusqu&#039;au village b\u00e9douin avec balade \u00e0 dos de\" \/>\n<meta name=\"robots\" content=\"index, follow, max-snippet:-1, max-image-preview:large, max-video-preview:-1\" \/>\n<link rel=\"canonical\" href=\"https:\/\/hurghadalovers.com\/fr\/tours\/super-jeep-safari-trip-from-hurghada\/\" \/>\n<meta property=\"og:locale\" content=\"fr_FR\" \/>\n<meta property=\"og:type\" content=\"article\" \/>\n<meta property=\"og:title\" content=\"Safari en super jeep au d\u00e9part d&#039;Hurghada\" \/>\n<meta property=\"og:description\" content=\"Safari en super jeep au d\u00e9part d&#039;Hurghada dans le d\u00e9sert avec ATV Quad Bike, Spider Car et 4\u00d74 Car jusqu&#039;au village b\u00e9douin avec balade \u00e0 dos de\" \/>\n<meta property=\"og:url\" content=\"https:\/\/hurghadalovers.com\/fr\/tours\/super-jeep-safari-trip-from-hurghada\/\" \/>\n<meta property=\"og:site_name\" content=\"Hurghada Excursions &amp; Day Trips | Booking Best Prices Tours\" \/>\n<meta property=\"article:publisher\" content=\"https:\/\/www.facebook.com\/Hurghadaloversegypt\" \/>\n<meta property=\"article:modified_time\" content=\"2026-02-08T12:57:21+00:00\" \/>\n<meta property=\"og:image\" content=\"https:\/\/hurghadalovers.com\/wp-content\/uploads\/2024\/04\/Safari-Sahara-Hurghada-Jeep-4WD-Tours-2026.jpeg\" \/>\n\t<meta property=\"og:image:width\" content=\"960\" \/>\n\t<meta property=\"og:image:height\" content=\"1280\" \/>\n\t<meta property=\"og:image:type\" content=\"image\/jpeg\" \/>\n<meta name=\"twitter:card\" content=\"summary_large_image\" \/>\n<meta name=\"twitter:label1\" content=\"Prix\" \/>\n\t<meta name=\"twitter:data1\" content=\"&euro;&nbsp;25\" \/>\n\t<meta name=\"twitter:label2\" content=\"Disponibilit\u00e9\" \/>\n\t<meta name=\"twitter:data2\" content=\"En stock\" \/>\n<script type=\"application\/ld+json\" class=\"yoast-schema-graph\">{\"@context\":\"https:\/\/schema.org\",\"@graph\":[{\"@type\":[\"WebPage\",\"ItemPage\"],\"@id\":\"https:\/\/hurghadalovers.com\/fr\/tours\/super-jeep-safari-trip-from-hurghada\/\",\"url\":\"https:\/\/hurghadalovers.com\/fr\/tours\/super-jeep-safari-trip-from-hurghada\/\",\"name\":\"Safari en super jeep au d\u00e9part d'Hurghada dans le d\u00e9sert avec ATV\",\"isPartOf\":{\"@id\":\"https:\/\/hurghadalovers.com\/fr\/#website\"},\"primaryImageOfPage\":{\"@id\":\"https:\/\/hurghadalovers.com\/fr\/tours\/super-jeep-safari-trip-from-hurghada\/#primaryimage\"},\"image\":{\"@id\":\"https:\/\/hurghadalovers.com\/fr\/tours\/super-jeep-safari-trip-from-hurghada\/#primaryimage\"},\"thumbnailUrl\":\"https:\/\/hurghadalovers.com\/wp-content\/uploads\/2024\/04\/Safari-Sahara-Hurghada-Jeep-4WD-Tours-2026.jpeg\",\"datePublished\":\"2024-04-22T11:00:55+00:00\",\"dateModified\":\"2026-02-08T12:57:21+00:00\",\"description\":\"Safari en super jeep au d\u00e9part d'Hurghada dans le d\u00e9sert avec ATV Quad Bike, Spider Car et 4\u00d74 Car jusqu'au village b\u00e9douin avec balade \u00e0 dos de\",\"breadcrumb\":{\"@id\":\"https:\/\/hurghadalovers.com\/fr\/tours\/super-jeep-safari-trip-from-hurghada\/#breadcrumb\"},\"inLanguage\":\"fr-FR\",\"potentialAction\":[{\"@type\":\"ReadAction\",\"target\":[\"https:\/\/hurghadalovers.com\/fr\/tours\/super-jeep-safari-trip-from-hurghada\/\"]}]},{\"@type\":\"ImageObject\",\"inLanguage\":\"fr-FR\",\"@id\":\"https:\/\/hurghadalovers.com\/fr\/tours\/super-jeep-safari-trip-from-hurghada\/#primaryimage\",\"url\":\"https:\/\/hurghadalovers.com\/wp-content\/uploads\/2024\/04\/Safari-Sahara-Hurghada-Jeep-4WD-Tours-2026.jpeg\",\"contentUrl\":\"https:\/\/hurghadalovers.com\/wp-content\/uploads\/2024\/04\/Safari-Sahara-Hurghada-Jeep-4WD-Tours-2026.jpeg\",\"width\":960,\"height\":1280,\"caption\":\"Safari Sahara Hurghada Jeep 4WD Tours 2026\"},{\"@type\":\"BreadcrumbList\",\"@id\":\"https:\/\/hurghadalovers.com\/fr\/tours\/super-jeep-safari-trip-from-hurghada\/#breadcrumb\",\"itemListElement\":[{\"@type\":\"ListItem\",\"position\":1,\"name\":\"Home\",\"item\":\"https:\/\/hurghadalovers.com\/fr\/\"},{\"@type\":\"ListItem\",\"position\":2,\"name\":\"Shop\",\"item\":\"https:\/\/hurghadalovers.com\/fr\/shop\/\"},{\"@type\":\"ListItem\",\"position\":3,\"name\":\"Safari en super jeep au d\u00e9part d&rsquo;Hurghada\"}]},{\"@type\":\"WebSite\",\"@id\":\"https:\/\/hurghadalovers.com\/fr\/#website\",\"url\":\"https:\/\/hurghadalovers.com\/fr\/\",\"name\":\"Hurghada Excursions & Day Trips | Booking Best Prices Tours\",\"description\":\"Hurghada Lovers - Best Tour Operator - Excursions &amp; Things to do for Family Day Trips with kids and Couples Romantic. Unique .Hidden gems\",\"publisher\":{\"@id\":\"https:\/\/hurghadalovers.com\/fr\/#organization\"},\"alternateName\":\"Hurghada Excursions\",\"potentialAction\":[{\"@type\":\"SearchAction\",\"target\":{\"@type\":\"EntryPoint\",\"urlTemplate\":\"https:\/\/hurghadalovers.com\/fr\/?s={search_term_string}\"},\"query-input\":{\"@type\":\"PropertyValueSpecification\",\"valueRequired\":true,\"valueName\":\"search_term_string\"}}],\"inLanguage\":\"fr-FR\"},{\"@type\":[\"Organization\",\"Place\",\"TravelAgency\"],\"@id\":\"https:\/\/hurghadalovers.com\/fr\/#organization\",\"name\":\"Hurghada Excursions\",\"url\":\"https:\/\/hurghadalovers.com\/fr\/\",\"logo\":{\"@id\":\"https:\/\/hurghadalovers.com\/fr\/tours\/super-jeep-safari-trip-from-hurghada\/#local-main-organization-logo\"},\"image\":{\"@id\":\"https:\/\/hurghadalovers.com\/fr\/tours\/super-jeep-safari-trip-from-hurghada\/#local-main-organization-logo\"},\"sameAs\":[\"https:\/\/www.facebook.com\/Hurghadaloversegypt\"],\"address\":{\"@id\":\"https:\/\/hurghadalovers.com\/fr\/tours\/super-jeep-safari-trip-from-hurghada\/#local-main-place-address\"},\"telephone\":[\"00201112596434\"],\"contactPoint\":{\"@type\":\"ContactPoint\",\"telephone\":\"00201112596434\",\"email\":\"weyouface@gmail.com\"},\"openingHoursSpecification\":{\"@type\":\"OpeningHoursSpecification\",\"dayOfWeek\":[\"Monday\",\"Tuesday\",\"Wednesday\",\"Thursday\",\"Friday\",\"Saturday\",\"Sunday\"],\"opens\":\"00:00\",\"closes\":\"23:59\"},\"email\":\"weyouface@gmail.com\",\"areaServed\":\"Luxor, Hurghada, El Gouna, Aswan, Sharm El Sheikh, Giza, Alexandria, Marsa Alam, Quseir, Soma Bay, Sahl Hasheesh, Red Sea, Makadi Bay, Cairo\",\"priceRange\":\"$\",\"currenciesAccepted\":\"euro\",\"paymentAccepted\":\"cash on site\"},{\"@type\":\"PostalAddress\",\"@id\":\"https:\/\/hurghadalovers.com\/fr\/tours\/super-jeep-safari-trip-from-hurghada\/#local-main-place-address\",\"streetAddress\":\"17 Banks street, Alkawther area, top nbk bank\",\"addressLocality\":\"hurghada\",\"postalCode\":\"84511\",\"addressRegion\":\"red sea\",\"addressCountry\":\"EG\"},{\"@type\":\"ImageObject\",\"inLanguage\":\"fr-FR\",\"@id\":\"https:\/\/hurghadalovers.com\/fr\/tours\/super-jeep-safari-trip-from-hurghada\/#local-main-organization-logo\",\"url\":\"https:\/\/hurghadalovers.com\/wp-content\/uploads\/2019\/10\/hurghada-excursions-logo.png\",\"contentUrl\":\"https:\/\/hurghadalovers.com\/wp-content\/uploads\/2019\/10\/hurghada-excursions-logo.png\",\"width\":272,\"height\":90,\"caption\":\"Hurghada Excursions\"}]}<\/script>\n<meta property=\"product:brand\" content=\"Que faire \u00e0 Hurghada\" \/>\n<meta property=\"product:price:amount\" content=\"25\" \/>\n<meta property=\"product:price:currency\" content=\"EUR\" \/>\n<meta property=\"og:availability\" content=\"instock\" \/>\n<meta property=\"product:availability\" content=\"instock\" \/>\n<meta property=\"product:retailer_item_id\" content=\"Safari042024\" \/>\n<meta property=\"product:condition\" content=\"new\" \/>\n<meta name=\"geo.placename\" content=\"hurghada\" \/>\n<meta name=\"geo.region\" content=\"\u00c9gypte\" \/>\n<!-- \/ Yoast SEO Premium plugin. -->","yoast_head_json":{"title":"Safari en super jeep au d\u00e9part d'Hurghada dans le d\u00e9sert avec ATV","description":"Safari en super jeep au d\u00e9part d'Hurghada dans le d\u00e9sert avec ATV Quad Bike, Spider Car et 4\u00d74 Car jusqu'au village b\u00e9douin avec balade \u00e0 dos de","robots":{"index":"index","follow":"follow","max-snippet":"max-snippet:-1","max-image-preview":"max-image-preview:large","max-video-preview":"max-video-preview:-1"},"canonical":"https:\/\/hurghadalovers.com\/fr\/tours\/super-jeep-safari-trip-from-hurghada\/","og_locale":"fr_FR","og_type":"article","og_title":"Safari en super jeep au d\u00e9part d'Hurghada","og_description":"Safari en super jeep au d\u00e9part d'Hurghada dans le d\u00e9sert avec ATV Quad Bike, Spider Car et 4\u00d74 Car jusqu'au village b\u00e9douin avec balade \u00e0 dos de","og_url":"https:\/\/hurghadalovers.com\/fr\/tours\/super-jeep-safari-trip-from-hurghada\/","og_site_name":"Hurghada Excursions &amp; Day Trips | Booking Best Prices Tours","article_publisher":"https:\/\/www.facebook.com\/Hurghadaloversegypt","article_modified_time":"2026-02-08T12:57:21+00:00","og_image":[{"width":960,"height":1280,"url":"https:\/\/hurghadalovers.com\/wp-content\/uploads\/2024\/04\/Safari-Sahara-Hurghada-Jeep-4WD-Tours-2026.jpeg","type":"image\/jpeg"}],"twitter_card":"summary_large_image","twitter_misc":{"Prix":"&euro;&nbsp;25","Disponibilit\u00e9":"En stock"},"schema":{"@context":"https:\/\/schema.org","@graph":[{"@type":["WebPage","ItemPage"],"@id":"https:\/\/hurghadalovers.com\/fr\/tours\/super-jeep-safari-trip-from-hurghada\/","url":"https:\/\/hurghadalovers.com\/fr\/tours\/super-jeep-safari-trip-from-hurghada\/","name":"Safari en super jeep au d\u00e9part d'Hurghada dans le d\u00e9sert avec ATV","isPartOf":{"@id":"https:\/\/hurghadalovers.com\/fr\/#website"},"primaryImageOfPage":{"@id":"https:\/\/hurghadalovers.com\/fr\/tours\/super-jeep-safari-trip-from-hurghada\/#primaryimage"},"image":{"@id":"https:\/\/hurghadalovers.com\/fr\/tours\/super-jeep-safari-trip-from-hurghada\/#primaryimage"},"thumbnailUrl":"https:\/\/hurghadalovers.com\/wp-content\/uploads\/2024\/04\/Safari-Sahara-Hurghada-Jeep-4WD-Tours-2026.jpeg","datePublished":"2024-04-22T11:00:55+00:00","dateModified":"2026-02-08T12:57:21+00:00","description":"Safari en super jeep au d\u00e9part d'Hurghada dans le d\u00e9sert avec ATV Quad Bike, Spider Car et 4\u00d74 Car jusqu'au village b\u00e9douin avec balade \u00e0 dos de","breadcrumb":{"@id":"https:\/\/hurghadalovers.com\/fr\/tours\/super-jeep-safari-trip-from-hurghada\/#breadcrumb"},"inLanguage":"fr-FR","potentialAction":[{"@type":"ReadAction","target":["https:\/\/hurghadalovers.com\/fr\/tours\/super-jeep-safari-trip-from-hurghada\/"]}]},{"@type":"ImageObject","inLanguage":"fr-FR","@id":"https:\/\/hurghadalovers.com\/fr\/tours\/super-jeep-safari-trip-from-hurghada\/#primaryimage","url":"https:\/\/hurghadalovers.com\/wp-content\/uploads\/2024\/04\/Safari-Sahara-Hurghada-Jeep-4WD-Tours-2026.jpeg","contentUrl":"https:\/\/hurghadalovers.com\/wp-content\/uploads\/2024\/04\/Safari-Sahara-Hurghada-Jeep-4WD-Tours-2026.jpeg","width":960,"height":1280,"caption":"Safari Sahara Hurghada Jeep 4WD Tours 2026"},{"@type":"BreadcrumbList","@id":"https:\/\/hurghadalovers.com\/fr\/tours\/super-jeep-safari-trip-from-hurghada\/#breadcrumb","itemListElement":[{"@type":"ListItem","position":1,"name":"Home","item":"https:\/\/hurghadalovers.com\/fr\/"},{"@type":"ListItem","position":2,"name":"Shop","item":"https:\/\/hurghadalovers.com\/fr\/shop\/"},{"@type":"ListItem","position":3,"name":"Safari en super jeep au d\u00e9part d&rsquo;Hurghada"}]},{"@type":"WebSite","@id":"https:\/\/hurghadalovers.com\/fr\/#website","url":"https:\/\/hurghadalovers.com\/fr\/","name":"Hurghada Excursions & Day Trips | Booking Best Prices Tours","description":"Hurghada Lovers - Best Tour Operator - Excursions &amp; Things to do for Family Day Trips with kids and Couples Romantic. Unique .Hidden gems","publisher":{"@id":"https:\/\/hurghadalovers.com\/fr\/#organization"},"alternateName":"Hurghada Excursions","potentialAction":[{"@type":"SearchAction","target":{"@type":"EntryPoint","urlTemplate":"https:\/\/hurghadalovers.com\/fr\/?s={search_term_string}"},"query-input":{"@type":"PropertyValueSpecification","valueRequired":true,"valueName":"search_term_string"}}],"inLanguage":"fr-FR"},{"@type":["Organization","Place","TravelAgency"],"@id":"https:\/\/hurghadalovers.com\/fr\/#organization","name":"Hurghada Excursions","url":"https:\/\/hurghadalovers.com\/fr\/","logo":{"@id":"https:\/\/hurghadalovers.com\/fr\/tours\/super-jeep-safari-trip-from-hurghada\/#local-main-organization-logo"},"image":{"@id":"https:\/\/hurghadalovers.com\/fr\/tours\/super-jeep-safari-trip-from-hurghada\/#local-main-organization-logo"},"sameAs":["https:\/\/www.facebook.com\/Hurghadaloversegypt"],"address":{"@id":"https:\/\/hurghadalovers.com\/fr\/tours\/super-jeep-safari-trip-from-hurghada\/#local-main-place-address"},"telephone":["00201112596434"],"contactPoint":{"@type":"ContactPoint","telephone":"00201112596434","email":"weyouface@gmail.com"},"openingHoursSpecification":{"@type":"OpeningHoursSpecification","dayOfWeek":["Monday","Tuesday","Wednesday","Thursday","Friday","Saturday","Sunday"],"opens":"00:00","closes":"23:59"},"email":"weyouface@gmail.com","areaServed":"Luxor, Hurghada, El Gouna, Aswan, Sharm El Sheikh, Giza, Alexandria, Marsa Alam, Quseir, Soma Bay, Sahl Hasheesh, Red Sea, Makadi Bay, Cairo","priceRange":"$","currenciesAccepted":"euro","paymentAccepted":"cash on site"},{"@type":"PostalAddress","@id":"https:\/\/hurghadalovers.com\/fr\/tours\/super-jeep-safari-trip-from-hurghada\/#local-main-place-address","streetAddress":"17 Banks street, Alkawther area, top nbk bank","addressLocality":"hurghada","postalCode":"84511","addressRegion":"red sea","addressCountry":"EG"},{"@type":"ImageObject","inLanguage":"fr-FR","@id":"https:\/\/hurghadalovers.com\/fr\/tours\/super-jeep-safari-trip-from-hurghada\/#local-main-organization-logo","url":"https:\/\/hurghadalovers.com\/wp-content\/uploads\/2019\/10\/hurghada-excursions-logo.png","contentUrl":"https:\/\/hurghadalovers.com\/wp-content\/uploads\/2019\/10\/hurghada-excursions-logo.png","width":272,"height":90,"caption":"Hurghada Excursions"}]},"product_brand":"Que faire \u00e0 Hurghada","product_price_amount":"25","product_price_currency":"EUR","og_availability":"instock","product_availability":"instock","product_retailer_item_id":"Safari042024","product_condition":"new","geo.placename":"hurghada","geo.region":"\u00c9gypte"},"_links":{"self":[{"href":"https:\/\/hurghadalovers.com\/fr\/wp-json\/wp\/v2\/product\/380289","targetHints":{"allow":["GET"]}}],"collection":[{"href":"https:\/\/hurghadalovers.com\/fr\/wp-json\/wp\/v2\/product"}],"about":[{"href":"https:\/\/hurghadalovers.com\/fr\/wp-json\/wp\/v2\/types\/product"}],"wp:featuredmedia":[{"embeddable":true,"href":"https:\/\/hurghadalovers.com\/fr\/wp-json\/wp\/v2\/media\/487214"}],"wp:attachment":[{"href":"https:\/\/hurghadalovers.com\/fr\/wp-json\/wp\/v2\/media?parent=380289"}],"wp:term":[{"taxonomy":"product_brand","embeddable":true,"href":"https:\/\/hurghadalovers.com\/fr\/wp-json\/wp\/v2\/product_brand?post=380289"},{"taxonomy":"product_cat","embeddable":true,"href":"https:\/\/hurghadalovers.com\/fr\/wp-json\/wp\/v2\/product_cat?post=380289"},{"taxonomy":"product_tag","embeddable":true,"href":"https:\/\/hurghadalovers.com\/fr\/wp-json\/wp\/v2\/product_tag?post=380289"}],"curies":[{"name":"wp","href":"https:\/\/api.w.org\/{rel}","templated":true}]}}