{"id":380200,"date":"2023-08-14T10:42:33","date_gmt":"2023-08-14T10:42:33","guid":{"rendered":"https:\/\/hurghadalovers.com\/shop\/non%20class\u00e9\/excursion-privee-en-quad-dans-le-desert-au-depart-dhurghada\/"},"modified":"2026-02-08T19:24:03","modified_gmt":"2026-02-08T19:24:03","slug":"excursion-privee-en-quad-a-velo-au-depart-de-hurghada","status":"publish","type":"product","link":"https:\/\/hurghadalovers.com\/fr\/tours\/excursion-privee-en-quad-a-velo-au-depart-de-hurghada\/","title":{"rendered":"Excursion priv\u00e9e en quad dans le d\u00e9sert au d\u00e9part d&rsquo;Hurghada"},"content":{"rendered":"<p>Excursion <strong>priv\u00e9e en quad<\/strong> dans le d\u00e9sert depuis Hurghada jusqu&rsquo;au village b\u00e9douin avec promenade \u00e0 dos de chameau.<\/p>\n<p>Vous recherchez l&rsquo;<strong>intimit\u00e9<\/strong> et souhaitez vivre une <strong>aventure<\/strong> unique en <strong>conduisant des quads<\/strong> dans le d\u00e9sert d&rsquo;Hurghada ? Rejoignez les plus beaux  les <strong>voyages de safari<\/strong> pour les familles et les couples qui doivent parcourir 25 km dans le d\u00e9sert pour s&rsquo;\u00e9chapper  Vous pourrez alors <strong>monter \u00e0 dos de chameau<\/strong> et d\u00e9couvrir la vie des <strong>B\u00e9douins<\/strong> avec l&rsquo;aide d&rsquo;un <strong>guide priv\u00e9<\/strong>, tout en contr\u00f4lant votre temps et en b\u00e9n\u00e9ficiant d&rsquo;une plus grande intimit\u00e9 et d&rsquo;un plus grand <strong>luxe<\/strong>.<\/p>\n<p style=\"text-align: center;\"><span style=\"color: #ff9900;\">Meilleures choses \u00e0 faire \u00e0 Hurghada pour <span style=\"color: #33cccc;\"><br \/>\n  <strong>Activit\u00e9s familiales<\/strong><br \/>\n<\/span> &amp; <span style=\"color: #993366;\"><br \/>\n  <strong>romantiques<\/strong><br \/>\n<\/span> et <span style=\"color: #993366;\"><br \/>\n  <strong>Lune de miel en couple<\/strong><br \/>\n<\/span><\/span><\/p>\n<p>&nbsp;<\/p>\n<p><strong>Faits marquants :<\/strong><\/p>\n<ol>\n<li>Balade en quad.<\/li>\n<li>Promenade \u00e0 dos de chameau.<\/li>\n<li>Village b\u00e9douin.<\/li>\n<\/ol>\n<p><strong>D\u00e9tails de l&rsquo;excursion priv\u00e9e en quad :<\/strong><\/p>\n<ul>\n<li>Disponibilit\u00e9 des visites : Tous les jours.<\/li>\n<li>Type d&rsquo;excursion : Groupe.<\/li>\n<li>Heure de prise en charge : \u00e0 partir de 08:15 ou l&rsquo;apr\u00e8s-midi \u00e0 partir de 13:00.<\/li>\n<li>Heure de prise en charge : 11:45 A.M. OR Heure du coucher du soleil.<\/li>\n<li>Dur\u00e9e : 3 heures<\/li>\n<\/ul>\n<p><strong>R\u00e9servez maintenant et payez plus tard :<\/strong><\/p>\n<ul>\n<li>Paiement en esp\u00e8ces sur place pour le guide.<\/li>\n<li>Paiement en livres \u00e9gyptiennes, $, \u20ac ou \u00a3.<\/li>\n<\/ul>\n<p><strong>Politique d&rsquo;annulation :<\/strong><\/p>\n<ul>\n<li>vous annulez jusqu&rsquo;\u00e0 24 heures \u00e0 l&rsquo;avance.<\/li>\n<li>Si l&rsquo;un des membres de votre famille annule la matin\u00e9e, vous payez 50 % des frais.<\/li>\n<\/ul>\n<p><strong>Qu&rsquo;est-ce qui est inclus ?<\/strong><\/p>\n<ul>\n<li>Transfert depuis les h\u00f4tels d&rsquo;Hurghada \u00ab\u00a0Prise en charge et retour \u00e0 l&rsquo;h\u00f4tel\u00a0\u00bb.<\/li>\n<li>Toutes les taxes, les droits d&rsquo;entr\u00e9e et les frais de manutention.<\/li>\n<li>Transferts.<\/li>\n<li>Guide touristique.<\/li>\n<li>Casque.<\/li>\n<\/ul>\n<p><strong>Exclusions ?<\/strong><\/p>\n<ul>\n<li>Foulard<\/li>\n<li>Lunettes de protection<\/li>\n<li>Pourboires.<\/li>\n<li>Photographie pour le voyage.<\/li>\n<li>Tous les extras non mentionn\u00e9s.<\/li>\n<\/ul>\n<p><strong>Prix des excursions priv\u00e9es en quad :<\/strong><\/p>\n<ul>\n<li><strong>Prix adulte = <\/strong><strong>30$<\/strong><strong> par personne<\/strong>.<\/li>\n<\/ul>\n<p><strong>Critiques :<\/strong><\/p>\n<p>consultez notre Google Map Reviews comme Meilleur <a href=\"https:\/\/g.page\/r\/CUeYvkngP3wkEBM\/review\">Tour Op\u00e9rateur \u00e0 Hurghada<\/a> en ligne \u00e0 <a href=\"https:\/\/hurghadalovers.com\/\">Hurghada<\/a> Egypte.<\/p>\n<p>&nbsp;<\/p>\n<p><strong>Remarque :  <\/strong><\/p>\n<p>Nous proposons \u00e9galement des circuits avec transfert depuis votre h\u00f4tel \u00e0 El Goua, Soma bay, Makadi bay, Sahl Hasheesh, Safaga avec un co\u00fbt suppl\u00e9mentaire de 10$ par personne.<\/p>\n<p>&nbsp;<\/p>\n<p><strong>R\u00e9servation :<\/strong><\/p>\n<p>Envoyez l&rsquo;h\u00f4tel + le num\u00e9ro de la chambre + la photo du passeport \u00e0 WhatsApp : <strong>+201112596434<\/strong><\/p>\n<p>Si vous \u00eates en Egypte, r\u00e9servez d\u00e8s maintenant en ligne et confirmez votre arriv\u00e9e \u00e0 l&rsquo;h\u00f4tel.<\/p>\n","protected":false},"excerpt":{"rendered":"<p>Excursion priv\u00e9e en quad dans le d\u00e9sert depuis Hurghada jusqu&rsquo;au village b\u00e9douin avec promenade \u00e0 dos de chameau. Meilleures choses \u00e0 faire \u00e0 Hurghada pour les familles et les couples en lune de miel&#8230;<\/p>\n","protected":false},"featured_media":489927,"template":"","meta":{"_joinchat":[]},"product_brand":[],"product_cat":[29818],"product_tag":[],"class_list":{"0":"post-380200","1":"product","2":"type-product","3":"status-publish","4":"has-post-thumbnail","6":"product_cat-tour-fr","7":"tour_category-que-faire-a-hurghada","8":"tour_category-safari-hurghada-trips-fr","10":"first","11":"instock","12":"sale","13":"shipping-taxable","14":"purchasable","15":"product-type-tour"},"yoast_head":"<!-- This site is optimized with the Yoast SEO Premium plugin v26.9 (Yoast SEO v27.2) - https:\/\/yoast.com\/product\/yoast-seo-premium-wordpress\/ -->\n<title>Excursion priv\u00e9e en quad dans le d\u00e9sert au d\u00e9part d&#039;Hurghada<\/title>\n<meta name=\"description\" content=\"Excursion priv\u00e9e en quad dans le d\u00e9sert depuis Hurghada jusqu&#039;au village b\u00e9douin avec promenade \u00e0 dos de chameau. Choses \u00e0 faire \u00e0 Hurghada pour les familles, les romantiques et les couples\" \/>\n<meta name=\"robots\" content=\"index, follow, max-snippet:-1, max-image-preview:large, max-video-preview:-1\" \/>\n<link rel=\"canonical\" href=\"https:\/\/hurghadalovers.com\/fr\/tours\/excursion-privee-en-quad-a-velo-au-depart-de-hurghada\/\" \/>\n<meta property=\"og:locale\" content=\"fr_FR\" \/>\n<meta property=\"og:type\" content=\"article\" \/>\n<meta property=\"og:title\" content=\"Excursion priv\u00e9e en quad dans le d\u00e9sert au d\u00e9part d&#039;Hurghada\" \/>\n<meta property=\"og:description\" content=\"Excursion priv\u00e9e en quad dans le d\u00e9sert depuis Hurghada jusqu&#039;au village b\u00e9douin avec promenade \u00e0 dos de chameau. Choses \u00e0 faire \u00e0 Hurghada pour les familles, les romantiques et les couples\" \/>\n<meta property=\"og:url\" content=\"https:\/\/hurghadalovers.com\/fr\/tours\/excursion-privee-en-quad-a-velo-au-depart-de-hurghada\/\" \/>\n<meta property=\"og:site_name\" content=\"Hurghada Excursions &amp; Day Trips | Booking Best Prices Tours\" \/>\n<meta property=\"article:publisher\" content=\"https:\/\/www.facebook.com\/Hurghadaloversegypt\" \/>\n<meta property=\"article:modified_time\" content=\"2026-02-08T19:24:03+00:00\" \/>\n<meta property=\"og:image\" content=\"https:\/\/hurghadalovers.com\/wp-content\/uploads\/2023\/08\/Private-Hurghada-ATV-Tour-Elite-Deluxe-All-inclusive.jpeg\" \/>\n\t<meta property=\"og:image:width\" content=\"960\" \/>\n\t<meta property=\"og:image:height\" content=\"1280\" \/>\n\t<meta property=\"og:image:type\" content=\"image\/jpeg\" \/>\n<meta name=\"twitter:card\" content=\"summary_large_image\" \/>\n<meta name=\"twitter:label1\" content=\"Prix\" \/>\n\t<meta name=\"twitter:data1\" content=\"&euro;&nbsp;35\" \/>\n\t<meta name=\"twitter:label2\" content=\"Disponibilit\u00e9\" \/>\n\t<meta name=\"twitter:data2\" content=\"En stock\" \/>\n<script type=\"application\/ld+json\" class=\"yoast-schema-graph\">{\"@context\":\"https:\/\/schema.org\",\"@graph\":[{\"@type\":[\"WebPage\",\"ItemPage\"],\"@id\":\"https:\/\/hurghadalovers.com\/fr\/tours\/excursion-privee-en-quad-a-velo-au-depart-de-hurghada\/\",\"url\":\"https:\/\/hurghadalovers.com\/fr\/tours\/excursion-privee-en-quad-a-velo-au-depart-de-hurghada\/\",\"name\":\"Excursion priv\u00e9e en quad dans le d\u00e9sert au d\u00e9part d'Hurghada\",\"isPartOf\":{\"@id\":\"https:\/\/hurghadalovers.com\/fr\/#website\"},\"primaryImageOfPage\":{\"@id\":\"https:\/\/hurghadalovers.com\/fr\/tours\/excursion-privee-en-quad-a-velo-au-depart-de-hurghada\/#primaryimage\"},\"image\":{\"@id\":\"https:\/\/hurghadalovers.com\/fr\/tours\/excursion-privee-en-quad-a-velo-au-depart-de-hurghada\/#primaryimage\"},\"thumbnailUrl\":\"https:\/\/hurghadalovers.com\/wp-content\/uploads\/2023\/08\/Private-Hurghada-ATV-Tour-Elite-Deluxe-All-inclusive.jpeg\",\"datePublished\":\"2023-08-14T10:42:33+00:00\",\"dateModified\":\"2026-02-08T19:24:03+00:00\",\"description\":\"Excursion priv\u00e9e en quad dans le d\u00e9sert depuis Hurghada jusqu'au village b\u00e9douin avec promenade \u00e0 dos de chameau. Choses \u00e0 faire \u00e0 Hurghada pour les familles, les romantiques et les couples\",\"breadcrumb\":{\"@id\":\"https:\/\/hurghadalovers.com\/fr\/tours\/excursion-privee-en-quad-a-velo-au-depart-de-hurghada\/#breadcrumb\"},\"inLanguage\":\"fr-FR\",\"potentialAction\":[{\"@type\":\"ReadAction\",\"target\":[\"https:\/\/hurghadalovers.com\/fr\/tours\/excursion-privee-en-quad-a-velo-au-depart-de-hurghada\/\"]}]},{\"@type\":\"ImageObject\",\"inLanguage\":\"fr-FR\",\"@id\":\"https:\/\/hurghadalovers.com\/fr\/tours\/excursion-privee-en-quad-a-velo-au-depart-de-hurghada\/#primaryimage\",\"url\":\"https:\/\/hurghadalovers.com\/wp-content\/uploads\/2023\/08\/Private-Hurghada-ATV-Tour-Elite-Deluxe-All-inclusive.jpeg\",\"contentUrl\":\"https:\/\/hurghadalovers.com\/wp-content\/uploads\/2023\/08\/Private-Hurghada-ATV-Tour-Elite-Deluxe-All-inclusive.jpeg\",\"width\":960,\"height\":1280,\"caption\":\"Private Hurghada ATV Tour Elite & Deluxe All inclusive\"},{\"@type\":\"BreadcrumbList\",\"@id\":\"https:\/\/hurghadalovers.com\/fr\/tours\/excursion-privee-en-quad-a-velo-au-depart-de-hurghada\/#breadcrumb\",\"itemListElement\":[{\"@type\":\"ListItem\",\"position\":1,\"name\":\"Home\",\"item\":\"https:\/\/hurghadalovers.com\/fr\/\"},{\"@type\":\"ListItem\",\"position\":2,\"name\":\"Shop\",\"item\":\"https:\/\/hurghadalovers.com\/fr\/shop\/\"},{\"@type\":\"ListItem\",\"position\":3,\"name\":\"Excursion priv\u00e9e en quad dans le d\u00e9sert au d\u00e9part d&rsquo;Hurghada\"}]},{\"@type\":\"WebSite\",\"@id\":\"https:\/\/hurghadalovers.com\/fr\/#website\",\"url\":\"https:\/\/hurghadalovers.com\/fr\/\",\"name\":\"Hurghada Excursions & Day Trips | Booking Best Prices Tours\",\"description\":\"Hurghada Lovers - Best Tour Operator - Excursions &amp; Things to do for Family Day Trips with kids and Couples Romantic. Unique .Hidden gems\",\"publisher\":{\"@id\":\"https:\/\/hurghadalovers.com\/fr\/#organization\"},\"alternateName\":\"Hurghada Excursions\",\"potentialAction\":[{\"@type\":\"SearchAction\",\"target\":{\"@type\":\"EntryPoint\",\"urlTemplate\":\"https:\/\/hurghadalovers.com\/fr\/?s={search_term_string}\"},\"query-input\":{\"@type\":\"PropertyValueSpecification\",\"valueRequired\":true,\"valueName\":\"search_term_string\"}}],\"inLanguage\":\"fr-FR\"},{\"@type\":[\"Organization\",\"Place\",\"TravelAgency\"],\"@id\":\"https:\/\/hurghadalovers.com\/fr\/#organization\",\"name\":\"Hurghada Excursions\",\"url\":\"https:\/\/hurghadalovers.com\/fr\/\",\"logo\":{\"@id\":\"https:\/\/hurghadalovers.com\/fr\/tours\/excursion-privee-en-quad-a-velo-au-depart-de-hurghada\/#local-main-organization-logo\"},\"image\":{\"@id\":\"https:\/\/hurghadalovers.com\/fr\/tours\/excursion-privee-en-quad-a-velo-au-depart-de-hurghada\/#local-main-organization-logo\"},\"sameAs\":[\"https:\/\/www.facebook.com\/Hurghadaloversegypt\"],\"address\":{\"@id\":\"https:\/\/hurghadalovers.com\/fr\/tours\/excursion-privee-en-quad-a-velo-au-depart-de-hurghada\/#local-main-place-address\"},\"telephone\":[\"00201112596434\"],\"contactPoint\":{\"@type\":\"ContactPoint\",\"telephone\":\"00201112596434\",\"email\":\"weyouface@gmail.com\"},\"openingHoursSpecification\":{\"@type\":\"OpeningHoursSpecification\",\"dayOfWeek\":[\"Monday\",\"Tuesday\",\"Wednesday\",\"Thursday\",\"Friday\",\"Saturday\",\"Sunday\"],\"opens\":\"00:00\",\"closes\":\"23:59\"},\"email\":\"weyouface@gmail.com\",\"areaServed\":\"Luxor, Hurghada, El Gouna, Aswan, Sharm El Sheikh, Giza, Alexandria, Marsa Alam, Quseir, Soma Bay, Sahl Hasheesh, Red Sea, Makadi Bay, Cairo\",\"priceRange\":\"$\",\"currenciesAccepted\":\"euro\",\"paymentAccepted\":\"cash on site\"},{\"@type\":\"PostalAddress\",\"@id\":\"https:\/\/hurghadalovers.com\/fr\/tours\/excursion-privee-en-quad-a-velo-au-depart-de-hurghada\/#local-main-place-address\",\"streetAddress\":\"17 Banks street, Alkawther area, top nbk bank\",\"addressLocality\":\"hurghada\",\"postalCode\":\"84511\",\"addressRegion\":\"red sea\",\"addressCountry\":\"EG\"},{\"@type\":\"ImageObject\",\"inLanguage\":\"fr-FR\",\"@id\":\"https:\/\/hurghadalovers.com\/fr\/tours\/excursion-privee-en-quad-a-velo-au-depart-de-hurghada\/#local-main-organization-logo\",\"url\":\"https:\/\/hurghadalovers.com\/wp-content\/uploads\/2019\/10\/hurghada-excursions-logo.png\",\"contentUrl\":\"https:\/\/hurghadalovers.com\/wp-content\/uploads\/2019\/10\/hurghada-excursions-logo.png\",\"width\":272,\"height\":90,\"caption\":\"Hurghada Excursions\"}]}<\/script>\n<meta property=\"product:brand\" content=\"Que faire \u00e0 Hurghada\" \/>\n<meta property=\"product:price:amount\" content=\"35\" \/>\n<meta property=\"product:price:currency\" content=\"EUR\" \/>\n<meta property=\"og:availability\" content=\"instock\" \/>\n<meta property=\"product:availability\" content=\"instock\" \/>\n<meta property=\"product:retailer_item_id\" content=\"Safari032024\" \/>\n<meta property=\"product:condition\" content=\"new\" \/>\n<meta name=\"geo.placename\" content=\"hurghada\" \/>\n<meta name=\"geo.region\" content=\"\u00c9gypte\" \/>\n<!-- \/ Yoast SEO Premium plugin. -->","yoast_head_json":{"title":"Excursion priv\u00e9e en quad dans le d\u00e9sert au d\u00e9part d'Hurghada","description":"Excursion priv\u00e9e en quad dans le d\u00e9sert depuis Hurghada jusqu'au village b\u00e9douin avec promenade \u00e0 dos de chameau. Choses \u00e0 faire \u00e0 Hurghada pour les familles, les romantiques et les couples","robots":{"index":"index","follow":"follow","max-snippet":"max-snippet:-1","max-image-preview":"max-image-preview:large","max-video-preview":"max-video-preview:-1"},"canonical":"https:\/\/hurghadalovers.com\/fr\/tours\/excursion-privee-en-quad-a-velo-au-depart-de-hurghada\/","og_locale":"fr_FR","og_type":"article","og_title":"Excursion priv\u00e9e en quad dans le d\u00e9sert au d\u00e9part d'Hurghada","og_description":"Excursion priv\u00e9e en quad dans le d\u00e9sert depuis Hurghada jusqu'au village b\u00e9douin avec promenade \u00e0 dos de chameau. Choses \u00e0 faire \u00e0 Hurghada pour les familles, les romantiques et les couples","og_url":"https:\/\/hurghadalovers.com\/fr\/tours\/excursion-privee-en-quad-a-velo-au-depart-de-hurghada\/","og_site_name":"Hurghada Excursions &amp; Day Trips | Booking Best Prices Tours","article_publisher":"https:\/\/www.facebook.com\/Hurghadaloversegypt","article_modified_time":"2026-02-08T19:24:03+00:00","og_image":[{"width":960,"height":1280,"url":"https:\/\/hurghadalovers.com\/wp-content\/uploads\/2023\/08\/Private-Hurghada-ATV-Tour-Elite-Deluxe-All-inclusive.jpeg","type":"image\/jpeg"}],"twitter_card":"summary_large_image","twitter_misc":{"Prix":"&euro;&nbsp;35","Disponibilit\u00e9":"En stock"},"schema":{"@context":"https:\/\/schema.org","@graph":[{"@type":["WebPage","ItemPage"],"@id":"https:\/\/hurghadalovers.com\/fr\/tours\/excursion-privee-en-quad-a-velo-au-depart-de-hurghada\/","url":"https:\/\/hurghadalovers.com\/fr\/tours\/excursion-privee-en-quad-a-velo-au-depart-de-hurghada\/","name":"Excursion priv\u00e9e en quad dans le d\u00e9sert au d\u00e9part d'Hurghada","isPartOf":{"@id":"https:\/\/hurghadalovers.com\/fr\/#website"},"primaryImageOfPage":{"@id":"https:\/\/hurghadalovers.com\/fr\/tours\/excursion-privee-en-quad-a-velo-au-depart-de-hurghada\/#primaryimage"},"image":{"@id":"https:\/\/hurghadalovers.com\/fr\/tours\/excursion-privee-en-quad-a-velo-au-depart-de-hurghada\/#primaryimage"},"thumbnailUrl":"https:\/\/hurghadalovers.com\/wp-content\/uploads\/2023\/08\/Private-Hurghada-ATV-Tour-Elite-Deluxe-All-inclusive.jpeg","datePublished":"2023-08-14T10:42:33+00:00","dateModified":"2026-02-08T19:24:03+00:00","description":"Excursion priv\u00e9e en quad dans le d\u00e9sert depuis Hurghada jusqu'au village b\u00e9douin avec promenade \u00e0 dos de chameau. Choses \u00e0 faire \u00e0 Hurghada pour les familles, les romantiques et les couples","breadcrumb":{"@id":"https:\/\/hurghadalovers.com\/fr\/tours\/excursion-privee-en-quad-a-velo-au-depart-de-hurghada\/#breadcrumb"},"inLanguage":"fr-FR","potentialAction":[{"@type":"ReadAction","target":["https:\/\/hurghadalovers.com\/fr\/tours\/excursion-privee-en-quad-a-velo-au-depart-de-hurghada\/"]}]},{"@type":"ImageObject","inLanguage":"fr-FR","@id":"https:\/\/hurghadalovers.com\/fr\/tours\/excursion-privee-en-quad-a-velo-au-depart-de-hurghada\/#primaryimage","url":"https:\/\/hurghadalovers.com\/wp-content\/uploads\/2023\/08\/Private-Hurghada-ATV-Tour-Elite-Deluxe-All-inclusive.jpeg","contentUrl":"https:\/\/hurghadalovers.com\/wp-content\/uploads\/2023\/08\/Private-Hurghada-ATV-Tour-Elite-Deluxe-All-inclusive.jpeg","width":960,"height":1280,"caption":"Private Hurghada ATV Tour Elite & Deluxe All inclusive"},{"@type":"BreadcrumbList","@id":"https:\/\/hurghadalovers.com\/fr\/tours\/excursion-privee-en-quad-a-velo-au-depart-de-hurghada\/#breadcrumb","itemListElement":[{"@type":"ListItem","position":1,"name":"Home","item":"https:\/\/hurghadalovers.com\/fr\/"},{"@type":"ListItem","position":2,"name":"Shop","item":"https:\/\/hurghadalovers.com\/fr\/shop\/"},{"@type":"ListItem","position":3,"name":"Excursion priv\u00e9e en quad dans le d\u00e9sert au d\u00e9part d&rsquo;Hurghada"}]},{"@type":"WebSite","@id":"https:\/\/hurghadalovers.com\/fr\/#website","url":"https:\/\/hurghadalovers.com\/fr\/","name":"Hurghada Excursions & Day Trips | Booking Best Prices Tours","description":"Hurghada Lovers - Best Tour Operator - Excursions &amp; Things to do for Family Day Trips with kids and Couples Romantic. Unique .Hidden gems","publisher":{"@id":"https:\/\/hurghadalovers.com\/fr\/#organization"},"alternateName":"Hurghada Excursions","potentialAction":[{"@type":"SearchAction","target":{"@type":"EntryPoint","urlTemplate":"https:\/\/hurghadalovers.com\/fr\/?s={search_term_string}"},"query-input":{"@type":"PropertyValueSpecification","valueRequired":true,"valueName":"search_term_string"}}],"inLanguage":"fr-FR"},{"@type":["Organization","Place","TravelAgency"],"@id":"https:\/\/hurghadalovers.com\/fr\/#organization","name":"Hurghada Excursions","url":"https:\/\/hurghadalovers.com\/fr\/","logo":{"@id":"https:\/\/hurghadalovers.com\/fr\/tours\/excursion-privee-en-quad-a-velo-au-depart-de-hurghada\/#local-main-organization-logo"},"image":{"@id":"https:\/\/hurghadalovers.com\/fr\/tours\/excursion-privee-en-quad-a-velo-au-depart-de-hurghada\/#local-main-organization-logo"},"sameAs":["https:\/\/www.facebook.com\/Hurghadaloversegypt"],"address":{"@id":"https:\/\/hurghadalovers.com\/fr\/tours\/excursion-privee-en-quad-a-velo-au-depart-de-hurghada\/#local-main-place-address"},"telephone":["00201112596434"],"contactPoint":{"@type":"ContactPoint","telephone":"00201112596434","email":"weyouface@gmail.com"},"openingHoursSpecification":{"@type":"OpeningHoursSpecification","dayOfWeek":["Monday","Tuesday","Wednesday","Thursday","Friday","Saturday","Sunday"],"opens":"00:00","closes":"23:59"},"email":"weyouface@gmail.com","areaServed":"Luxor, Hurghada, El Gouna, Aswan, Sharm El Sheikh, Giza, Alexandria, Marsa Alam, Quseir, Soma Bay, Sahl Hasheesh, Red Sea, Makadi Bay, Cairo","priceRange":"$","currenciesAccepted":"euro","paymentAccepted":"cash on site"},{"@type":"PostalAddress","@id":"https:\/\/hurghadalovers.com\/fr\/tours\/excursion-privee-en-quad-a-velo-au-depart-de-hurghada\/#local-main-place-address","streetAddress":"17 Banks street, Alkawther area, top nbk bank","addressLocality":"hurghada","postalCode":"84511","addressRegion":"red sea","addressCountry":"EG"},{"@type":"ImageObject","inLanguage":"fr-FR","@id":"https:\/\/hurghadalovers.com\/fr\/tours\/excursion-privee-en-quad-a-velo-au-depart-de-hurghada\/#local-main-organization-logo","url":"https:\/\/hurghadalovers.com\/wp-content\/uploads\/2019\/10\/hurghada-excursions-logo.png","contentUrl":"https:\/\/hurghadalovers.com\/wp-content\/uploads\/2019\/10\/hurghada-excursions-logo.png","width":272,"height":90,"caption":"Hurghada Excursions"}]},"product_brand":"Que faire \u00e0 Hurghada","product_price_amount":"35","product_price_currency":"EUR","og_availability":"instock","product_availability":"instock","product_retailer_item_id":"Safari032024","product_condition":"new","geo.placename":"hurghada","geo.region":"\u00c9gypte"},"_links":{"self":[{"href":"https:\/\/hurghadalovers.com\/fr\/wp-json\/wp\/v2\/product\/380200","targetHints":{"allow":["GET"]}}],"collection":[{"href":"https:\/\/hurghadalovers.com\/fr\/wp-json\/wp\/v2\/product"}],"about":[{"href":"https:\/\/hurghadalovers.com\/fr\/wp-json\/wp\/v2\/types\/product"}],"wp:featuredmedia":[{"embeddable":true,"href":"https:\/\/hurghadalovers.com\/fr\/wp-json\/wp\/v2\/media\/489927"}],"wp:attachment":[{"href":"https:\/\/hurghadalovers.com\/fr\/wp-json\/wp\/v2\/media?parent=380200"}],"wp:term":[{"taxonomy":"product_brand","embeddable":true,"href":"https:\/\/hurghadalovers.com\/fr\/wp-json\/wp\/v2\/product_brand?post=380200"},{"taxonomy":"product_cat","embeddable":true,"href":"https:\/\/hurghadalovers.com\/fr\/wp-json\/wp\/v2\/product_cat?post=380200"},{"taxonomy":"product_tag","embeddable":true,"href":"https:\/\/hurghadalovers.com\/fr\/wp-json\/wp\/v2\/product_tag?post=380200"}],"curies":[{"name":"wp","href":"https:\/\/api.w.org\/{rel}","templated":true}]}}