{"id":380069,"date":"2023-08-14T09:57:56","date_gmt":"2023-08-14T09:57:56","guid":{"rendered":"https:\/\/hurghadalovers.com\/shop\/non%20class\u00e9\/randonnee-matinale-en-quad-dans-le-desert-au-depart-dhurghada\/"},"modified":"2026-02-09T16:40:29","modified_gmt":"2026-02-09T16:40:29","slug":"excursion-matinale-en-quad-a-partir-de-hurghada","status":"publish","type":"product","link":"https:\/\/hurghadalovers.com\/fr\/tours\/excursion-matinale-en-quad-a-partir-de-hurghada\/","title":{"rendered":"Hurghada Randonn\u00e9e matinale en quad"},"content":{"rendered":"<p>Hurghada Randonn\u00e9e matinale en quad, Randonn\u00e9e <strong>matinale en quad<\/strong> dans le d\u00e9sert depuis Hurghada jusqu&rsquo;au village b\u00e9douin avec balade \u00e0 dos de chameau.<\/p>\n<p>Une aventure pleine de suspense et d&rsquo;excitation, <strong>adr\u00e9naline<\/strong>La conduite de quads sur une distance de 25 km dans le d\u00e9sert enchanteur d&rsquo;Hurghada jusqu&rsquo;\u00e0 l&rsquo;h\u00f4tel de ville. <strong>B\u00e9douin<\/strong> r\u00e9gion entre les plateaux et les montagnes de la mer Rouge, puis <strong>\u00e0 dos de chameau<\/strong>Les b\u00e9douins se sont install\u00e9s dans le village, ont bu du th\u00e9 b\u00e9douin, se sont familiaris\u00e9s avec la vie des b\u00e9douins, puis sont retourn\u00e9s \u00e0 l&rsquo;h\u00f4tel, o\u00f9 ils ont pu se reposer. <strong>safari<\/strong> station.<\/p>\n<p style=\"text-align: left;\"><span style=\"color: #ff6600;\">Meilleures choses \u00e0 faire \u00e0 Hurghada pour <span style=\"color: #993366;\"><strong>romantique <\/strong><\/span><span style=\"color: #993366;\"><strong>lune de miel en couple<\/strong><br \/>\n<\/span><\/span><\/p>\n<p><strong>Hurghada Randonn\u00e9e matinale en quad Faits marquants :<\/strong><\/p>\n<ol>\n<li>Balade en quad.<\/li>\n<li>Promenade \u00e0 dos de chameau.<\/li>\n<li>Village b\u00e9douin.<\/li>\n<\/ol>\n<p><strong>D\u00e9tails de l&rsquo;excursion matinale en quad :<\/strong><\/p>\n<ul>\n<li>Disponibilit\u00e9 des visites : Tous les jours.<\/li>\n<li>Type d&rsquo;excursion : Groupe.<\/li>\n<li>Heure de prise en charge : \u00e0 partir de 08:15 A.M.<\/li>\n<li>Heure de prise en charge : 11:45 A.M.<\/li>\n<li>Dur\u00e9e : 3 heures<\/li>\n<\/ul>\n<p><strong>Safari de 3 heures en quad | Meilleures excursions Safari Hurghada<\/strong><\/p>\n<p>Safari d\u00e9sert Depuis Hurghada Egypte | Safari de 3 heures en quad<\/p>\n<p>Safari d\u00e9sert Depuis Hurghada Egypte, Meilleures excursions Safari Les Excursions \u00e0 Hurghada.<\/p>\n<p>Safari de 3 heures en quad &#8211; Vous recherchez l&rsquo;aventure dans le d\u00e9sert, dirigez-vous vers le village b\u00e9douin, buvez de l&rsquo;eau et du th\u00e9, montez \u00e0 dos de chameau.<\/p>\n<p>Envie d&rsquo;aventure dans le d\u00e9sert d&rsquo;Hurghada et de quad le matin, profitez des plus beaux voyages int\u00e9rieurs d&rsquo;Hurghada pour 3h de quad pendant 45 minutes entre montagnes et plateaux, puis dirigez-vous vers le village b\u00e9douin, buvez de l&rsquo;eau et th\u00e9, fumer la chicha et monter \u00e0 dos de chameau, puis retour \u00e0 l&rsquo;h\u00f4tel apr\u00e8s une journ\u00e9e Belle et amusante.<\/p>\n<p>Gr\u00e2ce \u00e0 votre aide \u00e9galement, la femme b\u00e9douine ramassera du bois pour faire de la foire et commencera \u00e0 cuire du pain b\u00e9douin que vous pr\u00e9parerez avec du th\u00e9 jamais plateau ce go\u00fbt avant, apr\u00e8s avoir regard\u00e9 le coucher du soleil et fait des photos.<\/p>\n<p>Nous viendrons vous chercher \u00e0 votre h\u00f4tel \u00e0 Hurghada et conduirons de l\u00e0 \u00e0 notre station de VTT. Vous y trouverez une br\u00e8ve introduction sur la fa\u00e7on de conduire des VTT.<\/p>\n<p>Safari de 3 heures de Quad dans le d\u00e9sert | Excursion Safari \u00e0 Hurghada<\/p>\n<p>&nbsp;<\/p>\n<p>Dur\u00e9e :\u00a0 3 heures<\/p>\n<p>Disponible\u00a0 :\u00a0 Tous les jours<\/p>\n<p>D\u00e9part de \/retour \u00e0\u00a0 : votre h\u00f4tel.<\/p>\n<p>Type : Groupe.<\/p>\n<p>Tour en Quad, Tour en chameau, The, eau et narguil\u00e9, village b\u00e9douin traditionnel, Guide, Transfert de et \u00e0 votre h\u00f4tel.<\/p>\n<p>LIEU DE D\u00c9PART\/RETOUR: Hurghada<\/p>\n<p>HEURE DE D\u00c9PART: 21h00<\/p>\n<p>&nbsp;<\/p>\n<p><strong>Hurghada Randonn\u00e9e matinale en quad<\/strong><\/p>\n<p>Ne vous inqui\u00e9tez pas, aucun permis de conduire n&rsquo;est requis et conduire un VTT est facile. Apr\u00e8s le briefing, vous pouvez commencer votre voyage \u00e0 travers le d\u00e9sert, en suivant le guide qui vous guide vers l&rsquo;avant.<\/p>\n<p>Il regardera de temps en temps autour de lui, surveillant tous ceux qui roulent et leur s\u00e9curit\u00e9. Dans le m\u00eame temps, vous pouvez \u00e9galement \u00abdonner de l&rsquo;essence\u00bb et monter et descendre les dunes de sable.<\/p>\n<p>En arrivant dans un village b\u00e9douin, vous serez accueilli par un th\u00e9 b\u00e9douin, un th\u00e9 traditionnel du d\u00e9sert. Vous d\u00e9couvrirez l&rsquo;art de vivre b\u00e9douin lors d&rsquo;une visite du village.<\/p>\n<p>Un quadrotor \u00e0 Hurghada est une aventure de survie dans le d\u00e9sert. et le village b\u00e9douin est d\u00e9paysant, o\u00f9 les habitants du d\u00e9sert d&rsquo;Egypte vous accueillent avec du th\u00e9 b\u00e9douin et leur hospitalit\u00e9.<\/p>\n<p>&nbsp;<\/p>\n<p><strong>R\u00e9servez maintenant et payez plus tard :<\/strong><\/p>\n<ul>\n<li>Paiement en esp\u00e8ces sur place pour le guide.<\/li>\n<li>Paiement en livres \u00e9gyptiennes, $, \u20ac ou \u00a3.<\/li>\n<\/ul>\n<p><strong>Politique d&rsquo;annulation :<\/strong><\/p>\n<ul>\n<li>vous annulez jusqu&rsquo;\u00e0 24 heures \u00e0 l&rsquo;avance.<\/li>\n<li>Si l&rsquo;un des membres de votre famille annule la matin\u00e9e, vous payez 50 % des frais.<\/li>\n<\/ul>\n<p><strong>Qu&rsquo;est-ce qui est inclus ?<\/strong><\/p>\n<ul>\n<li>Transfert depuis les h\u00f4tels d&rsquo;Hurghada \u00ab\u00a0Prise en charge et retour \u00e0 l&rsquo;h\u00f4tel\u00a0\u00bb.<\/li>\n<li>Toutes les taxes, les droits d&rsquo;entr\u00e9e et les frais de manutention.<\/li>\n<li>Transferts.<\/li>\n<li>Guide touristique.<\/li>\n<li>Casque.<\/li>\n<\/ul>\n<p><strong>Exclusions ?<\/strong><\/p>\n<ul>\n<li>Foulard<\/li>\n<li>Lunettes de protection<\/li>\n<li>Pourboires.<\/li>\n<li>Photographie pour le voyage.<\/li>\n<li>Tous les extras non mentionn\u00e9s.<\/li>\n<\/ul>\n<p><strong>Prix de l&rsquo;excursion matinale en quad :<\/strong><\/p>\n<ul>\n<li><strong>Prix adulte = <\/strong><strong>18$<\/strong><strong> par personne<\/strong>.<\/li>\n<\/ul>\n<p><strong>Critiques :<\/strong><\/p>\n<p>consultez notre Google Map Reviews comme Meilleur <a href=\"https:\/\/g.page\/r\/CUeYvkngP3wkEBM\/review\">Tour Op\u00e9rateur \u00e0 Hurghada<\/a> en ligne \u00e0 <a href=\"https:\/\/hurghadalovers.com\/\">Hurghada<\/a> Egypte.<\/p>\n<p>&nbsp;<\/p>\n<p><strong>Remarque : <\/strong><\/p>\n<p>Nous proposons \u00e9galement des circuits avec transfert depuis votre h\u00f4tel \u00e0 El Goua, Soma bay, Makadi bay, Sahl Hasheesh, Safaga avec un co\u00fbt suppl\u00e9mentaire de 10$ par personne.<\/p>\n<p>&nbsp;<\/p>\n<p><strong>R\u00e9servation :<\/strong><\/p>\n<p>Envoyez l&rsquo;h\u00f4tel + le num\u00e9ro de la chambre + la photo du passeport \u00e0 WhatsApp : <strong>+201112596434<\/strong><\/p>\n<p>Si vous \u00eates en Egypte, r\u00e9servez d\u00e8s maintenant en ligne et confirmez votre arriv\u00e9e \u00e0 l&rsquo;h\u00f4tel.<\/p>\n","protected":false},"excerpt":{"rendered":"<p>Randonn\u00e9e matinale en quad dans le d\u00e9sert depuis Hurghada jusqu&rsquo;au village b\u00e9douin avec balade \u00e0 dos de chameau. Meilleures choses \u00e0 faire \u00e0 Hurghada pour une lune de miel romantique et en couple<\/p>\n","protected":false},"featured_media":932448,"template":"","meta":{"_joinchat":[]},"product_brand":[],"product_cat":[29818],"product_tag":[60799,60801,60782,60791,60797,60805,60803,60779,60788,60794,60785,60807],"class_list":{"0":"post-380069","1":"product","2":"type-product","3":"status-publish","4":"has-post-thumbnail","6":"product_cat-tour-fr","7":"product_tag-atv-hurghada-fr","8":"product_tag-excursion-en-buggy-a-hurghada","9":"product_tag-jeep-safari-hurghada-fr","10":"product_tag-observation-des-etoiles-a-hurghada","11":"product_tag-quad-a-hurghada","12":"product_tag-randonnee-a-dos-de-chameau-a-hurghada","13":"product_tag-safari-a-hurghada","14":"product_tag-safari-dans-le-desert-a-hurghada","15":"product_tag-safari-en-buggy-a-hurghada","16":"product_tag-safari-sahara-hurghada-fr","17":"product_tag-super-safari-hurghada-fr","18":"product_tag-village-bedouin-hurghada","19":"tour_category-que-faire-a-hurghada","20":"tour_category-safari-hurghada-trips-fr","22":"first","23":"instock","24":"sale","25":"shipping-taxable","26":"purchasable","27":"product-type-tour"},"yoast_head":"<!-- This site is optimized with the Yoast SEO Premium plugin v26.9 (Yoast SEO v27.2) - https:\/\/yoast.com\/product\/yoast-seo-premium-wordpress\/ -->\n<title>Hurghada Randonn\u00e9e matinale en quad jusqu&#039;au village b\u00e9douin<\/title>\n<meta name=\"description\" content=\"Hurghada Randonn\u00e9e matinale en quad jusqu&#039;au village b\u00e9douin avec balade \u00e0 dos de chameau. Meilleures choses \u00e0 faire \u00e0 Hurghada pour une lune de\" \/>\n<meta name=\"robots\" content=\"index, follow, max-snippet:-1, max-image-preview:large, max-video-preview:-1\" \/>\n<link rel=\"canonical\" href=\"https:\/\/hurghadalovers.com\/fr\/tours\/excursion-matinale-en-quad-a-partir-de-hurghada\/\" \/>\n<meta property=\"og:locale\" content=\"fr_FR\" \/>\n<meta property=\"og:type\" content=\"article\" \/>\n<meta property=\"og:title\" content=\"Hurghada Randonn\u00e9e matinale en quad\" \/>\n<meta property=\"og:description\" content=\"Hurghada Randonn\u00e9e matinale en quad jusqu&#039;au village b\u00e9douin avec balade \u00e0 dos de chameau. Meilleures choses \u00e0 faire \u00e0 Hurghada pour une lune de\" \/>\n<meta property=\"og:url\" content=\"https:\/\/hurghadalovers.com\/fr\/tours\/excursion-matinale-en-quad-a-partir-de-hurghada\/\" \/>\n<meta property=\"og:site_name\" content=\"Hurghada Excursions &amp; Day Trips | Booking Best Prices Tours\" \/>\n<meta property=\"article:publisher\" content=\"https:\/\/www.facebook.com\/Hurghadaloversegypt\" \/>\n<meta property=\"article:modified_time\" content=\"2026-02-09T16:40:29+00:00\" \/>\n<meta property=\"og:image\" content=\"https:\/\/hurghadalovers.com\/wp-content\/uploads\/2023\/08\/Hurghada-Quad-Biking-on-the-Beach-Trip.jpeg\" \/>\n\t<meta property=\"og:image:width\" content=\"1156\" \/>\n\t<meta property=\"og:image:height\" content=\"867\" \/>\n\t<meta property=\"og:image:type\" content=\"image\/jpeg\" \/>\n<meta name=\"twitter:card\" content=\"summary_large_image\" \/>\n<meta name=\"twitter:label1\" content=\"Prix\" \/>\n\t<meta name=\"twitter:data1\" content=\"&euro;&nbsp;40\" \/>\n\t<meta name=\"twitter:label2\" content=\"Disponibilit\u00e9\" \/>\n\t<meta name=\"twitter:data2\" content=\"En stock\" \/>\n<script type=\"application\/ld+json\" class=\"yoast-schema-graph\">{\"@context\":\"https:\/\/schema.org\",\"@graph\":[{\"@type\":[\"WebPage\",\"ItemPage\"],\"@id\":\"https:\/\/hurghadalovers.com\/fr\/tours\/excursion-matinale-en-quad-a-partir-de-hurghada\/\",\"url\":\"https:\/\/hurghadalovers.com\/fr\/tours\/excursion-matinale-en-quad-a-partir-de-hurghada\/\",\"name\":\"Hurghada Randonn\u00e9e matinale en quad jusqu'au village b\u00e9douin\",\"isPartOf\":{\"@id\":\"https:\/\/hurghadalovers.com\/fr\/#website\"},\"primaryImageOfPage\":{\"@id\":\"https:\/\/hurghadalovers.com\/fr\/tours\/excursion-matinale-en-quad-a-partir-de-hurghada\/#primaryimage\"},\"image\":{\"@id\":\"https:\/\/hurghadalovers.com\/fr\/tours\/excursion-matinale-en-quad-a-partir-de-hurghada\/#primaryimage\"},\"thumbnailUrl\":\"https:\/\/hurghadalovers.com\/wp-content\/uploads\/2023\/08\/Hurghada-Quad-Biking-on-the-Beach-Trip.jpeg\",\"datePublished\":\"2023-08-14T09:57:56+00:00\",\"dateModified\":\"2026-02-09T16:40:29+00:00\",\"description\":\"Hurghada Randonn\u00e9e matinale en quad jusqu'au village b\u00e9douin avec balade \u00e0 dos de chameau. Meilleures choses \u00e0 faire \u00e0 Hurghada pour une lune de\",\"breadcrumb\":{\"@id\":\"https:\/\/hurghadalovers.com\/fr\/tours\/excursion-matinale-en-quad-a-partir-de-hurghada\/#breadcrumb\"},\"inLanguage\":\"fr-FR\",\"potentialAction\":[{\"@type\":\"ReadAction\",\"target\":[\"https:\/\/hurghadalovers.com\/fr\/tours\/excursion-matinale-en-quad-a-partir-de-hurghada\/\"]}]},{\"@type\":\"ImageObject\",\"inLanguage\":\"fr-FR\",\"@id\":\"https:\/\/hurghadalovers.com\/fr\/tours\/excursion-matinale-en-quad-a-partir-de-hurghada\/#primaryimage\",\"url\":\"https:\/\/hurghadalovers.com\/wp-content\/uploads\/2023\/08\/Hurghada-Quad-Biking-on-the-Beach-Trip.jpeg\",\"contentUrl\":\"https:\/\/hurghadalovers.com\/wp-content\/uploads\/2023\/08\/Hurghada-Quad-Biking-on-the-Beach-Trip.jpeg\",\"width\":1156,\"height\":867,\"caption\":\"Hurghada Quad Biking on the Beach Trip\"},{\"@type\":\"BreadcrumbList\",\"@id\":\"https:\/\/hurghadalovers.com\/fr\/tours\/excursion-matinale-en-quad-a-partir-de-hurghada\/#breadcrumb\",\"itemListElement\":[{\"@type\":\"ListItem\",\"position\":1,\"name\":\"Home\",\"item\":\"https:\/\/hurghadalovers.com\/fr\/\"},{\"@type\":\"ListItem\",\"position\":2,\"name\":\"Shop\",\"item\":\"https:\/\/hurghadalovers.com\/fr\/shop\/\"},{\"@type\":\"ListItem\",\"position\":3,\"name\":\"Hurghada Randonn\u00e9e matinale en quad\"}]},{\"@type\":\"WebSite\",\"@id\":\"https:\/\/hurghadalovers.com\/fr\/#website\",\"url\":\"https:\/\/hurghadalovers.com\/fr\/\",\"name\":\"Hurghada Excursions & Day Trips | Booking Best Prices Tours\",\"description\":\"Hurghada Lovers - Best Tour Operator - Excursions &amp; Things to do for Family Day Trips with kids and Couples Romantic. Unique .Hidden gems\",\"publisher\":{\"@id\":\"https:\/\/hurghadalovers.com\/fr\/#organization\"},\"alternateName\":\"Hurghada Excursions\",\"potentialAction\":[{\"@type\":\"SearchAction\",\"target\":{\"@type\":\"EntryPoint\",\"urlTemplate\":\"https:\/\/hurghadalovers.com\/fr\/?s={search_term_string}\"},\"query-input\":{\"@type\":\"PropertyValueSpecification\",\"valueRequired\":true,\"valueName\":\"search_term_string\"}}],\"inLanguage\":\"fr-FR\"},{\"@type\":[\"Organization\",\"Place\",\"TravelAgency\"],\"@id\":\"https:\/\/hurghadalovers.com\/fr\/#organization\",\"name\":\"Hurghada Excursions\",\"url\":\"https:\/\/hurghadalovers.com\/fr\/\",\"logo\":{\"@id\":\"https:\/\/hurghadalovers.com\/fr\/tours\/excursion-matinale-en-quad-a-partir-de-hurghada\/#local-main-organization-logo\"},\"image\":{\"@id\":\"https:\/\/hurghadalovers.com\/fr\/tours\/excursion-matinale-en-quad-a-partir-de-hurghada\/#local-main-organization-logo\"},\"sameAs\":[\"https:\/\/www.facebook.com\/Hurghadaloversegypt\"],\"address\":{\"@id\":\"https:\/\/hurghadalovers.com\/fr\/tours\/excursion-matinale-en-quad-a-partir-de-hurghada\/#local-main-place-address\"},\"telephone\":[\"00201112596434\"],\"contactPoint\":{\"@type\":\"ContactPoint\",\"telephone\":\"00201112596434\",\"email\":\"weyouface@gmail.com\"},\"openingHoursSpecification\":{\"@type\":\"OpeningHoursSpecification\",\"dayOfWeek\":[\"Monday\",\"Tuesday\",\"Wednesday\",\"Thursday\",\"Friday\",\"Saturday\",\"Sunday\"],\"opens\":\"00:00\",\"closes\":\"23:59\"},\"email\":\"weyouface@gmail.com\",\"areaServed\":\"Luxor, Hurghada, El Gouna, Aswan, Sharm El Sheikh, Giza, Alexandria, Marsa Alam, Quseir, Soma Bay, Sahl Hasheesh, Red Sea, Makadi Bay, Cairo\",\"priceRange\":\"$\",\"currenciesAccepted\":\"euro\",\"paymentAccepted\":\"cash on site\"},{\"@type\":\"PostalAddress\",\"@id\":\"https:\/\/hurghadalovers.com\/fr\/tours\/excursion-matinale-en-quad-a-partir-de-hurghada\/#local-main-place-address\",\"streetAddress\":\"17 Banks street, Alkawther area, top nbk bank\",\"addressLocality\":\"hurghada\",\"postalCode\":\"84511\",\"addressRegion\":\"red sea\",\"addressCountry\":\"EG\"},{\"@type\":\"ImageObject\",\"inLanguage\":\"fr-FR\",\"@id\":\"https:\/\/hurghadalovers.com\/fr\/tours\/excursion-matinale-en-quad-a-partir-de-hurghada\/#local-main-organization-logo\",\"url\":\"https:\/\/hurghadalovers.com\/wp-content\/uploads\/2019\/10\/hurghada-excursions-logo.png\",\"contentUrl\":\"https:\/\/hurghadalovers.com\/wp-content\/uploads\/2019\/10\/hurghada-excursions-logo.png\",\"width\":272,\"height\":90,\"caption\":\"Hurghada Excursions\"}]}<\/script>\n<meta property=\"product:brand\" content=\"Que faire \u00e0 Hurghada\" \/>\n<meta property=\"product:price:amount\" content=\"40\" \/>\n<meta property=\"product:price:currency\" content=\"EUR\" \/>\n<meta property=\"og:availability\" content=\"instock\" \/>\n<meta property=\"product:availability\" content=\"instock\" \/>\n<meta property=\"product:retailer_item_id\" content=\"Safari012024\" \/>\n<meta property=\"product:condition\" content=\"new\" \/>\n<meta name=\"geo.placename\" content=\"hurghada\" \/>\n<meta name=\"geo.region\" content=\"\u00c9gypte\" \/>\n<!-- \/ Yoast SEO Premium plugin. -->","yoast_head_json":{"title":"Hurghada Randonn\u00e9e matinale en quad jusqu'au village b\u00e9douin","description":"Hurghada Randonn\u00e9e matinale en quad jusqu'au village b\u00e9douin avec balade \u00e0 dos de chameau. Meilleures choses \u00e0 faire \u00e0 Hurghada pour une lune de","robots":{"index":"index","follow":"follow","max-snippet":"max-snippet:-1","max-image-preview":"max-image-preview:large","max-video-preview":"max-video-preview:-1"},"canonical":"https:\/\/hurghadalovers.com\/fr\/tours\/excursion-matinale-en-quad-a-partir-de-hurghada\/","og_locale":"fr_FR","og_type":"article","og_title":"Hurghada Randonn\u00e9e matinale en quad","og_description":"Hurghada Randonn\u00e9e matinale en quad jusqu'au village b\u00e9douin avec balade \u00e0 dos de chameau. Meilleures choses \u00e0 faire \u00e0 Hurghada pour une lune de","og_url":"https:\/\/hurghadalovers.com\/fr\/tours\/excursion-matinale-en-quad-a-partir-de-hurghada\/","og_site_name":"Hurghada Excursions &amp; Day Trips | Booking Best Prices Tours","article_publisher":"https:\/\/www.facebook.com\/Hurghadaloversegypt","article_modified_time":"2026-02-09T16:40:29+00:00","og_image":[{"width":1156,"height":867,"url":"https:\/\/hurghadalovers.com\/wp-content\/uploads\/2023\/08\/Hurghada-Quad-Biking-on-the-Beach-Trip.jpeg","type":"image\/jpeg"}],"twitter_card":"summary_large_image","twitter_misc":{"Prix":"&euro;&nbsp;40","Disponibilit\u00e9":"En stock"},"schema":{"@context":"https:\/\/schema.org","@graph":[{"@type":["WebPage","ItemPage"],"@id":"https:\/\/hurghadalovers.com\/fr\/tours\/excursion-matinale-en-quad-a-partir-de-hurghada\/","url":"https:\/\/hurghadalovers.com\/fr\/tours\/excursion-matinale-en-quad-a-partir-de-hurghada\/","name":"Hurghada Randonn\u00e9e matinale en quad jusqu'au village b\u00e9douin","isPartOf":{"@id":"https:\/\/hurghadalovers.com\/fr\/#website"},"primaryImageOfPage":{"@id":"https:\/\/hurghadalovers.com\/fr\/tours\/excursion-matinale-en-quad-a-partir-de-hurghada\/#primaryimage"},"image":{"@id":"https:\/\/hurghadalovers.com\/fr\/tours\/excursion-matinale-en-quad-a-partir-de-hurghada\/#primaryimage"},"thumbnailUrl":"https:\/\/hurghadalovers.com\/wp-content\/uploads\/2023\/08\/Hurghada-Quad-Biking-on-the-Beach-Trip.jpeg","datePublished":"2023-08-14T09:57:56+00:00","dateModified":"2026-02-09T16:40:29+00:00","description":"Hurghada Randonn\u00e9e matinale en quad jusqu'au village b\u00e9douin avec balade \u00e0 dos de chameau. Meilleures choses \u00e0 faire \u00e0 Hurghada pour une lune de","breadcrumb":{"@id":"https:\/\/hurghadalovers.com\/fr\/tours\/excursion-matinale-en-quad-a-partir-de-hurghada\/#breadcrumb"},"inLanguage":"fr-FR","potentialAction":[{"@type":"ReadAction","target":["https:\/\/hurghadalovers.com\/fr\/tours\/excursion-matinale-en-quad-a-partir-de-hurghada\/"]}]},{"@type":"ImageObject","inLanguage":"fr-FR","@id":"https:\/\/hurghadalovers.com\/fr\/tours\/excursion-matinale-en-quad-a-partir-de-hurghada\/#primaryimage","url":"https:\/\/hurghadalovers.com\/wp-content\/uploads\/2023\/08\/Hurghada-Quad-Biking-on-the-Beach-Trip.jpeg","contentUrl":"https:\/\/hurghadalovers.com\/wp-content\/uploads\/2023\/08\/Hurghada-Quad-Biking-on-the-Beach-Trip.jpeg","width":1156,"height":867,"caption":"Hurghada Quad Biking on the Beach Trip"},{"@type":"BreadcrumbList","@id":"https:\/\/hurghadalovers.com\/fr\/tours\/excursion-matinale-en-quad-a-partir-de-hurghada\/#breadcrumb","itemListElement":[{"@type":"ListItem","position":1,"name":"Home","item":"https:\/\/hurghadalovers.com\/fr\/"},{"@type":"ListItem","position":2,"name":"Shop","item":"https:\/\/hurghadalovers.com\/fr\/shop\/"},{"@type":"ListItem","position":3,"name":"Hurghada Randonn\u00e9e matinale en quad"}]},{"@type":"WebSite","@id":"https:\/\/hurghadalovers.com\/fr\/#website","url":"https:\/\/hurghadalovers.com\/fr\/","name":"Hurghada Excursions & Day Trips | Booking Best Prices Tours","description":"Hurghada Lovers - Best Tour Operator - Excursions &amp; Things to do for Family Day Trips with kids and Couples Romantic. Unique .Hidden gems","publisher":{"@id":"https:\/\/hurghadalovers.com\/fr\/#organization"},"alternateName":"Hurghada Excursions","potentialAction":[{"@type":"SearchAction","target":{"@type":"EntryPoint","urlTemplate":"https:\/\/hurghadalovers.com\/fr\/?s={search_term_string}"},"query-input":{"@type":"PropertyValueSpecification","valueRequired":true,"valueName":"search_term_string"}}],"inLanguage":"fr-FR"},{"@type":["Organization","Place","TravelAgency"],"@id":"https:\/\/hurghadalovers.com\/fr\/#organization","name":"Hurghada Excursions","url":"https:\/\/hurghadalovers.com\/fr\/","logo":{"@id":"https:\/\/hurghadalovers.com\/fr\/tours\/excursion-matinale-en-quad-a-partir-de-hurghada\/#local-main-organization-logo"},"image":{"@id":"https:\/\/hurghadalovers.com\/fr\/tours\/excursion-matinale-en-quad-a-partir-de-hurghada\/#local-main-organization-logo"},"sameAs":["https:\/\/www.facebook.com\/Hurghadaloversegypt"],"address":{"@id":"https:\/\/hurghadalovers.com\/fr\/tours\/excursion-matinale-en-quad-a-partir-de-hurghada\/#local-main-place-address"},"telephone":["00201112596434"],"contactPoint":{"@type":"ContactPoint","telephone":"00201112596434","email":"weyouface@gmail.com"},"openingHoursSpecification":{"@type":"OpeningHoursSpecification","dayOfWeek":["Monday","Tuesday","Wednesday","Thursday","Friday","Saturday","Sunday"],"opens":"00:00","closes":"23:59"},"email":"weyouface@gmail.com","areaServed":"Luxor, Hurghada, El Gouna, Aswan, Sharm El Sheikh, Giza, Alexandria, Marsa Alam, Quseir, Soma Bay, Sahl Hasheesh, Red Sea, Makadi Bay, Cairo","priceRange":"$","currenciesAccepted":"euro","paymentAccepted":"cash on site"},{"@type":"PostalAddress","@id":"https:\/\/hurghadalovers.com\/fr\/tours\/excursion-matinale-en-quad-a-partir-de-hurghada\/#local-main-place-address","streetAddress":"17 Banks street, Alkawther area, top nbk bank","addressLocality":"hurghada","postalCode":"84511","addressRegion":"red sea","addressCountry":"EG"},{"@type":"ImageObject","inLanguage":"fr-FR","@id":"https:\/\/hurghadalovers.com\/fr\/tours\/excursion-matinale-en-quad-a-partir-de-hurghada\/#local-main-organization-logo","url":"https:\/\/hurghadalovers.com\/wp-content\/uploads\/2019\/10\/hurghada-excursions-logo.png","contentUrl":"https:\/\/hurghadalovers.com\/wp-content\/uploads\/2019\/10\/hurghada-excursions-logo.png","width":272,"height":90,"caption":"Hurghada Excursions"}]},"product_brand":"Que faire \u00e0 Hurghada","product_price_amount":"40","product_price_currency":"EUR","og_availability":"instock","product_availability":"instock","product_retailer_item_id":"Safari012024","product_condition":"new","geo.placename":"hurghada","geo.region":"\u00c9gypte"},"_links":{"self":[{"href":"https:\/\/hurghadalovers.com\/fr\/wp-json\/wp\/v2\/product\/380069","targetHints":{"allow":["GET"]}}],"collection":[{"href":"https:\/\/hurghadalovers.com\/fr\/wp-json\/wp\/v2\/product"}],"about":[{"href":"https:\/\/hurghadalovers.com\/fr\/wp-json\/wp\/v2\/types\/product"}],"wp:featuredmedia":[{"embeddable":true,"href":"https:\/\/hurghadalovers.com\/fr\/wp-json\/wp\/v2\/media\/932448"}],"wp:attachment":[{"href":"https:\/\/hurghadalovers.com\/fr\/wp-json\/wp\/v2\/media?parent=380069"}],"wp:term":[{"taxonomy":"product_brand","embeddable":true,"href":"https:\/\/hurghadalovers.com\/fr\/wp-json\/wp\/v2\/product_brand?post=380069"},{"taxonomy":"product_cat","embeddable":true,"href":"https:\/\/hurghadalovers.com\/fr\/wp-json\/wp\/v2\/product_cat?post=380069"},{"taxonomy":"product_tag","embeddable":true,"href":"https:\/\/hurghadalovers.com\/fr\/wp-json\/wp\/v2\/product_tag?post=380069"}],"curies":[{"name":"wp","href":"https:\/\/api.w.org\/{rel}","templated":true}]}}