{"id":379476,"date":"2023-08-12T08:38:05","date_gmt":"2023-08-12T08:44:39","guid":{"rendered":"https:\/\/hurghadalovers.com\/shop\/non%20class\u00e9\/excursion-privee-dune-journee-dhurghada-au-caire-et-a-louxor-2-jours\/"},"modified":"2026-02-07T18:25:47","modified_gmt":"2026-02-07T18:25:47","slug":"excursion-privee-de-hurghada-au-caire-et-luxor-2-jours","status":"publish","type":"product","link":"https:\/\/hurghadalovers.com\/fr\/tours\/excursion-privee-de-hurghada-au-caire-et-luxor-2-jours\/","title":{"rendered":"Excursion priv\u00e9e d&rsquo;une journ\u00e9e d&rsquo;Hurghada au Caire et \u00e0 Louxor 2 JOURS"},"content":{"rendered":"<p><strong>Excursion priv\u00e9e d&rsquo;une journ\u00e9e de Hurghada<\/strong> au Caire et \u00e0 Louxor 2 JOURS avec guide priv\u00e9, billets et d\u00e9jeuner.<\/p>\n<p>Un circuit unique pour d\u00e9couvrir les secrets et l&rsquo;histoire de la construction des <strong>pyramides<\/strong> et du Grand <strong>Sphinx<\/strong>, et pour apprendre les faits concernant les temples et les tombes royales de <strong>Louxor<\/strong>, gr\u00e2ce \u00e0 un circuit de deux jours qui comprend tout.<\/p>\n<p>&nbsp;<\/p>\n<p><strong>Faits marquants :<\/strong><\/p>\n<ul>\n<li>Pyramides de Gizeh.<\/li>\n<li>Grand Sphinx.<\/li>\n<li>Temple de la vall\u00e9e.<\/li>\n<li>Le vieux bazar.<\/li>\n<li>Mus\u00e9e \u00e9gyptien.<\/li>\n<li>Temple de Karnak.<\/li>\n<li>Colosses de Memnon.<\/li>\n<li>Temple mortuaire d&rsquo;Hatchepsout.<\/li>\n<li>3 tombes dans la Vall\u00e9e des Rois.<\/li>\n<li>D\u00e9jeuner au restaurant.<\/li>\n<\/ul>\n<p><strong>Excursion priv\u00e9e d&rsquo;une journ\u00e9e au d\u00e9part d&rsquo;Hurghada D\u00e9tails :<\/strong><\/p>\n<ul>\n<li>Disponibilit\u00e9 des visites : Tous les jours.<\/li>\n<li>Type de visite : Priv\u00e9 en voiture ou en minibus.<\/li>\n<li>Heure de prise en charge : \u00e0 partir de 02:30 A.M.<\/li>\n<li>Demander \u00e0 l&rsquo;h\u00f4tel de recevoir votre sac de petit-d\u00e9jeuner le matin.<\/li>\n<li>Heure de prise en charge : 19:30.<\/li>\n<li>Accessible aux fauteuils roulants.<\/li>\n<li>Dur\u00e9e : 2 jours et 1 nuit.<\/li>\n<\/ul>\n<p><strong>R\u00e9servez maintenant et payez plus tard :<\/strong><\/p>\n<ul>\n<li>Paiement en esp\u00e8ces sur place pour le guide.<\/li>\n<li>Paiement en livres \u00e9gyptiennes, $, \u20ac ou \u00a3.<\/li>\n<\/ul>\n<p><strong>Politique d&rsquo;annulation :<\/strong><\/p>\n<ul>\n<li>vous annulez jusqu&rsquo;\u00e0 24 heures \u00e0 l&rsquo;avance.<\/li>\n<li>Si l&rsquo;un des membres de votre famille annule la matin\u00e9e, vous payez 50 % des frais.<\/li>\n<\/ul>\n<p><strong>Qu&rsquo;est-ce qui est inclus dans l&rsquo;excursion priv\u00e9e d&rsquo;une journ\u00e9e au d\u00e9part d&rsquo;Hurghada ?<\/strong><\/p>\n<ul>\n<li>Transfert depuis les h\u00f4tels d&rsquo;Hurghada \u00ab\u00a0Prise en charge et retour \u00e0 l&rsquo;h\u00f4tel\u00a0\u00bb.<\/li>\n<li>Toutes les taxes, les droits d&rsquo;entr\u00e9e et les frais de manutention.<\/li>\n<li>Billet d&rsquo;avion Le Caire \/ Louxor.<\/li>\n<li>Transferts.<\/li>\n<li>Guide touristique.<\/li>\n<li>Une nuit \u00e0 l&rsquo;h\u00f4tel \u00e0 Louxor.<\/li>\n<li>Boissons.<\/li>\n<li>D\u00e9jeuner au restaurant.<\/li>\n<\/ul>\n<p><strong>Exclusions ?<\/strong><\/p>\n<ul>\n<li>Pourboires.<\/li>\n<li>Excursion en felouque \u00ab\u00a0Croisi\u00e8re en bateau\u00a0\u00bb Pour 35 min= 10$.<\/li>\n<li>Cal\u00e8che dans la zone des pyramides.<\/li>\n<li>Billet d&rsquo;entr\u00e9e \u00e0 la Grande Pyramide de Kh\u00e9ops.<\/li>\n<li>Tous les extras non mentionn\u00e9s.<\/li>\n<\/ul>\n<p><strong>Excursion priv\u00e9e d&rsquo;une journ\u00e9e au d\u00e9part d&rsquo;Hurghada Prix :<\/strong><\/p>\n<ul>\n<li><strong>Prix adulte = <\/strong><strong>\u00e0 partir de 510$<\/strong><strong> par personne<\/strong>.<\/li>\n<li>Prix pour les enfants \u00ab\u00a05-12\u2033= 50%.<\/li>\n<li>pour les enfants \u00ab\u00a00-5\u2033= Gratuit.<\/li>\n<\/ul>\n<p><strong>Critiques :<\/strong><\/p>\n<p>consultez notre Google Map Reviews comme Meilleur <a href=\"https:\/\/g.page\/r\/CUeYvkngP3wkEBM\/review\">Tour Op\u00e9rateur \u00e0 Hurghada<\/a> en ligne \u00e0 <a href=\"https:\/\/hurghadalovers.com\/\">Hurghada<\/a> Egypte.<\/p>\n<p>&nbsp;<\/p>\n<p><strong>Note :  <\/strong><\/p>\n<p>Nous proposons \u00e9galement des circuits avec transfert depuis votre h\u00f4tel \u00e0 El Goua, Soma bay, Makadi bay, Sahl Hasheesh, Safaga avec un co\u00fbt suppl\u00e9mentaire de 10$ par personne.<\/p>\n<p>&nbsp;<\/p>\n<p><strong>R\u00e9servation :<\/strong><\/p>\n<p>Envoyez l&rsquo;h\u00f4tel + le num\u00e9ro de la chambre + la photo du passeport \u00e0 WhatsApp : <strong>+201112596434<\/strong><\/p>\n<p>Si vous \u00eates en Egypte, r\u00e9servez d\u00e8s maintenant en ligne et confirmez votre arriv\u00e9e \u00e0 l&rsquo;h\u00f4tel.<\/p>\n","protected":false},"excerpt":{"rendered":"<p>Excursion priv\u00e9e d&rsquo;une journ\u00e9e de Hurghada au Caire et \u00e0 Louxor 2 JOURS avec guide priv\u00e9, billets et d\u00e9jeuner. Une visite unique pour d\u00e9couvrir les secrets et l&rsquo;histoire de la construction des pyramides&#8230;<\/p>\n","protected":false},"featured_media":379430,"template":"","meta":{"_joinchat":[]},"product_brand":[],"product_cat":[29818],"product_tag":[60734,60736,60646,60678,60682,59704,59706,60724,60735,52164,60686,60689,52160],"class_list":{"0":"post-379476","1":"product","2":"type-product","3":"status-publish","4":"has-post-thumbnail","6":"product_cat-tour-fr","7":"product_tag-activites-familiales-a-hurghada-fr","8":"product_tag-activites-pour-enfants-a-hurghada-fr","9":"product_tag-choses-a-faire-a-hurghada","10":"product_tag-de-hurghada-aux-pyramides","11":"product_tag-excursion-dune-journee-au-caire-depuis-hurghada","12":"product_tag-excursion-dune-journee-dhurghada-aux-pyramides","13":"product_tag-excursions-a-hurghada","14":"product_tag-excursions-dune-journee-a-partir-dhurghada-fr","15":"product_tag-hurghada-visites-guidees-pour-les-enfants","16":"product_tag-le-caire-visites-privees","17":"product_tag-pyramides-dhurghada","18":"product_tag-voyage-a-hurghada-vers-le-caire","19":"product_tag-voyages-prives-en-egypte","20":"tour_category-hurghada-to-cairo-trips-fr","21":"tour_category-que-faire-a-hurghada","23":"first","24":"instock","25":"sale","26":"shipping-taxable","27":"purchasable","28":"product-type-tour"},"yoast_head":"<!-- This site is optimized with the Yoast SEO Premium plugin v26.9 (Yoast SEO v27.2) - https:\/\/yoast.com\/product\/yoast-seo-premium-wordpress\/ -->\n<title>Excursion priv\u00e9e d&#039;une journ\u00e9e d&#039;Hurghada au Caire et \u00e0 Louxor 2 JOURS<\/title>\n<meta name=\"description\" content=\"Excursion priv\u00e9e d&#039;une journ\u00e9e de Hurghada au Caire et \u00e0 Louxor 2 JOURS avec guide priv\u00e9, billets et d\u00e9jeuner. Une visite unique pour d\u00e9couvrir les secrets et l&#039;histoire...\" \/>\n<meta name=\"robots\" content=\"index, follow, max-snippet:-1, max-image-preview:large, max-video-preview:-1\" \/>\n<link rel=\"canonical\" href=\"https:\/\/hurghadalovers.com\/fr\/tours\/excursion-privee-de-hurghada-au-caire-et-luxor-2-jours\/\" \/>\n<meta property=\"og:locale\" content=\"fr_FR\" \/>\n<meta property=\"og:type\" content=\"article\" \/>\n<meta property=\"og:title\" content=\"Excursion priv\u00e9e d&#039;une journ\u00e9e d&#039;Hurghada au Caire et \u00e0 Louxor 2 JOURS\" \/>\n<meta property=\"og:description\" content=\"Excursion priv\u00e9e d&#039;une journ\u00e9e de Hurghada au Caire et \u00e0 Louxor 2 JOURS avec guide priv\u00e9, billets et d\u00e9jeuner. Une visite unique pour d\u00e9couvrir les secrets et l&#039;histoire...\" \/>\n<meta property=\"og:url\" content=\"https:\/\/hurghadalovers.com\/fr\/tours\/excursion-privee-de-hurghada-au-caire-et-luxor-2-jours\/\" \/>\n<meta property=\"og:site_name\" content=\"Hurghada Excursions &amp; Day Trips | Booking Best Prices Tours\" \/>\n<meta property=\"article:publisher\" content=\"https:\/\/www.facebook.com\/Hurghadaloversegypt\" \/>\n<meta property=\"article:modified_time\" content=\"2026-02-07T18:25:47+00:00\" \/>\n<meta property=\"og:image\" content=\"https:\/\/hurghadalovers.com\/wp-content\/uploads\/2023\/08\/Private-Day-Trip-from-Hurghada-to-Cairo-and-Luxor-2-DAYS.jpg\" \/>\n\t<meta property=\"og:image:width\" content=\"1500\" \/>\n\t<meta property=\"og:image:height\" content=\"404\" \/>\n\t<meta property=\"og:image:type\" content=\"image\/jpeg\" \/>\n<meta name=\"twitter:card\" content=\"summary_large_image\" \/>\n<meta name=\"twitter:label1\" content=\"Prix\" \/>\n\t<meta name=\"twitter:data1\" content=\"&euro;&nbsp;510\" \/>\n\t<meta name=\"twitter:label2\" content=\"Disponibilit\u00e9\" \/>\n\t<meta name=\"twitter:data2\" content=\"En stock\" \/>\n<script type=\"application\/ld+json\" class=\"yoast-schema-graph\">{\"@context\":\"https:\/\/schema.org\",\"@graph\":[{\"@type\":[\"WebPage\",\"ItemPage\"],\"@id\":\"https:\/\/hurghadalovers.com\/fr\/tours\/excursion-privee-de-hurghada-au-caire-et-luxor-2-jours\/\",\"url\":\"https:\/\/hurghadalovers.com\/fr\/tours\/excursion-privee-de-hurghada-au-caire-et-luxor-2-jours\/\",\"name\":\"Excursion priv\u00e9e d'une journ\u00e9e d'Hurghada au Caire et \u00e0 Louxor 2 JOURS\",\"isPartOf\":{\"@id\":\"https:\/\/hurghadalovers.com\/fr\/#website\"},\"primaryImageOfPage\":{\"@id\":\"https:\/\/hurghadalovers.com\/fr\/tours\/excursion-privee-de-hurghada-au-caire-et-luxor-2-jours\/#primaryimage\"},\"image\":{\"@id\":\"https:\/\/hurghadalovers.com\/fr\/tours\/excursion-privee-de-hurghada-au-caire-et-luxor-2-jours\/#primaryimage\"},\"thumbnailUrl\":\"https:\/\/hurghadalovers.com\/wp-content\/uploads\/2023\/08\/Private-Day-Trip-from-Hurghada-to-Cairo-and-Luxor-2-DAYS.jpg\",\"datePublished\":\"2023-08-12T08:44:39+00:00\",\"dateModified\":\"2026-02-07T18:25:47+00:00\",\"description\":\"Excursion priv\u00e9e d'une journ\u00e9e de Hurghada au Caire et \u00e0 Louxor 2 JOURS avec guide priv\u00e9, billets et d\u00e9jeuner. Une visite unique pour d\u00e9couvrir les secrets et l'histoire...\",\"breadcrumb\":{\"@id\":\"https:\/\/hurghadalovers.com\/fr\/tours\/excursion-privee-de-hurghada-au-caire-et-luxor-2-jours\/#breadcrumb\"},\"inLanguage\":\"fr-FR\",\"potentialAction\":[{\"@type\":\"ReadAction\",\"target\":[\"https:\/\/hurghadalovers.com\/fr\/tours\/excursion-privee-de-hurghada-au-caire-et-luxor-2-jours\/\"]}]},{\"@type\":\"ImageObject\",\"inLanguage\":\"fr-FR\",\"@id\":\"https:\/\/hurghadalovers.com\/fr\/tours\/excursion-privee-de-hurghada-au-caire-et-luxor-2-jours\/#primaryimage\",\"url\":\"https:\/\/hurghadalovers.com\/wp-content\/uploads\/2023\/08\/Private-Day-Trip-from-Hurghada-to-Cairo-and-Luxor-2-DAYS.jpg\",\"contentUrl\":\"https:\/\/hurghadalovers.com\/wp-content\/uploads\/2023\/08\/Private-Day-Trip-from-Hurghada-to-Cairo-and-Luxor-2-DAYS.jpg\",\"width\":1500,\"height\":404,\"caption\":\"Excursion priv\u00e9e d'une journ\u00e9e d'Hurghada au Caire et \u00e0 Louxor 2 JOURS\"},{\"@type\":\"BreadcrumbList\",\"@id\":\"https:\/\/hurghadalovers.com\/fr\/tours\/excursion-privee-de-hurghada-au-caire-et-luxor-2-jours\/#breadcrumb\",\"itemListElement\":[{\"@type\":\"ListItem\",\"position\":1,\"name\":\"Home\",\"item\":\"https:\/\/hurghadalovers.com\/fr\/\"},{\"@type\":\"ListItem\",\"position\":2,\"name\":\"Shop\",\"item\":\"https:\/\/hurghadalovers.com\/fr\/shop\/\"},{\"@type\":\"ListItem\",\"position\":3,\"name\":\"Excursion priv\u00e9e d&rsquo;une journ\u00e9e d&rsquo;Hurghada au Caire et \u00e0 Louxor 2 JOURS\"}]},{\"@type\":\"WebSite\",\"@id\":\"https:\/\/hurghadalovers.com\/fr\/#website\",\"url\":\"https:\/\/hurghadalovers.com\/fr\/\",\"name\":\"Hurghada Excursions & Day Trips | Booking Best Prices Tours\",\"description\":\"Hurghada Lovers - Best Tour Operator - Excursions &amp; Things to do for Family Day Trips with kids and Couples Romantic. Unique .Hidden gems\",\"publisher\":{\"@id\":\"https:\/\/hurghadalovers.com\/fr\/#organization\"},\"alternateName\":\"Hurghada Excursions\",\"potentialAction\":[{\"@type\":\"SearchAction\",\"target\":{\"@type\":\"EntryPoint\",\"urlTemplate\":\"https:\/\/hurghadalovers.com\/fr\/?s={search_term_string}\"},\"query-input\":{\"@type\":\"PropertyValueSpecification\",\"valueRequired\":true,\"valueName\":\"search_term_string\"}}],\"inLanguage\":\"fr-FR\"},{\"@type\":[\"Organization\",\"Place\",\"TravelAgency\"],\"@id\":\"https:\/\/hurghadalovers.com\/fr\/#organization\",\"name\":\"Hurghada Excursions\",\"url\":\"https:\/\/hurghadalovers.com\/fr\/\",\"logo\":{\"@id\":\"https:\/\/hurghadalovers.com\/fr\/tours\/excursion-privee-de-hurghada-au-caire-et-luxor-2-jours\/#local-main-organization-logo\"},\"image\":{\"@id\":\"https:\/\/hurghadalovers.com\/fr\/tours\/excursion-privee-de-hurghada-au-caire-et-luxor-2-jours\/#local-main-organization-logo\"},\"sameAs\":[\"https:\/\/www.facebook.com\/Hurghadaloversegypt\"],\"address\":{\"@id\":\"https:\/\/hurghadalovers.com\/fr\/tours\/excursion-privee-de-hurghada-au-caire-et-luxor-2-jours\/#local-main-place-address\"},\"telephone\":[\"00201112596434\"],\"contactPoint\":{\"@type\":\"ContactPoint\",\"telephone\":\"00201112596434\",\"email\":\"weyouface@gmail.com\"},\"openingHoursSpecification\":{\"@type\":\"OpeningHoursSpecification\",\"dayOfWeek\":[\"Monday\",\"Tuesday\",\"Wednesday\",\"Thursday\",\"Friday\",\"Saturday\",\"Sunday\"],\"opens\":\"00:00\",\"closes\":\"23:59\"},\"email\":\"weyouface@gmail.com\",\"areaServed\":\"Luxor, Hurghada, El Gouna, Aswan, Sharm El Sheikh, Giza, Alexandria, Marsa Alam, Quseir, Soma Bay, Sahl Hasheesh, Red Sea, Makadi Bay, Cairo\",\"priceRange\":\"$\",\"currenciesAccepted\":\"euro\",\"paymentAccepted\":\"cash on site\"},{\"@type\":\"PostalAddress\",\"@id\":\"https:\/\/hurghadalovers.com\/fr\/tours\/excursion-privee-de-hurghada-au-caire-et-luxor-2-jours\/#local-main-place-address\",\"streetAddress\":\"17 Banks street, Alkawther area, top nbk bank\",\"addressLocality\":\"hurghada\",\"postalCode\":\"84511\",\"addressRegion\":\"red sea\",\"addressCountry\":\"EG\"},{\"@type\":\"ImageObject\",\"inLanguage\":\"fr-FR\",\"@id\":\"https:\/\/hurghadalovers.com\/fr\/tours\/excursion-privee-de-hurghada-au-caire-et-luxor-2-jours\/#local-main-organization-logo\",\"url\":\"https:\/\/hurghadalovers.com\/wp-content\/uploads\/2019\/10\/hurghada-excursions-logo.png\",\"contentUrl\":\"https:\/\/hurghadalovers.com\/wp-content\/uploads\/2019\/10\/hurghada-excursions-logo.png\",\"width\":272,\"height\":90,\"caption\":\"Hurghada Excursions\"}]}<\/script>\n<meta property=\"product:brand\" content=\"Le Caire Excursions d&#039;une journ\u00e9e depuis Hurghada\" \/>\n<meta property=\"product:price:amount\" content=\"510\" \/>\n<meta property=\"product:price:currency\" content=\"EUR\" \/>\n<meta property=\"og:availability\" content=\"instock\" \/>\n<meta property=\"product:availability\" content=\"instock\" \/>\n<meta property=\"product:retailer_item_id\" content=\"Private22024\" \/>\n<meta property=\"product:condition\" content=\"new\" \/>\n<meta name=\"geo.placename\" content=\"hurghada\" \/>\n<meta name=\"geo.region\" content=\"\u00c9gypte\" \/>\n<!-- \/ Yoast SEO Premium plugin. -->","yoast_head_json":{"title":"Excursion priv\u00e9e d'une journ\u00e9e d'Hurghada au Caire et \u00e0 Louxor 2 JOURS","description":"Excursion priv\u00e9e d'une journ\u00e9e de Hurghada au Caire et \u00e0 Louxor 2 JOURS avec guide priv\u00e9, billets et d\u00e9jeuner. Une visite unique pour d\u00e9couvrir les secrets et l'histoire...","robots":{"index":"index","follow":"follow","max-snippet":"max-snippet:-1","max-image-preview":"max-image-preview:large","max-video-preview":"max-video-preview:-1"},"canonical":"https:\/\/hurghadalovers.com\/fr\/tours\/excursion-privee-de-hurghada-au-caire-et-luxor-2-jours\/","og_locale":"fr_FR","og_type":"article","og_title":"Excursion priv\u00e9e d'une journ\u00e9e d'Hurghada au Caire et \u00e0 Louxor 2 JOURS","og_description":"Excursion priv\u00e9e d'une journ\u00e9e de Hurghada au Caire et \u00e0 Louxor 2 JOURS avec guide priv\u00e9, billets et d\u00e9jeuner. Une visite unique pour d\u00e9couvrir les secrets et l'histoire...","og_url":"https:\/\/hurghadalovers.com\/fr\/tours\/excursion-privee-de-hurghada-au-caire-et-luxor-2-jours\/","og_site_name":"Hurghada Excursions &amp; Day Trips | Booking Best Prices Tours","article_publisher":"https:\/\/www.facebook.com\/Hurghadaloversegypt","article_modified_time":"2026-02-07T18:25:47+00:00","og_image":[{"width":1500,"height":404,"url":"https:\/\/hurghadalovers.com\/wp-content\/uploads\/2023\/08\/Private-Day-Trip-from-Hurghada-to-Cairo-and-Luxor-2-DAYS.jpg","type":"image\/jpeg"}],"twitter_card":"summary_large_image","twitter_misc":{"Prix":"&euro;&nbsp;510","Disponibilit\u00e9":"En stock"},"schema":{"@context":"https:\/\/schema.org","@graph":[{"@type":["WebPage","ItemPage"],"@id":"https:\/\/hurghadalovers.com\/fr\/tours\/excursion-privee-de-hurghada-au-caire-et-luxor-2-jours\/","url":"https:\/\/hurghadalovers.com\/fr\/tours\/excursion-privee-de-hurghada-au-caire-et-luxor-2-jours\/","name":"Excursion priv\u00e9e d'une journ\u00e9e d'Hurghada au Caire et \u00e0 Louxor 2 JOURS","isPartOf":{"@id":"https:\/\/hurghadalovers.com\/fr\/#website"},"primaryImageOfPage":{"@id":"https:\/\/hurghadalovers.com\/fr\/tours\/excursion-privee-de-hurghada-au-caire-et-luxor-2-jours\/#primaryimage"},"image":{"@id":"https:\/\/hurghadalovers.com\/fr\/tours\/excursion-privee-de-hurghada-au-caire-et-luxor-2-jours\/#primaryimage"},"thumbnailUrl":"https:\/\/hurghadalovers.com\/wp-content\/uploads\/2023\/08\/Private-Day-Trip-from-Hurghada-to-Cairo-and-Luxor-2-DAYS.jpg","datePublished":"2023-08-12T08:44:39+00:00","dateModified":"2026-02-07T18:25:47+00:00","description":"Excursion priv\u00e9e d'une journ\u00e9e de Hurghada au Caire et \u00e0 Louxor 2 JOURS avec guide priv\u00e9, billets et d\u00e9jeuner. Une visite unique pour d\u00e9couvrir les secrets et l'histoire...","breadcrumb":{"@id":"https:\/\/hurghadalovers.com\/fr\/tours\/excursion-privee-de-hurghada-au-caire-et-luxor-2-jours\/#breadcrumb"},"inLanguage":"fr-FR","potentialAction":[{"@type":"ReadAction","target":["https:\/\/hurghadalovers.com\/fr\/tours\/excursion-privee-de-hurghada-au-caire-et-luxor-2-jours\/"]}]},{"@type":"ImageObject","inLanguage":"fr-FR","@id":"https:\/\/hurghadalovers.com\/fr\/tours\/excursion-privee-de-hurghada-au-caire-et-luxor-2-jours\/#primaryimage","url":"https:\/\/hurghadalovers.com\/wp-content\/uploads\/2023\/08\/Private-Day-Trip-from-Hurghada-to-Cairo-and-Luxor-2-DAYS.jpg","contentUrl":"https:\/\/hurghadalovers.com\/wp-content\/uploads\/2023\/08\/Private-Day-Trip-from-Hurghada-to-Cairo-and-Luxor-2-DAYS.jpg","width":1500,"height":404,"caption":"Excursion priv\u00e9e d'une journ\u00e9e d'Hurghada au Caire et \u00e0 Louxor 2 JOURS"},{"@type":"BreadcrumbList","@id":"https:\/\/hurghadalovers.com\/fr\/tours\/excursion-privee-de-hurghada-au-caire-et-luxor-2-jours\/#breadcrumb","itemListElement":[{"@type":"ListItem","position":1,"name":"Home","item":"https:\/\/hurghadalovers.com\/fr\/"},{"@type":"ListItem","position":2,"name":"Shop","item":"https:\/\/hurghadalovers.com\/fr\/shop\/"},{"@type":"ListItem","position":3,"name":"Excursion priv\u00e9e d&rsquo;une journ\u00e9e d&rsquo;Hurghada au Caire et \u00e0 Louxor 2 JOURS"}]},{"@type":"WebSite","@id":"https:\/\/hurghadalovers.com\/fr\/#website","url":"https:\/\/hurghadalovers.com\/fr\/","name":"Hurghada Excursions & Day Trips | Booking Best Prices Tours","description":"Hurghada Lovers - Best Tour Operator - Excursions &amp; Things to do for Family Day Trips with kids and Couples Romantic. Unique .Hidden gems","publisher":{"@id":"https:\/\/hurghadalovers.com\/fr\/#organization"},"alternateName":"Hurghada Excursions","potentialAction":[{"@type":"SearchAction","target":{"@type":"EntryPoint","urlTemplate":"https:\/\/hurghadalovers.com\/fr\/?s={search_term_string}"},"query-input":{"@type":"PropertyValueSpecification","valueRequired":true,"valueName":"search_term_string"}}],"inLanguage":"fr-FR"},{"@type":["Organization","Place","TravelAgency"],"@id":"https:\/\/hurghadalovers.com\/fr\/#organization","name":"Hurghada Excursions","url":"https:\/\/hurghadalovers.com\/fr\/","logo":{"@id":"https:\/\/hurghadalovers.com\/fr\/tours\/excursion-privee-de-hurghada-au-caire-et-luxor-2-jours\/#local-main-organization-logo"},"image":{"@id":"https:\/\/hurghadalovers.com\/fr\/tours\/excursion-privee-de-hurghada-au-caire-et-luxor-2-jours\/#local-main-organization-logo"},"sameAs":["https:\/\/www.facebook.com\/Hurghadaloversegypt"],"address":{"@id":"https:\/\/hurghadalovers.com\/fr\/tours\/excursion-privee-de-hurghada-au-caire-et-luxor-2-jours\/#local-main-place-address"},"telephone":["00201112596434"],"contactPoint":{"@type":"ContactPoint","telephone":"00201112596434","email":"weyouface@gmail.com"},"openingHoursSpecification":{"@type":"OpeningHoursSpecification","dayOfWeek":["Monday","Tuesday","Wednesday","Thursday","Friday","Saturday","Sunday"],"opens":"00:00","closes":"23:59"},"email":"weyouface@gmail.com","areaServed":"Luxor, Hurghada, El Gouna, Aswan, Sharm El Sheikh, Giza, Alexandria, Marsa Alam, Quseir, Soma Bay, Sahl Hasheesh, Red Sea, Makadi Bay, Cairo","priceRange":"$","currenciesAccepted":"euro","paymentAccepted":"cash on site"},{"@type":"PostalAddress","@id":"https:\/\/hurghadalovers.com\/fr\/tours\/excursion-privee-de-hurghada-au-caire-et-luxor-2-jours\/#local-main-place-address","streetAddress":"17 Banks street, Alkawther area, top nbk bank","addressLocality":"hurghada","postalCode":"84511","addressRegion":"red sea","addressCountry":"EG"},{"@type":"ImageObject","inLanguage":"fr-FR","@id":"https:\/\/hurghadalovers.com\/fr\/tours\/excursion-privee-de-hurghada-au-caire-et-luxor-2-jours\/#local-main-organization-logo","url":"https:\/\/hurghadalovers.com\/wp-content\/uploads\/2019\/10\/hurghada-excursions-logo.png","contentUrl":"https:\/\/hurghadalovers.com\/wp-content\/uploads\/2019\/10\/hurghada-excursions-logo.png","width":272,"height":90,"caption":"Hurghada Excursions"}]},"product_brand":"Le Caire Excursions d'une journ\u00e9e depuis Hurghada","product_price_amount":"510","product_price_currency":"EUR","og_availability":"instock","product_availability":"instock","product_retailer_item_id":"Private22024","product_condition":"new","geo.placename":"hurghada","geo.region":"\u00c9gypte"},"_links":{"self":[{"href":"https:\/\/hurghadalovers.com\/fr\/wp-json\/wp\/v2\/product\/379476","targetHints":{"allow":["GET"]}}],"collection":[{"href":"https:\/\/hurghadalovers.com\/fr\/wp-json\/wp\/v2\/product"}],"about":[{"href":"https:\/\/hurghadalovers.com\/fr\/wp-json\/wp\/v2\/types\/product"}],"wp:featuredmedia":[{"embeddable":true,"href":"https:\/\/hurghadalovers.com\/fr\/wp-json\/wp\/v2\/media\/379430"}],"wp:attachment":[{"href":"https:\/\/hurghadalovers.com\/fr\/wp-json\/wp\/v2\/media?parent=379476"}],"wp:term":[{"taxonomy":"product_brand","embeddable":true,"href":"https:\/\/hurghadalovers.com\/fr\/wp-json\/wp\/v2\/product_brand?post=379476"},{"taxonomy":"product_cat","embeddable":true,"href":"https:\/\/hurghadalovers.com\/fr\/wp-json\/wp\/v2\/product_cat?post=379476"},{"taxonomy":"product_tag","embeddable":true,"href":"https:\/\/hurghadalovers.com\/fr\/wp-json\/wp\/v2\/product_tag?post=379476"}],"curies":[{"name":"wp","href":"https:\/\/api.w.org\/{rel}","templated":true}]}}