{"id":396057,"date":"2023-09-04T09:27:00","date_gmt":"2023-09-04T09:29:55","guid":{"rendered":"https:\/\/hurghadalovers.com\/shop\/Ei-luokiteltu\/edulliset-quad-biking-retket-el-gounasta-2hr\/"},"modified":"2026-02-09T17:56:49","modified_gmt":"2026-02-09T17:56:49","slug":"halpa-quad-pyoraretket-el-gounasta-2h","status":"publish","type":"product","link":"https:\/\/hurghadalovers.com\/fi\/tours\/halpa-quad-pyoraretket-el-gounasta-2h\/","title":{"rendered":"Edulliset Quad Biking retket El Gounasta &#8211; 2hr"},"content":{"rendered":"<p><strong>Halvat Quad Biking Tours <\/strong><strong>El Gounasta<\/strong> kuljetuksella | 2hr Aamulla 4WD, ATV tai Quad Bike Safari Iltap\u00e4iv\u00e4ll\u00e4 Off-Road aavikolla.<\/p>\n<p style=\"text-align: center;\"><span style=\"color: #ff0000;\">Parasta tekemist\u00e4 El Gounassa <strong>romanttiselle<\/strong> ja <strong>pariskuntien h\u00e4\u00e4matkalle | <\/strong> <strong>Aavikkosafarit lasten kanssa<\/strong> &amp; <strong>Perheyst\u00e4v\u00e4llinen<\/strong> &amp; Seniorit.<\/span><\/p>\n<p>&nbsp;<\/p>\n<p><strong>Kohokohdat:<\/strong><\/p>\n<ol>\n<li>60 min Quad-py\u00f6r\u00e4ily\u00e4 aavikolla.<\/li>\n<\/ol>\n<p><strong>Halvat Quad Biking Tours kaupungissa <\/strong><strong>El Gouna<\/strong> <strong>Yksityiskohtia:<\/strong><\/p>\n<ul>\n<li>Kiertueen saatavuus: Joka p\u00e4iv\u00e4.<\/li>\n<li>Kiertueen tyyppi: Ryhm\u00e4 tai Yksityinen.<\/li>\n<li>Noutoaika: Alkaa klo 08:00 &#8221;Valitse aikasi&#8221;.<\/li>\n<li>Noutoaika: klo 19:00 alkaen.<\/li>\n<li>Kesto: 2 h.<\/li>\n<\/ul>\n<p><strong>Varaa nyt ja maksa my\u00f6hemmin:<\/strong><\/p>\n<ul>\n<li>K\u00e4teist\u00e4 paikan p\u00e4\u00e4ll\u00e4 oppaalle.<\/li>\n<li>Maksu Egyptin puntina, $, \u20ac tai \u00a3.<\/li>\n<\/ul>\n<p><strong>Peruutusehdot:<\/strong><\/p>\n<ul>\n<li>peruutus enint\u00e4\u00e4n 24 tuntia etuk\u00e4teen.<\/li>\n<li>Kun joku perheest\u00e4si peruuttaa aamup\u00e4iv\u00e4n, maksat 50 % kustannuksista.<\/li>\n<\/ul>\n<p><strong>Mit\u00e4 sis\u00e4ltyy?<\/strong><\/p>\n<ul>\n<li>Kuljetus El Gounan hotelleista &#8221;Hotel pick up and drop off&#8221;.<\/li>\n<li>Kaikki verot, sis\u00e4\u00e4np\u00e4\u00e4symaksut ja k\u00e4sittelymaksut.<\/li>\n<li>Siirrot.<\/li>\n<li>Matkaopas.<\/li>\n<li>Kyp\u00e4r\u00e4.<\/li>\n<\/ul>\n<p><strong>Poikkeukset?<\/strong><\/p>\n<ul>\n<li>Huivi<\/li>\n<li>Suojalasit<\/li>\n<li>Juomarahat.<\/li>\n<li>Valokuvaus matkaa varten.<\/li>\n<li>Mahdolliset mainitsemattomat lis\u00e4maksut.<\/li>\n<\/ul>\n<p><strong>Hinnat:<\/strong><\/p>\n<ul>\n<li><strong>Aikuisten hinta = alkaen 25$ per henkil\u00f6 \/ 1h<\/strong>.<\/li>\n<li>Hinta lapsille &#8221;5-12&#8221; = 50 %.<\/li>\n<li>lapsille &#8221;0-5\u2033= Ilmainen.<\/li>\n<\/ul>\n<p><strong>Arvostelut:<\/strong><\/p>\n<p>tarkista Google Map Arvostelut paras <a href=\"https:\/\/g.page\/r\/CUeYvkngP3wkEBM\/review\">matkanj\u00e4rjest\u00e4j\u00e4 Hurghada<\/a> verkossa <a href=\"https:\/\/hurghadalovers.com\/\">Hurghada<\/a> Egyptiss\u00e4.<\/p>\n<p><strong>Varaukset:<\/strong><\/p>\n<p>L\u00e4het\u00e4 hotelli + huoneen numero + valokuvapassit WhatsAppiin: <strong>+201112596434<\/strong><\/p>\n<p>Jos olet pois Egyptin Varaus nyt verkossa ja vahvistaa, kun saapuminen Hotel.<\/p>\n<p>&nbsp;<\/p>\n<p>&nbsp;<\/p>\n","protected":false},"excerpt":{"rendered":"<p><strong>Halvat Quad Biking Tours <\/strong><strong>El Gounasta<\/strong> kuljetuksella | 2hr Aamulla 4WD, ATV tai Quad Bike Safari Iltap\u00e4iv\u00e4ll\u00e4 Off-Road aavikolla.<\/p>\n<p style=\"text-align: center;\"><span style=\"color: #ff0000;\">Parasta tekemist\u00e4 El Gounassa <strong>romanttiselle<\/strong> ja <strong>pariskuntien h\u00e4\u00e4matkalle<\/strong><\/span><\/p>\n","protected":false},"featured_media":996077,"template":"","meta":{"_joinchat":[]},"product_brand":[],"product_cat":[36656],"product_tag":[],"class_list":{"0":"post-396057","1":"product","2":"type-product","3":"status-publish","4":"has-post-thumbnail","6":"product_cat-kierrokset","7":"tour_category-quad-tour-el-gounasta","8":"tour_category-el-gounan-retket","10":"first","11":"instock","12":"sale","13":"shipping-taxable","14":"purchasable","15":"product-type-tour"},"yoast_head":"<!-- This site is optimized with the Yoast SEO Premium plugin v26.9 (Yoast SEO v27.2) - https:\/\/yoast.com\/product\/yoast-seo-premium-wordpress\/ -->\n<title>Edulliset Quad Biking retket El Gounasta - 2hr<\/title>\n<meta name=\"description\" content=\"Halvat Quad Biking Tours El Gounasta kuljetuksella | 2hr Aamulla 4WD, ATV tai Quad Bike Safari Iltap\u00e4iv\u00e4ll\u00e4 Off-Road aavikolla. Parasta tekemist\u00e4 kaupungissa\" \/>\n<meta name=\"robots\" content=\"index, follow, max-snippet:-1, max-image-preview:large, max-video-preview:-1\" \/>\n<link rel=\"canonical\" href=\"https:\/\/hurghadalovers.com\/fi\/tours\/halpa-quad-pyoraretket-el-gounasta-2h\/\" \/>\n<meta property=\"og:locale\" content=\"fi_FI\" \/>\n<meta property=\"og:type\" content=\"article\" \/>\n<meta property=\"og:title\" content=\"Edulliset Quad Biking retket El Gounasta - 2hr\" \/>\n<meta property=\"og:description\" content=\"Halvat Quad Biking Tours El Gounasta kuljetuksella | 2hr Aamulla 4WD, ATV tai Quad Bike Safari Iltap\u00e4iv\u00e4ll\u00e4 Off-Road aavikolla. Parasta tekemist\u00e4 kaupungissa\" \/>\n<meta property=\"og:url\" content=\"https:\/\/hurghadalovers.com\/fi\/tours\/halpa-quad-pyoraretket-el-gounasta-2h\/\" \/>\n<meta property=\"og:site_name\" content=\"Hurghada Excursions &amp; Day Trips | Booking Best Prices Tours\" \/>\n<meta property=\"article:publisher\" content=\"https:\/\/www.facebook.com\/Hurghadaloversegypt\" \/>\n<meta property=\"article:modified_time\" content=\"2026-02-09T17:56:49+00:00\" \/>\n<meta property=\"og:image\" content=\"https:\/\/hurghadalovers.com\/wp-content\/uploads\/2023\/08\/jeep-safari-hurghada.jpeg\" \/>\n\t<meta property=\"og:image:width\" content=\"1156\" \/>\n\t<meta property=\"og:image:height\" content=\"521\" \/>\n\t<meta property=\"og:image:type\" content=\"image\/jpeg\" \/>\n<meta name=\"twitter:card\" content=\"summary_large_image\" \/>\n<meta name=\"twitter:label1\" content=\"Hinta\" \/>\n\t<meta name=\"twitter:data1\" content=\"&euro;&nbsp;40\" \/>\n\t<meta name=\"twitter:label2\" content=\"Saatavuus\" \/>\n\t<meta name=\"twitter:data2\" content=\"Varastossa\" \/>\n<script type=\"application\/ld+json\" class=\"yoast-schema-graph\">{\"@context\":\"https:\/\/schema.org\",\"@graph\":[{\"@type\":[\"WebPage\",\"ItemPage\"],\"@id\":\"https:\/\/hurghadalovers.com\/fi\/tours\/halpa-quad-pyoraretket-el-gounasta-2h\/\",\"url\":\"https:\/\/hurghadalovers.com\/fi\/tours\/halpa-quad-pyoraretket-el-gounasta-2h\/\",\"name\":\"Edulliset Quad Biking retket El Gounasta - 2hr\",\"isPartOf\":{\"@id\":\"https:\/\/hurghadalovers.com\/fi\/#website\"},\"primaryImageOfPage\":{\"@id\":\"https:\/\/hurghadalovers.com\/fi\/tours\/halpa-quad-pyoraretket-el-gounasta-2h\/#primaryimage\"},\"image\":{\"@id\":\"https:\/\/hurghadalovers.com\/fi\/tours\/halpa-quad-pyoraretket-el-gounasta-2h\/#primaryimage\"},\"thumbnailUrl\":\"https:\/\/hurghadalovers.com\/wp-content\/uploads\/2023\/08\/jeep-safari-hurghada.jpeg\",\"datePublished\":\"2023-09-04T09:29:55+00:00\",\"dateModified\":\"2026-02-09T17:56:49+00:00\",\"description\":\"Halvat Quad Biking Tours El Gounasta kuljetuksella | 2hr Aamulla 4WD, ATV tai Quad Bike Safari Iltap\u00e4iv\u00e4ll\u00e4 Off-Road aavikolla. Parasta tekemist\u00e4 kaupungissa\",\"breadcrumb\":{\"@id\":\"https:\/\/hurghadalovers.com\/fi\/tours\/halpa-quad-pyoraretket-el-gounasta-2h\/#breadcrumb\"},\"inLanguage\":\"fi\",\"potentialAction\":[{\"@type\":\"ReadAction\",\"target\":[\"https:\/\/hurghadalovers.com\/fi\/tours\/halpa-quad-pyoraretket-el-gounasta-2h\/\"]}]},{\"@type\":\"ImageObject\",\"inLanguage\":\"fi\",\"@id\":\"https:\/\/hurghadalovers.com\/fi\/tours\/halpa-quad-pyoraretket-el-gounasta-2h\/#primaryimage\",\"url\":\"https:\/\/hurghadalovers.com\/wp-content\/uploads\/2023\/08\/jeep-safari-hurghada.jpeg\",\"contentUrl\":\"https:\/\/hurghadalovers.com\/wp-content\/uploads\/2023\/08\/jeep-safari-hurghada.jpeg\",\"width\":1156,\"height\":521,\"caption\":\"jeep safari hurghada\"},{\"@type\":\"BreadcrumbList\",\"@id\":\"https:\/\/hurghadalovers.com\/fi\/tours\/halpa-quad-pyoraretket-el-gounasta-2h\/#breadcrumb\",\"itemListElement\":[{\"@type\":\"ListItem\",\"position\":1,\"name\":\"Home\",\"item\":\"https:\/\/hurghadalovers.com\/fi\/\"},{\"@type\":\"ListItem\",\"position\":2,\"name\":\"Shop\",\"item\":\"https:\/\/hurghadalovers.com\/fi\/shop-3\/\"},{\"@type\":\"ListItem\",\"position\":3,\"name\":\"Edulliset Quad Biking retket El Gounasta &#8211; 2hr\"}]},{\"@type\":\"WebSite\",\"@id\":\"https:\/\/hurghadalovers.com\/fi\/#website\",\"url\":\"https:\/\/hurghadalovers.com\/fi\/\",\"name\":\"Hurghada Excursions & Day Trips | Booking Best Prices Tours\",\"description\":\"Hurghada Lovers - Best Tour Operator - Excursions &amp; Things to do for Family Day Trips with kids and Couples Romantic. Unique .Hidden gems\",\"publisher\":{\"@id\":\"https:\/\/hurghadalovers.com\/fi\/#organization\"},\"alternateName\":\"Hurghada Excursions\",\"potentialAction\":[{\"@type\":\"SearchAction\",\"target\":{\"@type\":\"EntryPoint\",\"urlTemplate\":\"https:\/\/hurghadalovers.com\/fi\/?s={search_term_string}\"},\"query-input\":{\"@type\":\"PropertyValueSpecification\",\"valueRequired\":true,\"valueName\":\"search_term_string\"}}],\"inLanguage\":\"fi\"},{\"@type\":[\"Organization\",\"Place\",\"TravelAgency\"],\"@id\":\"https:\/\/hurghadalovers.com\/fi\/#organization\",\"name\":\"Hurghada Excursions\",\"url\":\"https:\/\/hurghadalovers.com\/fi\/\",\"logo\":{\"@id\":\"https:\/\/hurghadalovers.com\/fi\/tours\/halpa-quad-pyoraretket-el-gounasta-2h\/#local-main-organization-logo\"},\"image\":{\"@id\":\"https:\/\/hurghadalovers.com\/fi\/tours\/halpa-quad-pyoraretket-el-gounasta-2h\/#local-main-organization-logo\"},\"sameAs\":[\"https:\/\/www.facebook.com\/Hurghadaloversegypt\"],\"address\":{\"@id\":\"https:\/\/hurghadalovers.com\/fi\/tours\/halpa-quad-pyoraretket-el-gounasta-2h\/#local-main-place-address\"},\"telephone\":[\"00201112596434\"],\"contactPoint\":{\"@type\":\"ContactPoint\",\"telephone\":\"00201112596434\",\"email\":\"weyouface@gmail.com\"},\"openingHoursSpecification\":{\"@type\":\"OpeningHoursSpecification\",\"dayOfWeek\":[\"Monday\",\"Tuesday\",\"Wednesday\",\"Thursday\",\"Friday\",\"Saturday\",\"Sunday\"],\"opens\":\"00:00\",\"closes\":\"23:59\"},\"email\":\"weyouface@gmail.com\",\"areaServed\":\"Luxor, Hurghada, El Gouna, Aswan, Sharm El Sheikh, Giza, Alexandria, Marsa Alam, Quseir, Soma Bay, Sahl Hasheesh, Red Sea, Makadi Bay, Cairo\",\"priceRange\":\"$\",\"currenciesAccepted\":\"euro\",\"paymentAccepted\":\"cash on site\"},{\"@type\":\"PostalAddress\",\"@id\":\"https:\/\/hurghadalovers.com\/fi\/tours\/halpa-quad-pyoraretket-el-gounasta-2h\/#local-main-place-address\",\"streetAddress\":\"17 Banks street, Alkawther area, top nbk bank\",\"addressLocality\":\"hurghada\",\"postalCode\":\"84511\",\"addressRegion\":\"red sea\",\"addressCountry\":\"EG\"},{\"@type\":\"ImageObject\",\"inLanguage\":\"fi\",\"@id\":\"https:\/\/hurghadalovers.com\/fi\/tours\/halpa-quad-pyoraretket-el-gounasta-2h\/#local-main-organization-logo\",\"url\":\"https:\/\/hurghadalovers.com\/wp-content\/uploads\/2019\/10\/hurghada-excursions-logo.png\",\"contentUrl\":\"https:\/\/hurghadalovers.com\/wp-content\/uploads\/2019\/10\/hurghada-excursions-logo.png\",\"width\":272,\"height\":90,\"caption\":\"Hurghada Excursions\"}]}<\/script>\n<meta property=\"product:brand\" content=\"Aavikkosafariretki El Gouna\" \/>\n<meta property=\"product:price:amount\" content=\"40\" \/>\n<meta property=\"product:price:currency\" content=\"EUR\" \/>\n<meta property=\"og:availability\" content=\"instock\" \/>\n<meta property=\"product:availability\" content=\"instock\" \/>\n<meta property=\"product:retailer_item_id\" content=\"Gouna902024\" \/>\n<meta property=\"product:condition\" content=\"new\" \/>\n<meta name=\"geo.placename\" content=\"hurghada\" \/>\n<meta name=\"geo.region\" content=\"Egypti\" \/>\n<!-- \/ Yoast SEO Premium plugin. -->","yoast_head_json":{"title":"Edulliset Quad Biking retket El Gounasta - 2hr","description":"Halvat Quad Biking Tours El Gounasta kuljetuksella | 2hr Aamulla 4WD, ATV tai Quad Bike Safari Iltap\u00e4iv\u00e4ll\u00e4 Off-Road aavikolla. Parasta tekemist\u00e4 kaupungissa","robots":{"index":"index","follow":"follow","max-snippet":"max-snippet:-1","max-image-preview":"max-image-preview:large","max-video-preview":"max-video-preview:-1"},"canonical":"https:\/\/hurghadalovers.com\/fi\/tours\/halpa-quad-pyoraretket-el-gounasta-2h\/","og_locale":"fi_FI","og_type":"article","og_title":"Edulliset Quad Biking retket El Gounasta - 2hr","og_description":"Halvat Quad Biking Tours El Gounasta kuljetuksella | 2hr Aamulla 4WD, ATV tai Quad Bike Safari Iltap\u00e4iv\u00e4ll\u00e4 Off-Road aavikolla. Parasta tekemist\u00e4 kaupungissa","og_url":"https:\/\/hurghadalovers.com\/fi\/tours\/halpa-quad-pyoraretket-el-gounasta-2h\/","og_site_name":"Hurghada Excursions &amp; Day Trips | Booking Best Prices Tours","article_publisher":"https:\/\/www.facebook.com\/Hurghadaloversegypt","article_modified_time":"2026-02-09T17:56:49+00:00","og_image":[{"width":1156,"height":521,"url":"https:\/\/hurghadalovers.com\/wp-content\/uploads\/2023\/08\/jeep-safari-hurghada.jpeg","type":"image\/jpeg"}],"twitter_card":"summary_large_image","twitter_misc":{"Hinta":"&euro;&nbsp;40","Saatavuus":"Varastossa"},"schema":{"@context":"https:\/\/schema.org","@graph":[{"@type":["WebPage","ItemPage"],"@id":"https:\/\/hurghadalovers.com\/fi\/tours\/halpa-quad-pyoraretket-el-gounasta-2h\/","url":"https:\/\/hurghadalovers.com\/fi\/tours\/halpa-quad-pyoraretket-el-gounasta-2h\/","name":"Edulliset Quad Biking retket El Gounasta - 2hr","isPartOf":{"@id":"https:\/\/hurghadalovers.com\/fi\/#website"},"primaryImageOfPage":{"@id":"https:\/\/hurghadalovers.com\/fi\/tours\/halpa-quad-pyoraretket-el-gounasta-2h\/#primaryimage"},"image":{"@id":"https:\/\/hurghadalovers.com\/fi\/tours\/halpa-quad-pyoraretket-el-gounasta-2h\/#primaryimage"},"thumbnailUrl":"https:\/\/hurghadalovers.com\/wp-content\/uploads\/2023\/08\/jeep-safari-hurghada.jpeg","datePublished":"2023-09-04T09:29:55+00:00","dateModified":"2026-02-09T17:56:49+00:00","description":"Halvat Quad Biking Tours El Gounasta kuljetuksella | 2hr Aamulla 4WD, ATV tai Quad Bike Safari Iltap\u00e4iv\u00e4ll\u00e4 Off-Road aavikolla. Parasta tekemist\u00e4 kaupungissa","breadcrumb":{"@id":"https:\/\/hurghadalovers.com\/fi\/tours\/halpa-quad-pyoraretket-el-gounasta-2h\/#breadcrumb"},"inLanguage":"fi","potentialAction":[{"@type":"ReadAction","target":["https:\/\/hurghadalovers.com\/fi\/tours\/halpa-quad-pyoraretket-el-gounasta-2h\/"]}]},{"@type":"ImageObject","inLanguage":"fi","@id":"https:\/\/hurghadalovers.com\/fi\/tours\/halpa-quad-pyoraretket-el-gounasta-2h\/#primaryimage","url":"https:\/\/hurghadalovers.com\/wp-content\/uploads\/2023\/08\/jeep-safari-hurghada.jpeg","contentUrl":"https:\/\/hurghadalovers.com\/wp-content\/uploads\/2023\/08\/jeep-safari-hurghada.jpeg","width":1156,"height":521,"caption":"jeep safari hurghada"},{"@type":"BreadcrumbList","@id":"https:\/\/hurghadalovers.com\/fi\/tours\/halpa-quad-pyoraretket-el-gounasta-2h\/#breadcrumb","itemListElement":[{"@type":"ListItem","position":1,"name":"Home","item":"https:\/\/hurghadalovers.com\/fi\/"},{"@type":"ListItem","position":2,"name":"Shop","item":"https:\/\/hurghadalovers.com\/fi\/shop-3\/"},{"@type":"ListItem","position":3,"name":"Edulliset Quad Biking retket El Gounasta &#8211; 2hr"}]},{"@type":"WebSite","@id":"https:\/\/hurghadalovers.com\/fi\/#website","url":"https:\/\/hurghadalovers.com\/fi\/","name":"Hurghada Excursions & Day Trips | Booking Best Prices Tours","description":"Hurghada Lovers - Best Tour Operator - Excursions &amp; Things to do for Family Day Trips with kids and Couples Romantic. Unique .Hidden gems","publisher":{"@id":"https:\/\/hurghadalovers.com\/fi\/#organization"},"alternateName":"Hurghada Excursions","potentialAction":[{"@type":"SearchAction","target":{"@type":"EntryPoint","urlTemplate":"https:\/\/hurghadalovers.com\/fi\/?s={search_term_string}"},"query-input":{"@type":"PropertyValueSpecification","valueRequired":true,"valueName":"search_term_string"}}],"inLanguage":"fi"},{"@type":["Organization","Place","TravelAgency"],"@id":"https:\/\/hurghadalovers.com\/fi\/#organization","name":"Hurghada Excursions","url":"https:\/\/hurghadalovers.com\/fi\/","logo":{"@id":"https:\/\/hurghadalovers.com\/fi\/tours\/halpa-quad-pyoraretket-el-gounasta-2h\/#local-main-organization-logo"},"image":{"@id":"https:\/\/hurghadalovers.com\/fi\/tours\/halpa-quad-pyoraretket-el-gounasta-2h\/#local-main-organization-logo"},"sameAs":["https:\/\/www.facebook.com\/Hurghadaloversegypt"],"address":{"@id":"https:\/\/hurghadalovers.com\/fi\/tours\/halpa-quad-pyoraretket-el-gounasta-2h\/#local-main-place-address"},"telephone":["00201112596434"],"contactPoint":{"@type":"ContactPoint","telephone":"00201112596434","email":"weyouface@gmail.com"},"openingHoursSpecification":{"@type":"OpeningHoursSpecification","dayOfWeek":["Monday","Tuesday","Wednesday","Thursday","Friday","Saturday","Sunday"],"opens":"00:00","closes":"23:59"},"email":"weyouface@gmail.com","areaServed":"Luxor, Hurghada, El Gouna, Aswan, Sharm El Sheikh, Giza, Alexandria, Marsa Alam, Quseir, Soma Bay, Sahl Hasheesh, Red Sea, Makadi Bay, Cairo","priceRange":"$","currenciesAccepted":"euro","paymentAccepted":"cash on site"},{"@type":"PostalAddress","@id":"https:\/\/hurghadalovers.com\/fi\/tours\/halpa-quad-pyoraretket-el-gounasta-2h\/#local-main-place-address","streetAddress":"17 Banks street, Alkawther area, top nbk bank","addressLocality":"hurghada","postalCode":"84511","addressRegion":"red sea","addressCountry":"EG"},{"@type":"ImageObject","inLanguage":"fi","@id":"https:\/\/hurghadalovers.com\/fi\/tours\/halpa-quad-pyoraretket-el-gounasta-2h\/#local-main-organization-logo","url":"https:\/\/hurghadalovers.com\/wp-content\/uploads\/2019\/10\/hurghada-excursions-logo.png","contentUrl":"https:\/\/hurghadalovers.com\/wp-content\/uploads\/2019\/10\/hurghada-excursions-logo.png","width":272,"height":90,"caption":"Hurghada Excursions"}]},"product_brand":"Aavikkosafariretki El Gouna","product_price_amount":"40","product_price_currency":"EUR","og_availability":"instock","product_availability":"instock","product_retailer_item_id":"Gouna902024","product_condition":"new","geo.placename":"hurghada","geo.region":"Egypti"},"_links":{"self":[{"href":"https:\/\/hurghadalovers.com\/fi\/wp-json\/wp\/v2\/product\/396057","targetHints":{"allow":["GET"]}}],"collection":[{"href":"https:\/\/hurghadalovers.com\/fi\/wp-json\/wp\/v2\/product"}],"about":[{"href":"https:\/\/hurghadalovers.com\/fi\/wp-json\/wp\/v2\/types\/product"}],"wp:featuredmedia":[{"embeddable":true,"href":"https:\/\/hurghadalovers.com\/fi\/wp-json\/wp\/v2\/media\/996077"}],"wp:attachment":[{"href":"https:\/\/hurghadalovers.com\/fi\/wp-json\/wp\/v2\/media?parent=396057"}],"wp:term":[{"taxonomy":"product_brand","embeddable":true,"href":"https:\/\/hurghadalovers.com\/fi\/wp-json\/wp\/v2\/product_brand?post=396057"},{"taxonomy":"product_cat","embeddable":true,"href":"https:\/\/hurghadalovers.com\/fi\/wp-json\/wp\/v2\/product_cat?post=396057"},{"taxonomy":"product_tag","embeddable":true,"href":"https:\/\/hurghadalovers.com\/fi\/wp-json\/wp\/v2\/product_tag?post=396057"}],"curies":[{"name":"wp","href":"https:\/\/api.w.org\/{rel}","templated":true}]}}