{"id":394893,"date":"2023-09-03T11:51:43","date_gmt":"2023-09-03T11:51:43","guid":{"rendered":"https:\/\/hurghadalovers.com\/shop\/Ei-luokiteltu\/yksityinen-el-gounan-retki-luxoriin-ja-assuaniin-2-paivaa\/"},"modified":"2026-02-08T08:56:07","modified_gmt":"2026-02-08T08:56:07","slug":"yksityinen-el-gouna-retket-luxor-aswaniin-2-paivaa","status":"publish","type":"product","link":"https:\/\/hurghadalovers.com\/fi\/tours\/yksityinen-el-gouna-retket-luxor-aswaniin-2-paivaa\/","title":{"rendered":"Yksityinen El Gounan retki Luxoriin ja Assuaniin &#8211; 2 p\u00e4iv\u00e4\u00e4"},"content":{"rendered":"<p><strong>Yksityinen <\/strong><strong>El Gounan<\/strong> <strong>retki Luxoriin<\/strong> ja Assuaniin &#8211; 2 p\u00e4iv\u00e4\u00e4 yksityisell\u00e4 oppaalla, lipuilla ja lounaalla.<\/p>\n<p>Tutustu faaraoiden kuninkaiden salaisuuksiin kahden p\u00e4iv\u00e4n kiertomatkalla Luxorin ja Assuanin muinaisen kaupungin maamerkkeihin ja tutustu Egyptin muinaisen sivilisaation faktoihin ja historiaan, kuningas Tutankhamonin ja kuningas Ramses II:n salaisuuksiin ja muuhun.<\/p>\n<p><strong>Kohokohdat:<\/strong><\/p>\n<ul>\n<li>Karnakin temppeli.<\/li>\n<li>Memnonin kolossit.<\/li>\n<li>Hat\u0161epsutin hautajaistemppeli.<\/li>\n<li>3 Kuninkaiden laakson haudat .<\/li>\n<li>Philaen temppeli.<\/li>\n<li>Keskener\u00e4inen obeliski.<\/li>\n<li>Korkea pato.<\/li>\n<li>Lounas ravintolassa &#8221;Kasvisruokaa on saatavilla&#8221;.<\/li>\n<\/ul>\n<p><strong>Yksityinen <\/strong><strong>El Gouna<\/strong> <strong>Retket Luxoriin &amp; &amp; Assuaniin Yksityiskohtia:<\/strong><\/p>\n<ul>\n<li>Kiertueen saatavuus: Joka p\u00e4iv\u00e4.<\/li>\n<li>Kiertueen tyyppi: Yksityinen henkil\u00f6autolla tai tila-autolla.<\/li>\n<li>Noutoaika: Alkaa klo 05:30.<\/li>\n<li>Pyyt\u00e4m\u00e4ll\u00e4 Hotel saada aamiaispussi kanssasi Aamulla.<\/li>\n<li>Noutoaika: 19:00.<\/li>\n<li>Py\u00f6r\u00e4tuolilla p\u00e4\u00e4see.<\/li>\n<li>Kesto: 2 p\u00e4iv\u00e4\u00e4 \/ 1 y\u00f6.<\/li>\n<\/ul>\n<p><strong>Varaa nyt ja maksa my\u00f6hemmin:<\/strong><\/p>\n<ul>\n<li>K\u00e4teist\u00e4 paikan p\u00e4\u00e4ll\u00e4 oppaalle.<\/li>\n<li>Maksu Egyptin puntina, $, \u20ac tai \u00a3.<\/li>\n<\/ul>\n<p><strong>Peruutusehdot:<\/strong><\/p>\n<ul>\n<li>peruutus enint\u00e4\u00e4n 24 tuntia etuk\u00e4teen.<\/li>\n<li>Kun joku perheest\u00e4si peruuttaa aamup\u00e4iv\u00e4n, maksat 50 % kustannuksista.<\/li>\n<\/ul>\n<p><strong>Mit\u00e4 sis\u00e4ltyy?<\/strong><\/p>\n<ul>\n<li>Kuljetus El Gounan hotelleista &#8221;Hotel pick up and drop off&#8221;.<\/li>\n<li>Kaikki verot, sis\u00e4\u00e4np\u00e4\u00e4symaksut ja k\u00e4sittelymaksut.<\/li>\n<li>Siirrot.<\/li>\n<li>Matkaopas.<\/li>\n<li>Yksi y\u00f6 hotellissa aamiaisella.<\/li>\n<li>Juomat.<\/li>\n<li>2 kertaa lounas ravintolassa.<\/li>\n<\/ul>\n<p><strong>Poikkeukset?<\/strong><\/p>\n<ul>\n<li>Juomarahat.<\/li>\n<li>Mahdolliset mainitsemattomat lis\u00e4maksut.<\/li>\n<\/ul>\n<p><strong>Hinnat:<\/strong><\/p>\n<ul>\n<li><strong>Aikuisten hinta = alkaen 280$ per henkil\u00f6<\/strong>.<\/li>\n<li>Hinta lapsille &#8221;5-12&#8221; = 50 %.<\/li>\n<li>lapsille &#8221;0-5\u2033= Ilmainen.<\/li>\n<\/ul>\n<p><strong>Arvostelut:<\/strong><\/p>\n<p>tarkista Google Map Arvostelut paras <a href=\"https:\/\/g.page\/r\/CUeYvkngP3wkEBM\/review\">matkanj\u00e4rjest\u00e4j\u00e4 Hurghada<\/a> verkossa <a href=\"https:\/\/hurghadalovers.com\/\">Hurghada<\/a> Egyptiss\u00e4.<\/p>\n<p><strong>Varaukset:<\/strong><\/p>\n<p>L\u00e4het\u00e4 hotelli + huoneen numero + valokuvapassit WhatsAppiin: <strong>+201112596434<\/strong><\/p>\n<p>Jos olet pois Egyptin Varaus nyt verkossa ja vahvistaa, kun saapuminen Hotel.<\/p>\n<p>&nbsp;<\/p>\n<p>&nbsp;<\/p>\n","protected":false},"excerpt":{"rendered":"<p><strong>Yksityinen <\/strong><strong>El Gounan<\/strong> <strong>retki Luxoriin<\/strong> ja Assuaniin &#8211; 2 p\u00e4iv\u00e4\u00e4 yksityisell\u00e4 oppaalla, lipuilla ja lounaalla. Tutustu faaraoiden kuninkaiden salaisuuksiin kahden p\u00e4iv\u00e4n kiertomatkalla<\/p>\n","protected":false},"featured_media":936448,"template":"","meta":{"_joinchat":[]},"product_brand":[],"product_cat":[36656],"product_tag":[57859,57874,57896,57845,57889,57881,57852,57866,57902,57908],"class_list":{"0":"post-394893","1":"product","2":"type-product","3":"status-publish","4":"has-post-thumbnail","6":"product_cat-kierrokset","7":"product_tag-el-gouna-kohteeseen-luxor-bussi","8":"product_tag-el-gounan-matkat-luxoriin","9":"product_tag-el-gounasta-kuninkaiden-laaksoon","10":"product_tag-el-gounasta-luxoriin-paivaretki","11":"product_tag-kuumailmapallo-el-gouna","12":"product_tag-luxorin-kierros-el-gounasta","13":"product_tag-luxorin-matka-el-gounasta","14":"product_tag-luxorin-paivaretki-el-gounasta","15":"product_tag-siirto-luxorista-el-gounaan","16":"product_tag-yksityinen-luxorin-kierros-el-gounasta","17":"tour_category-el-gounan-retket","18":"tour_category-el-gounasta-luxoriin-matkat","20":"first","21":"instock","22":"sale","23":"shipping-taxable","24":"purchasable","25":"product-type-tour"},"yoast_head":"<!-- This site is optimized with the Yoast SEO Premium plugin v26.9 (Yoast SEO v27.2) - https:\/\/yoast.com\/product\/yoast-seo-premium-wordpress\/ -->\n<title>Yksityinen El Gounan retki Luxoriin ja Assuaniin - 2 p\u00e4iv\u00e4\u00e4<\/title>\n<meta name=\"description\" content=\"Yksityinen El Gounan retki Luxoriin ja Assuaniin - 2 p\u00e4iv\u00e4\u00e4 yksityisell\u00e4 oppaalla, lipuilla ja lounaalla. Tutustu faaraoiden kuninkaiden salaisuuksiin kautta\" \/>\n<meta name=\"robots\" content=\"index, follow, max-snippet:-1, max-image-preview:large, max-video-preview:-1\" \/>\n<link rel=\"canonical\" href=\"https:\/\/hurghadalovers.com\/fi\/tours\/yksityinen-el-gouna-retket-luxor-aswaniin-2-paivaa\/\" \/>\n<meta property=\"og:locale\" content=\"fi_FI\" \/>\n<meta property=\"og:type\" content=\"article\" \/>\n<meta property=\"og:title\" content=\"Yksityinen El Gounan retki Luxoriin ja Assuaniin - 2 p\u00e4iv\u00e4\u00e4\" \/>\n<meta property=\"og:description\" content=\"Yksityinen El Gounan retki Luxoriin ja Assuaniin - 2 p\u00e4iv\u00e4\u00e4 yksityisell\u00e4 oppaalla, lipuilla ja lounaalla. Tutustu faaraoiden kuninkaiden salaisuuksiin kautta\" \/>\n<meta property=\"og:url\" content=\"https:\/\/hurghadalovers.com\/fi\/tours\/yksityinen-el-gouna-retket-luxor-aswaniin-2-paivaa\/\" \/>\n<meta property=\"og:site_name\" content=\"Hurghada Excursions &amp; Day Trips | Booking Best Prices Tours\" \/>\n<meta property=\"article:publisher\" content=\"https:\/\/www.facebook.com\/Hurghadaloversegypt\" \/>\n<meta property=\"article:modified_time\" content=\"2026-02-08T08:56:07+00:00\" \/>\n<meta property=\"og:image\" content=\"https:\/\/hurghadalovers.com\/wp-content\/uploads\/2023\/08\/Private-2-Day-Trip-to-Luxor-from-Makadi-bay-All-inclusive-2026.jpeg\" \/>\n\t<meta property=\"og:image:width\" content=\"960\" \/>\n\t<meta property=\"og:image:height\" content=\"1280\" \/>\n\t<meta property=\"og:image:type\" content=\"image\/jpeg\" \/>\n<meta name=\"twitter:card\" content=\"summary_large_image\" \/>\n<meta name=\"twitter:label1\" content=\"Hinta\" \/>\n\t<meta name=\"twitter:data1\" content=\"&euro;&nbsp;400\" \/>\n\t<meta name=\"twitter:label2\" content=\"Saatavuus\" \/>\n\t<meta name=\"twitter:data2\" content=\"Varastossa\" \/>\n<script type=\"application\/ld+json\" class=\"yoast-schema-graph\">{\"@context\":\"https:\/\/schema.org\",\"@graph\":[{\"@type\":[\"WebPage\",\"ItemPage\"],\"@id\":\"https:\/\/hurghadalovers.com\/fi\/tours\/yksityinen-el-gouna-retket-luxor-aswaniin-2-paivaa\/\",\"url\":\"https:\/\/hurghadalovers.com\/fi\/tours\/yksityinen-el-gouna-retket-luxor-aswaniin-2-paivaa\/\",\"name\":\"Yksityinen El Gounan retki Luxoriin ja Assuaniin - 2 p\u00e4iv\u00e4\u00e4\",\"isPartOf\":{\"@id\":\"https:\/\/hurghadalovers.com\/fi\/#website\"},\"primaryImageOfPage\":{\"@id\":\"https:\/\/hurghadalovers.com\/fi\/tours\/yksityinen-el-gouna-retket-luxor-aswaniin-2-paivaa\/#primaryimage\"},\"image\":{\"@id\":\"https:\/\/hurghadalovers.com\/fi\/tours\/yksityinen-el-gouna-retket-luxor-aswaniin-2-paivaa\/#primaryimage\"},\"thumbnailUrl\":\"https:\/\/hurghadalovers.com\/wp-content\/uploads\/2023\/08\/Private-2-Day-Trip-to-Luxor-from-Makadi-bay-All-inclusive-2026.jpeg\",\"datePublished\":\"2023-09-03T11:51:43+00:00\",\"dateModified\":\"2026-02-08T08:56:07+00:00\",\"description\":\"Yksityinen El Gounan retki Luxoriin ja Assuaniin - 2 p\u00e4iv\u00e4\u00e4 yksityisell\u00e4 oppaalla, lipuilla ja lounaalla. Tutustu faaraoiden kuninkaiden salaisuuksiin kautta\",\"breadcrumb\":{\"@id\":\"https:\/\/hurghadalovers.com\/fi\/tours\/yksityinen-el-gouna-retket-luxor-aswaniin-2-paivaa\/#breadcrumb\"},\"inLanguage\":\"fi\",\"potentialAction\":[{\"@type\":\"ReadAction\",\"target\":[\"https:\/\/hurghadalovers.com\/fi\/tours\/yksityinen-el-gouna-retket-luxor-aswaniin-2-paivaa\/\"]}]},{\"@type\":\"ImageObject\",\"inLanguage\":\"fi\",\"@id\":\"https:\/\/hurghadalovers.com\/fi\/tours\/yksityinen-el-gouna-retket-luxor-aswaniin-2-paivaa\/#primaryimage\",\"url\":\"https:\/\/hurghadalovers.com\/wp-content\/uploads\/2023\/08\/Private-2-Day-Trip-to-Luxor-from-Makadi-bay-All-inclusive-2026.jpeg\",\"contentUrl\":\"https:\/\/hurghadalovers.com\/wp-content\/uploads\/2023\/08\/Private-2-Day-Trip-to-Luxor-from-Makadi-bay-All-inclusive-2026.jpeg\",\"width\":960,\"height\":1280,\"caption\":\"Private 2 Day Trip to Luxor from Makadi bay All inclusive 2026\"},{\"@type\":\"BreadcrumbList\",\"@id\":\"https:\/\/hurghadalovers.com\/fi\/tours\/yksityinen-el-gouna-retket-luxor-aswaniin-2-paivaa\/#breadcrumb\",\"itemListElement\":[{\"@type\":\"ListItem\",\"position\":1,\"name\":\"Home\",\"item\":\"https:\/\/hurghadalovers.com\/fi\/\"},{\"@type\":\"ListItem\",\"position\":2,\"name\":\"Shop\",\"item\":\"https:\/\/hurghadalovers.com\/fi\/shop-3\/\"},{\"@type\":\"ListItem\",\"position\":3,\"name\":\"Yksityinen El Gounan retki Luxoriin ja Assuaniin &#8211; 2 p\u00e4iv\u00e4\u00e4\"}]},{\"@type\":\"WebSite\",\"@id\":\"https:\/\/hurghadalovers.com\/fi\/#website\",\"url\":\"https:\/\/hurghadalovers.com\/fi\/\",\"name\":\"Hurghada Excursions & Day Trips | Booking Best Prices Tours\",\"description\":\"Hurghada Lovers - Best Tour Operator - Excursions &amp; Things to do for Family Day Trips with kids and Couples Romantic. Unique .Hidden gems\",\"publisher\":{\"@id\":\"https:\/\/hurghadalovers.com\/fi\/#organization\"},\"alternateName\":\"Hurghada Excursions\",\"potentialAction\":[{\"@type\":\"SearchAction\",\"target\":{\"@type\":\"EntryPoint\",\"urlTemplate\":\"https:\/\/hurghadalovers.com\/fi\/?s={search_term_string}\"},\"query-input\":{\"@type\":\"PropertyValueSpecification\",\"valueRequired\":true,\"valueName\":\"search_term_string\"}}],\"inLanguage\":\"fi\"},{\"@type\":[\"Organization\",\"Place\",\"TravelAgency\"],\"@id\":\"https:\/\/hurghadalovers.com\/fi\/#organization\",\"name\":\"Hurghada Excursions\",\"url\":\"https:\/\/hurghadalovers.com\/fi\/\",\"logo\":{\"@id\":\"https:\/\/hurghadalovers.com\/fi\/tours\/yksityinen-el-gouna-retket-luxor-aswaniin-2-paivaa\/#local-main-organization-logo\"},\"image\":{\"@id\":\"https:\/\/hurghadalovers.com\/fi\/tours\/yksityinen-el-gouna-retket-luxor-aswaniin-2-paivaa\/#local-main-organization-logo\"},\"sameAs\":[\"https:\/\/www.facebook.com\/Hurghadaloversegypt\"],\"address\":{\"@id\":\"https:\/\/hurghadalovers.com\/fi\/tours\/yksityinen-el-gouna-retket-luxor-aswaniin-2-paivaa\/#local-main-place-address\"},\"telephone\":[\"00201112596434\"],\"contactPoint\":{\"@type\":\"ContactPoint\",\"telephone\":\"00201112596434\",\"email\":\"weyouface@gmail.com\"},\"openingHoursSpecification\":{\"@type\":\"OpeningHoursSpecification\",\"dayOfWeek\":[\"Monday\",\"Tuesday\",\"Wednesday\",\"Thursday\",\"Friday\",\"Saturday\",\"Sunday\"],\"opens\":\"00:00\",\"closes\":\"23:59\"},\"email\":\"weyouface@gmail.com\",\"areaServed\":\"Luxor, Hurghada, El Gouna, Aswan, Sharm El Sheikh, Giza, Alexandria, Marsa Alam, Quseir, Soma Bay, Sahl Hasheesh, Red Sea, Makadi Bay, Cairo\",\"priceRange\":\"$\",\"currenciesAccepted\":\"euro\",\"paymentAccepted\":\"cash on site\"},{\"@type\":\"PostalAddress\",\"@id\":\"https:\/\/hurghadalovers.com\/fi\/tours\/yksityinen-el-gouna-retket-luxor-aswaniin-2-paivaa\/#local-main-place-address\",\"streetAddress\":\"17 Banks street, Alkawther area, top nbk bank\",\"addressLocality\":\"hurghada\",\"postalCode\":\"84511\",\"addressRegion\":\"red sea\",\"addressCountry\":\"EG\"},{\"@type\":\"ImageObject\",\"inLanguage\":\"fi\",\"@id\":\"https:\/\/hurghadalovers.com\/fi\/tours\/yksityinen-el-gouna-retket-luxor-aswaniin-2-paivaa\/#local-main-organization-logo\",\"url\":\"https:\/\/hurghadalovers.com\/wp-content\/uploads\/2019\/10\/hurghada-excursions-logo.png\",\"contentUrl\":\"https:\/\/hurghadalovers.com\/wp-content\/uploads\/2019\/10\/hurghada-excursions-logo.png\",\"width\":272,\"height\":90,\"caption\":\"Hurghada Excursions\"}]}<\/script>\n<meta property=\"product:brand\" content=\"El Gouna Retket\" \/>\n<meta property=\"product:price:amount\" content=\"400\" \/>\n<meta property=\"product:price:currency\" content=\"EUR\" \/>\n<meta property=\"og:availability\" content=\"instock\" \/>\n<meta property=\"product:availability\" content=\"instock\" \/>\n<meta property=\"product:retailer_item_id\" content=\"Gouna482024\" \/>\n<meta property=\"product:condition\" content=\"new\" \/>\n<meta name=\"geo.placename\" content=\"hurghada\" \/>\n<meta name=\"geo.region\" content=\"Egypti\" \/>\n<!-- \/ Yoast SEO Premium plugin. -->","yoast_head_json":{"title":"Yksityinen El Gounan retki Luxoriin ja Assuaniin - 2 p\u00e4iv\u00e4\u00e4","description":"Yksityinen El Gounan retki Luxoriin ja Assuaniin - 2 p\u00e4iv\u00e4\u00e4 yksityisell\u00e4 oppaalla, lipuilla ja lounaalla. Tutustu faaraoiden kuninkaiden salaisuuksiin kautta","robots":{"index":"index","follow":"follow","max-snippet":"max-snippet:-1","max-image-preview":"max-image-preview:large","max-video-preview":"max-video-preview:-1"},"canonical":"https:\/\/hurghadalovers.com\/fi\/tours\/yksityinen-el-gouna-retket-luxor-aswaniin-2-paivaa\/","og_locale":"fi_FI","og_type":"article","og_title":"Yksityinen El Gounan retki Luxoriin ja Assuaniin - 2 p\u00e4iv\u00e4\u00e4","og_description":"Yksityinen El Gounan retki Luxoriin ja Assuaniin - 2 p\u00e4iv\u00e4\u00e4 yksityisell\u00e4 oppaalla, lipuilla ja lounaalla. Tutustu faaraoiden kuninkaiden salaisuuksiin kautta","og_url":"https:\/\/hurghadalovers.com\/fi\/tours\/yksityinen-el-gouna-retket-luxor-aswaniin-2-paivaa\/","og_site_name":"Hurghada Excursions &amp; Day Trips | Booking Best Prices Tours","article_publisher":"https:\/\/www.facebook.com\/Hurghadaloversegypt","article_modified_time":"2026-02-08T08:56:07+00:00","og_image":[{"width":960,"height":1280,"url":"https:\/\/hurghadalovers.com\/wp-content\/uploads\/2023\/08\/Private-2-Day-Trip-to-Luxor-from-Makadi-bay-All-inclusive-2026.jpeg","type":"image\/jpeg"}],"twitter_card":"summary_large_image","twitter_misc":{"Hinta":"&euro;&nbsp;400","Saatavuus":"Varastossa"},"schema":{"@context":"https:\/\/schema.org","@graph":[{"@type":["WebPage","ItemPage"],"@id":"https:\/\/hurghadalovers.com\/fi\/tours\/yksityinen-el-gouna-retket-luxor-aswaniin-2-paivaa\/","url":"https:\/\/hurghadalovers.com\/fi\/tours\/yksityinen-el-gouna-retket-luxor-aswaniin-2-paivaa\/","name":"Yksityinen El Gounan retki Luxoriin ja Assuaniin - 2 p\u00e4iv\u00e4\u00e4","isPartOf":{"@id":"https:\/\/hurghadalovers.com\/fi\/#website"},"primaryImageOfPage":{"@id":"https:\/\/hurghadalovers.com\/fi\/tours\/yksityinen-el-gouna-retket-luxor-aswaniin-2-paivaa\/#primaryimage"},"image":{"@id":"https:\/\/hurghadalovers.com\/fi\/tours\/yksityinen-el-gouna-retket-luxor-aswaniin-2-paivaa\/#primaryimage"},"thumbnailUrl":"https:\/\/hurghadalovers.com\/wp-content\/uploads\/2023\/08\/Private-2-Day-Trip-to-Luxor-from-Makadi-bay-All-inclusive-2026.jpeg","datePublished":"2023-09-03T11:51:43+00:00","dateModified":"2026-02-08T08:56:07+00:00","description":"Yksityinen El Gounan retki Luxoriin ja Assuaniin - 2 p\u00e4iv\u00e4\u00e4 yksityisell\u00e4 oppaalla, lipuilla ja lounaalla. Tutustu faaraoiden kuninkaiden salaisuuksiin kautta","breadcrumb":{"@id":"https:\/\/hurghadalovers.com\/fi\/tours\/yksityinen-el-gouna-retket-luxor-aswaniin-2-paivaa\/#breadcrumb"},"inLanguage":"fi","potentialAction":[{"@type":"ReadAction","target":["https:\/\/hurghadalovers.com\/fi\/tours\/yksityinen-el-gouna-retket-luxor-aswaniin-2-paivaa\/"]}]},{"@type":"ImageObject","inLanguage":"fi","@id":"https:\/\/hurghadalovers.com\/fi\/tours\/yksityinen-el-gouna-retket-luxor-aswaniin-2-paivaa\/#primaryimage","url":"https:\/\/hurghadalovers.com\/wp-content\/uploads\/2023\/08\/Private-2-Day-Trip-to-Luxor-from-Makadi-bay-All-inclusive-2026.jpeg","contentUrl":"https:\/\/hurghadalovers.com\/wp-content\/uploads\/2023\/08\/Private-2-Day-Trip-to-Luxor-from-Makadi-bay-All-inclusive-2026.jpeg","width":960,"height":1280,"caption":"Private 2 Day Trip to Luxor from Makadi bay All inclusive 2026"},{"@type":"BreadcrumbList","@id":"https:\/\/hurghadalovers.com\/fi\/tours\/yksityinen-el-gouna-retket-luxor-aswaniin-2-paivaa\/#breadcrumb","itemListElement":[{"@type":"ListItem","position":1,"name":"Home","item":"https:\/\/hurghadalovers.com\/fi\/"},{"@type":"ListItem","position":2,"name":"Shop","item":"https:\/\/hurghadalovers.com\/fi\/shop-3\/"},{"@type":"ListItem","position":3,"name":"Yksityinen El Gounan retki Luxoriin ja Assuaniin &#8211; 2 p\u00e4iv\u00e4\u00e4"}]},{"@type":"WebSite","@id":"https:\/\/hurghadalovers.com\/fi\/#website","url":"https:\/\/hurghadalovers.com\/fi\/","name":"Hurghada Excursions & Day Trips | Booking Best Prices Tours","description":"Hurghada Lovers - Best Tour Operator - Excursions &amp; Things to do for Family Day Trips with kids and Couples Romantic. Unique .Hidden gems","publisher":{"@id":"https:\/\/hurghadalovers.com\/fi\/#organization"},"alternateName":"Hurghada Excursions","potentialAction":[{"@type":"SearchAction","target":{"@type":"EntryPoint","urlTemplate":"https:\/\/hurghadalovers.com\/fi\/?s={search_term_string}"},"query-input":{"@type":"PropertyValueSpecification","valueRequired":true,"valueName":"search_term_string"}}],"inLanguage":"fi"},{"@type":["Organization","Place","TravelAgency"],"@id":"https:\/\/hurghadalovers.com\/fi\/#organization","name":"Hurghada Excursions","url":"https:\/\/hurghadalovers.com\/fi\/","logo":{"@id":"https:\/\/hurghadalovers.com\/fi\/tours\/yksityinen-el-gouna-retket-luxor-aswaniin-2-paivaa\/#local-main-organization-logo"},"image":{"@id":"https:\/\/hurghadalovers.com\/fi\/tours\/yksityinen-el-gouna-retket-luxor-aswaniin-2-paivaa\/#local-main-organization-logo"},"sameAs":["https:\/\/www.facebook.com\/Hurghadaloversegypt"],"address":{"@id":"https:\/\/hurghadalovers.com\/fi\/tours\/yksityinen-el-gouna-retket-luxor-aswaniin-2-paivaa\/#local-main-place-address"},"telephone":["00201112596434"],"contactPoint":{"@type":"ContactPoint","telephone":"00201112596434","email":"weyouface@gmail.com"},"openingHoursSpecification":{"@type":"OpeningHoursSpecification","dayOfWeek":["Monday","Tuesday","Wednesday","Thursday","Friday","Saturday","Sunday"],"opens":"00:00","closes":"23:59"},"email":"weyouface@gmail.com","areaServed":"Luxor, Hurghada, El Gouna, Aswan, Sharm El Sheikh, Giza, Alexandria, Marsa Alam, Quseir, Soma Bay, Sahl Hasheesh, Red Sea, Makadi Bay, Cairo","priceRange":"$","currenciesAccepted":"euro","paymentAccepted":"cash on site"},{"@type":"PostalAddress","@id":"https:\/\/hurghadalovers.com\/fi\/tours\/yksityinen-el-gouna-retket-luxor-aswaniin-2-paivaa\/#local-main-place-address","streetAddress":"17 Banks street, Alkawther area, top nbk bank","addressLocality":"hurghada","postalCode":"84511","addressRegion":"red sea","addressCountry":"EG"},{"@type":"ImageObject","inLanguage":"fi","@id":"https:\/\/hurghadalovers.com\/fi\/tours\/yksityinen-el-gouna-retket-luxor-aswaniin-2-paivaa\/#local-main-organization-logo","url":"https:\/\/hurghadalovers.com\/wp-content\/uploads\/2019\/10\/hurghada-excursions-logo.png","contentUrl":"https:\/\/hurghadalovers.com\/wp-content\/uploads\/2019\/10\/hurghada-excursions-logo.png","width":272,"height":90,"caption":"Hurghada Excursions"}]},"product_brand":"El Gouna Retket","product_price_amount":"400","product_price_currency":"EUR","og_availability":"instock","product_availability":"instock","product_retailer_item_id":"Gouna482024","product_condition":"new","geo.placename":"hurghada","geo.region":"Egypti"},"_links":{"self":[{"href":"https:\/\/hurghadalovers.com\/fi\/wp-json\/wp\/v2\/product\/394893","targetHints":{"allow":["GET"]}}],"collection":[{"href":"https:\/\/hurghadalovers.com\/fi\/wp-json\/wp\/v2\/product"}],"about":[{"href":"https:\/\/hurghadalovers.com\/fi\/wp-json\/wp\/v2\/types\/product"}],"wp:featuredmedia":[{"embeddable":true,"href":"https:\/\/hurghadalovers.com\/fi\/wp-json\/wp\/v2\/media\/936448"}],"wp:attachment":[{"href":"https:\/\/hurghadalovers.com\/fi\/wp-json\/wp\/v2\/media?parent=394893"}],"wp:term":[{"taxonomy":"product_brand","embeddable":true,"href":"https:\/\/hurghadalovers.com\/fi\/wp-json\/wp\/v2\/product_brand?post=394893"},{"taxonomy":"product_cat","embeddable":true,"href":"https:\/\/hurghadalovers.com\/fi\/wp-json\/wp\/v2\/product_cat?post=394893"},{"taxonomy":"product_tag","embeddable":true,"href":"https:\/\/hurghadalovers.com\/fi\/wp-json\/wp\/v2\/product_tag?post=394893"}],"curies":[{"name":"wp","href":"https:\/\/api.w.org\/{rel}","templated":true}]}}