{"id":392566,"date":"2023-09-01T21:36:31","date_gmt":"2023-09-01T21:36:31","guid":{"rendered":"https:\/\/hurghadalovers.com\/shop\/Ei-luokiteltu\/laskuvarjohyppy-sahl-hasheesh\/"},"modified":"2026-02-09T06:33:26","modified_gmt":"2026-02-09T06:33:26","slug":"parasailing-sahl-hasheesh","status":"publish","type":"product","link":"https:\/\/hurghadalovers.com\/fi\/tours\/parasailing-sahl-hasheesh\/","title":{"rendered":"Laskuvarjohyppy Sahl Hasheesh"},"content":{"rendered":"<p><strong>Laskuvarjohyppy <\/strong><strong>Sahl Hasheesh <\/strong>| <strong>Laskuvarjohyppy<\/strong> ascensionnel | <strong>Laskuvarjohyppy Tour <\/strong><strong>Sahl Hasheesh <\/strong>| Varaus Halpa hinta vesiurheilua Transfer.<\/p>\n<p style=\"text-align: center;\"><span style=\"color: #800080;\">Parhaat <strong>adrenaliiniaktiviteetit<\/strong> &amp; <strong>seikkailumatkat<\/strong> iltap\u00e4iv\u00e4ll\u00e4<\/span><\/p>\n<p style=\"text-align: center;\"><span style=\"color: #800080;\">Parhaat hauskat matkat <strong>lapsiperheille<\/strong><\/span><\/p>\n<p style=\"text-align: center;\"><span style=\"color: #800080;\">Parasta tekemist\u00e4 Sahl Hasheeshissa <strong>romanttiselle ja pariskuntien<\/strong> h\u00e4\u00e4matkalle.<\/span><\/p>\n<p style=\"text-align: center;\"><strong>Kohokohdat:<\/strong><\/p>\n<ul>\n<li>Laskuvarjohyppy ja laskuvarjo.<\/li>\n<li>Speed Boat.<\/li>\n<li>Yksityinen kuljetus.<\/li>\n<\/ul>\n<p><strong>Laskuvarjopurjehdus <\/strong><strong>Sahl Hasheesh <\/strong><strong>Yksityiskohtia:<\/strong><\/p>\n<ul>\n<li>Kiertueen saatavuus: Joka p\u00e4iv\u00e4.<\/li>\n<li>Kiertueen tyyppi: Ryhm\u00e4.<\/li>\n<li>Noutoaika: klo 10:00 alkaen kuten haluat Varaus.<\/li>\n<li>Poiminta-aika: kuten haluat.<\/li>\n<li>Kesto: Kesto: 5-7 min Lent\u00e4\u00e4 taivaalla laskuvarjolla.<\/li>\n<\/ul>\n<p><strong>Varaa nyt ja maksa my\u00f6hemmin:<\/strong><\/p>\n<ul>\n<li>K\u00e4teist\u00e4 paikan p\u00e4\u00e4ll\u00e4 oppaalle.<\/li>\n<li>Maksu Egyptin puntina, $, \u20ac tai \u00a3.<\/li>\n<\/ul>\n<p><strong>Peruutusehdot:<\/strong><\/p>\n<ul>\n<li>peruutus enint\u00e4\u00e4n 24 tuntia etuk\u00e4teen.<\/li>\n<li>Kun joku perheest\u00e4si peruuttaa aamup\u00e4iv\u00e4n, maksat 50 % kustannuksista.<\/li>\n<\/ul>\n<p><strong>Mit\u00e4 sis\u00e4ltyy?<\/strong><\/p>\n<ul>\n<li>Kuljetus Sahl Hasheeshin hotelleista &#8221;Hotel pick up and drop off&#8221;.<\/li>\n<li>Kaikki verot, sis\u00e4\u00e4np\u00e4\u00e4symaksut ja k\u00e4sittelymaksut.<\/li>\n<li>Ratsastus laskuvarjolla.<\/li>\n<li>Kivenn\u00e4isvesi.<\/li>\n<li>Pelastusliivit.<\/li>\n<\/ul>\n<p><strong>Poikkeukset?<\/strong><\/p>\n<ul>\n<li>Juomarahat.<\/li>\n<li>Valokuvaus ja valokuvat matkaa varten.<\/li>\n<li>Mahdolliset mainitsemattomat lis\u00e4maksut.<\/li>\n<\/ul>\n<p><strong>Hinnat:<\/strong><\/p>\n<p><strong>Hinta = 30$ per henkil\u00f6 kuljetuksen kanssa<\/strong>.<\/p>\n<p><strong>Arvostelut:<\/strong><\/p>\n<p>tarkista Google Map Arvostelut paras <a href=\"https:\/\/g.page\/r\/CUeYvkngP3wkEBM\/review\">matkanj\u00e4rjest\u00e4j\u00e4 Hurghada<\/a> verkossa <a href=\"https:\/\/hurghadalovers.com\/\">Hurghada<\/a> Egyptiss\u00e4.<\/p>\n<p>&nbsp;<\/p>\n<p><strong>Varaukset:<\/strong><\/p>\n<p>L\u00e4het\u00e4 hotelli + huoneen numero + valokuvapassit WhatsAppiin: <strong>+201112596434<\/strong><\/p>\n<p>Jos olet pois Egyptin Varaus nyt verkossa ja vahvistaa, kun saapuminen Hotel.<\/p>\n<p>&nbsp;<\/p>\n<p>&nbsp;<\/p>\n","protected":false},"excerpt":{"rendered":"<p><strong>Laskuvarjohyppy <\/strong><strong>Sahl Hasheesh <\/strong>| <strong>Laskuvarjohyppy<\/strong> ascensionnel | <strong>Laskuvarjohyppy Tour <\/strong><strong>Sahl Hasheesh <\/strong>| Varaus Halpa hinta vesiurheilua Transfer.<\/p>\n<p style=\"text-align: center;\"><span style=\"color: #800080;\">Parhaat <strong>adrenaliiniaktiviteetit<\/strong> &amp; <strong>seikkailumatkat<\/strong> iltap\u00e4iv\u00e4ll\u00e4<\/span><\/p>\n<p style=\"text-align: center;\">\n","protected":false},"featured_media":484783,"template":"","meta":{"_joinchat":[]},"product_brand":[],"product_cat":[36656],"product_tag":[53739,53550,53553,53600,53591,53594,53589,53581,53742,53587,53602,53598,53585],"class_list":{"0":"post-392566","1":"product","2":"type-product","3":"status-publish","4":"has-post-thumbnail","6":"product_cat-kierrokset","7":"product_tag-bobos-sahl-hasheeshin-vesiurheilu","8":"product_tag-laskuvarjohyppy-sahl-hasheesh","9":"product_tag-laskuvarjoliito-sahl-hasheesh","10":"product_tag-lasten-aktiviteetteja-sahl-hasheeshista","11":"product_tag-romanttista-tekemista-sahl-hasheeshista-kasin","12":"product_tag-sahl-hasheesh-aktiviteetit-pariskunnille","13":"product_tag-sahl-hasheesh-paivaretket","14":"product_tag-sahl-hasheesh-retket","15":"product_tag-sahl-hasheesh-surffaus","16":"product_tag-sahl-hasheesh-toimintaa","17":"product_tag-sisatiloissa-hauskaa-toimintaa-sahl-hasheeshista","18":"product_tag-tekemista-lasten-kanssa-sahl-hasheeshista-kasin","19":"product_tag-tekemista-sahl-hasheeshissa","20":"tour_category-sahl-hasheesh-retket","21":"tour_category-tekemista-sahl-hasheeshissa","23":"first","24":"instock","25":"sale","26":"shipping-taxable","27":"purchasable","28":"product-type-tour"},"yoast_head":"<!-- This site is optimized with the Yoast SEO Premium plugin v26.9 (Yoast SEO v27.2) - https:\/\/yoast.com\/product\/yoast-seo-premium-wordpress\/ -->\n<title>Laskuvarjopurjehdus Sahl Hasheesh | Laskuvarjohyppy | Laskuvarjoliito | Laskuvarjoliito<\/title>\n<meta name=\"description\" content=\"Laskuvarjohyppy Sahl Hasheesh | Laskuvarjohyppy ascensionnel | Laskuvarjohyppy Tour | Varaus Halpa hinta vesiurheilua Transfer. Parhaat adrenaliini aktiviteetit\" \/>\n<meta name=\"robots\" content=\"index, follow, max-snippet:-1, max-image-preview:large, max-video-preview:-1\" \/>\n<link rel=\"canonical\" href=\"https:\/\/hurghadalovers.com\/fi\/tours\/parasailing-sahl-hasheesh\/\" \/>\n<meta property=\"og:locale\" content=\"fi_FI\" \/>\n<meta property=\"og:type\" content=\"article\" \/>\n<meta property=\"og:title\" content=\"Laskuvarjohyppy Sahl Hasheesh\" \/>\n<meta property=\"og:description\" content=\"Laskuvarjohyppy Sahl Hasheesh | Laskuvarjohyppy ascensionnel | Laskuvarjohyppy Tour | Varaus Halpa hinta vesiurheilua Transfer. Parhaat adrenaliini aktiviteetit\" \/>\n<meta property=\"og:url\" content=\"https:\/\/hurghadalovers.com\/fi\/tours\/parasailing-sahl-hasheesh\/\" \/>\n<meta property=\"og:site_name\" content=\"Hurghada Excursions &amp; Day Trips | Booking Best Prices Tours\" \/>\n<meta property=\"article:publisher\" content=\"https:\/\/www.facebook.com\/Hurghadaloversegypt\" \/>\n<meta property=\"article:modified_time\" content=\"2026-02-09T06:33:26+00:00\" \/>\n<meta property=\"og:image\" content=\"https:\/\/hurghadalovers.com\/wp-content\/uploads\/2023\/08\/Parasailing-Hurghada-Tour-all-inclusive-2027.jpeg\" \/>\n\t<meta property=\"og:image:width\" content=\"853\" \/>\n\t<meta property=\"og:image:height\" content=\"1280\" \/>\n\t<meta property=\"og:image:type\" content=\"image\/jpeg\" \/>\n<meta name=\"twitter:card\" content=\"summary_large_image\" \/>\n<meta name=\"twitter:label1\" content=\"Hinta\" \/>\n\t<meta name=\"twitter:data1\" content=\"&euro;&nbsp;35\" \/>\n\t<meta name=\"twitter:label2\" content=\"Saatavuus\" \/>\n\t<meta name=\"twitter:data2\" content=\"Varastossa\" \/>\n<script type=\"application\/ld+json\" class=\"yoast-schema-graph\">{\"@context\":\"https:\/\/schema.org\",\"@graph\":[{\"@type\":[\"WebPage\",\"ItemPage\"],\"@id\":\"https:\/\/hurghadalovers.com\/fi\/tours\/parasailing-sahl-hasheesh\/\",\"url\":\"https:\/\/hurghadalovers.com\/fi\/tours\/parasailing-sahl-hasheesh\/\",\"name\":\"Laskuvarjopurjehdus Sahl Hasheesh | Laskuvarjohyppy | Laskuvarjoliito | Laskuvarjoliito\",\"isPartOf\":{\"@id\":\"https:\/\/hurghadalovers.com\/fi\/#website\"},\"primaryImageOfPage\":{\"@id\":\"https:\/\/hurghadalovers.com\/fi\/tours\/parasailing-sahl-hasheesh\/#primaryimage\"},\"image\":{\"@id\":\"https:\/\/hurghadalovers.com\/fi\/tours\/parasailing-sahl-hasheesh\/#primaryimage\"},\"thumbnailUrl\":\"https:\/\/hurghadalovers.com\/wp-content\/uploads\/2023\/08\/Parasailing-Hurghada-Tour-all-inclusive-2027.jpeg\",\"datePublished\":\"2023-09-01T21:36:31+00:00\",\"dateModified\":\"2026-02-09T06:33:26+00:00\",\"description\":\"Laskuvarjohyppy Sahl Hasheesh | Laskuvarjohyppy ascensionnel | Laskuvarjohyppy Tour | Varaus Halpa hinta vesiurheilua Transfer. Parhaat adrenaliini aktiviteetit\",\"breadcrumb\":{\"@id\":\"https:\/\/hurghadalovers.com\/fi\/tours\/parasailing-sahl-hasheesh\/#breadcrumb\"},\"inLanguage\":\"fi\",\"potentialAction\":[{\"@type\":\"ReadAction\",\"target\":[\"https:\/\/hurghadalovers.com\/fi\/tours\/parasailing-sahl-hasheesh\/\"]}]},{\"@type\":\"ImageObject\",\"inLanguage\":\"fi\",\"@id\":\"https:\/\/hurghadalovers.com\/fi\/tours\/parasailing-sahl-hasheesh\/#primaryimage\",\"url\":\"https:\/\/hurghadalovers.com\/wp-content\/uploads\/2023\/08\/Parasailing-Hurghada-Tour-all-inclusive-2027.jpeg\",\"contentUrl\":\"https:\/\/hurghadalovers.com\/wp-content\/uploads\/2023\/08\/Parasailing-Hurghada-Tour-all-inclusive-2027.jpeg\",\"width\":853,\"height\":1280,\"caption\":\"Parasailing Hurghada Tour all inclusive 2027\"},{\"@type\":\"BreadcrumbList\",\"@id\":\"https:\/\/hurghadalovers.com\/fi\/tours\/parasailing-sahl-hasheesh\/#breadcrumb\",\"itemListElement\":[{\"@type\":\"ListItem\",\"position\":1,\"name\":\"Home\",\"item\":\"https:\/\/hurghadalovers.com\/fi\/\"},{\"@type\":\"ListItem\",\"position\":2,\"name\":\"Shop\",\"item\":\"https:\/\/hurghadalovers.com\/fi\/shop-3\/\"},{\"@type\":\"ListItem\",\"position\":3,\"name\":\"Laskuvarjohyppy Sahl Hasheesh\"}]},{\"@type\":\"WebSite\",\"@id\":\"https:\/\/hurghadalovers.com\/fi\/#website\",\"url\":\"https:\/\/hurghadalovers.com\/fi\/\",\"name\":\"Hurghada Excursions & Day Trips | Booking Best Prices Tours\",\"description\":\"Hurghada Lovers - Best Tour Operator - Excursions &amp; Things to do for Family Day Trips with kids and Couples Romantic. Unique .Hidden gems\",\"publisher\":{\"@id\":\"https:\/\/hurghadalovers.com\/fi\/#organization\"},\"alternateName\":\"Hurghada Excursions\",\"potentialAction\":[{\"@type\":\"SearchAction\",\"target\":{\"@type\":\"EntryPoint\",\"urlTemplate\":\"https:\/\/hurghadalovers.com\/fi\/?s={search_term_string}\"},\"query-input\":{\"@type\":\"PropertyValueSpecification\",\"valueRequired\":true,\"valueName\":\"search_term_string\"}}],\"inLanguage\":\"fi\"},{\"@type\":[\"Organization\",\"Place\",\"TravelAgency\"],\"@id\":\"https:\/\/hurghadalovers.com\/fi\/#organization\",\"name\":\"Hurghada Excursions\",\"url\":\"https:\/\/hurghadalovers.com\/fi\/\",\"logo\":{\"@id\":\"https:\/\/hurghadalovers.com\/fi\/tours\/parasailing-sahl-hasheesh\/#local-main-organization-logo\"},\"image\":{\"@id\":\"https:\/\/hurghadalovers.com\/fi\/tours\/parasailing-sahl-hasheesh\/#local-main-organization-logo\"},\"sameAs\":[\"https:\/\/www.facebook.com\/Hurghadaloversegypt\"],\"address\":{\"@id\":\"https:\/\/hurghadalovers.com\/fi\/tours\/parasailing-sahl-hasheesh\/#local-main-place-address\"},\"telephone\":[\"00201112596434\"],\"contactPoint\":{\"@type\":\"ContactPoint\",\"telephone\":\"00201112596434\",\"email\":\"weyouface@gmail.com\"},\"openingHoursSpecification\":{\"@type\":\"OpeningHoursSpecification\",\"dayOfWeek\":[\"Monday\",\"Tuesday\",\"Wednesday\",\"Thursday\",\"Friday\",\"Saturday\",\"Sunday\"],\"opens\":\"00:00\",\"closes\":\"23:59\"},\"email\":\"weyouface@gmail.com\",\"areaServed\":\"Luxor, Hurghada, El Gouna, Aswan, Sharm El Sheikh, Giza, Alexandria, Marsa Alam, Quseir, Soma Bay, Sahl Hasheesh, Red Sea, Makadi Bay, Cairo\",\"priceRange\":\"$\",\"currenciesAccepted\":\"euro\",\"paymentAccepted\":\"cash on site\"},{\"@type\":\"PostalAddress\",\"@id\":\"https:\/\/hurghadalovers.com\/fi\/tours\/parasailing-sahl-hasheesh\/#local-main-place-address\",\"streetAddress\":\"17 Banks street, Alkawther area, top nbk bank\",\"addressLocality\":\"hurghada\",\"postalCode\":\"84511\",\"addressRegion\":\"red sea\",\"addressCountry\":\"EG\"},{\"@type\":\"ImageObject\",\"inLanguage\":\"fi\",\"@id\":\"https:\/\/hurghadalovers.com\/fi\/tours\/parasailing-sahl-hasheesh\/#local-main-organization-logo\",\"url\":\"https:\/\/hurghadalovers.com\/wp-content\/uploads\/2019\/10\/hurghada-excursions-logo.png\",\"contentUrl\":\"https:\/\/hurghadalovers.com\/wp-content\/uploads\/2019\/10\/hurghada-excursions-logo.png\",\"width\":272,\"height\":90,\"caption\":\"Hurghada Excursions\"}]}<\/script>\n<meta property=\"product:brand\" content=\"Sahl Hasheesh Retket\" \/>\n<meta property=\"product:price:amount\" content=\"35\" \/>\n<meta property=\"product:price:currency\" content=\"EUR\" \/>\n<meta property=\"og:availability\" content=\"instock\" \/>\n<meta property=\"product:availability\" content=\"instock\" \/>\n<meta property=\"product:retailer_item_id\" content=\"SahlSafari202024\" \/>\n<meta property=\"product:condition\" content=\"new\" \/>\n<meta name=\"geo.placename\" content=\"hurghada\" \/>\n<meta name=\"geo.region\" content=\"Egypti\" \/>\n<!-- \/ Yoast SEO Premium plugin. -->","yoast_head_json":{"title":"Laskuvarjopurjehdus Sahl Hasheesh | Laskuvarjohyppy | Laskuvarjoliito | Laskuvarjoliito","description":"Laskuvarjohyppy Sahl Hasheesh | Laskuvarjohyppy ascensionnel | Laskuvarjohyppy Tour | Varaus Halpa hinta vesiurheilua Transfer. Parhaat adrenaliini aktiviteetit","robots":{"index":"index","follow":"follow","max-snippet":"max-snippet:-1","max-image-preview":"max-image-preview:large","max-video-preview":"max-video-preview:-1"},"canonical":"https:\/\/hurghadalovers.com\/fi\/tours\/parasailing-sahl-hasheesh\/","og_locale":"fi_FI","og_type":"article","og_title":"Laskuvarjohyppy Sahl Hasheesh","og_description":"Laskuvarjohyppy Sahl Hasheesh | Laskuvarjohyppy ascensionnel | Laskuvarjohyppy Tour | Varaus Halpa hinta vesiurheilua Transfer. Parhaat adrenaliini aktiviteetit","og_url":"https:\/\/hurghadalovers.com\/fi\/tours\/parasailing-sahl-hasheesh\/","og_site_name":"Hurghada Excursions &amp; Day Trips | Booking Best Prices Tours","article_publisher":"https:\/\/www.facebook.com\/Hurghadaloversegypt","article_modified_time":"2026-02-09T06:33:26+00:00","og_image":[{"width":853,"height":1280,"url":"https:\/\/hurghadalovers.com\/wp-content\/uploads\/2023\/08\/Parasailing-Hurghada-Tour-all-inclusive-2027.jpeg","type":"image\/jpeg"}],"twitter_card":"summary_large_image","twitter_misc":{"Hinta":"&euro;&nbsp;35","Saatavuus":"Varastossa"},"schema":{"@context":"https:\/\/schema.org","@graph":[{"@type":["WebPage","ItemPage"],"@id":"https:\/\/hurghadalovers.com\/fi\/tours\/parasailing-sahl-hasheesh\/","url":"https:\/\/hurghadalovers.com\/fi\/tours\/parasailing-sahl-hasheesh\/","name":"Laskuvarjopurjehdus Sahl Hasheesh | Laskuvarjohyppy | Laskuvarjoliito | Laskuvarjoliito","isPartOf":{"@id":"https:\/\/hurghadalovers.com\/fi\/#website"},"primaryImageOfPage":{"@id":"https:\/\/hurghadalovers.com\/fi\/tours\/parasailing-sahl-hasheesh\/#primaryimage"},"image":{"@id":"https:\/\/hurghadalovers.com\/fi\/tours\/parasailing-sahl-hasheesh\/#primaryimage"},"thumbnailUrl":"https:\/\/hurghadalovers.com\/wp-content\/uploads\/2023\/08\/Parasailing-Hurghada-Tour-all-inclusive-2027.jpeg","datePublished":"2023-09-01T21:36:31+00:00","dateModified":"2026-02-09T06:33:26+00:00","description":"Laskuvarjohyppy Sahl Hasheesh | Laskuvarjohyppy ascensionnel | Laskuvarjohyppy Tour | Varaus Halpa hinta vesiurheilua Transfer. Parhaat adrenaliini aktiviteetit","breadcrumb":{"@id":"https:\/\/hurghadalovers.com\/fi\/tours\/parasailing-sahl-hasheesh\/#breadcrumb"},"inLanguage":"fi","potentialAction":[{"@type":"ReadAction","target":["https:\/\/hurghadalovers.com\/fi\/tours\/parasailing-sahl-hasheesh\/"]}]},{"@type":"ImageObject","inLanguage":"fi","@id":"https:\/\/hurghadalovers.com\/fi\/tours\/parasailing-sahl-hasheesh\/#primaryimage","url":"https:\/\/hurghadalovers.com\/wp-content\/uploads\/2023\/08\/Parasailing-Hurghada-Tour-all-inclusive-2027.jpeg","contentUrl":"https:\/\/hurghadalovers.com\/wp-content\/uploads\/2023\/08\/Parasailing-Hurghada-Tour-all-inclusive-2027.jpeg","width":853,"height":1280,"caption":"Parasailing Hurghada Tour all inclusive 2027"},{"@type":"BreadcrumbList","@id":"https:\/\/hurghadalovers.com\/fi\/tours\/parasailing-sahl-hasheesh\/#breadcrumb","itemListElement":[{"@type":"ListItem","position":1,"name":"Home","item":"https:\/\/hurghadalovers.com\/fi\/"},{"@type":"ListItem","position":2,"name":"Shop","item":"https:\/\/hurghadalovers.com\/fi\/shop-3\/"},{"@type":"ListItem","position":3,"name":"Laskuvarjohyppy Sahl Hasheesh"}]},{"@type":"WebSite","@id":"https:\/\/hurghadalovers.com\/fi\/#website","url":"https:\/\/hurghadalovers.com\/fi\/","name":"Hurghada Excursions & Day Trips | Booking Best Prices Tours","description":"Hurghada Lovers - Best Tour Operator - Excursions &amp; Things to do for Family Day Trips with kids and Couples Romantic. Unique .Hidden gems","publisher":{"@id":"https:\/\/hurghadalovers.com\/fi\/#organization"},"alternateName":"Hurghada Excursions","potentialAction":[{"@type":"SearchAction","target":{"@type":"EntryPoint","urlTemplate":"https:\/\/hurghadalovers.com\/fi\/?s={search_term_string}"},"query-input":{"@type":"PropertyValueSpecification","valueRequired":true,"valueName":"search_term_string"}}],"inLanguage":"fi"},{"@type":["Organization","Place","TravelAgency"],"@id":"https:\/\/hurghadalovers.com\/fi\/#organization","name":"Hurghada Excursions","url":"https:\/\/hurghadalovers.com\/fi\/","logo":{"@id":"https:\/\/hurghadalovers.com\/fi\/tours\/parasailing-sahl-hasheesh\/#local-main-organization-logo"},"image":{"@id":"https:\/\/hurghadalovers.com\/fi\/tours\/parasailing-sahl-hasheesh\/#local-main-organization-logo"},"sameAs":["https:\/\/www.facebook.com\/Hurghadaloversegypt"],"address":{"@id":"https:\/\/hurghadalovers.com\/fi\/tours\/parasailing-sahl-hasheesh\/#local-main-place-address"},"telephone":["00201112596434"],"contactPoint":{"@type":"ContactPoint","telephone":"00201112596434","email":"weyouface@gmail.com"},"openingHoursSpecification":{"@type":"OpeningHoursSpecification","dayOfWeek":["Monday","Tuesday","Wednesday","Thursday","Friday","Saturday","Sunday"],"opens":"00:00","closes":"23:59"},"email":"weyouface@gmail.com","areaServed":"Luxor, Hurghada, El Gouna, Aswan, Sharm El Sheikh, Giza, Alexandria, Marsa Alam, Quseir, Soma Bay, Sahl Hasheesh, Red Sea, Makadi Bay, Cairo","priceRange":"$","currenciesAccepted":"euro","paymentAccepted":"cash on site"},{"@type":"PostalAddress","@id":"https:\/\/hurghadalovers.com\/fi\/tours\/parasailing-sahl-hasheesh\/#local-main-place-address","streetAddress":"17 Banks street, Alkawther area, top nbk bank","addressLocality":"hurghada","postalCode":"84511","addressRegion":"red sea","addressCountry":"EG"},{"@type":"ImageObject","inLanguage":"fi","@id":"https:\/\/hurghadalovers.com\/fi\/tours\/parasailing-sahl-hasheesh\/#local-main-organization-logo","url":"https:\/\/hurghadalovers.com\/wp-content\/uploads\/2019\/10\/hurghada-excursions-logo.png","contentUrl":"https:\/\/hurghadalovers.com\/wp-content\/uploads\/2019\/10\/hurghada-excursions-logo.png","width":272,"height":90,"caption":"Hurghada Excursions"}]},"product_brand":"Sahl Hasheesh Retket","product_price_amount":"35","product_price_currency":"EUR","og_availability":"instock","product_availability":"instock","product_retailer_item_id":"SahlSafari202024","product_condition":"new","geo.placename":"hurghada","geo.region":"Egypti"},"_links":{"self":[{"href":"https:\/\/hurghadalovers.com\/fi\/wp-json\/wp\/v2\/product\/392566","targetHints":{"allow":["GET"]}}],"collection":[{"href":"https:\/\/hurghadalovers.com\/fi\/wp-json\/wp\/v2\/product"}],"about":[{"href":"https:\/\/hurghadalovers.com\/fi\/wp-json\/wp\/v2\/types\/product"}],"wp:featuredmedia":[{"embeddable":true,"href":"https:\/\/hurghadalovers.com\/fi\/wp-json\/wp\/v2\/media\/484783"}],"wp:attachment":[{"href":"https:\/\/hurghadalovers.com\/fi\/wp-json\/wp\/v2\/media?parent=392566"}],"wp:term":[{"taxonomy":"product_brand","embeddable":true,"href":"https:\/\/hurghadalovers.com\/fi\/wp-json\/wp\/v2\/product_brand?post=392566"},{"taxonomy":"product_cat","embeddable":true,"href":"https:\/\/hurghadalovers.com\/fi\/wp-json\/wp\/v2\/product_cat?post=392566"},{"taxonomy":"product_tag","embeddable":true,"href":"https:\/\/hurghadalovers.com\/fi\/wp-json\/wp\/v2\/product_tag?post=392566"}],"curies":[{"name":"wp","href":"https:\/\/api.w.org\/{rel}","templated":true}]}}