{"id":392298,"date":"2023-09-01T20:53:12","date_gmt":"2023-09-01T20:56:34","guid":{"rendered":"https:\/\/hurghadalovers.com\/shop\/Ei-luokiteltu\/sahl-hasheesh-yksityinen-quad-bike-tour\/"},"modified":"2026-02-08T22:48:57","modified_gmt":"2026-02-08T22:48:57","slug":"sahl-hasheesh-private-quad-bike-tour","status":"publish","type":"product","link":"https:\/\/hurghadalovers.com\/fi\/tours\/sahl-hasheesh-private-quad-bike-tour\/","title":{"rendered":"Sahl Hasheesh Yksityinen Quad Bike Tour"},"content":{"rendered":"<p><strong>Sahl Hasheesh<\/strong> <strong>Yksityinen Quad Bike Tour<\/strong> Aavikkosafari beduiinikyl\u00e4\u00e4n ja kameliratsastus.<\/p>\n<p>Etsitk\u00f6 <strong>yksityisyytt\u00e4<\/strong> ja l\u00e4hdetk\u00f6 ainutlaatuiseen <strong>seikkailuun m\u00f6nkij\u00e4ajelulle<\/strong> aavikolla? Liity kaunein <strong>safarimatkat<\/strong> perheille ja pariskunnille ajaa 25 km aavikolla saada ulos <strong>adrenaliinia<\/strong> kunnes saavuttaa <strong>beduiinikyl\u00e4ss\u00e4<\/strong>, sitten <strong>ratsastaa kamelin<\/strong> ja oppia el\u00e4m\u00e4st\u00e4 beduiinien avulla <strong>yksityisen safari opas<\/strong>, hallita omaa aikaa ja enemm\u00e4n yksityisyytt\u00e4 ja <strong>ylellisyytt\u00e4<\/strong>.<\/p>\n<p style=\"text-align: center;\"><span style=\"color: #993300;\">Parasta tekemist\u00e4 Sahl Hasheeshissa <strong>perheyst\u00e4v\u00e4llisi\u00e4 aktiviteetteja<\/strong> &amp; <strong>romanttista<\/strong> ja <strong>pariskuntien h\u00e4\u00e4matkaa<\/strong> varten<\/span><\/p>\n<p>&nbsp;<\/p>\n<p><strong>Kohokohdat:<\/strong><\/p>\n<ol>\n<li>M\u00f6nkij\u00e4ajelu.<\/li>\n<li>Kameliratsastus.<\/li>\n<li>Beduiinikyl\u00e4.<\/li>\n<\/ol>\n<p><strong>Yksityinen Quad Bike Tour Yksityiskohdat:<\/strong><\/p>\n<ul>\n<li>Kiertueen saatavuus: Joka p\u00e4iv\u00e4.<\/li>\n<li>Kiertueen tyyppi: Ryhm\u00e4.<\/li>\n<li>Noutoaika: Aloitus klo 08:00 tai iltap\u00e4iv\u00e4ll\u00e4 klo 14:00 alkaen.<\/li>\n<li>Noutoaika: 11:45 A.M. TAI auringonlaskun aika.<\/li>\n<li>Kesto: Kesto: 3 h.<\/li>\n<\/ul>\n<p><strong>Varaa nyt ja maksa my\u00f6hemmin:<\/strong><\/p>\n<ul>\n<li>K\u00e4teist\u00e4 paikan p\u00e4\u00e4ll\u00e4 oppaalle.<\/li>\n<li>Maksu Egyptin puntina, $, \u20ac tai \u00a3.<\/li>\n<\/ul>\n<p><strong>Peruutusehdot:<\/strong><\/p>\n<ul>\n<li>peruutus enint\u00e4\u00e4n 24 tuntia etuk\u00e4teen.<\/li>\n<li>Kun joku perheest\u00e4si peruuttaa aamup\u00e4iv\u00e4n, maksat 50 % kustannuksista.<\/li>\n<\/ul>\n<p><strong>Mit\u00e4 sis\u00e4ltyy?<\/strong><\/p>\n<ul>\n<li>Kuljetus Sahl Hasheeshin hotelleista &#8221;Hotel pick up and drop off&#8221;.<\/li>\n<li>Kaikki verot, sis\u00e4\u00e4np\u00e4\u00e4symaksut ja k\u00e4sittelymaksut.<\/li>\n<li>Siirrot.<\/li>\n<li>Matkaopas.<\/li>\n<li>Kyp\u00e4r\u00e4.<\/li>\n<\/ul>\n<p><strong>Poikkeukset?<\/strong><\/p>\n<ul>\n<li>Huivi<\/li>\n<li>Suojalasit<\/li>\n<li>Juomarahat.<\/li>\n<li>Valokuvaus matkaa varten.<\/li>\n<li>Mahdolliset mainitsemattomat lis\u00e4maksut.<\/li>\n<\/ul>\n<p><strong>Yksityinen Quad Bike Tour Hinnat:<\/strong><\/p>\n<ul>\n<li><strong>Aikuisten hinta = 40$ per henkil\u00f6<\/strong>.<\/li>\n<\/ul>\n<p><strong>Arvostelut:<\/strong><\/p>\n<p>tarkista Google Map Arvostelut paras <a href=\"https:\/\/g.page\/r\/CUeYvkngP3wkEBM\/review\">matkanj\u00e4rjest\u00e4j\u00e4 Hurghada<\/a> verkossa <a href=\"https:\/\/hurghadalovers.com\/\">Hurghada<\/a> Egyptiss\u00e4.<\/p>\n<p><strong>Varaukset:<\/strong><\/p>\n<p>L\u00e4het\u00e4 hotelli + huoneen numero + valokuvapassit WhatsAppiin: <strong>+201112596434<\/strong><\/p>\n<p>Jos olet pois Egyptin Varaus nyt verkossa ja vahvistaa, kun saapuminen Hotel.<\/p>\n<p><span style=\"color: #ff0000;\">&#8212;&#8212; | &#8212;&#8212;&#8212;&#8212;&#8211; | &#8212;&#8212;&#8212;-<\/span><\/p>\n<p>&nbsp;<\/p>\n<p>Tarkista meid\u00e4n <a href=\"https:\/\/hurghadalovers.com\/tour-category\/sahl-hasheesh-tours\/\"><strong>Sahl Hasheesh retket<\/strong><\/a> &#8211; <a href=\"https:\/\/hurghadalovers.com\/tour-category\/safari-sahl-hasheesh\/\"><strong>Quad Tour from Sahl Hasheesh<\/strong><\/a>:<\/p>\n<ul>\n<li><a href=\"https:\/\/hurghadalovers.com\/tours\/sahl-hasheesh-morning-quad-biking-tour\/\">Sahl Hasheesh Aamun Quad-py\u00f6r\u00e4ilyretki<\/a><\/li>\n<li><a href=\"https:\/\/hurghadalovers.com\/tours\/sahl-hasheesh-sunset-quad-biking-tour\/\">Sahl Hasheeshin auringonlaskun Quad-py\u00f6r\u00e4ilyretki<\/a><\/li>\n<li><a href=\"https:\/\/hurghadalovers.com\/tours\/sahl-hasheesh-super-jeep-safari-trip\/\">Sahl Hasheesh Super Jeep Safari Matka<\/a><\/li>\n<li><a href=\"https:\/\/hurghadalovers.com\/tours\/sahl-hasheesh-desert-safaris-with-kids\/\"><strong>Sahl Hasheesh aavikkosafarit lasten kanssa<\/strong><\/a><\/li>\n<li><a href=\"https:\/\/hurghadalovers.com\/tours\/cheap-quad-biking-tours-from-sahl-hasheesh-2hr\/\">Halvat Quad Biking retket Sahl Hasheeshista<\/a> &#8211; 2hr<\/li>\n<li><a href=\"https:\/\/hurghadalovers.com\/tours\/sunset-buggy-tour-from-sahl-hasheesh\/\">Auringonlaskun Buggy Tour alkaen Sahl Hasheesh<\/a><\/li>\n<li><a href=\"https:\/\/hurghadalovers.com\/tours\/morning-buggy-tour-from-sahl-hasheesh\/\">Aamulla Buggy Tour alkaen Sahl Hasheesh<\/a><\/li>\n<li><a href=\"https:\/\/hurghadalovers.com\/tours\/morning-jeep-safari-trip-from-sahl-hasheesh\/\">Aamuinen jeeppisafarimatka Sahl Hasheeshista k\u00e4sin<\/a><\/li>\n<li><a href=\"https:\/\/hurghadalovers.com\/tours\/sahl-hasheesh-private-jeep-safari-trip\/\">Sahl Hasheeshin yksityinen jeeppisafarimatka<\/a><\/li>\n<li>Sahl Hasheesh Yksityinen Quad Bike Tour<\/li>\n<\/ul>\n<p><a href=\"https:\/\/hurghadalovers.com\/tour-category\/things-to-do-in-sahl-hasheesh\/\"><strong>Tekemist\u00e4 Sahl Hasheeshissa<\/strong><\/a><\/p>\n<p><a href=\"https:\/\/hurghadalovers.com\/tours\/parasailing-sahl-hasheesh\/\">Laskuvarjohyppy Sahl Hasheesh<\/a><\/p>\n","protected":false},"excerpt":{"rendered":"<p><strong>Sahl Hasheesh<\/strong> <strong>Yksityinen Quad Bike Tour<\/strong> Aavikkosafari beduiinikyl\u00e4\u00e4n ja kameliratsastus. Etsitk\u00f6 <strong>yksityisyytt\u00e4<\/strong> ja l\u00e4hdetk\u00f6 ainutlaatuiseen <strong>seikkailuun m\u00f6nkij\u00e4ajelulle<\/strong>?<\/p>\n","protected":false},"featured_media":935396,"template":"","meta":{"_joinchat":[]},"product_brand":[],"product_cat":[36656],"product_tag":[49815,49832,49845,49850,49841,49780,49785,49775,49828,49790,49824,49836,49820,49811,49806,49795,49849,49800],"class_list":{"0":"post-392298","1":"product","2":"type-product","3":"status-publish","4":"has-post-thumbnail","6":"product_cat-kierrokset","7":"product_tag-aavikkosafari-sahl-hasheesh","8":"product_tag-atv-sahl-hasheesh-fi","9":"product_tag-beduiinikyla-sahl-hasheesh","10":"product_tag-buggy-tour-sahl-hasheesh-fi","11":"product_tag-kameliratsastus-sahl-hasheesh","12":"product_tag-paikkoja-vierailla-sahl-hasheeshissa","13":"product_tag-paivaretket-sahl-hasheeshista","14":"product_tag-paivaretkia-sahl-hasheeshista","15":"product_tag-quad-pyoraily-sahl-hasheesh","16":"product_tag-romanttista-toimintaa-pariskunnille-sahl-hasheeshissa","17":"product_tag-safari-sahara-sahl-hasheesh-fi","18":"product_tag-safari-tour-sahl-hasheesh-fi","19":"product_tag-sahl-hasheesh-buggy-safari-fi","20":"product_tag-sahl-hasheesh-lapsiystavalliset-retket","21":"product_tag-sahl-hasheesh-perheystavalliset-aktiviteetit","22":"product_tag-sisatiloissa-tapahtuva-pariskunta-aktiviteetti-sahl-hasheeshissa","23":"product_tag-star-gazing-sahl-hasheesh-fi","24":"product_tag-toimintaa-2-vuotiaille-alkaen-sahl-hasheesh","25":"tour_category-quad-tour-alkaen-sahl-hasheesh","26":"tour_category-sahl-hasheesh-retket","28":"first","29":"instock","30":"sale","31":"shipping-taxable","32":"purchasable","33":"product-type-tour"},"yoast_head":"<!-- This site is optimized with the Yoast SEO Premium plugin v26.9 (Yoast SEO v27.2) - https:\/\/yoast.com\/product\/yoast-seo-premium-wordpress\/ -->\n<title>Sahl Hasheesh Yksityinen Quad Bike Tour<\/title>\n<meta name=\"description\" content=\"Sahl Hasheesh Yksityinen Quad Bike Tour Aavikkosafari beduiinikyl\u00e4\u00e4n ja kameliratsastus. Etsitk\u00f6 yksityisyytt\u00e4 ja l\u00e4hdetk\u00f6 ainutlaatuiseen seikkailuun?\" \/>\n<meta name=\"robots\" content=\"index, follow, max-snippet:-1, max-image-preview:large, max-video-preview:-1\" \/>\n<link rel=\"canonical\" href=\"https:\/\/hurghadalovers.com\/fi\/tours\/sahl-hasheesh-private-quad-bike-tour\/\" \/>\n<meta property=\"og:locale\" content=\"fi_FI\" \/>\n<meta property=\"og:type\" content=\"article\" \/>\n<meta property=\"og:title\" content=\"Sahl Hasheesh Yksityinen Quad Bike Tour\" \/>\n<meta property=\"og:description\" content=\"Sahl Hasheesh Yksityinen Quad Bike Tour Aavikkosafari beduiinikyl\u00e4\u00e4n ja kameliratsastus. Etsitk\u00f6 yksityisyytt\u00e4 ja l\u00e4hdetk\u00f6 ainutlaatuiseen seikkailuun?\" \/>\n<meta property=\"og:url\" content=\"https:\/\/hurghadalovers.com\/fi\/tours\/sahl-hasheesh-private-quad-bike-tour\/\" \/>\n<meta property=\"og:site_name\" content=\"Hurghada Excursions &amp; Day Trips | Booking Best Prices Tours\" \/>\n<meta property=\"article:publisher\" content=\"https:\/\/www.facebook.com\/Hurghadaloversegypt\" \/>\n<meta property=\"article:modified_time\" content=\"2026-02-08T22:48:57+00:00\" \/>\n<meta property=\"og:image\" content=\"https:\/\/hurghadalovers.com\/wp-content\/uploads\/2023\/08\/Super-Jeep-Safari-Trip-from-Soma-bay-2026.jpeg\" \/>\n\t<meta property=\"og:image:width\" content=\"1156\" \/>\n\t<meta property=\"og:image:height\" content=\"521\" \/>\n\t<meta property=\"og:image:type\" content=\"image\/jpeg\" \/>\n<meta name=\"twitter:card\" content=\"summary_large_image\" \/>\n<meta name=\"twitter:label1\" content=\"Hinta\" \/>\n\t<meta name=\"twitter:data1\" content=\"&euro;&nbsp;40\" \/>\n\t<meta name=\"twitter:label2\" content=\"Saatavuus\" \/>\n\t<meta name=\"twitter:data2\" content=\"Varastossa\" \/>\n<script type=\"application\/ld+json\" class=\"yoast-schema-graph\">{\"@context\":\"https:\/\/schema.org\",\"@graph\":[{\"@type\":[\"WebPage\",\"ItemPage\"],\"@id\":\"https:\/\/hurghadalovers.com\/fi\/tours\/sahl-hasheesh-private-quad-bike-tour\/\",\"url\":\"https:\/\/hurghadalovers.com\/fi\/tours\/sahl-hasheesh-private-quad-bike-tour\/\",\"name\":\"Sahl Hasheesh Yksityinen Quad Bike Tour\",\"isPartOf\":{\"@id\":\"https:\/\/hurghadalovers.com\/fi\/#website\"},\"primaryImageOfPage\":{\"@id\":\"https:\/\/hurghadalovers.com\/fi\/tours\/sahl-hasheesh-private-quad-bike-tour\/#primaryimage\"},\"image\":{\"@id\":\"https:\/\/hurghadalovers.com\/fi\/tours\/sahl-hasheesh-private-quad-bike-tour\/#primaryimage\"},\"thumbnailUrl\":\"https:\/\/hurghadalovers.com\/wp-content\/uploads\/2023\/08\/Super-Jeep-Safari-Trip-from-Soma-bay-2026.jpeg\",\"datePublished\":\"2023-09-01T20:56:34+00:00\",\"dateModified\":\"2026-02-08T22:48:57+00:00\",\"description\":\"Sahl Hasheesh Yksityinen Quad Bike Tour Aavikkosafari beduiinikyl\u00e4\u00e4n ja kameliratsastus. Etsitk\u00f6 yksityisyytt\u00e4 ja l\u00e4hdetk\u00f6 ainutlaatuiseen seikkailuun?\",\"breadcrumb\":{\"@id\":\"https:\/\/hurghadalovers.com\/fi\/tours\/sahl-hasheesh-private-quad-bike-tour\/#breadcrumb\"},\"inLanguage\":\"fi\",\"potentialAction\":[{\"@type\":\"ReadAction\",\"target\":[\"https:\/\/hurghadalovers.com\/fi\/tours\/sahl-hasheesh-private-quad-bike-tour\/\"]}]},{\"@type\":\"ImageObject\",\"inLanguage\":\"fi\",\"@id\":\"https:\/\/hurghadalovers.com\/fi\/tours\/sahl-hasheesh-private-quad-bike-tour\/#primaryimage\",\"url\":\"https:\/\/hurghadalovers.com\/wp-content\/uploads\/2023\/08\/Super-Jeep-Safari-Trip-from-Soma-bay-2026.jpeg\",\"contentUrl\":\"https:\/\/hurghadalovers.com\/wp-content\/uploads\/2023\/08\/Super-Jeep-Safari-Trip-from-Soma-bay-2026.jpeg\",\"width\":1156,\"height\":521,\"caption\":\"Private Soma bay Quad Bike Tour\"},{\"@type\":\"BreadcrumbList\",\"@id\":\"https:\/\/hurghadalovers.com\/fi\/tours\/sahl-hasheesh-private-quad-bike-tour\/#breadcrumb\",\"itemListElement\":[{\"@type\":\"ListItem\",\"position\":1,\"name\":\"Home\",\"item\":\"https:\/\/hurghadalovers.com\/fi\/\"},{\"@type\":\"ListItem\",\"position\":2,\"name\":\"Shop\",\"item\":\"https:\/\/hurghadalovers.com\/fi\/shop-3\/\"},{\"@type\":\"ListItem\",\"position\":3,\"name\":\"Sahl Hasheesh Yksityinen Quad Bike Tour\"}]},{\"@type\":\"WebSite\",\"@id\":\"https:\/\/hurghadalovers.com\/fi\/#website\",\"url\":\"https:\/\/hurghadalovers.com\/fi\/\",\"name\":\"Hurghada Excursions & Day Trips | Booking Best Prices Tours\",\"description\":\"Hurghada Lovers - Best Tour Operator - Excursions &amp; Things to do for Family Day Trips with kids and Couples Romantic. Unique .Hidden gems\",\"publisher\":{\"@id\":\"https:\/\/hurghadalovers.com\/fi\/#organization\"},\"alternateName\":\"Hurghada Excursions\",\"potentialAction\":[{\"@type\":\"SearchAction\",\"target\":{\"@type\":\"EntryPoint\",\"urlTemplate\":\"https:\/\/hurghadalovers.com\/fi\/?s={search_term_string}\"},\"query-input\":{\"@type\":\"PropertyValueSpecification\",\"valueRequired\":true,\"valueName\":\"search_term_string\"}}],\"inLanguage\":\"fi\"},{\"@type\":[\"Organization\",\"Place\",\"TravelAgency\"],\"@id\":\"https:\/\/hurghadalovers.com\/fi\/#organization\",\"name\":\"Hurghada Excursions\",\"url\":\"https:\/\/hurghadalovers.com\/fi\/\",\"logo\":{\"@id\":\"https:\/\/hurghadalovers.com\/fi\/tours\/sahl-hasheesh-private-quad-bike-tour\/#local-main-organization-logo\"},\"image\":{\"@id\":\"https:\/\/hurghadalovers.com\/fi\/tours\/sahl-hasheesh-private-quad-bike-tour\/#local-main-organization-logo\"},\"sameAs\":[\"https:\/\/www.facebook.com\/Hurghadaloversegypt\"],\"address\":{\"@id\":\"https:\/\/hurghadalovers.com\/fi\/tours\/sahl-hasheesh-private-quad-bike-tour\/#local-main-place-address\"},\"telephone\":[\"00201112596434\"],\"contactPoint\":{\"@type\":\"ContactPoint\",\"telephone\":\"00201112596434\",\"email\":\"weyouface@gmail.com\"},\"openingHoursSpecification\":{\"@type\":\"OpeningHoursSpecification\",\"dayOfWeek\":[\"Monday\",\"Tuesday\",\"Wednesday\",\"Thursday\",\"Friday\",\"Saturday\",\"Sunday\"],\"opens\":\"00:00\",\"closes\":\"23:59\"},\"email\":\"weyouface@gmail.com\",\"areaServed\":\"Luxor, Hurghada, El Gouna, Aswan, Sharm El Sheikh, Giza, Alexandria, Marsa Alam, Quseir, Soma Bay, Sahl Hasheesh, Red Sea, Makadi Bay, Cairo\",\"priceRange\":\"$\",\"currenciesAccepted\":\"euro\",\"paymentAccepted\":\"cash on site\"},{\"@type\":\"PostalAddress\",\"@id\":\"https:\/\/hurghadalovers.com\/fi\/tours\/sahl-hasheesh-private-quad-bike-tour\/#local-main-place-address\",\"streetAddress\":\"17 Banks street, Alkawther area, top nbk bank\",\"addressLocality\":\"hurghada\",\"postalCode\":\"84511\",\"addressRegion\":\"red sea\",\"addressCountry\":\"EG\"},{\"@type\":\"ImageObject\",\"inLanguage\":\"fi\",\"@id\":\"https:\/\/hurghadalovers.com\/fi\/tours\/sahl-hasheesh-private-quad-bike-tour\/#local-main-organization-logo\",\"url\":\"https:\/\/hurghadalovers.com\/wp-content\/uploads\/2019\/10\/hurghada-excursions-logo.png\",\"contentUrl\":\"https:\/\/hurghadalovers.com\/wp-content\/uploads\/2019\/10\/hurghada-excursions-logo.png\",\"width\":272,\"height\":90,\"caption\":\"Hurghada Excursions\"}]}<\/script>\n<meta property=\"product:brand\" content=\"Aavikkosafariretki Sahl Hasheesh\" \/>\n<meta property=\"product:price:amount\" content=\"40\" \/>\n<meta property=\"product:price:currency\" content=\"EUR\" \/>\n<meta property=\"og:availability\" content=\"instock\" \/>\n<meta property=\"product:availability\" content=\"instock\" \/>\n<meta property=\"product:retailer_item_id\" content=\"SahlSafari062024\" \/>\n<meta property=\"product:condition\" content=\"new\" \/>\n<meta name=\"geo.placename\" content=\"hurghada\" \/>\n<meta name=\"geo.region\" content=\"Egypti\" \/>\n<!-- \/ Yoast SEO Premium plugin. -->","yoast_head_json":{"title":"Sahl Hasheesh Yksityinen Quad Bike Tour","description":"Sahl Hasheesh Yksityinen Quad Bike Tour Aavikkosafari beduiinikyl\u00e4\u00e4n ja kameliratsastus. Etsitk\u00f6 yksityisyytt\u00e4 ja l\u00e4hdetk\u00f6 ainutlaatuiseen seikkailuun?","robots":{"index":"index","follow":"follow","max-snippet":"max-snippet:-1","max-image-preview":"max-image-preview:large","max-video-preview":"max-video-preview:-1"},"canonical":"https:\/\/hurghadalovers.com\/fi\/tours\/sahl-hasheesh-private-quad-bike-tour\/","og_locale":"fi_FI","og_type":"article","og_title":"Sahl Hasheesh Yksityinen Quad Bike Tour","og_description":"Sahl Hasheesh Yksityinen Quad Bike Tour Aavikkosafari beduiinikyl\u00e4\u00e4n ja kameliratsastus. Etsitk\u00f6 yksityisyytt\u00e4 ja l\u00e4hdetk\u00f6 ainutlaatuiseen seikkailuun?","og_url":"https:\/\/hurghadalovers.com\/fi\/tours\/sahl-hasheesh-private-quad-bike-tour\/","og_site_name":"Hurghada Excursions &amp; Day Trips | Booking Best Prices Tours","article_publisher":"https:\/\/www.facebook.com\/Hurghadaloversegypt","article_modified_time":"2026-02-08T22:48:57+00:00","og_image":[{"width":1156,"height":521,"url":"https:\/\/hurghadalovers.com\/wp-content\/uploads\/2023\/08\/Super-Jeep-Safari-Trip-from-Soma-bay-2026.jpeg","type":"image\/jpeg"}],"twitter_card":"summary_large_image","twitter_misc":{"Hinta":"&euro;&nbsp;40","Saatavuus":"Varastossa"},"schema":{"@context":"https:\/\/schema.org","@graph":[{"@type":["WebPage","ItemPage"],"@id":"https:\/\/hurghadalovers.com\/fi\/tours\/sahl-hasheesh-private-quad-bike-tour\/","url":"https:\/\/hurghadalovers.com\/fi\/tours\/sahl-hasheesh-private-quad-bike-tour\/","name":"Sahl Hasheesh Yksityinen Quad Bike Tour","isPartOf":{"@id":"https:\/\/hurghadalovers.com\/fi\/#website"},"primaryImageOfPage":{"@id":"https:\/\/hurghadalovers.com\/fi\/tours\/sahl-hasheesh-private-quad-bike-tour\/#primaryimage"},"image":{"@id":"https:\/\/hurghadalovers.com\/fi\/tours\/sahl-hasheesh-private-quad-bike-tour\/#primaryimage"},"thumbnailUrl":"https:\/\/hurghadalovers.com\/wp-content\/uploads\/2023\/08\/Super-Jeep-Safari-Trip-from-Soma-bay-2026.jpeg","datePublished":"2023-09-01T20:56:34+00:00","dateModified":"2026-02-08T22:48:57+00:00","description":"Sahl Hasheesh Yksityinen Quad Bike Tour Aavikkosafari beduiinikyl\u00e4\u00e4n ja kameliratsastus. Etsitk\u00f6 yksityisyytt\u00e4 ja l\u00e4hdetk\u00f6 ainutlaatuiseen seikkailuun?","breadcrumb":{"@id":"https:\/\/hurghadalovers.com\/fi\/tours\/sahl-hasheesh-private-quad-bike-tour\/#breadcrumb"},"inLanguage":"fi","potentialAction":[{"@type":"ReadAction","target":["https:\/\/hurghadalovers.com\/fi\/tours\/sahl-hasheesh-private-quad-bike-tour\/"]}]},{"@type":"ImageObject","inLanguage":"fi","@id":"https:\/\/hurghadalovers.com\/fi\/tours\/sahl-hasheesh-private-quad-bike-tour\/#primaryimage","url":"https:\/\/hurghadalovers.com\/wp-content\/uploads\/2023\/08\/Super-Jeep-Safari-Trip-from-Soma-bay-2026.jpeg","contentUrl":"https:\/\/hurghadalovers.com\/wp-content\/uploads\/2023\/08\/Super-Jeep-Safari-Trip-from-Soma-bay-2026.jpeg","width":1156,"height":521,"caption":"Private Soma bay Quad Bike Tour"},{"@type":"BreadcrumbList","@id":"https:\/\/hurghadalovers.com\/fi\/tours\/sahl-hasheesh-private-quad-bike-tour\/#breadcrumb","itemListElement":[{"@type":"ListItem","position":1,"name":"Home","item":"https:\/\/hurghadalovers.com\/fi\/"},{"@type":"ListItem","position":2,"name":"Shop","item":"https:\/\/hurghadalovers.com\/fi\/shop-3\/"},{"@type":"ListItem","position":3,"name":"Sahl Hasheesh Yksityinen Quad Bike Tour"}]},{"@type":"WebSite","@id":"https:\/\/hurghadalovers.com\/fi\/#website","url":"https:\/\/hurghadalovers.com\/fi\/","name":"Hurghada Excursions & Day Trips | Booking Best Prices Tours","description":"Hurghada Lovers - Best Tour Operator - Excursions &amp; Things to do for Family Day Trips with kids and Couples Romantic. Unique .Hidden gems","publisher":{"@id":"https:\/\/hurghadalovers.com\/fi\/#organization"},"alternateName":"Hurghada Excursions","potentialAction":[{"@type":"SearchAction","target":{"@type":"EntryPoint","urlTemplate":"https:\/\/hurghadalovers.com\/fi\/?s={search_term_string}"},"query-input":{"@type":"PropertyValueSpecification","valueRequired":true,"valueName":"search_term_string"}}],"inLanguage":"fi"},{"@type":["Organization","Place","TravelAgency"],"@id":"https:\/\/hurghadalovers.com\/fi\/#organization","name":"Hurghada Excursions","url":"https:\/\/hurghadalovers.com\/fi\/","logo":{"@id":"https:\/\/hurghadalovers.com\/fi\/tours\/sahl-hasheesh-private-quad-bike-tour\/#local-main-organization-logo"},"image":{"@id":"https:\/\/hurghadalovers.com\/fi\/tours\/sahl-hasheesh-private-quad-bike-tour\/#local-main-organization-logo"},"sameAs":["https:\/\/www.facebook.com\/Hurghadaloversegypt"],"address":{"@id":"https:\/\/hurghadalovers.com\/fi\/tours\/sahl-hasheesh-private-quad-bike-tour\/#local-main-place-address"},"telephone":["00201112596434"],"contactPoint":{"@type":"ContactPoint","telephone":"00201112596434","email":"weyouface@gmail.com"},"openingHoursSpecification":{"@type":"OpeningHoursSpecification","dayOfWeek":["Monday","Tuesday","Wednesday","Thursday","Friday","Saturday","Sunday"],"opens":"00:00","closes":"23:59"},"email":"weyouface@gmail.com","areaServed":"Luxor, Hurghada, El Gouna, Aswan, Sharm El Sheikh, Giza, Alexandria, Marsa Alam, Quseir, Soma Bay, Sahl Hasheesh, Red Sea, Makadi Bay, Cairo","priceRange":"$","currenciesAccepted":"euro","paymentAccepted":"cash on site"},{"@type":"PostalAddress","@id":"https:\/\/hurghadalovers.com\/fi\/tours\/sahl-hasheesh-private-quad-bike-tour\/#local-main-place-address","streetAddress":"17 Banks street, Alkawther area, top nbk bank","addressLocality":"hurghada","postalCode":"84511","addressRegion":"red sea","addressCountry":"EG"},{"@type":"ImageObject","inLanguage":"fi","@id":"https:\/\/hurghadalovers.com\/fi\/tours\/sahl-hasheesh-private-quad-bike-tour\/#local-main-organization-logo","url":"https:\/\/hurghadalovers.com\/wp-content\/uploads\/2019\/10\/hurghada-excursions-logo.png","contentUrl":"https:\/\/hurghadalovers.com\/wp-content\/uploads\/2019\/10\/hurghada-excursions-logo.png","width":272,"height":90,"caption":"Hurghada Excursions"}]},"product_brand":"Aavikkosafariretki Sahl Hasheesh","product_price_amount":"40","product_price_currency":"EUR","og_availability":"instock","product_availability":"instock","product_retailer_item_id":"SahlSafari062024","product_condition":"new","geo.placename":"hurghada","geo.region":"Egypti"},"_links":{"self":[{"href":"https:\/\/hurghadalovers.com\/fi\/wp-json\/wp\/v2\/product\/392298","targetHints":{"allow":["GET"]}}],"collection":[{"href":"https:\/\/hurghadalovers.com\/fi\/wp-json\/wp\/v2\/product"}],"about":[{"href":"https:\/\/hurghadalovers.com\/fi\/wp-json\/wp\/v2\/types\/product"}],"wp:featuredmedia":[{"embeddable":true,"href":"https:\/\/hurghadalovers.com\/fi\/wp-json\/wp\/v2\/media\/935396"}],"wp:attachment":[{"href":"https:\/\/hurghadalovers.com\/fi\/wp-json\/wp\/v2\/media?parent=392298"}],"wp:term":[{"taxonomy":"product_brand","embeddable":true,"href":"https:\/\/hurghadalovers.com\/fi\/wp-json\/wp\/v2\/product_brand?post=392298"},{"taxonomy":"product_cat","embeddable":true,"href":"https:\/\/hurghadalovers.com\/fi\/wp-json\/wp\/v2\/product_cat?post=392298"},{"taxonomy":"product_tag","embeddable":true,"href":"https:\/\/hurghadalovers.com\/fi\/wp-json\/wp\/v2\/product_tag?post=392298"}],"curies":[{"name":"wp","href":"https:\/\/api.w.org\/{rel}","templated":true}]}}