{"id":391902,"date":"2023-08-31T19:50:47","date_gmt":"2023-08-31T19:52:13","guid":{"rendered":"https:\/\/hurghadalovers.com\/shop\/Ei-luokiteltu\/paivittainen-sukellusvenematka-sahl-hasheeshista-kasin\/"},"modified":"2026-02-09T14:00:33","modified_gmt":"2026-02-09T14:00:33","slug":"daily-scuba-diving-boat-trip-from-sahl-hasheesh","status":"publish","type":"product","link":"https:\/\/hurghadalovers.com\/fi\/tours\/daily-scuba-diving-boat-trip-from-sahl-hasheesh\/","title":{"rendered":"P\u00e4ivitt\u00e4inen sukellusvenematka Sahl Hasheeshista k\u00e4sin"},"content":{"rendered":"<p><strong>P\u00e4ivitt\u00e4inen sukellusvenematka <\/strong><strong>Sahl Hasheeshista<\/strong> | Sertifioidut ja ammattitaitoiset sukeltajat | lounas, juomat, sukellusvarusteet ja kuljetus.<\/p>\n<p style=\"text-align: center;\"><span style=\"color: #008080;\"><strong>Ylellinen vene<\/strong> | <strong>Ammattitaitoinen sukelluskouluttaja<\/strong> | <strong>Parhaat sukelluskohteet ja riutat<\/strong>, Punainenmeri.<\/span><\/p>\n<p><strong>Kohokohdat:<\/strong><\/p>\n<ul>\n<li>2 sukelluspys\u00e4kki\u00e4.<\/li>\n<\/ul>\n<p><strong>Yksityiskohdat:<\/strong><\/p>\n<ul>\n<li>Kiertueen saatavuus: Joka p\u00e4iv\u00e4.<\/li>\n<li>Kiertueen tyyppi: Ryhm\u00e4 tai Yksityinen.<\/li>\n<li>Noutoaika: Alkaa klo 07:30.<\/li>\n<li>Noutoaika: 16:00.<\/li>\n<li>Py\u00f6r\u00e4tuolilla p\u00e4\u00e4see.<\/li>\n<li>Kesto: Kesto: 7 h.<\/li>\n<\/ul>\n<p><strong>Varaa nyt ja maksa my\u00f6hemmin:<\/strong><\/p>\n<ul>\n<li>K\u00e4teist\u00e4 paikan p\u00e4\u00e4ll\u00e4 oppaalle.<\/li>\n<li>Maksu Egyptin puntina, $, \u20ac tai \u00a3.<\/li>\n<\/ul>\n<p><strong>Peruutusehdot:<\/strong><\/p>\n<ul>\n<li>peruutus enint\u00e4\u00e4n 24 tuntia etuk\u00e4teen.<\/li>\n<li>Kun joku perheest\u00e4si peruuttaa aamup\u00e4iv\u00e4n, maksat 50 % kustannuksista.<\/li>\n<\/ul>\n<p><strong>Mit\u00e4 sis\u00e4ltyy?<\/strong><\/p>\n<ul>\n<li>Kuljetus Sahl Hasheeshin hotelleista &#8221;Hotel pick up and drop off&#8221;.<\/li>\n<li>Kaikki verot, sis\u00e4\u00e4np\u00e4\u00e4symaksut ja k\u00e4sittelymaksut.<\/li>\n<li>Kivenn\u00e4isvesi + Cola.<\/li>\n<li>Ammattimainen sukelluskouluttaja.<\/li>\n<li>Sukellusvarusteet &amp; snorklausv\u00e4lineet &#8221;Naamarit ja uinti ev\u00e4t&#8221;.<\/li>\n<li>VIP-buffetlounas laivalla.<\/li>\n<li>Pelastusliivit.<\/li>\n<\/ul>\n<p><strong>Poikkeukset?<\/strong><\/p>\n<ul>\n<li>Juomarahat.<\/li>\n<li>Valokuvaus ja valokuvat matkaa varten.<\/li>\n<li>Tarjoamme vuokraa uimapuvut &amp; uimapuvut naisille, miehille, lapsille kaikki koko &#8221; 5$ per yksi&#8221;.<\/li>\n<li>Mahdolliset mainitsemattomat lis\u00e4maksut.<\/li>\n<li>Nitrox 12 L = 10$ p\u00e4iv\u00e4ss\u00e4<\/li>\n<li>Nitrox 15 L = 10$ p\u00e4iv\u00e4ss\u00e4<\/li>\n<li>15 litran s\u00e4ili\u00f6t (normaali ilma) = 10 dollaria p\u00e4iv\u00e4ss\u00e4.<\/li>\n<\/ul>\n<p><strong>Hinnat:<\/strong><\/p>\n<ul>\n<li><strong>Aikuisten hinta = 80$ per henkil\u00f6<\/strong>.<\/li>\n<\/ul>\n<p><strong>Arvostelut:<\/strong><\/p>\n<p>tarkista Google Map Arvostelut paras <a href=\"https:\/\/g.page\/r\/CUeYvkngP3wkEBM\/review\">matkanj\u00e4rjest\u00e4j\u00e4 Hurghada<\/a> verkossa <a href=\"https:\/\/hurghadalovers.com\/\">Hurghada<\/a> Egyptiss\u00e4.<\/p>\n<p><strong>Varaukset:<\/strong><\/p>\n<p>L\u00e4het\u00e4 hotelli + huoneen numero + valokuvapassit WhatsAppiin: <strong>+201112596434<\/strong><\/p>\n<p>Jos olet pois Egyptin Varaus nyt verkossa ja vahvistaa, kun saapuminen Hotel.<\/p>\n<p>&nbsp;<\/p>\n<p>&nbsp;<\/p>\n","protected":false},"excerpt":{"rendered":"<p><strong>P\u00e4ivitt\u00e4inen sukellusvenematka <\/strong><strong>Sahl Hasheeshista<\/strong> | Sertifioidut ja ammattitaitoiset sukeltajat | lounas, juomat, sukellusvarusteet ja kuljetus.<\/p>\n<p style=\"text-align: center;\"><span style=\"color: #008080;\"><strong>Ylellinen vene<\/strong> | <strong>Ammattitaitoinen sukelluskouluttaja<\/strong> | <strong>Parhaat sukelluskohteet ja riutat<\/strong>, Punainenmeri.<\/span><\/p>\n<p>&nbsp;<\/p>\n","protected":false},"featured_media":391807,"template":"","meta":{"_joinchat":[]},"product_brand":[],"product_cat":[36656],"product_tag":[53699,53708,53710,53696,53693,53607,53562,53591,53594,53718,53581,53587,53727,53687,53702,53712,53691,53585,53596,53705,53724,53721],"class_list":{"0":"post-391902","1":"product","2":"type-product","3":"status-publish","4":"has-post-thumbnail","6":"product_cat-kierrokset","7":"product_tag-dolphin-house-sahl-hasheesh-fi","8":"product_tag-giftunin-saari-sahl-hasheesh","9":"product_tag-merirosvolaiva-sahl-hasheesh","10":"product_tag-orange-bay-island-sahl-hasheesh-fi","11":"product_tag-paratiisisaari-sahl-hasheesh","12":"product_tag-perheaktiviteetit-sahl-hasheeshista","13":"product_tag-perhepaivia-sahl-hasheeshista","14":"product_tag-romanttista-tekemista-sahl-hasheeshista-kasin","15":"product_tag-sahl-hasheesh-aktiviteetit-pariskunnille","16":"product_tag-sahl-hasheesh-boat-charters-fi","17":"product_tag-sahl-hasheesh-retket","18":"product_tag-sahl-hasheesh-toimintaa","19":"product_tag-sahl-hasheesh-yksityinen-veneretki","20":"product_tag-sahl-hasheeshin-snorklausretket","21":"product_tag-sahl-hasheeshin-veneretket","22":"product_tag-speed-boat-sahl-hasheesh-fi","23":"product_tag-sukellus-sahl-hasheesh","24":"product_tag-tekemista-sahl-hasheeshissa","25":"product_tag-tekemista-sahl-hasheeshissa-pariskunnille","26":"product_tag-ui-delfiinien-kanssa-sahl-hasheeshissa","27":"product_tag-veneen-vuokraus-sahl-hasheesh","28":"product_tag-yksityinen-vene-sahl-hasheesh","29":"tour_category-sahl-hasheesh-retket","30":"tour_category-sahl-hasheeshin-snorklausretket","32":"first","33":"instock","34":"sale","35":"shipping-taxable","36":"purchasable","37":"product-type-tour"},"yoast_head":"<!-- This site is optimized with the Yoast SEO Premium plugin v26.9 (Yoast SEO v27.2) - https:\/\/yoast.com\/product\/yoast-seo-premium-wordpress\/ -->\n<title>P\u00e4ivitt\u00e4inen sukellusvenematka Sahl Hasheeshista | Certified<\/title>\n<meta name=\"description\" content=\"P\u00e4ivitt\u00e4inen sukellusvenematka Sahl Hasheeshista | Sertifioidut ja ammattitaitoiset sukeltajat | lounas, juomat, sukellusvarusteet ja kuljetus. Ammattimainen sukellus\" \/>\n<meta name=\"robots\" content=\"index, follow, max-snippet:-1, max-image-preview:large, max-video-preview:-1\" \/>\n<link rel=\"canonical\" href=\"https:\/\/hurghadalovers.com\/fi\/tours\/daily-scuba-diving-boat-trip-from-sahl-hasheesh\/\" \/>\n<meta property=\"og:locale\" content=\"fi_FI\" \/>\n<meta property=\"og:type\" content=\"article\" \/>\n<meta property=\"og:title\" content=\"P\u00e4ivitt\u00e4inen sukellusvenematka Sahl Hasheeshista k\u00e4sin\" \/>\n<meta property=\"og:description\" content=\"P\u00e4ivitt\u00e4inen sukellusvenematka Sahl Hasheeshista | Sertifioidut ja ammattitaitoiset sukeltajat | lounas, juomat, sukellusvarusteet ja kuljetus. Ammattimainen sukellus\" \/>\n<meta property=\"og:url\" content=\"https:\/\/hurghadalovers.com\/fi\/tours\/daily-scuba-diving-boat-trip-from-sahl-hasheesh\/\" \/>\n<meta property=\"og:site_name\" content=\"Hurghada Excursions &amp; Day Trips | Booking Best Prices Tours\" \/>\n<meta property=\"article:publisher\" content=\"https:\/\/www.facebook.com\/Hurghadaloversegypt\" \/>\n<meta property=\"article:modified_time\" content=\"2026-02-09T14:00:33+00:00\" \/>\n<meta property=\"og:image\" content=\"https:\/\/hurghadalovers.com\/wp-content\/uploads\/2023\/08\/Daily-Scuba-Diving-Boat-Trip-from-Sahl-Hasheesh.png\" \/>\n\t<meta property=\"og:image:width\" content=\"907\" \/>\n\t<meta property=\"og:image:height\" content=\"594\" \/>\n\t<meta property=\"og:image:type\" content=\"image\/png\" \/>\n<meta name=\"twitter:card\" content=\"summary_large_image\" \/>\n<meta name=\"twitter:label1\" content=\"Hinta\" \/>\n\t<meta name=\"twitter:data1\" content=\"&euro;&nbsp;80\" \/>\n\t<meta name=\"twitter:label2\" content=\"Saatavuus\" \/>\n\t<meta name=\"twitter:data2\" content=\"Varastossa\" \/>\n<script type=\"application\/ld+json\" class=\"yoast-schema-graph\">{\"@context\":\"https:\/\/schema.org\",\"@graph\":[{\"@type\":[\"WebPage\",\"ItemPage\"],\"@id\":\"https:\/\/hurghadalovers.com\/fi\/tours\/daily-scuba-diving-boat-trip-from-sahl-hasheesh\/\",\"url\":\"https:\/\/hurghadalovers.com\/fi\/tours\/daily-scuba-diving-boat-trip-from-sahl-hasheesh\/\",\"name\":\"P\u00e4ivitt\u00e4inen sukellusvenematka Sahl Hasheeshista | Certified\",\"isPartOf\":{\"@id\":\"https:\/\/hurghadalovers.com\/fi\/#website\"},\"primaryImageOfPage\":{\"@id\":\"https:\/\/hurghadalovers.com\/fi\/tours\/daily-scuba-diving-boat-trip-from-sahl-hasheesh\/#primaryimage\"},\"image\":{\"@id\":\"https:\/\/hurghadalovers.com\/fi\/tours\/daily-scuba-diving-boat-trip-from-sahl-hasheesh\/#primaryimage\"},\"thumbnailUrl\":\"https:\/\/hurghadalovers.com\/wp-content\/uploads\/2023\/08\/Daily-Scuba-Diving-Boat-Trip-from-Sahl-Hasheesh.png\",\"datePublished\":\"2023-08-31T19:52:13+00:00\",\"dateModified\":\"2026-02-09T14:00:33+00:00\",\"description\":\"P\u00e4ivitt\u00e4inen sukellusvenematka Sahl Hasheeshista | Sertifioidut ja ammattitaitoiset sukeltajat | lounas, juomat, sukellusvarusteet ja kuljetus. Ammattimainen sukellus\",\"breadcrumb\":{\"@id\":\"https:\/\/hurghadalovers.com\/fi\/tours\/daily-scuba-diving-boat-trip-from-sahl-hasheesh\/#breadcrumb\"},\"inLanguage\":\"fi\",\"potentialAction\":[{\"@type\":\"ReadAction\",\"target\":[\"https:\/\/hurghadalovers.com\/fi\/tours\/daily-scuba-diving-boat-trip-from-sahl-hasheesh\/\"]}]},{\"@type\":\"ImageObject\",\"inLanguage\":\"fi\",\"@id\":\"https:\/\/hurghadalovers.com\/fi\/tours\/daily-scuba-diving-boat-trip-from-sahl-hasheesh\/#primaryimage\",\"url\":\"https:\/\/hurghadalovers.com\/wp-content\/uploads\/2023\/08\/Daily-Scuba-Diving-Boat-Trip-from-Sahl-Hasheesh.png\",\"contentUrl\":\"https:\/\/hurghadalovers.com\/wp-content\/uploads\/2023\/08\/Daily-Scuba-Diving-Boat-Trip-from-Sahl-Hasheesh.png\",\"width\":907,\"height\":594,\"caption\":\"Daily Scuba Diving Boat Trip from\u00a0Sahl Hasheesh | Certified\"},{\"@type\":\"BreadcrumbList\",\"@id\":\"https:\/\/hurghadalovers.com\/fi\/tours\/daily-scuba-diving-boat-trip-from-sahl-hasheesh\/#breadcrumb\",\"itemListElement\":[{\"@type\":\"ListItem\",\"position\":1,\"name\":\"Home\",\"item\":\"https:\/\/hurghadalovers.com\/fi\/\"},{\"@type\":\"ListItem\",\"position\":2,\"name\":\"Shop\",\"item\":\"https:\/\/hurghadalovers.com\/fi\/shop-3\/\"},{\"@type\":\"ListItem\",\"position\":3,\"name\":\"P\u00e4ivitt\u00e4inen sukellusvenematka Sahl Hasheeshista k\u00e4sin\"}]},{\"@type\":\"WebSite\",\"@id\":\"https:\/\/hurghadalovers.com\/fi\/#website\",\"url\":\"https:\/\/hurghadalovers.com\/fi\/\",\"name\":\"Hurghada Excursions & Day Trips | Booking Best Prices Tours\",\"description\":\"Hurghada Lovers - Best Tour Operator - Excursions &amp; Things to do for Family Day Trips with kids and Couples Romantic. Unique .Hidden gems\",\"publisher\":{\"@id\":\"https:\/\/hurghadalovers.com\/fi\/#organization\"},\"alternateName\":\"Hurghada Excursions\",\"potentialAction\":[{\"@type\":\"SearchAction\",\"target\":{\"@type\":\"EntryPoint\",\"urlTemplate\":\"https:\/\/hurghadalovers.com\/fi\/?s={search_term_string}\"},\"query-input\":{\"@type\":\"PropertyValueSpecification\",\"valueRequired\":true,\"valueName\":\"search_term_string\"}}],\"inLanguage\":\"fi\"},{\"@type\":[\"Organization\",\"Place\",\"TravelAgency\"],\"@id\":\"https:\/\/hurghadalovers.com\/fi\/#organization\",\"name\":\"Hurghada Excursions\",\"url\":\"https:\/\/hurghadalovers.com\/fi\/\",\"logo\":{\"@id\":\"https:\/\/hurghadalovers.com\/fi\/tours\/daily-scuba-diving-boat-trip-from-sahl-hasheesh\/#local-main-organization-logo\"},\"image\":{\"@id\":\"https:\/\/hurghadalovers.com\/fi\/tours\/daily-scuba-diving-boat-trip-from-sahl-hasheesh\/#local-main-organization-logo\"},\"sameAs\":[\"https:\/\/www.facebook.com\/Hurghadaloversegypt\"],\"address\":{\"@id\":\"https:\/\/hurghadalovers.com\/fi\/tours\/daily-scuba-diving-boat-trip-from-sahl-hasheesh\/#local-main-place-address\"},\"telephone\":[\"00201112596434\"],\"contactPoint\":{\"@type\":\"ContactPoint\",\"telephone\":\"00201112596434\",\"email\":\"weyouface@gmail.com\"},\"openingHoursSpecification\":{\"@type\":\"OpeningHoursSpecification\",\"dayOfWeek\":[\"Monday\",\"Tuesday\",\"Wednesday\",\"Thursday\",\"Friday\",\"Saturday\",\"Sunday\"],\"opens\":\"00:00\",\"closes\":\"23:59\"},\"email\":\"weyouface@gmail.com\",\"areaServed\":\"Luxor, Hurghada, El Gouna, Aswan, Sharm El Sheikh, Giza, Alexandria, Marsa Alam, Quseir, Soma Bay, Sahl Hasheesh, Red Sea, Makadi Bay, Cairo\",\"priceRange\":\"$\",\"currenciesAccepted\":\"euro\",\"paymentAccepted\":\"cash on site\"},{\"@type\":\"PostalAddress\",\"@id\":\"https:\/\/hurghadalovers.com\/fi\/tours\/daily-scuba-diving-boat-trip-from-sahl-hasheesh\/#local-main-place-address\",\"streetAddress\":\"17 Banks street, Alkawther area, top nbk bank\",\"addressLocality\":\"hurghada\",\"postalCode\":\"84511\",\"addressRegion\":\"red sea\",\"addressCountry\":\"EG\"},{\"@type\":\"ImageObject\",\"inLanguage\":\"fi\",\"@id\":\"https:\/\/hurghadalovers.com\/fi\/tours\/daily-scuba-diving-boat-trip-from-sahl-hasheesh\/#local-main-organization-logo\",\"url\":\"https:\/\/hurghadalovers.com\/wp-content\/uploads\/2019\/10\/hurghada-excursions-logo.png\",\"contentUrl\":\"https:\/\/hurghadalovers.com\/wp-content\/uploads\/2019\/10\/hurghada-excursions-logo.png\",\"width\":272,\"height\":90,\"caption\":\"Hurghada Excursions\"}]}<\/script>\n<meta property=\"product:brand\" content=\"Sahl Hasheesh Retket\" \/>\n<meta property=\"product:price:amount\" content=\"80\" \/>\n<meta property=\"product:price:currency\" content=\"EUR\" \/>\n<meta property=\"og:availability\" content=\"instock\" \/>\n<meta property=\"product:availability\" content=\"instock\" \/>\n<meta property=\"product:retailer_item_id\" content=\"Sahl512024\" \/>\n<meta property=\"product:condition\" content=\"new\" \/>\n<meta name=\"geo.placename\" content=\"hurghada\" \/>\n<meta name=\"geo.region\" content=\"Egypti\" \/>\n<!-- \/ Yoast SEO Premium plugin. -->","yoast_head_json":{"title":"P\u00e4ivitt\u00e4inen sukellusvenematka Sahl Hasheeshista | Certified","description":"P\u00e4ivitt\u00e4inen sukellusvenematka Sahl Hasheeshista | Sertifioidut ja ammattitaitoiset sukeltajat | lounas, juomat, sukellusvarusteet ja kuljetus. Ammattimainen sukellus","robots":{"index":"index","follow":"follow","max-snippet":"max-snippet:-1","max-image-preview":"max-image-preview:large","max-video-preview":"max-video-preview:-1"},"canonical":"https:\/\/hurghadalovers.com\/fi\/tours\/daily-scuba-diving-boat-trip-from-sahl-hasheesh\/","og_locale":"fi_FI","og_type":"article","og_title":"P\u00e4ivitt\u00e4inen sukellusvenematka Sahl Hasheeshista k\u00e4sin","og_description":"P\u00e4ivitt\u00e4inen sukellusvenematka Sahl Hasheeshista | Sertifioidut ja ammattitaitoiset sukeltajat | lounas, juomat, sukellusvarusteet ja kuljetus. Ammattimainen sukellus","og_url":"https:\/\/hurghadalovers.com\/fi\/tours\/daily-scuba-diving-boat-trip-from-sahl-hasheesh\/","og_site_name":"Hurghada Excursions &amp; Day Trips | Booking Best Prices Tours","article_publisher":"https:\/\/www.facebook.com\/Hurghadaloversegypt","article_modified_time":"2026-02-09T14:00:33+00:00","og_image":[{"width":907,"height":594,"url":"https:\/\/hurghadalovers.com\/wp-content\/uploads\/2023\/08\/Daily-Scuba-Diving-Boat-Trip-from-Sahl-Hasheesh.png","type":"image\/png"}],"twitter_card":"summary_large_image","twitter_misc":{"Hinta":"&euro;&nbsp;80","Saatavuus":"Varastossa"},"schema":{"@context":"https:\/\/schema.org","@graph":[{"@type":["WebPage","ItemPage"],"@id":"https:\/\/hurghadalovers.com\/fi\/tours\/daily-scuba-diving-boat-trip-from-sahl-hasheesh\/","url":"https:\/\/hurghadalovers.com\/fi\/tours\/daily-scuba-diving-boat-trip-from-sahl-hasheesh\/","name":"P\u00e4ivitt\u00e4inen sukellusvenematka Sahl Hasheeshista | Certified","isPartOf":{"@id":"https:\/\/hurghadalovers.com\/fi\/#website"},"primaryImageOfPage":{"@id":"https:\/\/hurghadalovers.com\/fi\/tours\/daily-scuba-diving-boat-trip-from-sahl-hasheesh\/#primaryimage"},"image":{"@id":"https:\/\/hurghadalovers.com\/fi\/tours\/daily-scuba-diving-boat-trip-from-sahl-hasheesh\/#primaryimage"},"thumbnailUrl":"https:\/\/hurghadalovers.com\/wp-content\/uploads\/2023\/08\/Daily-Scuba-Diving-Boat-Trip-from-Sahl-Hasheesh.png","datePublished":"2023-08-31T19:52:13+00:00","dateModified":"2026-02-09T14:00:33+00:00","description":"P\u00e4ivitt\u00e4inen sukellusvenematka Sahl Hasheeshista | Sertifioidut ja ammattitaitoiset sukeltajat | lounas, juomat, sukellusvarusteet ja kuljetus. Ammattimainen sukellus","breadcrumb":{"@id":"https:\/\/hurghadalovers.com\/fi\/tours\/daily-scuba-diving-boat-trip-from-sahl-hasheesh\/#breadcrumb"},"inLanguage":"fi","potentialAction":[{"@type":"ReadAction","target":["https:\/\/hurghadalovers.com\/fi\/tours\/daily-scuba-diving-boat-trip-from-sahl-hasheesh\/"]}]},{"@type":"ImageObject","inLanguage":"fi","@id":"https:\/\/hurghadalovers.com\/fi\/tours\/daily-scuba-diving-boat-trip-from-sahl-hasheesh\/#primaryimage","url":"https:\/\/hurghadalovers.com\/wp-content\/uploads\/2023\/08\/Daily-Scuba-Diving-Boat-Trip-from-Sahl-Hasheesh.png","contentUrl":"https:\/\/hurghadalovers.com\/wp-content\/uploads\/2023\/08\/Daily-Scuba-Diving-Boat-Trip-from-Sahl-Hasheesh.png","width":907,"height":594,"caption":"Daily Scuba Diving Boat Trip from\u00a0Sahl Hasheesh | Certified"},{"@type":"BreadcrumbList","@id":"https:\/\/hurghadalovers.com\/fi\/tours\/daily-scuba-diving-boat-trip-from-sahl-hasheesh\/#breadcrumb","itemListElement":[{"@type":"ListItem","position":1,"name":"Home","item":"https:\/\/hurghadalovers.com\/fi\/"},{"@type":"ListItem","position":2,"name":"Shop","item":"https:\/\/hurghadalovers.com\/fi\/shop-3\/"},{"@type":"ListItem","position":3,"name":"P\u00e4ivitt\u00e4inen sukellusvenematka Sahl Hasheeshista k\u00e4sin"}]},{"@type":"WebSite","@id":"https:\/\/hurghadalovers.com\/fi\/#website","url":"https:\/\/hurghadalovers.com\/fi\/","name":"Hurghada Excursions & Day Trips | Booking Best Prices Tours","description":"Hurghada Lovers - Best Tour Operator - Excursions &amp; Things to do for Family Day Trips with kids and Couples Romantic. Unique .Hidden gems","publisher":{"@id":"https:\/\/hurghadalovers.com\/fi\/#organization"},"alternateName":"Hurghada Excursions","potentialAction":[{"@type":"SearchAction","target":{"@type":"EntryPoint","urlTemplate":"https:\/\/hurghadalovers.com\/fi\/?s={search_term_string}"},"query-input":{"@type":"PropertyValueSpecification","valueRequired":true,"valueName":"search_term_string"}}],"inLanguage":"fi"},{"@type":["Organization","Place","TravelAgency"],"@id":"https:\/\/hurghadalovers.com\/fi\/#organization","name":"Hurghada Excursions","url":"https:\/\/hurghadalovers.com\/fi\/","logo":{"@id":"https:\/\/hurghadalovers.com\/fi\/tours\/daily-scuba-diving-boat-trip-from-sahl-hasheesh\/#local-main-organization-logo"},"image":{"@id":"https:\/\/hurghadalovers.com\/fi\/tours\/daily-scuba-diving-boat-trip-from-sahl-hasheesh\/#local-main-organization-logo"},"sameAs":["https:\/\/www.facebook.com\/Hurghadaloversegypt"],"address":{"@id":"https:\/\/hurghadalovers.com\/fi\/tours\/daily-scuba-diving-boat-trip-from-sahl-hasheesh\/#local-main-place-address"},"telephone":["00201112596434"],"contactPoint":{"@type":"ContactPoint","telephone":"00201112596434","email":"weyouface@gmail.com"},"openingHoursSpecification":{"@type":"OpeningHoursSpecification","dayOfWeek":["Monday","Tuesday","Wednesday","Thursday","Friday","Saturday","Sunday"],"opens":"00:00","closes":"23:59"},"email":"weyouface@gmail.com","areaServed":"Luxor, Hurghada, El Gouna, Aswan, Sharm El Sheikh, Giza, Alexandria, Marsa Alam, Quseir, Soma Bay, Sahl Hasheesh, Red Sea, Makadi Bay, Cairo","priceRange":"$","currenciesAccepted":"euro","paymentAccepted":"cash on site"},{"@type":"PostalAddress","@id":"https:\/\/hurghadalovers.com\/fi\/tours\/daily-scuba-diving-boat-trip-from-sahl-hasheesh\/#local-main-place-address","streetAddress":"17 Banks street, Alkawther area, top nbk bank","addressLocality":"hurghada","postalCode":"84511","addressRegion":"red sea","addressCountry":"EG"},{"@type":"ImageObject","inLanguage":"fi","@id":"https:\/\/hurghadalovers.com\/fi\/tours\/daily-scuba-diving-boat-trip-from-sahl-hasheesh\/#local-main-organization-logo","url":"https:\/\/hurghadalovers.com\/wp-content\/uploads\/2019\/10\/hurghada-excursions-logo.png","contentUrl":"https:\/\/hurghadalovers.com\/wp-content\/uploads\/2019\/10\/hurghada-excursions-logo.png","width":272,"height":90,"caption":"Hurghada Excursions"}]},"product_brand":"Sahl Hasheesh Retket","product_price_amount":"80","product_price_currency":"EUR","og_availability":"instock","product_availability":"instock","product_retailer_item_id":"Sahl512024","product_condition":"new","geo.placename":"hurghada","geo.region":"Egypti"},"_links":{"self":[{"href":"https:\/\/hurghadalovers.com\/fi\/wp-json\/wp\/v2\/product\/391902","targetHints":{"allow":["GET"]}}],"collection":[{"href":"https:\/\/hurghadalovers.com\/fi\/wp-json\/wp\/v2\/product"}],"about":[{"href":"https:\/\/hurghadalovers.com\/fi\/wp-json\/wp\/v2\/types\/product"}],"wp:featuredmedia":[{"embeddable":true,"href":"https:\/\/hurghadalovers.com\/fi\/wp-json\/wp\/v2\/media\/391807"}],"wp:attachment":[{"href":"https:\/\/hurghadalovers.com\/fi\/wp-json\/wp\/v2\/media?parent=391902"}],"wp:term":[{"taxonomy":"product_brand","embeddable":true,"href":"https:\/\/hurghadalovers.com\/fi\/wp-json\/wp\/v2\/product_brand?post=391902"},{"taxonomy":"product_cat","embeddable":true,"href":"https:\/\/hurghadalovers.com\/fi\/wp-json\/wp\/v2\/product_cat?post=391902"},{"taxonomy":"product_tag","embeddable":true,"href":"https:\/\/hurghadalovers.com\/fi\/wp-json\/wp\/v2\/product_tag?post=391902"}],"curies":[{"name":"wp","href":"https:\/\/api.w.org\/{rel}","templated":true}]}}