{"id":391054,"date":"2023-08-31T14:46:52","date_gmt":"2023-08-31T14:51:25","guid":{"rendered":"https:\/\/hurghadalovers.com\/shop\/Ei-luokiteltu\/yksityinen-paivaretki-sahl-hasheeshista-abu-simbeliin-ja-assuaniin-2-paivaa\/"},"modified":"2026-02-09T09:31:34","modified_gmt":"2026-02-09T09:31:34","slug":"yksityinen-paivaretki-sahl-hasheesh-abu-simbel-aswan-2-paivaa","status":"publish","type":"product","link":"https:\/\/hurghadalovers.com\/fi\/tours\/yksityinen-paivaretki-sahl-hasheesh-abu-simbel-aswan-2-paivaa\/","title":{"rendered":"Yksityinen p\u00e4iv\u00e4retki Sahl Hasheeshista Abu Simbeliin ja Assuaniin &#8211; 2 p\u00e4iv\u00e4\u00e4"},"content":{"rendered":"<p><strong>Yksityinen p\u00e4iv\u00e4retki <\/strong><strong>Sahl Hasheeshista<\/strong> <strong>Abu Simbeliin<\/strong> ja Assuaniin &#8211; 2 p\u00e4iv\u00e4\u00e4 yksityisell\u00e4 oppaalla, lipuilla ja lounaalla.<\/p>\n<p>Tutustu <strong>kuningas Ramesses II:<\/strong>n, yhden kuuluisimman faaraoiden kuninkaan, salaisuuksiin ja vieraile t\u00e4rkeimmiss\u00e4 historiallisissa temppeleiss\u00e4 l\u00f6yt\u00e4\u00e4ksesi uusia faktoja muinaisen Egyptin <strong>faaraoiden sivilisaatiosta<\/strong>.<\/p>\n<p><strong>Kohokohdat:<\/strong><\/p>\n<ul>\n<li>Philaen temppelikompleksi.<\/li>\n<li>Keskener\u00e4inen obeliski.<\/li>\n<li>Korkea pato.<\/li>\n<li>Abu Simbelin temppelit.<\/li>\n<li>Lounas ravintolassa &#8221;Kasvisruokaa on saatavilla&#8221;.<\/li>\n<\/ul>\n<p><strong>Yksityinen p\u00e4iv\u00e4retki alkaen <\/strong><strong>Sahl Hasheesh<\/strong> <strong>Abu Simbeliin Yksityiskohdat:<\/strong><\/p>\n<ul>\n<li>Kiertueen saatavuus: Joka p\u00e4iv\u00e4.<\/li>\n<li>Kiertueen tyyppi: Yksityinen henkil\u00f6autolla tai tila-autolla.<\/li>\n<li>Noutoaika: Alkaa klo 05:30.<\/li>\n<li>Pyyt\u00e4m\u00e4ll\u00e4 Hotel saada aamiaispussi kanssasi Aamulla.<\/li>\n<li>Noutoaika: 19:00.<\/li>\n<li>Py\u00f6r\u00e4tuolilla p\u00e4\u00e4see.<\/li>\n<li>Kesto: 2 p\u00e4iv\u00e4\u00e4 \/ 1 y\u00f6.<\/li>\n<\/ul>\n<p><strong>Varaa nyt ja maksa my\u00f6hemmin:<\/strong><\/p>\n<ul>\n<li>K\u00e4teist\u00e4 paikan p\u00e4\u00e4ll\u00e4 oppaalle.<\/li>\n<li>Maksu Egyptin puntina, $, \u20ac tai \u00a3.<\/li>\n<\/ul>\n<p><strong>Peruutusehdot:<\/strong><\/p>\n<ul>\n<li>peruutus enint\u00e4\u00e4n 24 tuntia etuk\u00e4teen.<\/li>\n<li>Kun joku perheest\u00e4si peruuttaa aamup\u00e4iv\u00e4n, maksat 50 % kustannuksista.<\/li>\n<\/ul>\n<p><strong>Mit\u00e4 sis\u00e4ltyy?<\/strong><\/p>\n<ul>\n<li>Kuljetus Sahl Hasheeshin hotelleista &#8221;Hotel pick up and drop off&#8221;.<\/li>\n<li>Kaikki verot, sis\u00e4\u00e4np\u00e4\u00e4symaksut ja k\u00e4sittelymaksut.<\/li>\n<li>Siirrot.<\/li>\n<li>Matkaopas.<\/li>\n<li>Yksi y\u00f6 hotellissa aamiaisella.<\/li>\n<li>Juomat.<\/li>\n<li>2 kertaa lounas ravintolassa.<\/li>\n<\/ul>\n<p><strong>Poikkeukset?<\/strong><\/p>\n<ul>\n<li>Juomarahat.<\/li>\n<li>Mahdolliset mainitsemattomat lis\u00e4maksut.<\/li>\n<\/ul>\n<p><strong>Hinnat:<\/strong><\/p>\n<ul>\n<li><strong>Aikuisten hinta = alkaen 300$ per henkil\u00f6<\/strong>.<\/li>\n<li>Hinta lapsille &#8221;5-12&#8221; = 50 %.<\/li>\n<li>lapsille &#8221;0-5\u2033= Ilmainen.<\/li>\n<\/ul>\n<p><strong>Arvostelut:<\/strong><\/p>\n<p>tarkista Google Map Arvostelut paras <a href=\"https:\/\/g.page\/r\/CUeYvkngP3wkEBM\/review\">matkanj\u00e4rjest\u00e4j\u00e4 Hurghada<\/a> verkossa <a href=\"https:\/\/hurghadalovers.com\/\">Hurghada<\/a> Egyptiss\u00e4.<\/p>\n<p><strong>Varaukset:<\/strong><\/p>\n<p>L\u00e4het\u00e4 hotelli + huoneen numero + valokuvapassit WhatsAppiin: <strong>+201112596434<\/strong><\/p>\n<p>Jos olet pois Egyptin Varaus nyt verkossa ja vahvistaa, kun saapuminen Hotel.<\/p>\n<p>&nbsp;<\/p>\n<p>&nbsp;<\/p>\n","protected":false},"excerpt":{"rendered":"<p><strong>Yksityinen p\u00e4iv\u00e4retki <\/strong><strong>Sahl Hasheeshista<\/strong> <strong>Abu Simbeliin<\/strong> ja Assuaniin &#8211; 2 p\u00e4iv\u00e4\u00e4 yksityisell\u00e4 oppaalla, lipuilla ja lounaalla. Tutustu <strong>kuningas Ramesses II:<\/strong>n salaisuuksiin, joka oli yksi kuuluisimmista faaraoiden kuninkaista.<\/p>\n","protected":false},"featured_media":390922,"template":"","meta":{"_joinchat":[]},"product_brand":[],"product_cat":[36656],"product_tag":[53684,53672,53659,53667,53639,53655,53663,53669,53678,53675,53647,49475,53681],"class_list":{"0":"post-391054","1":"product","2":"type-product","3":"status-publish","4":"has-post-thumbnail","6":"product_cat-kierrokset","7":"product_tag-kuumailmapallo-sahl-hasheesh","8":"product_tag-luxor-tour-alkaen-sahl-hasheesh","9":"product_tag-luxorin-matka-sahl-hasheeshista","10":"product_tag-luxorin-paivaretki-sahl-hasheeshista","11":"product_tag-perheen-hauskoja-paikkoja-sahl-hasheeshista-kasin","12":"product_tag-sahl-hasheesh-ja-luxor-paivaretki","13":"product_tag-sahl-hasheesh-kohteeseen-luxor-bussi","14":"product_tag-sahl-hasheesh-matkat-luxoriin","15":"product_tag-sahl-hasheeshista-kuninkaiden-laaksoon","16":"product_tag-siirto-luxorista-sahl-hasheeshiin","17":"product_tag-tekemista-sahl-hasheeshin-pikkulasten-kanssa","18":"product_tag-things-to-do-with-family-from-sahl-hasheesh","19":"product_tag-yksityinen-luxorin-kiertoajelu-sahl-hasheeshista-kasin","20":"tour_category-sahl-hasheesh-ja-luxor-matkat","21":"tour_category-sahl-hasheesh-retket","23":"first","24":"instock","25":"sale","26":"shipping-taxable","27":"purchasable","28":"product-type-tour"},"yoast_head":"<!-- This site is optimized with the Yoast SEO Premium plugin v26.9 (Yoast SEO v27.2) - https:\/\/yoast.com\/product\/yoast-seo-premium-wordpress\/ -->\n<title>Yksityinen p\u00e4iv\u00e4retki Sahl Hasheeshista Abu Simbeliin ja Assuaniin<\/title>\n<meta name=\"description\" content=\"Yksityinen p\u00e4iv\u00e4retki Sahl Hasheeshista Abu Simbeliin ja Assuaniin - 2 p\u00e4iv\u00e4\u00e4 yksityisell\u00e4 oppaalla, lipuilla ja lounaalla. Tutustu kuningas Ramesses II:n salaisuuksiin...\" \/>\n<meta name=\"robots\" content=\"index, follow, max-snippet:-1, max-image-preview:large, max-video-preview:-1\" \/>\n<link rel=\"canonical\" href=\"https:\/\/hurghadalovers.com\/fi\/tours\/yksityinen-paivaretki-sahl-hasheesh-abu-simbel-aswan-2-paivaa\/\" \/>\n<meta property=\"og:locale\" content=\"fi_FI\" \/>\n<meta property=\"og:type\" content=\"article\" \/>\n<meta property=\"og:title\" content=\"Yksityinen p\u00e4iv\u00e4retki Sahl Hasheeshista Abu Simbeliin ja Assuaniin - 2 p\u00e4iv\u00e4\u00e4\" \/>\n<meta property=\"og:description\" content=\"Yksityinen p\u00e4iv\u00e4retki Sahl Hasheeshista Abu Simbeliin ja Assuaniin - 2 p\u00e4iv\u00e4\u00e4 yksityisell\u00e4 oppaalla, lipuilla ja lounaalla. Tutustu kuningas Ramesses II:n salaisuuksiin...\" \/>\n<meta property=\"og:url\" content=\"https:\/\/hurghadalovers.com\/fi\/tours\/yksityinen-paivaretki-sahl-hasheesh-abu-simbel-aswan-2-paivaa\/\" \/>\n<meta property=\"og:site_name\" content=\"Hurghada Excursions &amp; Day Trips | Booking Best Prices Tours\" \/>\n<meta property=\"article:publisher\" content=\"https:\/\/www.facebook.com\/Hurghadaloversegypt\" \/>\n<meta property=\"article:modified_time\" content=\"2026-02-09T09:31:34+00:00\" \/>\n<meta property=\"og:image\" content=\"https:\/\/hurghadalovers.com\/wp-content\/uploads\/2023\/08\/Private-Day-Trip-from-Sahl-Hasheesh-to-Abu-Simbel.jpeg\" \/>\n\t<meta property=\"og:image:width\" content=\"1536\" \/>\n\t<meta property=\"og:image:height\" content=\"928\" \/>\n\t<meta property=\"og:image:type\" content=\"image\/jpeg\" \/>\n<meta name=\"twitter:card\" content=\"summary_large_image\" \/>\n<meta name=\"twitter:label1\" content=\"Hinta\" \/>\n\t<meta name=\"twitter:data1\" content=\"&euro;&nbsp;350\" \/>\n\t<meta name=\"twitter:label2\" content=\"Saatavuus\" \/>\n\t<meta name=\"twitter:data2\" content=\"Varastossa\" \/>\n<script type=\"application\/ld+json\" class=\"yoast-schema-graph\">{\"@context\":\"https:\/\/schema.org\",\"@graph\":[{\"@type\":[\"WebPage\",\"ItemPage\"],\"@id\":\"https:\/\/hurghadalovers.com\/fi\/tours\/yksityinen-paivaretki-sahl-hasheesh-abu-simbel-aswan-2-paivaa\/\",\"url\":\"https:\/\/hurghadalovers.com\/fi\/tours\/yksityinen-paivaretki-sahl-hasheesh-abu-simbel-aswan-2-paivaa\/\",\"name\":\"Yksityinen p\u00e4iv\u00e4retki Sahl Hasheeshista Abu Simbeliin ja Assuaniin\",\"isPartOf\":{\"@id\":\"https:\/\/hurghadalovers.com\/fi\/#website\"},\"primaryImageOfPage\":{\"@id\":\"https:\/\/hurghadalovers.com\/fi\/tours\/yksityinen-paivaretki-sahl-hasheesh-abu-simbel-aswan-2-paivaa\/#primaryimage\"},\"image\":{\"@id\":\"https:\/\/hurghadalovers.com\/fi\/tours\/yksityinen-paivaretki-sahl-hasheesh-abu-simbel-aswan-2-paivaa\/#primaryimage\"},\"thumbnailUrl\":\"https:\/\/hurghadalovers.com\/wp-content\/uploads\/2023\/08\/Private-Day-Trip-from-Sahl-Hasheesh-to-Abu-Simbel.jpeg\",\"datePublished\":\"2023-08-31T14:51:25+00:00\",\"dateModified\":\"2026-02-09T09:31:34+00:00\",\"description\":\"Yksityinen p\u00e4iv\u00e4retki Sahl Hasheeshista Abu Simbeliin ja Assuaniin - 2 p\u00e4iv\u00e4\u00e4 yksityisell\u00e4 oppaalla, lipuilla ja lounaalla. Tutustu kuningas Ramesses II:n salaisuuksiin...\",\"breadcrumb\":{\"@id\":\"https:\/\/hurghadalovers.com\/fi\/tours\/yksityinen-paivaretki-sahl-hasheesh-abu-simbel-aswan-2-paivaa\/#breadcrumb\"},\"inLanguage\":\"fi\",\"potentialAction\":[{\"@type\":\"ReadAction\",\"target\":[\"https:\/\/hurghadalovers.com\/fi\/tours\/yksityinen-paivaretki-sahl-hasheesh-abu-simbel-aswan-2-paivaa\/\"]}]},{\"@type\":\"ImageObject\",\"inLanguage\":\"fi\",\"@id\":\"https:\/\/hurghadalovers.com\/fi\/tours\/yksityinen-paivaretki-sahl-hasheesh-abu-simbel-aswan-2-paivaa\/#primaryimage\",\"url\":\"https:\/\/hurghadalovers.com\/wp-content\/uploads\/2023\/08\/Private-Day-Trip-from-Sahl-Hasheesh-to-Abu-Simbel.jpeg\",\"contentUrl\":\"https:\/\/hurghadalovers.com\/wp-content\/uploads\/2023\/08\/Private-Day-Trip-from-Sahl-Hasheesh-to-Abu-Simbel.jpeg\",\"width\":1536,\"height\":928,\"caption\":\"Private Day Trip from Sahl Hasheesh to Abu Simbel\"},{\"@type\":\"BreadcrumbList\",\"@id\":\"https:\/\/hurghadalovers.com\/fi\/tours\/yksityinen-paivaretki-sahl-hasheesh-abu-simbel-aswan-2-paivaa\/#breadcrumb\",\"itemListElement\":[{\"@type\":\"ListItem\",\"position\":1,\"name\":\"Home\",\"item\":\"https:\/\/hurghadalovers.com\/fi\/\"},{\"@type\":\"ListItem\",\"position\":2,\"name\":\"Shop\",\"item\":\"https:\/\/hurghadalovers.com\/fi\/shop-3\/\"},{\"@type\":\"ListItem\",\"position\":3,\"name\":\"Yksityinen p\u00e4iv\u00e4retki Sahl Hasheeshista Abu Simbeliin ja Assuaniin &#8211; 2 p\u00e4iv\u00e4\u00e4\"}]},{\"@type\":\"WebSite\",\"@id\":\"https:\/\/hurghadalovers.com\/fi\/#website\",\"url\":\"https:\/\/hurghadalovers.com\/fi\/\",\"name\":\"Hurghada Excursions & Day Trips | Booking Best Prices Tours\",\"description\":\"Hurghada Lovers - Best Tour Operator - Excursions &amp; Things to do for Family Day Trips with kids and Couples Romantic. Unique .Hidden gems\",\"publisher\":{\"@id\":\"https:\/\/hurghadalovers.com\/fi\/#organization\"},\"alternateName\":\"Hurghada Excursions\",\"potentialAction\":[{\"@type\":\"SearchAction\",\"target\":{\"@type\":\"EntryPoint\",\"urlTemplate\":\"https:\/\/hurghadalovers.com\/fi\/?s={search_term_string}\"},\"query-input\":{\"@type\":\"PropertyValueSpecification\",\"valueRequired\":true,\"valueName\":\"search_term_string\"}}],\"inLanguage\":\"fi\"},{\"@type\":[\"Organization\",\"Place\",\"TravelAgency\"],\"@id\":\"https:\/\/hurghadalovers.com\/fi\/#organization\",\"name\":\"Hurghada Excursions\",\"url\":\"https:\/\/hurghadalovers.com\/fi\/\",\"logo\":{\"@id\":\"https:\/\/hurghadalovers.com\/fi\/tours\/yksityinen-paivaretki-sahl-hasheesh-abu-simbel-aswan-2-paivaa\/#local-main-organization-logo\"},\"image\":{\"@id\":\"https:\/\/hurghadalovers.com\/fi\/tours\/yksityinen-paivaretki-sahl-hasheesh-abu-simbel-aswan-2-paivaa\/#local-main-organization-logo\"},\"sameAs\":[\"https:\/\/www.facebook.com\/Hurghadaloversegypt\"],\"address\":{\"@id\":\"https:\/\/hurghadalovers.com\/fi\/tours\/yksityinen-paivaretki-sahl-hasheesh-abu-simbel-aswan-2-paivaa\/#local-main-place-address\"},\"telephone\":[\"00201112596434\"],\"contactPoint\":{\"@type\":\"ContactPoint\",\"telephone\":\"00201112596434\",\"email\":\"weyouface@gmail.com\"},\"openingHoursSpecification\":{\"@type\":\"OpeningHoursSpecification\",\"dayOfWeek\":[\"Monday\",\"Tuesday\",\"Wednesday\",\"Thursday\",\"Friday\",\"Saturday\",\"Sunday\"],\"opens\":\"00:00\",\"closes\":\"23:59\"},\"email\":\"weyouface@gmail.com\",\"areaServed\":\"Luxor, Hurghada, El Gouna, Aswan, Sharm El Sheikh, Giza, Alexandria, Marsa Alam, Quseir, Soma Bay, Sahl Hasheesh, Red Sea, Makadi Bay, Cairo\",\"priceRange\":\"$\",\"currenciesAccepted\":\"euro\",\"paymentAccepted\":\"cash on site\"},{\"@type\":\"PostalAddress\",\"@id\":\"https:\/\/hurghadalovers.com\/fi\/tours\/yksityinen-paivaretki-sahl-hasheesh-abu-simbel-aswan-2-paivaa\/#local-main-place-address\",\"streetAddress\":\"17 Banks street, Alkawther area, top nbk bank\",\"addressLocality\":\"hurghada\",\"postalCode\":\"84511\",\"addressRegion\":\"red sea\",\"addressCountry\":\"EG\"},{\"@type\":\"ImageObject\",\"inLanguage\":\"fi\",\"@id\":\"https:\/\/hurghadalovers.com\/fi\/tours\/yksityinen-paivaretki-sahl-hasheesh-abu-simbel-aswan-2-paivaa\/#local-main-organization-logo\",\"url\":\"https:\/\/hurghadalovers.com\/wp-content\/uploads\/2019\/10\/hurghada-excursions-logo.png\",\"contentUrl\":\"https:\/\/hurghadalovers.com\/wp-content\/uploads\/2019\/10\/hurghada-excursions-logo.png\",\"width\":272,\"height\":90,\"caption\":\"Hurghada Excursions\"}]}<\/script>\n<meta property=\"product:brand\" content=\"Luxor P\u00e4iv\u00e4retki Sahl Hasheesh\" \/>\n<meta property=\"product:price:amount\" content=\"350\" \/>\n<meta property=\"product:price:currency\" content=\"EUR\" \/>\n<meta property=\"og:availability\" content=\"instock\" \/>\n<meta property=\"product:availability\" content=\"instock\" \/>\n<meta property=\"product:retailer_item_id\" content=\"Sahl222024\" \/>\n<meta property=\"product:condition\" content=\"new\" \/>\n<meta name=\"geo.placename\" content=\"hurghada\" \/>\n<meta name=\"geo.region\" content=\"Egypti\" \/>\n<!-- \/ Yoast SEO Premium plugin. -->","yoast_head_json":{"title":"Yksityinen p\u00e4iv\u00e4retki Sahl Hasheeshista Abu Simbeliin ja Assuaniin","description":"Yksityinen p\u00e4iv\u00e4retki Sahl Hasheeshista Abu Simbeliin ja Assuaniin - 2 p\u00e4iv\u00e4\u00e4 yksityisell\u00e4 oppaalla, lipuilla ja lounaalla. Tutustu kuningas Ramesses II:n salaisuuksiin...","robots":{"index":"index","follow":"follow","max-snippet":"max-snippet:-1","max-image-preview":"max-image-preview:large","max-video-preview":"max-video-preview:-1"},"canonical":"https:\/\/hurghadalovers.com\/fi\/tours\/yksityinen-paivaretki-sahl-hasheesh-abu-simbel-aswan-2-paivaa\/","og_locale":"fi_FI","og_type":"article","og_title":"Yksityinen p\u00e4iv\u00e4retki Sahl Hasheeshista Abu Simbeliin ja Assuaniin - 2 p\u00e4iv\u00e4\u00e4","og_description":"Yksityinen p\u00e4iv\u00e4retki Sahl Hasheeshista Abu Simbeliin ja Assuaniin - 2 p\u00e4iv\u00e4\u00e4 yksityisell\u00e4 oppaalla, lipuilla ja lounaalla. Tutustu kuningas Ramesses II:n salaisuuksiin...","og_url":"https:\/\/hurghadalovers.com\/fi\/tours\/yksityinen-paivaretki-sahl-hasheesh-abu-simbel-aswan-2-paivaa\/","og_site_name":"Hurghada Excursions &amp; Day Trips | Booking Best Prices Tours","article_publisher":"https:\/\/www.facebook.com\/Hurghadaloversegypt","article_modified_time":"2026-02-09T09:31:34+00:00","og_image":[{"width":1536,"height":928,"url":"https:\/\/hurghadalovers.com\/wp-content\/uploads\/2023\/08\/Private-Day-Trip-from-Sahl-Hasheesh-to-Abu-Simbel.jpeg","type":"image\/jpeg"}],"twitter_card":"summary_large_image","twitter_misc":{"Hinta":"&euro;&nbsp;350","Saatavuus":"Varastossa"},"schema":{"@context":"https:\/\/schema.org","@graph":[{"@type":["WebPage","ItemPage"],"@id":"https:\/\/hurghadalovers.com\/fi\/tours\/yksityinen-paivaretki-sahl-hasheesh-abu-simbel-aswan-2-paivaa\/","url":"https:\/\/hurghadalovers.com\/fi\/tours\/yksityinen-paivaretki-sahl-hasheesh-abu-simbel-aswan-2-paivaa\/","name":"Yksityinen p\u00e4iv\u00e4retki Sahl Hasheeshista Abu Simbeliin ja Assuaniin","isPartOf":{"@id":"https:\/\/hurghadalovers.com\/fi\/#website"},"primaryImageOfPage":{"@id":"https:\/\/hurghadalovers.com\/fi\/tours\/yksityinen-paivaretki-sahl-hasheesh-abu-simbel-aswan-2-paivaa\/#primaryimage"},"image":{"@id":"https:\/\/hurghadalovers.com\/fi\/tours\/yksityinen-paivaretki-sahl-hasheesh-abu-simbel-aswan-2-paivaa\/#primaryimage"},"thumbnailUrl":"https:\/\/hurghadalovers.com\/wp-content\/uploads\/2023\/08\/Private-Day-Trip-from-Sahl-Hasheesh-to-Abu-Simbel.jpeg","datePublished":"2023-08-31T14:51:25+00:00","dateModified":"2026-02-09T09:31:34+00:00","description":"Yksityinen p\u00e4iv\u00e4retki Sahl Hasheeshista Abu Simbeliin ja Assuaniin - 2 p\u00e4iv\u00e4\u00e4 yksityisell\u00e4 oppaalla, lipuilla ja lounaalla. Tutustu kuningas Ramesses II:n salaisuuksiin...","breadcrumb":{"@id":"https:\/\/hurghadalovers.com\/fi\/tours\/yksityinen-paivaretki-sahl-hasheesh-abu-simbel-aswan-2-paivaa\/#breadcrumb"},"inLanguage":"fi","potentialAction":[{"@type":"ReadAction","target":["https:\/\/hurghadalovers.com\/fi\/tours\/yksityinen-paivaretki-sahl-hasheesh-abu-simbel-aswan-2-paivaa\/"]}]},{"@type":"ImageObject","inLanguage":"fi","@id":"https:\/\/hurghadalovers.com\/fi\/tours\/yksityinen-paivaretki-sahl-hasheesh-abu-simbel-aswan-2-paivaa\/#primaryimage","url":"https:\/\/hurghadalovers.com\/wp-content\/uploads\/2023\/08\/Private-Day-Trip-from-Sahl-Hasheesh-to-Abu-Simbel.jpeg","contentUrl":"https:\/\/hurghadalovers.com\/wp-content\/uploads\/2023\/08\/Private-Day-Trip-from-Sahl-Hasheesh-to-Abu-Simbel.jpeg","width":1536,"height":928,"caption":"Private Day Trip from Sahl Hasheesh to Abu Simbel"},{"@type":"BreadcrumbList","@id":"https:\/\/hurghadalovers.com\/fi\/tours\/yksityinen-paivaretki-sahl-hasheesh-abu-simbel-aswan-2-paivaa\/#breadcrumb","itemListElement":[{"@type":"ListItem","position":1,"name":"Home","item":"https:\/\/hurghadalovers.com\/fi\/"},{"@type":"ListItem","position":2,"name":"Shop","item":"https:\/\/hurghadalovers.com\/fi\/shop-3\/"},{"@type":"ListItem","position":3,"name":"Yksityinen p\u00e4iv\u00e4retki Sahl Hasheeshista Abu Simbeliin ja Assuaniin &#8211; 2 p\u00e4iv\u00e4\u00e4"}]},{"@type":"WebSite","@id":"https:\/\/hurghadalovers.com\/fi\/#website","url":"https:\/\/hurghadalovers.com\/fi\/","name":"Hurghada Excursions & Day Trips | Booking Best Prices Tours","description":"Hurghada Lovers - Best Tour Operator - Excursions &amp; Things to do for Family Day Trips with kids and Couples Romantic. Unique .Hidden gems","publisher":{"@id":"https:\/\/hurghadalovers.com\/fi\/#organization"},"alternateName":"Hurghada Excursions","potentialAction":[{"@type":"SearchAction","target":{"@type":"EntryPoint","urlTemplate":"https:\/\/hurghadalovers.com\/fi\/?s={search_term_string}"},"query-input":{"@type":"PropertyValueSpecification","valueRequired":true,"valueName":"search_term_string"}}],"inLanguage":"fi"},{"@type":["Organization","Place","TravelAgency"],"@id":"https:\/\/hurghadalovers.com\/fi\/#organization","name":"Hurghada Excursions","url":"https:\/\/hurghadalovers.com\/fi\/","logo":{"@id":"https:\/\/hurghadalovers.com\/fi\/tours\/yksityinen-paivaretki-sahl-hasheesh-abu-simbel-aswan-2-paivaa\/#local-main-organization-logo"},"image":{"@id":"https:\/\/hurghadalovers.com\/fi\/tours\/yksityinen-paivaretki-sahl-hasheesh-abu-simbel-aswan-2-paivaa\/#local-main-organization-logo"},"sameAs":["https:\/\/www.facebook.com\/Hurghadaloversegypt"],"address":{"@id":"https:\/\/hurghadalovers.com\/fi\/tours\/yksityinen-paivaretki-sahl-hasheesh-abu-simbel-aswan-2-paivaa\/#local-main-place-address"},"telephone":["00201112596434"],"contactPoint":{"@type":"ContactPoint","telephone":"00201112596434","email":"weyouface@gmail.com"},"openingHoursSpecification":{"@type":"OpeningHoursSpecification","dayOfWeek":["Monday","Tuesday","Wednesday","Thursday","Friday","Saturday","Sunday"],"opens":"00:00","closes":"23:59"},"email":"weyouface@gmail.com","areaServed":"Luxor, Hurghada, El Gouna, Aswan, Sharm El Sheikh, Giza, Alexandria, Marsa Alam, Quseir, Soma Bay, Sahl Hasheesh, Red Sea, Makadi Bay, Cairo","priceRange":"$","currenciesAccepted":"euro","paymentAccepted":"cash on site"},{"@type":"PostalAddress","@id":"https:\/\/hurghadalovers.com\/fi\/tours\/yksityinen-paivaretki-sahl-hasheesh-abu-simbel-aswan-2-paivaa\/#local-main-place-address","streetAddress":"17 Banks street, Alkawther area, top nbk bank","addressLocality":"hurghada","postalCode":"84511","addressRegion":"red sea","addressCountry":"EG"},{"@type":"ImageObject","inLanguage":"fi","@id":"https:\/\/hurghadalovers.com\/fi\/tours\/yksityinen-paivaretki-sahl-hasheesh-abu-simbel-aswan-2-paivaa\/#local-main-organization-logo","url":"https:\/\/hurghadalovers.com\/wp-content\/uploads\/2019\/10\/hurghada-excursions-logo.png","contentUrl":"https:\/\/hurghadalovers.com\/wp-content\/uploads\/2019\/10\/hurghada-excursions-logo.png","width":272,"height":90,"caption":"Hurghada Excursions"}]},"product_brand":"Luxor P\u00e4iv\u00e4retki Sahl Hasheesh","product_price_amount":"350","product_price_currency":"EUR","og_availability":"instock","product_availability":"instock","product_retailer_item_id":"Sahl222024","product_condition":"new","geo.placename":"hurghada","geo.region":"Egypti"},"_links":{"self":[{"href":"https:\/\/hurghadalovers.com\/fi\/wp-json\/wp\/v2\/product\/391054","targetHints":{"allow":["GET"]}}],"collection":[{"href":"https:\/\/hurghadalovers.com\/fi\/wp-json\/wp\/v2\/product"}],"about":[{"href":"https:\/\/hurghadalovers.com\/fi\/wp-json\/wp\/v2\/types\/product"}],"wp:featuredmedia":[{"embeddable":true,"href":"https:\/\/hurghadalovers.com\/fi\/wp-json\/wp\/v2\/media\/390922"}],"wp:attachment":[{"href":"https:\/\/hurghadalovers.com\/fi\/wp-json\/wp\/v2\/media?parent=391054"}],"wp:term":[{"taxonomy":"product_brand","embeddable":true,"href":"https:\/\/hurghadalovers.com\/fi\/wp-json\/wp\/v2\/product_brand?post=391054"},{"taxonomy":"product_cat","embeddable":true,"href":"https:\/\/hurghadalovers.com\/fi\/wp-json\/wp\/v2\/product_cat?post=391054"},{"taxonomy":"product_tag","embeddable":true,"href":"https:\/\/hurghadalovers.com\/fi\/wp-json\/wp\/v2\/product_tag?post=391054"}],"curies":[{"name":"wp","href":"https:\/\/api.w.org\/{rel}","templated":true}]}}