{"id":386463,"date":"2023-08-29T15:37:46","date_gmt":"2023-08-29T15:38:23","guid":{"rendered":"https:\/\/hurghadalovers.com\/shop\/Ei-luokiteltu\/yksityinen-kairon-kiertomatka-makadi-baysta-gizan-pyramideille-sfinksille-saqqaraan-ja-dahshuriin\/"},"modified":"2026-02-08T07:12:55","modified_gmt":"2026-02-08T07:12:55","slug":"yksityinen-kairo-retki-makadi-lahdelta","status":"publish","type":"product","link":"https:\/\/hurghadalovers.com\/fi\/tours\/yksityinen-kairo-retki-makadi-lahdelta\/","title":{"rendered":"Yksityinen Kairon kiertomatka Makadi Baysta Gizan pyramideille, Sfinksille, Saqqaraan ja Dahshuriin"},"content":{"rendered":"<p><strong>Yksityinen Kairon kiertomatka <\/strong><strong>Makadi Baysta<\/strong> Gizan pyramideille, Sfinksille, Saqqaraan ja Dahshuriin yksityisoppaalla, lipuilla ja lounaalla.<\/p>\n<p>Tutustu muinaisen Egyptin sivilisaation historiaan, nelj\u00e4nnen dynastian faaraoiden salaisuuksiin ja siihen, miten pyramidit rakennettiin ainutlaatuisella ja nautinnollisella p\u00e4iv\u00e4retkell\u00e4 ja muilla kanssamme.<\/p>\n<p>&nbsp;<\/p>\n<p><strong>Kohokohdat:<\/strong><\/p>\n<ul>\n<li>Vieraile Gizan pyramideilla.<\/li>\n<li>Vieraile Suurella sfinkksill\u00e4.<\/li>\n<li>Vieraile Saqqarassa.<\/li>\n<li>Vieraile Dahshurissa.<\/li>\n<li>Lounas ravintolassa.<\/li>\n<\/ul>\n<p><strong>Yksityiskohdat:<\/strong><\/p>\n<ul>\n<li>Kiertueen saatavuus: Joka p\u00e4iv\u00e4.<\/li>\n<li>Kiertueen tyyppi: Yksityinen henkil\u00f6autolla tai tila-autolla.<\/li>\n<li>Noutoaika: Alkaa klo 01:00.<\/li>\n<li>Pyyt\u00e4m\u00e4ll\u00e4 Hotel saada aamiaispussi kanssasi Aamulla.<\/li>\n<li>Noutoaika: 22:30.<\/li>\n<li>Py\u00f6r\u00e4tuolilla p\u00e4\u00e4see.<\/li>\n<li>Kesto: 22 tuntia<\/li>\n<\/ul>\n<p><strong>Varaa nyt ja maksa my\u00f6hemmin:<\/strong><\/p>\n<ul>\n<li>K\u00e4teist\u00e4 paikan p\u00e4\u00e4ll\u00e4 oppaalle.<\/li>\n<li>Maksu Egyptin puntina, $, \u20ac tai \u00a3.<\/li>\n<\/ul>\n<p><strong>Peruutusehdot:<\/strong><\/p>\n<ul>\n<li>peruutus enint\u00e4\u00e4n 24 tuntia etuk\u00e4teen.<\/li>\n<li>Kun joku perheest\u00e4si peruuttaa aamup\u00e4iv\u00e4n, maksat 50 % kustannuksista.<\/li>\n<\/ul>\n<p><strong>Mik\u00e4 on yksityinen Kairon kiertoajelu alkaen <\/strong><strong>Makadi Bay<\/strong> <strong>Sis\u00e4lt\u00e4\u00e4?<\/strong><\/p>\n<ul>\n<li>Kuljetus Makadi Bayn hotelleista &#8221;Hotel pick up and drop off&#8221;.<\/li>\n<li>Kaikki verot, sis\u00e4\u00e4np\u00e4\u00e4symaksut ja k\u00e4sittelymaksut.<\/li>\n<li>Matkaopas.<\/li>\n<li>Lounas ravintolassa.<\/li>\n<\/ul>\n<p><strong>Poikkeukset?<\/strong><\/p>\n<ul>\n<li>Juomarahat.<\/li>\n<li>Juomat.<\/li>\n<li>Feluccaretki &#8221;Boat cruise&#8221; 35 min= 10$.<\/li>\n<li>Hevosvaunut pyramidien alueella.<\/li>\n<li>Lippu Khufun suureen pyramidiin.<\/li>\n<li>Mahdolliset mainitsemattomat lis\u00e4maksut.<\/li>\n<\/ul>\n<p><strong>Hinnat:<\/strong><\/p>\n<ul>\n<li><strong>Aikuisten hinta = alkaen 160$ per henkil\u00f6<\/strong>.<\/li>\n<li>Hinta lapsille &#8221;5-12&#8221; = 50 %.<\/li>\n<li>lapsille &#8221;0-5\u2033= Ilmainen.<\/li>\n<\/ul>\n<p><strong>Arvostelut:<\/strong><\/p>\n<p>tarkista Google Map Arvostelut paras <a href=\"https:\/\/g.page\/r\/CUeYvkngP3wkEBM\/review\">matkanj\u00e4rjest\u00e4j\u00e4 Hurghada<\/a> verkossa <a href=\"https:\/\/hurghadalovers.com\/\">Hurghada<\/a> Egyptiss\u00e4.<\/p>\n<p><strong>Varaukset:<\/strong><\/p>\n<p>L\u00e4het\u00e4 hotelli + huoneen numero + valokuvapassit WhatsAppiin: <strong>+201112596434<\/strong><\/p>\n<p>Jos olet pois Egyptin Varaus nyt verkossa ja vahvistaa, kun saapuminen Hotel.<\/p>\n<p>&nbsp;<\/p>\n<p>&nbsp;<\/p>\n","protected":false},"excerpt":{"rendered":"<p><strong>Yksityinen Kairon kiertomatka <\/strong><strong>Makadi Baysta<\/strong> Gizan pyramideille, Sfinksille, Saqqaraan ja Dahshuriin yksityisoppaalla, lipuilla ja lounaalla. Tutustu muinaisen Egyptin sivilisaation historiaan&#8230;<\/p>\n<p>&nbsp;<\/p>\n","protected":false},"featured_media":995425,"template":"","meta":{"_joinchat":[]},"product_brand":[],"product_cat":[36656],"product_tag":[],"class_list":{"0":"post-386463","1":"product","2":"type-product","3":"status-publish","4":"has-post-thumbnail","6":"product_cat-kierrokset","7":"tour_category-makadin-lahdesta-pyramideille-tours","8":"tour_category-makadin-lahti-retket","10":"first","11":"instock","12":"sale","13":"shipping-taxable","14":"purchasable","15":"product-type-tour"},"yoast_head":"<!-- This site is optimized with the Yoast SEO Premium plugin v26.9 (Yoast SEO v27.2) - https:\/\/yoast.com\/product\/yoast-seo-premium-wordpress\/ -->\n<title>Yksityinen Kairon kiertomatka Makadi Bayst\u00e4 Gizan pyramideille, Saqqaraan ja Saqqaraan.<\/title>\n<meta name=\"description\" content=\"Yksityinen Kairon kiertomatka Makadi Baysta Gizan pyramideille, Sfinksille, Saqqaraan ja Dahshuriin yksityisoppaalla, lipuilla ja lounaalla.\" \/>\n<meta name=\"robots\" content=\"index, follow, max-snippet:-1, max-image-preview:large, max-video-preview:-1\" \/>\n<link rel=\"canonical\" href=\"https:\/\/hurghadalovers.com\/fi\/tours\/yksityinen-kairo-retki-makadi-lahdelta\/\" \/>\n<meta property=\"og:locale\" content=\"fi_FI\" \/>\n<meta property=\"og:type\" content=\"article\" \/>\n<meta property=\"og:title\" content=\"Yksityinen Kairon kiertomatka Makadi Baysta Gizan pyramideille, Sfinksille, Saqqaraan ja Dahshuriin\" \/>\n<meta property=\"og:description\" content=\"Yksityinen Kairon kiertomatka Makadi Baysta Gizan pyramideille, Sfinksille, Saqqaraan ja Dahshuriin yksityisoppaalla, lipuilla ja lounaalla.\" \/>\n<meta property=\"og:url\" content=\"https:\/\/hurghadalovers.com\/fi\/tours\/yksityinen-kairo-retki-makadi-lahdelta\/\" \/>\n<meta property=\"og:site_name\" content=\"Hurghada Excursions &amp; Day Trips | Booking Best Prices Tours\" \/>\n<meta property=\"article:publisher\" content=\"https:\/\/www.facebook.com\/Hurghadaloversegypt\" \/>\n<meta property=\"article:modified_time\" content=\"2026-02-08T07:12:55+00:00\" \/>\n<meta property=\"og:image\" content=\"https:\/\/hurghadalovers.com\/wp-content\/uploads\/2023\/08\/Makadi-bay-Private-Day-Trip-to-Pyramids-and-Sakkara-Memphis-2025.jpeg\" \/>\n\t<meta property=\"og:image:width\" content=\"1600\" \/>\n\t<meta property=\"og:image:height\" content=\"1200\" \/>\n\t<meta property=\"og:image:type\" content=\"image\/jpeg\" \/>\n<meta name=\"twitter:card\" content=\"summary_large_image\" \/>\n<meta name=\"twitter:label1\" content=\"Hinta\" \/>\n\t<meta name=\"twitter:data1\" content=\"&euro;&nbsp;170\" \/>\n\t<meta name=\"twitter:label2\" content=\"Saatavuus\" \/>\n\t<meta name=\"twitter:data2\" content=\"Varastossa\" \/>\n<script type=\"application\/ld+json\" class=\"yoast-schema-graph\">{\"@context\":\"https:\/\/schema.org\",\"@graph\":[{\"@type\":[\"WebPage\",\"ItemPage\"],\"@id\":\"https:\/\/hurghadalovers.com\/fi\/tours\/yksityinen-kairo-retki-makadi-lahdelta\/\",\"url\":\"https:\/\/hurghadalovers.com\/fi\/tours\/yksityinen-kairo-retki-makadi-lahdelta\/\",\"name\":\"Yksityinen Kairon kiertomatka Makadi Bayst\u00e4 Gizan pyramideille, Saqqaraan ja Saqqaraan.\",\"isPartOf\":{\"@id\":\"https:\/\/hurghadalovers.com\/fi\/#website\"},\"primaryImageOfPage\":{\"@id\":\"https:\/\/hurghadalovers.com\/fi\/tours\/yksityinen-kairo-retki-makadi-lahdelta\/#primaryimage\"},\"image\":{\"@id\":\"https:\/\/hurghadalovers.com\/fi\/tours\/yksityinen-kairo-retki-makadi-lahdelta\/#primaryimage\"},\"thumbnailUrl\":\"https:\/\/hurghadalovers.com\/wp-content\/uploads\/2023\/08\/Makadi-bay-Private-Day-Trip-to-Pyramids-and-Sakkara-Memphis-2025.jpeg\",\"datePublished\":\"2023-08-29T15:38:23+00:00\",\"dateModified\":\"2026-02-08T07:12:55+00:00\",\"description\":\"Yksityinen Kairon kiertomatka Makadi Baysta Gizan pyramideille, Sfinksille, Saqqaraan ja Dahshuriin yksityisoppaalla, lipuilla ja lounaalla.\",\"breadcrumb\":{\"@id\":\"https:\/\/hurghadalovers.com\/fi\/tours\/yksityinen-kairo-retki-makadi-lahdelta\/#breadcrumb\"},\"inLanguage\":\"fi\",\"potentialAction\":[{\"@type\":\"ReadAction\",\"target\":[\"https:\/\/hurghadalovers.com\/fi\/tours\/yksityinen-kairo-retki-makadi-lahdelta\/\"]}]},{\"@type\":\"ImageObject\",\"inLanguage\":\"fi\",\"@id\":\"https:\/\/hurghadalovers.com\/fi\/tours\/yksityinen-kairo-retki-makadi-lahdelta\/#primaryimage\",\"url\":\"https:\/\/hurghadalovers.com\/wp-content\/uploads\/2023\/08\/Makadi-bay-Private-Day-Trip-to-Pyramids-and-Sakkara-Memphis-2025.jpeg\",\"contentUrl\":\"https:\/\/hurghadalovers.com\/wp-content\/uploads\/2023\/08\/Makadi-bay-Private-Day-Trip-to-Pyramids-and-Sakkara-Memphis-2025.jpeg\",\"width\":1600,\"height\":1200,\"caption\":\"Makadi bay Private Day Trip to Pyramids and Sakkara, Memphis 2025\"},{\"@type\":\"BreadcrumbList\",\"@id\":\"https:\/\/hurghadalovers.com\/fi\/tours\/yksityinen-kairo-retki-makadi-lahdelta\/#breadcrumb\",\"itemListElement\":[{\"@type\":\"ListItem\",\"position\":1,\"name\":\"Home\",\"item\":\"https:\/\/hurghadalovers.com\/fi\/\"},{\"@type\":\"ListItem\",\"position\":2,\"name\":\"Shop\",\"item\":\"https:\/\/hurghadalovers.com\/fi\/shop-3\/\"},{\"@type\":\"ListItem\",\"position\":3,\"name\":\"Yksityinen Kairon kiertomatka Makadi Baysta Gizan pyramideille, Sfinksille, Saqqaraan ja Dahshuriin\"}]},{\"@type\":\"WebSite\",\"@id\":\"https:\/\/hurghadalovers.com\/fi\/#website\",\"url\":\"https:\/\/hurghadalovers.com\/fi\/\",\"name\":\"Hurghada Excursions & Day Trips | Booking Best Prices Tours\",\"description\":\"Hurghada Lovers - Best Tour Operator - Excursions &amp; Things to do for Family Day Trips with kids and Couples Romantic. Unique .Hidden gems\",\"publisher\":{\"@id\":\"https:\/\/hurghadalovers.com\/fi\/#organization\"},\"alternateName\":\"Hurghada Excursions\",\"potentialAction\":[{\"@type\":\"SearchAction\",\"target\":{\"@type\":\"EntryPoint\",\"urlTemplate\":\"https:\/\/hurghadalovers.com\/fi\/?s={search_term_string}\"},\"query-input\":{\"@type\":\"PropertyValueSpecification\",\"valueRequired\":true,\"valueName\":\"search_term_string\"}}],\"inLanguage\":\"fi\"},{\"@type\":[\"Organization\",\"Place\",\"TravelAgency\"],\"@id\":\"https:\/\/hurghadalovers.com\/fi\/#organization\",\"name\":\"Hurghada Excursions\",\"url\":\"https:\/\/hurghadalovers.com\/fi\/\",\"logo\":{\"@id\":\"https:\/\/hurghadalovers.com\/fi\/tours\/yksityinen-kairo-retki-makadi-lahdelta\/#local-main-organization-logo\"},\"image\":{\"@id\":\"https:\/\/hurghadalovers.com\/fi\/tours\/yksityinen-kairo-retki-makadi-lahdelta\/#local-main-organization-logo\"},\"sameAs\":[\"https:\/\/www.facebook.com\/Hurghadaloversegypt\"],\"address\":{\"@id\":\"https:\/\/hurghadalovers.com\/fi\/tours\/yksityinen-kairo-retki-makadi-lahdelta\/#local-main-place-address\"},\"telephone\":[\"00201112596434\"],\"contactPoint\":{\"@type\":\"ContactPoint\",\"telephone\":\"00201112596434\",\"email\":\"weyouface@gmail.com\"},\"openingHoursSpecification\":{\"@type\":\"OpeningHoursSpecification\",\"dayOfWeek\":[\"Monday\",\"Tuesday\",\"Wednesday\",\"Thursday\",\"Friday\",\"Saturday\",\"Sunday\"],\"opens\":\"00:00\",\"closes\":\"23:59\"},\"email\":\"weyouface@gmail.com\",\"areaServed\":\"Luxor, Hurghada, El Gouna, Aswan, Sharm El Sheikh, Giza, Alexandria, Marsa Alam, Quseir, Soma Bay, Sahl Hasheesh, Red Sea, Makadi Bay, Cairo\",\"priceRange\":\"$\",\"currenciesAccepted\":\"euro\",\"paymentAccepted\":\"cash on site\"},{\"@type\":\"PostalAddress\",\"@id\":\"https:\/\/hurghadalovers.com\/fi\/tours\/yksityinen-kairo-retki-makadi-lahdelta\/#local-main-place-address\",\"streetAddress\":\"17 Banks street, Alkawther area, top nbk bank\",\"addressLocality\":\"hurghada\",\"postalCode\":\"84511\",\"addressRegion\":\"red sea\",\"addressCountry\":\"EG\"},{\"@type\":\"ImageObject\",\"inLanguage\":\"fi\",\"@id\":\"https:\/\/hurghadalovers.com\/fi\/tours\/yksityinen-kairo-retki-makadi-lahdelta\/#local-main-organization-logo\",\"url\":\"https:\/\/hurghadalovers.com\/wp-content\/uploads\/2019\/10\/hurghada-excursions-logo.png\",\"contentUrl\":\"https:\/\/hurghadalovers.com\/wp-content\/uploads\/2019\/10\/hurghada-excursions-logo.png\",\"width\":272,\"height\":90,\"caption\":\"Hurghada Excursions\"}]}<\/script>\n<meta property=\"product:brand\" content=\"Kairon p\u00e4iv\u00e4retki Makadi Bay\" \/>\n<meta property=\"product:price:amount\" content=\"170\" \/>\n<meta property=\"product:price:currency\" content=\"EUR\" \/>\n<meta property=\"og:availability\" content=\"instock\" \/>\n<meta property=\"product:availability\" content=\"instock\" \/>\n<meta property=\"product:retailer_item_id\" content=\"MakadiBay012024\" \/>\n<meta property=\"product:condition\" content=\"new\" \/>\n<meta name=\"geo.placename\" content=\"hurghada\" \/>\n<meta name=\"geo.region\" content=\"Egypti\" \/>\n<!-- \/ Yoast SEO Premium plugin. -->","yoast_head_json":{"title":"Yksityinen Kairon kiertomatka Makadi Bayst\u00e4 Gizan pyramideille, Saqqaraan ja Saqqaraan.","description":"Yksityinen Kairon kiertomatka Makadi Baysta Gizan pyramideille, Sfinksille, Saqqaraan ja Dahshuriin yksityisoppaalla, lipuilla ja lounaalla.","robots":{"index":"index","follow":"follow","max-snippet":"max-snippet:-1","max-image-preview":"max-image-preview:large","max-video-preview":"max-video-preview:-1"},"canonical":"https:\/\/hurghadalovers.com\/fi\/tours\/yksityinen-kairo-retki-makadi-lahdelta\/","og_locale":"fi_FI","og_type":"article","og_title":"Yksityinen Kairon kiertomatka Makadi Baysta Gizan pyramideille, Sfinksille, Saqqaraan ja Dahshuriin","og_description":"Yksityinen Kairon kiertomatka Makadi Baysta Gizan pyramideille, Sfinksille, Saqqaraan ja Dahshuriin yksityisoppaalla, lipuilla ja lounaalla.","og_url":"https:\/\/hurghadalovers.com\/fi\/tours\/yksityinen-kairo-retki-makadi-lahdelta\/","og_site_name":"Hurghada Excursions &amp; Day Trips | Booking Best Prices Tours","article_publisher":"https:\/\/www.facebook.com\/Hurghadaloversegypt","article_modified_time":"2026-02-08T07:12:55+00:00","og_image":[{"width":1600,"height":1200,"url":"https:\/\/hurghadalovers.com\/wp-content\/uploads\/2023\/08\/Makadi-bay-Private-Day-Trip-to-Pyramids-and-Sakkara-Memphis-2025.jpeg","type":"image\/jpeg"}],"twitter_card":"summary_large_image","twitter_misc":{"Hinta":"&euro;&nbsp;170","Saatavuus":"Varastossa"},"schema":{"@context":"https:\/\/schema.org","@graph":[{"@type":["WebPage","ItemPage"],"@id":"https:\/\/hurghadalovers.com\/fi\/tours\/yksityinen-kairo-retki-makadi-lahdelta\/","url":"https:\/\/hurghadalovers.com\/fi\/tours\/yksityinen-kairo-retki-makadi-lahdelta\/","name":"Yksityinen Kairon kiertomatka Makadi Bayst\u00e4 Gizan pyramideille, Saqqaraan ja Saqqaraan.","isPartOf":{"@id":"https:\/\/hurghadalovers.com\/fi\/#website"},"primaryImageOfPage":{"@id":"https:\/\/hurghadalovers.com\/fi\/tours\/yksityinen-kairo-retki-makadi-lahdelta\/#primaryimage"},"image":{"@id":"https:\/\/hurghadalovers.com\/fi\/tours\/yksityinen-kairo-retki-makadi-lahdelta\/#primaryimage"},"thumbnailUrl":"https:\/\/hurghadalovers.com\/wp-content\/uploads\/2023\/08\/Makadi-bay-Private-Day-Trip-to-Pyramids-and-Sakkara-Memphis-2025.jpeg","datePublished":"2023-08-29T15:38:23+00:00","dateModified":"2026-02-08T07:12:55+00:00","description":"Yksityinen Kairon kiertomatka Makadi Baysta Gizan pyramideille, Sfinksille, Saqqaraan ja Dahshuriin yksityisoppaalla, lipuilla ja lounaalla.","breadcrumb":{"@id":"https:\/\/hurghadalovers.com\/fi\/tours\/yksityinen-kairo-retki-makadi-lahdelta\/#breadcrumb"},"inLanguage":"fi","potentialAction":[{"@type":"ReadAction","target":["https:\/\/hurghadalovers.com\/fi\/tours\/yksityinen-kairo-retki-makadi-lahdelta\/"]}]},{"@type":"ImageObject","inLanguage":"fi","@id":"https:\/\/hurghadalovers.com\/fi\/tours\/yksityinen-kairo-retki-makadi-lahdelta\/#primaryimage","url":"https:\/\/hurghadalovers.com\/wp-content\/uploads\/2023\/08\/Makadi-bay-Private-Day-Trip-to-Pyramids-and-Sakkara-Memphis-2025.jpeg","contentUrl":"https:\/\/hurghadalovers.com\/wp-content\/uploads\/2023\/08\/Makadi-bay-Private-Day-Trip-to-Pyramids-and-Sakkara-Memphis-2025.jpeg","width":1600,"height":1200,"caption":"Makadi bay Private Day Trip to Pyramids and Sakkara, Memphis 2025"},{"@type":"BreadcrumbList","@id":"https:\/\/hurghadalovers.com\/fi\/tours\/yksityinen-kairo-retki-makadi-lahdelta\/#breadcrumb","itemListElement":[{"@type":"ListItem","position":1,"name":"Home","item":"https:\/\/hurghadalovers.com\/fi\/"},{"@type":"ListItem","position":2,"name":"Shop","item":"https:\/\/hurghadalovers.com\/fi\/shop-3\/"},{"@type":"ListItem","position":3,"name":"Yksityinen Kairon kiertomatka Makadi Baysta Gizan pyramideille, Sfinksille, Saqqaraan ja Dahshuriin"}]},{"@type":"WebSite","@id":"https:\/\/hurghadalovers.com\/fi\/#website","url":"https:\/\/hurghadalovers.com\/fi\/","name":"Hurghada Excursions & Day Trips | Booking Best Prices Tours","description":"Hurghada Lovers - Best Tour Operator - Excursions &amp; Things to do for Family Day Trips with kids and Couples Romantic. Unique .Hidden gems","publisher":{"@id":"https:\/\/hurghadalovers.com\/fi\/#organization"},"alternateName":"Hurghada Excursions","potentialAction":[{"@type":"SearchAction","target":{"@type":"EntryPoint","urlTemplate":"https:\/\/hurghadalovers.com\/fi\/?s={search_term_string}"},"query-input":{"@type":"PropertyValueSpecification","valueRequired":true,"valueName":"search_term_string"}}],"inLanguage":"fi"},{"@type":["Organization","Place","TravelAgency"],"@id":"https:\/\/hurghadalovers.com\/fi\/#organization","name":"Hurghada Excursions","url":"https:\/\/hurghadalovers.com\/fi\/","logo":{"@id":"https:\/\/hurghadalovers.com\/fi\/tours\/yksityinen-kairo-retki-makadi-lahdelta\/#local-main-organization-logo"},"image":{"@id":"https:\/\/hurghadalovers.com\/fi\/tours\/yksityinen-kairo-retki-makadi-lahdelta\/#local-main-organization-logo"},"sameAs":["https:\/\/www.facebook.com\/Hurghadaloversegypt"],"address":{"@id":"https:\/\/hurghadalovers.com\/fi\/tours\/yksityinen-kairo-retki-makadi-lahdelta\/#local-main-place-address"},"telephone":["00201112596434"],"contactPoint":{"@type":"ContactPoint","telephone":"00201112596434","email":"weyouface@gmail.com"},"openingHoursSpecification":{"@type":"OpeningHoursSpecification","dayOfWeek":["Monday","Tuesday","Wednesday","Thursday","Friday","Saturday","Sunday"],"opens":"00:00","closes":"23:59"},"email":"weyouface@gmail.com","areaServed":"Luxor, Hurghada, El Gouna, Aswan, Sharm El Sheikh, Giza, Alexandria, Marsa Alam, Quseir, Soma Bay, Sahl Hasheesh, Red Sea, Makadi Bay, Cairo","priceRange":"$","currenciesAccepted":"euro","paymentAccepted":"cash on site"},{"@type":"PostalAddress","@id":"https:\/\/hurghadalovers.com\/fi\/tours\/yksityinen-kairo-retki-makadi-lahdelta\/#local-main-place-address","streetAddress":"17 Banks street, Alkawther area, top nbk bank","addressLocality":"hurghada","postalCode":"84511","addressRegion":"red sea","addressCountry":"EG"},{"@type":"ImageObject","inLanguage":"fi","@id":"https:\/\/hurghadalovers.com\/fi\/tours\/yksityinen-kairo-retki-makadi-lahdelta\/#local-main-organization-logo","url":"https:\/\/hurghadalovers.com\/wp-content\/uploads\/2019\/10\/hurghada-excursions-logo.png","contentUrl":"https:\/\/hurghadalovers.com\/wp-content\/uploads\/2019\/10\/hurghada-excursions-logo.png","width":272,"height":90,"caption":"Hurghada Excursions"}]},"product_brand":"Kairon p\u00e4iv\u00e4retki Makadi Bay","product_price_amount":"170","product_price_currency":"EUR","og_availability":"instock","product_availability":"instock","product_retailer_item_id":"MakadiBay012024","product_condition":"new","geo.placename":"hurghada","geo.region":"Egypti"},"_links":{"self":[{"href":"https:\/\/hurghadalovers.com\/fi\/wp-json\/wp\/v2\/product\/386463","targetHints":{"allow":["GET"]}}],"collection":[{"href":"https:\/\/hurghadalovers.com\/fi\/wp-json\/wp\/v2\/product"}],"about":[{"href":"https:\/\/hurghadalovers.com\/fi\/wp-json\/wp\/v2\/types\/product"}],"wp:featuredmedia":[{"embeddable":true,"href":"https:\/\/hurghadalovers.com\/fi\/wp-json\/wp\/v2\/media\/995425"}],"wp:attachment":[{"href":"https:\/\/hurghadalovers.com\/fi\/wp-json\/wp\/v2\/media?parent=386463"}],"wp:term":[{"taxonomy":"product_brand","embeddable":true,"href":"https:\/\/hurghadalovers.com\/fi\/wp-json\/wp\/v2\/product_brand?post=386463"},{"taxonomy":"product_cat","embeddable":true,"href":"https:\/\/hurghadalovers.com\/fi\/wp-json\/wp\/v2\/product_cat?post=386463"},{"taxonomy":"product_tag","embeddable":true,"href":"https:\/\/hurghadalovers.com\/fi\/wp-json\/wp\/v2\/product_tag?post=386463"}],"curies":[{"name":"wp","href":"https:\/\/api.w.org\/{rel}","templated":true}]}}